{"id":14679,"date":"2023-03-07T08:08:46","date_gmt":"2023-03-07T08:08:46","guid":{"rendered":"https:\/\/alfawood.gr\/product\/055-oak-noble-matt-lacquered\/"},"modified":"2023-04-07T07:24:43","modified_gmt":"2023-04-07T07:24:43","slug":"055-oak-noble-matt-lacquered","status":"publish","type":"product","link":"https:\/\/alfawood.gr\/fr\/product\/055-oak-noble-matt-lacquered\/","title":{"rendered":"055 Ch\u00eane Noble Laqu\u00e9 Mat"},"content":{"rendered":"<p>N\u2019importe quel sol peut \u00eatre un investissement car il ajoute une sensation naturelle ainsi que de la chaleur et du luxe.<\/p>\n<p class=\"translation-block\"><a href=\"\/fr\/progialismeno-patoma\" target=\"_blank\" rel=\"noopener\">Les sols pr\u00e9-polis<\/a> repr\u00e9sentent l&#039;avenir et constituent une excellente alternative aux sols massifs\u00a0: ils offrent un plus large choix de dimensions, sont durables, peuvent \u00eatre moins chers et il est tr\u00e8s difficile de faire la distinction entre les deux une fois install\u00e9s.<\/p>\n<p>Le sol Poli est fabriqu\u00e9 de mani\u00e8re \u00e0 offrir une meilleure stabilit\u00e9 et r\u00e9sistance aux changements de temp\u00e9rature et d\u2019humidit\u00e9. Ce qui est int\u00e9ressant, c&#039;est qu&#039;il ressemble \u00e0 un parquet en bois massif dans la mesure o\u00f9 la couche sup\u00e9rieure est en bois v\u00e9ritable et massif, mais comporte ensuite une base en panneau (contreplaqu\u00e9) en dessous. La couche sup\u00e9rieure de bois dur est perpendiculaire \u00e0 la base du panneau (contreplaqu\u00e9), ce qui cr\u00e9e la r\u00e9sistance et la stabilit\u00e9 du sol, lui permettant de r\u00e9agir aux changements de temp\u00e9rature et d&#039;humidit\u00e9, ce qui signifie qu&#039;il peut \u00e9galement \u00eatre utilis\u00e9 avec un chauffage par le sol.<\/p>\n<p>&nbsp;<\/p>","protected":false},"excerpt":{"rendered":"<p>Ajoutez plus de confort \u00e0 votre espace priv\u00e9 ou professionnel en choisissant le sol confortable et chaleureux 055 Ch\u00eane Noble Laqu\u00e9 Mat. La finition brun mat du ch\u00eane Noble conf\u00e8re une touche sophistiqu\u00e9e \u00e0 n&#039;importe quelle pi\u00e8ce.<\/p>\n<p>Dimensions\u00a0: 1800 mm x 160 mm x 13,5 mm, 1 bande<\/p>","protected":false},"featured_media":14681,"template":"","meta":{"_acf_changed":false,"inline_featured_image":false,"cybocfi_hide_featured_image":""},"product_brand":[],"product_cat":[88,180,97],"product_tag":[],"class_list":{"0":"post-14679","1":"product","2":"type-product","3":"status-publish","4":"has-post-thumbnail","6":"product_cat-dapeda","7":"product_cat-esoterikou-xorou","8":"product_cat-progualismena","10":"first","11":"instock","12":"product-type-simple"},"acf":[],"yoast_head":"<!-- This site is optimized with the Yoast SEO Premium plugin v27.3 (Yoast SEO v27.3) - https:\/\/yoast.com\/product\/yoast-seo-premium-wordpress\/ -->\n<title>055 Oak Noble Matt Lacquered - \u0395\u03c0\u03b9\u03c6\u03ac\u03bd\u03b5\u03b9\u03b5\u03c2 \u039c\u03b5\u03bb\u03b1\u03bc\u03af\u03bd\u03b7\u03c2 MDF \u039c\u03bf\u03c1\u03b9\u03bf\u03c3\u03b1\u03bd\u03af\u03b4\u03b1 \u03a0\u03ac\u03b3\u03ba\u03bf\u03b9 \u0394\u03ac\u03c0\u03b5\u03b4\u03b1 \u03a0\u03cc\u03c1\u03c4\u03b5\u03c2<\/title>\n<meta name=\"robots\" content=\"index, follow, max-snippet:-1, max-image-preview:large, max-video-preview:-1\" \/>\n<link rel=\"canonical\" href=\"https:\/\/alfawood.gr\/fr\/product\/055-oak-noble-matt-lacquered\" \/>\n<meta property=\"og:locale\" content=\"fr_FR\" \/>\n<meta property=\"og:type\" content=\"article\" \/>\n<meta property=\"og:title\" content=\"055 Oak Noble Matt Lacquered\" \/>\n<meta property=\"og:description\" content=\"\u03a0\u03c1\u03bf\u03c3\u03b8\u03ad\u03c3\u03c4\u03b5 \u03c0\u03b5\u03c1\u03b9\u03c3\u03c3\u03cc\u03c4\u03b5\u03c1\u03b7 \u03ac\u03bd\u03b5\u03c3\u03b7 \u03c3\u03c4\u03bf\u03bd \u03b9\u03b4\u03b9\u03c9\u03c4\u03b9\u03ba\u03cc \u03ae \u03b5\u03c0\u03b1\u03b3\u03b3\u03b5\u03bb\u03bc\u03b1\u03c4\u03b9\u03ba\u03cc \u03c3\u03b1\u03c2 \u03c7\u03ce\u03c1\u03bf \u03bc\u03b5 \u03c4\u03b7\u03bd \u03b5\u03c0\u03b9\u03bb\u03bf\u03b3\u03ae \u03c4\u03bf\u03c5 \u03ac\u03bd\u03b5\u03c4\u03bf\u03c5 \u03ba\u03b1\u03b9 \u03b6\u03b5\u03c3\u03c4\u03bf\u03cd \u03b4\u03b1\u03c0\u03ad\u03b4\u03bf\u03c5 055 Oak Noble Matt Lacquered. \u03a4\u03bf \u03bc\u03b1\u03c4 \u03ba\u03b1\u03c6\u03ad \u03c6\u03b9\u03bd\u03af\u03c1\u03b9\u03c3\u03bc\u03b1 \u03c4\u03bf\u03c5 \u03b4\u03c1\u03cd\u03b9\u03bd\u03bf\u03c5 Noble \u03c0\u03c1\u03bf\u03c3\u03b4\u03af\u03b4\u03b5\u03b9 \u03c3\u03bf\u03c6\u03b9\u03c3\u03c4\u03b9\u03ba\u03ad \u03b1\u03af\u03c3\u03b8\u03b7\u03c3\u03b7 \u03c3\u03b5 \u03ba\u03ac\u03b8\u03b5 \u03b4\u03c9\u03bc\u03ac\u03c4\u03b9\u03bf.  \u0394\u03b9\u03b1\u03c3\u03c4\u03ac\u03c3\u03b5\u03b9\u03c2: 1800mm x 160mm x 13,5mm 1-strip\" \/>\n<meta property=\"og:url\" content=\"https:\/\/alfawood.gr\/fr\/product\/055-oak-noble-matt-lacquered\" \/>\n<meta property=\"og:site_name\" content=\"\u0395\u03c0\u03b9\u03c6\u03ac\u03bd\u03b5\u03b9\u03b5\u03c2 \u039c\u03b5\u03bb\u03b1\u03bc\u03af\u03bd\u03b7\u03c2 MDF \u039c\u03bf\u03c1\u03b9\u03bf\u03c3\u03b1\u03bd\u03af\u03b4\u03b1 \u03a0\u03ac\u03b3\u03ba\u03bf\u03b9 \u0394\u03ac\u03c0\u03b5\u03b4\u03b1 \u03a0\u03cc\u03c1\u03c4\u03b5\u03c2\" \/>\n<meta property=\"article:publisher\" content=\"https:\/\/www.facebook.com\/alfawood.group\" \/>\n<meta property=\"article:modified_time\" content=\"2023-04-07T07:24:43+00:00\" \/>\n<meta property=\"og:image\" content=\"https:\/\/alfawood.gr\/wp-content\/uploads\/2023\/03\/OAK-NOBLE-MATT-LACQUERED-SOFT-BRUSHED.jpg\" \/>\n\t<meta property=\"og:image:width\" content=\"1457\" \/>\n\t<meta property=\"og:image:height\" content=\"2000\" \/>\n\t<meta property=\"og:image:type\" content=\"image\/jpeg\" \/>\n<meta name=\"twitter:card\" content=\"summary_large_image\" \/>\n<meta name=\"twitter:site\" content=\"@ALFAWOODGROUP\" \/>\n<meta name=\"twitter:label1\" content=\"Dur\u00e9e de lecture estim\u00e9e\" \/>\n\t<meta name=\"twitter:data1\" content=\"1 minute\" \/>\n<script type=\"application\/ld+json\" class=\"yoast-schema-graph\">{\"@context\":\"https:\\\/\\\/schema.org\",\"@graph\":[{\"@type\":\"WebPage\",\"@id\":\"https:\\\/\\\/alfawood.gr\\\/product\\\/055-oak-noble-matt-lacquered\\\/\",\"url\":\"https:\\\/\\\/alfawood.gr\\\/product\\\/055-oak-noble-matt-lacquered\\\/\",\"name\":\"055 Oak Noble Matt Lacquered - \u0395\u03c0\u03b9\u03c6\u03ac\u03bd\u03b5\u03b9\u03b5\u03c2 \u039c\u03b5\u03bb\u03b1\u03bc\u03af\u03bd\u03b7\u03c2 MDF \u039c\u03bf\u03c1\u03b9\u03bf\u03c3\u03b1\u03bd\u03af\u03b4\u03b1 \u03a0\u03ac\u03b3\u03ba\u03bf\u03b9 \u0394\u03ac\u03c0\u03b5\u03b4\u03b1 \u03a0\u03cc\u03c1\u03c4\u03b5\u03c2\",\"isPartOf\":{\"@id\":\"https:\\\/\\\/alfawood.gr\\\/#website\"},\"primaryImageOfPage\":{\"@id\":\"https:\\\/\\\/alfawood.gr\\\/product\\\/055-oak-noble-matt-lacquered\\\/#primaryimage\"},\"image\":{\"@id\":\"https:\\\/\\\/alfawood.gr\\\/product\\\/055-oak-noble-matt-lacquered\\\/#primaryimage\"},\"thumbnailUrl\":\"https:\\\/\\\/alfawood.gr\\\/wp-content\\\/uploads\\\/2023\\\/03\\\/OAK-NOBLE-MATT-LACQUERED-SOFT-BRUSHED.jpg\",\"datePublished\":\"2023-03-07T08:08:46+00:00\",\"dateModified\":\"2023-04-07T07:24:43+00:00\",\"breadcrumb\":{\"@id\":\"https:\\\/\\\/alfawood.gr\\\/product\\\/055-oak-noble-matt-lacquered\\\/#breadcrumb\"},\"inLanguage\":\"fr-FR\",\"potentialAction\":[{\"@type\":\"ReadAction\",\"target\":[\"https:\\\/\\\/alfawood.gr\\\/product\\\/055-oak-noble-matt-lacquered\\\/\"]}]},{\"@type\":\"ImageObject\",\"inLanguage\":\"fr-FR\",\"@id\":\"https:\\\/\\\/alfawood.gr\\\/product\\\/055-oak-noble-matt-lacquered\\\/#primaryimage\",\"url\":\"https:\\\/\\\/alfawood.gr\\\/wp-content\\\/uploads\\\/2023\\\/03\\\/OAK-NOBLE-MATT-LACQUERED-SOFT-BRUSHED.jpg\",\"contentUrl\":\"https:\\\/\\\/alfawood.gr\\\/wp-content\\\/uploads\\\/2023\\\/03\\\/OAK-NOBLE-MATT-LACQUERED-SOFT-BRUSHED.jpg\",\"width\":1457,\"height\":2000,\"caption\":\"055 Oak Noble Matt Lacquered - Alfa Flooring \u03a0\u03c1\u03bf\u03b3\u03c5\u03b1\u03bb\u03b9\u03c3\u03bc\u03ad\u03bd\u03b1\"},{\"@type\":\"BreadcrumbList\",\"@id\":\"https:\\\/\\\/alfawood.gr\\\/product\\\/055-oak-noble-matt-lacquered\\\/#breadcrumb\",\"itemListElement\":[{\"@type\":\"ListItem\",\"position\":1,\"name\":\"Home\",\"item\":\"https:\\\/\\\/alfawood.gr\\\/\"},{\"@type\":\"ListItem\",\"position\":2,\"name\":\"\u03a0\u03c1\u03bf\u03ca\u03cc\u03bd\u03c4\u03b1\",\"item\":\"https:\\\/\\\/alfawood.gr\\\/proionta-wood\\\/\"},{\"@type\":\"ListItem\",\"position\":3,\"name\":\"\u0394\u03ac\u03c0\u03b5\u03b4\u03b1 - Alfa Flooring\",\"item\":\"https:\\\/\\\/alfawood.gr\\\/category\\\/dapeda\\\/\"},{\"@type\":\"ListItem\",\"position\":4,\"name\":\"055 Oak Noble Matt Lacquered\"}]},{\"@type\":\"WebSite\",\"@id\":\"https:\\\/\\\/alfawood.gr\\\/#website\",\"url\":\"https:\\\/\\\/alfawood.gr\\\/\",\"name\":\"\u0395\u03c0\u03b9\u03c6\u03ac\u03bd\u03b5\u03b9\u03b5\u03c2 \u039c\u03b5\u03bb\u03b1\u03bc\u03af\u03bd\u03b7\u03c2 MDF \u039c\u03bf\u03c1\u03b9\u03bf\u03c3\u03b1\u03bd\u03af\u03b4\u03b1 \u03a0\u03ac\u03b3\u03ba\u03bf\u03b9 \u0394\u03ac\u03c0\u03b5\u03b4\u03b1 \u03a0\u03cc\u03c1\u03c4\u03b5\u03c2\",\"description\":\"\u0392\u03b9\u03bf\u03bc\u03b7\u03c7\u03b1\u03bd\u03af\u03b1 \u039e\u03cd\u03bb\u03bf\u03c5 Alfa Wood Group\",\"publisher\":{\"@id\":\"https:\\\/\\\/alfawood.gr\\\/#organization\"},\"alternateName\":\"Melamines - MDF - Laminate - Worktops\",\"potentialAction\":[{\"@type\":\"SearchAction\",\"target\":{\"@type\":\"EntryPoint\",\"urlTemplate\":\"https:\\\/\\\/alfawood.gr\\\/?s={search_term_string}\"},\"query-input\":{\"@type\":\"PropertyValueSpecification\",\"valueRequired\":true,\"valueName\":\"search_term_string\"}}],\"inLanguage\":\"fr-FR\"},{\"@type\":\"Organization\",\"@id\":\"https:\\\/\\\/alfawood.gr\\\/#organization\",\"name\":\"Alfa Wood Group\",\"url\":\"https:\\\/\\\/alfawood.gr\\\/\",\"logo\":{\"@type\":\"ImageObject\",\"inLanguage\":\"fr-FR\",\"@id\":\"https:\\\/\\\/alfawood.gr\\\/#\\\/schema\\\/logo\\\/image\\\/\",\"url\":\"https:\\\/\\\/alfawood.gr\\\/wp-content\\\/uploads\\\/2023\\\/02\\\/alfa-wood-logo-1.svg\",\"contentUrl\":\"https:\\\/\\\/alfawood.gr\\\/wp-content\\\/uploads\\\/2023\\\/02\\\/alfa-wood-logo-1.svg\",\"width\":305,\"height\":195,\"caption\":\"Alfa Wood Group\"},\"image\":{\"@id\":\"https:\\\/\\\/alfawood.gr\\\/#\\\/schema\\\/logo\\\/image\\\/\"},\"sameAs\":[\"https:\\\/\\\/www.facebook.com\\\/alfawood.group\",\"https:\\\/\\\/x.com\\\/ALFAWOODGROUP\",\"https:\\\/\\\/www.instagram.com\\\/alfawood.group\",\"https:\\\/\\\/www.youtube.com\\\/@alfawoodgroup\",\"https:\\\/\\\/www.tiktok.com\\\/@alfawood.group\",\"https:\\\/\\\/vimeo.com\\\/alfawood\",\"https:\\\/\\\/www.linkedin.com\\\/company\\\/alfawoodgroup\",\"https:\\\/\\\/www.pinterest.com\\\/alfawoodgroup\\\/\"]}]}<\/script>\n<!-- \/ Yoast SEO Premium plugin. -->","yoast_head_json":{"title":"055 Ch\u00eane Noble Laqu\u00e9 Mat - Surfaces M\u00e9lamine Panneaux de Particules MDF Comptoirs Sols Portes","robots":{"index":"index","follow":"follow","max-snippet":"max-snippet:-1","max-image-preview":"max-image-preview:large","max-video-preview":"max-video-preview:-1"},"canonical":"https:\/\/alfawood.gr\/fr\/product\/055-oak-noble-matt-lacquered","og_locale":"fr_FR","og_type":"article","og_title":"055 Oak Noble Matt Lacquered","og_description":"\u03a0\u03c1\u03bf\u03c3\u03b8\u03ad\u03c3\u03c4\u03b5 \u03c0\u03b5\u03c1\u03b9\u03c3\u03c3\u03cc\u03c4\u03b5\u03c1\u03b7 \u03ac\u03bd\u03b5\u03c3\u03b7 \u03c3\u03c4\u03bf\u03bd \u03b9\u03b4\u03b9\u03c9\u03c4\u03b9\u03ba\u03cc \u03ae \u03b5\u03c0\u03b1\u03b3\u03b3\u03b5\u03bb\u03bc\u03b1\u03c4\u03b9\u03ba\u03cc \u03c3\u03b1\u03c2 \u03c7\u03ce\u03c1\u03bf \u03bc\u03b5 \u03c4\u03b7\u03bd \u03b5\u03c0\u03b9\u03bb\u03bf\u03b3\u03ae \u03c4\u03bf\u03c5 \u03ac\u03bd\u03b5\u03c4\u03bf\u03c5 \u03ba\u03b1\u03b9 \u03b6\u03b5\u03c3\u03c4\u03bf\u03cd \u03b4\u03b1\u03c0\u03ad\u03b4\u03bf\u03c5 055 Oak Noble Matt Lacquered. \u03a4\u03bf \u03bc\u03b1\u03c4 \u03ba\u03b1\u03c6\u03ad \u03c6\u03b9\u03bd\u03af\u03c1\u03b9\u03c3\u03bc\u03b1 \u03c4\u03bf\u03c5 \u03b4\u03c1\u03cd\u03b9\u03bd\u03bf\u03c5 Noble \u03c0\u03c1\u03bf\u03c3\u03b4\u03af\u03b4\u03b5\u03b9 \u03c3\u03bf\u03c6\u03b9\u03c3\u03c4\u03b9\u03ba\u03ad \u03b1\u03af\u03c3\u03b8\u03b7\u03c3\u03b7 \u03c3\u03b5 \u03ba\u03ac\u03b8\u03b5 \u03b4\u03c9\u03bc\u03ac\u03c4\u03b9\u03bf.  \u0394\u03b9\u03b1\u03c3\u03c4\u03ac\u03c3\u03b5\u03b9\u03c2: 1800mm x 160mm x 13,5mm 1-strip","og_url":"https:\/\/alfawood.gr\/fr\/product\/055-oak-noble-matt-lacquered","og_site_name":"\u0395\u03c0\u03b9\u03c6\u03ac\u03bd\u03b5\u03b9\u03b5\u03c2 \u039c\u03b5\u03bb\u03b1\u03bc\u03af\u03bd\u03b7\u03c2 MDF \u039c\u03bf\u03c1\u03b9\u03bf\u03c3\u03b1\u03bd\u03af\u03b4\u03b1 \u03a0\u03ac\u03b3\u03ba\u03bf\u03b9 \u0394\u03ac\u03c0\u03b5\u03b4\u03b1 \u03a0\u03cc\u03c1\u03c4\u03b5\u03c2","article_publisher":"https:\/\/www.facebook.com\/alfawood.group","article_modified_time":"2023-04-07T07:24:43+00:00","og_image":[{"width":1457,"height":2000,"url":"https:\/\/alfawood.gr\/wp-content\/uploads\/2023\/03\/OAK-NOBLE-MATT-LACQUERED-SOFT-BRUSHED.jpg","type":"image\/jpeg"}],"twitter_card":"summary_large_image","twitter_site":"@ALFAWOODGROUP","twitter_misc":{"Dur\u00e9e de lecture estim\u00e9e":"1 minute"},"schema":{"@context":"https:\/\/schema.org","@graph":[{"@type":"WebPage","@id":"https:\/\/alfawood.gr\/product\/055-oak-noble-matt-lacquered\/","url":"https:\/\/alfawood.gr\/product\/055-oak-noble-matt-lacquered\/","name":"055 Ch\u00eane Noble Laqu\u00e9 Mat - Surfaces M\u00e9lamine Panneaux de Particules MDF Comptoirs Sols Portes","isPartOf":{"@id":"https:\/\/alfawood.gr\/#website"},"primaryImageOfPage":{"@id":"https:\/\/alfawood.gr\/product\/055-oak-noble-matt-lacquered\/#primaryimage"},"image":{"@id":"https:\/\/alfawood.gr\/product\/055-oak-noble-matt-lacquered\/#primaryimage"},"thumbnailUrl":"https:\/\/alfawood.gr\/wp-content\/uploads\/2023\/03\/OAK-NOBLE-MATT-LACQUERED-SOFT-BRUSHED.jpg","datePublished":"2023-03-07T08:08:46+00:00","dateModified":"2023-04-07T07:24:43+00:00","breadcrumb":{"@id":"https:\/\/alfawood.gr\/product\/055-oak-noble-matt-lacquered\/#breadcrumb"},"inLanguage":"fr-FR","potentialAction":[{"@type":"ReadAction","target":["https:\/\/alfawood.gr\/product\/055-oak-noble-matt-lacquered\/"]}]},{"@type":"ImageObject","inLanguage":"fr-FR","@id":"https:\/\/alfawood.gr\/product\/055-oak-noble-matt-lacquered\/#primaryimage","url":"https:\/\/alfawood.gr\/wp-content\/uploads\/2023\/03\/OAK-NOBLE-MATT-LACQUERED-SOFT-BRUSHED.jpg","contentUrl":"https:\/\/alfawood.gr\/wp-content\/uploads\/2023\/03\/OAK-NOBLE-MATT-LACQUERED-SOFT-BRUSHED.jpg","width":1457,"height":2000,"caption":"055 Oak Noble Matt Lacquered - Alfa Flooring \u03a0\u03c1\u03bf\u03b3\u03c5\u03b1\u03bb\u03b9\u03c3\u03bc\u03ad\u03bd\u03b1"},{"@type":"BreadcrumbList","@id":"https:\/\/alfawood.gr\/product\/055-oak-noble-matt-lacquered\/#breadcrumb","itemListElement":[{"@type":"ListItem","position":1,"name":"Home","item":"https:\/\/alfawood.gr\/"},{"@type":"ListItem","position":2,"name":"\u03a0\u03c1\u03bf\u03ca\u03cc\u03bd\u03c4\u03b1","item":"https:\/\/alfawood.gr\/proionta-wood\/"},{"@type":"ListItem","position":3,"name":"\u0394\u03ac\u03c0\u03b5\u03b4\u03b1 - Alfa Flooring","item":"https:\/\/alfawood.gr\/category\/dapeda\/"},{"@type":"ListItem","position":4,"name":"055 Oak Noble Matt Lacquered"}]},{"@type":"WebSite","@id":"https:\/\/alfawood.gr\/#website","url":"https:\/\/alfawood.gr\/","name":"Surfaces en m\u00e9lamine Comptoirs en panneaux de particules MDF Planchers Portes","description":"Alfa Wood Group Industrie du bois","publisher":{"@id":"https:\/\/alfawood.gr\/#organization"},"alternateName":"Melamines - MDF - Laminate - Worktops","potentialAction":[{"@type":"SearchAction","target":{"@type":"EntryPoint","urlTemplate":"https:\/\/alfawood.gr\/?s={search_term_string}"},"query-input":{"@type":"PropertyValueSpecification","valueRequired":true,"valueName":"search_term_string"}}],"inLanguage":"fr-FR"},{"@type":"Organization","@id":"https:\/\/alfawood.gr\/#organization","name":"Groupe Alfa Bois","url":"https:\/\/alfawood.gr\/","logo":{"@type":"ImageObject","inLanguage":"fr-FR","@id":"https:\/\/alfawood.gr\/#\/schema\/logo\/image\/","url":"https:\/\/alfawood.gr\/wp-content\/uploads\/2023\/02\/alfa-wood-logo-1.svg","contentUrl":"https:\/\/alfawood.gr\/wp-content\/uploads\/2023\/02\/alfa-wood-logo-1.svg","width":305,"height":195,"caption":"Alfa Wood Group"},"image":{"@id":"https:\/\/alfawood.gr\/#\/schema\/logo\/image\/"},"sameAs":["https:\/\/www.facebook.com\/alfawood.group","https:\/\/x.com\/ALFAWOODGROUP","https:\/\/www.instagram.com\/alfawood.group","https:\/\/www.youtube.com\/@alfawoodgroup","https:\/\/www.tiktok.com\/@alfawood.group","https:\/\/vimeo.com\/alfawood","https:\/\/www.linkedin.com\/company\/alfawoodgroup","https:\/\/www.pinterest.com\/alfawoodgroup\/"]}]}},"_links":{"self":[{"href":"https:\/\/alfawood.gr\/fr\/wp-json\/wp\/v2\/product\/14679","targetHints":{"allow":["GET"]}}],"collection":[{"href":"https:\/\/alfawood.gr\/fr\/wp-json\/wp\/v2\/product"}],"about":[{"href":"https:\/\/alfawood.gr\/fr\/wp-json\/wp\/v2\/types\/product"}],"version-history":[{"count":0,"href":"https:\/\/alfawood.gr\/fr\/wp-json\/wp\/v2\/product\/14679\/revisions"}],"wp:featuredmedia":[{"embeddable":true,"href":"https:\/\/alfawood.gr\/fr\/wp-json\/wp\/v2\/media\/14681"}],"wp:attachment":[{"href":"https:\/\/alfawood.gr\/fr\/wp-json\/wp\/v2\/media?parent=14679"}],"wp:term":[{"taxonomy":"product_brand","embeddable":true,"href":"https:\/\/alfawood.gr\/fr\/wp-json\/wp\/v2\/product_brand?post=14679"},{"taxonomy":"product_cat","embeddable":true,"href":"https:\/\/alfawood.gr\/fr\/wp-json\/wp\/v2\/product_cat?post=14679"},{"taxonomy":"product_tag","embeddable":true,"href":"https:\/\/alfawood.gr\/fr\/wp-json\/wp\/v2\/product_tag?post=14679"}],"curies":[{"name":"wp","href":"https:\/\/api.w.org\/{rel}","templated":true}]}}