{"id":15208,"date":"2023-03-07T08:17:50","date_gmt":"2023-03-07T08:17:50","guid":{"rendered":"https:\/\/alfawood.gr\/product\/harmony-ash\/"},"modified":"2024-10-10T14:25:28","modified_gmt":"2024-10-10T12:25:28","slug":"ash-acoustic","status":"publish","type":"product","link":"https:\/\/alfawood.gr\/fr\/product\/ash-acoustic\/","title":{"rendered":"Fr\u00eane \u2013 Acoustique"},"content":{"rendered":"<p>Le <strong>panneaux acoustiques<\/strong>\u00a0sont des panneaux d\u00e9coratifs pour murs et plafonds magnifiquement con\u00e7us avec des bandes de bois, qui poss\u00e8dent des propri\u00e9t\u00e9s acoustiques de haute qualit\u00e9. Ils ont la capacit\u00e9 d\u2019am\u00e9liorer la qualit\u00e9 du son et l\u2019acoustique d\u2019un espace. Les surfaces dures telles que la pierre, le verre ou le m\u00e9tal r\u00e9fl\u00e9chissent le son et augmentent les niveaux sonores. Les panneaux acoustiques Alfa Sonic se distinguent par leur excellente absorption acoustique et leur r\u00e9duction de la r\u00e9verb\u00e9ration, tout en pr\u00e9sentant une excellente esth\u00e9tique.<\/p>\n<p>Ceux en bois <strong>panneaux acoustiques<\/strong> est la plus grande tendance du moment en mati\u00e8re de rev\u00eatements muraux. Ils donnent un style distinct et un aspect moderne, am\u00e9liorant l&#039;espace et lui donnant un caract\u00e8re diff\u00e9rent, une chaleur et une sensation de d\u00e9tente. Ils peuvent \u00eatre appliqu\u00e9s sur diverses surfaces, petites ou grandes, comme les murs, les t\u00eates de lit et les meubles, dans les zones r\u00e9sidentielles ou commerciales. Ils ont un style moderne et personnalis\u00e9 \u00e0 tous points de vue et une qualit\u00e9 de placage de bois luxueuse.<\/p>\n<p>Le <strong>Panneaux acoustiques Alfa Sonic<\/strong> ils peuvent \u00eatre facilement appliqu\u00e9s sur les murs et les plafonds, que ce soit pour un usage domestique ou commercial. Ils sont largement utilis\u00e9s dans les salles de concert et de musique, les th\u00e9\u00e2tres et les centres de congr\u00e8s. Leur installation facile et simple permet de transformer rapidement n&#039;importe quel espace. Ils sont durables, avec une longue dur\u00e9e de vie.<\/p>\n<p>Les panneaux insonorisants d&#039;aspect bois sont constitu\u00e9s de MDF et d&#039;un rev\u00eatement en placage de 10 mm et mont\u00e9s sur des panneaux en polyester noir de 12 mm. Ils sont disponibles dans les tons ch\u00eane, despotaki et noyer, avec <strong>dimensions 2400 x 600 x 22 (mm) et 3000 x 600 x 22 (mm).<\/strong><\/p>\n<p><strong><a href=\"\/files\/catalogs\/ALFASURFACES-BOOK-GR.pdf\" target=\"_blank\" rel=\"noopener\">T\u00e9l\u00e9chargez le catalogue<\/a><\/strong><\/p>","protected":false},"excerpt":{"rendered":"<p>Panneaux d\u00e9coratifs acoustiques en MDF avec doublure en placage de 10 mm, mont\u00e9s sur panneaux en polyester noir de 12 mm.<\/p>\n<p>Le <strong>panneaux acoustiques<\/strong> d&#039;ALFA WOOD GROUP est <strong>panneaux insonorisants <\/strong>qui sont mont\u00e9s sur les murs ou les plafonds pour r\u00e9duire le bruit et \u00e9liminer l&#039;\u00e9cho dans une pi\u00e8ce. L&#039;objectif principal des panneaux acoustiques est d&#039;am\u00e9liorer les propri\u00e9t\u00e9s du son en am\u00e9liorant sa qualit\u00e9. L\u2019absorption acoustique est diff\u00e9rente de l\u2019isolation acoustique, qui sert \u00e0 r\u00e9duire le bruit de la pi\u00e8ce.<\/p>\n<p>Ils sont utilis\u00e9s dans les studios d&#039;enregistrement, dans les cin\u00e9mas, les restaurants, les discoth\u00e8ques, les \u00e9glises, etc.<\/p>","protected":false},"featured_media":20964,"template":"","meta":{"_acf_changed":false,"inline_featured_image":false,"cybocfi_hide_featured_image":""},"product_brand":[],"product_cat":[116,847],"product_tag":[],"class_list":{"0":"post-15208","1":"product","2":"type-product","3":"status-publish","4":"has-post-thumbnail","6":"product_cat-acoustic-panel","7":"product_cat-diakosmiseis-toixon-ksylo","9":"first","10":"instock","11":"product-type-simple"},"acf":[],"yoast_head":"<!-- This site is optimized with the Yoast SEO Premium plugin v27.3 (Yoast SEO v27.3) - https:\/\/yoast.com\/product\/yoast-seo-premium-wordpress\/ -->\n<title>Ash - Acoustic - \u0395\u03c0\u03b9\u03c6\u03ac\u03bd\u03b5\u03b9\u03b5\u03c2 \u039c\u03b5\u03bb\u03b1\u03bc\u03af\u03bd\u03b7\u03c2 MDF \u039c\u03bf\u03c1\u03b9\u03bf\u03c3\u03b1\u03bd\u03af\u03b4\u03b1 \u03a0\u03ac\u03b3\u03ba\u03bf\u03b9 \u0394\u03ac\u03c0\u03b5\u03b4\u03b1 \u03a0\u03cc\u03c1\u03c4\u03b5\u03c2<\/title>\n<meta name=\"robots\" content=\"index, follow, max-snippet:-1, max-image-preview:large, max-video-preview:-1\" \/>\n<link rel=\"canonical\" href=\"https:\/\/alfawood.gr\/fr\/product\/ash-acoustic\" \/>\n<meta property=\"og:locale\" content=\"fr_FR\" \/>\n<meta property=\"og:type\" content=\"article\" \/>\n<meta property=\"og:title\" content=\"Ash - Acoustic\" \/>\n<meta property=\"og:description\" content=\"A\u03ba\u03bf\u03c5\u03c3\u03c4\u03b9\u03ba\u03ac\u00a0 \u03b4\u03b9\u03b1\u03ba\u03bf\u03c3\u03bc\u03b7\u03c4\u03b9\u03ba\u03ac\u00a0 \u03c0\u03ac\u03bd\u03b5\u03bb \u03c3\u03b5 MDF \u03bc\u03b5 \u03b5\u03c0\u03ad\u03bd\u03b4\u03c5\u03c3\u03b7 \u03ba\u03b1\u03c0\u03bb\u03b1\u03bc\u03ac 10mm, \u03c4\u03bf\u03c0\u03bf\u03b8\u03b5\u03c4\u03b7\u03bc\u03ad\u03bd\u03b1 \u03c3\u03b5 \u03bc\u03b1\u03cd\u03c1\u03b1 \u03c0\u03bf\u03bb\u03c5\u03b5\u03c3\u03c4\u03b5\u03c1\u03b9\u03ba\u03ac \u03c0\u03ac\u03bd\u03b5\u03bb 12mm.  \u03a4\u03b1 \u03b1\u03ba\u03bf\u03c5\u03c3\u03c4\u03b9\u03ba\u03ac \u03c0\u03ac\u03bd\u03b5\u03bb \u03c4\u03b7\u03c2 ALFA WOOD GROUP \u03b5\u03af\u03bd\u03b1\u03b9 \u03b7\u03c7\u03bf\u03b1\u03c0\u03bf\u03c1\u03c1\u03bf\u03c6\u03b7\u03c4\u03b9\u03ba\u03ac \u03c0\u03ac\u03bd\u03b5\u03bb \u03c0\u03bf\u03c5 \u03c4\u03bf\u03c0\u03bf\u03b8\u03b5\u03c4\u03bf\u03cd\u03bd\u03c4\u03b1\u03b9 \u03c3\u03b5 \u03c4\u03bf\u03af\u03c7\u03bf\u03c5\u03c2 \u03ae \u03bf\u03c1\u03bf\u03c6\u03ad\u03c2 \u03b3\u03b9\u03b1 \u03c4\u03b7 \u03bc\u03b5\u03af\u03c9\u03c3\u03b7 \u03c4\u03bf\u03c5 \u03b8\u03bf\u03c1\u03cd\u03b2\u03bf\u03c5 \u03ba\u03b1\u03b9 \u03c4\u03b7\u03bd \u03b5\u03be\u03ac\u03bb\u03b5\u03b9\u03c8\u03b7 \u03c4\u03b7\u03c2 \u03b7\u03c7\u03bf\u03cd\u03c2 \u03c3\u03b5 \u03ad\u03bd\u03b1 \u03b4\u03c9\u03bc\u03ac\u03c4\u03b9\u03bf. \u039f \u03b2\u03b1\u03c3\u03b9\u03ba\u03cc\u03c2 \u03c3\u03c4\u03cc\u03c7\u03bf\u03c2 \u03c4\u03c9\u03bd \u03b1\u03ba\u03bf\u03c5\u03c3\u03c4\u03b9\u03ba\u03ce\u03bd \u03c0\u03ac\u03bd\u03b5\u03bb \u03b5\u03af\u03bd\u03b1\u03b9 \u03bd\u03b1 \u03b5\u03bd\u03b9\u03c3\u03c7\u03c5\u03b8\u03bf\u03cd\u03bd \u03bf\u03b9 \u03b9\u03b4\u03b9\u03cc\u03c4\u03b7\u03c4\u03b5\u03c2 \u03c4\u03bf\u03c5 \u03ae\u03c7\u03bf\u03c5 \u03b2\u03b5\u03bb\u03c4\u03b9\u03ce\u03bd\u03bf\u03bd\u03c4\u03b1\u03c2 \u03c4\u03b7\u03bd \u03c0\u03bf\u03b9\u03cc\u03c4\u03b7\u03c4\u03b1 \u03c4\u03bf\u03c5. \u0397 \u03b1\u03c0\u03bf\u03c1\u03c1\u03cc\u03c6\u03b7\u03c3\u03b7 \u03c4\u03bf\u03c5 \u03ae\u03c7\u03bf\u03c5 \u03b5\u03af\u03bd\u03b1\u03b9 \u03b4\u03b9\u03b1\u03c6\u03bf\u03c1\u03b5\u03c4\u03b9\u03ba\u03ae \u03b1\u03c0\u03cc \u03c4\u03b7\u03bd \u03b7\u03c7\u03bf\u03bc\u03cc\u03bd\u03c9\u03c3\u03b7, \u03b7 \u03bf\u03c0\u03bf\u03af\u03b1 \u03c7\u03c1\u03b7\u03c3\u03b9\u03bc\u03bf\u03c0\u03bf\u03b9\u03b5\u03af\u03c4\u03b1\u03b9 \u03b3\u03b9\u03b1 \u03bd\u03b1 \u03bc\u03b5\u03b9\u03ce\u03c3\u03b5\u03b9 \u03c4\u03bf\u03bd \u03ae\u03c7\u03bf \u03b1\u03c0\u03cc \u03c4\u03bf \u03b4\u03c9\u03bc\u03ac\u03c4\u03b9\u03bf.  \u03a7\u03c1\u03b7\u03c3\u03b9\u03bc\u03bf\u03c0\u03bf\u03b9\u03bf\u03cd\u03bd\u03c4\u03b1\u03b9 \u03c3\u03b5 \u03c3\u03c4\u03bf\u03cd\u03bd\u03c4\u03b9\u03bf \u03b7\u03c7\u03bf\u03b3\u03c1\u03ac\u03c6\u03b7\u03c3\u03b7\u03c2, \u03c3\u03b5 \u03ba\u03b9\u03bd\u03b7\u03bc\u03b1\u03c4\u03bf\u03b3\u03c1\u03ac\u03c6\u03bf\u03c5\u03c2, \u03b5\u03c3\u03c4\u03b9\u03b1\u03c4\u03cc\u03c1\u03b9\u03b1, \u03bd\u03c5\u03c7\u03c4\u03b5\u03c1\u03b9\u03bd\u03ac \u03ba\u03ad\u03bd\u03c4\u03c1\u03b1, \u03b5\u03ba\u03ba\u03bb\u03b7\u03c3\u03af\u03b5\u03c2 \u03ba.\u03b1.\" \/>\n<meta property=\"og:url\" content=\"https:\/\/alfawood.gr\/fr\/product\/ash-acoustic\" \/>\n<meta property=\"og:site_name\" content=\"\u0395\u03c0\u03b9\u03c6\u03ac\u03bd\u03b5\u03b9\u03b5\u03c2 \u039c\u03b5\u03bb\u03b1\u03bc\u03af\u03bd\u03b7\u03c2 MDF \u039c\u03bf\u03c1\u03b9\u03bf\u03c3\u03b1\u03bd\u03af\u03b4\u03b1 \u03a0\u03ac\u03b3\u03ba\u03bf\u03b9 \u0394\u03ac\u03c0\u03b5\u03b4\u03b1 \u03a0\u03cc\u03c1\u03c4\u03b5\u03c2\" \/>\n<meta property=\"article:publisher\" content=\"https:\/\/www.facebook.com\/alfawood.group\" \/>\n<meta property=\"article:modified_time\" content=\"2024-10-10T12:25:28+00:00\" \/>\n<meta property=\"og:image\" content=\"https:\/\/alfawood.gr\/wp-content\/uploads\/2023\/03\/accoustic-ash-e1731057407522.jpg\" \/>\n\t<meta property=\"og:image:width\" content=\"599\" \/>\n\t<meta property=\"og:image:height\" content=\"823\" \/>\n\t<meta property=\"og:image:type\" content=\"image\/jpeg\" \/>\n<meta name=\"twitter:card\" content=\"summary_large_image\" \/>\n<meta name=\"twitter:site\" content=\"@ALFAWOODGROUP\" \/>\n<meta name=\"twitter:label1\" content=\"Dur\u00e9e de lecture estim\u00e9e\" \/>\n\t<meta name=\"twitter:data1\" content=\"1 minute\" \/>\n<script type=\"application\/ld+json\" class=\"yoast-schema-graph\">{\"@context\":\"https:\\\/\\\/schema.org\",\"@graph\":[{\"@type\":\"WebPage\",\"@id\":\"https:\\\/\\\/alfawood.gr\\\/fr\\\/product\\\/ash-acoustic\\\/\",\"url\":\"https:\\\/\\\/alfawood.gr\\\/fr\\\/product\\\/ash-acoustic\\\/\",\"name\":\"Ash - Acoustic - \u0395\u03c0\u03b9\u03c6\u03ac\u03bd\u03b5\u03b9\u03b5\u03c2 \u039c\u03b5\u03bb\u03b1\u03bc\u03af\u03bd\u03b7\u03c2 MDF \u039c\u03bf\u03c1\u03b9\u03bf\u03c3\u03b1\u03bd\u03af\u03b4\u03b1 \u03a0\u03ac\u03b3\u03ba\u03bf\u03b9 \u0394\u03ac\u03c0\u03b5\u03b4\u03b1 \u03a0\u03cc\u03c1\u03c4\u03b5\u03c2\",\"isPartOf\":{\"@id\":\"https:\\\/\\\/alfawood.gr\\\/#website\"},\"primaryImageOfPage\":{\"@id\":\"https:\\\/\\\/alfawood.gr\\\/fr\\\/product\\\/ash-acoustic\\\/#primaryimage\"},\"image\":{\"@id\":\"https:\\\/\\\/alfawood.gr\\\/fr\\\/product\\\/ash-acoustic\\\/#primaryimage\"},\"thumbnailUrl\":\"https:\\\/\\\/alfawood.gr\\\/wp-content\\\/uploads\\\/2023\\\/03\\\/accoustic-ash-e1731057407522.jpg\",\"datePublished\":\"2023-03-07T08:17:50+00:00\",\"dateModified\":\"2024-10-10T12:25:28+00:00\",\"breadcrumb\":{\"@id\":\"https:\\\/\\\/alfawood.gr\\\/fr\\\/product\\\/ash-acoustic\\\/#breadcrumb\"},\"inLanguage\":\"fr-FR\",\"potentialAction\":[{\"@type\":\"ReadAction\",\"target\":[\"https:\\\/\\\/alfawood.gr\\\/fr\\\/product\\\/ash-acoustic\\\/\"]}]},{\"@type\":\"ImageObject\",\"inLanguage\":\"fr-FR\",\"@id\":\"https:\\\/\\\/alfawood.gr\\\/fr\\\/product\\\/ash-acoustic\\\/#primaryimage\",\"url\":\"https:\\\/\\\/alfawood.gr\\\/wp-content\\\/uploads\\\/2023\\\/03\\\/accoustic-ash-e1731057407522.jpg\",\"contentUrl\":\"https:\\\/\\\/alfawood.gr\\\/wp-content\\\/uploads\\\/2023\\\/03\\\/accoustic-ash-e1731057407522.jpg\",\"width\":599,\"height\":823,\"caption\":\"\u03b1\u03ba\u03bf\u03c5\u03c3\u03c4\u03b9\u03ba\u03bf \u03c0\u03b1\u03bd\u03b5\u03bb ash\"},{\"@type\":\"BreadcrumbList\",\"@id\":\"https:\\\/\\\/alfawood.gr\\\/fr\\\/product\\\/ash-acoustic\\\/#breadcrumb\",\"itemListElement\":[{\"@type\":\"ListItem\",\"position\":1,\"name\":\"Home\",\"item\":\"https:\\\/\\\/alfawood.gr\\\/\"},{\"@type\":\"ListItem\",\"position\":2,\"name\":\"\u03a0\u03c1\u03bf\u03ca\u03cc\u03bd\u03c4\u03b1\",\"item\":\"https:\\\/\\\/alfawood.gr\\\/proionta-wood\\\/\"},{\"@type\":\"ListItem\",\"position\":3,\"name\":\"\u0394\u03b9\u03b1\u03ba\u03cc\u03c3\u03bc\u03b7\u03c3\u03b7 \u03a4\u03bf\u03af\u03c7\u03bf\u03c5\",\"item\":\"https:\\\/\\\/alfawood.gr\\\/category\\\/diakosmiseis-toixon-ksylo\\\/\"},{\"@type\":\"ListItem\",\"position\":4,\"name\":\"\u0391\u03ba\u03bf\u03c5\u03c3\u03c4\u03b9\u03ba\u03ac \u03a0\u03ac\u03bd\u03b5\u03bb\",\"item\":\"https:\\\/\\\/alfawood.gr\\\/category\\\/diakosmiseis-toixon-ksylo\\\/acoustic-panel\\\/\"},{\"@type\":\"ListItem\",\"position\":5,\"name\":\"Ash &#8211; Acoustic\"}]},{\"@type\":\"WebSite\",\"@id\":\"https:\\\/\\\/alfawood.gr\\\/#website\",\"url\":\"https:\\\/\\\/alfawood.gr\\\/\",\"name\":\"\u0395\u03c0\u03b9\u03c6\u03ac\u03bd\u03b5\u03b9\u03b5\u03c2 \u039c\u03b5\u03bb\u03b1\u03bc\u03af\u03bd\u03b7\u03c2 MDF \u039c\u03bf\u03c1\u03b9\u03bf\u03c3\u03b1\u03bd\u03af\u03b4\u03b1 \u03a0\u03ac\u03b3\u03ba\u03bf\u03b9 \u0394\u03ac\u03c0\u03b5\u03b4\u03b1 \u03a0\u03cc\u03c1\u03c4\u03b5\u03c2\",\"description\":\"\u0392\u03b9\u03bf\u03bc\u03b7\u03c7\u03b1\u03bd\u03af\u03b1 \u039e\u03cd\u03bb\u03bf\u03c5 Alfa Wood Group\",\"publisher\":{\"@id\":\"https:\\\/\\\/alfawood.gr\\\/#organization\"},\"alternateName\":\"Melamines - MDF - Laminate - Worktops\",\"potentialAction\":[{\"@type\":\"SearchAction\",\"target\":{\"@type\":\"EntryPoint\",\"urlTemplate\":\"https:\\\/\\\/alfawood.gr\\\/?s={search_term_string}\"},\"query-input\":{\"@type\":\"PropertyValueSpecification\",\"valueRequired\":true,\"valueName\":\"search_term_string\"}}],\"inLanguage\":\"fr-FR\"},{\"@type\":\"Organization\",\"@id\":\"https:\\\/\\\/alfawood.gr\\\/#organization\",\"name\":\"Alfa Wood Group\",\"url\":\"https:\\\/\\\/alfawood.gr\\\/\",\"logo\":{\"@type\":\"ImageObject\",\"inLanguage\":\"fr-FR\",\"@id\":\"https:\\\/\\\/alfawood.gr\\\/#\\\/schema\\\/logo\\\/image\\\/\",\"url\":\"https:\\\/\\\/alfawood.gr\\\/wp-content\\\/uploads\\\/2023\\\/02\\\/alfa-wood-logo-1.svg\",\"contentUrl\":\"https:\\\/\\\/alfawood.gr\\\/wp-content\\\/uploads\\\/2023\\\/02\\\/alfa-wood-logo-1.svg\",\"width\":305,\"height\":195,\"caption\":\"Alfa Wood Group\"},\"image\":{\"@id\":\"https:\\\/\\\/alfawood.gr\\\/#\\\/schema\\\/logo\\\/image\\\/\"},\"sameAs\":[\"https:\\\/\\\/www.facebook.com\\\/alfawood.group\",\"https:\\\/\\\/x.com\\\/ALFAWOODGROUP\",\"https:\\\/\\\/www.instagram.com\\\/alfawood.group\",\"https:\\\/\\\/www.youtube.com\\\/@alfawoodgroup\",\"https:\\\/\\\/www.tiktok.com\\\/@alfawood.group\",\"https:\\\/\\\/vimeo.com\\\/alfawood\",\"https:\\\/\\\/www.linkedin.com\\\/company\\\/alfawoodgroup\",\"https:\\\/\\\/www.pinterest.com\\\/alfawoodgroup\\\/\"]}]}<\/script>\n<!-- \/ Yoast SEO Premium plugin. -->","yoast_head_json":{"title":"Fr\u00eane - Acoustique - Surfaces m\u00e9lamine Panneaux de particules MDF Comptoirs Sols Portes","robots":{"index":"index","follow":"follow","max-snippet":"max-snippet:-1","max-image-preview":"max-image-preview:large","max-video-preview":"max-video-preview:-1"},"canonical":"https:\/\/alfawood.gr\/fr\/product\/ash-acoustic","og_locale":"fr_FR","og_type":"article","og_title":"Ash - Acoustic","og_description":"A\u03ba\u03bf\u03c5\u03c3\u03c4\u03b9\u03ba\u03ac\u00a0 \u03b4\u03b9\u03b1\u03ba\u03bf\u03c3\u03bc\u03b7\u03c4\u03b9\u03ba\u03ac\u00a0 \u03c0\u03ac\u03bd\u03b5\u03bb \u03c3\u03b5 MDF \u03bc\u03b5 \u03b5\u03c0\u03ad\u03bd\u03b4\u03c5\u03c3\u03b7 \u03ba\u03b1\u03c0\u03bb\u03b1\u03bc\u03ac 10mm, \u03c4\u03bf\u03c0\u03bf\u03b8\u03b5\u03c4\u03b7\u03bc\u03ad\u03bd\u03b1 \u03c3\u03b5 \u03bc\u03b1\u03cd\u03c1\u03b1 \u03c0\u03bf\u03bb\u03c5\u03b5\u03c3\u03c4\u03b5\u03c1\u03b9\u03ba\u03ac \u03c0\u03ac\u03bd\u03b5\u03bb 12mm.  \u03a4\u03b1 \u03b1\u03ba\u03bf\u03c5\u03c3\u03c4\u03b9\u03ba\u03ac \u03c0\u03ac\u03bd\u03b5\u03bb \u03c4\u03b7\u03c2 ALFA WOOD GROUP \u03b5\u03af\u03bd\u03b1\u03b9 \u03b7\u03c7\u03bf\u03b1\u03c0\u03bf\u03c1\u03c1\u03bf\u03c6\u03b7\u03c4\u03b9\u03ba\u03ac \u03c0\u03ac\u03bd\u03b5\u03bb \u03c0\u03bf\u03c5 \u03c4\u03bf\u03c0\u03bf\u03b8\u03b5\u03c4\u03bf\u03cd\u03bd\u03c4\u03b1\u03b9 \u03c3\u03b5 \u03c4\u03bf\u03af\u03c7\u03bf\u03c5\u03c2 \u03ae \u03bf\u03c1\u03bf\u03c6\u03ad\u03c2 \u03b3\u03b9\u03b1 \u03c4\u03b7 \u03bc\u03b5\u03af\u03c9\u03c3\u03b7 \u03c4\u03bf\u03c5 \u03b8\u03bf\u03c1\u03cd\u03b2\u03bf\u03c5 \u03ba\u03b1\u03b9 \u03c4\u03b7\u03bd \u03b5\u03be\u03ac\u03bb\u03b5\u03b9\u03c8\u03b7 \u03c4\u03b7\u03c2 \u03b7\u03c7\u03bf\u03cd\u03c2 \u03c3\u03b5 \u03ad\u03bd\u03b1 \u03b4\u03c9\u03bc\u03ac\u03c4\u03b9\u03bf. \u039f \u03b2\u03b1\u03c3\u03b9\u03ba\u03cc\u03c2 \u03c3\u03c4\u03cc\u03c7\u03bf\u03c2 \u03c4\u03c9\u03bd \u03b1\u03ba\u03bf\u03c5\u03c3\u03c4\u03b9\u03ba\u03ce\u03bd \u03c0\u03ac\u03bd\u03b5\u03bb \u03b5\u03af\u03bd\u03b1\u03b9 \u03bd\u03b1 \u03b5\u03bd\u03b9\u03c3\u03c7\u03c5\u03b8\u03bf\u03cd\u03bd \u03bf\u03b9 \u03b9\u03b4\u03b9\u03cc\u03c4\u03b7\u03c4\u03b5\u03c2 \u03c4\u03bf\u03c5 \u03ae\u03c7\u03bf\u03c5 \u03b2\u03b5\u03bb\u03c4\u03b9\u03ce\u03bd\u03bf\u03bd\u03c4\u03b1\u03c2 \u03c4\u03b7\u03bd \u03c0\u03bf\u03b9\u03cc\u03c4\u03b7\u03c4\u03b1 \u03c4\u03bf\u03c5. \u0397 \u03b1\u03c0\u03bf\u03c1\u03c1\u03cc\u03c6\u03b7\u03c3\u03b7 \u03c4\u03bf\u03c5 \u03ae\u03c7\u03bf\u03c5 \u03b5\u03af\u03bd\u03b1\u03b9 \u03b4\u03b9\u03b1\u03c6\u03bf\u03c1\u03b5\u03c4\u03b9\u03ba\u03ae \u03b1\u03c0\u03cc \u03c4\u03b7\u03bd \u03b7\u03c7\u03bf\u03bc\u03cc\u03bd\u03c9\u03c3\u03b7, \u03b7 \u03bf\u03c0\u03bf\u03af\u03b1 \u03c7\u03c1\u03b7\u03c3\u03b9\u03bc\u03bf\u03c0\u03bf\u03b9\u03b5\u03af\u03c4\u03b1\u03b9 \u03b3\u03b9\u03b1 \u03bd\u03b1 \u03bc\u03b5\u03b9\u03ce\u03c3\u03b5\u03b9 \u03c4\u03bf\u03bd \u03ae\u03c7\u03bf \u03b1\u03c0\u03cc \u03c4\u03bf \u03b4\u03c9\u03bc\u03ac\u03c4\u03b9\u03bf.  \u03a7\u03c1\u03b7\u03c3\u03b9\u03bc\u03bf\u03c0\u03bf\u03b9\u03bf\u03cd\u03bd\u03c4\u03b1\u03b9 \u03c3\u03b5 \u03c3\u03c4\u03bf\u03cd\u03bd\u03c4\u03b9\u03bf \u03b7\u03c7\u03bf\u03b3\u03c1\u03ac\u03c6\u03b7\u03c3\u03b7\u03c2, \u03c3\u03b5 \u03ba\u03b9\u03bd\u03b7\u03bc\u03b1\u03c4\u03bf\u03b3\u03c1\u03ac\u03c6\u03bf\u03c5\u03c2, \u03b5\u03c3\u03c4\u03b9\u03b1\u03c4\u03cc\u03c1\u03b9\u03b1, \u03bd\u03c5\u03c7\u03c4\u03b5\u03c1\u03b9\u03bd\u03ac \u03ba\u03ad\u03bd\u03c4\u03c1\u03b1, \u03b5\u03ba\u03ba\u03bb\u03b7\u03c3\u03af\u03b5\u03c2 \u03ba.\u03b1.","og_url":"https:\/\/alfawood.gr\/fr\/product\/ash-acoustic","og_site_name":"\u0395\u03c0\u03b9\u03c6\u03ac\u03bd\u03b5\u03b9\u03b5\u03c2 \u039c\u03b5\u03bb\u03b1\u03bc\u03af\u03bd\u03b7\u03c2 MDF \u039c\u03bf\u03c1\u03b9\u03bf\u03c3\u03b1\u03bd\u03af\u03b4\u03b1 \u03a0\u03ac\u03b3\u03ba\u03bf\u03b9 \u0394\u03ac\u03c0\u03b5\u03b4\u03b1 \u03a0\u03cc\u03c1\u03c4\u03b5\u03c2","article_publisher":"https:\/\/www.facebook.com\/alfawood.group","article_modified_time":"2024-10-10T12:25:28+00:00","og_image":[{"width":599,"height":823,"url":"https:\/\/alfawood.gr\/wp-content\/uploads\/2023\/03\/accoustic-ash-e1731057407522.jpg","type":"image\/jpeg"}],"twitter_card":"summary_large_image","twitter_site":"@ALFAWOODGROUP","twitter_misc":{"Dur\u00e9e de lecture estim\u00e9e":"1 minute"},"schema":{"@context":"https:\/\/schema.org","@graph":[{"@type":"WebPage","@id":"https:\/\/alfawood.gr\/fr\/product\/ash-acoustic\/","url":"https:\/\/alfawood.gr\/fr\/product\/ash-acoustic\/","name":"Fr\u00eane - Acoustique - Surfaces m\u00e9lamine Panneaux de particules MDF Comptoirs Sols Portes","isPartOf":{"@id":"https:\/\/alfawood.gr\/#website"},"primaryImageOfPage":{"@id":"https:\/\/alfawood.gr\/fr\/product\/ash-acoustic\/#primaryimage"},"image":{"@id":"https:\/\/alfawood.gr\/fr\/product\/ash-acoustic\/#primaryimage"},"thumbnailUrl":"https:\/\/alfawood.gr\/wp-content\/uploads\/2023\/03\/accoustic-ash-e1731057407522.jpg","datePublished":"2023-03-07T08:17:50+00:00","dateModified":"2024-10-10T12:25:28+00:00","breadcrumb":{"@id":"https:\/\/alfawood.gr\/fr\/product\/ash-acoustic\/#breadcrumb"},"inLanguage":"fr-FR","potentialAction":[{"@type":"ReadAction","target":["https:\/\/alfawood.gr\/fr\/product\/ash-acoustic\/"]}]},{"@type":"ImageObject","inLanguage":"fr-FR","@id":"https:\/\/alfawood.gr\/fr\/product\/ash-acoustic\/#primaryimage","url":"https:\/\/alfawood.gr\/wp-content\/uploads\/2023\/03\/accoustic-ash-e1731057407522.jpg","contentUrl":"https:\/\/alfawood.gr\/wp-content\/uploads\/2023\/03\/accoustic-ash-e1731057407522.jpg","width":599,"height":823,"caption":"\u03b1\u03ba\u03bf\u03c5\u03c3\u03c4\u03b9\u03ba\u03bf \u03c0\u03b1\u03bd\u03b5\u03bb ash"},{"@type":"BreadcrumbList","@id":"https:\/\/alfawood.gr\/fr\/product\/ash-acoustic\/#breadcrumb","itemListElement":[{"@type":"ListItem","position":1,"name":"Home","item":"https:\/\/alfawood.gr\/"},{"@type":"ListItem","position":2,"name":"\u03a0\u03c1\u03bf\u03ca\u03cc\u03bd\u03c4\u03b1","item":"https:\/\/alfawood.gr\/proionta-wood\/"},{"@type":"ListItem","position":3,"name":"\u0394\u03b9\u03b1\u03ba\u03cc\u03c3\u03bc\u03b7\u03c3\u03b7 \u03a4\u03bf\u03af\u03c7\u03bf\u03c5","item":"https:\/\/alfawood.gr\/category\/diakosmiseis-toixon-ksylo\/"},{"@type":"ListItem","position":4,"name":"\u0391\u03ba\u03bf\u03c5\u03c3\u03c4\u03b9\u03ba\u03ac \u03a0\u03ac\u03bd\u03b5\u03bb","item":"https:\/\/alfawood.gr\/category\/diakosmiseis-toixon-ksylo\/acoustic-panel\/"},{"@type":"ListItem","position":5,"name":"Ash &#8211; Acoustic"}]},{"@type":"WebSite","@id":"https:\/\/alfawood.gr\/#website","url":"https:\/\/alfawood.gr\/","name":"Surfaces en m\u00e9lamine Comptoirs en panneaux de particules MDF Planchers Portes","description":"Alfa Wood Group Industrie du bois","publisher":{"@id":"https:\/\/alfawood.gr\/#organization"},"alternateName":"Melamines - MDF - Laminate - Worktops","potentialAction":[{"@type":"SearchAction","target":{"@type":"EntryPoint","urlTemplate":"https:\/\/alfawood.gr\/?s={search_term_string}"},"query-input":{"@type":"PropertyValueSpecification","valueRequired":true,"valueName":"search_term_string"}}],"inLanguage":"fr-FR"},{"@type":"Organization","@id":"https:\/\/alfawood.gr\/#organization","name":"Groupe Alfa Bois","url":"https:\/\/alfawood.gr\/","logo":{"@type":"ImageObject","inLanguage":"fr-FR","@id":"https:\/\/alfawood.gr\/#\/schema\/logo\/image\/","url":"https:\/\/alfawood.gr\/wp-content\/uploads\/2023\/02\/alfa-wood-logo-1.svg","contentUrl":"https:\/\/alfawood.gr\/wp-content\/uploads\/2023\/02\/alfa-wood-logo-1.svg","width":305,"height":195,"caption":"Alfa Wood Group"},"image":{"@id":"https:\/\/alfawood.gr\/#\/schema\/logo\/image\/"},"sameAs":["https:\/\/www.facebook.com\/alfawood.group","https:\/\/x.com\/ALFAWOODGROUP","https:\/\/www.instagram.com\/alfawood.group","https:\/\/www.youtube.com\/@alfawoodgroup","https:\/\/www.tiktok.com\/@alfawood.group","https:\/\/vimeo.com\/alfawood","https:\/\/www.linkedin.com\/company\/alfawoodgroup","https:\/\/www.pinterest.com\/alfawoodgroup\/"]}]}},"_links":{"self":[{"href":"https:\/\/alfawood.gr\/fr\/wp-json\/wp\/v2\/product\/15208","targetHints":{"allow":["GET"]}}],"collection":[{"href":"https:\/\/alfawood.gr\/fr\/wp-json\/wp\/v2\/product"}],"about":[{"href":"https:\/\/alfawood.gr\/fr\/wp-json\/wp\/v2\/types\/product"}],"version-history":[{"count":0,"href":"https:\/\/alfawood.gr\/fr\/wp-json\/wp\/v2\/product\/15208\/revisions"}],"wp:featuredmedia":[{"embeddable":true,"href":"https:\/\/alfawood.gr\/fr\/wp-json\/wp\/v2\/media\/20964"}],"wp:attachment":[{"href":"https:\/\/alfawood.gr\/fr\/wp-json\/wp\/v2\/media?parent=15208"}],"wp:term":[{"taxonomy":"product_brand","embeddable":true,"href":"https:\/\/alfawood.gr\/fr\/wp-json\/wp\/v2\/product_brand?post=15208"},{"taxonomy":"product_cat","embeddable":true,"href":"https:\/\/alfawood.gr\/fr\/wp-json\/wp\/v2\/product_cat?post=15208"},{"taxonomy":"product_tag","embeddable":true,"href":"https:\/\/alfawood.gr\/fr\/wp-json\/wp\/v2\/product_tag?post=15208"}],"curies":[{"name":"wp","href":"https:\/\/api.w.org\/{rel}","templated":true}]}}