{"id":15258,"date":"2023-03-07T08:19:07","date_gmt":"2023-03-07T08:19:07","guid":{"rendered":"https:\/\/alfawood.gr\/product\/l-a-f-mdf-%cf%80%cf%81%ce%bf%cf%8a%cf%8c%ce%bd-%cf%80%ce%bf%ce%bb%cf%8d-%cf%87%ce%b1%ce%bc%ce%b7%ce%bb%ce%ae%cf%82-%cf%80%cf%81%ce%bf%cf%83%ce%b8%ce%ae%ce%ba%ce%b7%cf%82-%cf%86%ce%bf%cf%81%ce%bc\/"},"modified":"2023-04-26T09:09:01","modified_gmt":"2023-04-26T09:09:01","slug":"hdf-xamili-folmadeidi","status":"publish","type":"product","link":"https:\/\/alfawood.gr\/fr\/product\/hdf-xamili-folmadeidi\/","title":{"rendered":"Panneau de fibres de bois HDF WR Noir \u2013 Xamilis Formald\u00e9hyde"},"content":{"rendered":"<p><strong>Caract\u00e9ristiques:<\/strong><br \/>\nR\u00e9sistance exceptionnelle \u00e0 l&#039;humidit\u00e9, Texture de surface impeccable, Tr\u00e8s haute r\u00e9sistance \u00e0 la traction, Tr\u00e8s grande stabilit\u00e9 aux changements environnementaux, Facilit\u00e9 de traitement, Tr\u00e8s haute densit\u00e9, R\u00e9sistance \u00e0 l&#039;humidit\u00e9.<\/p>\n<p><strong>Applications\u00a0:<\/strong><br \/>\nUtiliser dans les zones int\u00e9rieures \u00e0 forte humidit\u00e9, pour s\u00e9parer les zones avec des changements de temp\u00e9rature, \u00e0 l&#039;ext\u00e9rieur comme produit rev\u00eatu, sur les portes ext\u00e9rieures, comme mat\u00e9riaux dans les greniers, sur les tables rev\u00eatues expos\u00e9es \u00e0 l&#039;ext\u00e9rieur. conditions environnementales, etc.<\/p>\n<p><strong>Avantages : <\/strong><br \/>\nR\u00e9sistant aux environnements \u00e0 fortes exigences, forte humidit\u00e9, R\u00e9sistance aux rayons UV, Tr\u00e8s stable aux changements ext\u00e9rieurs, Haute r\u00e9sistance \u00e0 la traction, Haute r\u00e9sistance \u00e0 la flexion, Non toxique, Respectueux de l&#039;environnement, tr\u00e8s faibles \u00e9missions de formald\u00e9hyde.<\/p>","protected":false},"excerpt":{"rendered":"<p>Panneau de fibres \u00e0 haute densit\u00e9 <strong>HDF WR Noyau noir LAF<\/strong> Il s&#039;agit d&#039;un panneau de fibres qui combine une tr\u00e8s haute r\u00e9sistance \u00e0 l&#039;humidit\u00e9. avec des propri\u00e9t\u00e9s m\u00e9caniques super am\u00e9lior\u00e9es <strong>sans ajout suppl\u00e9mentaire de formald\u00e9hyde<\/strong>. Il est compos\u00e9 de fibres de bois auxquelles ont \u00e9t\u00e9 ajout\u00e9es des r\u00e9sines sp\u00e9cialis\u00e9es sans formald\u00e9hyde et respectueuses de l&#039;environnement, des mat\u00e9riaux qui conf\u00e8rent au mat\u00e9riau une r\u00e9sistance suppl\u00e9mentaire \u00e0 l&#039;humidit\u00e9 d&#039;espaces particuliers.<\/p>\n<p>Enti\u00e8rement conforme aux tests V100 (tels que d\u00e9crits dans la norme EN 1087-1).<br \/>\nIl peut \u00eatre utilis\u00e9 pour les espaces int\u00e9rieurs qui s\u00e9parent des environnements avec des conditions de temp\u00e9rature diff\u00e9rentes, ainsi qu&#039;\u00e0 l&#039;ext\u00e9rieur lorsqu&#039;il est couvert.<br \/>\nIl est fabriqu\u00e9 en noir, de sorte qu&#039;il se distingue compl\u00e8tement des autres produits du groupe ALFA WOOD.<\/p>","protected":false},"featured_media":21276,"template":"","meta":{"_acf_changed":false,"inline_featured_image":false,"cybocfi_hide_featured_image":""},"product_brand":[],"product_cat":[102,117],"product_tag":[],"class_list":{"0":"post-15258","1":"product","2":"type-product","3":"status-publish","4":"has-post-thumbnail","6":"product_cat-panels","7":"product_cat-mdf-inosanida","9":"first","10":"instock","11":"product-type-simple"},"acf":[],"yoast_head":"<!-- This site is optimized with the Yoast SEO Premium plugin v27.3 (Yoast SEO v27.3) - https:\/\/yoast.com\/product\/yoast-seo-premium-wordpress\/ -->\n<title>\u0399\u03bd\u03bf\u03c3\u03b1\u03bd\u03af\u03b4\u03b1 HDF WR Black - X\u03b1\u03bc\u03b7\u03bb\u03ae\u03c2 \u03a6\u03bf\u03c1\u03bc\u03b1\u03bb\u03b4\u03b5\u03b0\u03b4\u03b7\u03c2 - \u0395\u03c0\u03b9\u03c6\u03ac\u03bd\u03b5\u03b9\u03b5\u03c2 \u039c\u03b5\u03bb\u03b1\u03bc\u03af\u03bd\u03b7\u03c2 MDF \u039c\u03bf\u03c1\u03b9\u03bf\u03c3\u03b1\u03bd\u03af\u03b4\u03b1 \u03a0\u03ac\u03b3\u03ba\u03bf\u03b9 \u0394\u03ac\u03c0\u03b5\u03b4\u03b1 \u03a0\u03cc\u03c1\u03c4\u03b5\u03c2<\/title>\n<meta name=\"robots\" content=\"index, follow, max-snippet:-1, max-image-preview:large, max-video-preview:-1\" \/>\n<link rel=\"canonical\" href=\"https:\/\/alfawood.gr\/fr\/product\/hdf-xamili-folmadeidi\" \/>\n<meta property=\"og:locale\" content=\"fr_FR\" \/>\n<meta property=\"og:type\" content=\"article\" \/>\n<meta property=\"og:title\" content=\"\u0399\u03bd\u03bf\u03c3\u03b1\u03bd\u03af\u03b4\u03b1 HDF WR Black - X\u03b1\u03bc\u03b7\u03bb\u03ae\u03c2 \u03a6\u03bf\u03c1\u03bc\u03b1\u03bb\u03b4\u03b5\u03b0\u03b4\u03b7\u03c2\" \/>\n<meta property=\"og:description\" content=\"\u0397 \u03b9\u03bd\u03bf\u03c3\u03b1\u03bd\u03af\u03b4\u03b1 \u03c5\u03c8\u03b7\u03bb\u03ae\u03c2 \u03c0\u03c5\u03ba\u03bd\u03cc\u03c4\u03b7\u03c4\u03b1\u03c2 HDF WR Black Core L.A.F \u03b5\u03af\u03bd\u03b1\u03b9 \u03bc\u03af\u03b1 \u03b9\u03bd\u03bf\u03c3\u03b1\u03bd\u03af\u03b4\u03b1 \u03c0\u03bf\u03c5 \u03c3\u03c5\u03bd\u03b4\u03c5\u03ac\u03b6\u03b5\u03b9 \u03c4\u03b7\u03bd \u03c0\u03bf\u03bb\u03cd \u03c5\u03c8\u03b7\u03bb\u03ae \u03b1\u03bd\u03c4\u03af\u03c3\u03c4\u03b1\u03c3\u03b7 \u03c3\u03c4\u03b7\u03bd \u03c5\u03b3\u03c1\u03b1\u03c3\u03af\u03b1. \u03bc\u03b5 \u03c5\u03c0\u03b5\u03c1\u03b1\u03c5\u03be\u03b7\u03bc\u03ad\u03bd\u03b5\u03c2 \u03bc\u03b7\u03c7\u03b1\u03bd\u03b9\u03ba\u03ad\u03c2 \u03b9\u03b4\u03b9\u03cc\u03c4\u03b7\u03c4\u03b5\u03c2 \u03c7\u03c9\u03c1\u03af\u03c2 \u03c0\u03c1\u03bf\u03c3\u03b8\u03ae\u03ba\u03b7 \u03b5\u03c0\u03b9\u03c0\u03bb\u03ad\u03bf\u03bd \u03c6\u03bf\u03c1\u03bc\u03b1\u03bb\u03b4\u03b5\u03cd\u03b4\u03b7\u03c2. \u0391\u03c0\u03bf\u03c4\u03b5\u03bb\u03b5\u03af\u03c4\u03b1\u03b9 \u03b1\u03c0\u03cc \u03af\u03bd\u03b5\u03c2 \u03be\u03cd\u03bb\u03bf\u03c5 \u03c3\u03c4\u03b9\u03c2 \u03bf\u03c0\u03bf\u03af\u03b5\u03c2 \u03ad\u03c7\u03bf\u03c5\u03bd\u03b5 \u03c0\u03c1\u03bf\u03c3\u03c4\u03b5\u03b8\u03b5\u03af \u03b5\u03be\u03b5\u03b9\u03b4\u03b9\u03ba\u03b5\u03c5\u03bc\u03ad\u03bd\u03b5\u03c2 \u03c1\u03b7\u03c4\u03af\u03bd\u03b5\u03c2 \u03c7\u03c9\u03c1\u03af\u03c2 \u03c6\u03bf\u03c1\u03bc\u03b1\u03bb\u03b4\u03b5\u03cd\u03b4\u03b7 \u03c6\u03b9\u03bb\u03b9\u03ba\u03ad\u03c2 \u03c0\u03c1\u03bf\u03c2 \u03c4\u03bf \u03c0\u03b5\u03c1\u03b9\u03b2\u03ac\u03bb\u03bb\u03bf\u03bd, \u03c5\u03bb\u03b9\u03ba\u03ac \u03c4\u03b1 \u03bf\u03c0\u03bf\u03af\u03b1 \u03c0\u03c1\u03bf\u03c3\u03b4\u03af\u03b4\u03bf\u03c5\u03bd \u03c4\u03b7\u03bd \u03b5\u03c0\u03b9\u03c0\u03bb\u03ad\u03bf\u03bd \u03b1\u03bd\u03c4\u03af\u03c3\u03c4\u03b1\u03c3\u03b7 \u03c4\u03bf\u03c5 \u03c5\u03bb\u03b9\u03ba\u03bf\u03cd \u03c3\u03c4\u03b7\u03bd \u03c5\u03b3\u03c1\u03b1\u03c3\u03af\u03b1 \u03b9\u03b4\u03b9\u03b1\u03af\u03c4\u03b5\u03c1\u03c9\u03bd \u03c7\u03ce\u03c1\u03c9\u03bd.  \u03a3\u03c5\u03bc\u03bc\u03bf\u03c1\u03c6\u03ce\u03bd\u03b5\u03c4\u03b1\u03b9 \u03c0\u03bb\u03ae\u03c1\u03c9\u03c2 \u03bc\u03b5 \u03c4\u03b1 \u03c4\u03b5\u03c3\u03c4 V100 (\u03cc\u03c0\u03c9\u03c2 \u03c0\u03b5\u03c1\u03b9\u03b3\u03c1\u03ac\u03c6\u03b5\u03c4\u03b1\u03b9 \u03c3\u03c4\u03bf EN 1087-1). \u039c\u03c0\u03bf\u03c1\u03b5\u03af \u03bd\u03b1 \u03c7\u03c1\u03b7\u03c3\u03b9\u03bc\u03bf\u03c0\u03bf\u03b9\u03b7\u03b8\u03b5\u03af \u03b3\u03b9\u03b1 \u03b5\u03c3\u03c9\u03c4\u03b5\u03c1\u03b9\u03ba\u03bf\u03cd\u03c2 \u03c7\u03ce\u03c1\u03bf\u03c5\u03c2 \u03c0\u03bf\u03c5 \u03b4\u03b9\u03b1\u03c7\u03c9\u03c1\u03af\u03b6\u03bf\u03c5\u03bd \u03c0\u03b5\u03c1\u03b9\u03b2\u03ac\u03bb\u03bb\u03bf\u03bd\u03c4\u03b1 \u03bc\u03b5 \u03b4\u03b9\u03b1\u03c6\u03bf\u03c1\u03b5\u03c4\u03b9\u03ba\u03ad\u03c2 \u03c3\u03c5\u03bd\u03b8\u03ae\u03ba\u03b5\u03c2 \u03b8\u03b5\u03c1\u03bc\u03bf\u03ba\u03c1\u03b1\u03c3\u03af\u03b1\u03c2, \u03ba\u03b1\u03b8\u03ce\u03c2 \u03ba\u03b1\u03b9 \u03c3\u03b5 \u03b5\u03be\u03c9\u03c4\u03b5\u03c1\u03b9\u03ba\u03bf\u03cd\u03c2 \u03c7\u03ce\u03c1\u03bf\u03c5\u03c2 \u03cc\u03c4\u03b1\u03bd \u03b5\u03af\u03bd\u03b1\u03b9 \u03ba\u03b1\u03bb\u03c5\u03bc\u03bc\u03ad\u03bd\u03b7. \u03a0\u03b1\u03c1\u03ac\u03b3\u03b5\u03c4\u03b1\u03b9 \u03c3\u03b5 \u03c7\u03c1\u03ce\u03bc\u03b1 \u03bc\u03b1\u03cd\u03c1\u03bf, \u03ce\u03c3\u03c4\u03b5 \u03bd\u03b1 \u03be\u03b5\u03c7\u03c9\u03c1\u03af\u03b6\u03b5\u03b9 \u03b1\u03c0\u03cc\u03bb\u03c5\u03c4\u03b1 \u03b1\u03c0\u03cc \u03c4\u03b1 \u03c5\u03c0\u03cc\u03bb\u03bf\u03b9\u03c0\u03b1 \u03c0\u03c1\u03bf\u03ca\u03cc\u03bd\u03c4\u03b1 \u03c4\u03bf\u03c5 \u03bf\u03bc\u03af\u03bb\u03bf\u03c5 ALFA WOOD.\" \/>\n<meta property=\"og:url\" content=\"https:\/\/alfawood.gr\/fr\/product\/hdf-xamili-folmadeidi\" \/>\n<meta property=\"og:site_name\" content=\"\u0395\u03c0\u03b9\u03c6\u03ac\u03bd\u03b5\u03b9\u03b5\u03c2 \u039c\u03b5\u03bb\u03b1\u03bc\u03af\u03bd\u03b7\u03c2 MDF \u039c\u03bf\u03c1\u03b9\u03bf\u03c3\u03b1\u03bd\u03af\u03b4\u03b1 \u03a0\u03ac\u03b3\u03ba\u03bf\u03b9 \u0394\u03ac\u03c0\u03b5\u03b4\u03b1 \u03a0\u03cc\u03c1\u03c4\u03b5\u03c2\" \/>\n<meta property=\"article:publisher\" content=\"https:\/\/www.facebook.com\/alfawood.group\" \/>\n<meta property=\"article:modified_time\" content=\"2023-04-26T09:09:01+00:00\" \/>\n<meta property=\"og:image\" content=\"https:\/\/alfawood.gr\/wp-content\/uploads\/2023\/03\/2661-mdf-colored-copy.jpg\" \/>\n\t<meta property=\"og:image:width\" content=\"1457\" \/>\n\t<meta property=\"og:image:height\" content=\"2000\" \/>\n\t<meta property=\"og:image:type\" content=\"image\/jpeg\" \/>\n<meta name=\"twitter:card\" content=\"summary_large_image\" \/>\n<meta name=\"twitter:site\" content=\"@ALFAWOODGROUP\" \/>\n<meta name=\"twitter:label1\" content=\"Dur\u00e9e de lecture estim\u00e9e\" \/>\n\t<meta name=\"twitter:data1\" content=\"1 minute\" \/>\n<script type=\"application\/ld+json\" class=\"yoast-schema-graph\">{\"@context\":\"https:\\\/\\\/schema.org\",\"@graph\":[{\"@type\":\"WebPage\",\"@id\":\"https:\\\/\\\/alfawood.gr\\\/product\\\/hdf-xamili-folmadeidi\\\/\",\"url\":\"https:\\\/\\\/alfawood.gr\\\/product\\\/hdf-xamili-folmadeidi\\\/\",\"name\":\"\u0399\u03bd\u03bf\u03c3\u03b1\u03bd\u03af\u03b4\u03b1 HDF WR Black - X\u03b1\u03bc\u03b7\u03bb\u03ae\u03c2 \u03a6\u03bf\u03c1\u03bc\u03b1\u03bb\u03b4\u03b5\u03b0\u03b4\u03b7\u03c2 - \u0395\u03c0\u03b9\u03c6\u03ac\u03bd\u03b5\u03b9\u03b5\u03c2 \u039c\u03b5\u03bb\u03b1\u03bc\u03af\u03bd\u03b7\u03c2 MDF \u039c\u03bf\u03c1\u03b9\u03bf\u03c3\u03b1\u03bd\u03af\u03b4\u03b1 \u03a0\u03ac\u03b3\u03ba\u03bf\u03b9 \u0394\u03ac\u03c0\u03b5\u03b4\u03b1 \u03a0\u03cc\u03c1\u03c4\u03b5\u03c2\",\"isPartOf\":{\"@id\":\"https:\\\/\\\/alfawood.gr\\\/#website\"},\"primaryImageOfPage\":{\"@id\":\"https:\\\/\\\/alfawood.gr\\\/product\\\/hdf-xamili-folmadeidi\\\/#primaryimage\"},\"image\":{\"@id\":\"https:\\\/\\\/alfawood.gr\\\/product\\\/hdf-xamili-folmadeidi\\\/#primaryimage\"},\"thumbnailUrl\":\"https:\\\/\\\/alfawood.gr\\\/wp-content\\\/uploads\\\/2023\\\/03\\\/2661-mdf-colored-copy.jpg\",\"datePublished\":\"2023-03-07T08:19:07+00:00\",\"dateModified\":\"2023-04-26T09:09:01+00:00\",\"breadcrumb\":{\"@id\":\"https:\\\/\\\/alfawood.gr\\\/product\\\/hdf-xamili-folmadeidi\\\/#breadcrumb\"},\"inLanguage\":\"fr-FR\",\"potentialAction\":[{\"@type\":\"ReadAction\",\"target\":[\"https:\\\/\\\/alfawood.gr\\\/product\\\/hdf-xamili-folmadeidi\\\/\"]}]},{\"@type\":\"ImageObject\",\"inLanguage\":\"fr-FR\",\"@id\":\"https:\\\/\\\/alfawood.gr\\\/product\\\/hdf-xamili-folmadeidi\\\/#primaryimage\",\"url\":\"https:\\\/\\\/alfawood.gr\\\/wp-content\\\/uploads\\\/2023\\\/03\\\/2661-mdf-colored-copy.jpg\",\"contentUrl\":\"https:\\\/\\\/alfawood.gr\\\/wp-content\\\/uploads\\\/2023\\\/03\\\/2661-mdf-colored-copy.jpg\",\"width\":1457,\"height\":2000,\"caption\":\"Moriosanida-laf\"},{\"@type\":\"BreadcrumbList\",\"@id\":\"https:\\\/\\\/alfawood.gr\\\/product\\\/hdf-xamili-folmadeidi\\\/#breadcrumb\",\"itemListElement\":[{\"@type\":\"ListItem\",\"position\":1,\"name\":\"Home\",\"item\":\"https:\\\/\\\/alfawood.gr\\\/\"},{\"@type\":\"ListItem\",\"position\":2,\"name\":\"\u03a0\u03c1\u03bf\u03ca\u03cc\u03bd\u03c4\u03b1\",\"item\":\"https:\\\/\\\/alfawood.gr\\\/proionta-wood\\\/\"},{\"@type\":\"ListItem\",\"position\":3,\"name\":\"Alfa Panels\",\"item\":\"https:\\\/\\\/alfawood.gr\\\/category\\\/panels\\\/\"},{\"@type\":\"ListItem\",\"position\":4,\"name\":\"\u03a0\u03ac\u03bd\u03b5\u03bb \u0399\u03bd\u03bf\u03c3\u03b1\u03bd\u03af\u03b4\u03b1\u03c2 (MDF)\",\"item\":\"https:\\\/\\\/alfawood.gr\\\/category\\\/panels\\\/mdf-inosanida\\\/\"},{\"@type\":\"ListItem\",\"position\":5,\"name\":\"\u0399\u03bd\u03bf\u03c3\u03b1\u03bd\u03af\u03b4\u03b1 HDF WR Black &#8211; X\u03b1\u03bc\u03b7\u03bb\u03ae\u03c2 \u03a6\u03bf\u03c1\u03bc\u03b1\u03bb\u03b4\u03b5\u03b0\u03b4\u03b7\u03c2\"}]},{\"@type\":\"WebSite\",\"@id\":\"https:\\\/\\\/alfawood.gr\\\/#website\",\"url\":\"https:\\\/\\\/alfawood.gr\\\/\",\"name\":\"\u0395\u03c0\u03b9\u03c6\u03ac\u03bd\u03b5\u03b9\u03b5\u03c2 \u039c\u03b5\u03bb\u03b1\u03bc\u03af\u03bd\u03b7\u03c2 MDF \u039c\u03bf\u03c1\u03b9\u03bf\u03c3\u03b1\u03bd\u03af\u03b4\u03b1 \u03a0\u03ac\u03b3\u03ba\u03bf\u03b9 \u0394\u03ac\u03c0\u03b5\u03b4\u03b1 \u03a0\u03cc\u03c1\u03c4\u03b5\u03c2\",\"description\":\"\u0392\u03b9\u03bf\u03bc\u03b7\u03c7\u03b1\u03bd\u03af\u03b1 \u039e\u03cd\u03bb\u03bf\u03c5 Alfa Wood Group\",\"publisher\":{\"@id\":\"https:\\\/\\\/alfawood.gr\\\/#organization\"},\"alternateName\":\"Melamines - MDF - Laminate - Worktops\",\"potentialAction\":[{\"@type\":\"SearchAction\",\"target\":{\"@type\":\"EntryPoint\",\"urlTemplate\":\"https:\\\/\\\/alfawood.gr\\\/?s={search_term_string}\"},\"query-input\":{\"@type\":\"PropertyValueSpecification\",\"valueRequired\":true,\"valueName\":\"search_term_string\"}}],\"inLanguage\":\"fr-FR\"},{\"@type\":\"Organization\",\"@id\":\"https:\\\/\\\/alfawood.gr\\\/#organization\",\"name\":\"Alfa Wood Group\",\"url\":\"https:\\\/\\\/alfawood.gr\\\/\",\"logo\":{\"@type\":\"ImageObject\",\"inLanguage\":\"fr-FR\",\"@id\":\"https:\\\/\\\/alfawood.gr\\\/#\\\/schema\\\/logo\\\/image\\\/\",\"url\":\"https:\\\/\\\/alfawood.gr\\\/wp-content\\\/uploads\\\/2023\\\/02\\\/alfa-wood-logo-1.svg\",\"contentUrl\":\"https:\\\/\\\/alfawood.gr\\\/wp-content\\\/uploads\\\/2023\\\/02\\\/alfa-wood-logo-1.svg\",\"width\":305,\"height\":195,\"caption\":\"Alfa Wood Group\"},\"image\":{\"@id\":\"https:\\\/\\\/alfawood.gr\\\/#\\\/schema\\\/logo\\\/image\\\/\"},\"sameAs\":[\"https:\\\/\\\/www.facebook.com\\\/alfawood.group\",\"https:\\\/\\\/x.com\\\/ALFAWOODGROUP\",\"https:\\\/\\\/www.instagram.com\\\/alfawood.group\",\"https:\\\/\\\/www.youtube.com\\\/@alfawoodgroup\",\"https:\\\/\\\/www.tiktok.com\\\/@alfawood.group\",\"https:\\\/\\\/vimeo.com\\\/alfawood\",\"https:\\\/\\\/www.linkedin.com\\\/company\\\/alfawoodgroup\",\"https:\\\/\\\/www.pinterest.com\\\/alfawoodgroup\\\/\"]}]}<\/script>\n<!-- \/ Yoast SEO Premium plugin. -->","yoast_head_json":{"title":"Panneau de fibres HDF WR noir - Faible teneur en formald\u00e9hyde - Surfaces en m\u00e9lamine Panneaux de particules MDF Comptoirs Planchers Portes","robots":{"index":"index","follow":"follow","max-snippet":"max-snippet:-1","max-image-preview":"max-image-preview:large","max-video-preview":"max-video-preview:-1"},"canonical":"https:\/\/alfawood.gr\/fr\/product\/hdf-xamili-folmadeidi","og_locale":"fr_FR","og_type":"article","og_title":"\u0399\u03bd\u03bf\u03c3\u03b1\u03bd\u03af\u03b4\u03b1 HDF WR Black - X\u03b1\u03bc\u03b7\u03bb\u03ae\u03c2 \u03a6\u03bf\u03c1\u03bc\u03b1\u03bb\u03b4\u03b5\u03b0\u03b4\u03b7\u03c2","og_description":"\u0397 \u03b9\u03bd\u03bf\u03c3\u03b1\u03bd\u03af\u03b4\u03b1 \u03c5\u03c8\u03b7\u03bb\u03ae\u03c2 \u03c0\u03c5\u03ba\u03bd\u03cc\u03c4\u03b7\u03c4\u03b1\u03c2 HDF WR Black Core L.A.F \u03b5\u03af\u03bd\u03b1\u03b9 \u03bc\u03af\u03b1 \u03b9\u03bd\u03bf\u03c3\u03b1\u03bd\u03af\u03b4\u03b1 \u03c0\u03bf\u03c5 \u03c3\u03c5\u03bd\u03b4\u03c5\u03ac\u03b6\u03b5\u03b9 \u03c4\u03b7\u03bd \u03c0\u03bf\u03bb\u03cd \u03c5\u03c8\u03b7\u03bb\u03ae \u03b1\u03bd\u03c4\u03af\u03c3\u03c4\u03b1\u03c3\u03b7 \u03c3\u03c4\u03b7\u03bd \u03c5\u03b3\u03c1\u03b1\u03c3\u03af\u03b1. \u03bc\u03b5 \u03c5\u03c0\u03b5\u03c1\u03b1\u03c5\u03be\u03b7\u03bc\u03ad\u03bd\u03b5\u03c2 \u03bc\u03b7\u03c7\u03b1\u03bd\u03b9\u03ba\u03ad\u03c2 \u03b9\u03b4\u03b9\u03cc\u03c4\u03b7\u03c4\u03b5\u03c2 \u03c7\u03c9\u03c1\u03af\u03c2 \u03c0\u03c1\u03bf\u03c3\u03b8\u03ae\u03ba\u03b7 \u03b5\u03c0\u03b9\u03c0\u03bb\u03ad\u03bf\u03bd \u03c6\u03bf\u03c1\u03bc\u03b1\u03bb\u03b4\u03b5\u03cd\u03b4\u03b7\u03c2. \u0391\u03c0\u03bf\u03c4\u03b5\u03bb\u03b5\u03af\u03c4\u03b1\u03b9 \u03b1\u03c0\u03cc \u03af\u03bd\u03b5\u03c2 \u03be\u03cd\u03bb\u03bf\u03c5 \u03c3\u03c4\u03b9\u03c2 \u03bf\u03c0\u03bf\u03af\u03b5\u03c2 \u03ad\u03c7\u03bf\u03c5\u03bd\u03b5 \u03c0\u03c1\u03bf\u03c3\u03c4\u03b5\u03b8\u03b5\u03af \u03b5\u03be\u03b5\u03b9\u03b4\u03b9\u03ba\u03b5\u03c5\u03bc\u03ad\u03bd\u03b5\u03c2 \u03c1\u03b7\u03c4\u03af\u03bd\u03b5\u03c2 \u03c7\u03c9\u03c1\u03af\u03c2 \u03c6\u03bf\u03c1\u03bc\u03b1\u03bb\u03b4\u03b5\u03cd\u03b4\u03b7 \u03c6\u03b9\u03bb\u03b9\u03ba\u03ad\u03c2 \u03c0\u03c1\u03bf\u03c2 \u03c4\u03bf \u03c0\u03b5\u03c1\u03b9\u03b2\u03ac\u03bb\u03bb\u03bf\u03bd, \u03c5\u03bb\u03b9\u03ba\u03ac \u03c4\u03b1 \u03bf\u03c0\u03bf\u03af\u03b1 \u03c0\u03c1\u03bf\u03c3\u03b4\u03af\u03b4\u03bf\u03c5\u03bd \u03c4\u03b7\u03bd \u03b5\u03c0\u03b9\u03c0\u03bb\u03ad\u03bf\u03bd \u03b1\u03bd\u03c4\u03af\u03c3\u03c4\u03b1\u03c3\u03b7 \u03c4\u03bf\u03c5 \u03c5\u03bb\u03b9\u03ba\u03bf\u03cd \u03c3\u03c4\u03b7\u03bd \u03c5\u03b3\u03c1\u03b1\u03c3\u03af\u03b1 \u03b9\u03b4\u03b9\u03b1\u03af\u03c4\u03b5\u03c1\u03c9\u03bd \u03c7\u03ce\u03c1\u03c9\u03bd.  \u03a3\u03c5\u03bc\u03bc\u03bf\u03c1\u03c6\u03ce\u03bd\u03b5\u03c4\u03b1\u03b9 \u03c0\u03bb\u03ae\u03c1\u03c9\u03c2 \u03bc\u03b5 \u03c4\u03b1 \u03c4\u03b5\u03c3\u03c4 V100 (\u03cc\u03c0\u03c9\u03c2 \u03c0\u03b5\u03c1\u03b9\u03b3\u03c1\u03ac\u03c6\u03b5\u03c4\u03b1\u03b9 \u03c3\u03c4\u03bf EN 1087-1). \u039c\u03c0\u03bf\u03c1\u03b5\u03af \u03bd\u03b1 \u03c7\u03c1\u03b7\u03c3\u03b9\u03bc\u03bf\u03c0\u03bf\u03b9\u03b7\u03b8\u03b5\u03af \u03b3\u03b9\u03b1 \u03b5\u03c3\u03c9\u03c4\u03b5\u03c1\u03b9\u03ba\u03bf\u03cd\u03c2 \u03c7\u03ce\u03c1\u03bf\u03c5\u03c2 \u03c0\u03bf\u03c5 \u03b4\u03b9\u03b1\u03c7\u03c9\u03c1\u03af\u03b6\u03bf\u03c5\u03bd \u03c0\u03b5\u03c1\u03b9\u03b2\u03ac\u03bb\u03bb\u03bf\u03bd\u03c4\u03b1 \u03bc\u03b5 \u03b4\u03b9\u03b1\u03c6\u03bf\u03c1\u03b5\u03c4\u03b9\u03ba\u03ad\u03c2 \u03c3\u03c5\u03bd\u03b8\u03ae\u03ba\u03b5\u03c2 \u03b8\u03b5\u03c1\u03bc\u03bf\u03ba\u03c1\u03b1\u03c3\u03af\u03b1\u03c2, \u03ba\u03b1\u03b8\u03ce\u03c2 \u03ba\u03b1\u03b9 \u03c3\u03b5 \u03b5\u03be\u03c9\u03c4\u03b5\u03c1\u03b9\u03ba\u03bf\u03cd\u03c2 \u03c7\u03ce\u03c1\u03bf\u03c5\u03c2 \u03cc\u03c4\u03b1\u03bd \u03b5\u03af\u03bd\u03b1\u03b9 \u03ba\u03b1\u03bb\u03c5\u03bc\u03bc\u03ad\u03bd\u03b7. \u03a0\u03b1\u03c1\u03ac\u03b3\u03b5\u03c4\u03b1\u03b9 \u03c3\u03b5 \u03c7\u03c1\u03ce\u03bc\u03b1 \u03bc\u03b1\u03cd\u03c1\u03bf, \u03ce\u03c3\u03c4\u03b5 \u03bd\u03b1 \u03be\u03b5\u03c7\u03c9\u03c1\u03af\u03b6\u03b5\u03b9 \u03b1\u03c0\u03cc\u03bb\u03c5\u03c4\u03b1 \u03b1\u03c0\u03cc \u03c4\u03b1 \u03c5\u03c0\u03cc\u03bb\u03bf\u03b9\u03c0\u03b1 \u03c0\u03c1\u03bf\u03ca\u03cc\u03bd\u03c4\u03b1 \u03c4\u03bf\u03c5 \u03bf\u03bc\u03af\u03bb\u03bf\u03c5 ALFA WOOD.","og_url":"https:\/\/alfawood.gr\/fr\/product\/hdf-xamili-folmadeidi","og_site_name":"\u0395\u03c0\u03b9\u03c6\u03ac\u03bd\u03b5\u03b9\u03b5\u03c2 \u039c\u03b5\u03bb\u03b1\u03bc\u03af\u03bd\u03b7\u03c2 MDF \u039c\u03bf\u03c1\u03b9\u03bf\u03c3\u03b1\u03bd\u03af\u03b4\u03b1 \u03a0\u03ac\u03b3\u03ba\u03bf\u03b9 \u0394\u03ac\u03c0\u03b5\u03b4\u03b1 \u03a0\u03cc\u03c1\u03c4\u03b5\u03c2","article_publisher":"https:\/\/www.facebook.com\/alfawood.group","article_modified_time":"2023-04-26T09:09:01+00:00","og_image":[{"width":1457,"height":2000,"url":"https:\/\/alfawood.gr\/wp-content\/uploads\/2023\/03\/2661-mdf-colored-copy.jpg","type":"image\/jpeg"}],"twitter_card":"summary_large_image","twitter_site":"@ALFAWOODGROUP","twitter_misc":{"Dur\u00e9e de lecture estim\u00e9e":"1 minute"},"schema":{"@context":"https:\/\/schema.org","@graph":[{"@type":"WebPage","@id":"https:\/\/alfawood.gr\/product\/hdf-xamili-folmadeidi\/","url":"https:\/\/alfawood.gr\/product\/hdf-xamili-folmadeidi\/","name":"Panneau de fibres HDF WR noir - Faible teneur en formald\u00e9hyde - Surfaces en m\u00e9lamine Panneaux de particules MDF Comptoirs Planchers Portes","isPartOf":{"@id":"https:\/\/alfawood.gr\/#website"},"primaryImageOfPage":{"@id":"https:\/\/alfawood.gr\/product\/hdf-xamili-folmadeidi\/#primaryimage"},"image":{"@id":"https:\/\/alfawood.gr\/product\/hdf-xamili-folmadeidi\/#primaryimage"},"thumbnailUrl":"https:\/\/alfawood.gr\/wp-content\/uploads\/2023\/03\/2661-mdf-colored-copy.jpg","datePublished":"2023-03-07T08:19:07+00:00","dateModified":"2023-04-26T09:09:01+00:00","breadcrumb":{"@id":"https:\/\/alfawood.gr\/product\/hdf-xamili-folmadeidi\/#breadcrumb"},"inLanguage":"fr-FR","potentialAction":[{"@type":"ReadAction","target":["https:\/\/alfawood.gr\/product\/hdf-xamili-folmadeidi\/"]}]},{"@type":"ImageObject","inLanguage":"fr-FR","@id":"https:\/\/alfawood.gr\/product\/hdf-xamili-folmadeidi\/#primaryimage","url":"https:\/\/alfawood.gr\/wp-content\/uploads\/2023\/03\/2661-mdf-colored-copy.jpg","contentUrl":"https:\/\/alfawood.gr\/wp-content\/uploads\/2023\/03\/2661-mdf-colored-copy.jpg","width":1457,"height":2000,"caption":"Moriosanida-laf"},{"@type":"BreadcrumbList","@id":"https:\/\/alfawood.gr\/product\/hdf-xamili-folmadeidi\/#breadcrumb","itemListElement":[{"@type":"ListItem","position":1,"name":"Home","item":"https:\/\/alfawood.gr\/"},{"@type":"ListItem","position":2,"name":"\u03a0\u03c1\u03bf\u03ca\u03cc\u03bd\u03c4\u03b1","item":"https:\/\/alfawood.gr\/proionta-wood\/"},{"@type":"ListItem","position":3,"name":"Alfa Panels","item":"https:\/\/alfawood.gr\/category\/panels\/"},{"@type":"ListItem","position":4,"name":"\u03a0\u03ac\u03bd\u03b5\u03bb \u0399\u03bd\u03bf\u03c3\u03b1\u03bd\u03af\u03b4\u03b1\u03c2 (MDF)","item":"https:\/\/alfawood.gr\/category\/panels\/mdf-inosanida\/"},{"@type":"ListItem","position":5,"name":"\u0399\u03bd\u03bf\u03c3\u03b1\u03bd\u03af\u03b4\u03b1 HDF WR Black &#8211; X\u03b1\u03bc\u03b7\u03bb\u03ae\u03c2 \u03a6\u03bf\u03c1\u03bc\u03b1\u03bb\u03b4\u03b5\u03b0\u03b4\u03b7\u03c2"}]},{"@type":"WebSite","@id":"https:\/\/alfawood.gr\/#website","url":"https:\/\/alfawood.gr\/","name":"Surfaces en m\u00e9lamine Comptoirs en panneaux de particules MDF Planchers Portes","description":"Alfa Wood Group Industrie du bois","publisher":{"@id":"https:\/\/alfawood.gr\/#organization"},"alternateName":"Melamines - MDF - Laminate - Worktops","potentialAction":[{"@type":"SearchAction","target":{"@type":"EntryPoint","urlTemplate":"https:\/\/alfawood.gr\/?s={search_term_string}"},"query-input":{"@type":"PropertyValueSpecification","valueRequired":true,"valueName":"search_term_string"}}],"inLanguage":"fr-FR"},{"@type":"Organization","@id":"https:\/\/alfawood.gr\/#organization","name":"Groupe Alfa Bois","url":"https:\/\/alfawood.gr\/","logo":{"@type":"ImageObject","inLanguage":"fr-FR","@id":"https:\/\/alfawood.gr\/#\/schema\/logo\/image\/","url":"https:\/\/alfawood.gr\/wp-content\/uploads\/2023\/02\/alfa-wood-logo-1.svg","contentUrl":"https:\/\/alfawood.gr\/wp-content\/uploads\/2023\/02\/alfa-wood-logo-1.svg","width":305,"height":195,"caption":"Alfa Wood Group"},"image":{"@id":"https:\/\/alfawood.gr\/#\/schema\/logo\/image\/"},"sameAs":["https:\/\/www.facebook.com\/alfawood.group","https:\/\/x.com\/ALFAWOODGROUP","https:\/\/www.instagram.com\/alfawood.group","https:\/\/www.youtube.com\/@alfawoodgroup","https:\/\/www.tiktok.com\/@alfawood.group","https:\/\/vimeo.com\/alfawood","https:\/\/www.linkedin.com\/company\/alfawoodgroup","https:\/\/www.pinterest.com\/alfawoodgroup\/"]}]}},"_links":{"self":[{"href":"https:\/\/alfawood.gr\/fr\/wp-json\/wp\/v2\/product\/15258","targetHints":{"allow":["GET"]}}],"collection":[{"href":"https:\/\/alfawood.gr\/fr\/wp-json\/wp\/v2\/product"}],"about":[{"href":"https:\/\/alfawood.gr\/fr\/wp-json\/wp\/v2\/types\/product"}],"version-history":[{"count":0,"href":"https:\/\/alfawood.gr\/fr\/wp-json\/wp\/v2\/product\/15258\/revisions"}],"wp:featuredmedia":[{"embeddable":true,"href":"https:\/\/alfawood.gr\/fr\/wp-json\/wp\/v2\/media\/21276"}],"wp:attachment":[{"href":"https:\/\/alfawood.gr\/fr\/wp-json\/wp\/v2\/media?parent=15258"}],"wp:term":[{"taxonomy":"product_brand","embeddable":true,"href":"https:\/\/alfawood.gr\/fr\/wp-json\/wp\/v2\/product_brand?post=15258"},{"taxonomy":"product_cat","embeddable":true,"href":"https:\/\/alfawood.gr\/fr\/wp-json\/wp\/v2\/product_cat?post=15258"},{"taxonomy":"product_tag","embeddable":true,"href":"https:\/\/alfawood.gr\/fr\/wp-json\/wp\/v2\/product_tag?post=15258"}],"curies":[{"name":"wp","href":"https:\/\/api.w.org\/{rel}","templated":true}]}}