{"id":15369,"date":"2023-03-07T08:20:40","date_gmt":"2023-03-07T08:20:40","guid":{"rendered":"https:\/\/alfawood.gr\/product\/oak-sunset-0207\/"},"modified":"2023-04-04T11:51:28","modified_gmt":"2023-04-04T11:51:28","slug":"oak-sunset-0207","status":"publish","type":"product","link":"https:\/\/alfawood.gr\/fr\/product\/oak-sunset-0207\/","title":{"rendered":"0207 Ch\u00eane Coucher de Soleil"},"content":{"rendered":"<div data-elementor-type=\"wp-post\" data-elementor-id=\"16449\" class=\"elementor elementor-16449\" data-elementor-post-type=\"cms_block\">\n\t\t\t\t\t\t<section class=\"wd-negative-gap elementor-section elementor-top-section elementor-element elementor-element-9f7ae1f elementor-section-boxed elementor-section-height-default elementor-section-height-default\" data-id=\"9f7ae1f\" data-element_type=\"section\" data-e-type=\"section\">\n\t\t\t\t\t\t<div class=\"elementor-container elementor-column-gap-default\">\n\t\t\t\t\t<div class=\"elementor-column elementor-col-100 elementor-top-column elementor-element elementor-element-35495ca\" data-id=\"35495ca\" data-element_type=\"column\" data-e-type=\"column\">\n\t\t\t<div class=\"elementor-widget-wrap elementor-element-populated\">\n\t\t\t\t\t\t<div class=\"elementor-element elementor-element-92728f5 elementor-widget elementor-widget-wd_text_block\" data-id=\"92728f5\" data-element_type=\"widget\" data-e-type=\"widget\" data-widget_type=\"wd_text_block.default\">\n\t\t\t\t<div class=\"elementor-widget-container\">\n\t\t\t\t\t\t\t<div class=\"wd-text-block reset-last-child text-left\">\n\t\t\t\n\t\t\t<p class=\"translation-block\"><a href=\"\/fr\/laminate-dapeda\" target=\"_blank\" rel=\"noopener\"><strong>Le stratifi\u00e9<\/strong><\/a> d&#039; <strong>Alfa Wood Group<\/strong> est le seul <strong>sol produit en Gr\u00e8ce.<\/strong><\/p><p class=\"translation-block\">Il est produit dans <strong>les installations industrielles<\/strong> d&#039; <strong>Alfa Wood Group<\/strong> \u00e0 Grevena, en respectant les normes de qualit\u00e9 les plus strictes, tout en utilisant le fermoir uniclic brevet\u00e9. Le syst\u00e8me Uniclic \u00ab enclenche \u00bb les panneaux de plancher, ce qui en fait l&#039;un des m\u00e9canismes de verrouillage les plus simples pour les installations au sol.<\/p><p class=\"translation-block\"><a href=\"\/fr\/laminate-dapeda\" target=\"_blank\" rel=\"noopener\"><strong>Les sols stratifi\u00e9s<\/strong><\/a> d&#039;Alfa Wood Group sont <strong>tr\u00e8s durables<\/strong> et sont constitu\u00e9s d&#039;un noyau principal (HDF) et d&#039;un papier d\u00e9coratif recouvert d&#039;un rev\u00eatement en r\u00e9sine dure.<\/p><p>Quiconque choisit un sol d&#039;Alfa Wood Group en choisit un <strong>sol de haute qualit\u00e9<\/strong>, ce qui est <strong>visuellement et \u00e9conomiquement tr\u00e8s attractif<\/strong> et r\u00e9pond pleinement aux nouvelles tendances en mati\u00e8re de rev\u00eatements de sol.<\/p><p>Avec elle <strong>Garantie Alfa Wood Group<\/strong> pour un usage domestique et professionnel, vous pouvez \u00eatre <strong>s\u00fbr pour toute une vie<\/strong>.<\/p><p>Leur grande durabilit\u00e9 combin\u00e9e \u00e0 la vari\u00e9t\u00e9 de couleurs et de designs rendent les parquets Master Laminate id\u00e9aux pour presque tous les espaces. Des plinthes et une gamme d&#039;accessoires sont \u00e9galement disponibles, dans les m\u00eames teintes que votre sol.<\/p><p>Le\u00a0<strong>36<\/strong><strong> couleurs (7 Silva Essence - Synchro AC5 Biseau 8 mm, 9 Ligne de base <\/strong><strong>AC3<\/strong><strong> 7 mm d&#039;\u00e9paisseur, 3 lignes classiques <\/strong><strong>Biseau AC5-4V <\/strong><strong>en 8 mm d&#039;\u00e9paisseur et 17 Ligne \u00c9l\u00e9gance <\/strong><strong>Biseau AC5-4V de 8 mm <\/strong><strong>en \u00e9paisseur <\/strong> ) capturent de la mani\u00e8re la plus r\u00e9aliste possible toutes les caract\u00e9ristiques physiques d&#039;un v\u00e9ritable parquet.<\/p><p><strong>Am\u00e9liorez votre espace d\u00e8s maintenant avec le sol stratifi\u00e9 - Alfa Wood Group et am\u00e9liorez l&#039;esth\u00e9tique et la fonctionnalit\u00e9 de votre espace !<\/strong><\/p><p><a href=\"\/files\/catalogs\/ALFAFLOORING-BOOK-GR.pdf\" target=\"_blank\" rel=\"noopener\"><strong>T\u00e9l\u00e9chargez le catalogue<\/strong><\/a><\/p>\n\t\t\t\t\t<\/div>\n\t\t\t\t\t\t<\/div>\n\t\t\t\t<\/div>\n\t\t\t\t\t<\/div>\n\t\t<\/div>\n\t\t\t\t\t<\/div>\n\t\t<\/section>\n\t\t\t\t<\/div>","protected":false},"excerpt":{"rendered":"<p>Vous appr\u00e9cierez la facilit\u00e9 d&#039;installation de votre rev\u00eatement de sol stratifi\u00e9 Master. Les lames Oak Sunset 0207, de couleur claire, avec leur m\u00e9lange harmonieux de lignes fonc\u00e9es, apportent une touche de luminosit\u00e9 \u00e0 votre espace.<\/p>","protected":false},"featured_media":16487,"template":"","meta":{"_acf_changed":false,"inline_featured_image":false,"cybocfi_hide_featured_image":""},"product_brand":[],"product_cat":[90,89,88,180],"product_tag":[],"class_list":{"0":"post-15369","1":"product","2":"type-product","3":"status-publish","4":"has-post-thumbnail","6":"product_cat-elegant","7":"product_cat-laminate","8":"product_cat-dapeda","9":"product_cat-esoterikou-xorou","11":"first","12":"instock","13":"product-type-simple"},"acf":[],"yoast_head":"<!-- This site is optimized with the Yoast SEO Premium plugin v27.3 (Yoast SEO v27.3) - https:\/\/yoast.com\/product\/yoast-seo-premium-wordpress\/ -->\n<title>0207 Oak Sunset - \u0395\u03c0\u03b9\u03c6\u03ac\u03bd\u03b5\u03b9\u03b5\u03c2 \u039c\u03b5\u03bb\u03b1\u03bc\u03af\u03bd\u03b7\u03c2 MDF \u039c\u03bf\u03c1\u03b9\u03bf\u03c3\u03b1\u03bd\u03af\u03b4\u03b1 \u03a0\u03ac\u03b3\u03ba\u03bf\u03b9 \u0394\u03ac\u03c0\u03b5\u03b4\u03b1 \u03a0\u03cc\u03c1\u03c4\u03b5\u03c2<\/title>\n<meta name=\"robots\" content=\"index, follow, max-snippet:-1, max-image-preview:large, max-video-preview:-1\" \/>\n<link rel=\"canonical\" href=\"https:\/\/alfawood.gr\/fr\/product\/oak-sunset-0207\" \/>\n<meta property=\"og:locale\" content=\"fr_FR\" \/>\n<meta property=\"og:type\" content=\"article\" \/>\n<meta property=\"og:title\" content=\"0207 Oak Sunset\" \/>\n<meta property=\"og:description\" content=\"\u0398\u03b1 \u03bb\u03b1\u03c4\u03c1\u03ad\u03c8\u03b5\u03c4\u03b5 \u03c4\u03b7\u03bd \u03b5\u03cd\u03ba\u03bf\u03bb\u03b7 \u03c4\u03bf\u03c0\u03bf\u03b8\u03ad\u03c4\u03b7\u03c3\u03b7 \u03c4\u03bf\u03c5 Master Laminate \u03b4\u03b1\u03c0\u03ad\u03b4\u03bf\u03c5 \u03c3\u03b1\u03c2. \u039f\u03b9 \u03b1\u03bd\u03bf\u03b9\u03c7\u03c4\u03cc\u03c7\u03c1\u03c9\u03bc\u03b5\u03c2 \u03b4\u03c1\u03cd\u03b9\u03bd\u03b5\u03c2 \u03c3\u03b1\u03bd\u03af\u03b4\u03b5\u03c2 Oak Sunset 0207 \u03bc\u03b5 \u03b9\u03c3\u03bf\u03c1\u03c1\u03bf\u03c0\u03b7\u03bc\u03ad\u03bd\u03b7 \u03bc\u03af\u03be\u03b7 \u03c3\u03ba\u03bf\u03c5\u03c1\u03cc\u03c7\u03c1\u03c9\u03bc\u03c9\u03bd \u03b3\u03c1\u03b1\u03bc\u03bc\u03ce\u03bd \u03c0\u03c1\u03bf\u03c3\u03b4\u03af\u03b4\u03bf\u03c5\u03bd \u03bc\u03af\u03b1 \u03c6\u03c9\u03c4\u03b5\u03b9\u03bd\u03cc\u03c4\u03b5\u03c1\u03b7 \u03bb\u03ac\u03bc\u03c8\u03b7 \u03c3\u03c4\u03bf \u03c7\u03ce\u03c1\u03bf \u03c3\u03b1\u03c2.\" \/>\n<meta property=\"og:url\" content=\"https:\/\/alfawood.gr\/fr\/product\/oak-sunset-0207\" \/>\n<meta property=\"og:site_name\" content=\"\u0395\u03c0\u03b9\u03c6\u03ac\u03bd\u03b5\u03b9\u03b5\u03c2 \u039c\u03b5\u03bb\u03b1\u03bc\u03af\u03bd\u03b7\u03c2 MDF \u039c\u03bf\u03c1\u03b9\u03bf\u03c3\u03b1\u03bd\u03af\u03b4\u03b1 \u03a0\u03ac\u03b3\u03ba\u03bf\u03b9 \u0394\u03ac\u03c0\u03b5\u03b4\u03b1 \u03a0\u03cc\u03c1\u03c4\u03b5\u03c2\" \/>\n<meta property=\"article:publisher\" content=\"https:\/\/www.facebook.com\/alfawood.group\" \/>\n<meta property=\"article:modified_time\" content=\"2023-04-04T11:51:28+00:00\" \/>\n<meta property=\"og:image\" content=\"https:\/\/alfawood.gr\/wp-content\/uploads\/2023\/03\/0207-Oak-Sunset.jpg\" \/>\n\t<meta property=\"og:image:width\" content=\"600\" \/>\n\t<meta property=\"og:image:height\" content=\"824\" \/>\n\t<meta property=\"og:image:type\" content=\"image\/jpeg\" \/>\n<meta name=\"twitter:card\" content=\"summary_large_image\" \/>\n<meta name=\"twitter:site\" content=\"@ALFAWOODGROUP\" \/>\n<meta name=\"twitter:label1\" content=\"Dur\u00e9e de lecture estim\u00e9e\" \/>\n\t<meta name=\"twitter:data1\" content=\"1 minute\" \/>\n<script type=\"application\/ld+json\" class=\"yoast-schema-graph\">{\"@context\":\"https:\\\/\\\/schema.org\",\"@graph\":[{\"@type\":\"WebPage\",\"@id\":\"https:\\\/\\\/alfawood.gr\\\/product\\\/oak-sunset-0207\\\/\",\"url\":\"https:\\\/\\\/alfawood.gr\\\/product\\\/oak-sunset-0207\\\/\",\"name\":\"0207 Oak Sunset - \u0395\u03c0\u03b9\u03c6\u03ac\u03bd\u03b5\u03b9\u03b5\u03c2 \u039c\u03b5\u03bb\u03b1\u03bc\u03af\u03bd\u03b7\u03c2 MDF \u039c\u03bf\u03c1\u03b9\u03bf\u03c3\u03b1\u03bd\u03af\u03b4\u03b1 \u03a0\u03ac\u03b3\u03ba\u03bf\u03b9 \u0394\u03ac\u03c0\u03b5\u03b4\u03b1 \u03a0\u03cc\u03c1\u03c4\u03b5\u03c2\",\"isPartOf\":{\"@id\":\"https:\\\/\\\/alfawood.gr\\\/#website\"},\"primaryImageOfPage\":{\"@id\":\"https:\\\/\\\/alfawood.gr\\\/product\\\/oak-sunset-0207\\\/#primaryimage\"},\"image\":{\"@id\":\"https:\\\/\\\/alfawood.gr\\\/product\\\/oak-sunset-0207\\\/#primaryimage\"},\"thumbnailUrl\":\"https:\\\/\\\/alfawood.gr\\\/wp-content\\\/uploads\\\/2023\\\/03\\\/0207-Oak-Sunset.jpg\",\"datePublished\":\"2023-03-07T08:20:40+00:00\",\"dateModified\":\"2023-04-04T11:51:28+00:00\",\"breadcrumb\":{\"@id\":\"https:\\\/\\\/alfawood.gr\\\/product\\\/oak-sunset-0207\\\/#breadcrumb\"},\"inLanguage\":\"fr-FR\",\"potentialAction\":[{\"@type\":\"ReadAction\",\"target\":[\"https:\\\/\\\/alfawood.gr\\\/product\\\/oak-sunset-0207\\\/\"]}]},{\"@type\":\"ImageObject\",\"inLanguage\":\"fr-FR\",\"@id\":\"https:\\\/\\\/alfawood.gr\\\/product\\\/oak-sunset-0207\\\/#primaryimage\",\"url\":\"https:\\\/\\\/alfawood.gr\\\/wp-content\\\/uploads\\\/2023\\\/03\\\/0207-Oak-Sunset.jpg\",\"contentUrl\":\"https:\\\/\\\/alfawood.gr\\\/wp-content\\\/uploads\\\/2023\\\/03\\\/0207-Oak-Sunset.jpg\",\"width\":600,\"height\":824,\"caption\":\"laminate 0207\"},{\"@type\":\"BreadcrumbList\",\"@id\":\"https:\\\/\\\/alfawood.gr\\\/product\\\/oak-sunset-0207\\\/#breadcrumb\",\"itemListElement\":[{\"@type\":\"ListItem\",\"position\":1,\"name\":\"Home\",\"item\":\"https:\\\/\\\/alfawood.gr\\\/\"},{\"@type\":\"ListItem\",\"position\":2,\"name\":\"\u03a0\u03c1\u03bf\u03ca\u03cc\u03bd\u03c4\u03b1\",\"item\":\"https:\\\/\\\/alfawood.gr\\\/proionta-wood\\\/\"},{\"@type\":\"ListItem\",\"position\":3,\"name\":\"\u0394\u03ac\u03c0\u03b5\u03b4\u03b1 - Alfa Flooring\",\"item\":\"https:\\\/\\\/alfawood.gr\\\/category\\\/dapeda\\\/\"},{\"@type\":\"ListItem\",\"position\":4,\"name\":\"0207 Oak Sunset\"}]},{\"@type\":\"WebSite\",\"@id\":\"https:\\\/\\\/alfawood.gr\\\/#website\",\"url\":\"https:\\\/\\\/alfawood.gr\\\/\",\"name\":\"\u0395\u03c0\u03b9\u03c6\u03ac\u03bd\u03b5\u03b9\u03b5\u03c2 \u039c\u03b5\u03bb\u03b1\u03bc\u03af\u03bd\u03b7\u03c2 MDF \u039c\u03bf\u03c1\u03b9\u03bf\u03c3\u03b1\u03bd\u03af\u03b4\u03b1 \u03a0\u03ac\u03b3\u03ba\u03bf\u03b9 \u0394\u03ac\u03c0\u03b5\u03b4\u03b1 \u03a0\u03cc\u03c1\u03c4\u03b5\u03c2\",\"description\":\"\u0392\u03b9\u03bf\u03bc\u03b7\u03c7\u03b1\u03bd\u03af\u03b1 \u039e\u03cd\u03bb\u03bf\u03c5 Alfa Wood Group\",\"publisher\":{\"@id\":\"https:\\\/\\\/alfawood.gr\\\/#organization\"},\"alternateName\":\"Melamines - MDF - Laminate - Worktops\",\"potentialAction\":[{\"@type\":\"SearchAction\",\"target\":{\"@type\":\"EntryPoint\",\"urlTemplate\":\"https:\\\/\\\/alfawood.gr\\\/?s={search_term_string}\"},\"query-input\":{\"@type\":\"PropertyValueSpecification\",\"valueRequired\":true,\"valueName\":\"search_term_string\"}}],\"inLanguage\":\"fr-FR\"},{\"@type\":\"Organization\",\"@id\":\"https:\\\/\\\/alfawood.gr\\\/#organization\",\"name\":\"Alfa Wood Group\",\"url\":\"https:\\\/\\\/alfawood.gr\\\/\",\"logo\":{\"@type\":\"ImageObject\",\"inLanguage\":\"fr-FR\",\"@id\":\"https:\\\/\\\/alfawood.gr\\\/#\\\/schema\\\/logo\\\/image\\\/\",\"url\":\"https:\\\/\\\/alfawood.gr\\\/wp-content\\\/uploads\\\/2023\\\/02\\\/alfa-wood-logo-1.svg\",\"contentUrl\":\"https:\\\/\\\/alfawood.gr\\\/wp-content\\\/uploads\\\/2023\\\/02\\\/alfa-wood-logo-1.svg\",\"width\":305,\"height\":195,\"caption\":\"Alfa Wood Group\"},\"image\":{\"@id\":\"https:\\\/\\\/alfawood.gr\\\/#\\\/schema\\\/logo\\\/image\\\/\"},\"sameAs\":[\"https:\\\/\\\/www.facebook.com\\\/alfawood.group\",\"https:\\\/\\\/x.com\\\/ALFAWOODGROUP\",\"https:\\\/\\\/www.instagram.com\\\/alfawood.group\",\"https:\\\/\\\/www.youtube.com\\\/@alfawoodgroup\",\"https:\\\/\\\/www.tiktok.com\\\/@alfawood.group\",\"https:\\\/\\\/vimeo.com\\\/alfawood\",\"https:\\\/\\\/www.linkedin.com\\\/company\\\/alfawoodgroup\",\"https:\\\/\\\/www.pinterest.com\\\/alfawoodgroup\\\/\"]}]}<\/script>\n<!-- \/ Yoast SEO Premium plugin. -->","yoast_head_json":{"title":"0207 Ch\u00eane Coucher de Soleil - Surfaces en m\u00e9lamine, panneaux de particules MDF, comptoirs, planchers, portes","robots":{"index":"index","follow":"follow","max-snippet":"max-snippet:-1","max-image-preview":"max-image-preview:large","max-video-preview":"max-video-preview:-1"},"canonical":"https:\/\/alfawood.gr\/fr\/product\/oak-sunset-0207","og_locale":"fr_FR","og_type":"article","og_title":"0207 Oak Sunset","og_description":"\u0398\u03b1 \u03bb\u03b1\u03c4\u03c1\u03ad\u03c8\u03b5\u03c4\u03b5 \u03c4\u03b7\u03bd \u03b5\u03cd\u03ba\u03bf\u03bb\u03b7 \u03c4\u03bf\u03c0\u03bf\u03b8\u03ad\u03c4\u03b7\u03c3\u03b7 \u03c4\u03bf\u03c5 Master Laminate \u03b4\u03b1\u03c0\u03ad\u03b4\u03bf\u03c5 \u03c3\u03b1\u03c2. \u039f\u03b9 \u03b1\u03bd\u03bf\u03b9\u03c7\u03c4\u03cc\u03c7\u03c1\u03c9\u03bc\u03b5\u03c2 \u03b4\u03c1\u03cd\u03b9\u03bd\u03b5\u03c2 \u03c3\u03b1\u03bd\u03af\u03b4\u03b5\u03c2 Oak Sunset 0207 \u03bc\u03b5 \u03b9\u03c3\u03bf\u03c1\u03c1\u03bf\u03c0\u03b7\u03bc\u03ad\u03bd\u03b7 \u03bc\u03af\u03be\u03b7 \u03c3\u03ba\u03bf\u03c5\u03c1\u03cc\u03c7\u03c1\u03c9\u03bc\u03c9\u03bd \u03b3\u03c1\u03b1\u03bc\u03bc\u03ce\u03bd \u03c0\u03c1\u03bf\u03c3\u03b4\u03af\u03b4\u03bf\u03c5\u03bd \u03bc\u03af\u03b1 \u03c6\u03c9\u03c4\u03b5\u03b9\u03bd\u03cc\u03c4\u03b5\u03c1\u03b7 \u03bb\u03ac\u03bc\u03c8\u03b7 \u03c3\u03c4\u03bf \u03c7\u03ce\u03c1\u03bf \u03c3\u03b1\u03c2.","og_url":"https:\/\/alfawood.gr\/fr\/product\/oak-sunset-0207","og_site_name":"\u0395\u03c0\u03b9\u03c6\u03ac\u03bd\u03b5\u03b9\u03b5\u03c2 \u039c\u03b5\u03bb\u03b1\u03bc\u03af\u03bd\u03b7\u03c2 MDF \u039c\u03bf\u03c1\u03b9\u03bf\u03c3\u03b1\u03bd\u03af\u03b4\u03b1 \u03a0\u03ac\u03b3\u03ba\u03bf\u03b9 \u0394\u03ac\u03c0\u03b5\u03b4\u03b1 \u03a0\u03cc\u03c1\u03c4\u03b5\u03c2","article_publisher":"https:\/\/www.facebook.com\/alfawood.group","article_modified_time":"2023-04-04T11:51:28+00:00","og_image":[{"width":600,"height":824,"url":"https:\/\/alfawood.gr\/wp-content\/uploads\/2023\/03\/0207-Oak-Sunset.jpg","type":"image\/jpeg"}],"twitter_card":"summary_large_image","twitter_site":"@ALFAWOODGROUP","twitter_misc":{"Dur\u00e9e de lecture estim\u00e9e":"1 minute"},"schema":{"@context":"https:\/\/schema.org","@graph":[{"@type":"WebPage","@id":"https:\/\/alfawood.gr\/product\/oak-sunset-0207\/","url":"https:\/\/alfawood.gr\/product\/oak-sunset-0207\/","name":"0207 Ch\u00eane Coucher de Soleil - Surfaces en m\u00e9lamine, panneaux de particules MDF, comptoirs, planchers, portes","isPartOf":{"@id":"https:\/\/alfawood.gr\/#website"},"primaryImageOfPage":{"@id":"https:\/\/alfawood.gr\/product\/oak-sunset-0207\/#primaryimage"},"image":{"@id":"https:\/\/alfawood.gr\/product\/oak-sunset-0207\/#primaryimage"},"thumbnailUrl":"https:\/\/alfawood.gr\/wp-content\/uploads\/2023\/03\/0207-Oak-Sunset.jpg","datePublished":"2023-03-07T08:20:40+00:00","dateModified":"2023-04-04T11:51:28+00:00","breadcrumb":{"@id":"https:\/\/alfawood.gr\/product\/oak-sunset-0207\/#breadcrumb"},"inLanguage":"fr-FR","potentialAction":[{"@type":"ReadAction","target":["https:\/\/alfawood.gr\/product\/oak-sunset-0207\/"]}]},{"@type":"ImageObject","inLanguage":"fr-FR","@id":"https:\/\/alfawood.gr\/product\/oak-sunset-0207\/#primaryimage","url":"https:\/\/alfawood.gr\/wp-content\/uploads\/2023\/03\/0207-Oak-Sunset.jpg","contentUrl":"https:\/\/alfawood.gr\/wp-content\/uploads\/2023\/03\/0207-Oak-Sunset.jpg","width":600,"height":824,"caption":"laminate 0207"},{"@type":"BreadcrumbList","@id":"https:\/\/alfawood.gr\/product\/oak-sunset-0207\/#breadcrumb","itemListElement":[{"@type":"ListItem","position":1,"name":"Home","item":"https:\/\/alfawood.gr\/"},{"@type":"ListItem","position":2,"name":"\u03a0\u03c1\u03bf\u03ca\u03cc\u03bd\u03c4\u03b1","item":"https:\/\/alfawood.gr\/proionta-wood\/"},{"@type":"ListItem","position":3,"name":"\u0394\u03ac\u03c0\u03b5\u03b4\u03b1 - Alfa Flooring","item":"https:\/\/alfawood.gr\/category\/dapeda\/"},{"@type":"ListItem","position":4,"name":"0207 Oak Sunset"}]},{"@type":"WebSite","@id":"https:\/\/alfawood.gr\/#website","url":"https:\/\/alfawood.gr\/","name":"Surfaces en m\u00e9lamine Comptoirs en panneaux de particules MDF Planchers Portes","description":"Alfa Wood Group Industrie du bois","publisher":{"@id":"https:\/\/alfawood.gr\/#organization"},"alternateName":"Melamines - MDF - Laminate - Worktops","potentialAction":[{"@type":"SearchAction","target":{"@type":"EntryPoint","urlTemplate":"https:\/\/alfawood.gr\/?s={search_term_string}"},"query-input":{"@type":"PropertyValueSpecification","valueRequired":true,"valueName":"search_term_string"}}],"inLanguage":"fr-FR"},{"@type":"Organization","@id":"https:\/\/alfawood.gr\/#organization","name":"Groupe Alfa Bois","url":"https:\/\/alfawood.gr\/","logo":{"@type":"ImageObject","inLanguage":"fr-FR","@id":"https:\/\/alfawood.gr\/#\/schema\/logo\/image\/","url":"https:\/\/alfawood.gr\/wp-content\/uploads\/2023\/02\/alfa-wood-logo-1.svg","contentUrl":"https:\/\/alfawood.gr\/wp-content\/uploads\/2023\/02\/alfa-wood-logo-1.svg","width":305,"height":195,"caption":"Alfa Wood Group"},"image":{"@id":"https:\/\/alfawood.gr\/#\/schema\/logo\/image\/"},"sameAs":["https:\/\/www.facebook.com\/alfawood.group","https:\/\/x.com\/ALFAWOODGROUP","https:\/\/www.instagram.com\/alfawood.group","https:\/\/www.youtube.com\/@alfawoodgroup","https:\/\/www.tiktok.com\/@alfawood.group","https:\/\/vimeo.com\/alfawood","https:\/\/www.linkedin.com\/company\/alfawoodgroup","https:\/\/www.pinterest.com\/alfawoodgroup\/"]}]}},"_links":{"self":[{"href":"https:\/\/alfawood.gr\/fr\/wp-json\/wp\/v2\/product\/15369","targetHints":{"allow":["GET"]}}],"collection":[{"href":"https:\/\/alfawood.gr\/fr\/wp-json\/wp\/v2\/product"}],"about":[{"href":"https:\/\/alfawood.gr\/fr\/wp-json\/wp\/v2\/types\/product"}],"version-history":[{"count":0,"href":"https:\/\/alfawood.gr\/fr\/wp-json\/wp\/v2\/product\/15369\/revisions"}],"wp:featuredmedia":[{"embeddable":true,"href":"https:\/\/alfawood.gr\/fr\/wp-json\/wp\/v2\/media\/16487"}],"wp:attachment":[{"href":"https:\/\/alfawood.gr\/fr\/wp-json\/wp\/v2\/media?parent=15369"}],"wp:term":[{"taxonomy":"product_brand","embeddable":true,"href":"https:\/\/alfawood.gr\/fr\/wp-json\/wp\/v2\/product_brand?post=15369"},{"taxonomy":"product_cat","embeddable":true,"href":"https:\/\/alfawood.gr\/fr\/wp-json\/wp\/v2\/product_cat?post=15369"},{"taxonomy":"product_tag","embeddable":true,"href":"https:\/\/alfawood.gr\/fr\/wp-json\/wp\/v2\/product_tag?post=15369"}],"curies":[{"name":"wp","href":"https:\/\/api.w.org\/{rel}","templated":true}]}}