{"id":15741,"date":"2023-03-07T08:24:56","date_gmt":"2023-03-07T08:24:56","guid":{"rendered":"https:\/\/alfawood.gr\/product\/winchester-walnut-3501\/"},"modified":"2023-04-13T09:07:13","modified_gmt":"2023-04-13T09:07:13","slug":"winchester-walnut-3501","status":"publish","type":"product","link":"https:\/\/alfawood.gr\/fr\/product\/winchester-walnut-3501\/","title":{"rendered":"3501 Winchester Noyer"},"content":{"rendered":"<p>La surface en m\u00e9lamine <strong>Sci\u00e9 <\/strong><strong>Couper <\/strong>\u00a0caract\u00e9ris\u00e9 par des fissures profondes et tactiles. La texture transversale du Sawn Cut ajoute de la profondeur \u00e0 la surface, reproduisant la sensation du bois brut et fait allusion \u00e0 un processus artisanal qui maintient une touche irr\u00e9guli\u00e8re et originale. Les motifs et couleurs disponibles en surface <strong>Sci\u00e9 <\/strong><strong>Couper <\/strong> Ils sont disponibles dans diff\u00e9rentes nuances de bois.<\/p>\n<p>Les techniques de conception et de gravure appliqu\u00e9es \u00e0 cette finition combin\u00e9es \u00e0 sa technologie de production conf\u00e8rent aux diff\u00e9rents types de bois un toucher et un toucher naturels. Les codes de surface Scavato sont livr\u00e9s avec une teinte et une texture assorties <strong>Bandes de marge ABS.<\/strong><\/p>\n<p>D\u00e9couvrez le caract\u00e8re \u00ab brut \u00bb et expressif des surfaces d\u00e9coratives d&#039;Alfa Wood Group et laissez-vous inspirer par des designs cr\u00e9atifs...<\/p>\n<p><strong><a href=\"\/files\/catalogs\/ALFASURFACES-BOOK-GR.pdf\" target=\"_blank\" rel=\"noopener\">T\u00e9l\u00e9chargez le catalogue<\/a><\/strong><\/p>","protected":false},"excerpt":{"rendered":"<p>La surface en m\u00e9lamine Winchester Walnut 3501 \u2013 Sawn Cut est caract\u00e9ris\u00e9e par des fissures profondes et tactiles dans une teinte brune. Le choix de couleur Rustique vous donnera un effet chaleureux dans la construction de votre meuble avec une v\u00e9ritable imitation bois.<\/p>","protected":false},"featured_media":15112,"template":"","meta":{"_acf_changed":false,"inline_featured_image":false,"cybocfi_hide_featured_image":""},"product_brand":[],"product_cat":[83,107,151],"product_tag":[],"class_list":{"0":"post-15741","1":"product","2":"type-product","3":"status-publish","4":"has-post-thumbnail","6":"product_cat-alfa-surfaces","7":"product_cat-natural","8":"product_cat-melamines","10":"first","11":"instock","12":"product-type-simple"},"acf":[],"yoast_head":"<!-- This site is optimized with the Yoast SEO Premium plugin v27.3 (Yoast SEO v27.3) - https:\/\/yoast.com\/product\/yoast-seo-premium-wordpress\/ -->\n<title>3501 Winchester Walnut - \u0395\u03c0\u03b9\u03c6\u03ac\u03bd\u03b5\u03b9\u03b5\u03c2 \u039c\u03b5\u03bb\u03b1\u03bc\u03af\u03bd\u03b7\u03c2 MDF \u039c\u03bf\u03c1\u03b9\u03bf\u03c3\u03b1\u03bd\u03af\u03b4\u03b1 \u03a0\u03ac\u03b3\u03ba\u03bf\u03b9 \u0394\u03ac\u03c0\u03b5\u03b4\u03b1 \u03a0\u03cc\u03c1\u03c4\u03b5\u03c2<\/title>\n<meta name=\"robots\" content=\"index, follow, max-snippet:-1, max-image-preview:large, max-video-preview:-1\" \/>\n<link rel=\"canonical\" href=\"https:\/\/alfawood.gr\/fr\/product\/winchester-walnut-3501\" \/>\n<meta property=\"og:locale\" content=\"fr_FR\" \/>\n<meta property=\"og:type\" content=\"article\" \/>\n<meta property=\"og:title\" content=\"3501 Winchester Walnut\" \/>\n<meta property=\"og:description\" content=\"\u0397 \u03b5\u03c0\u03b9\u03c6\u03ac\u03bd\u03b5\u03b9\u03b1 \u03bc\u03b5\u03bb\u03b1\u03bc\u03af\u03bd\u03b7\u03c2 3501 Winchester Walnut - Sawn Cut \u03c7\u03b1\u03c1\u03b1\u03ba\u03c4\u03b7\u03c1\u03af\u03b6\u03b5\u03c4\u03b1\u03b9 \u03b1\u03c0\u03cc \u03b2\u03b1\u03b8\u03b9\u03ad\u03c2 \u03ba\u03b1\u03b9 \u03b1\u03c0\u03c4\u03b9\u03ba\u03ad\u03c2 \u03c1\u03c9\u03b3\u03bc\u03ad\u03c2 \u03c3\u03b5 \u03ba\u03b1\u03c6\u03ad \u03b1\u03c0\u03cc\u03c7\u03c1\u03c9\u03c3\u03b7. \u0397 \u03c7\u03c1\u03c9\u03bc\u03b1\u03c4\u03b9\u03ba\u03ae \u03b5\u03c0\u03b9\u03bb\u03bf\u03b3\u03ae \u03c4\u03bf\u03c5 Rustic \u03b8\u03b1 \u03c3\u03b1\u03c2 \u03c7\u03b1\u03c1\u03af\u03c3\u03b5\u03b9 \u03ad\u03bd\u03b1 \u03b6\u03b5\u03c3\u03c4\u03cc \u03b1\u03c0\u03bf\u03c4\u03ad\u03bb\u03b5\u03c3\u03bc\u03b1 \u03c3\u03c4\u03b7\u03bd \u03ba\u03b1\u03c4\u03b1\u03c3\u03ba\u03b5\u03c5\u03ae \u03c4\u03bf\u03c5 \u03b5\u03c0\u03af\u03c0\u03bb\u03bf\u03c5 \u03c3\u03b1\u03c2 \u03bc\u03b5 \u03bc\u03b9\u03b1 \u03b1\u03bb\u03b7\u03b8\u03b9\u03bd\u03ae \u03b1\u03c0\u03bf\u03bc\u03af\u03bc\u03b7\u03c3\u03b7 \u03be\u03cd\u03bb\u03bf\u03c5.\" \/>\n<meta property=\"og:url\" content=\"https:\/\/alfawood.gr\/fr\/product\/winchester-walnut-3501\" \/>\n<meta property=\"og:site_name\" content=\"\u0395\u03c0\u03b9\u03c6\u03ac\u03bd\u03b5\u03b9\u03b5\u03c2 \u039c\u03b5\u03bb\u03b1\u03bc\u03af\u03bd\u03b7\u03c2 MDF \u039c\u03bf\u03c1\u03b9\u03bf\u03c3\u03b1\u03bd\u03af\u03b4\u03b1 \u03a0\u03ac\u03b3\u03ba\u03bf\u03b9 \u0394\u03ac\u03c0\u03b5\u03b4\u03b1 \u03a0\u03cc\u03c1\u03c4\u03b5\u03c2\" \/>\n<meta property=\"article:publisher\" content=\"https:\/\/www.facebook.com\/alfawood.group\" \/>\n<meta property=\"article:modified_time\" content=\"2023-04-13T09:07:13+00:00\" \/>\n<meta property=\"og:image\" content=\"https:\/\/alfawood.gr\/wp-content\/uploads\/2023\/03\/3501.jpg\" \/>\n\t<meta property=\"og:image:width\" content=\"1457\" \/>\n\t<meta property=\"og:image:height\" content=\"2000\" \/>\n\t<meta property=\"og:image:type\" content=\"image\/jpeg\" \/>\n<meta name=\"twitter:card\" content=\"summary_large_image\" \/>\n<meta name=\"twitter:site\" content=\"@ALFAWOODGROUP\" \/>\n<meta name=\"twitter:label1\" content=\"Dur\u00e9e de lecture estim\u00e9e\" \/>\n\t<meta name=\"twitter:data1\" content=\"1 minute\" \/>\n<script type=\"application\/ld+json\" class=\"yoast-schema-graph\">{\"@context\":\"https:\\\/\\\/schema.org\",\"@graph\":[{\"@type\":\"WebPage\",\"@id\":\"https:\\\/\\\/alfawood.gr\\\/en\\\/product\\\/winchester-walnut-3501\\\/\",\"url\":\"https:\\\/\\\/alfawood.gr\\\/en\\\/product\\\/winchester-walnut-3501\\\/\",\"name\":\"3501 Winchester Walnut - \u0395\u03c0\u03b9\u03c6\u03ac\u03bd\u03b5\u03b9\u03b5\u03c2 \u039c\u03b5\u03bb\u03b1\u03bc\u03af\u03bd\u03b7\u03c2 MDF \u039c\u03bf\u03c1\u03b9\u03bf\u03c3\u03b1\u03bd\u03af\u03b4\u03b1 \u03a0\u03ac\u03b3\u03ba\u03bf\u03b9 \u0394\u03ac\u03c0\u03b5\u03b4\u03b1 \u03a0\u03cc\u03c1\u03c4\u03b5\u03c2\",\"isPartOf\":{\"@id\":\"https:\\\/\\\/alfawood.gr\\\/#website\"},\"primaryImageOfPage\":{\"@id\":\"https:\\\/\\\/alfawood.gr\\\/en\\\/product\\\/winchester-walnut-3501\\\/#primaryimage\"},\"image\":{\"@id\":\"https:\\\/\\\/alfawood.gr\\\/en\\\/product\\\/winchester-walnut-3501\\\/#primaryimage\"},\"thumbnailUrl\":\"https:\\\/\\\/alfawood.gr\\\/wp-content\\\/uploads\\\/2023\\\/03\\\/3501.jpg\",\"datePublished\":\"2023-03-07T08:24:56+00:00\",\"dateModified\":\"2023-04-13T09:07:13+00:00\",\"breadcrumb\":{\"@id\":\"https:\\\/\\\/alfawood.gr\\\/en\\\/product\\\/winchester-walnut-3501\\\/#breadcrumb\"},\"inLanguage\":\"fr-FR\",\"potentialAction\":[{\"@type\":\"ReadAction\",\"target\":[\"https:\\\/\\\/alfawood.gr\\\/en\\\/product\\\/winchester-walnut-3501\\\/\"]}]},{\"@type\":\"ImageObject\",\"inLanguage\":\"fr-FR\",\"@id\":\"https:\\\/\\\/alfawood.gr\\\/en\\\/product\\\/winchester-walnut-3501\\\/#primaryimage\",\"url\":\"https:\\\/\\\/alfawood.gr\\\/wp-content\\\/uploads\\\/2023\\\/03\\\/3501.jpg\",\"contentUrl\":\"https:\\\/\\\/alfawood.gr\\\/wp-content\\\/uploads\\\/2023\\\/03\\\/3501.jpg\",\"width\":1457,\"height\":2000,\"caption\":\"Winchester Walnut 3501 - Alfa Surfaces Natural MFC\"},{\"@type\":\"BreadcrumbList\",\"@id\":\"https:\\\/\\\/alfawood.gr\\\/en\\\/product\\\/winchester-walnut-3501\\\/#breadcrumb\",\"itemListElement\":[{\"@type\":\"ListItem\",\"position\":1,\"name\":\"Home\",\"item\":\"https:\\\/\\\/alfawood.gr\\\/\"},{\"@type\":\"ListItem\",\"position\":2,\"name\":\"\u03a0\u03c1\u03bf\u03ca\u03cc\u03bd\u03c4\u03b1\",\"item\":\"https:\\\/\\\/alfawood.gr\\\/proionta-wood\\\/\"},{\"@type\":\"ListItem\",\"position\":3,\"name\":\"Alfa Surfaces\",\"item\":\"https:\\\/\\\/alfawood.gr\\\/category\\\/alfa-surfaces\\\/\"},{\"@type\":\"ListItem\",\"position\":4,\"name\":\"3501 Winchester Walnut\"}]},{\"@type\":\"WebSite\",\"@id\":\"https:\\\/\\\/alfawood.gr\\\/#website\",\"url\":\"https:\\\/\\\/alfawood.gr\\\/\",\"name\":\"\u0395\u03c0\u03b9\u03c6\u03ac\u03bd\u03b5\u03b9\u03b5\u03c2 \u039c\u03b5\u03bb\u03b1\u03bc\u03af\u03bd\u03b7\u03c2 MDF \u039c\u03bf\u03c1\u03b9\u03bf\u03c3\u03b1\u03bd\u03af\u03b4\u03b1 \u03a0\u03ac\u03b3\u03ba\u03bf\u03b9 \u0394\u03ac\u03c0\u03b5\u03b4\u03b1 \u03a0\u03cc\u03c1\u03c4\u03b5\u03c2\",\"description\":\"\u0392\u03b9\u03bf\u03bc\u03b7\u03c7\u03b1\u03bd\u03af\u03b1 \u039e\u03cd\u03bb\u03bf\u03c5 Alfa Wood Group\",\"publisher\":{\"@id\":\"https:\\\/\\\/alfawood.gr\\\/#organization\"},\"alternateName\":\"Melamines - MDF - Laminate - Worktops\",\"potentialAction\":[{\"@type\":\"SearchAction\",\"target\":{\"@type\":\"EntryPoint\",\"urlTemplate\":\"https:\\\/\\\/alfawood.gr\\\/?s={search_term_string}\"},\"query-input\":{\"@type\":\"PropertyValueSpecification\",\"valueRequired\":true,\"valueName\":\"search_term_string\"}}],\"inLanguage\":\"fr-FR\"},{\"@type\":\"Organization\",\"@id\":\"https:\\\/\\\/alfawood.gr\\\/#organization\",\"name\":\"Alfa Wood Group\",\"url\":\"https:\\\/\\\/alfawood.gr\\\/\",\"logo\":{\"@type\":\"ImageObject\",\"inLanguage\":\"fr-FR\",\"@id\":\"https:\\\/\\\/alfawood.gr\\\/#\\\/schema\\\/logo\\\/image\\\/\",\"url\":\"https:\\\/\\\/alfawood.gr\\\/wp-content\\\/uploads\\\/2023\\\/02\\\/alfa-wood-logo-1.svg\",\"contentUrl\":\"https:\\\/\\\/alfawood.gr\\\/wp-content\\\/uploads\\\/2023\\\/02\\\/alfa-wood-logo-1.svg\",\"width\":305,\"height\":195,\"caption\":\"Alfa Wood Group\"},\"image\":{\"@id\":\"https:\\\/\\\/alfawood.gr\\\/#\\\/schema\\\/logo\\\/image\\\/\"},\"sameAs\":[\"https:\\\/\\\/www.facebook.com\\\/alfawood.group\",\"https:\\\/\\\/x.com\\\/ALFAWOODGROUP\",\"https:\\\/\\\/www.instagram.com\\\/alfawood.group\",\"https:\\\/\\\/www.youtube.com\\\/@alfawoodgroup\",\"https:\\\/\\\/www.tiktok.com\\\/@alfawood.group\",\"https:\\\/\\\/vimeo.com\\\/alfawood\",\"https:\\\/\\\/www.linkedin.com\\\/company\\\/alfawoodgroup\",\"https:\\\/\\\/www.pinterest.com\\\/alfawoodgroup\\\/\"]}]}<\/script>\n<!-- \/ Yoast SEO Premium plugin. -->","yoast_head_json":{"title":"3501 Winchester Walnut - Surfaces en m\u00e9lamine Comptoirs en panneaux de particules MDF Planchers Portes","robots":{"index":"index","follow":"follow","max-snippet":"max-snippet:-1","max-image-preview":"max-image-preview:large","max-video-preview":"max-video-preview:-1"},"canonical":"https:\/\/alfawood.gr\/fr\/product\/winchester-walnut-3501","og_locale":"fr_FR","og_type":"article","og_title":"3501 Winchester Walnut","og_description":"\u0397 \u03b5\u03c0\u03b9\u03c6\u03ac\u03bd\u03b5\u03b9\u03b1 \u03bc\u03b5\u03bb\u03b1\u03bc\u03af\u03bd\u03b7\u03c2 3501 Winchester Walnut - Sawn Cut \u03c7\u03b1\u03c1\u03b1\u03ba\u03c4\u03b7\u03c1\u03af\u03b6\u03b5\u03c4\u03b1\u03b9 \u03b1\u03c0\u03cc \u03b2\u03b1\u03b8\u03b9\u03ad\u03c2 \u03ba\u03b1\u03b9 \u03b1\u03c0\u03c4\u03b9\u03ba\u03ad\u03c2 \u03c1\u03c9\u03b3\u03bc\u03ad\u03c2 \u03c3\u03b5 \u03ba\u03b1\u03c6\u03ad \u03b1\u03c0\u03cc\u03c7\u03c1\u03c9\u03c3\u03b7. \u0397 \u03c7\u03c1\u03c9\u03bc\u03b1\u03c4\u03b9\u03ba\u03ae \u03b5\u03c0\u03b9\u03bb\u03bf\u03b3\u03ae \u03c4\u03bf\u03c5 Rustic \u03b8\u03b1 \u03c3\u03b1\u03c2 \u03c7\u03b1\u03c1\u03af\u03c3\u03b5\u03b9 \u03ad\u03bd\u03b1 \u03b6\u03b5\u03c3\u03c4\u03cc \u03b1\u03c0\u03bf\u03c4\u03ad\u03bb\u03b5\u03c3\u03bc\u03b1 \u03c3\u03c4\u03b7\u03bd \u03ba\u03b1\u03c4\u03b1\u03c3\u03ba\u03b5\u03c5\u03ae \u03c4\u03bf\u03c5 \u03b5\u03c0\u03af\u03c0\u03bb\u03bf\u03c5 \u03c3\u03b1\u03c2 \u03bc\u03b5 \u03bc\u03b9\u03b1 \u03b1\u03bb\u03b7\u03b8\u03b9\u03bd\u03ae \u03b1\u03c0\u03bf\u03bc\u03af\u03bc\u03b7\u03c3\u03b7 \u03be\u03cd\u03bb\u03bf\u03c5.","og_url":"https:\/\/alfawood.gr\/fr\/product\/winchester-walnut-3501","og_site_name":"\u0395\u03c0\u03b9\u03c6\u03ac\u03bd\u03b5\u03b9\u03b5\u03c2 \u039c\u03b5\u03bb\u03b1\u03bc\u03af\u03bd\u03b7\u03c2 MDF \u039c\u03bf\u03c1\u03b9\u03bf\u03c3\u03b1\u03bd\u03af\u03b4\u03b1 \u03a0\u03ac\u03b3\u03ba\u03bf\u03b9 \u0394\u03ac\u03c0\u03b5\u03b4\u03b1 \u03a0\u03cc\u03c1\u03c4\u03b5\u03c2","article_publisher":"https:\/\/www.facebook.com\/alfawood.group","article_modified_time":"2023-04-13T09:07:13+00:00","og_image":[{"width":1457,"height":2000,"url":"https:\/\/alfawood.gr\/wp-content\/uploads\/2023\/03\/3501.jpg","type":"image\/jpeg"}],"twitter_card":"summary_large_image","twitter_site":"@ALFAWOODGROUP","twitter_misc":{"Dur\u00e9e de lecture estim\u00e9e":"1 minute"},"schema":{"@context":"https:\/\/schema.org","@graph":[{"@type":"WebPage","@id":"https:\/\/alfawood.gr\/en\/product\/winchester-walnut-3501\/","url":"https:\/\/alfawood.gr\/en\/product\/winchester-walnut-3501\/","name":"3501 Winchester Walnut - Surfaces en m\u00e9lamine Comptoirs en panneaux de particules MDF Planchers Portes","isPartOf":{"@id":"https:\/\/alfawood.gr\/#website"},"primaryImageOfPage":{"@id":"https:\/\/alfawood.gr\/en\/product\/winchester-walnut-3501\/#primaryimage"},"image":{"@id":"https:\/\/alfawood.gr\/en\/product\/winchester-walnut-3501\/#primaryimage"},"thumbnailUrl":"https:\/\/alfawood.gr\/wp-content\/uploads\/2023\/03\/3501.jpg","datePublished":"2023-03-07T08:24:56+00:00","dateModified":"2023-04-13T09:07:13+00:00","breadcrumb":{"@id":"https:\/\/alfawood.gr\/en\/product\/winchester-walnut-3501\/#breadcrumb"},"inLanguage":"fr-FR","potentialAction":[{"@type":"ReadAction","target":["https:\/\/alfawood.gr\/en\/product\/winchester-walnut-3501\/"]}]},{"@type":"ImageObject","inLanguage":"fr-FR","@id":"https:\/\/alfawood.gr\/en\/product\/winchester-walnut-3501\/#primaryimage","url":"https:\/\/alfawood.gr\/wp-content\/uploads\/2023\/03\/3501.jpg","contentUrl":"https:\/\/alfawood.gr\/wp-content\/uploads\/2023\/03\/3501.jpg","width":1457,"height":2000,"caption":"Winchester Walnut 3501 - Alfa Surfaces Natural MFC"},{"@type":"BreadcrumbList","@id":"https:\/\/alfawood.gr\/en\/product\/winchester-walnut-3501\/#breadcrumb","itemListElement":[{"@type":"ListItem","position":1,"name":"Home","item":"https:\/\/alfawood.gr\/"},{"@type":"ListItem","position":2,"name":"\u03a0\u03c1\u03bf\u03ca\u03cc\u03bd\u03c4\u03b1","item":"https:\/\/alfawood.gr\/proionta-wood\/"},{"@type":"ListItem","position":3,"name":"Alfa Surfaces","item":"https:\/\/alfawood.gr\/category\/alfa-surfaces\/"},{"@type":"ListItem","position":4,"name":"3501 Winchester Walnut"}]},{"@type":"WebSite","@id":"https:\/\/alfawood.gr\/#website","url":"https:\/\/alfawood.gr\/","name":"Surfaces en m\u00e9lamine Comptoirs en panneaux de particules MDF Planchers Portes","description":"Alfa Wood Group Industrie du bois","publisher":{"@id":"https:\/\/alfawood.gr\/#organization"},"alternateName":"Melamines - MDF - Laminate - Worktops","potentialAction":[{"@type":"SearchAction","target":{"@type":"EntryPoint","urlTemplate":"https:\/\/alfawood.gr\/?s={search_term_string}"},"query-input":{"@type":"PropertyValueSpecification","valueRequired":true,"valueName":"search_term_string"}}],"inLanguage":"fr-FR"},{"@type":"Organization","@id":"https:\/\/alfawood.gr\/#organization","name":"Groupe Alfa Bois","url":"https:\/\/alfawood.gr\/","logo":{"@type":"ImageObject","inLanguage":"fr-FR","@id":"https:\/\/alfawood.gr\/#\/schema\/logo\/image\/","url":"https:\/\/alfawood.gr\/wp-content\/uploads\/2023\/02\/alfa-wood-logo-1.svg","contentUrl":"https:\/\/alfawood.gr\/wp-content\/uploads\/2023\/02\/alfa-wood-logo-1.svg","width":305,"height":195,"caption":"Alfa Wood Group"},"image":{"@id":"https:\/\/alfawood.gr\/#\/schema\/logo\/image\/"},"sameAs":["https:\/\/www.facebook.com\/alfawood.group","https:\/\/x.com\/ALFAWOODGROUP","https:\/\/www.instagram.com\/alfawood.group","https:\/\/www.youtube.com\/@alfawoodgroup","https:\/\/www.tiktok.com\/@alfawood.group","https:\/\/vimeo.com\/alfawood","https:\/\/www.linkedin.com\/company\/alfawoodgroup","https:\/\/www.pinterest.com\/alfawoodgroup\/"]}]}},"_links":{"self":[{"href":"https:\/\/alfawood.gr\/fr\/wp-json\/wp\/v2\/product\/15741","targetHints":{"allow":["GET"]}}],"collection":[{"href":"https:\/\/alfawood.gr\/fr\/wp-json\/wp\/v2\/product"}],"about":[{"href":"https:\/\/alfawood.gr\/fr\/wp-json\/wp\/v2\/types\/product"}],"version-history":[{"count":0,"href":"https:\/\/alfawood.gr\/fr\/wp-json\/wp\/v2\/product\/15741\/revisions"}],"wp:featuredmedia":[{"embeddable":true,"href":"https:\/\/alfawood.gr\/fr\/wp-json\/wp\/v2\/media\/15112"}],"wp:attachment":[{"href":"https:\/\/alfawood.gr\/fr\/wp-json\/wp\/v2\/media?parent=15741"}],"wp:term":[{"taxonomy":"product_brand","embeddable":true,"href":"https:\/\/alfawood.gr\/fr\/wp-json\/wp\/v2\/product_brand?post=15741"},{"taxonomy":"product_cat","embeddable":true,"href":"https:\/\/alfawood.gr\/fr\/wp-json\/wp\/v2\/product_cat?post=15741"},{"taxonomy":"product_tag","embeddable":true,"href":"https:\/\/alfawood.gr\/fr\/wp-json\/wp\/v2\/product_tag?post=15741"}],"curies":[{"name":"wp","href":"https:\/\/api.w.org\/{rel}","templated":true}]}}