{"id":15786,"date":"2023-03-07T08:25:44","date_gmt":"2023-03-07T08:25:44","guid":{"rendered":"https:\/\/alfawood.gr\/product\/%ce%b9%ce%bd%ce%bf%cf%83%ce%b1%ce%bd%ce%af%ce%b4%ce%b1-mdf-raw\/"},"modified":"2025-02-19T21:25:02","modified_gmt":"2025-02-19T19:25:02","slug":"inosanidia-mdf-gymni","status":"publish","type":"product","link":"https:\/\/alfawood.gr\/fr\/product\/inosanidia-mdf-gymni\/","title":{"rendered":"Panneau de fibres MDF brut \u2013 \u00ab\u00a0Nude\u00a0\u00bb"},"content":{"rendered":"<p><strong>Caract\u00e9ristiques:<\/strong><br \/>\nTr\u00e8s bonne finition, Chants durables, Excellentes propri\u00e9t\u00e9s m\u00e9caniques et \u00e9lasticit\u00e9, Excellente qualit\u00e9 de surface, R\u00e9sistance \u00e0 l&#039;humidit\u00e9.<\/p>\n<p><strong>Applications\u00a0:<\/strong> Magasins de meubles, portes, cadres.<\/p>\n<p><strong>Avantages : <\/strong>Le MDF est un substitut id\u00e9al au bois, il peut \u00eatre trait\u00e9 m\u00e9caniquement de n&#039;importe quelle mani\u00e8re, en lui donnant n&#039;importe quel contour, courbe ou sculpture souhait\u00e9 et gr\u00e2ce \u00e0 sa surface bonne et lisse, il peut \u00eatre fini et recouvert de divers rev\u00eatements (placage, vernis, laques, etc.) ajoutant une durabilit\u00e9 suppl\u00e9mentaire ainsi qu&#039;une r\u00e9sistance aux rayons UV.<\/p>\n<p><strong>M\u00e9thode\/Conditions de stockage :<\/strong><br \/>\nConserver dans un endroit couvert et sec. Les panneaux de fibres doivent \u00eatre conserv\u00e9s pendant 48 heures dans les conditions environnementales de l&#039;espace o\u00f9 ils doivent \u00eatre utilis\u00e9s (avant transformation).<\/p>","protected":false},"excerpt":{"rendered":"<p>Le <strong>Panneaux de fibres<\/strong> Les panneaux de fibres de moyenne densit\u00e9 (MDF \u2013 bruts) produits dans l&#039;usine du groupe Alfa Wood \u00e0 Grevena sont des panneaux de bois compos\u00e9s de fibres de bois coll\u00e9es. Leur fabrication industrielle consiste \u00e0 lier de fines couches de particules de bois avec des r\u00e9sines synth\u00e9tiques par application d&#039;une forte pression et de haute temp\u00e9rature.<\/p>","protected":false},"featured_media":25300,"template":"","meta":{"_acf_changed":false,"inline_featured_image":false,"cybocfi_hide_featured_image":""},"product_brand":[],"product_cat":[102,117],"product_tag":[],"class_list":{"0":"post-15786","1":"product","2":"type-product","3":"status-publish","4":"has-post-thumbnail","6":"product_cat-panels","7":"product_cat-mdf-inosanida","9":"first","10":"instock","11":"product-type-simple"},"acf":[],"yoast_head":"<!-- This site is optimized with the Yoast SEO Premium plugin v27.4 (Yoast SEO v27.4) - https:\/\/yoast.com\/product\/yoast-seo-premium-wordpress\/ -->\n<title>\u0399\u03bd\u03bf\u03c3\u03b1\u03bd\u03af\u03b4\u03b1 MDF RAW - &quot;\u0393\u03c5\u03bc\u03bd\u03cc&quot; - \u0395\u03c0\u03b9\u03c6\u03ac\u03bd\u03b5\u03b9\u03b5\u03c2 \u039c\u03b5\u03bb\u03b1\u03bc\u03af\u03bd\u03b7\u03c2 MDF \u039c\u03bf\u03c1\u03b9\u03bf\u03c3\u03b1\u03bd\u03af\u03b4\u03b1 \u03a0\u03ac\u03b3\u03ba\u03bf\u03b9 \u0394\u03ac\u03c0\u03b5\u03b4\u03b1 \u03a0\u03cc\u03c1\u03c4\u03b5\u03c2<\/title>\n<meta name=\"robots\" content=\"index, follow, max-snippet:-1, max-image-preview:large, max-video-preview:-1\" \/>\n<link rel=\"canonical\" href=\"https:\/\/alfawood.gr\/fr\/product\/inosanidia-mdf-gymni\" \/>\n<meta property=\"og:locale\" content=\"fr_FR\" \/>\n<meta property=\"og:type\" content=\"article\" \/>\n<meta property=\"og:title\" content=\"\u0399\u03bd\u03bf\u03c3\u03b1\u03bd\u03af\u03b4\u03b1 MDF RAW - &quot;\u0393\u03c5\u03bc\u03bd\u03cc&quot;\" \/>\n<meta property=\"og:description\" content=\"\u039f\u03b9 \u0399\u03bd\u03bf\u03c3\u03b1\u03bd\u03af\u03b4\u03b5\u03c2 \u03bc\u03ad\u03c3\u03b7\u03c2 \u03c0\u03c5\u03ba\u03bd\u03cc\u03c4\u03b7\u03c4\u03b1\u03c2 (MDF - \u03b3\u03c5\u03bc\u03bd\u03cc) \u03c0\u03b1\u03c1\u03ac\u03b3\u03bf\u03bd\u03c4\u03b1\u03b9 \u03c3\u03c4\u03bf \u03b5\u03c1\u03b3\u03bf\u03c3\u03c4\u03ac\u03c3\u03b9\u03bf \u03c4\u03bf\u03c5 \u03bf\u03bc\u03af\u03bb\u03bf\u03c5 Alfa Wood Goup \u03c3\u03c4\u03b1 \u0393\u03c1\u03b5\u03b2\u03b5\u03bd\u03ac,\u00a0 \u03b5\u03af\u03bd\u03b1\u03b9 \u03c0\u03bb\u03ac\u03ba\u03b5\u03c2 \u03be\u03cd\u03bb\u03bf\u03c5 \u03c0\u03bf\u03c5 \u03b1\u03c0\u03bf\u03c4\u03b5\u03bb\u03bf\u03cd\u03bd\u03c4\u03b1\u03b9 \u03b1\u03c0\u03cc \u03c3\u03c5\u03b3\u03ba\u03bf\u03bb\u03bb\u03b7\u03bc\u03ad\u03bd\u03b5\u03c2 \u03af\u03bd\u03b5\u03c2 \u03be\u03cd\u03bb\u03bf\u03c5. \u03a0\u03b1\u03c1\u03ac\u03b3\u03bf\u03bd\u03c4\u03b1\u03b9 \u03b2\u03b9\u03bf\u03bc\u03b7\u03c7\u03b1\u03bd\u03b9\u03ba\u03ac \u03bc\u03b5 \u03c3\u03c5\u03b3\u03ba\u03cc\u03bb\u03bb\u03b7\u03c3\u03b7 \u03bb\u03b5\u03c0\u03c4\u03ce\u03bd \u03b5\u03c0\u03b9\u03c0\u03ad\u03b4\u03c9\u03bd \u03c4\u03b5\u03bc\u03b1\u03c7\u03b9\u03b4\u03af\u03c9\u03bd \u03be\u03cd\u03bb\u03bf\u03c5 \u03bc\u03b5 \u03c3\u03c5\u03bd\u03b8\u03b5\u03c4\u03b9\u03ba\u03ad\u03c2 \u03c1\u03b7\u03c4\u03af\u03bd\u03b5\u03c2 \u03b5\u03c6\u03b1\u03c1\u03bc\u03cc\u03b6\u03bf\u03bd\u03c4\u03b1\u03c2 \u03b9\u03c3\u03c7\u03c5\u03c1\u03ae \u03c0\u03af\u03b5\u03c3\u03b7 \u03ba\u03b1\u03b9 \u03b8\u03b5\u03c1\u03bc\u03bf\u03ba\u03c1\u03b1\u03c3\u03af\u03b1.\" \/>\n<meta property=\"og:url\" content=\"https:\/\/alfawood.gr\/fr\/product\/inosanidia-mdf-gymni\" \/>\n<meta property=\"og:site_name\" content=\"\u0395\u03c0\u03b9\u03c6\u03ac\u03bd\u03b5\u03b9\u03b5\u03c2 \u039c\u03b5\u03bb\u03b1\u03bc\u03af\u03bd\u03b7\u03c2 MDF \u039c\u03bf\u03c1\u03b9\u03bf\u03c3\u03b1\u03bd\u03af\u03b4\u03b1 \u03a0\u03ac\u03b3\u03ba\u03bf\u03b9 \u0394\u03ac\u03c0\u03b5\u03b4\u03b1 \u03a0\u03cc\u03c1\u03c4\u03b5\u03c2\" \/>\n<meta property=\"article:publisher\" content=\"https:\/\/www.facebook.com\/alfawood.group\" \/>\n<meta property=\"article:modified_time\" content=\"2025-02-19T19:25:02+00:00\" \/>\n<meta property=\"og:image\" content=\"https:\/\/alfawood.gr\/wp-content\/uploads\/2023\/03\/mdf-raw-gumno-1-jpg.webp\" \/>\n\t<meta property=\"og:image:width\" content=\"1457\" \/>\n\t<meta property=\"og:image:height\" content=\"2000\" \/>\n\t<meta property=\"og:image:type\" content=\"image\/jpeg\" \/>\n<meta name=\"twitter:card\" content=\"summary_large_image\" \/>\n<meta name=\"twitter:site\" content=\"@ALFAWOODGROUP\" \/>\n<meta name=\"twitter:label1\" content=\"Dur\u00e9e de lecture estim\u00e9e\" \/>\n\t<meta name=\"twitter:data1\" content=\"1 minute\" \/>\n<script type=\"application\/ld+json\" class=\"yoast-schema-graph\">{\"@context\":\"https:\\\/\\\/schema.org\",\"@graph\":[{\"@type\":\"WebPage\",\"@id\":\"https:\\\/\\\/alfawood.gr\\\/product\\\/inosanidia-mdf-gymni\\\/\",\"url\":\"https:\\\/\\\/alfawood.gr\\\/product\\\/inosanidia-mdf-gymni\\\/\",\"name\":\"\u0399\u03bd\u03bf\u03c3\u03b1\u03bd\u03af\u03b4\u03b1 MDF RAW - \\\"\u0393\u03c5\u03bc\u03bd\u03cc\\\" - \u0395\u03c0\u03b9\u03c6\u03ac\u03bd\u03b5\u03b9\u03b5\u03c2 \u039c\u03b5\u03bb\u03b1\u03bc\u03af\u03bd\u03b7\u03c2 MDF \u039c\u03bf\u03c1\u03b9\u03bf\u03c3\u03b1\u03bd\u03af\u03b4\u03b1 \u03a0\u03ac\u03b3\u03ba\u03bf\u03b9 \u0394\u03ac\u03c0\u03b5\u03b4\u03b1 \u03a0\u03cc\u03c1\u03c4\u03b5\u03c2\",\"isPartOf\":{\"@id\":\"https:\\\/\\\/alfawood.gr\\\/#website\"},\"primaryImageOfPage\":{\"@id\":\"https:\\\/\\\/alfawood.gr\\\/product\\\/inosanidia-mdf-gymni\\\/#primaryimage\"},\"image\":{\"@id\":\"https:\\\/\\\/alfawood.gr\\\/product\\\/inosanidia-mdf-gymni\\\/#primaryimage\"},\"thumbnailUrl\":\"https:\\\/\\\/alfawood.gr\\\/wp-content\\\/uploads\\\/2023\\\/03\\\/mdf-raw-gumno-1-jpg.webp\",\"datePublished\":\"2023-03-07T08:25:44+00:00\",\"dateModified\":\"2025-02-19T19:25:02+00:00\",\"breadcrumb\":{\"@id\":\"https:\\\/\\\/alfawood.gr\\\/product\\\/inosanidia-mdf-gymni\\\/#breadcrumb\"},\"inLanguage\":\"fr-FR\",\"potentialAction\":[{\"@type\":\"ReadAction\",\"target\":[\"https:\\\/\\\/alfawood.gr\\\/product\\\/inosanidia-mdf-gymni\\\/\"]}]},{\"@type\":\"ImageObject\",\"inLanguage\":\"fr-FR\",\"@id\":\"https:\\\/\\\/alfawood.gr\\\/product\\\/inosanidia-mdf-gymni\\\/#primaryimage\",\"url\":\"https:\\\/\\\/alfawood.gr\\\/wp-content\\\/uploads\\\/2023\\\/03\\\/mdf-raw-gumno-1-jpg.webp\",\"contentUrl\":\"https:\\\/\\\/alfawood.gr\\\/wp-content\\\/uploads\\\/2023\\\/03\\\/mdf-raw-gumno-1-jpg.webp\",\"width\":1457,\"height\":2000,\"caption\":\"MDF - PANEL \u0399\u03bd\u03bf\u03c3\u03b1\u03bd\u03af\u03b4\u03b1\u03c2\"},{\"@type\":\"BreadcrumbList\",\"@id\":\"https:\\\/\\\/alfawood.gr\\\/product\\\/inosanidia-mdf-gymni\\\/#breadcrumb\",\"itemListElement\":[{\"@type\":\"ListItem\",\"position\":1,\"name\":\"Home\",\"item\":\"https:\\\/\\\/alfawood.gr\\\/\"},{\"@type\":\"ListItem\",\"position\":2,\"name\":\"\u03a0\u03c1\u03bf\u03ca\u03cc\u03bd\u03c4\u03b1\",\"item\":\"https:\\\/\\\/alfawood.gr\\\/proionta-wood\\\/\"},{\"@type\":\"ListItem\",\"position\":3,\"name\":\"Alfa Panels\",\"item\":\"https:\\\/\\\/alfawood.gr\\\/category\\\/panels\\\/\"},{\"@type\":\"ListItem\",\"position\":4,\"name\":\"\u03a0\u03ac\u03bd\u03b5\u03bb \u0399\u03bd\u03bf\u03c3\u03b1\u03bd\u03af\u03b4\u03b1\u03c2 (MDF)\",\"item\":\"https:\\\/\\\/alfawood.gr\\\/category\\\/panels\\\/mdf-inosanida\\\/\"},{\"@type\":\"ListItem\",\"position\":5,\"name\":\"\u0399\u03bd\u03bf\u03c3\u03b1\u03bd\u03af\u03b4\u03b1 MDF RAW &#8211; &#8220;\u0393\u03c5\u03bc\u03bd\u03cc&#8221;\"}]},{\"@type\":\"WebSite\",\"@id\":\"https:\\\/\\\/alfawood.gr\\\/#website\",\"url\":\"https:\\\/\\\/alfawood.gr\\\/\",\"name\":\"\u0395\u03c0\u03b9\u03c6\u03ac\u03bd\u03b5\u03b9\u03b5\u03c2 \u039c\u03b5\u03bb\u03b1\u03bc\u03af\u03bd\u03b7\u03c2 MDF \u039c\u03bf\u03c1\u03b9\u03bf\u03c3\u03b1\u03bd\u03af\u03b4\u03b1 \u03a0\u03ac\u03b3\u03ba\u03bf\u03b9 \u0394\u03ac\u03c0\u03b5\u03b4\u03b1 \u03a0\u03cc\u03c1\u03c4\u03b5\u03c2\",\"description\":\"\u0392\u03b9\u03bf\u03bc\u03b7\u03c7\u03b1\u03bd\u03af\u03b1 \u039e\u03cd\u03bb\u03bf\u03c5 Alfa Wood Group\",\"publisher\":{\"@id\":\"https:\\\/\\\/alfawood.gr\\\/#organization\"},\"alternateName\":\"Melamines - MDF - Laminate - Worktops\",\"potentialAction\":[{\"@type\":\"SearchAction\",\"target\":{\"@type\":\"EntryPoint\",\"urlTemplate\":\"https:\\\/\\\/alfawood.gr\\\/?s={search_term_string}\"},\"query-input\":{\"@type\":\"PropertyValueSpecification\",\"valueRequired\":true,\"valueName\":\"search_term_string\"}}],\"inLanguage\":\"fr-FR\"},{\"@type\":\"Organization\",\"@id\":\"https:\\\/\\\/alfawood.gr\\\/#organization\",\"name\":\"Alfa Wood Group\",\"url\":\"https:\\\/\\\/alfawood.gr\\\/\",\"logo\":{\"@type\":\"ImageObject\",\"inLanguage\":\"fr-FR\",\"@id\":\"https:\\\/\\\/alfawood.gr\\\/#\\\/schema\\\/logo\\\/image\\\/\",\"url\":\"https:\\\/\\\/alfawood.gr\\\/wp-content\\\/uploads\\\/2023\\\/02\\\/alfa-wood-logo-1.svg\",\"contentUrl\":\"https:\\\/\\\/alfawood.gr\\\/wp-content\\\/uploads\\\/2023\\\/02\\\/alfa-wood-logo-1.svg\",\"width\":305,\"height\":195,\"caption\":\"Alfa Wood Group\"},\"image\":{\"@id\":\"https:\\\/\\\/alfawood.gr\\\/#\\\/schema\\\/logo\\\/image\\\/\"},\"sameAs\":[\"https:\\\/\\\/www.facebook.com\\\/alfawood.group\",\"https:\\\/\\\/x.com\\\/ALFAWOODGROUP\",\"https:\\\/\\\/www.instagram.com\\\/alfawood.group\",\"https:\\\/\\\/www.youtube.com\\\/@alfawoodgroup\",\"https:\\\/\\\/www.tiktok.com\\\/@alfawood.group\",\"https:\\\/\\\/vimeo.com\\\/alfawood\",\"https:\\\/\\\/www.linkedin.com\\\/company\\\/alfawoodgroup\",\"https:\\\/\\\/www.pinterest.com\\\/alfawoodgroup\\\/\"]}]}<\/script>\n<!-- \/ Yoast SEO Premium plugin. -->","yoast_head_json":{"title":"Panneaux de fibres de moyenne densit\u00e9 (MDF) bruts - \"\u00a0Nus\u00a0\" - Surfaces m\u00e9lamin\u00e9es - Plans de travail, sols et portes en panneaux de particules MDF","robots":{"index":"index","follow":"follow","max-snippet":"max-snippet:-1","max-image-preview":"max-image-preview:large","max-video-preview":"max-video-preview:-1"},"canonical":"https:\/\/alfawood.gr\/fr\/product\/inosanidia-mdf-gymni","og_locale":"fr_FR","og_type":"article","og_title":"\u0399\u03bd\u03bf\u03c3\u03b1\u03bd\u03af\u03b4\u03b1 MDF RAW - \"\u0393\u03c5\u03bc\u03bd\u03cc\"","og_description":"\u039f\u03b9 \u0399\u03bd\u03bf\u03c3\u03b1\u03bd\u03af\u03b4\u03b5\u03c2 \u03bc\u03ad\u03c3\u03b7\u03c2 \u03c0\u03c5\u03ba\u03bd\u03cc\u03c4\u03b7\u03c4\u03b1\u03c2 (MDF - \u03b3\u03c5\u03bc\u03bd\u03cc) \u03c0\u03b1\u03c1\u03ac\u03b3\u03bf\u03bd\u03c4\u03b1\u03b9 \u03c3\u03c4\u03bf \u03b5\u03c1\u03b3\u03bf\u03c3\u03c4\u03ac\u03c3\u03b9\u03bf \u03c4\u03bf\u03c5 \u03bf\u03bc\u03af\u03bb\u03bf\u03c5 Alfa Wood Goup \u03c3\u03c4\u03b1 \u0393\u03c1\u03b5\u03b2\u03b5\u03bd\u03ac,\u00a0 \u03b5\u03af\u03bd\u03b1\u03b9 \u03c0\u03bb\u03ac\u03ba\u03b5\u03c2 \u03be\u03cd\u03bb\u03bf\u03c5 \u03c0\u03bf\u03c5 \u03b1\u03c0\u03bf\u03c4\u03b5\u03bb\u03bf\u03cd\u03bd\u03c4\u03b1\u03b9 \u03b1\u03c0\u03cc \u03c3\u03c5\u03b3\u03ba\u03bf\u03bb\u03bb\u03b7\u03bc\u03ad\u03bd\u03b5\u03c2 \u03af\u03bd\u03b5\u03c2 \u03be\u03cd\u03bb\u03bf\u03c5. \u03a0\u03b1\u03c1\u03ac\u03b3\u03bf\u03bd\u03c4\u03b1\u03b9 \u03b2\u03b9\u03bf\u03bc\u03b7\u03c7\u03b1\u03bd\u03b9\u03ba\u03ac \u03bc\u03b5 \u03c3\u03c5\u03b3\u03ba\u03cc\u03bb\u03bb\u03b7\u03c3\u03b7 \u03bb\u03b5\u03c0\u03c4\u03ce\u03bd \u03b5\u03c0\u03b9\u03c0\u03ad\u03b4\u03c9\u03bd \u03c4\u03b5\u03bc\u03b1\u03c7\u03b9\u03b4\u03af\u03c9\u03bd \u03be\u03cd\u03bb\u03bf\u03c5 \u03bc\u03b5 \u03c3\u03c5\u03bd\u03b8\u03b5\u03c4\u03b9\u03ba\u03ad\u03c2 \u03c1\u03b7\u03c4\u03af\u03bd\u03b5\u03c2 \u03b5\u03c6\u03b1\u03c1\u03bc\u03cc\u03b6\u03bf\u03bd\u03c4\u03b1\u03c2 \u03b9\u03c3\u03c7\u03c5\u03c1\u03ae \u03c0\u03af\u03b5\u03c3\u03b7 \u03ba\u03b1\u03b9 \u03b8\u03b5\u03c1\u03bc\u03bf\u03ba\u03c1\u03b1\u03c3\u03af\u03b1.","og_url":"https:\/\/alfawood.gr\/fr\/product\/inosanidia-mdf-gymni","og_site_name":"\u0395\u03c0\u03b9\u03c6\u03ac\u03bd\u03b5\u03b9\u03b5\u03c2 \u039c\u03b5\u03bb\u03b1\u03bc\u03af\u03bd\u03b7\u03c2 MDF \u039c\u03bf\u03c1\u03b9\u03bf\u03c3\u03b1\u03bd\u03af\u03b4\u03b1 \u03a0\u03ac\u03b3\u03ba\u03bf\u03b9 \u0394\u03ac\u03c0\u03b5\u03b4\u03b1 \u03a0\u03cc\u03c1\u03c4\u03b5\u03c2","article_publisher":"https:\/\/www.facebook.com\/alfawood.group","article_modified_time":"2025-02-19T19:25:02+00:00","og_image":[{"width":1457,"height":2000,"url":"https:\/\/alfawood.gr\/wp-content\/uploads\/2023\/03\/mdf-raw-gumno-1-jpg.webp","type":"image\/jpeg"}],"twitter_card":"summary_large_image","twitter_site":"@ALFAWOODGROUP","twitter_misc":{"Dur\u00e9e de lecture estim\u00e9e":"1 minute"},"schema":{"@context":"https:\/\/schema.org","@graph":[{"@type":"WebPage","@id":"https:\/\/alfawood.gr\/product\/inosanidia-mdf-gymni\/","url":"https:\/\/alfawood.gr\/product\/inosanidia-mdf-gymni\/","name":"Panneaux de fibres de moyenne densit\u00e9 (MDF) bruts - \"\u00a0Nus\u00a0\" - Surfaces m\u00e9lamin\u00e9es - Plans de travail, sols et portes en panneaux de particules MDF","isPartOf":{"@id":"https:\/\/alfawood.gr\/#website"},"primaryImageOfPage":{"@id":"https:\/\/alfawood.gr\/product\/inosanidia-mdf-gymni\/#primaryimage"},"image":{"@id":"https:\/\/alfawood.gr\/product\/inosanidia-mdf-gymni\/#primaryimage"},"thumbnailUrl":"https:\/\/alfawood.gr\/wp-content\/uploads\/2023\/03\/mdf-raw-gumno-1-jpg.webp","datePublished":"2023-03-07T08:25:44+00:00","dateModified":"2025-02-19T19:25:02+00:00","breadcrumb":{"@id":"https:\/\/alfawood.gr\/product\/inosanidia-mdf-gymni\/#breadcrumb"},"inLanguage":"fr-FR","potentialAction":[{"@type":"ReadAction","target":["https:\/\/alfawood.gr\/product\/inosanidia-mdf-gymni\/"]}]},{"@type":"ImageObject","inLanguage":"fr-FR","@id":"https:\/\/alfawood.gr\/product\/inosanidia-mdf-gymni\/#primaryimage","url":"https:\/\/alfawood.gr\/wp-content\/uploads\/2023\/03\/mdf-raw-gumno-1-jpg.webp","contentUrl":"https:\/\/alfawood.gr\/wp-content\/uploads\/2023\/03\/mdf-raw-gumno-1-jpg.webp","width":1457,"height":2000,"caption":"MDF - PANEL \u0399\u03bd\u03bf\u03c3\u03b1\u03bd\u03af\u03b4\u03b1\u03c2"},{"@type":"BreadcrumbList","@id":"https:\/\/alfawood.gr\/product\/inosanidia-mdf-gymni\/#breadcrumb","itemListElement":[{"@type":"ListItem","position":1,"name":"Home","item":"https:\/\/alfawood.gr\/"},{"@type":"ListItem","position":2,"name":"\u03a0\u03c1\u03bf\u03ca\u03cc\u03bd\u03c4\u03b1","item":"https:\/\/alfawood.gr\/proionta-wood\/"},{"@type":"ListItem","position":3,"name":"Alfa Panels","item":"https:\/\/alfawood.gr\/category\/panels\/"},{"@type":"ListItem","position":4,"name":"\u03a0\u03ac\u03bd\u03b5\u03bb \u0399\u03bd\u03bf\u03c3\u03b1\u03bd\u03af\u03b4\u03b1\u03c2 (MDF)","item":"https:\/\/alfawood.gr\/category\/panels\/mdf-inosanida\/"},{"@type":"ListItem","position":5,"name":"\u0399\u03bd\u03bf\u03c3\u03b1\u03bd\u03af\u03b4\u03b1 MDF RAW &#8211; &#8220;\u0393\u03c5\u03bc\u03bd\u03cc&#8221;"}]},{"@type":"WebSite","@id":"https:\/\/alfawood.gr\/#website","url":"https:\/\/alfawood.gr\/","name":"Surfaces en m\u00e9lamine Comptoirs en panneaux de particules MDF Planchers Portes","description":"Alfa Wood Group Industrie du bois","publisher":{"@id":"https:\/\/alfawood.gr\/#organization"},"alternateName":"Melamines - MDF - Laminate - Worktops","potentialAction":[{"@type":"SearchAction","target":{"@type":"EntryPoint","urlTemplate":"https:\/\/alfawood.gr\/?s={search_term_string}"},"query-input":{"@type":"PropertyValueSpecification","valueRequired":true,"valueName":"search_term_string"}}],"inLanguage":"fr-FR"},{"@type":"Organization","@id":"https:\/\/alfawood.gr\/#organization","name":"Groupe Alfa Bois","url":"https:\/\/alfawood.gr\/","logo":{"@type":"ImageObject","inLanguage":"fr-FR","@id":"https:\/\/alfawood.gr\/#\/schema\/logo\/image\/","url":"https:\/\/alfawood.gr\/wp-content\/uploads\/2023\/02\/alfa-wood-logo-1.svg","contentUrl":"https:\/\/alfawood.gr\/wp-content\/uploads\/2023\/02\/alfa-wood-logo-1.svg","width":305,"height":195,"caption":"Alfa Wood Group"},"image":{"@id":"https:\/\/alfawood.gr\/#\/schema\/logo\/image\/"},"sameAs":["https:\/\/www.facebook.com\/alfawood.group","https:\/\/x.com\/ALFAWOODGROUP","https:\/\/www.instagram.com\/alfawood.group","https:\/\/www.youtube.com\/@alfawoodgroup","https:\/\/www.tiktok.com\/@alfawood.group","https:\/\/vimeo.com\/alfawood","https:\/\/www.linkedin.com\/company\/alfawoodgroup","https:\/\/www.pinterest.com\/alfawoodgroup\/"]}]}},"_links":{"self":[{"href":"https:\/\/alfawood.gr\/fr\/wp-json\/wp\/v2\/product\/15786","targetHints":{"allow":["GET"]}}],"collection":[{"href":"https:\/\/alfawood.gr\/fr\/wp-json\/wp\/v2\/product"}],"about":[{"href":"https:\/\/alfawood.gr\/fr\/wp-json\/wp\/v2\/types\/product"}],"version-history":[{"count":0,"href":"https:\/\/alfawood.gr\/fr\/wp-json\/wp\/v2\/product\/15786\/revisions"}],"wp:featuredmedia":[{"embeddable":true,"href":"https:\/\/alfawood.gr\/fr\/wp-json\/wp\/v2\/media\/25300"}],"wp:attachment":[{"href":"https:\/\/alfawood.gr\/fr\/wp-json\/wp\/v2\/media?parent=15786"}],"wp:term":[{"taxonomy":"product_brand","embeddable":true,"href":"https:\/\/alfawood.gr\/fr\/wp-json\/wp\/v2\/product_brand?post=15786"},{"taxonomy":"product_cat","embeddable":true,"href":"https:\/\/alfawood.gr\/fr\/wp-json\/wp\/v2\/product_cat?post=15786"},{"taxonomy":"product_tag","embeddable":true,"href":"https:\/\/alfawood.gr\/fr\/wp-json\/wp\/v2\/product_tag?post=15786"}],"curies":[{"name":"wp","href":"https:\/\/api.w.org\/{rel}","templated":true}]}}