{"id":15804,"date":"2023-03-07T08:25:44","date_gmt":"2023-03-07T08:25:44","guid":{"rendered":"https:\/\/alfawood.gr\/product\/%ce%b9%ce%bd%ce%bf%cf%83%ce%b1%ce%bd%ce%af%ce%b4%ce%b1-mdf-%cf%80%cf%85%cf%81%ce%ac%ce%bd%cf%84%ce%bf%cf%87%ce%b7\/"},"modified":"2024-01-19T09:45:42","modified_gmt":"2024-01-19T07:45:42","slug":"inosanida-mdf-pirantoxi","status":"publish","type":"product","link":"https:\/\/alfawood.gr\/fr\/product\/inosanida-mdf-pirantoxi\/","title":{"rendered":"Panneaux de fibres de bois MDF ignifuges"},"content":{"rendered":"<p><strong>Caract\u00e9ristiques:<\/strong><br \/>\nR\u00e9sistance au feu, Texture de surface parfaite, R\u00e9sistance \u00e0 la traction, Haute stabilit\u00e9 aux changements environnementaux, Facilit\u00e9 de traitement, Haute densit\u00e9, R\u00e9sistance \u00e0 l&#039;humidit\u00e9.<\/p>\n<p><strong>Applications\u00a0:<\/strong><br \/>\nDans les b\u00e2timents avec des exigences accrues en mati\u00e8re de r\u00e9sistance au feu tels que les b\u00e2timents publics, les h\u00f4pitaux, les \u00e9coles, les a\u00e9roports, principalement pour les portes, le mobilier, etc.<\/p>\n<p><strong>Avantages : <\/strong>R\u00e9sistant aux environnements avec des exigences \u00e9lev\u00e9es de protection contre l&#039;incendie, dans les environnements \u00e0 forte humidit\u00e9, r\u00e9sistance aux rayons UV, tr\u00e8s stable aux changements externes, haute r\u00e9sistance \u00e0 la traction, haute r\u00e9sistance \u00e0 la flexion, non toxique, respectueux de l&#039;environnement, faible \u00e9mission de formald\u00e9hyde.<\/p>","protected":false},"excerpt":{"rendered":"<p>Le MDF r\u00e9sistant au feu produit par Alfa Wood Group dans ses installations industrielles de Grevena est un panneau de fibres qui combine toutes les caract\u00e9ristiques du panneau de fibres, combin\u00e9es \u00e0 celles du panneau de fibres r\u00e9sistant \u00e0 l&#039;humidit\u00e9, mais a \u00e9galement la propri\u00e9t\u00e9 de retarder la transmission de la flamme en cas de de feu.<\/p>\n<p>Il est compos\u00e9 de fibres de bois auxquelles ont \u00e9t\u00e9 ajout\u00e9s des r\u00e9sines sp\u00e9ciales et des additifs respectueux de l&#039;environnement, qui conf\u00e8rent au mat\u00e9riau une r\u00e9sistance au feu.<br \/>\nIl est fabriqu\u00e9 en rouge, ce qui le distingue compl\u00e8tement des autres produits du groupe Alfa Wood.<\/p>","protected":false},"featured_media":15806,"template":"","meta":{"_acf_changed":false,"inline_featured_image":false,"cybocfi_hide_featured_image":""},"product_brand":[],"product_cat":[102,117],"product_tag":[],"class_list":{"0":"post-15804","1":"product","2":"type-product","3":"status-publish","4":"has-post-thumbnail","6":"product_cat-panels","7":"product_cat-mdf-inosanida","9":"first","10":"instock","11":"product-type-simple"},"acf":[],"yoast_head":"<!-- This site is optimized with the Yoast SEO Premium plugin v27.3 (Yoast SEO v27.3) - https:\/\/yoast.com\/product\/yoast-seo-premium-wordpress\/ -->\n<title>\u0399\u03bd\u03bf\u03c3\u03b1\u03bd\u03af\u03b4\u03b1 MDF \u03a0\u03c5\u03c1\u03ac\u03bd\u03c4\u03bf\u03c7\u03b7 - \u0395\u03c0\u03b9\u03c6\u03ac\u03bd\u03b5\u03b9\u03b5\u03c2 \u039c\u03b5\u03bb\u03b1\u03bc\u03af\u03bd\u03b7\u03c2 MDF \u039c\u03bf\u03c1\u03b9\u03bf\u03c3\u03b1\u03bd\u03af\u03b4\u03b1 \u03a0\u03ac\u03b3\u03ba\u03bf\u03b9 \u0394\u03ac\u03c0\u03b5\u03b4\u03b1 \u03a0\u03cc\u03c1\u03c4\u03b5\u03c2<\/title>\n<meta name=\"robots\" content=\"index, follow, max-snippet:-1, max-image-preview:large, max-video-preview:-1\" \/>\n<link rel=\"canonical\" href=\"https:\/\/alfawood.gr\/fr\/product\/inosanida-mdf-pirantoxi\" \/>\n<meta property=\"og:locale\" content=\"fr_FR\" \/>\n<meta property=\"og:type\" content=\"article\" \/>\n<meta property=\"og:title\" content=\"\u0399\u03bd\u03bf\u03c3\u03b1\u03bd\u03af\u03b4\u03b1 MDF \u03a0\u03c5\u03c1\u03ac\u03bd\u03c4\u03bf\u03c7\u03b7\" \/>\n<meta property=\"og:description\" content=\"\u0397 \u03c0\u03c5\u03c1\u03ac\u03bd\u03c4\u03bf\u03c7\u03b7 \u03b9\u03bd\u03bf\u03c3\u03b1\u03bd\u03af\u03b4\u03b1 (MDF Fire retardant) \u03c0\u03b1\u03c1\u03b1\u03b3\u03c9\u03b3\u03ae\u03c2 \u03c4\u03b7\u03c2 Alfa Wood Group \u03c3\u03c4\u03b9\u03c2 \u03b2\u03b9\u03bf\u03bc\u03b7\u03c7\u03b1\u03bd\u03b9\u03ba\u03ad\u03c2 \u03b5\u03b3\u03ba\u03b1\u03c4\u03ac\u03c3\u03c4\u03b1\u03c3\u03b5\u03b9\u03c2 \u03c4\u03c9\u03bd \u0393\u03c1\u03b5\u03b2\u03b5\u03bd\u03ce\u03bd \u03b5\u03af\u03bd\u03b1\u03b9 \u03bc\u03af\u03b1 \u03b9\u03bd\u03bf\u03c3\u03b1\u03bd\u03af\u03b4\u03b1, \u03c0\u03bf\u03c5 \u03c3\u03c5\u03bd\u03b4\u03c5\u03ac\u03b6\u03b5\u03b9 \u03cc\u03bb\u03b1 \u03c4\u03b1 \u03c7\u03b1\u03c1\u03b1\u03ba\u03c4\u03b7\u03c1\u03b9\u03c3\u03c4\u03b9\u03ba\u03ac \u03c4\u03b7\u03c2 \u03b9\u03bd\u03bf\u03c3\u03b1\u03bd\u03af\u03b4\u03bf\u03c2, \u03c3\u03b5 \u03c3\u03c5\u03bd\u03b4\u03c5\u03b1\u03c3\u03bc\u03cc \u03bc\u03b5 \u03b5\u03ba\u03b5\u03af\u03bd\u03b1 \u03c4\u03b7\u03c2 \u03b9\u03bd\u03bf\u03c3\u03b1\u03bd\u03af\u03b4\u03bf\u03c2 \u03bc\u03b5 \u03b1\u03bd\u03c4\u03af\u03c3\u03c4\u03b1\u03c3\u03b7 \u03c3\u03c4\u03b7\u03bd \u03c5\u03b3\u03c1\u03b1\u03c3\u03af\u03b1, \u03b1\u03bb\u03bb\u03ac \u03b5\u03c0\u03b9\u03c0\u03bb\u03ad\u03bf\u03bd \u03ad\u03c7\u03b5\u03b9 \u03c4\u03b7\u03bd \u03b9\u03b4\u03b9\u03cc\u03c4\u03b7\u03c4\u03b1 \u03c4\u03b7\u03c2 \u03ba\u03b1\u03b8\u03c5\u03c3\u03c4\u03ad\u03c1\u03b7\u03c3\u03b7\u03c2 \u03c4\u03b7\u03c2 \u03bc\u03b5\u03c4\u03ac\u03b4\u03bf\u03c3\u03b7\u03c2 \u03c4\u03b7\u03c2 \u03c6\u03bb\u03cc\u03b3\u03b1\u03c2 \u03c3\u03b5 \u03c0\u03b5\u03c1\u03af\u03c0\u03c4\u03c9\u03c3\u03b7 \u03c0\u03c5\u03c1\u03ba\u03b1\u03b3\u03b9\u03ac\u03c2.  \u0391\u03c0\u03bf\u03c4\u03b5\u03bb\u03b5\u03af\u03c4\u03b1\u03b9 \u03b1\u03c0\u03cc \u03af\u03bd\u03b5\u03c2 \u03be\u03cd\u03bb\u03bf\u03c5 \u03c3\u03c4\u03b9\u03c2 \u03bf\u03c0\u03bf\u03af\u03b5\u03c2 \u03ad\u03c7\u03bf\u03c5\u03bd\u03b5 \u03c0\u03c1\u03bf\u03c3\u03c4\u03b5\u03b8\u03b5\u03af \u03b5\u03b9\u03b4\u03b9\u03ba\u03ad\u03c2 \u03c1\u03b7\u03c4\u03af\u03bd\u03b5\u03c2 \u03ba\u03b1\u03b9 \u03c6\u03b9\u03bb\u03b9\u03ba\u03ac \u03c0\u03c1\u03bf\u03c2 \u03c4\u03bf \u03c0\u03b5\u03c1\u03b9\u03b2\u03ac\u03bb\u03bb\u03bf\u03bd \u03c0\u03c1\u03cc\u03c3\u03b8\u03b5\u03c4\u03b1, \u03c4\u03b1 \u03bf\u03c0\u03bf\u03af\u03b1 \u03c0\u03c1\u03bf\u03c3\u03b4\u03af\u03b4\u03bf\u03c5\u03bd \u03c4\u03b7\u03bd \u03c0\u03c5\u03c1\u03b1\u03bd\u03c4\u03af\u03c3\u03c4\u03b1\u03c3\u03b7 \u03c3\u03c4\u03bf \u03c5\u03bb\u03b9\u03ba\u03cc. \u03a0\u03b1\u03c1\u03ac\u03b3\u03b5\u03c4\u03b1\u03b9 \u03c3\u03b5 \u03c7\u03c1\u03ce\u03bc\u03b1 \u03ba\u03cc\u03ba\u03ba\u03b9\u03bd\u03bf, \u03ce\u03c3\u03c4\u03b5 \u03bd\u03b1 \u03be\u03b5\u03c7\u03c9\u03c1\u03af\u03b6\u03b5\u03b9 \u03b1\u03c0\u03cc\u03bb\u03c5\u03c4\u03b1 \u03b1\u03c0\u03cc \u03c4\u03b1 \u03b1\u03bb\u03bb\u03b1 \u03c0\u03c1\u03bf\u03ca\u03cc\u03bd\u03c4\u03b1 \u03c4\u03b7\u03c2 Alfa Wood Group.\" \/>\n<meta property=\"og:url\" content=\"https:\/\/alfawood.gr\/fr\/product\/inosanida-mdf-pirantoxi\" \/>\n<meta property=\"og:site_name\" content=\"\u0395\u03c0\u03b9\u03c6\u03ac\u03bd\u03b5\u03b9\u03b5\u03c2 \u039c\u03b5\u03bb\u03b1\u03bc\u03af\u03bd\u03b7\u03c2 MDF \u039c\u03bf\u03c1\u03b9\u03bf\u03c3\u03b1\u03bd\u03af\u03b4\u03b1 \u03a0\u03ac\u03b3\u03ba\u03bf\u03b9 \u0394\u03ac\u03c0\u03b5\u03b4\u03b1 \u03a0\u03cc\u03c1\u03c4\u03b5\u03c2\" \/>\n<meta property=\"article:publisher\" content=\"https:\/\/www.facebook.com\/alfawood.group\" \/>\n<meta property=\"article:modified_time\" content=\"2024-01-19T07:45:42+00:00\" \/>\n<meta property=\"og:image\" content=\"https:\/\/alfawood.gr\/wp-content\/uploads\/2023\/03\/2608-mdf-pourantoxo.jpg\" \/>\n\t<meta property=\"og:image:width\" content=\"1457\" \/>\n\t<meta property=\"og:image:height\" content=\"2000\" \/>\n\t<meta property=\"og:image:type\" content=\"image\/jpeg\" \/>\n<meta name=\"twitter:card\" content=\"summary_large_image\" \/>\n<meta name=\"twitter:site\" content=\"@ALFAWOODGROUP\" \/>\n<meta name=\"twitter:label1\" content=\"Dur\u00e9e de lecture estim\u00e9e\" \/>\n\t<meta name=\"twitter:data1\" content=\"1 minute\" \/>\n<script type=\"application\/ld+json\" class=\"yoast-schema-graph\">{\"@context\":\"https:\\\/\\\/schema.org\",\"@graph\":[{\"@type\":\"WebPage\",\"@id\":\"https:\\\/\\\/alfawood.gr\\\/en\\\/product\\\/inosanida-mdf-pirantoxi\\\/\",\"url\":\"https:\\\/\\\/alfawood.gr\\\/en\\\/product\\\/inosanida-mdf-pirantoxi\\\/\",\"name\":\"\u0399\u03bd\u03bf\u03c3\u03b1\u03bd\u03af\u03b4\u03b1 MDF \u03a0\u03c5\u03c1\u03ac\u03bd\u03c4\u03bf\u03c7\u03b7 - \u0395\u03c0\u03b9\u03c6\u03ac\u03bd\u03b5\u03b9\u03b5\u03c2 \u039c\u03b5\u03bb\u03b1\u03bc\u03af\u03bd\u03b7\u03c2 MDF \u039c\u03bf\u03c1\u03b9\u03bf\u03c3\u03b1\u03bd\u03af\u03b4\u03b1 \u03a0\u03ac\u03b3\u03ba\u03bf\u03b9 \u0394\u03ac\u03c0\u03b5\u03b4\u03b1 \u03a0\u03cc\u03c1\u03c4\u03b5\u03c2\",\"isPartOf\":{\"@id\":\"https:\\\/\\\/alfawood.gr\\\/#website\"},\"primaryImageOfPage\":{\"@id\":\"https:\\\/\\\/alfawood.gr\\\/en\\\/product\\\/inosanida-mdf-pirantoxi\\\/#primaryimage\"},\"image\":{\"@id\":\"https:\\\/\\\/alfawood.gr\\\/en\\\/product\\\/inosanida-mdf-pirantoxi\\\/#primaryimage\"},\"thumbnailUrl\":\"https:\\\/\\\/alfawood.gr\\\/wp-content\\\/uploads\\\/2023\\\/03\\\/2608-mdf-pourantoxo.jpg\",\"datePublished\":\"2023-03-07T08:25:44+00:00\",\"dateModified\":\"2024-01-19T07:45:42+00:00\",\"breadcrumb\":{\"@id\":\"https:\\\/\\\/alfawood.gr\\\/en\\\/product\\\/inosanida-mdf-pirantoxi\\\/#breadcrumb\"},\"inLanguage\":\"fr-FR\",\"potentialAction\":[{\"@type\":\"ReadAction\",\"target\":[\"https:\\\/\\\/alfawood.gr\\\/en\\\/product\\\/inosanida-mdf-pirantoxi\\\/\"]}]},{\"@type\":\"ImageObject\",\"inLanguage\":\"fr-FR\",\"@id\":\"https:\\\/\\\/alfawood.gr\\\/en\\\/product\\\/inosanida-mdf-pirantoxi\\\/#primaryimage\",\"url\":\"https:\\\/\\\/alfawood.gr\\\/wp-content\\\/uploads\\\/2023\\\/03\\\/2608-mdf-pourantoxo.jpg\",\"contentUrl\":\"https:\\\/\\\/alfawood.gr\\\/wp-content\\\/uploads\\\/2023\\\/03\\\/2608-mdf-pourantoxo.jpg\",\"width\":1457,\"height\":2000,\"caption\":\"\u0399\u03bd\u03bf\u03c3\u03b1\u03bd\u03af\u03b4\u03b1 MDF \u03a0\u03c5\u03c1\u03ac\u03bd\u03c4\u03bf\u03c7\u03b7 - Alfa Decor Panels \u03a0\u03ac\u03bd\u03b5\u03bb \u0399\u03bd\u03bf\u03c3\u03b1\u03bd\u03af\u03b4\u03b1\u03c2 \u03a0\u03c5\u03c1\u03ac\u03bd\u03c4\u03bf\u03c7\u03b7\"},{\"@type\":\"BreadcrumbList\",\"@id\":\"https:\\\/\\\/alfawood.gr\\\/en\\\/product\\\/inosanida-mdf-pirantoxi\\\/#breadcrumb\",\"itemListElement\":[{\"@type\":\"ListItem\",\"position\":1,\"name\":\"Home\",\"item\":\"https:\\\/\\\/alfawood.gr\\\/\"},{\"@type\":\"ListItem\",\"position\":2,\"name\":\"\u03a0\u03c1\u03bf\u03ca\u03cc\u03bd\u03c4\u03b1\",\"item\":\"https:\\\/\\\/alfawood.gr\\\/proionta-wood\\\/\"},{\"@type\":\"ListItem\",\"position\":3,\"name\":\"Alfa Panels\",\"item\":\"https:\\\/\\\/alfawood.gr\\\/category\\\/panels\\\/\"},{\"@type\":\"ListItem\",\"position\":4,\"name\":\"\u03a0\u03ac\u03bd\u03b5\u03bb \u0399\u03bd\u03bf\u03c3\u03b1\u03bd\u03af\u03b4\u03b1\u03c2 (MDF)\",\"item\":\"https:\\\/\\\/alfawood.gr\\\/category\\\/panels\\\/mdf-inosanida\\\/\"},{\"@type\":\"ListItem\",\"position\":5,\"name\":\"\u0399\u03bd\u03bf\u03c3\u03b1\u03bd\u03af\u03b4\u03b1 MDF \u03a0\u03c5\u03c1\u03ac\u03bd\u03c4\u03bf\u03c7\u03b7\"}]},{\"@type\":\"WebSite\",\"@id\":\"https:\\\/\\\/alfawood.gr\\\/#website\",\"url\":\"https:\\\/\\\/alfawood.gr\\\/\",\"name\":\"\u0395\u03c0\u03b9\u03c6\u03ac\u03bd\u03b5\u03b9\u03b5\u03c2 \u039c\u03b5\u03bb\u03b1\u03bc\u03af\u03bd\u03b7\u03c2 MDF \u039c\u03bf\u03c1\u03b9\u03bf\u03c3\u03b1\u03bd\u03af\u03b4\u03b1 \u03a0\u03ac\u03b3\u03ba\u03bf\u03b9 \u0394\u03ac\u03c0\u03b5\u03b4\u03b1 \u03a0\u03cc\u03c1\u03c4\u03b5\u03c2\",\"description\":\"\u0392\u03b9\u03bf\u03bc\u03b7\u03c7\u03b1\u03bd\u03af\u03b1 \u039e\u03cd\u03bb\u03bf\u03c5 Alfa Wood Group\",\"publisher\":{\"@id\":\"https:\\\/\\\/alfawood.gr\\\/#organization\"},\"alternateName\":\"Melamines - MDF - Laminate - Worktops\",\"potentialAction\":[{\"@type\":\"SearchAction\",\"target\":{\"@type\":\"EntryPoint\",\"urlTemplate\":\"https:\\\/\\\/alfawood.gr\\\/?s={search_term_string}\"},\"query-input\":{\"@type\":\"PropertyValueSpecification\",\"valueRequired\":true,\"valueName\":\"search_term_string\"}}],\"inLanguage\":\"fr-FR\"},{\"@type\":\"Organization\",\"@id\":\"https:\\\/\\\/alfawood.gr\\\/#organization\",\"name\":\"Alfa Wood Group\",\"url\":\"https:\\\/\\\/alfawood.gr\\\/\",\"logo\":{\"@type\":\"ImageObject\",\"inLanguage\":\"fr-FR\",\"@id\":\"https:\\\/\\\/alfawood.gr\\\/#\\\/schema\\\/logo\\\/image\\\/\",\"url\":\"https:\\\/\\\/alfawood.gr\\\/wp-content\\\/uploads\\\/2023\\\/02\\\/alfa-wood-logo-1.svg\",\"contentUrl\":\"https:\\\/\\\/alfawood.gr\\\/wp-content\\\/uploads\\\/2023\\\/02\\\/alfa-wood-logo-1.svg\",\"width\":305,\"height\":195,\"caption\":\"Alfa Wood Group\"},\"image\":{\"@id\":\"https:\\\/\\\/alfawood.gr\\\/#\\\/schema\\\/logo\\\/image\\\/\"},\"sameAs\":[\"https:\\\/\\\/www.facebook.com\\\/alfawood.group\",\"https:\\\/\\\/x.com\\\/ALFAWOODGROUP\",\"https:\\\/\\\/www.instagram.com\\\/alfawood.group\",\"https:\\\/\\\/www.youtube.com\\\/@alfawoodgroup\",\"https:\\\/\\\/www.tiktok.com\\\/@alfawood.group\",\"https:\\\/\\\/vimeo.com\\\/alfawood\",\"https:\\\/\\\/www.linkedin.com\\\/company\\\/alfawoodgroup\",\"https:\\\/\\\/www.pinterest.com\\\/alfawoodgroup\\\/\"]}]}<\/script>\n<!-- \/ Yoast SEO Premium plugin. -->","yoast_head_json":{"title":"Panneaux de fibres MDF ignifuges - Surfaces en m\u00e9lamine Panneaux de particules MDF Comptoirs Planchers Portes","robots":{"index":"index","follow":"follow","max-snippet":"max-snippet:-1","max-image-preview":"max-image-preview:large","max-video-preview":"max-video-preview:-1"},"canonical":"https:\/\/alfawood.gr\/fr\/product\/inosanida-mdf-pirantoxi","og_locale":"fr_FR","og_type":"article","og_title":"\u0399\u03bd\u03bf\u03c3\u03b1\u03bd\u03af\u03b4\u03b1 MDF \u03a0\u03c5\u03c1\u03ac\u03bd\u03c4\u03bf\u03c7\u03b7","og_description":"\u0397 \u03c0\u03c5\u03c1\u03ac\u03bd\u03c4\u03bf\u03c7\u03b7 \u03b9\u03bd\u03bf\u03c3\u03b1\u03bd\u03af\u03b4\u03b1 (MDF Fire retardant) \u03c0\u03b1\u03c1\u03b1\u03b3\u03c9\u03b3\u03ae\u03c2 \u03c4\u03b7\u03c2 Alfa Wood Group \u03c3\u03c4\u03b9\u03c2 \u03b2\u03b9\u03bf\u03bc\u03b7\u03c7\u03b1\u03bd\u03b9\u03ba\u03ad\u03c2 \u03b5\u03b3\u03ba\u03b1\u03c4\u03ac\u03c3\u03c4\u03b1\u03c3\u03b5\u03b9\u03c2 \u03c4\u03c9\u03bd \u0393\u03c1\u03b5\u03b2\u03b5\u03bd\u03ce\u03bd \u03b5\u03af\u03bd\u03b1\u03b9 \u03bc\u03af\u03b1 \u03b9\u03bd\u03bf\u03c3\u03b1\u03bd\u03af\u03b4\u03b1, \u03c0\u03bf\u03c5 \u03c3\u03c5\u03bd\u03b4\u03c5\u03ac\u03b6\u03b5\u03b9 \u03cc\u03bb\u03b1 \u03c4\u03b1 \u03c7\u03b1\u03c1\u03b1\u03ba\u03c4\u03b7\u03c1\u03b9\u03c3\u03c4\u03b9\u03ba\u03ac \u03c4\u03b7\u03c2 \u03b9\u03bd\u03bf\u03c3\u03b1\u03bd\u03af\u03b4\u03bf\u03c2, \u03c3\u03b5 \u03c3\u03c5\u03bd\u03b4\u03c5\u03b1\u03c3\u03bc\u03cc \u03bc\u03b5 \u03b5\u03ba\u03b5\u03af\u03bd\u03b1 \u03c4\u03b7\u03c2 \u03b9\u03bd\u03bf\u03c3\u03b1\u03bd\u03af\u03b4\u03bf\u03c2 \u03bc\u03b5 \u03b1\u03bd\u03c4\u03af\u03c3\u03c4\u03b1\u03c3\u03b7 \u03c3\u03c4\u03b7\u03bd \u03c5\u03b3\u03c1\u03b1\u03c3\u03af\u03b1, \u03b1\u03bb\u03bb\u03ac \u03b5\u03c0\u03b9\u03c0\u03bb\u03ad\u03bf\u03bd \u03ad\u03c7\u03b5\u03b9 \u03c4\u03b7\u03bd \u03b9\u03b4\u03b9\u03cc\u03c4\u03b7\u03c4\u03b1 \u03c4\u03b7\u03c2 \u03ba\u03b1\u03b8\u03c5\u03c3\u03c4\u03ad\u03c1\u03b7\u03c3\u03b7\u03c2 \u03c4\u03b7\u03c2 \u03bc\u03b5\u03c4\u03ac\u03b4\u03bf\u03c3\u03b7\u03c2 \u03c4\u03b7\u03c2 \u03c6\u03bb\u03cc\u03b3\u03b1\u03c2 \u03c3\u03b5 \u03c0\u03b5\u03c1\u03af\u03c0\u03c4\u03c9\u03c3\u03b7 \u03c0\u03c5\u03c1\u03ba\u03b1\u03b3\u03b9\u03ac\u03c2.  \u0391\u03c0\u03bf\u03c4\u03b5\u03bb\u03b5\u03af\u03c4\u03b1\u03b9 \u03b1\u03c0\u03cc \u03af\u03bd\u03b5\u03c2 \u03be\u03cd\u03bb\u03bf\u03c5 \u03c3\u03c4\u03b9\u03c2 \u03bf\u03c0\u03bf\u03af\u03b5\u03c2 \u03ad\u03c7\u03bf\u03c5\u03bd\u03b5 \u03c0\u03c1\u03bf\u03c3\u03c4\u03b5\u03b8\u03b5\u03af \u03b5\u03b9\u03b4\u03b9\u03ba\u03ad\u03c2 \u03c1\u03b7\u03c4\u03af\u03bd\u03b5\u03c2 \u03ba\u03b1\u03b9 \u03c6\u03b9\u03bb\u03b9\u03ba\u03ac \u03c0\u03c1\u03bf\u03c2 \u03c4\u03bf \u03c0\u03b5\u03c1\u03b9\u03b2\u03ac\u03bb\u03bb\u03bf\u03bd \u03c0\u03c1\u03cc\u03c3\u03b8\u03b5\u03c4\u03b1, \u03c4\u03b1 \u03bf\u03c0\u03bf\u03af\u03b1 \u03c0\u03c1\u03bf\u03c3\u03b4\u03af\u03b4\u03bf\u03c5\u03bd \u03c4\u03b7\u03bd \u03c0\u03c5\u03c1\u03b1\u03bd\u03c4\u03af\u03c3\u03c4\u03b1\u03c3\u03b7 \u03c3\u03c4\u03bf \u03c5\u03bb\u03b9\u03ba\u03cc. \u03a0\u03b1\u03c1\u03ac\u03b3\u03b5\u03c4\u03b1\u03b9 \u03c3\u03b5 \u03c7\u03c1\u03ce\u03bc\u03b1 \u03ba\u03cc\u03ba\u03ba\u03b9\u03bd\u03bf, \u03ce\u03c3\u03c4\u03b5 \u03bd\u03b1 \u03be\u03b5\u03c7\u03c9\u03c1\u03af\u03b6\u03b5\u03b9 \u03b1\u03c0\u03cc\u03bb\u03c5\u03c4\u03b1 \u03b1\u03c0\u03cc \u03c4\u03b1 \u03b1\u03bb\u03bb\u03b1 \u03c0\u03c1\u03bf\u03ca\u03cc\u03bd\u03c4\u03b1 \u03c4\u03b7\u03c2 Alfa Wood Group.","og_url":"https:\/\/alfawood.gr\/fr\/product\/inosanida-mdf-pirantoxi","og_site_name":"\u0395\u03c0\u03b9\u03c6\u03ac\u03bd\u03b5\u03b9\u03b5\u03c2 \u039c\u03b5\u03bb\u03b1\u03bc\u03af\u03bd\u03b7\u03c2 MDF \u039c\u03bf\u03c1\u03b9\u03bf\u03c3\u03b1\u03bd\u03af\u03b4\u03b1 \u03a0\u03ac\u03b3\u03ba\u03bf\u03b9 \u0394\u03ac\u03c0\u03b5\u03b4\u03b1 \u03a0\u03cc\u03c1\u03c4\u03b5\u03c2","article_publisher":"https:\/\/www.facebook.com\/alfawood.group","article_modified_time":"2024-01-19T07:45:42+00:00","og_image":[{"width":1457,"height":2000,"url":"https:\/\/alfawood.gr\/wp-content\/uploads\/2023\/03\/2608-mdf-pourantoxo.jpg","type":"image\/jpeg"}],"twitter_card":"summary_large_image","twitter_site":"@ALFAWOODGROUP","twitter_misc":{"Dur\u00e9e de lecture estim\u00e9e":"1 minute"},"schema":{"@context":"https:\/\/schema.org","@graph":[{"@type":"WebPage","@id":"https:\/\/alfawood.gr\/en\/product\/inosanida-mdf-pirantoxi\/","url":"https:\/\/alfawood.gr\/en\/product\/inosanida-mdf-pirantoxi\/","name":"Panneaux de fibres MDF ignifuges - Surfaces en m\u00e9lamine Panneaux de particules MDF Comptoirs Planchers Portes","isPartOf":{"@id":"https:\/\/alfawood.gr\/#website"},"primaryImageOfPage":{"@id":"https:\/\/alfawood.gr\/en\/product\/inosanida-mdf-pirantoxi\/#primaryimage"},"image":{"@id":"https:\/\/alfawood.gr\/en\/product\/inosanida-mdf-pirantoxi\/#primaryimage"},"thumbnailUrl":"https:\/\/alfawood.gr\/wp-content\/uploads\/2023\/03\/2608-mdf-pourantoxo.jpg","datePublished":"2023-03-07T08:25:44+00:00","dateModified":"2024-01-19T07:45:42+00:00","breadcrumb":{"@id":"https:\/\/alfawood.gr\/en\/product\/inosanida-mdf-pirantoxi\/#breadcrumb"},"inLanguage":"fr-FR","potentialAction":[{"@type":"ReadAction","target":["https:\/\/alfawood.gr\/en\/product\/inosanida-mdf-pirantoxi\/"]}]},{"@type":"ImageObject","inLanguage":"fr-FR","@id":"https:\/\/alfawood.gr\/en\/product\/inosanida-mdf-pirantoxi\/#primaryimage","url":"https:\/\/alfawood.gr\/wp-content\/uploads\/2023\/03\/2608-mdf-pourantoxo.jpg","contentUrl":"https:\/\/alfawood.gr\/wp-content\/uploads\/2023\/03\/2608-mdf-pourantoxo.jpg","width":1457,"height":2000,"caption":"\u0399\u03bd\u03bf\u03c3\u03b1\u03bd\u03af\u03b4\u03b1 MDF \u03a0\u03c5\u03c1\u03ac\u03bd\u03c4\u03bf\u03c7\u03b7 - Alfa Decor Panels \u03a0\u03ac\u03bd\u03b5\u03bb \u0399\u03bd\u03bf\u03c3\u03b1\u03bd\u03af\u03b4\u03b1\u03c2 \u03a0\u03c5\u03c1\u03ac\u03bd\u03c4\u03bf\u03c7\u03b7"},{"@type":"BreadcrumbList","@id":"https:\/\/alfawood.gr\/en\/product\/inosanida-mdf-pirantoxi\/#breadcrumb","itemListElement":[{"@type":"ListItem","position":1,"name":"Home","item":"https:\/\/alfawood.gr\/"},{"@type":"ListItem","position":2,"name":"\u03a0\u03c1\u03bf\u03ca\u03cc\u03bd\u03c4\u03b1","item":"https:\/\/alfawood.gr\/proionta-wood\/"},{"@type":"ListItem","position":3,"name":"Alfa Panels","item":"https:\/\/alfawood.gr\/category\/panels\/"},{"@type":"ListItem","position":4,"name":"\u03a0\u03ac\u03bd\u03b5\u03bb \u0399\u03bd\u03bf\u03c3\u03b1\u03bd\u03af\u03b4\u03b1\u03c2 (MDF)","item":"https:\/\/alfawood.gr\/category\/panels\/mdf-inosanida\/"},{"@type":"ListItem","position":5,"name":"\u0399\u03bd\u03bf\u03c3\u03b1\u03bd\u03af\u03b4\u03b1 MDF \u03a0\u03c5\u03c1\u03ac\u03bd\u03c4\u03bf\u03c7\u03b7"}]},{"@type":"WebSite","@id":"https:\/\/alfawood.gr\/#website","url":"https:\/\/alfawood.gr\/","name":"Surfaces en m\u00e9lamine Comptoirs en panneaux de particules MDF Planchers Portes","description":"Alfa Wood Group Industrie du bois","publisher":{"@id":"https:\/\/alfawood.gr\/#organization"},"alternateName":"Melamines - MDF - Laminate - Worktops","potentialAction":[{"@type":"SearchAction","target":{"@type":"EntryPoint","urlTemplate":"https:\/\/alfawood.gr\/?s={search_term_string}"},"query-input":{"@type":"PropertyValueSpecification","valueRequired":true,"valueName":"search_term_string"}}],"inLanguage":"fr-FR"},{"@type":"Organization","@id":"https:\/\/alfawood.gr\/#organization","name":"Groupe Alfa Bois","url":"https:\/\/alfawood.gr\/","logo":{"@type":"ImageObject","inLanguage":"fr-FR","@id":"https:\/\/alfawood.gr\/#\/schema\/logo\/image\/","url":"https:\/\/alfawood.gr\/wp-content\/uploads\/2023\/02\/alfa-wood-logo-1.svg","contentUrl":"https:\/\/alfawood.gr\/wp-content\/uploads\/2023\/02\/alfa-wood-logo-1.svg","width":305,"height":195,"caption":"Alfa Wood Group"},"image":{"@id":"https:\/\/alfawood.gr\/#\/schema\/logo\/image\/"},"sameAs":["https:\/\/www.facebook.com\/alfawood.group","https:\/\/x.com\/ALFAWOODGROUP","https:\/\/www.instagram.com\/alfawood.group","https:\/\/www.youtube.com\/@alfawoodgroup","https:\/\/www.tiktok.com\/@alfawood.group","https:\/\/vimeo.com\/alfawood","https:\/\/www.linkedin.com\/company\/alfawoodgroup","https:\/\/www.pinterest.com\/alfawoodgroup\/"]}]}},"_links":{"self":[{"href":"https:\/\/alfawood.gr\/fr\/wp-json\/wp\/v2\/product\/15804","targetHints":{"allow":["GET"]}}],"collection":[{"href":"https:\/\/alfawood.gr\/fr\/wp-json\/wp\/v2\/product"}],"about":[{"href":"https:\/\/alfawood.gr\/fr\/wp-json\/wp\/v2\/types\/product"}],"version-history":[{"count":0,"href":"https:\/\/alfawood.gr\/fr\/wp-json\/wp\/v2\/product\/15804\/revisions"}],"wp:featuredmedia":[{"embeddable":true,"href":"https:\/\/alfawood.gr\/fr\/wp-json\/wp\/v2\/media\/15806"}],"wp:attachment":[{"href":"https:\/\/alfawood.gr\/fr\/wp-json\/wp\/v2\/media?parent=15804"}],"wp:term":[{"taxonomy":"product_brand","embeddable":true,"href":"https:\/\/alfawood.gr\/fr\/wp-json\/wp\/v2\/product_brand?post=15804"},{"taxonomy":"product_cat","embeddable":true,"href":"https:\/\/alfawood.gr\/fr\/wp-json\/wp\/v2\/product_cat?post=15804"},{"taxonomy":"product_tag","embeddable":true,"href":"https:\/\/alfawood.gr\/fr\/wp-json\/wp\/v2\/product_tag?post=15804"}],"curies":[{"name":"wp","href":"https:\/\/api.w.org\/{rel}","templated":true}]}}