{"id":15813,"date":"2023-03-07T08:25:44","date_gmt":"2023-03-07T08:25:44","guid":{"rendered":"https:\/\/alfawood.gr\/product\/%ce%ba%cf%8c%ce%bd%cf%84%cf%81%ce%b1-%cf%80%ce%bb%ce%b1%ce%ba%ce%ad\/"},"modified":"2023-04-26T22:56:19","modified_gmt":"2023-04-26T22:56:19","slug":"kontra-plake","status":"publish","type":"product","link":"https:\/\/alfawood.gr\/fr\/product\/kontra-plake\/","title":{"rendered":"Contre-plaqu\u00e9"},"content":{"rendered":"<p><strong>Caract\u00e9ristiques:<\/strong><br \/>\ndurable, r\u00e9sistant \u00e0 l&#039;humidit\u00e9, tr\u00e8s stable, haute r\u00e9sistance au gonflement, haute r\u00e9sistance \u00e0 la flexion<\/p>\n<p><strong>Applications\u00a0:<\/strong> C&#039;est un produit extr\u00eamement durable avec une vari\u00e9t\u00e9 d&#039;utilisations :<\/p>\n<ul>\n<li>\u00c9b\u00e9nisterie<\/li>\n<li>Construction navale<\/li>\n<li>B\u00e2timent<\/li>\n<li>Fabrication de jouets, d&#039;instruments de musique, etc.<\/li>\n<li>Panneaux de signalisation<\/li>\n<li>Cloisons et rev\u00eatements de b\u00e2timents<\/li>\n<li>Carrosseries de camions<\/li>\n<li>Rev\u00eatements de portes int\u00e9rieures et ext\u00e9rieures<\/li>\n<\/ul>\n<p><strong>Avantages : <\/strong>id\u00e9al pour une utilisation int\u00e9rieure et ext\u00e9rieure avec une large gamme d&#039;usages<\/p>\n<p><strong>Dimensions: <\/strong>2500 x 1220 mm, 2440 x 1220 mm<br \/>\n<strong>\u00c9paisseur: <\/strong>04 \u2013 40 mm<\/p>","protected":false},"excerpt":{"rendered":"<p>Il s&#039;agit du produit obtenu en collant un nombre impair de couches de placage (3 et plus), de sorte que les fibres des couches successives soient dispos\u00e9es verticalement, tandis que selon le type de colle utilis\u00e9 pour sa production, son utilisation est \u00e9galement caract\u00e9ris\u00e9e, interne ou externe.<\/p>","protected":false},"featured_media":15815,"template":"","meta":{"_acf_changed":false,"inline_featured_image":false,"cybocfi_hide_featured_image":""},"product_brand":[],"product_cat":[102,131],"product_tag":[],"class_list":{"0":"post-15813","1":"product","2":"type-product","3":"status-publish","4":"has-post-thumbnail","6":"product_cat-panels","7":"product_cat-kontra-plake-ependedumena","9":"first","10":"instock","11":"product-type-simple"},"acf":[],"yoast_head":"<!-- This site is optimized with the Yoast SEO Premium plugin v27.3 (Yoast SEO v27.3) - https:\/\/yoast.com\/product\/yoast-seo-premium-wordpress\/ -->\n<title>\u039a\u03cc\u03bd\u03c4\u03c1\u03b1 \u03a0\u03bb\u03b1\u03ba\u03ad - \u0395\u03c0\u03b9\u03c6\u03ac\u03bd\u03b5\u03b9\u03b5\u03c2 \u039c\u03b5\u03bb\u03b1\u03bc\u03af\u03bd\u03b7\u03c2 MDF \u039c\u03bf\u03c1\u03b9\u03bf\u03c3\u03b1\u03bd\u03af\u03b4\u03b1 \u03a0\u03ac\u03b3\u03ba\u03bf\u03b9 \u0394\u03ac\u03c0\u03b5\u03b4\u03b1 \u03a0\u03cc\u03c1\u03c4\u03b5\u03c2<\/title>\n<meta name=\"robots\" content=\"index, follow, max-snippet:-1, max-image-preview:large, max-video-preview:-1\" \/>\n<link rel=\"canonical\" href=\"https:\/\/alfawood.gr\/fr\/product\/kontra-plake\" \/>\n<meta property=\"og:locale\" content=\"fr_FR\" \/>\n<meta property=\"og:type\" content=\"article\" \/>\n<meta property=\"og:title\" content=\"\u039a\u03cc\u03bd\u03c4\u03c1\u03b1 \u03a0\u03bb\u03b1\u03ba\u03ad\" \/>\n<meta property=\"og:description\" content=\"\u0395\u03af\u03bd\u03b1\u03b9 \u03c4\u03bf \u03c0\u03c1\u03bf\u03ca\u03cc\u03bd \u03c0\u03bf\u03c5 \u03b5\u03c0\u03b9\u03c4\u03c5\u03b3\u03c7\u03ac\u03bd\u03b5\u03c4\u03b1\u03b9 \u03b1\u03c0\u03cc \u03c4\u03b7 \u03c3\u03c5\u03b3\u03ba\u03cc\u03bb\u03bb\u03b7\u03c3\u03b7 \u03bc\u03bf\u03bd\u03bf\u03cd \u03b1\u03c1\u03b9\u03b8\u03bc\u03bf\u03cd \u03c3\u03c4\u03c1\u03ce\u03c3\u03b5\u03c9\u03bd \u03ba\u03b1\u03c0\u03bb\u03b1\u03bc\u03ac\u03b4\u03c9\u03bd (3 &amp; \u03ac\u03bd\u03c9), \u03ad\u03c4\u03c3\u03b9 \u03ce\u03c3\u03c4\u03b5 \u03bf\u03b9 \u03af\u03bd\u03b5\u03c2 \u03c4\u03c9\u03bd \u03b4\u03b9\u03b1\u03b4\u03bf\u03c7\u03b9\u03ba\u03ce\u03bd \u03c3\u03c4\u03c1\u03ce\u03c3\u03b5\u03c9\u03bd \u03bd\u03b1 \u03b5\u03af\u03bd\u03b1\u03b9 \u03b4\u03b9\u03b1\u03c4\u03b5\u03c4\u03b1\u03b3\u03bc\u03ad\u03bd\u03b5\u03c2 \u03ba\u03ac\u03b8\u03b5\u03c4\u03b1 \u03b5\u03bd\u03ce \u03b1\u03bd\u03ac\u03bb\u03bf\u03b3\u03b1 \u03bc\u03b5 \u03c4\u03bf\u03bd \u03c4\u03cd\u03c0\u03bf \u03ba\u03cc\u03bb\u03bb\u03b1\u03c2 \u03c0\u03bf\u03c5 \u03c7\u03c1\u03b7\u03c3\u03b9\u03bc\u03bf\u03c0\u03bf\u03b9\u03b5\u03af\u03c4\u03b1\u03b9 \u03b3\u03b9\u03b1 \u03c4\u03b7\u03bd \u03c0\u03b1\u03c1\u03b1\u03b3\u03c9\u03b3\u03ae \u03c4\u03bf\u03c5, \u03c7\u03b1\u03c1\u03b1\u03ba\u03c4\u03b7\u03c1\u03af\u03b6\u03b5\u03c4\u03b1\u03b9 \u03ba\u03b1\u03b9 \u03b7 \u03c7\u03c1\u03ae\u03c3\u03b7 \u03c4\u03bf\u03c5, \u03b5\u03c3\u03c9\u03c4\u03b5\u03c1\u03b9\u03ba\u03ae \u03ae \u03b5\u03be\u03c9\u03c4\u03b5\u03c1\u03b9\u03ba\u03ae.\" \/>\n<meta property=\"og:url\" content=\"https:\/\/alfawood.gr\/fr\/product\/kontra-plake\" \/>\n<meta property=\"og:site_name\" content=\"\u0395\u03c0\u03b9\u03c6\u03ac\u03bd\u03b5\u03b9\u03b5\u03c2 \u039c\u03b5\u03bb\u03b1\u03bc\u03af\u03bd\u03b7\u03c2 MDF \u039c\u03bf\u03c1\u03b9\u03bf\u03c3\u03b1\u03bd\u03af\u03b4\u03b1 \u03a0\u03ac\u03b3\u03ba\u03bf\u03b9 \u0394\u03ac\u03c0\u03b5\u03b4\u03b1 \u03a0\u03cc\u03c1\u03c4\u03b5\u03c2\" \/>\n<meta property=\"article:publisher\" content=\"https:\/\/www.facebook.com\/alfawood.group\" \/>\n<meta property=\"article:modified_time\" content=\"2023-04-26T22:56:19+00:00\" \/>\n<meta property=\"og:image\" content=\"https:\/\/alfawood.gr\/wp-content\/uploads\/2023\/03\/2643-Konjtra-plake.jpg\" \/>\n\t<meta property=\"og:image:width\" content=\"1457\" \/>\n\t<meta property=\"og:image:height\" content=\"2000\" \/>\n\t<meta property=\"og:image:type\" content=\"image\/jpeg\" \/>\n<meta name=\"twitter:card\" content=\"summary_large_image\" \/>\n<meta name=\"twitter:site\" content=\"@ALFAWOODGROUP\" \/>\n<meta name=\"twitter:label1\" content=\"Dur\u00e9e de lecture estim\u00e9e\" \/>\n\t<meta name=\"twitter:data1\" content=\"1 minute\" \/>\n<script type=\"application\/ld+json\" class=\"yoast-schema-graph\">{\"@context\":\"https:\\\/\\\/schema.org\",\"@graph\":[{\"@type\":\"WebPage\",\"@id\":\"https:\\\/\\\/alfawood.gr\\\/en\\\/product\\\/kontra-plake\\\/\",\"url\":\"https:\\\/\\\/alfawood.gr\\\/en\\\/product\\\/kontra-plake\\\/\",\"name\":\"\u039a\u03cc\u03bd\u03c4\u03c1\u03b1 \u03a0\u03bb\u03b1\u03ba\u03ad - \u0395\u03c0\u03b9\u03c6\u03ac\u03bd\u03b5\u03b9\u03b5\u03c2 \u039c\u03b5\u03bb\u03b1\u03bc\u03af\u03bd\u03b7\u03c2 MDF \u039c\u03bf\u03c1\u03b9\u03bf\u03c3\u03b1\u03bd\u03af\u03b4\u03b1 \u03a0\u03ac\u03b3\u03ba\u03bf\u03b9 \u0394\u03ac\u03c0\u03b5\u03b4\u03b1 \u03a0\u03cc\u03c1\u03c4\u03b5\u03c2\",\"isPartOf\":{\"@id\":\"https:\\\/\\\/alfawood.gr\\\/#website\"},\"primaryImageOfPage\":{\"@id\":\"https:\\\/\\\/alfawood.gr\\\/en\\\/product\\\/kontra-plake\\\/#primaryimage\"},\"image\":{\"@id\":\"https:\\\/\\\/alfawood.gr\\\/en\\\/product\\\/kontra-plake\\\/#primaryimage\"},\"thumbnailUrl\":\"https:\\\/\\\/alfawood.gr\\\/wp-content\\\/uploads\\\/2023\\\/03\\\/2643-Konjtra-plake.jpg\",\"datePublished\":\"2023-03-07T08:25:44+00:00\",\"dateModified\":\"2023-04-26T22:56:19+00:00\",\"breadcrumb\":{\"@id\":\"https:\\\/\\\/alfawood.gr\\\/en\\\/product\\\/kontra-plake\\\/#breadcrumb\"},\"inLanguage\":\"fr-FR\",\"potentialAction\":[{\"@type\":\"ReadAction\",\"target\":[\"https:\\\/\\\/alfawood.gr\\\/en\\\/product\\\/kontra-plake\\\/\"]}]},{\"@type\":\"ImageObject\",\"inLanguage\":\"fr-FR\",\"@id\":\"https:\\\/\\\/alfawood.gr\\\/en\\\/product\\\/kontra-plake\\\/#primaryimage\",\"url\":\"https:\\\/\\\/alfawood.gr\\\/wp-content\\\/uploads\\\/2023\\\/03\\\/2643-Konjtra-plake.jpg\",\"contentUrl\":\"https:\\\/\\\/alfawood.gr\\\/wp-content\\\/uploads\\\/2023\\\/03\\\/2643-Konjtra-plake.jpg\",\"width\":1457,\"height\":2000,\"caption\":\"\u039a\u03cc\u03bd\u03c4\u03c1\u03b1 \u03a0\u03bb\u03b1\u03ba\u03ad - Alfa Decor Panels \u03a0\u03ac\u03bd\u03b5\u03bb \u03ba\u03cc\u03bd\u03c4\u03c1\u03b1 \u03c0\u03bb\u03b1\u03ba\u03ad \u03b5\u03c0\u03b5\u03bd\u03b4\u03c5\u03bc\u03ad\u03bd\u03b1 (\u03ba\u03b1\u03c0\u03bb\u03b1\u03bc\u03ac\"},{\"@type\":\"BreadcrumbList\",\"@id\":\"https:\\\/\\\/alfawood.gr\\\/en\\\/product\\\/kontra-plake\\\/#breadcrumb\",\"itemListElement\":[{\"@type\":\"ListItem\",\"position\":1,\"name\":\"Home\",\"item\":\"https:\\\/\\\/alfawood.gr\\\/\"},{\"@type\":\"ListItem\",\"position\":2,\"name\":\"\u03a0\u03c1\u03bf\u03ca\u03cc\u03bd\u03c4\u03b1\",\"item\":\"https:\\\/\\\/alfawood.gr\\\/proionta-wood\\\/\"},{\"@type\":\"ListItem\",\"position\":3,\"name\":\"Alfa Panels\",\"item\":\"https:\\\/\\\/alfawood.gr\\\/category\\\/panels\\\/\"},{\"@type\":\"ListItem\",\"position\":4,\"name\":\"\u03a0\u03ac\u03bd\u03b5\u03bb \u03ba\u03cc\u03bd\u03c4\u03c1\u03b1 \u03c0\u03bb\u03b1\u03ba\u03ad\",\"item\":\"https:\\\/\\\/alfawood.gr\\\/en\\\/category\\\/panels\\\/kontra-plake-ependedumena\\\/\"},{\"@type\":\"ListItem\",\"position\":5,\"name\":\"\u039a\u03cc\u03bd\u03c4\u03c1\u03b1 \u03a0\u03bb\u03b1\u03ba\u03ad\"}]},{\"@type\":\"WebSite\",\"@id\":\"https:\\\/\\\/alfawood.gr\\\/#website\",\"url\":\"https:\\\/\\\/alfawood.gr\\\/\",\"name\":\"\u0395\u03c0\u03b9\u03c6\u03ac\u03bd\u03b5\u03b9\u03b5\u03c2 \u039c\u03b5\u03bb\u03b1\u03bc\u03af\u03bd\u03b7\u03c2 MDF \u039c\u03bf\u03c1\u03b9\u03bf\u03c3\u03b1\u03bd\u03af\u03b4\u03b1 \u03a0\u03ac\u03b3\u03ba\u03bf\u03b9 \u0394\u03ac\u03c0\u03b5\u03b4\u03b1 \u03a0\u03cc\u03c1\u03c4\u03b5\u03c2\",\"description\":\"\u0392\u03b9\u03bf\u03bc\u03b7\u03c7\u03b1\u03bd\u03af\u03b1 \u039e\u03cd\u03bb\u03bf\u03c5 Alfa Wood Group\",\"publisher\":{\"@id\":\"https:\\\/\\\/alfawood.gr\\\/#organization\"},\"alternateName\":\"Melamines - MDF - Laminate - Worktops\",\"potentialAction\":[{\"@type\":\"SearchAction\",\"target\":{\"@type\":\"EntryPoint\",\"urlTemplate\":\"https:\\\/\\\/alfawood.gr\\\/?s={search_term_string}\"},\"query-input\":{\"@type\":\"PropertyValueSpecification\",\"valueRequired\":true,\"valueName\":\"search_term_string\"}}],\"inLanguage\":\"fr-FR\"},{\"@type\":\"Organization\",\"@id\":\"https:\\\/\\\/alfawood.gr\\\/#organization\",\"name\":\"Alfa Wood Group\",\"url\":\"https:\\\/\\\/alfawood.gr\\\/\",\"logo\":{\"@type\":\"ImageObject\",\"inLanguage\":\"fr-FR\",\"@id\":\"https:\\\/\\\/alfawood.gr\\\/#\\\/schema\\\/logo\\\/image\\\/\",\"url\":\"https:\\\/\\\/alfawood.gr\\\/wp-content\\\/uploads\\\/2023\\\/02\\\/alfa-wood-logo-1.svg\",\"contentUrl\":\"https:\\\/\\\/alfawood.gr\\\/wp-content\\\/uploads\\\/2023\\\/02\\\/alfa-wood-logo-1.svg\",\"width\":305,\"height\":195,\"caption\":\"Alfa Wood Group\"},\"image\":{\"@id\":\"https:\\\/\\\/alfawood.gr\\\/#\\\/schema\\\/logo\\\/image\\\/\"},\"sameAs\":[\"https:\\\/\\\/www.facebook.com\\\/alfawood.group\",\"https:\\\/\\\/x.com\\\/ALFAWOODGROUP\",\"https:\\\/\\\/www.instagram.com\\\/alfawood.group\",\"https:\\\/\\\/www.youtube.com\\\/@alfawoodgroup\",\"https:\\\/\\\/www.tiktok.com\\\/@alfawood.group\",\"https:\\\/\\\/vimeo.com\\\/alfawood\",\"https:\\\/\\\/www.linkedin.com\\\/company\\\/alfawoodgroup\",\"https:\\\/\\\/www.pinterest.com\\\/alfawoodgroup\\\/\"]}]}<\/script>\n<!-- \/ Yoast SEO Premium plugin. -->","yoast_head_json":{"title":"Contreplaqu\u00e9 - Surfaces m\u00e9lamin\u00e9es - Panneaux de particules MDF - Plans de travail - Sols - Portes","robots":{"index":"index","follow":"follow","max-snippet":"max-snippet:-1","max-image-preview":"max-image-preview:large","max-video-preview":"max-video-preview:-1"},"canonical":"https:\/\/alfawood.gr\/fr\/product\/kontra-plake","og_locale":"fr_FR","og_type":"article","og_title":"\u039a\u03cc\u03bd\u03c4\u03c1\u03b1 \u03a0\u03bb\u03b1\u03ba\u03ad","og_description":"\u0395\u03af\u03bd\u03b1\u03b9 \u03c4\u03bf \u03c0\u03c1\u03bf\u03ca\u03cc\u03bd \u03c0\u03bf\u03c5 \u03b5\u03c0\u03b9\u03c4\u03c5\u03b3\u03c7\u03ac\u03bd\u03b5\u03c4\u03b1\u03b9 \u03b1\u03c0\u03cc \u03c4\u03b7 \u03c3\u03c5\u03b3\u03ba\u03cc\u03bb\u03bb\u03b7\u03c3\u03b7 \u03bc\u03bf\u03bd\u03bf\u03cd \u03b1\u03c1\u03b9\u03b8\u03bc\u03bf\u03cd \u03c3\u03c4\u03c1\u03ce\u03c3\u03b5\u03c9\u03bd \u03ba\u03b1\u03c0\u03bb\u03b1\u03bc\u03ac\u03b4\u03c9\u03bd (3 &amp; \u03ac\u03bd\u03c9), \u03ad\u03c4\u03c3\u03b9 \u03ce\u03c3\u03c4\u03b5 \u03bf\u03b9 \u03af\u03bd\u03b5\u03c2 \u03c4\u03c9\u03bd \u03b4\u03b9\u03b1\u03b4\u03bf\u03c7\u03b9\u03ba\u03ce\u03bd \u03c3\u03c4\u03c1\u03ce\u03c3\u03b5\u03c9\u03bd \u03bd\u03b1 \u03b5\u03af\u03bd\u03b1\u03b9 \u03b4\u03b9\u03b1\u03c4\u03b5\u03c4\u03b1\u03b3\u03bc\u03ad\u03bd\u03b5\u03c2 \u03ba\u03ac\u03b8\u03b5\u03c4\u03b1 \u03b5\u03bd\u03ce \u03b1\u03bd\u03ac\u03bb\u03bf\u03b3\u03b1 \u03bc\u03b5 \u03c4\u03bf\u03bd \u03c4\u03cd\u03c0\u03bf \u03ba\u03cc\u03bb\u03bb\u03b1\u03c2 \u03c0\u03bf\u03c5 \u03c7\u03c1\u03b7\u03c3\u03b9\u03bc\u03bf\u03c0\u03bf\u03b9\u03b5\u03af\u03c4\u03b1\u03b9 \u03b3\u03b9\u03b1 \u03c4\u03b7\u03bd \u03c0\u03b1\u03c1\u03b1\u03b3\u03c9\u03b3\u03ae \u03c4\u03bf\u03c5, \u03c7\u03b1\u03c1\u03b1\u03ba\u03c4\u03b7\u03c1\u03af\u03b6\u03b5\u03c4\u03b1\u03b9 \u03ba\u03b1\u03b9 \u03b7 \u03c7\u03c1\u03ae\u03c3\u03b7 \u03c4\u03bf\u03c5, \u03b5\u03c3\u03c9\u03c4\u03b5\u03c1\u03b9\u03ba\u03ae \u03ae \u03b5\u03be\u03c9\u03c4\u03b5\u03c1\u03b9\u03ba\u03ae.","og_url":"https:\/\/alfawood.gr\/fr\/product\/kontra-plake","og_site_name":"\u0395\u03c0\u03b9\u03c6\u03ac\u03bd\u03b5\u03b9\u03b5\u03c2 \u039c\u03b5\u03bb\u03b1\u03bc\u03af\u03bd\u03b7\u03c2 MDF \u039c\u03bf\u03c1\u03b9\u03bf\u03c3\u03b1\u03bd\u03af\u03b4\u03b1 \u03a0\u03ac\u03b3\u03ba\u03bf\u03b9 \u0394\u03ac\u03c0\u03b5\u03b4\u03b1 \u03a0\u03cc\u03c1\u03c4\u03b5\u03c2","article_publisher":"https:\/\/www.facebook.com\/alfawood.group","article_modified_time":"2023-04-26T22:56:19+00:00","og_image":[{"width":1457,"height":2000,"url":"https:\/\/alfawood.gr\/wp-content\/uploads\/2023\/03\/2643-Konjtra-plake.jpg","type":"image\/jpeg"}],"twitter_card":"summary_large_image","twitter_site":"@ALFAWOODGROUP","twitter_misc":{"Dur\u00e9e de lecture estim\u00e9e":"1 minute"},"schema":{"@context":"https:\/\/schema.org","@graph":[{"@type":"WebPage","@id":"https:\/\/alfawood.gr\/en\/product\/kontra-plake\/","url":"https:\/\/alfawood.gr\/en\/product\/kontra-plake\/","name":"Contreplaqu\u00e9 - Surfaces m\u00e9lamin\u00e9es - Panneaux de particules MDF - Plans de travail - Sols - Portes","isPartOf":{"@id":"https:\/\/alfawood.gr\/#website"},"primaryImageOfPage":{"@id":"https:\/\/alfawood.gr\/en\/product\/kontra-plake\/#primaryimage"},"image":{"@id":"https:\/\/alfawood.gr\/en\/product\/kontra-plake\/#primaryimage"},"thumbnailUrl":"https:\/\/alfawood.gr\/wp-content\/uploads\/2023\/03\/2643-Konjtra-plake.jpg","datePublished":"2023-03-07T08:25:44+00:00","dateModified":"2023-04-26T22:56:19+00:00","breadcrumb":{"@id":"https:\/\/alfawood.gr\/en\/product\/kontra-plake\/#breadcrumb"},"inLanguage":"fr-FR","potentialAction":[{"@type":"ReadAction","target":["https:\/\/alfawood.gr\/en\/product\/kontra-plake\/"]}]},{"@type":"ImageObject","inLanguage":"fr-FR","@id":"https:\/\/alfawood.gr\/en\/product\/kontra-plake\/#primaryimage","url":"https:\/\/alfawood.gr\/wp-content\/uploads\/2023\/03\/2643-Konjtra-plake.jpg","contentUrl":"https:\/\/alfawood.gr\/wp-content\/uploads\/2023\/03\/2643-Konjtra-plake.jpg","width":1457,"height":2000,"caption":"\u039a\u03cc\u03bd\u03c4\u03c1\u03b1 \u03a0\u03bb\u03b1\u03ba\u03ad - Alfa Decor Panels \u03a0\u03ac\u03bd\u03b5\u03bb \u03ba\u03cc\u03bd\u03c4\u03c1\u03b1 \u03c0\u03bb\u03b1\u03ba\u03ad \u03b5\u03c0\u03b5\u03bd\u03b4\u03c5\u03bc\u03ad\u03bd\u03b1 (\u03ba\u03b1\u03c0\u03bb\u03b1\u03bc\u03ac"},{"@type":"BreadcrumbList","@id":"https:\/\/alfawood.gr\/en\/product\/kontra-plake\/#breadcrumb","itemListElement":[{"@type":"ListItem","position":1,"name":"Home","item":"https:\/\/alfawood.gr\/"},{"@type":"ListItem","position":2,"name":"\u03a0\u03c1\u03bf\u03ca\u03cc\u03bd\u03c4\u03b1","item":"https:\/\/alfawood.gr\/proionta-wood\/"},{"@type":"ListItem","position":3,"name":"Alfa Panels","item":"https:\/\/alfawood.gr\/category\/panels\/"},{"@type":"ListItem","position":4,"name":"\u03a0\u03ac\u03bd\u03b5\u03bb \u03ba\u03cc\u03bd\u03c4\u03c1\u03b1 \u03c0\u03bb\u03b1\u03ba\u03ad","item":"https:\/\/alfawood.gr\/en\/category\/panels\/kontra-plake-ependedumena\/"},{"@type":"ListItem","position":5,"name":"\u039a\u03cc\u03bd\u03c4\u03c1\u03b1 \u03a0\u03bb\u03b1\u03ba\u03ad"}]},{"@type":"WebSite","@id":"https:\/\/alfawood.gr\/#website","url":"https:\/\/alfawood.gr\/","name":"Surfaces en m\u00e9lamine Comptoirs en panneaux de particules MDF Planchers Portes","description":"Alfa Wood Group Industrie du bois","publisher":{"@id":"https:\/\/alfawood.gr\/#organization"},"alternateName":"Melamines - MDF - Laminate - Worktops","potentialAction":[{"@type":"SearchAction","target":{"@type":"EntryPoint","urlTemplate":"https:\/\/alfawood.gr\/?s={search_term_string}"},"query-input":{"@type":"PropertyValueSpecification","valueRequired":true,"valueName":"search_term_string"}}],"inLanguage":"fr-FR"},{"@type":"Organization","@id":"https:\/\/alfawood.gr\/#organization","name":"Groupe Alfa Bois","url":"https:\/\/alfawood.gr\/","logo":{"@type":"ImageObject","inLanguage":"fr-FR","@id":"https:\/\/alfawood.gr\/#\/schema\/logo\/image\/","url":"https:\/\/alfawood.gr\/wp-content\/uploads\/2023\/02\/alfa-wood-logo-1.svg","contentUrl":"https:\/\/alfawood.gr\/wp-content\/uploads\/2023\/02\/alfa-wood-logo-1.svg","width":305,"height":195,"caption":"Alfa Wood Group"},"image":{"@id":"https:\/\/alfawood.gr\/#\/schema\/logo\/image\/"},"sameAs":["https:\/\/www.facebook.com\/alfawood.group","https:\/\/x.com\/ALFAWOODGROUP","https:\/\/www.instagram.com\/alfawood.group","https:\/\/www.youtube.com\/@alfawoodgroup","https:\/\/www.tiktok.com\/@alfawood.group","https:\/\/vimeo.com\/alfawood","https:\/\/www.linkedin.com\/company\/alfawoodgroup","https:\/\/www.pinterest.com\/alfawoodgroup\/"]}]}},"_links":{"self":[{"href":"https:\/\/alfawood.gr\/fr\/wp-json\/wp\/v2\/product\/15813","targetHints":{"allow":["GET"]}}],"collection":[{"href":"https:\/\/alfawood.gr\/fr\/wp-json\/wp\/v2\/product"}],"about":[{"href":"https:\/\/alfawood.gr\/fr\/wp-json\/wp\/v2\/types\/product"}],"version-history":[{"count":0,"href":"https:\/\/alfawood.gr\/fr\/wp-json\/wp\/v2\/product\/15813\/revisions"}],"wp:featuredmedia":[{"embeddable":true,"href":"https:\/\/alfawood.gr\/fr\/wp-json\/wp\/v2\/media\/15815"}],"wp:attachment":[{"href":"https:\/\/alfawood.gr\/fr\/wp-json\/wp\/v2\/media?parent=15813"}],"wp:term":[{"taxonomy":"product_brand","embeddable":true,"href":"https:\/\/alfawood.gr\/fr\/wp-json\/wp\/v2\/product_brand?post=15813"},{"taxonomy":"product_cat","embeddable":true,"href":"https:\/\/alfawood.gr\/fr\/wp-json\/wp\/v2\/product_cat?post=15813"},{"taxonomy":"product_tag","embeddable":true,"href":"https:\/\/alfawood.gr\/fr\/wp-json\/wp\/v2\/product_tag?post=15813"}],"curies":[{"name":"wp","href":"https:\/\/api.w.org\/{rel}","templated":true}]}}