{"id":22181,"date":"2023-04-26T10:39:33","date_gmt":"2023-04-26T10:39:33","guid":{"rendered":"https:\/\/alfawood.gr\/?post_type=product&#038;p=22181"},"modified":"2023-04-26T10:55:02","modified_gmt":"2023-04-26T10:55:02","slug":"kontra-plake-kinas-red-cedar-poplar","status":"publish","type":"product","link":"https:\/\/alfawood.gr\/fr\/product\/kontra-plake-kinas-red-cedar-poplar\/","title":{"rendered":"Contreplaqu\u00e9 de Chine \u2013 C\u00e8dre rouge\/Peuplier"},"content":{"rendered":"<p class=\"textinalfa\">Le contreplaqu\u00e9 est un mat\u00e9riau de construction de haute qualit\u00e9 avec une excellente durabilit\u00e9 et r\u00e9sistance \u00e0 l\u2019humidit\u00e9. C&#039;est le produit obtenu en collant un nombre impair de couches de placage (3 et plus), de sorte que les fibres des couches successives sont dispos\u00e9es verticalement, tandis que selon le type de colle utilis\u00e9 pour sa production, son utilisation est \u00e9galement caract\u00e9ris\u00e9e, interne ou externe.<\/p>\n<p class=\"textinalfa\">C&#039;est un produit extr\u00eamement durable avec une vari\u00e9t\u00e9 d&#039;utilisations :<\/p>\n<ul>\n<li style=\"text-align: left;\">Construction navale<\/li>\n<li>Construction (Betofilm pour b\u00e9ton apparent, Betoform)<\/li>\n<li>\u00c9b\u00e9nisterie<\/li>\n<li>Sous-couche sur planchers<\/li>\n<li>Mise en balles<\/li>\n<li>Construction de jouets, instruments de musique, etc.<\/li>\n<li>Panneaux de signalisation<\/li>\n<li>Cloisons et bardages de b\u00e2timents<\/li>\n<li>Carrosseries de camions<\/li>\n<li>Rev\u00eatement de porte int\u00e9rieur et ext\u00e9rieur<\/li>\n<\/ul>","protected":false},"excerpt":{"rendered":"<table class=\"table23_5\">\n<tbody>\n<tr>\n<td>Arrogance<\/td>\n<td>C\u00e8dre rouge<\/td>\n<\/tr>\n<tr>\n<td>D\u00e9pression<\/td>\n<td>C\u00e8dre rouge<\/td>\n<\/tr>\n<tr>\n<td>Int\u00e9rieur<\/td>\n<td>Peuplier<\/td>\n<\/tr>\n<tr>\n<td>Dimensions (mm)<\/td>\n<td>2500x1220, 2440x1220<\/td>\n<\/tr>\n<tr>\n<td>\u00c9paisseur (mm)<\/td>\n<td>04 \u2013 40<\/td>\n<\/tr>\n<tr>\n<td>Colles<\/td>\n<td>Utilisation ext\u00e9rieure WBP E1<\/td>\n<\/tr>\n<\/tbody>\n<\/table>","protected":false},"featured_media":22179,"template":"","meta":{"_acf_changed":false,"inline_featured_image":false,"cybocfi_hide_featured_image":""},"product_brand":[],"product_cat":[132,838],"product_tag":[],"class_list":{"0":"post-22181","1":"product","2":"type-product","3":"status-publish","4":"has-post-thumbnail","6":"product_cat-domika-ulika-ksylou","7":"product_cat-kontra-plake","9":"first","10":"instock","11":"product-type-simple"},"acf":[],"yoast_head":"<!-- This site is optimized with the Yoast SEO Premium plugin v27.3 (Yoast SEO v27.3) - https:\/\/yoast.com\/product\/yoast-seo-premium-wordpress\/ -->\n<title>\u039a\u03cc\u03bd\u03c4\u03c1\u03b1 \u03c0\u03bb\u03b1\u03ba\u03ad \u039a\u03af\u03bd\u03b1\u03c2 - Red Cedar\/Poplar - \u0395\u03c0\u03b9\u03c6\u03ac\u03bd\u03b5\u03b9\u03b5\u03c2 \u039c\u03b5\u03bb\u03b1\u03bc\u03af\u03bd\u03b7\u03c2 MDF \u039c\u03bf\u03c1\u03b9\u03bf\u03c3\u03b1\u03bd\u03af\u03b4\u03b1 \u03a0\u03ac\u03b3\u03ba\u03bf\u03b9 \u0394\u03ac\u03c0\u03b5\u03b4\u03b1 \u03a0\u03cc\u03c1\u03c4\u03b5\u03c2<\/title>\n<meta name=\"robots\" content=\"index, follow, max-snippet:-1, max-image-preview:large, max-video-preview:-1\" \/>\n<link rel=\"canonical\" href=\"https:\/\/alfawood.gr\/fr\/product\/kontra-plake-kinas-red-cedar-poplar\" \/>\n<meta property=\"og:locale\" content=\"fr_FR\" \/>\n<meta property=\"og:type\" content=\"article\" \/>\n<meta property=\"og:title\" content=\"\u039a\u03cc\u03bd\u03c4\u03c1\u03b1 \u03c0\u03bb\u03b1\u03ba\u03ad \u039a\u03af\u03bd\u03b1\u03c2 - Red Cedar\/Poplar\" \/>\n<meta property=\"og:description\" content=\"\u03a0\u03b1\u03bd\u03c9\u03c6\u03ac\u03bd\u03b5\u03b9\u03b1 Red Cedar   \u039a\u03b1\u03c4\u03c9\u03c6\u03ac\u03bd\u03b5\u03b9\u03b1 Red Cedar   \u0395\u03c3\u03c9\u03c4\u03b5\u03c1\u03b9\u03ba\u03cc Poplar   \u0394\u03b9\u03b1\u03c3\u03c4\u03ac\u03c3\u03b5\u03b9\u03c2(mm) 2500 x 1220 , 2440 x 1220   \u03a0\u03ac\u03c7\u03b7 (mm) 04 \u2013 40   \u039a\u03cc\u03bb\u03bb\u03b5\u03c2 \u0395\u03be\u03c9\u03c4\u03b5\u03c1\u03b9\u03ba\u03ae\u03c2 \u03c7\u03c1\u03ae\u03c3\u03b7\u03c2 WBP E1\" \/>\n<meta property=\"og:url\" content=\"https:\/\/alfawood.gr\/fr\/product\/kontra-plake-kinas-red-cedar-poplar\" \/>\n<meta property=\"og:site_name\" content=\"\u0395\u03c0\u03b9\u03c6\u03ac\u03bd\u03b5\u03b9\u03b5\u03c2 \u039c\u03b5\u03bb\u03b1\u03bc\u03af\u03bd\u03b7\u03c2 MDF \u039c\u03bf\u03c1\u03b9\u03bf\u03c3\u03b1\u03bd\u03af\u03b4\u03b1 \u03a0\u03ac\u03b3\u03ba\u03bf\u03b9 \u0394\u03ac\u03c0\u03b5\u03b4\u03b1 \u03a0\u03cc\u03c1\u03c4\u03b5\u03c2\" \/>\n<meta property=\"article:publisher\" content=\"https:\/\/www.facebook.com\/alfawood.group\" \/>\n<meta property=\"article:modified_time\" content=\"2023-04-26T10:55:02+00:00\" \/>\n<meta property=\"og:image\" content=\"https:\/\/alfawood.gr\/wp-content\/uploads\/2023\/04\/kontra-plake-kinas.jpg\" \/>\n\t<meta property=\"og:image:width\" content=\"1600\" \/>\n\t<meta property=\"og:image:height\" content=\"1200\" \/>\n\t<meta property=\"og:image:type\" content=\"image\/jpeg\" \/>\n<meta name=\"twitter:card\" content=\"summary_large_image\" \/>\n<meta name=\"twitter:site\" content=\"@ALFAWOODGROUP\" \/>\n<meta name=\"twitter:label1\" content=\"Dur\u00e9e de lecture estim\u00e9e\" \/>\n\t<meta name=\"twitter:data1\" content=\"1 minute\" \/>\n<script type=\"application\/ld+json\" class=\"yoast-schema-graph\">{\"@context\":\"https:\\\/\\\/schema.org\",\"@graph\":[{\"@type\":\"WebPage\",\"@id\":\"https:\\\/\\\/alfawood.gr\\\/sq\\\/produkt\\\/kontra-plake-kinas-red-cedar-poplar\\\/\",\"url\":\"https:\\\/\\\/alfawood.gr\\\/sq\\\/produkt\\\/kontra-plake-kinas-red-cedar-poplar\\\/\",\"name\":\"\u039a\u03cc\u03bd\u03c4\u03c1\u03b1 \u03c0\u03bb\u03b1\u03ba\u03ad \u039a\u03af\u03bd\u03b1\u03c2 - Red Cedar\\\/Poplar - \u0395\u03c0\u03b9\u03c6\u03ac\u03bd\u03b5\u03b9\u03b5\u03c2 \u039c\u03b5\u03bb\u03b1\u03bc\u03af\u03bd\u03b7\u03c2 MDF \u039c\u03bf\u03c1\u03b9\u03bf\u03c3\u03b1\u03bd\u03af\u03b4\u03b1 \u03a0\u03ac\u03b3\u03ba\u03bf\u03b9 \u0394\u03ac\u03c0\u03b5\u03b4\u03b1 \u03a0\u03cc\u03c1\u03c4\u03b5\u03c2\",\"isPartOf\":{\"@id\":\"https:\\\/\\\/alfawood.gr\\\/#website\"},\"primaryImageOfPage\":{\"@id\":\"https:\\\/\\\/alfawood.gr\\\/sq\\\/produkt\\\/kontra-plake-kinas-red-cedar-poplar\\\/#primaryimage\"},\"image\":{\"@id\":\"https:\\\/\\\/alfawood.gr\\\/sq\\\/produkt\\\/kontra-plake-kinas-red-cedar-poplar\\\/#primaryimage\"},\"thumbnailUrl\":\"https:\\\/\\\/alfawood.gr\\\/wp-content\\\/uploads\\\/2023\\\/04\\\/kontra-plake-kinas.jpg\",\"datePublished\":\"2023-04-26T10:39:33+00:00\",\"dateModified\":\"2023-04-26T10:55:02+00:00\",\"breadcrumb\":{\"@id\":\"https:\\\/\\\/alfawood.gr\\\/sq\\\/produkt\\\/kontra-plake-kinas-red-cedar-poplar\\\/#breadcrumb\"},\"inLanguage\":\"fr-FR\",\"potentialAction\":[{\"@type\":\"ReadAction\",\"target\":[\"https:\\\/\\\/alfawood.gr\\\/sq\\\/produkt\\\/kontra-plake-kinas-red-cedar-poplar\\\/\"]}]},{\"@type\":\"ImageObject\",\"inLanguage\":\"fr-FR\",\"@id\":\"https:\\\/\\\/alfawood.gr\\\/sq\\\/produkt\\\/kontra-plake-kinas-red-cedar-poplar\\\/#primaryimage\",\"url\":\"https:\\\/\\\/alfawood.gr\\\/wp-content\\\/uploads\\\/2023\\\/04\\\/kontra-plake-kinas.jpg\",\"contentUrl\":\"https:\\\/\\\/alfawood.gr\\\/wp-content\\\/uploads\\\/2023\\\/04\\\/kontra-plake-kinas.jpg\",\"width\":1600,\"height\":1200,\"caption\":\"\u039a\u039f\u039d\u03a4\u03a1\u0391 \u03a0\u039b\u0391\u039a\u0395 \u039a\u0399\u039d\u0391\u03a3 Bintangor\"},{\"@type\":\"BreadcrumbList\",\"@id\":\"https:\\\/\\\/alfawood.gr\\\/sq\\\/produkt\\\/kontra-plake-kinas-red-cedar-poplar\\\/#breadcrumb\",\"itemListElement\":[{\"@type\":\"ListItem\",\"position\":1,\"name\":\"Home\",\"item\":\"https:\\\/\\\/alfawood.gr\\\/\"},{\"@type\":\"ListItem\",\"position\":2,\"name\":\"\u03a0\u03c1\u03bf\u03ca\u03cc\u03bd\u03c4\u03b1\",\"item\":\"https:\\\/\\\/alfawood.gr\\\/proionta-wood\\\/\"},{\"@type\":\"ListItem\",\"position\":3,\"name\":\"\u0394\u03bf\u03bc\u03b9\u03ba\u03ac \u03a5\u03bb\u03b9\u03ba\u03ac \u039e\u03cd\u03bb\u03bf\u03c5 - Alfa Building\",\"item\":\"https:\\\/\\\/alfawood.gr\\\/en\\\/category\\\/domika-ulika-ksylou\\\/\"},{\"@type\":\"ListItem\",\"position\":4,\"name\":\"\u039a\u03cc\u03bd\u03c4\u03c1\u03b1 \u03c0\u03bb\u03b1\u03ba\u03ad \u039a\u03af\u03bd\u03b1\u03c2 &#8211; Red Cedar\\\/Poplar\"}]},{\"@type\":\"WebSite\",\"@id\":\"https:\\\/\\\/alfawood.gr\\\/#website\",\"url\":\"https:\\\/\\\/alfawood.gr\\\/\",\"name\":\"\u0395\u03c0\u03b9\u03c6\u03ac\u03bd\u03b5\u03b9\u03b5\u03c2 \u039c\u03b5\u03bb\u03b1\u03bc\u03af\u03bd\u03b7\u03c2 MDF \u039c\u03bf\u03c1\u03b9\u03bf\u03c3\u03b1\u03bd\u03af\u03b4\u03b1 \u03a0\u03ac\u03b3\u03ba\u03bf\u03b9 \u0394\u03ac\u03c0\u03b5\u03b4\u03b1 \u03a0\u03cc\u03c1\u03c4\u03b5\u03c2\",\"description\":\"\u0392\u03b9\u03bf\u03bc\u03b7\u03c7\u03b1\u03bd\u03af\u03b1 \u039e\u03cd\u03bb\u03bf\u03c5 Alfa Wood Group\",\"publisher\":{\"@id\":\"https:\\\/\\\/alfawood.gr\\\/#organization\"},\"alternateName\":\"Melamines - MDF - Laminate - Worktops\",\"potentialAction\":[{\"@type\":\"SearchAction\",\"target\":{\"@type\":\"EntryPoint\",\"urlTemplate\":\"https:\\\/\\\/alfawood.gr\\\/?s={search_term_string}\"},\"query-input\":{\"@type\":\"PropertyValueSpecification\",\"valueRequired\":true,\"valueName\":\"search_term_string\"}}],\"inLanguage\":\"fr-FR\"},{\"@type\":\"Organization\",\"@id\":\"https:\\\/\\\/alfawood.gr\\\/#organization\",\"name\":\"Alfa Wood Group\",\"url\":\"https:\\\/\\\/alfawood.gr\\\/\",\"logo\":{\"@type\":\"ImageObject\",\"inLanguage\":\"fr-FR\",\"@id\":\"https:\\\/\\\/alfawood.gr\\\/#\\\/schema\\\/logo\\\/image\\\/\",\"url\":\"https:\\\/\\\/alfawood.gr\\\/wp-content\\\/uploads\\\/2023\\\/02\\\/alfa-wood-logo-1.svg\",\"contentUrl\":\"https:\\\/\\\/alfawood.gr\\\/wp-content\\\/uploads\\\/2023\\\/02\\\/alfa-wood-logo-1.svg\",\"width\":305,\"height\":195,\"caption\":\"Alfa Wood Group\"},\"image\":{\"@id\":\"https:\\\/\\\/alfawood.gr\\\/#\\\/schema\\\/logo\\\/image\\\/\"},\"sameAs\":[\"https:\\\/\\\/www.facebook.com\\\/alfawood.group\",\"https:\\\/\\\/x.com\\\/ALFAWOODGROUP\",\"https:\\\/\\\/www.instagram.com\\\/alfawood.group\",\"https:\\\/\\\/www.youtube.com\\\/@alfawoodgroup\",\"https:\\\/\\\/www.tiktok.com\\\/@alfawood.group\",\"https:\\\/\\\/vimeo.com\\\/alfawood\",\"https:\\\/\\\/www.linkedin.com\\\/company\\\/alfawoodgroup\",\"https:\\\/\\\/www.pinterest.com\\\/alfawoodgroup\\\/\"]}]}<\/script>\n<!-- \/ Yoast SEO Premium plugin. -->","yoast_head_json":{"title":"Contreplaqu\u00e9 de Chine - C\u00e8dre rouge\/Peuplier - Surfaces en m\u00e9lamine MDF Panneaux de particules Comptoirs Planchers Portes","robots":{"index":"index","follow":"follow","max-snippet":"max-snippet:-1","max-image-preview":"max-image-preview:large","max-video-preview":"max-video-preview:-1"},"canonical":"https:\/\/alfawood.gr\/fr\/product\/kontra-plake-kinas-red-cedar-poplar","og_locale":"fr_FR","og_type":"article","og_title":"\u039a\u03cc\u03bd\u03c4\u03c1\u03b1 \u03c0\u03bb\u03b1\u03ba\u03ad \u039a\u03af\u03bd\u03b1\u03c2 - Red Cedar\/Poplar","og_description":"\u03a0\u03b1\u03bd\u03c9\u03c6\u03ac\u03bd\u03b5\u03b9\u03b1 Red Cedar   \u039a\u03b1\u03c4\u03c9\u03c6\u03ac\u03bd\u03b5\u03b9\u03b1 Red Cedar   \u0395\u03c3\u03c9\u03c4\u03b5\u03c1\u03b9\u03ba\u03cc Poplar   \u0394\u03b9\u03b1\u03c3\u03c4\u03ac\u03c3\u03b5\u03b9\u03c2(mm) 2500 x 1220 , 2440 x 1220   \u03a0\u03ac\u03c7\u03b7 (mm) 04 \u2013 40   \u039a\u03cc\u03bb\u03bb\u03b5\u03c2 \u0395\u03be\u03c9\u03c4\u03b5\u03c1\u03b9\u03ba\u03ae\u03c2 \u03c7\u03c1\u03ae\u03c3\u03b7\u03c2 WBP E1","og_url":"https:\/\/alfawood.gr\/fr\/product\/kontra-plake-kinas-red-cedar-poplar","og_site_name":"\u0395\u03c0\u03b9\u03c6\u03ac\u03bd\u03b5\u03b9\u03b5\u03c2 \u039c\u03b5\u03bb\u03b1\u03bc\u03af\u03bd\u03b7\u03c2 MDF \u039c\u03bf\u03c1\u03b9\u03bf\u03c3\u03b1\u03bd\u03af\u03b4\u03b1 \u03a0\u03ac\u03b3\u03ba\u03bf\u03b9 \u0394\u03ac\u03c0\u03b5\u03b4\u03b1 \u03a0\u03cc\u03c1\u03c4\u03b5\u03c2","article_publisher":"https:\/\/www.facebook.com\/alfawood.group","article_modified_time":"2023-04-26T10:55:02+00:00","og_image":[{"width":1600,"height":1200,"url":"https:\/\/alfawood.gr\/wp-content\/uploads\/2023\/04\/kontra-plake-kinas.jpg","type":"image\/jpeg"}],"twitter_card":"summary_large_image","twitter_site":"@ALFAWOODGROUP","twitter_misc":{"Dur\u00e9e de lecture estim\u00e9e":"1 minute"},"schema":{"@context":"https:\/\/schema.org","@graph":[{"@type":"WebPage","@id":"https:\/\/alfawood.gr\/sq\/produkt\/kontra-plake-kinas-red-cedar-poplar\/","url":"https:\/\/alfawood.gr\/sq\/produkt\/kontra-plake-kinas-red-cedar-poplar\/","name":"Contreplaqu\u00e9 de Chine - C\u00e8dre rouge\/Peuplier - Surfaces en m\u00e9lamine MDF Panneaux de particules Comptoirs Planchers Portes","isPartOf":{"@id":"https:\/\/alfawood.gr\/#website"},"primaryImageOfPage":{"@id":"https:\/\/alfawood.gr\/sq\/produkt\/kontra-plake-kinas-red-cedar-poplar\/#primaryimage"},"image":{"@id":"https:\/\/alfawood.gr\/sq\/produkt\/kontra-plake-kinas-red-cedar-poplar\/#primaryimage"},"thumbnailUrl":"https:\/\/alfawood.gr\/wp-content\/uploads\/2023\/04\/kontra-plake-kinas.jpg","datePublished":"2023-04-26T10:39:33+00:00","dateModified":"2023-04-26T10:55:02+00:00","breadcrumb":{"@id":"https:\/\/alfawood.gr\/sq\/produkt\/kontra-plake-kinas-red-cedar-poplar\/#breadcrumb"},"inLanguage":"fr-FR","potentialAction":[{"@type":"ReadAction","target":["https:\/\/alfawood.gr\/sq\/produkt\/kontra-plake-kinas-red-cedar-poplar\/"]}]},{"@type":"ImageObject","inLanguage":"fr-FR","@id":"https:\/\/alfawood.gr\/sq\/produkt\/kontra-plake-kinas-red-cedar-poplar\/#primaryimage","url":"https:\/\/alfawood.gr\/wp-content\/uploads\/2023\/04\/kontra-plake-kinas.jpg","contentUrl":"https:\/\/alfawood.gr\/wp-content\/uploads\/2023\/04\/kontra-plake-kinas.jpg","width":1600,"height":1200,"caption":"\u039a\u039f\u039d\u03a4\u03a1\u0391 \u03a0\u039b\u0391\u039a\u0395 \u039a\u0399\u039d\u0391\u03a3 Bintangor"},{"@type":"BreadcrumbList","@id":"https:\/\/alfawood.gr\/sq\/produkt\/kontra-plake-kinas-red-cedar-poplar\/#breadcrumb","itemListElement":[{"@type":"ListItem","position":1,"name":"Home","item":"https:\/\/alfawood.gr\/"},{"@type":"ListItem","position":2,"name":"\u03a0\u03c1\u03bf\u03ca\u03cc\u03bd\u03c4\u03b1","item":"https:\/\/alfawood.gr\/proionta-wood\/"},{"@type":"ListItem","position":3,"name":"\u0394\u03bf\u03bc\u03b9\u03ba\u03ac \u03a5\u03bb\u03b9\u03ba\u03ac \u039e\u03cd\u03bb\u03bf\u03c5 - Alfa Building","item":"https:\/\/alfawood.gr\/en\/category\/domika-ulika-ksylou\/"},{"@type":"ListItem","position":4,"name":"\u039a\u03cc\u03bd\u03c4\u03c1\u03b1 \u03c0\u03bb\u03b1\u03ba\u03ad \u039a\u03af\u03bd\u03b1\u03c2 &#8211; Red Cedar\/Poplar"}]},{"@type":"WebSite","@id":"https:\/\/alfawood.gr\/#website","url":"https:\/\/alfawood.gr\/","name":"Surfaces en m\u00e9lamine Comptoirs en panneaux de particules MDF Planchers Portes","description":"Alfa Wood Group Industrie du bois","publisher":{"@id":"https:\/\/alfawood.gr\/#organization"},"alternateName":"Melamines - MDF - Laminate - Worktops","potentialAction":[{"@type":"SearchAction","target":{"@type":"EntryPoint","urlTemplate":"https:\/\/alfawood.gr\/?s={search_term_string}"},"query-input":{"@type":"PropertyValueSpecification","valueRequired":true,"valueName":"search_term_string"}}],"inLanguage":"fr-FR"},{"@type":"Organization","@id":"https:\/\/alfawood.gr\/#organization","name":"Groupe Alfa Bois","url":"https:\/\/alfawood.gr\/","logo":{"@type":"ImageObject","inLanguage":"fr-FR","@id":"https:\/\/alfawood.gr\/#\/schema\/logo\/image\/","url":"https:\/\/alfawood.gr\/wp-content\/uploads\/2023\/02\/alfa-wood-logo-1.svg","contentUrl":"https:\/\/alfawood.gr\/wp-content\/uploads\/2023\/02\/alfa-wood-logo-1.svg","width":305,"height":195,"caption":"Alfa Wood Group"},"image":{"@id":"https:\/\/alfawood.gr\/#\/schema\/logo\/image\/"},"sameAs":["https:\/\/www.facebook.com\/alfawood.group","https:\/\/x.com\/ALFAWOODGROUP","https:\/\/www.instagram.com\/alfawood.group","https:\/\/www.youtube.com\/@alfawoodgroup","https:\/\/www.tiktok.com\/@alfawood.group","https:\/\/vimeo.com\/alfawood","https:\/\/www.linkedin.com\/company\/alfawoodgroup","https:\/\/www.pinterest.com\/alfawoodgroup\/"]}]}},"_links":{"self":[{"href":"https:\/\/alfawood.gr\/fr\/wp-json\/wp\/v2\/product\/22181","targetHints":{"allow":["GET"]}}],"collection":[{"href":"https:\/\/alfawood.gr\/fr\/wp-json\/wp\/v2\/product"}],"about":[{"href":"https:\/\/alfawood.gr\/fr\/wp-json\/wp\/v2\/types\/product"}],"version-history":[{"count":0,"href":"https:\/\/alfawood.gr\/fr\/wp-json\/wp\/v2\/product\/22181\/revisions"}],"wp:featuredmedia":[{"embeddable":true,"href":"https:\/\/alfawood.gr\/fr\/wp-json\/wp\/v2\/media\/22179"}],"wp:attachment":[{"href":"https:\/\/alfawood.gr\/fr\/wp-json\/wp\/v2\/media?parent=22181"}],"wp:term":[{"taxonomy":"product_brand","embeddable":true,"href":"https:\/\/alfawood.gr\/fr\/wp-json\/wp\/v2\/product_brand?post=22181"},{"taxonomy":"product_cat","embeddable":true,"href":"https:\/\/alfawood.gr\/fr\/wp-json\/wp\/v2\/product_cat?post=22181"},{"taxonomy":"product_tag","embeddable":true,"href":"https:\/\/alfawood.gr\/fr\/wp-json\/wp\/v2\/product_tag?post=22181"}],"curies":[{"name":"wp","href":"https:\/\/api.w.org\/{rel}","templated":true}]}}