{"id":22268,"date":"2023-04-26T12:23:38","date_gmt":"2023-04-26T12:23:38","guid":{"rendered":"https:\/\/alfawood.gr\/?post_type=product&#038;p=22268"},"modified":"2023-04-27T08:22:07","modified_gmt":"2023-04-27T08:22:07","slug":"skliri-ksilia-amerikis","status":"publish","type":"product","link":"https:\/\/alfawood.gr\/fr\/product\/skliri-ksilia-amerikis\/","title":{"rendered":"Feuillus am\u00e9ricains"},"content":{"rendered":"<p class=\"textinalfa\">Par le terme bois sci\u00e9, nous entendons les grumes prismatiques de diff\u00e9rentes dimensions d&#039;\u00e9paisseur, de largeur et de longueur, produites principalement par sciage axial (longitudinal) des grumes.<\/p>\n<p class=\"textinalfa\">En m\u00eame temps, par le terme bois de sciage de construction, nous d\u00e9signons le bois utilis\u00e9 et qui r\u00e9pond aux exigences des constructions structurelles et de construction. Ses m\u00e9thodes de production diff\u00e8rent selon les machines utilis\u00e9es, l&#039;essence de bois, le diam\u00e8tre de la b\u00fbche, les dimensions souhait\u00e9es des scies\/blocs de construction, leur qualit\u00e9 souhait\u00e9e, la quantit\u00e9 de production souhait\u00e9e, etc.<\/p>\n<p class=\"textinalfa\"><b>Les principales utilisations du bois de construction sci\u00e9 et sci\u00e9 sont les suivantes :<\/b><\/p>\n<ul>\n<li>Meubles<\/li>\n<li>Instruments de musique<\/li>\n<li>Jeux<\/li>\n<li>Cadres<\/li>\n<li>Construction navale<\/li>\n<li>Constructions de b\u00e2timents de force<\/li>\n<li>Toits<\/li>\n<li>Squelettes<\/li>\n<li>Enveloppements<\/li>\n<li>Magasins de meubles (rustiques)<\/li>\n<li>Profils et sols<\/li>\n<\/ul>","protected":false},"excerpt":{"rendered":"<div class=\"headerinalfa\">\n<div class=\"headerinalfa\">\u00c9PAISSEUR (pouces)<\/div>\n<table class=\"table23_5\">\n<tbody>\n<tr>\n<td>CH\u00caNE BLANC<\/td>\n<td>1 , 2 , 3 (pouces)<\/td>\n<\/tr>\n<tr>\n<td>CH\u00caNE ROUGE<\/td>\n<td>1 , 2 , 3 (pouces)<\/td>\n<\/tr>\n<tr>\n<td>PEUPLIER JAUNE<\/td>\n<td>1 , 2 , 3 (pouces)<\/td>\n<\/tr>\n<tr>\n<td>NOIX<\/td>\n<td>1 , 2 , 3 (pouces)<\/td>\n<\/tr>\n<\/tbody>\n<\/table>\n<\/div>","protected":false},"featured_media":22500,"template":"","meta":{"_acf_changed":false,"inline_featured_image":false,"cybocfi_hide_featured_image":""},"product_brand":[],"product_cat":[132,841],"product_tag":[],"class_list":{"0":"post-22268","1":"product","2":"type-product","3":"status-publish","4":"has-post-thumbnail","6":"product_cat-domika-ulika-ksylou","7":"product_cat-oikodomiki-ksyleia","9":"first","10":"instock","11":"product-type-simple"},"acf":[],"yoast_head":"<!-- This site is optimized with the Yoast SEO Premium plugin v27.4 (Yoast SEO v27.4) - https:\/\/yoast.com\/product\/yoast-seo-premium-wordpress\/ -->\n<title>\u03a3\u03ba\u03bb\u03b7\u03c1\u03ae \u039e\u03c5\u03bb\u03b5\u03af\u03b1 \u0391\u03bc\u03b5\u03c1\u03b9\u03ba\u03ae\u03c2 - \u0395\u03c0\u03b9\u03c6\u03ac\u03bd\u03b5\u03b9\u03b5\u03c2 \u039c\u03b5\u03bb\u03b1\u03bc\u03af\u03bd\u03b7\u03c2 MDF \u039c\u03bf\u03c1\u03b9\u03bf\u03c3\u03b1\u03bd\u03af\u03b4\u03b1 \u03a0\u03ac\u03b3\u03ba\u03bf\u03b9 \u0394\u03ac\u03c0\u03b5\u03b4\u03b1 \u03a0\u03cc\u03c1\u03c4\u03b5\u03c2<\/title>\n<meta name=\"robots\" content=\"index, follow, max-snippet:-1, max-image-preview:large, max-video-preview:-1\" \/>\n<link rel=\"canonical\" href=\"https:\/\/alfawood.gr\/fr\/product\/skliri-ksilia-amerikis\" \/>\n<meta property=\"og:locale\" content=\"fr_FR\" \/>\n<meta property=\"og:type\" content=\"article\" \/>\n<meta property=\"og:title\" content=\"\u03a3\u03ba\u03bb\u03b7\u03c1\u03ae \u039e\u03c5\u03bb\u03b5\u03af\u03b1 \u0391\u03bc\u03b5\u03c1\u03b9\u03ba\u03ae\u03c2\" \/>\n<meta property=\"og:description\" content=\"\u03a0\u0391\u03a7\u0397 (inch)    \u039b\u0395\u03a5\u039a\u0397 \u0394\u03a1\u03a5\u03a3 1 , 2 , 3 (inch)   \u039a\u039f\u039a\u039a\u0399\u039d\u0397 \u0394\u03a1\u03a5\u03a3 1 , 2 , 3 (inch)   YELLOW POPLAR 1 , 2 , 3 (inch)   \u039a\u0391\u03a1\u03a5\u0394\u0399\u0391 1 , 2 , 3 (inch)\" \/>\n<meta property=\"og:url\" content=\"https:\/\/alfawood.gr\/fr\/product\/skliri-ksilia-amerikis\" \/>\n<meta property=\"og:site_name\" content=\"\u0395\u03c0\u03b9\u03c6\u03ac\u03bd\u03b5\u03b9\u03b5\u03c2 \u039c\u03b5\u03bb\u03b1\u03bc\u03af\u03bd\u03b7\u03c2 MDF \u039c\u03bf\u03c1\u03b9\u03bf\u03c3\u03b1\u03bd\u03af\u03b4\u03b1 \u03a0\u03ac\u03b3\u03ba\u03bf\u03b9 \u0394\u03ac\u03c0\u03b5\u03b4\u03b1 \u03a0\u03cc\u03c1\u03c4\u03b5\u03c2\" \/>\n<meta property=\"article:publisher\" content=\"https:\/\/www.facebook.com\/alfawood.group\" \/>\n<meta property=\"article:modified_time\" content=\"2023-04-27T08:22:07+00:00\" \/>\n<meta property=\"og:image\" content=\"https:\/\/alfawood.gr\/wp-content\/uploads\/2023\/04\/skliri-ksilis-amerikis-leuko-dris.jpg\" \/>\n\t<meta property=\"og:image:width\" content=\"1600\" \/>\n\t<meta property=\"og:image:height\" content=\"1200\" \/>\n\t<meta property=\"og:image:type\" content=\"image\/jpeg\" \/>\n<meta name=\"twitter:card\" content=\"summary_large_image\" \/>\n<meta name=\"twitter:site\" content=\"@ALFAWOODGROUP\" \/>\n<meta name=\"twitter:label1\" content=\"Dur\u00e9e de lecture estim\u00e9e\" \/>\n\t<meta name=\"twitter:data1\" content=\"1 minute\" \/>\n<script type=\"application\/ld+json\" class=\"yoast-schema-graph\">{\"@context\":\"https:\\\/\\\/schema.org\",\"@graph\":[{\"@type\":\"WebPage\",\"@id\":\"https:\\\/\\\/alfawood.gr\\\/product\\\/skliri-ksilia-amerikis\\\/\",\"url\":\"https:\\\/\\\/alfawood.gr\\\/product\\\/skliri-ksilia-amerikis\\\/\",\"name\":\"\u03a3\u03ba\u03bb\u03b7\u03c1\u03ae \u039e\u03c5\u03bb\u03b5\u03af\u03b1 \u0391\u03bc\u03b5\u03c1\u03b9\u03ba\u03ae\u03c2 - \u0395\u03c0\u03b9\u03c6\u03ac\u03bd\u03b5\u03b9\u03b5\u03c2 \u039c\u03b5\u03bb\u03b1\u03bc\u03af\u03bd\u03b7\u03c2 MDF \u039c\u03bf\u03c1\u03b9\u03bf\u03c3\u03b1\u03bd\u03af\u03b4\u03b1 \u03a0\u03ac\u03b3\u03ba\u03bf\u03b9 \u0394\u03ac\u03c0\u03b5\u03b4\u03b1 \u03a0\u03cc\u03c1\u03c4\u03b5\u03c2\",\"isPartOf\":{\"@id\":\"https:\\\/\\\/alfawood.gr\\\/#website\"},\"primaryImageOfPage\":{\"@id\":\"https:\\\/\\\/alfawood.gr\\\/product\\\/skliri-ksilia-amerikis\\\/#primaryimage\"},\"image\":{\"@id\":\"https:\\\/\\\/alfawood.gr\\\/product\\\/skliri-ksilia-amerikis\\\/#primaryimage\"},\"thumbnailUrl\":\"https:\\\/\\\/alfawood.gr\\\/wp-content\\\/uploads\\\/2023\\\/04\\\/skliri-ksilis-amerikis-leuko-dris.jpg\",\"datePublished\":\"2023-04-26T12:23:38+00:00\",\"dateModified\":\"2023-04-27T08:22:07+00:00\",\"breadcrumb\":{\"@id\":\"https:\\\/\\\/alfawood.gr\\\/product\\\/skliri-ksilia-amerikis\\\/#breadcrumb\"},\"inLanguage\":\"fr-FR\",\"potentialAction\":[{\"@type\":\"ReadAction\",\"target\":[\"https:\\\/\\\/alfawood.gr\\\/product\\\/skliri-ksilia-amerikis\\\/\"]}]},{\"@type\":\"ImageObject\",\"inLanguage\":\"fr-FR\",\"@id\":\"https:\\\/\\\/alfawood.gr\\\/product\\\/skliri-ksilia-amerikis\\\/#primaryimage\",\"url\":\"https:\\\/\\\/alfawood.gr\\\/wp-content\\\/uploads\\\/2023\\\/04\\\/skliri-ksilis-amerikis-leuko-dris.jpg\",\"contentUrl\":\"https:\\\/\\\/alfawood.gr\\\/wp-content\\\/uploads\\\/2023\\\/04\\\/skliri-ksilis-amerikis-leuko-dris.jpg\",\"width\":1600,\"height\":1200,\"caption\":\"\u03a3\u03ba\u03bb\u03b7\u03c1\u03ae \u039e\u03c5\u03bb\u03b5\u03af\u03b1 \u0391\u03bc\u03b5\u03c1\u03b9\u03ba\u03ae\u03c2\"},{\"@type\":\"BreadcrumbList\",\"@id\":\"https:\\\/\\\/alfawood.gr\\\/product\\\/skliri-ksilia-amerikis\\\/#breadcrumb\",\"itemListElement\":[{\"@type\":\"ListItem\",\"position\":1,\"name\":\"Home\",\"item\":\"https:\\\/\\\/alfawood.gr\\\/\"},{\"@type\":\"ListItem\",\"position\":2,\"name\":\"\u03a0\u03c1\u03bf\u03ca\u03cc\u03bd\u03c4\u03b1\",\"item\":\"https:\\\/\\\/alfawood.gr\\\/proionta-wood\\\/\"},{\"@type\":\"ListItem\",\"position\":3,\"name\":\"\u0394\u03bf\u03bc\u03b9\u03ba\u03ac \u03a5\u03bb\u03b9\u03ba\u03ac \u039e\u03cd\u03bb\u03bf\u03c5 - Alfa Building\",\"item\":\"https:\\\/\\\/alfawood.gr\\\/en\\\/category\\\/domika-ulika-ksylou\\\/\"},{\"@type\":\"ListItem\",\"position\":4,\"name\":\"\u03a3\u03ba\u03bb\u03b7\u03c1\u03ae \u039e\u03c5\u03bb\u03b5\u03af\u03b1 \u0391\u03bc\u03b5\u03c1\u03b9\u03ba\u03ae\u03c2\"}]},{\"@type\":\"WebSite\",\"@id\":\"https:\\\/\\\/alfawood.gr\\\/#website\",\"url\":\"https:\\\/\\\/alfawood.gr\\\/\",\"name\":\"\u0395\u03c0\u03b9\u03c6\u03ac\u03bd\u03b5\u03b9\u03b5\u03c2 \u039c\u03b5\u03bb\u03b1\u03bc\u03af\u03bd\u03b7\u03c2 MDF \u039c\u03bf\u03c1\u03b9\u03bf\u03c3\u03b1\u03bd\u03af\u03b4\u03b1 \u03a0\u03ac\u03b3\u03ba\u03bf\u03b9 \u0394\u03ac\u03c0\u03b5\u03b4\u03b1 \u03a0\u03cc\u03c1\u03c4\u03b5\u03c2\",\"description\":\"\u0392\u03b9\u03bf\u03bc\u03b7\u03c7\u03b1\u03bd\u03af\u03b1 \u039e\u03cd\u03bb\u03bf\u03c5 Alfa Wood Group\",\"publisher\":{\"@id\":\"https:\\\/\\\/alfawood.gr\\\/#organization\"},\"alternateName\":\"Melamines - MDF - Laminate - Worktops\",\"potentialAction\":[{\"@type\":\"SearchAction\",\"target\":{\"@type\":\"EntryPoint\",\"urlTemplate\":\"https:\\\/\\\/alfawood.gr\\\/?s={search_term_string}\"},\"query-input\":{\"@type\":\"PropertyValueSpecification\",\"valueRequired\":true,\"valueName\":\"search_term_string\"}}],\"inLanguage\":\"fr-FR\"},{\"@type\":\"Organization\",\"@id\":\"https:\\\/\\\/alfawood.gr\\\/#organization\",\"name\":\"Alfa Wood Group\",\"url\":\"https:\\\/\\\/alfawood.gr\\\/\",\"logo\":{\"@type\":\"ImageObject\",\"inLanguage\":\"fr-FR\",\"@id\":\"https:\\\/\\\/alfawood.gr\\\/#\\\/schema\\\/logo\\\/image\\\/\",\"url\":\"https:\\\/\\\/alfawood.gr\\\/wp-content\\\/uploads\\\/2023\\\/02\\\/alfa-wood-logo-1.svg\",\"contentUrl\":\"https:\\\/\\\/alfawood.gr\\\/wp-content\\\/uploads\\\/2023\\\/02\\\/alfa-wood-logo-1.svg\",\"width\":305,\"height\":195,\"caption\":\"Alfa Wood Group\"},\"image\":{\"@id\":\"https:\\\/\\\/alfawood.gr\\\/#\\\/schema\\\/logo\\\/image\\\/\"},\"sameAs\":[\"https:\\\/\\\/www.facebook.com\\\/alfawood.group\",\"https:\\\/\\\/x.com\\\/ALFAWOODGROUP\",\"https:\\\/\\\/www.instagram.com\\\/alfawood.group\",\"https:\\\/\\\/www.youtube.com\\\/@alfawoodgroup\",\"https:\\\/\\\/www.tiktok.com\\\/@alfawood.group\",\"https:\\\/\\\/vimeo.com\\\/alfawood\",\"https:\\\/\\\/www.linkedin.com\\\/company\\\/alfawoodgroup\",\"https:\\\/\\\/www.pinterest.com\\\/alfawoodgroup\\\/\"]}]}<\/script>\n<!-- \/ Yoast SEO Premium plugin. -->","yoast_head_json":{"title":"Bois dur am\u00e9ricain - Surfaces en m\u00e9lamine MDF Panneaux de particules Comptoirs Planchers Portes","robots":{"index":"index","follow":"follow","max-snippet":"max-snippet:-1","max-image-preview":"max-image-preview:large","max-video-preview":"max-video-preview:-1"},"canonical":"https:\/\/alfawood.gr\/fr\/product\/skliri-ksilia-amerikis","og_locale":"fr_FR","og_type":"article","og_title":"\u03a3\u03ba\u03bb\u03b7\u03c1\u03ae \u039e\u03c5\u03bb\u03b5\u03af\u03b1 \u0391\u03bc\u03b5\u03c1\u03b9\u03ba\u03ae\u03c2","og_description":"\u03a0\u0391\u03a7\u0397 (inch)    \u039b\u0395\u03a5\u039a\u0397 \u0394\u03a1\u03a5\u03a3 1 , 2 , 3 (inch)   \u039a\u039f\u039a\u039a\u0399\u039d\u0397 \u0394\u03a1\u03a5\u03a3 1 , 2 , 3 (inch)   YELLOW POPLAR 1 , 2 , 3 (inch)   \u039a\u0391\u03a1\u03a5\u0394\u0399\u0391 1 , 2 , 3 (inch)","og_url":"https:\/\/alfawood.gr\/fr\/product\/skliri-ksilia-amerikis","og_site_name":"\u0395\u03c0\u03b9\u03c6\u03ac\u03bd\u03b5\u03b9\u03b5\u03c2 \u039c\u03b5\u03bb\u03b1\u03bc\u03af\u03bd\u03b7\u03c2 MDF \u039c\u03bf\u03c1\u03b9\u03bf\u03c3\u03b1\u03bd\u03af\u03b4\u03b1 \u03a0\u03ac\u03b3\u03ba\u03bf\u03b9 \u0394\u03ac\u03c0\u03b5\u03b4\u03b1 \u03a0\u03cc\u03c1\u03c4\u03b5\u03c2","article_publisher":"https:\/\/www.facebook.com\/alfawood.group","article_modified_time":"2023-04-27T08:22:07+00:00","og_image":[{"width":1600,"height":1200,"url":"https:\/\/alfawood.gr\/wp-content\/uploads\/2023\/04\/skliri-ksilis-amerikis-leuko-dris.jpg","type":"image\/jpeg"}],"twitter_card":"summary_large_image","twitter_site":"@ALFAWOODGROUP","twitter_misc":{"Dur\u00e9e de lecture estim\u00e9e":"1 minute"},"schema":{"@context":"https:\/\/schema.org","@graph":[{"@type":"WebPage","@id":"https:\/\/alfawood.gr\/product\/skliri-ksilia-amerikis\/","url":"https:\/\/alfawood.gr\/product\/skliri-ksilia-amerikis\/","name":"Bois dur am\u00e9ricain - Surfaces en m\u00e9lamine MDF Panneaux de particules Comptoirs Planchers Portes","isPartOf":{"@id":"https:\/\/alfawood.gr\/#website"},"primaryImageOfPage":{"@id":"https:\/\/alfawood.gr\/product\/skliri-ksilia-amerikis\/#primaryimage"},"image":{"@id":"https:\/\/alfawood.gr\/product\/skliri-ksilia-amerikis\/#primaryimage"},"thumbnailUrl":"https:\/\/alfawood.gr\/wp-content\/uploads\/2023\/04\/skliri-ksilis-amerikis-leuko-dris.jpg","datePublished":"2023-04-26T12:23:38+00:00","dateModified":"2023-04-27T08:22:07+00:00","breadcrumb":{"@id":"https:\/\/alfawood.gr\/product\/skliri-ksilia-amerikis\/#breadcrumb"},"inLanguage":"fr-FR","potentialAction":[{"@type":"ReadAction","target":["https:\/\/alfawood.gr\/product\/skliri-ksilia-amerikis\/"]}]},{"@type":"ImageObject","inLanguage":"fr-FR","@id":"https:\/\/alfawood.gr\/product\/skliri-ksilia-amerikis\/#primaryimage","url":"https:\/\/alfawood.gr\/wp-content\/uploads\/2023\/04\/skliri-ksilis-amerikis-leuko-dris.jpg","contentUrl":"https:\/\/alfawood.gr\/wp-content\/uploads\/2023\/04\/skliri-ksilis-amerikis-leuko-dris.jpg","width":1600,"height":1200,"caption":"\u03a3\u03ba\u03bb\u03b7\u03c1\u03ae \u039e\u03c5\u03bb\u03b5\u03af\u03b1 \u0391\u03bc\u03b5\u03c1\u03b9\u03ba\u03ae\u03c2"},{"@type":"BreadcrumbList","@id":"https:\/\/alfawood.gr\/product\/skliri-ksilia-amerikis\/#breadcrumb","itemListElement":[{"@type":"ListItem","position":1,"name":"Home","item":"https:\/\/alfawood.gr\/"},{"@type":"ListItem","position":2,"name":"\u03a0\u03c1\u03bf\u03ca\u03cc\u03bd\u03c4\u03b1","item":"https:\/\/alfawood.gr\/proionta-wood\/"},{"@type":"ListItem","position":3,"name":"\u0394\u03bf\u03bc\u03b9\u03ba\u03ac \u03a5\u03bb\u03b9\u03ba\u03ac \u039e\u03cd\u03bb\u03bf\u03c5 - Alfa Building","item":"https:\/\/alfawood.gr\/en\/category\/domika-ulika-ksylou\/"},{"@type":"ListItem","position":4,"name":"\u03a3\u03ba\u03bb\u03b7\u03c1\u03ae \u039e\u03c5\u03bb\u03b5\u03af\u03b1 \u0391\u03bc\u03b5\u03c1\u03b9\u03ba\u03ae\u03c2"}]},{"@type":"WebSite","@id":"https:\/\/alfawood.gr\/#website","url":"https:\/\/alfawood.gr\/","name":"Surfaces en m\u00e9lamine Comptoirs en panneaux de particules MDF Planchers Portes","description":"Alfa Wood Group Industrie du bois","publisher":{"@id":"https:\/\/alfawood.gr\/#organization"},"alternateName":"Melamines - MDF - Laminate - Worktops","potentialAction":[{"@type":"SearchAction","target":{"@type":"EntryPoint","urlTemplate":"https:\/\/alfawood.gr\/?s={search_term_string}"},"query-input":{"@type":"PropertyValueSpecification","valueRequired":true,"valueName":"search_term_string"}}],"inLanguage":"fr-FR"},{"@type":"Organization","@id":"https:\/\/alfawood.gr\/#organization","name":"Groupe Alfa Bois","url":"https:\/\/alfawood.gr\/","logo":{"@type":"ImageObject","inLanguage":"fr-FR","@id":"https:\/\/alfawood.gr\/#\/schema\/logo\/image\/","url":"https:\/\/alfawood.gr\/wp-content\/uploads\/2023\/02\/alfa-wood-logo-1.svg","contentUrl":"https:\/\/alfawood.gr\/wp-content\/uploads\/2023\/02\/alfa-wood-logo-1.svg","width":305,"height":195,"caption":"Alfa Wood Group"},"image":{"@id":"https:\/\/alfawood.gr\/#\/schema\/logo\/image\/"},"sameAs":["https:\/\/www.facebook.com\/alfawood.group","https:\/\/x.com\/ALFAWOODGROUP","https:\/\/www.instagram.com\/alfawood.group","https:\/\/www.youtube.com\/@alfawoodgroup","https:\/\/www.tiktok.com\/@alfawood.group","https:\/\/vimeo.com\/alfawood","https:\/\/www.linkedin.com\/company\/alfawoodgroup","https:\/\/www.pinterest.com\/alfawoodgroup\/"]}]}},"_links":{"self":[{"href":"https:\/\/alfawood.gr\/fr\/wp-json\/wp\/v2\/product\/22268","targetHints":{"allow":["GET"]}}],"collection":[{"href":"https:\/\/alfawood.gr\/fr\/wp-json\/wp\/v2\/product"}],"about":[{"href":"https:\/\/alfawood.gr\/fr\/wp-json\/wp\/v2\/types\/product"}],"version-history":[{"count":0,"href":"https:\/\/alfawood.gr\/fr\/wp-json\/wp\/v2\/product\/22268\/revisions"}],"wp:featuredmedia":[{"embeddable":true,"href":"https:\/\/alfawood.gr\/fr\/wp-json\/wp\/v2\/media\/22500"}],"wp:attachment":[{"href":"https:\/\/alfawood.gr\/fr\/wp-json\/wp\/v2\/media?parent=22268"}],"wp:term":[{"taxonomy":"product_brand","embeddable":true,"href":"https:\/\/alfawood.gr\/fr\/wp-json\/wp\/v2\/product_brand?post=22268"},{"taxonomy":"product_cat","embeddable":true,"href":"https:\/\/alfawood.gr\/fr\/wp-json\/wp\/v2\/product_cat?post=22268"},{"taxonomy":"product_tag","embeddable":true,"href":"https:\/\/alfawood.gr\/fr\/wp-json\/wp\/v2\/product_tag?post=22268"}],"curies":[{"name":"wp","href":"https:\/\/api.w.org\/{rel}","templated":true}]}}