{"id":24809,"date":"2023-10-05T09:43:35","date_gmt":"2023-10-05T09:43:35","guid":{"rendered":"https:\/\/alfawood.gr\/?post_type=product&#038;p=24809"},"modified":"2025-02-13T13:38:24","modified_gmt":"2025-02-13T11:38:24","slug":"2664-grey-brown-rovere-alto","status":"publish","type":"product","link":"https:\/\/alfawood.gr\/fr\/product\/2664-grey-brown-rovere-alto\/","title":{"rendered":"2664 Gris Brun Rovere \u2013 Alto"},"content":{"rendered":"<p>OU <strong>Haut-Rov\u00e8re<\/strong> son <strong>Collection synchronis\u00e9e<\/strong> est une surface d\u00e9corative innovante avec des formes intenses de retraits du motif ch\u00eane doux qui \u00e9pouse pr\u00e9cis\u00e9ment la surface du bois.<br \/>\nCela donne une harmonie \u00e9tonnante et la sensation du ch\u00eane naturel.<\/p>\n<p>La technologie avanc\u00e9e utilis\u00e9e <strong>Technologie EIR<\/strong> (Embossed In Register), donne aux surfaces en m\u00e9lamine un aspect et une sensation authentiques de bois naturel, car le relief suit le grain de la surface du bois.<\/p>\n<p>Synchro a la capacit\u00e9 de reproduire simultan\u00e9ment l\u2019apparence et la sensation en pr\u00e9sentant une image de bois massif. La surface avec ses pores propres et ses diff\u00e9rents niveaux de brillance donne un effet chaleureux et cr\u00e9atif.<\/p>\n<p>Les codes de surface Alto Rovere sont accompagn\u00e9s de la m\u00eame teinte et texture <strong>Bandes de marge ABS.<\/strong><\/p>\n<p>D\u00e9couvrez le caract\u00e8re \u00ab naturel \u00bb et expressif des nouvelles surfaces d\u00e9coratives d&#039;Alfa Wood Group et laissez-vous inspirer pour des designs cr\u00e9atifs...<\/p>\n<p><strong><a href=\"\/files\/catalogs\/ALFASURFACES-BOOK-GR.pdf\" target=\"_blank\" rel=\"noopener\">T\u00e9l\u00e9chargez le catalogue<\/a><\/strong><\/p>","protected":false},"excerpt":{"rendered":"<p>\u0397 \u03b5\u03c0\u03b9\u03c6\u03ac\u03bd\u03b5\u03b9\u03b1 \u03bc\u03b5\u03bb\u03b1\u03bc\u03af\u03bd\u03b7\u03c2 2664 Grey Brown Rovere &#8211; Alto \u03c3\u03b5 \u03c3\u03ba\u03bf\u03cd\u03c1\u03b1 \u03ba\u03b1\u03c6\u03ad \u03b1\u03c0\u03cc\u03c7\u03c1\u03c9\u03c3\u03b7, \u03b5\u03af\u03bd\u03b1\u03b9 \u03bc\u03b9\u03b1 \u03ba\u03b1\u03b9\u03bd\u03bf\u03c4\u03cc\u03bc\u03b1 \u03b4\u03b9\u03b1\u03ba\u03bf\u03c3\u03bc\u03b7\u03c4\u03b9\u03ba\u03ae \u03b5\u03c0\u03b9\u03c6\u03ac\u03bd\u03b5\u03b9\u03b1 \u03bc\u03b5 \u03ad\u03bd\u03c4\u03bf\u03bd\u03b5\u03c2 \u03bc\u03bf\u03c1\u03c6\u03ad\u03c2 \u03b5\u03c3\u03bf\u03c7\u03ce\u03bd \u03c4\u03bf\u03c5 \u03ae\u03c0\u03b9\u03bf\u03c5 \u03b4\u03c1\u03cd\u03b9\u03bd\u03bf\u03c5 \u03c3\u03c7\u03b5\u03b4\u03af\u03bf\u03c5 \u03c0\u03bf\u03c5 \u03b1\u03ba\u03bf\u03bb\u03bf\u03c5\u03b8\u03b5\u03af \u03bc\u03b5 \u03b1\u03ba\u03c1\u03af\u03b2\u03b5\u03b9\u03b1 \u03c4\u03b7\u03bd \u03b5\u03c0\u03b9\u03c6\u03ac\u03bd\u03b5\u03b9\u03b1 \u03c4\u03bf\u03c5 \u03be\u03cd\u03bb\u03bf\u03c5.<\/p>","protected":false},"featured_media":25791,"template":"","meta":{"_acf_changed":false,"inline_featured_image":false,"cybocfi_hide_featured_image":""},"product_brand":[],"product_cat":[83,850,849,151],"product_tag":[],"class_list":{"0":"post-24809","1":"product","2":"type-product","3":"status-publish","4":"has-post-thumbnail","6":"product_cat-alfa-surfaces","7":"product_cat-alto-rovere","8":"product_cat-silva-synchro","9":"product_cat-melamines","11":"first","12":"instock","13":"product-type-simple"},"acf":[],"yoast_head":"<!-- This site is optimized with the Yoast SEO Premium plugin v27.3 (Yoast SEO v27.3) - https:\/\/yoast.com\/product\/yoast-seo-premium-wordpress\/ -->\n<title>2664 Grey Brown Rovere - Alto - \u0395\u03c0\u03b9\u03c6\u03ac\u03bd\u03b5\u03b9\u03b5\u03c2 \u039c\u03b5\u03bb\u03b1\u03bc\u03af\u03bd\u03b7\u03c2 MDF \u039c\u03bf\u03c1\u03b9\u03bf\u03c3\u03b1\u03bd\u03af\u03b4\u03b1 \u03a0\u03ac\u03b3\u03ba\u03bf\u03b9 \u0394\u03ac\u03c0\u03b5\u03b4\u03b1 \u03a0\u03cc\u03c1\u03c4\u03b5\u03c2<\/title>\n<meta name=\"robots\" content=\"index, follow, max-snippet:-1, max-image-preview:large, max-video-preview:-1\" \/>\n<link rel=\"canonical\" href=\"https:\/\/alfawood.gr\/fr\/product\/2664-grey-brown-rovere-alto\" \/>\n<meta property=\"og:locale\" content=\"fr_FR\" \/>\n<meta property=\"og:type\" content=\"article\" \/>\n<meta property=\"og:title\" content=\"2664 Grey Brown Rovere - Alto\" \/>\n<meta property=\"og:description\" content=\"\u0397 \u03b5\u03c0\u03b9\u03c6\u03ac\u03bd\u03b5\u03b9\u03b1 \u03bc\u03b5\u03bb\u03b1\u03bc\u03af\u03bd\u03b7\u03c2 2664 Grey Brown Rovere - Alto \u03c3\u03b5 \u03c3\u03ba\u03bf\u03cd\u03c1\u03b1 \u03ba\u03b1\u03c6\u03ad \u03b1\u03c0\u03cc\u03c7\u03c1\u03c9\u03c3\u03b7, \u03b5\u03af\u03bd\u03b1\u03b9 \u03bc\u03b9\u03b1 \u03ba\u03b1\u03b9\u03bd\u03bf\u03c4\u03cc\u03bc\u03b1 \u03b4\u03b9\u03b1\u03ba\u03bf\u03c3\u03bc\u03b7\u03c4\u03b9\u03ba\u03ae \u03b5\u03c0\u03b9\u03c6\u03ac\u03bd\u03b5\u03b9\u03b1 \u03bc\u03b5 \u03ad\u03bd\u03c4\u03bf\u03bd\u03b5\u03c2 \u03bc\u03bf\u03c1\u03c6\u03ad\u03c2 \u03b5\u03c3\u03bf\u03c7\u03ce\u03bd \u03c4\u03bf\u03c5 \u03ae\u03c0\u03b9\u03bf\u03c5 \u03b4\u03c1\u03cd\u03b9\u03bd\u03bf\u03c5 \u03c3\u03c7\u03b5\u03b4\u03af\u03bf\u03c5 \u03c0\u03bf\u03c5 \u03b1\u03ba\u03bf\u03bb\u03bf\u03c5\u03b8\u03b5\u03af \u03bc\u03b5 \u03b1\u03ba\u03c1\u03af\u03b2\u03b5\u03b9\u03b1 \u03c4\u03b7\u03bd \u03b5\u03c0\u03b9\u03c6\u03ac\u03bd\u03b5\u03b9\u03b1 \u03c4\u03bf\u03c5 \u03be\u03cd\u03bb\u03bf\u03c5.\" \/>\n<meta property=\"og:url\" content=\"https:\/\/alfawood.gr\/fr\/product\/2664-grey-brown-rovere-alto\" \/>\n<meta property=\"og:site_name\" content=\"\u0395\u03c0\u03b9\u03c6\u03ac\u03bd\u03b5\u03b9\u03b5\u03c2 \u039c\u03b5\u03bb\u03b1\u03bc\u03af\u03bd\u03b7\u03c2 MDF \u039c\u03bf\u03c1\u03b9\u03bf\u03c3\u03b1\u03bd\u03af\u03b4\u03b1 \u03a0\u03ac\u03b3\u03ba\u03bf\u03b9 \u0394\u03ac\u03c0\u03b5\u03b4\u03b1 \u03a0\u03cc\u03c1\u03c4\u03b5\u03c2\" \/>\n<meta property=\"article:publisher\" content=\"https:\/\/www.facebook.com\/alfawood.group\" \/>\n<meta property=\"article:modified_time\" content=\"2025-02-13T11:38:24+00:00\" \/>\n<meta property=\"og:image\" content=\"https:\/\/alfawood.gr\/wp-content\/uploads\/2023\/10\/2664-Grey-Brown-Rovere-1.jpg\" \/>\n\t<meta property=\"og:image:width\" content=\"1457\" \/>\n\t<meta property=\"og:image:height\" content=\"2000\" \/>\n\t<meta property=\"og:image:type\" content=\"image\/jpeg\" \/>\n<meta name=\"twitter:card\" content=\"summary_large_image\" \/>\n<meta name=\"twitter:site\" content=\"@ALFAWOODGROUP\" \/>\n<meta name=\"twitter:label1\" content=\"Dur\u00e9e de lecture estim\u00e9e\" \/>\n\t<meta name=\"twitter:data1\" content=\"1 minute\" \/>\n<script type=\"application\/ld+json\" class=\"yoast-schema-graph\">{\"@context\":\"https:\\\/\\\/schema.org\",\"@graph\":[{\"@type\":\"WebPage\",\"@id\":\"https:\\\/\\\/alfawood.gr\\\/product\\\/2664-grey-brown-rovere-alto\\\/\",\"url\":\"https:\\\/\\\/alfawood.gr\\\/product\\\/2664-grey-brown-rovere-alto\\\/\",\"name\":\"2664 Grey Brown Rovere - Alto - \u0395\u03c0\u03b9\u03c6\u03ac\u03bd\u03b5\u03b9\u03b5\u03c2 \u039c\u03b5\u03bb\u03b1\u03bc\u03af\u03bd\u03b7\u03c2 MDF \u039c\u03bf\u03c1\u03b9\u03bf\u03c3\u03b1\u03bd\u03af\u03b4\u03b1 \u03a0\u03ac\u03b3\u03ba\u03bf\u03b9 \u0394\u03ac\u03c0\u03b5\u03b4\u03b1 \u03a0\u03cc\u03c1\u03c4\u03b5\u03c2\",\"isPartOf\":{\"@id\":\"https:\\\/\\\/alfawood.gr\\\/#website\"},\"primaryImageOfPage\":{\"@id\":\"https:\\\/\\\/alfawood.gr\\\/product\\\/2664-grey-brown-rovere-alto\\\/#primaryimage\"},\"image\":{\"@id\":\"https:\\\/\\\/alfawood.gr\\\/product\\\/2664-grey-brown-rovere-alto\\\/#primaryimage\"},\"thumbnailUrl\":\"https:\\\/\\\/alfawood.gr\\\/wp-content\\\/uploads\\\/2023\\\/10\\\/2664-Grey-Brown-Rovere-1.jpg\",\"datePublished\":\"2023-10-05T09:43:35+00:00\",\"dateModified\":\"2025-02-13T11:38:24+00:00\",\"breadcrumb\":{\"@id\":\"https:\\\/\\\/alfawood.gr\\\/product\\\/2664-grey-brown-rovere-alto\\\/#breadcrumb\"},\"inLanguage\":\"fr-FR\",\"potentialAction\":[{\"@type\":\"ReadAction\",\"target\":[\"https:\\\/\\\/alfawood.gr\\\/product\\\/2664-grey-brown-rovere-alto\\\/\"]}]},{\"@type\":\"ImageObject\",\"inLanguage\":\"fr-FR\",\"@id\":\"https:\\\/\\\/alfawood.gr\\\/product\\\/2664-grey-brown-rovere-alto\\\/#primaryimage\",\"url\":\"https:\\\/\\\/alfawood.gr\\\/wp-content\\\/uploads\\\/2023\\\/10\\\/2664-Grey-Brown-Rovere-1.jpg\",\"contentUrl\":\"https:\\\/\\\/alfawood.gr\\\/wp-content\\\/uploads\\\/2023\\\/10\\\/2664-Grey-Brown-Rovere-1.jpg\",\"width\":1457,\"height\":2000,\"caption\":\"2664-Grey-Brown-Rovere SYNCHRO MELAMINE\"},{\"@type\":\"BreadcrumbList\",\"@id\":\"https:\\\/\\\/alfawood.gr\\\/product\\\/2664-grey-brown-rovere-alto\\\/#breadcrumb\",\"itemListElement\":[{\"@type\":\"ListItem\",\"position\":1,\"name\":\"Home\",\"item\":\"https:\\\/\\\/alfawood.gr\\\/\"},{\"@type\":\"ListItem\",\"position\":2,\"name\":\"\u03a0\u03c1\u03bf\u03ca\u03cc\u03bd\u03c4\u03b1\",\"item\":\"https:\\\/\\\/alfawood.gr\\\/proionta-wood\\\/\"},{\"@type\":\"ListItem\",\"position\":3,\"name\":\"Alfa Surfaces\",\"item\":\"https:\\\/\\\/alfawood.gr\\\/category\\\/alfa-surfaces\\\/\"},{\"@type\":\"ListItem\",\"position\":4,\"name\":\"\u0395\u03c0\u03b9\u03c6\u03ac\u03bd\u03b5\u03b9\u03b5\u03c2 \u039c\u03b5\u03bb\u03b1\u03bc\u03af\u03bd\u03b7\u03c2\",\"item\":\"https:\\\/\\\/alfawood.gr\\\/category\\\/alfa-surfaces\\\/melamines\\\/\"},{\"@type\":\"ListItem\",\"position\":5,\"name\":\"Silva Collection\",\"item\":\"https:\\\/\\\/alfawood.gr\\\/category\\\/alfa-surfaces\\\/melamines\\\/silva-synchro\\\/\"},{\"@type\":\"ListItem\",\"position\":6,\"name\":\"Alto Rovere\",\"item\":\"https:\\\/\\\/alfawood.gr\\\/category\\\/alfa-surfaces\\\/melamines\\\/silva-synchro\\\/alto-rovere\\\/\"},{\"@type\":\"ListItem\",\"position\":7,\"name\":\"2664 Grey Brown Rovere &#8211; Alto\"}]},{\"@type\":\"WebSite\",\"@id\":\"https:\\\/\\\/alfawood.gr\\\/#website\",\"url\":\"https:\\\/\\\/alfawood.gr\\\/\",\"name\":\"\u0395\u03c0\u03b9\u03c6\u03ac\u03bd\u03b5\u03b9\u03b5\u03c2 \u039c\u03b5\u03bb\u03b1\u03bc\u03af\u03bd\u03b7\u03c2 MDF \u039c\u03bf\u03c1\u03b9\u03bf\u03c3\u03b1\u03bd\u03af\u03b4\u03b1 \u03a0\u03ac\u03b3\u03ba\u03bf\u03b9 \u0394\u03ac\u03c0\u03b5\u03b4\u03b1 \u03a0\u03cc\u03c1\u03c4\u03b5\u03c2\",\"description\":\"\u0392\u03b9\u03bf\u03bc\u03b7\u03c7\u03b1\u03bd\u03af\u03b1 \u039e\u03cd\u03bb\u03bf\u03c5 Alfa Wood Group\",\"publisher\":{\"@id\":\"https:\\\/\\\/alfawood.gr\\\/#organization\"},\"alternateName\":\"Melamines - MDF - Laminate - Worktops\",\"potentialAction\":[{\"@type\":\"SearchAction\",\"target\":{\"@type\":\"EntryPoint\",\"urlTemplate\":\"https:\\\/\\\/alfawood.gr\\\/?s={search_term_string}\"},\"query-input\":{\"@type\":\"PropertyValueSpecification\",\"valueRequired\":true,\"valueName\":\"search_term_string\"}}],\"inLanguage\":\"fr-FR\"},{\"@type\":\"Organization\",\"@id\":\"https:\\\/\\\/alfawood.gr\\\/#organization\",\"name\":\"Alfa Wood Group\",\"url\":\"https:\\\/\\\/alfawood.gr\\\/\",\"logo\":{\"@type\":\"ImageObject\",\"inLanguage\":\"fr-FR\",\"@id\":\"https:\\\/\\\/alfawood.gr\\\/#\\\/schema\\\/logo\\\/image\\\/\",\"url\":\"https:\\\/\\\/alfawood.gr\\\/wp-content\\\/uploads\\\/2023\\\/02\\\/alfa-wood-logo-1.svg\",\"contentUrl\":\"https:\\\/\\\/alfawood.gr\\\/wp-content\\\/uploads\\\/2023\\\/02\\\/alfa-wood-logo-1.svg\",\"width\":305,\"height\":195,\"caption\":\"Alfa Wood Group\"},\"image\":{\"@id\":\"https:\\\/\\\/alfawood.gr\\\/#\\\/schema\\\/logo\\\/image\\\/\"},\"sameAs\":[\"https:\\\/\\\/www.facebook.com\\\/alfawood.group\",\"https:\\\/\\\/x.com\\\/ALFAWOODGROUP\",\"https:\\\/\\\/www.instagram.com\\\/alfawood.group\",\"https:\\\/\\\/www.youtube.com\\\/@alfawoodgroup\",\"https:\\\/\\\/www.tiktok.com\\\/@alfawood.group\",\"https:\\\/\\\/vimeo.com\\\/alfawood\",\"https:\\\/\\\/www.linkedin.com\\\/company\\\/alfawoodgroup\",\"https:\\\/\\\/www.pinterest.com\\\/alfawoodgroup\\\/\"]}]}<\/script>\n<!-- \/ Yoast SEO Premium plugin. -->","yoast_head_json":{"title":"2664 Grey Brown Rovere - Alto - \u0395\u03c0\u03b9\u03c6\u03ac\u03bd\u03b5\u03b9\u03b5\u03c2 \u039c\u03b5\u03bb\u03b1\u03bc\u03af\u03bd\u03b7\u03c2 MDF \u039c\u03bf\u03c1\u03b9\u03bf\u03c3\u03b1\u03bd\u03af\u03b4\u03b1 \u03a0\u03ac\u03b3\u03ba\u03bf\u03b9 \u0394\u03ac\u03c0\u03b5\u03b4\u03b1 \u03a0\u03cc\u03c1\u03c4\u03b5\u03c2","robots":{"index":"index","follow":"follow","max-snippet":"max-snippet:-1","max-image-preview":"max-image-preview:large","max-video-preview":"max-video-preview:-1"},"canonical":"https:\/\/alfawood.gr\/fr\/product\/2664-grey-brown-rovere-alto","og_locale":"fr_FR","og_type":"article","og_title":"2664 Grey Brown Rovere - Alto","og_description":"\u0397 \u03b5\u03c0\u03b9\u03c6\u03ac\u03bd\u03b5\u03b9\u03b1 \u03bc\u03b5\u03bb\u03b1\u03bc\u03af\u03bd\u03b7\u03c2 2664 Grey Brown Rovere - Alto \u03c3\u03b5 \u03c3\u03ba\u03bf\u03cd\u03c1\u03b1 \u03ba\u03b1\u03c6\u03ad \u03b1\u03c0\u03cc\u03c7\u03c1\u03c9\u03c3\u03b7, \u03b5\u03af\u03bd\u03b1\u03b9 \u03bc\u03b9\u03b1 \u03ba\u03b1\u03b9\u03bd\u03bf\u03c4\u03cc\u03bc\u03b1 \u03b4\u03b9\u03b1\u03ba\u03bf\u03c3\u03bc\u03b7\u03c4\u03b9\u03ba\u03ae \u03b5\u03c0\u03b9\u03c6\u03ac\u03bd\u03b5\u03b9\u03b1 \u03bc\u03b5 \u03ad\u03bd\u03c4\u03bf\u03bd\u03b5\u03c2 \u03bc\u03bf\u03c1\u03c6\u03ad\u03c2 \u03b5\u03c3\u03bf\u03c7\u03ce\u03bd \u03c4\u03bf\u03c5 \u03ae\u03c0\u03b9\u03bf\u03c5 \u03b4\u03c1\u03cd\u03b9\u03bd\u03bf\u03c5 \u03c3\u03c7\u03b5\u03b4\u03af\u03bf\u03c5 \u03c0\u03bf\u03c5 \u03b1\u03ba\u03bf\u03bb\u03bf\u03c5\u03b8\u03b5\u03af \u03bc\u03b5 \u03b1\u03ba\u03c1\u03af\u03b2\u03b5\u03b9\u03b1 \u03c4\u03b7\u03bd \u03b5\u03c0\u03b9\u03c6\u03ac\u03bd\u03b5\u03b9\u03b1 \u03c4\u03bf\u03c5 \u03be\u03cd\u03bb\u03bf\u03c5.","og_url":"https:\/\/alfawood.gr\/fr\/product\/2664-grey-brown-rovere-alto","og_site_name":"\u0395\u03c0\u03b9\u03c6\u03ac\u03bd\u03b5\u03b9\u03b5\u03c2 \u039c\u03b5\u03bb\u03b1\u03bc\u03af\u03bd\u03b7\u03c2 MDF \u039c\u03bf\u03c1\u03b9\u03bf\u03c3\u03b1\u03bd\u03af\u03b4\u03b1 \u03a0\u03ac\u03b3\u03ba\u03bf\u03b9 \u0394\u03ac\u03c0\u03b5\u03b4\u03b1 \u03a0\u03cc\u03c1\u03c4\u03b5\u03c2","article_publisher":"https:\/\/www.facebook.com\/alfawood.group","article_modified_time":"2025-02-13T11:38:24+00:00","og_image":[{"width":1457,"height":2000,"url":"https:\/\/alfawood.gr\/wp-content\/uploads\/2023\/10\/2664-Grey-Brown-Rovere-1.jpg","type":"image\/jpeg"}],"twitter_card":"summary_large_image","twitter_site":"@ALFAWOODGROUP","twitter_misc":{"Dur\u00e9e de lecture estim\u00e9e":"1 minute"},"schema":{"@context":"https:\/\/schema.org","@graph":[{"@type":"WebPage","@id":"https:\/\/alfawood.gr\/product\/2664-grey-brown-rovere-alto\/","url":"https:\/\/alfawood.gr\/product\/2664-grey-brown-rovere-alto\/","name":"2664 Grey Brown Rovere - Alto - \u0395\u03c0\u03b9\u03c6\u03ac\u03bd\u03b5\u03b9\u03b5\u03c2 \u039c\u03b5\u03bb\u03b1\u03bc\u03af\u03bd\u03b7\u03c2 MDF \u039c\u03bf\u03c1\u03b9\u03bf\u03c3\u03b1\u03bd\u03af\u03b4\u03b1 \u03a0\u03ac\u03b3\u03ba\u03bf\u03b9 \u0394\u03ac\u03c0\u03b5\u03b4\u03b1 \u03a0\u03cc\u03c1\u03c4\u03b5\u03c2","isPartOf":{"@id":"https:\/\/alfawood.gr\/#website"},"primaryImageOfPage":{"@id":"https:\/\/alfawood.gr\/product\/2664-grey-brown-rovere-alto\/#primaryimage"},"image":{"@id":"https:\/\/alfawood.gr\/product\/2664-grey-brown-rovere-alto\/#primaryimage"},"thumbnailUrl":"https:\/\/alfawood.gr\/wp-content\/uploads\/2023\/10\/2664-Grey-Brown-Rovere-1.jpg","datePublished":"2023-10-05T09:43:35+00:00","dateModified":"2025-02-13T11:38:24+00:00","breadcrumb":{"@id":"https:\/\/alfawood.gr\/product\/2664-grey-brown-rovere-alto\/#breadcrumb"},"inLanguage":"fr-FR","potentialAction":[{"@type":"ReadAction","target":["https:\/\/alfawood.gr\/product\/2664-grey-brown-rovere-alto\/"]}]},{"@type":"ImageObject","inLanguage":"fr-FR","@id":"https:\/\/alfawood.gr\/product\/2664-grey-brown-rovere-alto\/#primaryimage","url":"https:\/\/alfawood.gr\/wp-content\/uploads\/2023\/10\/2664-Grey-Brown-Rovere-1.jpg","contentUrl":"https:\/\/alfawood.gr\/wp-content\/uploads\/2023\/10\/2664-Grey-Brown-Rovere-1.jpg","width":1457,"height":2000,"caption":"2664-Grey-Brown-Rovere SYNCHRO MELAMINE"},{"@type":"BreadcrumbList","@id":"https:\/\/alfawood.gr\/product\/2664-grey-brown-rovere-alto\/#breadcrumb","itemListElement":[{"@type":"ListItem","position":1,"name":"Home","item":"https:\/\/alfawood.gr\/"},{"@type":"ListItem","position":2,"name":"\u03a0\u03c1\u03bf\u03ca\u03cc\u03bd\u03c4\u03b1","item":"https:\/\/alfawood.gr\/proionta-wood\/"},{"@type":"ListItem","position":3,"name":"Alfa Surfaces","item":"https:\/\/alfawood.gr\/category\/alfa-surfaces\/"},{"@type":"ListItem","position":4,"name":"\u0395\u03c0\u03b9\u03c6\u03ac\u03bd\u03b5\u03b9\u03b5\u03c2 \u039c\u03b5\u03bb\u03b1\u03bc\u03af\u03bd\u03b7\u03c2","item":"https:\/\/alfawood.gr\/category\/alfa-surfaces\/melamines\/"},{"@type":"ListItem","position":5,"name":"Silva Collection","item":"https:\/\/alfawood.gr\/category\/alfa-surfaces\/melamines\/silva-synchro\/"},{"@type":"ListItem","position":6,"name":"Alto Rovere","item":"https:\/\/alfawood.gr\/category\/alfa-surfaces\/melamines\/silva-synchro\/alto-rovere\/"},{"@type":"ListItem","position":7,"name":"2664 Grey Brown Rovere &#8211; Alto"}]},{"@type":"WebSite","@id":"https:\/\/alfawood.gr\/#website","url":"https:\/\/alfawood.gr\/","name":"Surfaces en m\u00e9lamine Comptoirs en panneaux de particules MDF Planchers Portes","description":"Alfa Wood Group Industrie du bois","publisher":{"@id":"https:\/\/alfawood.gr\/#organization"},"alternateName":"Melamines - MDF - Laminate - Worktops","potentialAction":[{"@type":"SearchAction","target":{"@type":"EntryPoint","urlTemplate":"https:\/\/alfawood.gr\/?s={search_term_string}"},"query-input":{"@type":"PropertyValueSpecification","valueRequired":true,"valueName":"search_term_string"}}],"inLanguage":"fr-FR"},{"@type":"Organization","@id":"https:\/\/alfawood.gr\/#organization","name":"Groupe Alfa Bois","url":"https:\/\/alfawood.gr\/","logo":{"@type":"ImageObject","inLanguage":"fr-FR","@id":"https:\/\/alfawood.gr\/#\/schema\/logo\/image\/","url":"https:\/\/alfawood.gr\/wp-content\/uploads\/2023\/02\/alfa-wood-logo-1.svg","contentUrl":"https:\/\/alfawood.gr\/wp-content\/uploads\/2023\/02\/alfa-wood-logo-1.svg","width":305,"height":195,"caption":"Alfa Wood Group"},"image":{"@id":"https:\/\/alfawood.gr\/#\/schema\/logo\/image\/"},"sameAs":["https:\/\/www.facebook.com\/alfawood.group","https:\/\/x.com\/ALFAWOODGROUP","https:\/\/www.instagram.com\/alfawood.group","https:\/\/www.youtube.com\/@alfawoodgroup","https:\/\/www.tiktok.com\/@alfawood.group","https:\/\/vimeo.com\/alfawood","https:\/\/www.linkedin.com\/company\/alfawoodgroup","https:\/\/www.pinterest.com\/alfawoodgroup\/"]}]}},"_links":{"self":[{"href":"https:\/\/alfawood.gr\/fr\/wp-json\/wp\/v2\/product\/24809","targetHints":{"allow":["GET"]}}],"collection":[{"href":"https:\/\/alfawood.gr\/fr\/wp-json\/wp\/v2\/product"}],"about":[{"href":"https:\/\/alfawood.gr\/fr\/wp-json\/wp\/v2\/types\/product"}],"version-history":[{"count":0,"href":"https:\/\/alfawood.gr\/fr\/wp-json\/wp\/v2\/product\/24809\/revisions"}],"wp:featuredmedia":[{"embeddable":true,"href":"https:\/\/alfawood.gr\/fr\/wp-json\/wp\/v2\/media\/25791"}],"wp:attachment":[{"href":"https:\/\/alfawood.gr\/fr\/wp-json\/wp\/v2\/media?parent=24809"}],"wp:term":[{"taxonomy":"product_brand","embeddable":true,"href":"https:\/\/alfawood.gr\/fr\/wp-json\/wp\/v2\/product_brand?post=24809"},{"taxonomy":"product_cat","embeddable":true,"href":"https:\/\/alfawood.gr\/fr\/wp-json\/wp\/v2\/product_cat?post=24809"},{"taxonomy":"product_tag","embeddable":true,"href":"https:\/\/alfawood.gr\/fr\/wp-json\/wp\/v2\/product_tag?post=24809"}],"curies":[{"name":"wp","href":"https:\/\/api.w.org\/{rel}","templated":true}]}}