{"id":25699,"date":"2024-05-25T19:02:34","date_gmt":"2024-05-25T17:02:34","guid":{"rendered":"https:\/\/alfawood.gr\/?post_type=product&#038;p=25699"},"modified":"2024-11-08T10:51:46","modified_gmt":"2024-11-08T08:51:46","slug":"no-95-pyramid-wall-cladding-veneer","status":"publish","type":"product","link":"https:\/\/alfawood.gr\/fr\/product\/no-95-pyramid-wall-cladding-veneer\/","title":{"rendered":"N\u00b0 95 \u2013 Pyramide | Placage de rev\u00eatement mural"},"content":{"rendered":"<p class=\"translation-block\">Le rev\u00eatement <strong>mural<\/strong> plaqu\u00e9 Pyramide n\u00b0 95 d&#039;Alfa Wood Group est la solution id\u00e9ale pour sublimer, r\u00e9nover et cr\u00e9er une esth\u00e9tique remarquable dans les espaces domestiques et professionnels. Ce nouveau produit est compos\u00e9 de MDF hydrofuge recouvert d&#039;un placage en ch\u00eane naturel. Le profil n\u00b0 95 pr\u00e9sente une forme triangulaire. Ce motif triangulaire r\u00e9p\u00e9titif est parfait pour habiller murs, plafonds, \u00e9l\u00e9ments de mobilier et m\u00eame des pi\u00e8ces enti\u00e8res. Le choix d&#039;un profil triangulaire \u00e9quilat\u00e9ral et son d\u00e9ploiement en trois dimensions \u00e9voquent la dimension humaine, l&#039;\u00e9nergie et l&#039;intensit\u00e9.<\/p>\n<p>Les rev\u00eatements muraux constituent une solution de d\u00e9coration int\u00e9rieure polyvalente et attrayante qui peut transformer n\u2019importe quelle pi\u00e8ce en un espace chaleureux et accueillant. Il s&#039;agit d&#039;une solution classique pour r\u00e9nover votre espace, qui \u00e9voque une atmosph\u00e8re de luxe et une touche romantique, mais qui va \u00e9galement de pair avec les exigences modernes de la culture architecturale et du style de vie.<\/p>\n<p><strong>Surface\u00a0: Placage<\/strong><br \/>\n<strong>Dimensions: <\/strong><strong>Profil\u00e9 n\u00b0 95 3050 x 55 x 25 mm<\/strong><\/p>\n<p>Le produit est fourni non peint<\/p>\n<p>Avantages du rev\u00eatement mural :<\/p>\n<ul>\n<li>Offre flexibilit\u00e9 et placement rapide.<\/li>\n<li>C&#039;est une option \u00e9conomique pour r\u00e9nover votre espace.<\/li>\n<li>Elle est r\u00e9sistante.<\/li>\n<li>Il s&#039;entretient facilement.<\/li>\n<li>Il peut \u00eatre personnalis\u00e9 pour s\u2019adapter \u00e0 n\u2019importe quel style de d\u00e9coration.<\/li>\n<\/ul>","protected":false},"excerpt":{"rendered":"<p class=\"translation-block\">Le <strong>rev\u00eatement mural en placage Cube No 99 - No100<\/strong> reproduit fid\u00e8lement l&#039;apparence et le toucher du bois dans une teinte naturelle de l&#039;essence foresti\u00e8re Ch\u00eane - Ch\u00eane. Il offre un aspect naturel id\u00e9al pour recouvrir les murs, les plafonds, les \u00e9l\u00e9ments de mobilier et m\u00eame des pi\u00e8ces enti\u00e8res. Le choix de chaque forme de profil doit \u00e9mouvoir esth\u00e9tiquement le spectateur.<\/p>","protected":false},"featured_media":25700,"template":"","meta":{"_acf_changed":false,"inline_featured_image":false,"cybocfi_hide_featured_image":""},"product_brand":[],"product_cat":[847,861,860],"product_tag":[],"class_list":{"0":"post-25699","1":"product","2":"type-product","3":"status-publish","4":"has-post-thumbnail","6":"product_cat-diakosmiseis-toixon-ksylo","7":"product_cat-ependusi-toixou","8":"product_cat-wall-claading-veneer","10":"first","11":"instock","12":"product-type-simple"},"acf":[],"yoast_head":"<!-- This site is optimized with the Yoast SEO Premium plugin v27.3 (Yoast SEO v27.3) - https:\/\/yoast.com\/product\/yoast-seo-premium-wordpress\/ -->\n<title>No 95 \u2013 Pyramid | Wall Cladding Veneer - \u0395\u03c0\u03b9\u03c6\u03ac\u03bd\u03b5\u03b9\u03b5\u03c2 \u039c\u03b5\u03bb\u03b1\u03bc\u03af\u03bd\u03b7\u03c2 MDF \u039c\u03bf\u03c1\u03b9\u03bf\u03c3\u03b1\u03bd\u03af\u03b4\u03b1 \u03a0\u03ac\u03b3\u03ba\u03bf\u03b9 \u0394\u03ac\u03c0\u03b5\u03b4\u03b1 \u03a0\u03cc\u03c1\u03c4\u03b5\u03c2<\/title>\n<meta name=\"robots\" content=\"index, follow, max-snippet:-1, max-image-preview:large, max-video-preview:-1\" \/>\n<link rel=\"canonical\" href=\"https:\/\/alfawood.gr\/fr\/product\/no-95-pyramid-wall-cladding-veneer\" \/>\n<meta property=\"og:locale\" content=\"fr_FR\" \/>\n<meta property=\"og:type\" content=\"article\" \/>\n<meta property=\"og:title\" content=\"No 95 \u2013 Pyramid | Wall Cladding Veneer\" \/>\n<meta property=\"og:description\" content=\"\u0397 \u03b5\u03c0\u03ad\u03bd\u03b4\u03c5\u03c3\u03b7 \u03c4\u03bf\u03af\u03c7\u03bf\u03c5 Veneer Wall Cladding Pyramid No 95, \u03b1\u03bd\u03b1\u03c0\u03b1\u03c1\u03ac\u03b3\u03b5\u03b9 \u03bc\u03b5 \u03b1\u03ba\u03c1\u03af\u03b2\u03b5\u03b9\u03b1 \u03c4\u03b7\u03bd \u03b5\u03bc\u03c6\u03ac\u03bd\u03b9\u03c3\u03b7 \u03ba\u03b1\u03b9 \u03c4\u03b7\u03bd \u03b1\u03af\u03c3\u03b8\u03b7\u03c3\u03b7 \u03c4\u03bf\u03c5 \u03be\u03cd\u03bb\u03bf\u03c5 \u03c3\u03b5 \u03c6\u03c5\u03c3\u03b9\u03ba\u03ae \u03b1\u03c0\u03cc\u03c7\u03c1\u03c9\u03c3\u03b7 \u03c4\u03bf\u03c5 \u03b4\u03b1\u03c3\u03bf\u03c0\u03bf\u03bd\u03b9\u03ba\u03bf\u03cd \u03b5\u03af\u03b4\u03bf\u03c2 \u03be\u03cd\u03bb\u03bf\u03c5 \u0394\u03c1\u03c5\u03c2 - \u0392\u03b5\u03bb\u03b1\u03bd\u03b9\u03b4\u03b9\u03ac. \u03a0\u03c1\u03bf\u03c3\u03c6\u03ad\u03c1\u03b5\u03b9 \u03bc\u03b9\u03b1 \u03c6\u03c5\u03c3\u03b9\u03ba\u03ae \u03b5\u03bc\u03c6\u03ac\u03bd\u03b9\u03c3\u03b7 \u03c0\u03bf\u03c5 \u03b5\u03af\u03bd\u03b1\u03b9 \u03b9\u03b4\u03b1\u03bd\u03b9\u03ba\u03ae \u03b3\u03b9\u03b1 \u03c4\u03b7\u03bd \u03b5\u03c0\u03ad\u03bd\u03b4\u03c5\u03c3\u03b7 \u03c4\u03bf\u03af\u03c7\u03c9\u03bd, \u03bf\u03c1\u03bf\u03c6\u03ae\u03c2, \u03c3\u03c4\u03bf\u03b9\u03c7\u03b5\u03af\u03c9\u03bd \u03b5\u03c0\u03af\u03c0\u03bb\u03c9\u03bd \u03b1\u03ba\u03cc\u03bc\u03b1 \u03ba\u03b1\u03b9 \u03bf\u03bb\u03cc\u03ba\u03bb\u03b7\u03c1\u03c9\u03bd \u03b4\u03c9\u03bc\u03b1\u03c4\u03af\u03c9\u03bd. \u0397 \u03b5\u03c0\u03b9\u03bb\u03bf\u03b3\u03ae \u03c4\u03b7\u03c2 \u03ba\u03ac\u03b8\u03b5 \u03bc\u03bf\u03c1\u03c6\u03ae\u03c2 \u03c0\u03c1\u03bf\u03c6\u03af\u03bb, \u03bf\u03c6\u03b5\u03af\u03bb\u03b5\u03b9 \u03bd\u03b1 \u03c3\u03c5\u03b3\u03ba\u03b9\u03bd\u03b5\u03af \u03b1\u03b9\u03c3\u03b8\u03b7\u03c4\u03b9\u03ba\u03ac \u03c4\u03bf\u03bd \u03b8\u03b5\u03b1\u03c4\u03ae.\" \/>\n<meta property=\"og:url\" content=\"https:\/\/alfawood.gr\/fr\/product\/no-95-pyramid-wall-cladding-veneer\" \/>\n<meta property=\"og:site_name\" content=\"\u0395\u03c0\u03b9\u03c6\u03ac\u03bd\u03b5\u03b9\u03b5\u03c2 \u039c\u03b5\u03bb\u03b1\u03bc\u03af\u03bd\u03b7\u03c2 MDF \u039c\u03bf\u03c1\u03b9\u03bf\u03c3\u03b1\u03bd\u03af\u03b4\u03b1 \u03a0\u03ac\u03b3\u03ba\u03bf\u03b9 \u0394\u03ac\u03c0\u03b5\u03b4\u03b1 \u03a0\u03cc\u03c1\u03c4\u03b5\u03c2\" \/>\n<meta property=\"article:publisher\" content=\"https:\/\/www.facebook.com\/alfawood.group\" \/>\n<meta property=\"article:modified_time\" content=\"2024-11-08T08:51:46+00:00\" \/>\n<meta property=\"og:image\" content=\"https:\/\/alfawood.gr\/wp-content\/uploads\/2024\/05\/Pyramid-veneer-wall-cladding.jpg\" \/>\n\t<meta property=\"og:image:width\" content=\"947\" \/>\n\t<meta property=\"og:image:height\" content=\"1300\" \/>\n\t<meta property=\"og:image:type\" content=\"image\/jpeg\" \/>\n<meta name=\"twitter:card\" content=\"summary_large_image\" \/>\n<meta name=\"twitter:site\" content=\"@ALFAWOODGROUP\" \/>\n<meta name=\"twitter:label1\" content=\"Dur\u00e9e de lecture estim\u00e9e\" \/>\n\t<meta name=\"twitter:data1\" content=\"2 minutes\" \/>\n<script type=\"application\/ld+json\" class=\"yoast-schema-graph\">{\"@context\":\"https:\\\/\\\/schema.org\",\"@graph\":[{\"@type\":\"WebPage\",\"@id\":\"https:\\\/\\\/alfawood.gr\\\/en\\\/product\\\/no-95-pyramid-wall-cladding-veneer\\\/\",\"url\":\"https:\\\/\\\/alfawood.gr\\\/en\\\/product\\\/no-95-pyramid-wall-cladding-veneer\\\/\",\"name\":\"No 95 \u2013 Pyramid | Wall Cladding Veneer - \u0395\u03c0\u03b9\u03c6\u03ac\u03bd\u03b5\u03b9\u03b5\u03c2 \u039c\u03b5\u03bb\u03b1\u03bc\u03af\u03bd\u03b7\u03c2 MDF \u039c\u03bf\u03c1\u03b9\u03bf\u03c3\u03b1\u03bd\u03af\u03b4\u03b1 \u03a0\u03ac\u03b3\u03ba\u03bf\u03b9 \u0394\u03ac\u03c0\u03b5\u03b4\u03b1 \u03a0\u03cc\u03c1\u03c4\u03b5\u03c2\",\"isPartOf\":{\"@id\":\"https:\\\/\\\/alfawood.gr\\\/#website\"},\"primaryImageOfPage\":{\"@id\":\"https:\\\/\\\/alfawood.gr\\\/en\\\/product\\\/no-95-pyramid-wall-cladding-veneer\\\/#primaryimage\"},\"image\":{\"@id\":\"https:\\\/\\\/alfawood.gr\\\/en\\\/product\\\/no-95-pyramid-wall-cladding-veneer\\\/#primaryimage\"},\"thumbnailUrl\":\"https:\\\/\\\/alfawood.gr\\\/wp-content\\\/uploads\\\/2024\\\/05\\\/Pyramid-veneer-wall-cladding.jpg\",\"datePublished\":\"2024-05-25T17:02:34+00:00\",\"dateModified\":\"2024-11-08T08:51:46+00:00\",\"breadcrumb\":{\"@id\":\"https:\\\/\\\/alfawood.gr\\\/en\\\/product\\\/no-95-pyramid-wall-cladding-veneer\\\/#breadcrumb\"},\"inLanguage\":\"fr-FR\",\"potentialAction\":[{\"@type\":\"ReadAction\",\"target\":[\"https:\\\/\\\/alfawood.gr\\\/en\\\/product\\\/no-95-pyramid-wall-cladding-veneer\\\/\"]}]},{\"@type\":\"ImageObject\",\"inLanguage\":\"fr-FR\",\"@id\":\"https:\\\/\\\/alfawood.gr\\\/en\\\/product\\\/no-95-pyramid-wall-cladding-veneer\\\/#primaryimage\",\"url\":\"https:\\\/\\\/alfawood.gr\\\/wp-content\\\/uploads\\\/2024\\\/05\\\/Pyramid-veneer-wall-cladding.jpg\",\"contentUrl\":\"https:\\\/\\\/alfawood.gr\\\/wp-content\\\/uploads\\\/2024\\\/05\\\/Pyramid-veneer-wall-cladding.jpg\",\"width\":947,\"height\":1300,\"caption\":\"Pyramid- veneer wall cladding\"},{\"@type\":\"BreadcrumbList\",\"@id\":\"https:\\\/\\\/alfawood.gr\\\/en\\\/product\\\/no-95-pyramid-wall-cladding-veneer\\\/#breadcrumb\",\"itemListElement\":[{\"@type\":\"ListItem\",\"position\":1,\"name\":\"Home\",\"item\":\"https:\\\/\\\/alfawood.gr\\\/\"},{\"@type\":\"ListItem\",\"position\":2,\"name\":\"\u03a0\u03c1\u03bf\u03ca\u03cc\u03bd\u03c4\u03b1\",\"item\":\"https:\\\/\\\/alfawood.gr\\\/proionta-wood\\\/\"},{\"@type\":\"ListItem\",\"position\":3,\"name\":\"\u0394\u03b9\u03b1\u03ba\u03cc\u03c3\u03bc\u03b7\u03c3\u03b7 \u03a4\u03bf\u03af\u03c7\u03bf\u03c5\",\"item\":\"https:\\\/\\\/alfawood.gr\\\/category\\\/diakosmiseis-toixon-ksylo\\\/\"},{\"@type\":\"ListItem\",\"position\":4,\"name\":\"No 95 \u2013 Pyramid | Wall Cladding Veneer\"}]},{\"@type\":\"WebSite\",\"@id\":\"https:\\\/\\\/alfawood.gr\\\/#website\",\"url\":\"https:\\\/\\\/alfawood.gr\\\/\",\"name\":\"\u0395\u03c0\u03b9\u03c6\u03ac\u03bd\u03b5\u03b9\u03b5\u03c2 \u039c\u03b5\u03bb\u03b1\u03bc\u03af\u03bd\u03b7\u03c2 MDF \u039c\u03bf\u03c1\u03b9\u03bf\u03c3\u03b1\u03bd\u03af\u03b4\u03b1 \u03a0\u03ac\u03b3\u03ba\u03bf\u03b9 \u0394\u03ac\u03c0\u03b5\u03b4\u03b1 \u03a0\u03cc\u03c1\u03c4\u03b5\u03c2\",\"description\":\"\u0392\u03b9\u03bf\u03bc\u03b7\u03c7\u03b1\u03bd\u03af\u03b1 \u039e\u03cd\u03bb\u03bf\u03c5 Alfa Wood Group\",\"publisher\":{\"@id\":\"https:\\\/\\\/alfawood.gr\\\/#organization\"},\"alternateName\":\"Melamines - MDF - Laminate - Worktops\",\"potentialAction\":[{\"@type\":\"SearchAction\",\"target\":{\"@type\":\"EntryPoint\",\"urlTemplate\":\"https:\\\/\\\/alfawood.gr\\\/?s={search_term_string}\"},\"query-input\":{\"@type\":\"PropertyValueSpecification\",\"valueRequired\":true,\"valueName\":\"search_term_string\"}}],\"inLanguage\":\"fr-FR\"},{\"@type\":\"Organization\",\"@id\":\"https:\\\/\\\/alfawood.gr\\\/#organization\",\"name\":\"Alfa Wood Group\",\"url\":\"https:\\\/\\\/alfawood.gr\\\/\",\"logo\":{\"@type\":\"ImageObject\",\"inLanguage\":\"fr-FR\",\"@id\":\"https:\\\/\\\/alfawood.gr\\\/#\\\/schema\\\/logo\\\/image\\\/\",\"url\":\"https:\\\/\\\/alfawood.gr\\\/wp-content\\\/uploads\\\/2023\\\/02\\\/alfa-wood-logo-1.svg\",\"contentUrl\":\"https:\\\/\\\/alfawood.gr\\\/wp-content\\\/uploads\\\/2023\\\/02\\\/alfa-wood-logo-1.svg\",\"width\":305,\"height\":195,\"caption\":\"Alfa Wood Group\"},\"image\":{\"@id\":\"https:\\\/\\\/alfawood.gr\\\/#\\\/schema\\\/logo\\\/image\\\/\"},\"sameAs\":[\"https:\\\/\\\/www.facebook.com\\\/alfawood.group\",\"https:\\\/\\\/x.com\\\/ALFAWOODGROUP\",\"https:\\\/\\\/www.instagram.com\\\/alfawood.group\",\"https:\\\/\\\/www.youtube.com\\\/@alfawoodgroup\",\"https:\\\/\\\/www.tiktok.com\\\/@alfawood.group\",\"https:\\\/\\\/vimeo.com\\\/alfawood\",\"https:\\\/\\\/www.linkedin.com\\\/company\\\/alfawoodgroup\",\"https:\\\/\\\/www.pinterest.com\\\/alfawoodgroup\\\/\"]}]}<\/script>\n<!-- \/ Yoast SEO Premium plugin. -->","yoast_head_json":{"title":"No 95 \u2013 Pyramid | Wall Cladding Veneer - \u0395\u03c0\u03b9\u03c6\u03ac\u03bd\u03b5\u03b9\u03b5\u03c2 \u039c\u03b5\u03bb\u03b1\u03bc\u03af\u03bd\u03b7\u03c2 MDF \u039c\u03bf\u03c1\u03b9\u03bf\u03c3\u03b1\u03bd\u03af\u03b4\u03b1 \u03a0\u03ac\u03b3\u03ba\u03bf\u03b9 \u0394\u03ac\u03c0\u03b5\u03b4\u03b1 \u03a0\u03cc\u03c1\u03c4\u03b5\u03c2","robots":{"index":"index","follow":"follow","max-snippet":"max-snippet:-1","max-image-preview":"max-image-preview:large","max-video-preview":"max-video-preview:-1"},"canonical":"https:\/\/alfawood.gr\/fr\/product\/no-95-pyramid-wall-cladding-veneer","og_locale":"fr_FR","og_type":"article","og_title":"No 95 \u2013 Pyramid | Wall Cladding Veneer","og_description":"\u0397 \u03b5\u03c0\u03ad\u03bd\u03b4\u03c5\u03c3\u03b7 \u03c4\u03bf\u03af\u03c7\u03bf\u03c5 Veneer Wall Cladding Pyramid No 95, \u03b1\u03bd\u03b1\u03c0\u03b1\u03c1\u03ac\u03b3\u03b5\u03b9 \u03bc\u03b5 \u03b1\u03ba\u03c1\u03af\u03b2\u03b5\u03b9\u03b1 \u03c4\u03b7\u03bd \u03b5\u03bc\u03c6\u03ac\u03bd\u03b9\u03c3\u03b7 \u03ba\u03b1\u03b9 \u03c4\u03b7\u03bd \u03b1\u03af\u03c3\u03b8\u03b7\u03c3\u03b7 \u03c4\u03bf\u03c5 \u03be\u03cd\u03bb\u03bf\u03c5 \u03c3\u03b5 \u03c6\u03c5\u03c3\u03b9\u03ba\u03ae \u03b1\u03c0\u03cc\u03c7\u03c1\u03c9\u03c3\u03b7 \u03c4\u03bf\u03c5 \u03b4\u03b1\u03c3\u03bf\u03c0\u03bf\u03bd\u03b9\u03ba\u03bf\u03cd \u03b5\u03af\u03b4\u03bf\u03c2 \u03be\u03cd\u03bb\u03bf\u03c5 \u0394\u03c1\u03c5\u03c2 - \u0392\u03b5\u03bb\u03b1\u03bd\u03b9\u03b4\u03b9\u03ac. \u03a0\u03c1\u03bf\u03c3\u03c6\u03ad\u03c1\u03b5\u03b9 \u03bc\u03b9\u03b1 \u03c6\u03c5\u03c3\u03b9\u03ba\u03ae \u03b5\u03bc\u03c6\u03ac\u03bd\u03b9\u03c3\u03b7 \u03c0\u03bf\u03c5 \u03b5\u03af\u03bd\u03b1\u03b9 \u03b9\u03b4\u03b1\u03bd\u03b9\u03ba\u03ae \u03b3\u03b9\u03b1 \u03c4\u03b7\u03bd \u03b5\u03c0\u03ad\u03bd\u03b4\u03c5\u03c3\u03b7 \u03c4\u03bf\u03af\u03c7\u03c9\u03bd, \u03bf\u03c1\u03bf\u03c6\u03ae\u03c2, \u03c3\u03c4\u03bf\u03b9\u03c7\u03b5\u03af\u03c9\u03bd \u03b5\u03c0\u03af\u03c0\u03bb\u03c9\u03bd \u03b1\u03ba\u03cc\u03bc\u03b1 \u03ba\u03b1\u03b9 \u03bf\u03bb\u03cc\u03ba\u03bb\u03b7\u03c1\u03c9\u03bd \u03b4\u03c9\u03bc\u03b1\u03c4\u03af\u03c9\u03bd. \u0397 \u03b5\u03c0\u03b9\u03bb\u03bf\u03b3\u03ae \u03c4\u03b7\u03c2 \u03ba\u03ac\u03b8\u03b5 \u03bc\u03bf\u03c1\u03c6\u03ae\u03c2 \u03c0\u03c1\u03bf\u03c6\u03af\u03bb, \u03bf\u03c6\u03b5\u03af\u03bb\u03b5\u03b9 \u03bd\u03b1 \u03c3\u03c5\u03b3\u03ba\u03b9\u03bd\u03b5\u03af \u03b1\u03b9\u03c3\u03b8\u03b7\u03c4\u03b9\u03ba\u03ac \u03c4\u03bf\u03bd \u03b8\u03b5\u03b1\u03c4\u03ae.","og_url":"https:\/\/alfawood.gr\/fr\/product\/no-95-pyramid-wall-cladding-veneer","og_site_name":"\u0395\u03c0\u03b9\u03c6\u03ac\u03bd\u03b5\u03b9\u03b5\u03c2 \u039c\u03b5\u03bb\u03b1\u03bc\u03af\u03bd\u03b7\u03c2 MDF \u039c\u03bf\u03c1\u03b9\u03bf\u03c3\u03b1\u03bd\u03af\u03b4\u03b1 \u03a0\u03ac\u03b3\u03ba\u03bf\u03b9 \u0394\u03ac\u03c0\u03b5\u03b4\u03b1 \u03a0\u03cc\u03c1\u03c4\u03b5\u03c2","article_publisher":"https:\/\/www.facebook.com\/alfawood.group","article_modified_time":"2024-11-08T08:51:46+00:00","og_image":[{"width":947,"height":1300,"url":"https:\/\/alfawood.gr\/wp-content\/uploads\/2024\/05\/Pyramid-veneer-wall-cladding.jpg","type":"image\/jpeg"}],"twitter_card":"summary_large_image","twitter_site":"@ALFAWOODGROUP","twitter_misc":{"Dur\u00e9e de lecture estim\u00e9e":"2 minutes"},"schema":{"@context":"https:\/\/schema.org","@graph":[{"@type":"WebPage","@id":"https:\/\/alfawood.gr\/en\/product\/no-95-pyramid-wall-cladding-veneer\/","url":"https:\/\/alfawood.gr\/en\/product\/no-95-pyramid-wall-cladding-veneer\/","name":"No 95 \u2013 Pyramid | Wall Cladding Veneer - \u0395\u03c0\u03b9\u03c6\u03ac\u03bd\u03b5\u03b9\u03b5\u03c2 \u039c\u03b5\u03bb\u03b1\u03bc\u03af\u03bd\u03b7\u03c2 MDF \u039c\u03bf\u03c1\u03b9\u03bf\u03c3\u03b1\u03bd\u03af\u03b4\u03b1 \u03a0\u03ac\u03b3\u03ba\u03bf\u03b9 \u0394\u03ac\u03c0\u03b5\u03b4\u03b1 \u03a0\u03cc\u03c1\u03c4\u03b5\u03c2","isPartOf":{"@id":"https:\/\/alfawood.gr\/#website"},"primaryImageOfPage":{"@id":"https:\/\/alfawood.gr\/en\/product\/no-95-pyramid-wall-cladding-veneer\/#primaryimage"},"image":{"@id":"https:\/\/alfawood.gr\/en\/product\/no-95-pyramid-wall-cladding-veneer\/#primaryimage"},"thumbnailUrl":"https:\/\/alfawood.gr\/wp-content\/uploads\/2024\/05\/Pyramid-veneer-wall-cladding.jpg","datePublished":"2024-05-25T17:02:34+00:00","dateModified":"2024-11-08T08:51:46+00:00","breadcrumb":{"@id":"https:\/\/alfawood.gr\/en\/product\/no-95-pyramid-wall-cladding-veneer\/#breadcrumb"},"inLanguage":"fr-FR","potentialAction":[{"@type":"ReadAction","target":["https:\/\/alfawood.gr\/en\/product\/no-95-pyramid-wall-cladding-veneer\/"]}]},{"@type":"ImageObject","inLanguage":"fr-FR","@id":"https:\/\/alfawood.gr\/en\/product\/no-95-pyramid-wall-cladding-veneer\/#primaryimage","url":"https:\/\/alfawood.gr\/wp-content\/uploads\/2024\/05\/Pyramid-veneer-wall-cladding.jpg","contentUrl":"https:\/\/alfawood.gr\/wp-content\/uploads\/2024\/05\/Pyramid-veneer-wall-cladding.jpg","width":947,"height":1300,"caption":"Pyramid- veneer wall cladding"},{"@type":"BreadcrumbList","@id":"https:\/\/alfawood.gr\/en\/product\/no-95-pyramid-wall-cladding-veneer\/#breadcrumb","itemListElement":[{"@type":"ListItem","position":1,"name":"Home","item":"https:\/\/alfawood.gr\/"},{"@type":"ListItem","position":2,"name":"\u03a0\u03c1\u03bf\u03ca\u03cc\u03bd\u03c4\u03b1","item":"https:\/\/alfawood.gr\/proionta-wood\/"},{"@type":"ListItem","position":3,"name":"\u0394\u03b9\u03b1\u03ba\u03cc\u03c3\u03bc\u03b7\u03c3\u03b7 \u03a4\u03bf\u03af\u03c7\u03bf\u03c5","item":"https:\/\/alfawood.gr\/category\/diakosmiseis-toixon-ksylo\/"},{"@type":"ListItem","position":4,"name":"No 95 \u2013 Pyramid | Wall Cladding Veneer"}]},{"@type":"WebSite","@id":"https:\/\/alfawood.gr\/#website","url":"https:\/\/alfawood.gr\/","name":"Surfaces en m\u00e9lamine Comptoirs en panneaux de particules MDF Planchers Portes","description":"Alfa Wood Group Industrie du bois","publisher":{"@id":"https:\/\/alfawood.gr\/#organization"},"alternateName":"Melamines - MDF - Laminate - Worktops","potentialAction":[{"@type":"SearchAction","target":{"@type":"EntryPoint","urlTemplate":"https:\/\/alfawood.gr\/?s={search_term_string}"},"query-input":{"@type":"PropertyValueSpecification","valueRequired":true,"valueName":"search_term_string"}}],"inLanguage":"fr-FR"},{"@type":"Organization","@id":"https:\/\/alfawood.gr\/#organization","name":"Groupe Alfa Bois","url":"https:\/\/alfawood.gr\/","logo":{"@type":"ImageObject","inLanguage":"fr-FR","@id":"https:\/\/alfawood.gr\/#\/schema\/logo\/image\/","url":"https:\/\/alfawood.gr\/wp-content\/uploads\/2023\/02\/alfa-wood-logo-1.svg","contentUrl":"https:\/\/alfawood.gr\/wp-content\/uploads\/2023\/02\/alfa-wood-logo-1.svg","width":305,"height":195,"caption":"Alfa Wood Group"},"image":{"@id":"https:\/\/alfawood.gr\/#\/schema\/logo\/image\/"},"sameAs":["https:\/\/www.facebook.com\/alfawood.group","https:\/\/x.com\/ALFAWOODGROUP","https:\/\/www.instagram.com\/alfawood.group","https:\/\/www.youtube.com\/@alfawoodgroup","https:\/\/www.tiktok.com\/@alfawood.group","https:\/\/vimeo.com\/alfawood","https:\/\/www.linkedin.com\/company\/alfawoodgroup","https:\/\/www.pinterest.com\/alfawoodgroup\/"]}]}},"_links":{"self":[{"href":"https:\/\/alfawood.gr\/fr\/wp-json\/wp\/v2\/product\/25699","targetHints":{"allow":["GET"]}}],"collection":[{"href":"https:\/\/alfawood.gr\/fr\/wp-json\/wp\/v2\/product"}],"about":[{"href":"https:\/\/alfawood.gr\/fr\/wp-json\/wp\/v2\/types\/product"}],"version-history":[{"count":0,"href":"https:\/\/alfawood.gr\/fr\/wp-json\/wp\/v2\/product\/25699\/revisions"}],"wp:featuredmedia":[{"embeddable":true,"href":"https:\/\/alfawood.gr\/fr\/wp-json\/wp\/v2\/media\/25700"}],"wp:attachment":[{"href":"https:\/\/alfawood.gr\/fr\/wp-json\/wp\/v2\/media?parent=25699"}],"wp:term":[{"taxonomy":"product_brand","embeddable":true,"href":"https:\/\/alfawood.gr\/fr\/wp-json\/wp\/v2\/product_brand?post=25699"},{"taxonomy":"product_cat","embeddable":true,"href":"https:\/\/alfawood.gr\/fr\/wp-json\/wp\/v2\/product_cat?post=25699"},{"taxonomy":"product_tag","embeddable":true,"href":"https:\/\/alfawood.gr\/fr\/wp-json\/wp\/v2\/product_tag?post=25699"}],"curies":[{"name":"wp","href":"https:\/\/api.w.org\/{rel}","templated":true}]}}