{"id":26399,"date":"2024-12-03T10:53:47","date_gmt":"2024-12-03T08:53:47","guid":{"rendered":"https:\/\/alfawood.gr\/?post_type=product&#038;p=26399"},"modified":"2024-12-03T13:56:00","modified_gmt":"2024-12-03T11:56:00","slug":"wpc-deck-3d-kafe-w02","status":"publish","type":"product","link":"https:\/\/alfawood.gr\/fr\/product\/wpc-deck-3d-kafe-w02\/","title":{"rendered":"WPC Deck 3D Marron W02"},"content":{"rendered":"<p>Le rev\u00eatement de sol synth\u00e9tique WPC (Wood-Plastic Composite) (WPC DECK 3D) est un produit innovant et constitue la solution de rev\u00eatement de sol ou de cl\u00f4ture id\u00e9ale pour les espaces ext\u00e9rieurs tels que les piscines, les terrasses, les jardins, les cl\u00f4tures, les enclos, les v\u00e9randas, etc. ainsi qu&#039;\u00e0 l&#039;int\u00e9rieur . Leur composition (60% bois \u2013 40% HDPE) leur permet d\u2019allier la beaut\u00e9 du bois naturel et les avantages du plastique.<\/p>\n<p>En choisissant une terrasse ou une cl\u00f4ture WPC, vous pouvez renouveler votre espace avec un mat\u00e9riau durable et facile \u00e0 utiliser. De plus, ils offrent une large gamme de motifs et de couleurs pour cr\u00e9er un design unique et attrayant.<\/p>\n<p>Enfin, les sols et cl\u00f4tures WPC sont une option \u00e9conomique, car ils ont une longue dur\u00e9e de vie et ne n\u00e9cessitent pas d\u2019entretien comme les parquets en bois traditionnels.<\/p>\n<p>Utilisations<br \/>\nLes terrasses ext\u00e9rieures sont utilis\u00e9es dans les piscines, les terrasses, les jardins, les parcs et g\u00e9n\u00e9ralement dans tous les espaces ext\u00e9rieurs expos\u00e9s aux conditions environnementales. Il est \u00e9galement utilis\u00e9 dans les zones int\u00e9rieures humides telles que les salles de bains et les cuisines.<\/p>\n<p>Soins<br \/>\nNous allons dissoudre du savon \u00e0 vaisselle liquide dans de l\u2019eau ti\u00e8de, le frotter avec un balai et le rincer \u00e0 l\u2019eau claire.<\/p>","protected":false},"excerpt":{"rendered":"<p>Le rev\u00eatement de sol ext\u00e9rieur synth\u00e9tique WPC Deck 3D de couleur marron est la solution id\u00e9ale pour les piscines, terrasses, jardins, cl\u00f4tures, etc.<br \/>\nSa technologie 3D donne un aspect r\u00e9aliste du bois naturel en capturant avec pr\u00e9cision sa texture et son grain.<\/p>","protected":false},"featured_media":26403,"template":"","meta":{"_acf_changed":false,"inline_featured_image":false,"cybocfi_hide_featured_image":""},"product_brand":[],"product_cat":[862,88,181],"product_tag":[],"class_list":{"0":"post-26399","1":"product","2":"type-product","3":"status-publish","4":"has-post-thumbnail","6":"product_cat-wpc-deck-3d","7":"product_cat-dapeda","8":"product_cat-eksoterikou-xorou","10":"first","11":"instock","12":"product-type-simple"},"acf":[],"yoast_head":"<!-- This site is optimized with the Yoast SEO Premium plugin v27.3 (Yoast SEO v27.3) - https:\/\/yoast.com\/product\/yoast-seo-premium-wordpress\/ -->\n<title>WPC Deck 3D \u039a\u03b1\u03c6\u03ad W02 - \u0395\u03c0\u03b9\u03c6\u03ac\u03bd\u03b5\u03b9\u03b5\u03c2 \u039c\u03b5\u03bb\u03b1\u03bc\u03af\u03bd\u03b7\u03c2 MDF \u039c\u03bf\u03c1\u03b9\u03bf\u03c3\u03b1\u03bd\u03af\u03b4\u03b1 \u03a0\u03ac\u03b3\u03ba\u03bf\u03b9 \u0394\u03ac\u03c0\u03b5\u03b4\u03b1 \u03a0\u03cc\u03c1\u03c4\u03b5\u03c2<\/title>\n<meta name=\"robots\" content=\"index, follow, max-snippet:-1, max-image-preview:large, max-video-preview:-1\" \/>\n<link rel=\"canonical\" href=\"https:\/\/alfawood.gr\/fr\/product\/wpc-deck-3d-kafe-w02\" \/>\n<meta property=\"og:locale\" content=\"fr_FR\" \/>\n<meta property=\"og:type\" content=\"article\" \/>\n<meta property=\"og:title\" content=\"WPC Deck 3D \u039a\u03b1\u03c6\u03ad W02\" \/>\n<meta property=\"og:description\" content=\"\u03a4\u03bf \u03c3\u03c5\u03bd\u03b8\u03b5\u03c4\u03b9\u03ba\u03cc WPC Deck 3D \u03b4\u03ac\u03c0\u03b5\u03b4\u03bf \u03b5\u03be\u03c9\u03c4\u03b5\u03c1\u03b9\u03ba\u03bf\u03cd \u03c7\u03ce\u03c1\u03bf\u03c5 \u03c3\u03b5 \u03ba\u03b1\u03c6\u03ad \u03b1\u03c0\u03cc\u03c7\u03c1\u03c9\u03c3\u03b7 \u03b1\u03c0\u03bf\u03c4\u03b5\u03bb\u03b5\u03af \u03c4\u03b7\u03bd \u03b9\u03b4\u03b1\u03bd\u03b9\u03ba\u03ae \u03bb\u03cd\u03c3\u03b7 \u03b4\u03b1\u03c0\u03ad\u03b4\u03bf\u03c5 \u03c3\u03b5 \u03c7\u03ce\u03c1\u03bf\u03c5\u03c2 \u03cc\u03c0\u03c9\u03c2 \u03c0\u03b9\u03c3\u03af\u03bd\u03b5\u03c2, \u03b2\u03b5\u03c1\u03ac\u03bd\u03c4\u03b5\u03c2, \u03ba\u03ae\u03c0\u03bf\u03c5\u03c2, \u03c6\u03c1\u03ac\u03c7\u03c4\u03b5\u03c2 \u03ba\u03bb\u03c0. \u0397 3D \u03c4\u03b5\u03c7\u03bd\u03bf\u03bb\u03bf\u03b3\u03af\u03b1 \u03c4\u03bf\u03c5, \u03c0\u03c1\u03bf\u03c3\u03b4\u03af\u03b4\u03b5\u03b9 \u03bc\u03af\u03b1 \u03c1\u03b5\u03b1\u03bb\u03b9\u03c3\u03c4\u03b9\u03ba\u03ae \u03cc\u03c8\u03b7 \u03c6\u03c5\u03c3\u03b9\u03ba\u03bf\u03cd \u03be\u03cd\u03bb\u03bf\u03c5 \u03b1\u03c0\u03bf\u03c4\u03c5\u03c0\u03ce\u03bd\u03bf\u03bd\u03c4\u03b1\u03c2 \u03bc\u03b5 \u03b1\u03ba\u03c1\u03af\u03b2\u03b5\u03b9\u03b1 \u03c4\u03b7\u03bd \u03c5\u03c6\u03ae \u03ba\u03b1\u03b9 \u03c4\u03b1 \u03bd\u03b5\u03c1\u03ac \u03c4\u03bf\u03c5.\" \/>\n<meta property=\"og:url\" content=\"https:\/\/alfawood.gr\/fr\/product\/wpc-deck-3d-kafe-w02\" \/>\n<meta property=\"og:site_name\" content=\"\u0395\u03c0\u03b9\u03c6\u03ac\u03bd\u03b5\u03b9\u03b5\u03c2 \u039c\u03b5\u03bb\u03b1\u03bc\u03af\u03bd\u03b7\u03c2 MDF \u039c\u03bf\u03c1\u03b9\u03bf\u03c3\u03b1\u03bd\u03af\u03b4\u03b1 \u03a0\u03ac\u03b3\u03ba\u03bf\u03b9 \u0394\u03ac\u03c0\u03b5\u03b4\u03b1 \u03a0\u03cc\u03c1\u03c4\u03b5\u03c2\" \/>\n<meta property=\"article:publisher\" content=\"https:\/\/www.facebook.com\/alfawood.group\" \/>\n<meta property=\"article:modified_time\" content=\"2024-12-03T11:56:00+00:00\" \/>\n<meta property=\"og:image\" content=\"https:\/\/alfawood.gr\/wp-content\/uploads\/2024\/12\/DECK-WPC-3D-BROWN-W02.jpg\" \/>\n\t<meta property=\"og:image:width\" content=\"728\" \/>\n\t<meta property=\"og:image:height\" content=\"1000\" \/>\n\t<meta property=\"og:image:type\" content=\"image\/jpeg\" \/>\n<meta name=\"twitter:card\" content=\"summary_large_image\" \/>\n<meta name=\"twitter:site\" content=\"@ALFAWOODGROUP\" \/>\n<meta name=\"twitter:label1\" content=\"Dur\u00e9e de lecture estim\u00e9e\" \/>\n\t<meta name=\"twitter:data1\" content=\"1 minute\" \/>\n<script type=\"application\/ld+json\" class=\"yoast-schema-graph\">{\"@context\":\"https:\\\/\\\/schema.org\",\"@graph\":[{\"@type\":\"WebPage\",\"@id\":\"https:\\\/\\\/alfawood.gr\\\/en\\\/product\\\/wpc-deck-3d-kafe-w02\\\/\",\"url\":\"https:\\\/\\\/alfawood.gr\\\/en\\\/product\\\/wpc-deck-3d-kafe-w02\\\/\",\"name\":\"WPC Deck 3D \u039a\u03b1\u03c6\u03ad W02 - \u0395\u03c0\u03b9\u03c6\u03ac\u03bd\u03b5\u03b9\u03b5\u03c2 \u039c\u03b5\u03bb\u03b1\u03bc\u03af\u03bd\u03b7\u03c2 MDF \u039c\u03bf\u03c1\u03b9\u03bf\u03c3\u03b1\u03bd\u03af\u03b4\u03b1 \u03a0\u03ac\u03b3\u03ba\u03bf\u03b9 \u0394\u03ac\u03c0\u03b5\u03b4\u03b1 \u03a0\u03cc\u03c1\u03c4\u03b5\u03c2\",\"isPartOf\":{\"@id\":\"https:\\\/\\\/alfawood.gr\\\/#website\"},\"primaryImageOfPage\":{\"@id\":\"https:\\\/\\\/alfawood.gr\\\/en\\\/product\\\/wpc-deck-3d-kafe-w02\\\/#primaryimage\"},\"image\":{\"@id\":\"https:\\\/\\\/alfawood.gr\\\/en\\\/product\\\/wpc-deck-3d-kafe-w02\\\/#primaryimage\"},\"thumbnailUrl\":\"https:\\\/\\\/alfawood.gr\\\/wp-content\\\/uploads\\\/2024\\\/12\\\/DECK-WPC-3D-BROWN-W02.jpg\",\"datePublished\":\"2024-12-03T08:53:47+00:00\",\"dateModified\":\"2024-12-03T11:56:00+00:00\",\"breadcrumb\":{\"@id\":\"https:\\\/\\\/alfawood.gr\\\/en\\\/product\\\/wpc-deck-3d-kafe-w02\\\/#breadcrumb\"},\"inLanguage\":\"fr-FR\",\"potentialAction\":[{\"@type\":\"ReadAction\",\"target\":[\"https:\\\/\\\/alfawood.gr\\\/en\\\/product\\\/wpc-deck-3d-kafe-w02\\\/\"]}]},{\"@type\":\"ImageObject\",\"inLanguage\":\"fr-FR\",\"@id\":\"https:\\\/\\\/alfawood.gr\\\/en\\\/product\\\/wpc-deck-3d-kafe-w02\\\/#primaryimage\",\"url\":\"https:\\\/\\\/alfawood.gr\\\/wp-content\\\/uploads\\\/2024\\\/12\\\/DECK-WPC-3D-BROWN-W02.jpg\",\"contentUrl\":\"https:\\\/\\\/alfawood.gr\\\/wp-content\\\/uploads\\\/2024\\\/12\\\/DECK-WPC-3D-BROWN-W02.jpg\",\"width\":728,\"height\":1000,\"caption\":\"Deck WPC 3D brown\"},{\"@type\":\"BreadcrumbList\",\"@id\":\"https:\\\/\\\/alfawood.gr\\\/en\\\/product\\\/wpc-deck-3d-kafe-w02\\\/#breadcrumb\",\"itemListElement\":[{\"@type\":\"ListItem\",\"position\":1,\"name\":\"Home\",\"item\":\"https:\\\/\\\/alfawood.gr\\\/\"},{\"@type\":\"ListItem\",\"position\":2,\"name\":\"\u03a0\u03c1\u03bf\u03ca\u03cc\u03bd\u03c4\u03b1\",\"item\":\"https:\\\/\\\/alfawood.gr\\\/proionta-wood\\\/\"},{\"@type\":\"ListItem\",\"position\":3,\"name\":\"\u0394\u03ac\u03c0\u03b5\u03b4\u03b1 - Alfa Flooring\",\"item\":\"https:\\\/\\\/alfawood.gr\\\/category\\\/dapeda\\\/\"},{\"@type\":\"ListItem\",\"position\":4,\"name\":\"WPC Deck 3D \u039a\u03b1\u03c6\u03ad W02\"}]},{\"@type\":\"WebSite\",\"@id\":\"https:\\\/\\\/alfawood.gr\\\/#website\",\"url\":\"https:\\\/\\\/alfawood.gr\\\/\",\"name\":\"\u0395\u03c0\u03b9\u03c6\u03ac\u03bd\u03b5\u03b9\u03b5\u03c2 \u039c\u03b5\u03bb\u03b1\u03bc\u03af\u03bd\u03b7\u03c2 MDF \u039c\u03bf\u03c1\u03b9\u03bf\u03c3\u03b1\u03bd\u03af\u03b4\u03b1 \u03a0\u03ac\u03b3\u03ba\u03bf\u03b9 \u0394\u03ac\u03c0\u03b5\u03b4\u03b1 \u03a0\u03cc\u03c1\u03c4\u03b5\u03c2\",\"description\":\"\u0392\u03b9\u03bf\u03bc\u03b7\u03c7\u03b1\u03bd\u03af\u03b1 \u039e\u03cd\u03bb\u03bf\u03c5 Alfa Wood Group\",\"publisher\":{\"@id\":\"https:\\\/\\\/alfawood.gr\\\/#organization\"},\"alternateName\":\"Melamines - MDF - Laminate - Worktops\",\"potentialAction\":[{\"@type\":\"SearchAction\",\"target\":{\"@type\":\"EntryPoint\",\"urlTemplate\":\"https:\\\/\\\/alfawood.gr\\\/?s={search_term_string}\"},\"query-input\":{\"@type\":\"PropertyValueSpecification\",\"valueRequired\":true,\"valueName\":\"search_term_string\"}}],\"inLanguage\":\"fr-FR\"},{\"@type\":\"Organization\",\"@id\":\"https:\\\/\\\/alfawood.gr\\\/#organization\",\"name\":\"Alfa Wood Group\",\"url\":\"https:\\\/\\\/alfawood.gr\\\/\",\"logo\":{\"@type\":\"ImageObject\",\"inLanguage\":\"fr-FR\",\"@id\":\"https:\\\/\\\/alfawood.gr\\\/#\\\/schema\\\/logo\\\/image\\\/\",\"url\":\"https:\\\/\\\/alfawood.gr\\\/wp-content\\\/uploads\\\/2023\\\/02\\\/alfa-wood-logo-1.svg\",\"contentUrl\":\"https:\\\/\\\/alfawood.gr\\\/wp-content\\\/uploads\\\/2023\\\/02\\\/alfa-wood-logo-1.svg\",\"width\":305,\"height\":195,\"caption\":\"Alfa Wood Group\"},\"image\":{\"@id\":\"https:\\\/\\\/alfawood.gr\\\/#\\\/schema\\\/logo\\\/image\\\/\"},\"sameAs\":[\"https:\\\/\\\/www.facebook.com\\\/alfawood.group\",\"https:\\\/\\\/x.com\\\/ALFAWOODGROUP\",\"https:\\\/\\\/www.instagram.com\\\/alfawood.group\",\"https:\\\/\\\/www.youtube.com\\\/@alfawoodgroup\",\"https:\\\/\\\/www.tiktok.com\\\/@alfawood.group\",\"https:\\\/\\\/vimeo.com\\\/alfawood\",\"https:\\\/\\\/www.linkedin.com\\\/company\\\/alfawoodgroup\",\"https:\\\/\\\/www.pinterest.com\\\/alfawoodgroup\\\/\"]}]}<\/script>\n<!-- \/ Yoast SEO Premium plugin. -->","yoast_head_json":{"title":"Plancher en composite bois-plastique 3D marron W02 - Surfaces en m\u00e9lamine, panneaux de particules MDF, comptoirs, planchers, portes","robots":{"index":"index","follow":"follow","max-snippet":"max-snippet:-1","max-image-preview":"max-image-preview:large","max-video-preview":"max-video-preview:-1"},"canonical":"https:\/\/alfawood.gr\/fr\/product\/wpc-deck-3d-kafe-w02","og_locale":"fr_FR","og_type":"article","og_title":"WPC Deck 3D \u039a\u03b1\u03c6\u03ad W02","og_description":"\u03a4\u03bf \u03c3\u03c5\u03bd\u03b8\u03b5\u03c4\u03b9\u03ba\u03cc WPC Deck 3D \u03b4\u03ac\u03c0\u03b5\u03b4\u03bf \u03b5\u03be\u03c9\u03c4\u03b5\u03c1\u03b9\u03ba\u03bf\u03cd \u03c7\u03ce\u03c1\u03bf\u03c5 \u03c3\u03b5 \u03ba\u03b1\u03c6\u03ad \u03b1\u03c0\u03cc\u03c7\u03c1\u03c9\u03c3\u03b7 \u03b1\u03c0\u03bf\u03c4\u03b5\u03bb\u03b5\u03af \u03c4\u03b7\u03bd \u03b9\u03b4\u03b1\u03bd\u03b9\u03ba\u03ae \u03bb\u03cd\u03c3\u03b7 \u03b4\u03b1\u03c0\u03ad\u03b4\u03bf\u03c5 \u03c3\u03b5 \u03c7\u03ce\u03c1\u03bf\u03c5\u03c2 \u03cc\u03c0\u03c9\u03c2 \u03c0\u03b9\u03c3\u03af\u03bd\u03b5\u03c2, \u03b2\u03b5\u03c1\u03ac\u03bd\u03c4\u03b5\u03c2, \u03ba\u03ae\u03c0\u03bf\u03c5\u03c2, \u03c6\u03c1\u03ac\u03c7\u03c4\u03b5\u03c2 \u03ba\u03bb\u03c0. \u0397 3D \u03c4\u03b5\u03c7\u03bd\u03bf\u03bb\u03bf\u03b3\u03af\u03b1 \u03c4\u03bf\u03c5, \u03c0\u03c1\u03bf\u03c3\u03b4\u03af\u03b4\u03b5\u03b9 \u03bc\u03af\u03b1 \u03c1\u03b5\u03b1\u03bb\u03b9\u03c3\u03c4\u03b9\u03ba\u03ae \u03cc\u03c8\u03b7 \u03c6\u03c5\u03c3\u03b9\u03ba\u03bf\u03cd \u03be\u03cd\u03bb\u03bf\u03c5 \u03b1\u03c0\u03bf\u03c4\u03c5\u03c0\u03ce\u03bd\u03bf\u03bd\u03c4\u03b1\u03c2 \u03bc\u03b5 \u03b1\u03ba\u03c1\u03af\u03b2\u03b5\u03b9\u03b1 \u03c4\u03b7\u03bd \u03c5\u03c6\u03ae \u03ba\u03b1\u03b9 \u03c4\u03b1 \u03bd\u03b5\u03c1\u03ac \u03c4\u03bf\u03c5.","og_url":"https:\/\/alfawood.gr\/fr\/product\/wpc-deck-3d-kafe-w02","og_site_name":"\u0395\u03c0\u03b9\u03c6\u03ac\u03bd\u03b5\u03b9\u03b5\u03c2 \u039c\u03b5\u03bb\u03b1\u03bc\u03af\u03bd\u03b7\u03c2 MDF \u039c\u03bf\u03c1\u03b9\u03bf\u03c3\u03b1\u03bd\u03af\u03b4\u03b1 \u03a0\u03ac\u03b3\u03ba\u03bf\u03b9 \u0394\u03ac\u03c0\u03b5\u03b4\u03b1 \u03a0\u03cc\u03c1\u03c4\u03b5\u03c2","article_publisher":"https:\/\/www.facebook.com\/alfawood.group","article_modified_time":"2024-12-03T11:56:00+00:00","og_image":[{"width":728,"height":1000,"url":"https:\/\/alfawood.gr\/wp-content\/uploads\/2024\/12\/DECK-WPC-3D-BROWN-W02.jpg","type":"image\/jpeg"}],"twitter_card":"summary_large_image","twitter_site":"@ALFAWOODGROUP","twitter_misc":{"Dur\u00e9e de lecture estim\u00e9e":"1 minute"},"schema":{"@context":"https:\/\/schema.org","@graph":[{"@type":"WebPage","@id":"https:\/\/alfawood.gr\/en\/product\/wpc-deck-3d-kafe-w02\/","url":"https:\/\/alfawood.gr\/en\/product\/wpc-deck-3d-kafe-w02\/","name":"Plancher en composite bois-plastique 3D marron W02 - Surfaces en m\u00e9lamine, panneaux de particules MDF, comptoirs, planchers, portes","isPartOf":{"@id":"https:\/\/alfawood.gr\/#website"},"primaryImageOfPage":{"@id":"https:\/\/alfawood.gr\/en\/product\/wpc-deck-3d-kafe-w02\/#primaryimage"},"image":{"@id":"https:\/\/alfawood.gr\/en\/product\/wpc-deck-3d-kafe-w02\/#primaryimage"},"thumbnailUrl":"https:\/\/alfawood.gr\/wp-content\/uploads\/2024\/12\/DECK-WPC-3D-BROWN-W02.jpg","datePublished":"2024-12-03T08:53:47+00:00","dateModified":"2024-12-03T11:56:00+00:00","breadcrumb":{"@id":"https:\/\/alfawood.gr\/en\/product\/wpc-deck-3d-kafe-w02\/#breadcrumb"},"inLanguage":"fr-FR","potentialAction":[{"@type":"ReadAction","target":["https:\/\/alfawood.gr\/en\/product\/wpc-deck-3d-kafe-w02\/"]}]},{"@type":"ImageObject","inLanguage":"fr-FR","@id":"https:\/\/alfawood.gr\/en\/product\/wpc-deck-3d-kafe-w02\/#primaryimage","url":"https:\/\/alfawood.gr\/wp-content\/uploads\/2024\/12\/DECK-WPC-3D-BROWN-W02.jpg","contentUrl":"https:\/\/alfawood.gr\/wp-content\/uploads\/2024\/12\/DECK-WPC-3D-BROWN-W02.jpg","width":728,"height":1000,"caption":"Deck WPC 3D brown"},{"@type":"BreadcrumbList","@id":"https:\/\/alfawood.gr\/en\/product\/wpc-deck-3d-kafe-w02\/#breadcrumb","itemListElement":[{"@type":"ListItem","position":1,"name":"Home","item":"https:\/\/alfawood.gr\/"},{"@type":"ListItem","position":2,"name":"\u03a0\u03c1\u03bf\u03ca\u03cc\u03bd\u03c4\u03b1","item":"https:\/\/alfawood.gr\/proionta-wood\/"},{"@type":"ListItem","position":3,"name":"\u0394\u03ac\u03c0\u03b5\u03b4\u03b1 - Alfa Flooring","item":"https:\/\/alfawood.gr\/category\/dapeda\/"},{"@type":"ListItem","position":4,"name":"WPC Deck 3D \u039a\u03b1\u03c6\u03ad W02"}]},{"@type":"WebSite","@id":"https:\/\/alfawood.gr\/#website","url":"https:\/\/alfawood.gr\/","name":"Surfaces en m\u00e9lamine Comptoirs en panneaux de particules MDF Planchers Portes","description":"Alfa Wood Group Industrie du bois","publisher":{"@id":"https:\/\/alfawood.gr\/#organization"},"alternateName":"Melamines - MDF - Laminate - Worktops","potentialAction":[{"@type":"SearchAction","target":{"@type":"EntryPoint","urlTemplate":"https:\/\/alfawood.gr\/?s={search_term_string}"},"query-input":{"@type":"PropertyValueSpecification","valueRequired":true,"valueName":"search_term_string"}}],"inLanguage":"fr-FR"},{"@type":"Organization","@id":"https:\/\/alfawood.gr\/#organization","name":"Groupe Alfa Bois","url":"https:\/\/alfawood.gr\/","logo":{"@type":"ImageObject","inLanguage":"fr-FR","@id":"https:\/\/alfawood.gr\/#\/schema\/logo\/image\/","url":"https:\/\/alfawood.gr\/wp-content\/uploads\/2023\/02\/alfa-wood-logo-1.svg","contentUrl":"https:\/\/alfawood.gr\/wp-content\/uploads\/2023\/02\/alfa-wood-logo-1.svg","width":305,"height":195,"caption":"Alfa Wood Group"},"image":{"@id":"https:\/\/alfawood.gr\/#\/schema\/logo\/image\/"},"sameAs":["https:\/\/www.facebook.com\/alfawood.group","https:\/\/x.com\/ALFAWOODGROUP","https:\/\/www.instagram.com\/alfawood.group","https:\/\/www.youtube.com\/@alfawoodgroup","https:\/\/www.tiktok.com\/@alfawood.group","https:\/\/vimeo.com\/alfawood","https:\/\/www.linkedin.com\/company\/alfawoodgroup","https:\/\/www.pinterest.com\/alfawoodgroup\/"]}]}},"_links":{"self":[{"href":"https:\/\/alfawood.gr\/fr\/wp-json\/wp\/v2\/product\/26399","targetHints":{"allow":["GET"]}}],"collection":[{"href":"https:\/\/alfawood.gr\/fr\/wp-json\/wp\/v2\/product"}],"about":[{"href":"https:\/\/alfawood.gr\/fr\/wp-json\/wp\/v2\/types\/product"}],"version-history":[{"count":0,"href":"https:\/\/alfawood.gr\/fr\/wp-json\/wp\/v2\/product\/26399\/revisions"}],"wp:featuredmedia":[{"embeddable":true,"href":"https:\/\/alfawood.gr\/fr\/wp-json\/wp\/v2\/media\/26403"}],"wp:attachment":[{"href":"https:\/\/alfawood.gr\/fr\/wp-json\/wp\/v2\/media?parent=26399"}],"wp:term":[{"taxonomy":"product_brand","embeddable":true,"href":"https:\/\/alfawood.gr\/fr\/wp-json\/wp\/v2\/product_brand?post=26399"},{"taxonomy":"product_cat","embeddable":true,"href":"https:\/\/alfawood.gr\/fr\/wp-json\/wp\/v2\/product_cat?post=26399"},{"taxonomy":"product_tag","embeddable":true,"href":"https:\/\/alfawood.gr\/fr\/wp-json\/wp\/v2\/product_tag?post=26399"}],"curies":[{"name":"wp","href":"https:\/\/api.w.org\/{rel}","templated":true}]}}