{"id":27812,"date":"2025-07-02T12:51:34","date_gmt":"2025-07-02T10:51:34","guid":{"rendered":"https:\/\/alfawood.gr\/?post_type=product&#038;p=27812"},"modified":"2025-07-02T13:17:58","modified_gmt":"2025-07-02T11:17:58","slug":"2023-antique-oak-square-wall-cladding","status":"publish","type":"product","link":"https:\/\/alfawood.gr\/fr\/product\/2023-antique-oak-square-wall-cladding\/","title":{"rendered":"Ch\u00eane antique 2023 \u2013 Carr\u00e9 | Rev\u00eatement mural"},"content":{"rendered":"<div data-elementor-type=\"wp-post\" data-elementor-id=\"24295\" class=\"elementor elementor-24295\" data-elementor-post-type=\"cms_block\">\n\t\t\t\t\t\t<section class=\"wd-negative-gap elementor-section elementor-top-section elementor-element elementor-element-35f05b5c elementor-section-boxed elementor-section-height-default elementor-section-height-default\" data-id=\"35f05b5c\" data-element_type=\"section\" data-e-type=\"section\">\n\t\t\t\t\t\t<div class=\"elementor-container elementor-column-gap-default\">\n\t\t\t\t\t<div class=\"elementor-column elementor-col-100 elementor-top-column elementor-element elementor-element-7c567e4b\" data-id=\"7c567e4b\" data-element_type=\"column\" data-e-type=\"column\">\n\t\t\t<div class=\"elementor-widget-wrap elementor-element-populated\">\n\t\t\t\t\t\t<div class=\"elementor-element elementor-element-5637f888 color-scheme-inherit text-left elementor-widget elementor-widget-text-editor\" data-id=\"5637f888\" data-element_type=\"widget\" data-e-type=\"widget\" data-widget_type=\"text-editor.default\">\n\t\t\t\t<div class=\"elementor-widget-container\">\n\t\t\t\t\t\t\t\t\t<p>OU <strong>rev\u00eatement mural<\/strong> produit par Alfa Wood Group est le bon choix pour am\u00e9liorer, renouveler et cr\u00e9er un excellent r\u00e9sultat esth\u00e9tique dans les espaces domestiques et commerciaux.<br \/><br \/><\/p><p>Il s&#039;agit d&#039;un nouveau produit compos\u00e9 de MDF imperm\u00e9able recouvert de CPL et disponible en diff\u00e9rentes nuances de bois et options monochromes.<br \/><br \/><\/p><p>Les rev\u00eatements muraux dans les tons bois offrent un aspect naturel avec une texture textur\u00e9e id\u00e9ale pour recouvrir les murs, les plafonds, les \u00e9l\u00e9ments de mobilier et m\u00eame des pi\u00e8ces enti\u00e8res, tandis que les rev\u00eatements monochromes font r\u00e9f\u00e9rence aux d\u00e9corations modernes.<br \/><br \/><\/p><p>Les rev\u00eatements muraux constituent une solution de d\u00e9coration int\u00e9rieure polyvalente et attrayante qui peut transformer n\u2019importe quelle pi\u00e8ce en un espace chaleureux et accueillant. Il s&#039;agit d&#039;une solution classique pour r\u00e9nover votre espace, qui \u00e9voque une atmosph\u00e8re de luxe et une touche romantique, mais qui va \u00e9galement de pair avec les exigences modernes de la culture architecturale et du style de vie.<br \/><br \/><\/p><p><strong>Surface\u00a0:\u00a0Intra<\/strong><\/p><p><strong>Dimensions: <br \/>Profil n\u00b081<\/strong> 3000x90x18mm<br \/><strong> Profil n\u00b082<\/strong> 3000x43x18mm<\/p><p>\u00a0<\/p>\t\t\t\t\t\t\t\t<\/div>\n\t\t\t\t<\/div>\n\t\t\t\t\t<\/div>\n\t\t<\/div>\n\t\t\t\t\t<\/div>\n\t\t<\/section>\n\t\t\t\t<section class=\"wd-negative-gap elementor-section elementor-top-section elementor-element elementor-element-d263041 elementor-section-boxed elementor-section-height-default elementor-section-height-default\" data-id=\"d263041\" data-element_type=\"section\" data-e-type=\"section\">\n\t\t\t\t\t\t<div class=\"elementor-container elementor-column-gap-default\">\n\t\t\t\t\t<div class=\"elementor-column elementor-col-100 elementor-top-column elementor-element elementor-element-7701499\" data-id=\"7701499\" data-element_type=\"column\" data-e-type=\"column\">\n\t\t\t<div class=\"elementor-widget-wrap elementor-element-populated\">\n\t\t\t\t\t\t<div class=\"elementor-element elementor-element-c4958e6 elementor-widget elementor-widget-wd_text_block\" data-id=\"c4958e6\" data-element_type=\"widget\" data-e-type=\"widget\" data-widget_type=\"wd_text_block.default\">\n\t\t\t\t<div class=\"elementor-widget-container\">\n\t\t\t\t\t\t\t<div class=\"wd-text-block reset-last-child text-left\">\n\t\t\t\n\t\t\t<p><strong>Avantages du rev\u00eatement mural :<\/strong><\/p><ul><li>Offre flexibilit\u00e9 et placement rapide.<\/li><li>C&#039;est une option \u00e9conomique pour r\u00e9nover votre espace.<\/li><li>Elle est r\u00e9sistante.<\/li><li>Il s&#039;entretient facilement.<\/li><li>Il peut \u00eatre personnalis\u00e9 pour s\u2019adapter \u00e0 n\u2019importe quel style de d\u00e9coration.<\/li><li>En choisissant Igrafan, vous pouvez accorder une importance particuli\u00e8re \u00e0 la finition du bois et oser peindre ces rev\u00eatements dans des tons int\u00e9ressants, pour cr\u00e9er un look unique qui compl\u00e8te parfaitement l&#039;espace.<\/li><\/ul>\n\t\t\t\t\t<\/div>\n\t\t\t\t\t\t<\/div>\n\t\t\t\t<\/div>\n\t\t\t\t\t<\/div>\n\t\t<\/div>\n\t\t\t\t\t<\/div>\n\t\t<\/section>\n\t\t\t\t<\/div>","protected":false},"excerpt":{"rendered":"<p>Le lambris en ch\u00eane antique 2023 reproduit fid\u00e8lement l&#039;aspect et le toucher du bois dans une teinte brun clair et offre un aspect naturel avec une texture id\u00e9ale pour recouvrir les murs, les plafonds, les \u00e9l\u00e9ments de mobilier et m\u00eame des pi\u00e8ces enti\u00e8res.<\/p>","protected":false},"featured_media":27804,"template":"","meta":{"_acf_changed":false,"inline_featured_image":false,"cybocfi_hide_featured_image":""},"product_brand":[],"product_cat":[873,847,846],"product_tag":[],"class_list":{"0":"post-27812","1":"product","2":"type-product","3":"status-publish","4":"has-post-thumbnail","6":"product_cat-fast-fashion","7":"product_cat-diakosmiseis-toixon-ksylo","8":"product_cat-wall-cladding-cpl","10":"first","11":"instock","12":"product-type-simple"},"acf":[],"yoast_head":"<!-- This site is optimized with the Yoast SEO Premium plugin v27.3 (Yoast SEO v27.3) - https:\/\/yoast.com\/product\/yoast-seo-premium-wordpress\/ -->\n<title>2023 Antique Oak - Square | Wall Cladding - \u0395\u03c0\u03b9\u03c6\u03ac\u03bd\u03b5\u03b9\u03b5\u03c2 \u039c\u03b5\u03bb\u03b1\u03bc\u03af\u03bd\u03b7\u03c2 MDF \u039c\u03bf\u03c1\u03b9\u03bf\u03c3\u03b1\u03bd\u03af\u03b4\u03b1 \u03a0\u03ac\u03b3\u03ba\u03bf\u03b9 \u0394\u03ac\u03c0\u03b5\u03b4\u03b1 \u03a0\u03cc\u03c1\u03c4\u03b5\u03c2<\/title>\n<meta name=\"robots\" content=\"index, follow, max-snippet:-1, max-image-preview:large, max-video-preview:-1\" \/>\n<link rel=\"canonical\" href=\"https:\/\/alfawood.gr\/fr\/product\/2023-antique-oak-square-wall-cladding\" \/>\n<meta property=\"og:locale\" content=\"fr_FR\" \/>\n<meta property=\"og:type\" content=\"article\" \/>\n<meta property=\"og:title\" content=\"2023 Antique Oak - Square | Wall Cladding\" \/>\n<meta property=\"og:description\" content=\"\u0397 \u03b5\u03c0\u03ad\u03bd\u03b4\u03c5\u03c3\u03b7 \u03c4\u03bf\u03af\u03c7\u03bf\u03c5 2023 Antique Oak \u03b1\u03bd\u03b1\u03c0\u03b1\u03c1\u03ac\u03b3\u03b5\u03b9 \u03bc\u03b5 \u03b1\u03ba\u03c1\u03af\u03b2\u03b5\u03b9\u03b1 \u03c4\u03b7\u03bd \u03b5\u03bc\u03c6\u03ac\u03bd\u03b9\u03c3\u03b7 \u03ba\u03b1\u03b9 \u03c4\u03b7\u03bd \u03b1\u03af\u03c3\u03b8\u03b7\u03c3\u03b7 \u03c4\u03bf\u03c5 \u03be\u03cd\u03bb\u03bf\u03c5 \u03c3\u03b5 \u03b1\u03bd\u03bf\u03b9\u03c7\u03c4\u03ae \u03ba\u03b1\u03c6\u03ad \u03b1\u03c0\u03cc\u03c7\u03c1\u03c9\u03c3\u03b7 \u03ba\u03b1\u03b9 \u03c0\u03c1\u03bf\u03c3\u03c6\u03ad\u03c1\u03b5\u03b9 \u03bc\u03b9\u03b1 \u03c6\u03c5\u03c3\u03b9\u03ba\u03ae \u03b5\u03bc\u03c6\u03ac\u03bd\u03b9\u03c3\u03b7 \u03bc\u03b5 \u03b1\u03bd\u03ac\u03b3\u03bb\u03c5\u03c6\u03b7 \u03c5\u03c6\u03ae \u03c0\u03bf\u03c5 \u03b5\u03af\u03bd\u03b1\u03b9 \u03b9\u03b4\u03b1\u03bd\u03b9\u03ba\u03ae \u03b3\u03b9\u03b1 \u03c4\u03b7\u03bd \u03b5\u03c0\u03ad\u03bd\u03b4\u03c5\u03c3\u03b7 \u03c4\u03bf\u03af\u03c7\u03c9\u03bd, \u03bf\u03c1\u03bf\u03c6\u03ae\u03c2, \u03c3\u03c4\u03bf\u03b9\u03c7\u03b5\u03af\u03c9\u03bd \u03b5\u03c0\u03af\u03c0\u03bb\u03c9\u03bd \u03b1\u03ba\u03cc\u03bc\u03b1 \u03ba\u03b1\u03b9 \u03bf\u03bb\u03cc\u03ba\u03bb\u03b7\u03c1\u03c9\u03bd \u03b4\u03c9\u03bc\u03b1\u03c4\u03af\u03c9\u03bd.\" \/>\n<meta property=\"og:url\" content=\"https:\/\/alfawood.gr\/fr\/product\/2023-antique-oak-square-wall-cladding\" \/>\n<meta property=\"og:site_name\" content=\"\u0395\u03c0\u03b9\u03c6\u03ac\u03bd\u03b5\u03b9\u03b5\u03c2 \u039c\u03b5\u03bb\u03b1\u03bc\u03af\u03bd\u03b7\u03c2 MDF \u039c\u03bf\u03c1\u03b9\u03bf\u03c3\u03b1\u03bd\u03af\u03b4\u03b1 \u03a0\u03ac\u03b3\u03ba\u03bf\u03b9 \u0394\u03ac\u03c0\u03b5\u03b4\u03b1 \u03a0\u03cc\u03c1\u03c4\u03b5\u03c2\" \/>\n<meta property=\"article:publisher\" content=\"https:\/\/www.facebook.com\/alfawood.group\" \/>\n<meta property=\"article:modified_time\" content=\"2025-07-02T11:17:58+00:00\" \/>\n<meta property=\"og:image\" content=\"https:\/\/alfawood.gr\/wp-content\/uploads\/2025\/07\/2023-wall-cladding.jpg\" \/>\n\t<meta property=\"og:image:width\" content=\"947\" \/>\n\t<meta property=\"og:image:height\" content=\"1300\" \/>\n\t<meta property=\"og:image:type\" content=\"image\/jpeg\" \/>\n<meta name=\"twitter:card\" content=\"summary_large_image\" \/>\n<meta name=\"twitter:site\" content=\"@ALFAWOODGROUP\" \/>\n<meta name=\"twitter:label1\" content=\"Dur\u00e9e de lecture estim\u00e9e\" \/>\n\t<meta name=\"twitter:data1\" content=\"1 minute\" \/>\n<script type=\"application\/ld+json\" class=\"yoast-schema-graph\">{\"@context\":\"https:\\\/\\\/schema.org\",\"@graph\":[{\"@type\":\"WebPage\",\"@id\":\"https:\\\/\\\/alfawood.gr\\\/product\\\/2023-antique-oak-square-wall-cladding\\\/\",\"url\":\"https:\\\/\\\/alfawood.gr\\\/product\\\/2023-antique-oak-square-wall-cladding\\\/\",\"name\":\"2023 Antique Oak - Square | Wall Cladding - \u0395\u03c0\u03b9\u03c6\u03ac\u03bd\u03b5\u03b9\u03b5\u03c2 \u039c\u03b5\u03bb\u03b1\u03bc\u03af\u03bd\u03b7\u03c2 MDF \u039c\u03bf\u03c1\u03b9\u03bf\u03c3\u03b1\u03bd\u03af\u03b4\u03b1 \u03a0\u03ac\u03b3\u03ba\u03bf\u03b9 \u0394\u03ac\u03c0\u03b5\u03b4\u03b1 \u03a0\u03cc\u03c1\u03c4\u03b5\u03c2\",\"isPartOf\":{\"@id\":\"https:\\\/\\\/alfawood.gr\\\/#website\"},\"primaryImageOfPage\":{\"@id\":\"https:\\\/\\\/alfawood.gr\\\/product\\\/2023-antique-oak-square-wall-cladding\\\/#primaryimage\"},\"image\":{\"@id\":\"https:\\\/\\\/alfawood.gr\\\/product\\\/2023-antique-oak-square-wall-cladding\\\/#primaryimage\"},\"thumbnailUrl\":\"https:\\\/\\\/alfawood.gr\\\/wp-content\\\/uploads\\\/2025\\\/07\\\/2023-wall-cladding.jpg\",\"datePublished\":\"2025-07-02T10:51:34+00:00\",\"dateModified\":\"2025-07-02T11:17:58+00:00\",\"breadcrumb\":{\"@id\":\"https:\\\/\\\/alfawood.gr\\\/product\\\/2023-antique-oak-square-wall-cladding\\\/#breadcrumb\"},\"inLanguage\":\"fr-FR\",\"potentialAction\":[{\"@type\":\"ReadAction\",\"target\":[\"https:\\\/\\\/alfawood.gr\\\/product\\\/2023-antique-oak-square-wall-cladding\\\/\"]}]},{\"@type\":\"ImageObject\",\"inLanguage\":\"fr-FR\",\"@id\":\"https:\\\/\\\/alfawood.gr\\\/product\\\/2023-antique-oak-square-wall-cladding\\\/#primaryimage\",\"url\":\"https:\\\/\\\/alfawood.gr\\\/wp-content\\\/uploads\\\/2025\\\/07\\\/2023-wall-cladding.jpg\",\"contentUrl\":\"https:\\\/\\\/alfawood.gr\\\/wp-content\\\/uploads\\\/2025\\\/07\\\/2023-wall-cladding.jpg\",\"width\":947,\"height\":1300,\"caption\":\"wall cladding\"},{\"@type\":\"BreadcrumbList\",\"@id\":\"https:\\\/\\\/alfawood.gr\\\/product\\\/2023-antique-oak-square-wall-cladding\\\/#breadcrumb\",\"itemListElement\":[{\"@type\":\"ListItem\",\"position\":1,\"name\":\"Home\",\"item\":\"https:\\\/\\\/alfawood.gr\\\/\"},{\"@type\":\"ListItem\",\"position\":2,\"name\":\"\u03a0\u03c1\u03bf\u03ca\u03cc\u03bd\u03c4\u03b1\",\"item\":\"https:\\\/\\\/alfawood.gr\\\/proionta-wood\\\/\"},{\"@type\":\"ListItem\",\"position\":3,\"name\":\"\u0394\u03b9\u03b1\u03ba\u03cc\u03c3\u03bc\u03b7\u03c3\u03b7 \u03a4\u03bf\u03af\u03c7\u03bf\u03c5\",\"item\":\"https:\\\/\\\/alfawood.gr\\\/category\\\/diakosmiseis-toixon-ksylo\\\/\"},{\"@type\":\"ListItem\",\"position\":4,\"name\":\"\u0395\u03c0\u03ad\u03bd\u03b4\u03c5\u03c3\u03b7 \u03a4\u03bf\u03af\u03c7\u03bf\u03c5\",\"item\":\"https:\\\/\\\/alfawood.gr\\\/category\\\/diakosmiseis-toixon-ksylo\\\/ependusi-toixou\\\/\"},{\"@type\":\"ListItem\",\"position\":5,\"name\":\"\u0395\u03c0\u03ad\u03bd\u03b4\u03c5\u03c3\u03b7 \u03a4\u03bf\u03af\u03c7\u03bf\u03c5 - CPL\",\"item\":\"https:\\\/\\\/alfawood.gr\\\/category\\\/diakosmiseis-toixon-ksylo\\\/ependusi-toixou\\\/wall-cladding-cpl\\\/\"},{\"@type\":\"ListItem\",\"position\":6,\"name\":\"2023 Antique Oak &#8211; Square | Wall Cladding\"}]},{\"@type\":\"WebSite\",\"@id\":\"https:\\\/\\\/alfawood.gr\\\/#website\",\"url\":\"https:\\\/\\\/alfawood.gr\\\/\",\"name\":\"\u0395\u03c0\u03b9\u03c6\u03ac\u03bd\u03b5\u03b9\u03b5\u03c2 \u039c\u03b5\u03bb\u03b1\u03bc\u03af\u03bd\u03b7\u03c2 MDF \u039c\u03bf\u03c1\u03b9\u03bf\u03c3\u03b1\u03bd\u03af\u03b4\u03b1 \u03a0\u03ac\u03b3\u03ba\u03bf\u03b9 \u0394\u03ac\u03c0\u03b5\u03b4\u03b1 \u03a0\u03cc\u03c1\u03c4\u03b5\u03c2\",\"description\":\"\u0392\u03b9\u03bf\u03bc\u03b7\u03c7\u03b1\u03bd\u03af\u03b1 \u039e\u03cd\u03bb\u03bf\u03c5 Alfa Wood Group\",\"publisher\":{\"@id\":\"https:\\\/\\\/alfawood.gr\\\/#organization\"},\"alternateName\":\"Melamines - MDF - Laminate - Worktops\",\"potentialAction\":[{\"@type\":\"SearchAction\",\"target\":{\"@type\":\"EntryPoint\",\"urlTemplate\":\"https:\\\/\\\/alfawood.gr\\\/?s={search_term_string}\"},\"query-input\":{\"@type\":\"PropertyValueSpecification\",\"valueRequired\":true,\"valueName\":\"search_term_string\"}}],\"inLanguage\":\"fr-FR\"},{\"@type\":\"Organization\",\"@id\":\"https:\\\/\\\/alfawood.gr\\\/#organization\",\"name\":\"Alfa Wood Group\",\"url\":\"https:\\\/\\\/alfawood.gr\\\/\",\"logo\":{\"@type\":\"ImageObject\",\"inLanguage\":\"fr-FR\",\"@id\":\"https:\\\/\\\/alfawood.gr\\\/#\\\/schema\\\/logo\\\/image\\\/\",\"url\":\"https:\\\/\\\/alfawood.gr\\\/wp-content\\\/uploads\\\/2023\\\/02\\\/alfa-wood-logo-1.svg\",\"contentUrl\":\"https:\\\/\\\/alfawood.gr\\\/wp-content\\\/uploads\\\/2023\\\/02\\\/alfa-wood-logo-1.svg\",\"width\":305,\"height\":195,\"caption\":\"Alfa Wood Group\"},\"image\":{\"@id\":\"https:\\\/\\\/alfawood.gr\\\/#\\\/schema\\\/logo\\\/image\\\/\"},\"sameAs\":[\"https:\\\/\\\/www.facebook.com\\\/alfawood.group\",\"https:\\\/\\\/x.com\\\/ALFAWOODGROUP\",\"https:\\\/\\\/www.instagram.com\\\/alfawood.group\",\"https:\\\/\\\/www.youtube.com\\\/@alfawoodgroup\",\"https:\\\/\\\/www.tiktok.com\\\/@alfawood.group\",\"https:\\\/\\\/vimeo.com\\\/alfawood\",\"https:\\\/\\\/www.linkedin.com\\\/company\\\/alfawoodgroup\",\"https:\\\/\\\/www.pinterest.com\\\/alfawoodgroup\\\/\"]}]}<\/script>\n<!-- \/ Yoast SEO Premium plugin. -->","yoast_head_json":{"title":"2023 Antique Oak - Square | Wall Cladding - \u0395\u03c0\u03b9\u03c6\u03ac\u03bd\u03b5\u03b9\u03b5\u03c2 \u039c\u03b5\u03bb\u03b1\u03bc\u03af\u03bd\u03b7\u03c2 MDF \u039c\u03bf\u03c1\u03b9\u03bf\u03c3\u03b1\u03bd\u03af\u03b4\u03b1 \u03a0\u03ac\u03b3\u03ba\u03bf\u03b9 \u0394\u03ac\u03c0\u03b5\u03b4\u03b1 \u03a0\u03cc\u03c1\u03c4\u03b5\u03c2","robots":{"index":"index","follow":"follow","max-snippet":"max-snippet:-1","max-image-preview":"max-image-preview:large","max-video-preview":"max-video-preview:-1"},"canonical":"https:\/\/alfawood.gr\/fr\/product\/2023-antique-oak-square-wall-cladding","og_locale":"fr_FR","og_type":"article","og_title":"2023 Antique Oak - Square | Wall Cladding","og_description":"\u0397 \u03b5\u03c0\u03ad\u03bd\u03b4\u03c5\u03c3\u03b7 \u03c4\u03bf\u03af\u03c7\u03bf\u03c5 2023 Antique Oak \u03b1\u03bd\u03b1\u03c0\u03b1\u03c1\u03ac\u03b3\u03b5\u03b9 \u03bc\u03b5 \u03b1\u03ba\u03c1\u03af\u03b2\u03b5\u03b9\u03b1 \u03c4\u03b7\u03bd \u03b5\u03bc\u03c6\u03ac\u03bd\u03b9\u03c3\u03b7 \u03ba\u03b1\u03b9 \u03c4\u03b7\u03bd \u03b1\u03af\u03c3\u03b8\u03b7\u03c3\u03b7 \u03c4\u03bf\u03c5 \u03be\u03cd\u03bb\u03bf\u03c5 \u03c3\u03b5 \u03b1\u03bd\u03bf\u03b9\u03c7\u03c4\u03ae \u03ba\u03b1\u03c6\u03ad \u03b1\u03c0\u03cc\u03c7\u03c1\u03c9\u03c3\u03b7 \u03ba\u03b1\u03b9 \u03c0\u03c1\u03bf\u03c3\u03c6\u03ad\u03c1\u03b5\u03b9 \u03bc\u03b9\u03b1 \u03c6\u03c5\u03c3\u03b9\u03ba\u03ae \u03b5\u03bc\u03c6\u03ac\u03bd\u03b9\u03c3\u03b7 \u03bc\u03b5 \u03b1\u03bd\u03ac\u03b3\u03bb\u03c5\u03c6\u03b7 \u03c5\u03c6\u03ae \u03c0\u03bf\u03c5 \u03b5\u03af\u03bd\u03b1\u03b9 \u03b9\u03b4\u03b1\u03bd\u03b9\u03ba\u03ae \u03b3\u03b9\u03b1 \u03c4\u03b7\u03bd \u03b5\u03c0\u03ad\u03bd\u03b4\u03c5\u03c3\u03b7 \u03c4\u03bf\u03af\u03c7\u03c9\u03bd, \u03bf\u03c1\u03bf\u03c6\u03ae\u03c2, \u03c3\u03c4\u03bf\u03b9\u03c7\u03b5\u03af\u03c9\u03bd \u03b5\u03c0\u03af\u03c0\u03bb\u03c9\u03bd \u03b1\u03ba\u03cc\u03bc\u03b1 \u03ba\u03b1\u03b9 \u03bf\u03bb\u03cc\u03ba\u03bb\u03b7\u03c1\u03c9\u03bd \u03b4\u03c9\u03bc\u03b1\u03c4\u03af\u03c9\u03bd.","og_url":"https:\/\/alfawood.gr\/fr\/product\/2023-antique-oak-square-wall-cladding","og_site_name":"\u0395\u03c0\u03b9\u03c6\u03ac\u03bd\u03b5\u03b9\u03b5\u03c2 \u039c\u03b5\u03bb\u03b1\u03bc\u03af\u03bd\u03b7\u03c2 MDF \u039c\u03bf\u03c1\u03b9\u03bf\u03c3\u03b1\u03bd\u03af\u03b4\u03b1 \u03a0\u03ac\u03b3\u03ba\u03bf\u03b9 \u0394\u03ac\u03c0\u03b5\u03b4\u03b1 \u03a0\u03cc\u03c1\u03c4\u03b5\u03c2","article_publisher":"https:\/\/www.facebook.com\/alfawood.group","article_modified_time":"2025-07-02T11:17:58+00:00","og_image":[{"width":947,"height":1300,"url":"https:\/\/alfawood.gr\/wp-content\/uploads\/2025\/07\/2023-wall-cladding.jpg","type":"image\/jpeg"}],"twitter_card":"summary_large_image","twitter_site":"@ALFAWOODGROUP","twitter_misc":{"Dur\u00e9e de lecture estim\u00e9e":"1 minute"},"schema":{"@context":"https:\/\/schema.org","@graph":[{"@type":"WebPage","@id":"https:\/\/alfawood.gr\/product\/2023-antique-oak-square-wall-cladding\/","url":"https:\/\/alfawood.gr\/product\/2023-antique-oak-square-wall-cladding\/","name":"2023 Antique Oak - Square | Wall Cladding - \u0395\u03c0\u03b9\u03c6\u03ac\u03bd\u03b5\u03b9\u03b5\u03c2 \u039c\u03b5\u03bb\u03b1\u03bc\u03af\u03bd\u03b7\u03c2 MDF \u039c\u03bf\u03c1\u03b9\u03bf\u03c3\u03b1\u03bd\u03af\u03b4\u03b1 \u03a0\u03ac\u03b3\u03ba\u03bf\u03b9 \u0394\u03ac\u03c0\u03b5\u03b4\u03b1 \u03a0\u03cc\u03c1\u03c4\u03b5\u03c2","isPartOf":{"@id":"https:\/\/alfawood.gr\/#website"},"primaryImageOfPage":{"@id":"https:\/\/alfawood.gr\/product\/2023-antique-oak-square-wall-cladding\/#primaryimage"},"image":{"@id":"https:\/\/alfawood.gr\/product\/2023-antique-oak-square-wall-cladding\/#primaryimage"},"thumbnailUrl":"https:\/\/alfawood.gr\/wp-content\/uploads\/2025\/07\/2023-wall-cladding.jpg","datePublished":"2025-07-02T10:51:34+00:00","dateModified":"2025-07-02T11:17:58+00:00","breadcrumb":{"@id":"https:\/\/alfawood.gr\/product\/2023-antique-oak-square-wall-cladding\/#breadcrumb"},"inLanguage":"fr-FR","potentialAction":[{"@type":"ReadAction","target":["https:\/\/alfawood.gr\/product\/2023-antique-oak-square-wall-cladding\/"]}]},{"@type":"ImageObject","inLanguage":"fr-FR","@id":"https:\/\/alfawood.gr\/product\/2023-antique-oak-square-wall-cladding\/#primaryimage","url":"https:\/\/alfawood.gr\/wp-content\/uploads\/2025\/07\/2023-wall-cladding.jpg","contentUrl":"https:\/\/alfawood.gr\/wp-content\/uploads\/2025\/07\/2023-wall-cladding.jpg","width":947,"height":1300,"caption":"wall cladding"},{"@type":"BreadcrumbList","@id":"https:\/\/alfawood.gr\/product\/2023-antique-oak-square-wall-cladding\/#breadcrumb","itemListElement":[{"@type":"ListItem","position":1,"name":"Home","item":"https:\/\/alfawood.gr\/"},{"@type":"ListItem","position":2,"name":"\u03a0\u03c1\u03bf\u03ca\u03cc\u03bd\u03c4\u03b1","item":"https:\/\/alfawood.gr\/proionta-wood\/"},{"@type":"ListItem","position":3,"name":"\u0394\u03b9\u03b1\u03ba\u03cc\u03c3\u03bc\u03b7\u03c3\u03b7 \u03a4\u03bf\u03af\u03c7\u03bf\u03c5","item":"https:\/\/alfawood.gr\/category\/diakosmiseis-toixon-ksylo\/"},{"@type":"ListItem","position":4,"name":"\u0395\u03c0\u03ad\u03bd\u03b4\u03c5\u03c3\u03b7 \u03a4\u03bf\u03af\u03c7\u03bf\u03c5","item":"https:\/\/alfawood.gr\/category\/diakosmiseis-toixon-ksylo\/ependusi-toixou\/"},{"@type":"ListItem","position":5,"name":"\u0395\u03c0\u03ad\u03bd\u03b4\u03c5\u03c3\u03b7 \u03a4\u03bf\u03af\u03c7\u03bf\u03c5 - CPL","item":"https:\/\/alfawood.gr\/category\/diakosmiseis-toixon-ksylo\/ependusi-toixou\/wall-cladding-cpl\/"},{"@type":"ListItem","position":6,"name":"2023 Antique Oak &#8211; Square | Wall Cladding"}]},{"@type":"WebSite","@id":"https:\/\/alfawood.gr\/#website","url":"https:\/\/alfawood.gr\/","name":"Surfaces en m\u00e9lamine Comptoirs en panneaux de particules MDF Planchers Portes","description":"Alfa Wood Group Industrie du bois","publisher":{"@id":"https:\/\/alfawood.gr\/#organization"},"alternateName":"Melamines - MDF - Laminate - Worktops","potentialAction":[{"@type":"SearchAction","target":{"@type":"EntryPoint","urlTemplate":"https:\/\/alfawood.gr\/?s={search_term_string}"},"query-input":{"@type":"PropertyValueSpecification","valueRequired":true,"valueName":"search_term_string"}}],"inLanguage":"fr-FR"},{"@type":"Organization","@id":"https:\/\/alfawood.gr\/#organization","name":"Groupe Alfa Bois","url":"https:\/\/alfawood.gr\/","logo":{"@type":"ImageObject","inLanguage":"fr-FR","@id":"https:\/\/alfawood.gr\/#\/schema\/logo\/image\/","url":"https:\/\/alfawood.gr\/wp-content\/uploads\/2023\/02\/alfa-wood-logo-1.svg","contentUrl":"https:\/\/alfawood.gr\/wp-content\/uploads\/2023\/02\/alfa-wood-logo-1.svg","width":305,"height":195,"caption":"Alfa Wood Group"},"image":{"@id":"https:\/\/alfawood.gr\/#\/schema\/logo\/image\/"},"sameAs":["https:\/\/www.facebook.com\/alfawood.group","https:\/\/x.com\/ALFAWOODGROUP","https:\/\/www.instagram.com\/alfawood.group","https:\/\/www.youtube.com\/@alfawoodgroup","https:\/\/www.tiktok.com\/@alfawood.group","https:\/\/vimeo.com\/alfawood","https:\/\/www.linkedin.com\/company\/alfawoodgroup","https:\/\/www.pinterest.com\/alfawoodgroup\/"]}]}},"_links":{"self":[{"href":"https:\/\/alfawood.gr\/fr\/wp-json\/wp\/v2\/product\/27812","targetHints":{"allow":["GET"]}}],"collection":[{"href":"https:\/\/alfawood.gr\/fr\/wp-json\/wp\/v2\/product"}],"about":[{"href":"https:\/\/alfawood.gr\/fr\/wp-json\/wp\/v2\/types\/product"}],"version-history":[{"count":1,"href":"https:\/\/alfawood.gr\/fr\/wp-json\/wp\/v2\/product\/27812\/revisions"}],"predecessor-version":[{"id":27813,"href":"https:\/\/alfawood.gr\/fr\/wp-json\/wp\/v2\/product\/27812\/revisions\/27813"}],"wp:featuredmedia":[{"embeddable":true,"href":"https:\/\/alfawood.gr\/fr\/wp-json\/wp\/v2\/media\/27804"}],"wp:attachment":[{"href":"https:\/\/alfawood.gr\/fr\/wp-json\/wp\/v2\/media?parent=27812"}],"wp:term":[{"taxonomy":"product_brand","embeddable":true,"href":"https:\/\/alfawood.gr\/fr\/wp-json\/wp\/v2\/product_brand?post=27812"},{"taxonomy":"product_cat","embeddable":true,"href":"https:\/\/alfawood.gr\/fr\/wp-json\/wp\/v2\/product_cat?post=27812"},{"taxonomy":"product_tag","embeddable":true,"href":"https:\/\/alfawood.gr\/fr\/wp-json\/wp\/v2\/product_tag?post=27812"}],"curies":[{"name":"wp","href":"https:\/\/api.w.org\/{rel}","templated":true}]}}