{"id":14712,"date":"2023-03-07T08:09:56","date_gmt":"2023-03-07T08:09:56","guid":{"rendered":"https:\/\/alfawood.gr\/product\/516-viking-loc-oak-milky-matt-lacquered-brushed-3-strip\/"},"modified":"2023-04-07T12:57:08","modified_gmt":"2023-04-07T12:57:08","slug":"516-viking-loc-oak-milky-matt-lacquered-brushed-3-strip","status":"publish","type":"product","link":"https:\/\/alfawood.gr\/it\/product\/516-viking-loc-oak-milky-matt-lacquered-brushed-3-strip\/","title":{"rendered":"516 Viking Loc Rovere Laccato Opaco Latte Spazzolato 3-Strip"},"content":{"rendered":"<p>Qualsiasi pavimento pu\u00f2 essere un investimento in quanto aggiunge un tocco naturale insieme a calore e lusso.<\/p>\n<p class=\"translation-block\"><a href=\"\/it\/progialismeno-patoma\" target=\"_blank\" rel=\"noopener\">I pavimenti pre-levigati<\/a> sono i pavimenti del futuro e rappresentano una valida alternativa ai pavimenti massicci, in quanto presentano una gamma pi\u00f9 ampia di dimensioni, sono durevoli, possono essere meno costosi ed \u00e8 molto difficile distinguerli una volta installati.<\/p>\n<p>Il pavimento Lucido \u00e8 prodotto in modo tale da fornire una migliore stabilit\u00e0 e resistenza agli sbalzi di temperatura e umidit\u00e0. La parte interessante \u00e8 che sembra un pavimento in legno massiccio in quanto lo strato superiore \u00e8 vero legno massiccio, ma ha una base in pannello (compensato) sotto. Lo strato superiore di legno duro corre perpendicolare alla base del pannello (compensato) che conferisce robustezza e stabilit\u00e0 al pavimento permettendogli di reagire ai cambiamenti di temperatura e umidit\u00e0, rendendolo utilizzabile anche con riscaldamento a pavimento.<\/p>\n<p>&nbsp;<\/p>","protected":false},"excerpt":{"rendered":"<p>\u0397 \u03b5\u03c0\u03b9\u03bb\u03bf\u03b3\u03ae \u03c4\u03bf\u03c0\u03bf\u03b8\u03ad\u03c4\u03b7\u03c3\u03b7\u03c2 \u03c4\u03bf\u03c5\u00a0 \u03be\u03cd\u03bb\u03b9\u03bd\u03bf\u03c5 \u03c0\u03c1\u03bf\u03b3\u03c5\u03b1\u03bb\u03b9\u03c3\u03bc\u03ad\u03bd\u03bf\u03c5 \u03b4\u03b1\u03c0\u03ad\u03b4\u03bf\u03c5 516 Viking Loc Oak Milky Matt Lacquered Brushed 3-Strip \u03c3\u03b5 \u03bc\u03c0\u03b5\u03b6 &#8211; \u03b3\u03ba\u03c1\u03b9 \u03b1\u03c0\u03bf\u03c7\u03c1\u03ce\u03c3\u03b5\u03b9\u03c2 \u03c3\u03b5 \u03c3\u03c5\u03bd\u03b4\u03c5\u03b1\u03c3\u03bc\u03cc \u03bc\u03b5 minimal \u03bd\u03c4\u03b5\u03ba\u03cc\u03c1, \u03b8\u03b1 \u03b4\u03b9\u03b1\u03c3\u03c6\u03b1\u03bb\u03af\u03c3\u03b5\u03b9 \u03bc\u03af\u03b1 \u03ba\u03b1\u03b8\u03b1\u03c1\u03ae \u03ba\u03b1\u03b9 \u03b5\u03c5\u03c7\u03ac\u03c1\u03b9\u03c3\u03c4\u03b7 \u03b1\u03c4\u03bc\u03cc\u03c3\u03c6\u03b1\u03b9\u03c1\u03b1 \u03c3\u03c4\u03bf \u03c7\u03ce\u03c1\u03bf \u03c3\u03b1\u03c2.<\/p>\n<p>\u0394\u03b9\u03b1\u03c3\u03c4\u03ac\u03c3\u03b5\u03b9\u03c2: 2250mm x 190mm x 13,5mm 3-strip<\/p>","protected":false},"featured_media":14714,"template":"","meta":{"_acf_changed":false,"inline_featured_image":false,"cybocfi_hide_featured_image":""},"product_brand":[],"product_cat":[88,180,97],"product_tag":[],"class_list":{"0":"post-14712","1":"product","2":"type-product","3":"status-publish","4":"has-post-thumbnail","6":"product_cat-dapeda","7":"product_cat-esoterikou-xorou","8":"product_cat-progualismena","10":"first","11":"instock","12":"product-type-simple"},"acf":[],"yoast_head":"<!-- This site is optimized with the Yoast SEO Premium plugin v27.4 (Yoast SEO v27.4) - https:\/\/yoast.com\/product\/yoast-seo-premium-wordpress\/ -->\n<title>516 Viking Loc Oak Milky Matt Lacquered Brushed 3-Strip - \u0395\u03c0\u03b9\u03c6\u03ac\u03bd\u03b5\u03b9\u03b5\u03c2 \u039c\u03b5\u03bb\u03b1\u03bc\u03af\u03bd\u03b7\u03c2 MDF \u039c\u03bf\u03c1\u03b9\u03bf\u03c3\u03b1\u03bd\u03af\u03b4\u03b1 \u03a0\u03ac\u03b3\u03ba\u03bf\u03b9 \u0394\u03ac\u03c0\u03b5\u03b4\u03b1 \u03a0\u03cc\u03c1\u03c4\u03b5\u03c2<\/title>\n<meta name=\"robots\" content=\"index, follow, max-snippet:-1, max-image-preview:large, max-video-preview:-1\" \/>\n<link rel=\"canonical\" href=\"https:\/\/alfawood.gr\/it\/prodotto\/516-viking-loc-oak-milky-matt-lacquered-brushed-3-strip\" \/>\n<meta property=\"og:locale\" content=\"it_IT\" \/>\n<meta property=\"og:type\" content=\"article\" \/>\n<meta property=\"og:title\" content=\"516 Viking Loc Oak Milky Matt Lacquered Brushed 3-Strip\" \/>\n<meta property=\"og:description\" content=\"\u0397 \u03b5\u03c0\u03b9\u03bb\u03bf\u03b3\u03ae \u03c4\u03bf\u03c0\u03bf\u03b8\u03ad\u03c4\u03b7\u03c3\u03b7\u03c2 \u03c4\u03bf\u03c5\u00a0 \u03be\u03cd\u03bb\u03b9\u03bd\u03bf\u03c5 \u03c0\u03c1\u03bf\u03b3\u03c5\u03b1\u03bb\u03b9\u03c3\u03bc\u03ad\u03bd\u03bf\u03c5 \u03b4\u03b1\u03c0\u03ad\u03b4\u03bf\u03c5 516 Viking Loc Oak Milky Matt Lacquered Brushed 3-Strip \u03c3\u03b5 \u03bc\u03c0\u03b5\u03b6 - \u03b3\u03ba\u03c1\u03b9 \u03b1\u03c0\u03bf\u03c7\u03c1\u03ce\u03c3\u03b5\u03b9\u03c2 \u03c3\u03b5 \u03c3\u03c5\u03bd\u03b4\u03c5\u03b1\u03c3\u03bc\u03cc \u03bc\u03b5 minimal \u03bd\u03c4\u03b5\u03ba\u03cc\u03c1, \u03b8\u03b1 \u03b4\u03b9\u03b1\u03c3\u03c6\u03b1\u03bb\u03af\u03c3\u03b5\u03b9 \u03bc\u03af\u03b1 \u03ba\u03b1\u03b8\u03b1\u03c1\u03ae \u03ba\u03b1\u03b9 \u03b5\u03c5\u03c7\u03ac\u03c1\u03b9\u03c3\u03c4\u03b7 \u03b1\u03c4\u03bc\u03cc\u03c3\u03c6\u03b1\u03b9\u03c1\u03b1 \u03c3\u03c4\u03bf \u03c7\u03ce\u03c1\u03bf \u03c3\u03b1\u03c2.  \u0394\u03b9\u03b1\u03c3\u03c4\u03ac\u03c3\u03b5\u03b9\u03c2: 2250mm x 190mm x 13,5mm 3-strip\" \/>\n<meta property=\"og:url\" content=\"https:\/\/alfawood.gr\/it\/prodotto\/516-viking-loc-oak-milky-matt-lacquered-brushed-3-strip\" \/>\n<meta property=\"og:site_name\" content=\"\u0395\u03c0\u03b9\u03c6\u03ac\u03bd\u03b5\u03b9\u03b5\u03c2 \u039c\u03b5\u03bb\u03b1\u03bc\u03af\u03bd\u03b7\u03c2 MDF \u039c\u03bf\u03c1\u03b9\u03bf\u03c3\u03b1\u03bd\u03af\u03b4\u03b1 \u03a0\u03ac\u03b3\u03ba\u03bf\u03b9 \u0394\u03ac\u03c0\u03b5\u03b4\u03b1 \u03a0\u03cc\u03c1\u03c4\u03b5\u03c2\" \/>\n<meta property=\"article:publisher\" content=\"https:\/\/www.facebook.com\/alfawood.group\" \/>\n<meta property=\"article:modified_time\" content=\"2023-04-07T12:57:08+00:00\" \/>\n<meta property=\"og:image\" content=\"https:\/\/alfawood.gr\/wp-content\/uploads\/2023\/03\/516-Viking-Loc-Oak-Milky-Matt-Lacquered-Brushed-3-Strip.jpg\" \/>\n\t<meta property=\"og:image:width\" content=\"600\" \/>\n\t<meta property=\"og:image:height\" content=\"824\" \/>\n\t<meta property=\"og:image:type\" content=\"image\/jpeg\" \/>\n<meta name=\"twitter:card\" content=\"summary_large_image\" \/>\n<meta name=\"twitter:site\" content=\"@ALFAWOODGROUP\" \/>\n<meta name=\"twitter:label1\" content=\"Tempo di lettura stimato\" \/>\n\t<meta name=\"twitter:data1\" content=\"1 minuto\" \/>\n<script type=\"application\/ld+json\" class=\"yoast-schema-graph\">{\"@context\":\"https:\\\/\\\/schema.org\",\"@graph\":[{\"@type\":\"WebPage\",\"@id\":\"https:\\\/\\\/alfawood.gr\\\/en\\\/product\\\/516-viking-loc-oak-milky-matt-lacquered-brushed-3-strip\\\/\",\"url\":\"https:\\\/\\\/alfawood.gr\\\/en\\\/product\\\/516-viking-loc-oak-milky-matt-lacquered-brushed-3-strip\\\/\",\"name\":\"516 Viking Loc Oak Milky Matt Lacquered Brushed 3-Strip - \u0395\u03c0\u03b9\u03c6\u03ac\u03bd\u03b5\u03b9\u03b5\u03c2 \u039c\u03b5\u03bb\u03b1\u03bc\u03af\u03bd\u03b7\u03c2 MDF \u039c\u03bf\u03c1\u03b9\u03bf\u03c3\u03b1\u03bd\u03af\u03b4\u03b1 \u03a0\u03ac\u03b3\u03ba\u03bf\u03b9 \u0394\u03ac\u03c0\u03b5\u03b4\u03b1 \u03a0\u03cc\u03c1\u03c4\u03b5\u03c2\",\"isPartOf\":{\"@id\":\"https:\\\/\\\/alfawood.gr\\\/#website\"},\"primaryImageOfPage\":{\"@id\":\"https:\\\/\\\/alfawood.gr\\\/en\\\/product\\\/516-viking-loc-oak-milky-matt-lacquered-brushed-3-strip\\\/#primaryimage\"},\"image\":{\"@id\":\"https:\\\/\\\/alfawood.gr\\\/en\\\/product\\\/516-viking-loc-oak-milky-matt-lacquered-brushed-3-strip\\\/#primaryimage\"},\"thumbnailUrl\":\"https:\\\/\\\/alfawood.gr\\\/wp-content\\\/uploads\\\/2023\\\/03\\\/516-Viking-Loc-Oak-Milky-Matt-Lacquered-Brushed-3-Strip.jpg\",\"datePublished\":\"2023-03-07T08:09:56+00:00\",\"dateModified\":\"2023-04-07T12:57:08+00:00\",\"breadcrumb\":{\"@id\":\"https:\\\/\\\/alfawood.gr\\\/en\\\/product\\\/516-viking-loc-oak-milky-matt-lacquered-brushed-3-strip\\\/#breadcrumb\"},\"inLanguage\":\"it-IT\",\"potentialAction\":[{\"@type\":\"ReadAction\",\"target\":[\"https:\\\/\\\/alfawood.gr\\\/en\\\/product\\\/516-viking-loc-oak-milky-matt-lacquered-brushed-3-strip\\\/\"]}]},{\"@type\":\"ImageObject\",\"inLanguage\":\"it-IT\",\"@id\":\"https:\\\/\\\/alfawood.gr\\\/en\\\/product\\\/516-viking-loc-oak-milky-matt-lacquered-brushed-3-strip\\\/#primaryimage\",\"url\":\"https:\\\/\\\/alfawood.gr\\\/wp-content\\\/uploads\\\/2023\\\/03\\\/516-Viking-Loc-Oak-Milky-Matt-Lacquered-Brushed-3-Strip.jpg\",\"contentUrl\":\"https:\\\/\\\/alfawood.gr\\\/wp-content\\\/uploads\\\/2023\\\/03\\\/516-Viking-Loc-Oak-Milky-Matt-Lacquered-Brushed-3-Strip.jpg\",\"width\":600,\"height\":824,\"caption\":\"516 Viking Loc Oak Milky Matt Lacquered Brushed 3-Strip - Alfa Flooring \u03a0\u03c1\u03bf\u03b3\u03c5\u03b1\u03bb\u03b9\u03c3\u03bc\u03ad\u03bd\u03b1\"},{\"@type\":\"BreadcrumbList\",\"@id\":\"https:\\\/\\\/alfawood.gr\\\/en\\\/product\\\/516-viking-loc-oak-milky-matt-lacquered-brushed-3-strip\\\/#breadcrumb\",\"itemListElement\":[{\"@type\":\"ListItem\",\"position\":1,\"name\":\"Home\",\"item\":\"https:\\\/\\\/alfawood.gr\\\/\"},{\"@type\":\"ListItem\",\"position\":2,\"name\":\"\u03a0\u03c1\u03bf\u03ca\u03cc\u03bd\u03c4\u03b1\",\"item\":\"https:\\\/\\\/alfawood.gr\\\/proionta-wood\\\/\"},{\"@type\":\"ListItem\",\"position\":3,\"name\":\"\u0394\u03ac\u03c0\u03b5\u03b4\u03b1 - Alfa Flooring\",\"item\":\"https:\\\/\\\/alfawood.gr\\\/category\\\/dapeda\\\/\"},{\"@type\":\"ListItem\",\"position\":4,\"name\":\"516 Viking Loc Oak Milky Matt Lacquered Brushed 3-Strip\"}]},{\"@type\":\"WebSite\",\"@id\":\"https:\\\/\\\/alfawood.gr\\\/#website\",\"url\":\"https:\\\/\\\/alfawood.gr\\\/\",\"name\":\"\u0395\u03c0\u03b9\u03c6\u03ac\u03bd\u03b5\u03b9\u03b5\u03c2 \u039c\u03b5\u03bb\u03b1\u03bc\u03af\u03bd\u03b7\u03c2 MDF \u039c\u03bf\u03c1\u03b9\u03bf\u03c3\u03b1\u03bd\u03af\u03b4\u03b1 \u03a0\u03ac\u03b3\u03ba\u03bf\u03b9 \u0394\u03ac\u03c0\u03b5\u03b4\u03b1 \u03a0\u03cc\u03c1\u03c4\u03b5\u03c2\",\"description\":\"\u0392\u03b9\u03bf\u03bc\u03b7\u03c7\u03b1\u03bd\u03af\u03b1 \u039e\u03cd\u03bb\u03bf\u03c5 Alfa Wood Group\",\"publisher\":{\"@id\":\"https:\\\/\\\/alfawood.gr\\\/#organization\"},\"alternateName\":\"Melamines - MDF - Laminate - Worktops\",\"potentialAction\":[{\"@type\":\"SearchAction\",\"target\":{\"@type\":\"EntryPoint\",\"urlTemplate\":\"https:\\\/\\\/alfawood.gr\\\/?s={search_term_string}\"},\"query-input\":{\"@type\":\"PropertyValueSpecification\",\"valueRequired\":true,\"valueName\":\"search_term_string\"}}],\"inLanguage\":\"it-IT\"},{\"@type\":\"Organization\",\"@id\":\"https:\\\/\\\/alfawood.gr\\\/#organization\",\"name\":\"Alfa Wood Group\",\"url\":\"https:\\\/\\\/alfawood.gr\\\/\",\"logo\":{\"@type\":\"ImageObject\",\"inLanguage\":\"it-IT\",\"@id\":\"https:\\\/\\\/alfawood.gr\\\/#\\\/schema\\\/logo\\\/image\\\/\",\"url\":\"https:\\\/\\\/alfawood.gr\\\/wp-content\\\/uploads\\\/2023\\\/02\\\/alfa-wood-logo-1.svg\",\"contentUrl\":\"https:\\\/\\\/alfawood.gr\\\/wp-content\\\/uploads\\\/2023\\\/02\\\/alfa-wood-logo-1.svg\",\"width\":305,\"height\":195,\"caption\":\"Alfa Wood Group\"},\"image\":{\"@id\":\"https:\\\/\\\/alfawood.gr\\\/#\\\/schema\\\/logo\\\/image\\\/\"},\"sameAs\":[\"https:\\\/\\\/www.facebook.com\\\/alfawood.group\",\"https:\\\/\\\/x.com\\\/ALFAWOODGROUP\",\"https:\\\/\\\/www.instagram.com\\\/alfawood.group\",\"https:\\\/\\\/www.youtube.com\\\/@alfawoodgroup\",\"https:\\\/\\\/www.tiktok.com\\\/@alfawood.group\",\"https:\\\/\\\/vimeo.com\\\/alfawood\",\"https:\\\/\\\/www.linkedin.com\\\/company\\\/alfawoodgroup\",\"https:\\\/\\\/www.pinterest.com\\\/alfawoodgroup\\\/\"]}]}<\/script>\n<!-- \/ Yoast SEO Premium plugin. -->","yoast_head_json":{"title":"516 Viking Loc Oak Milky Matt Lacquered Brushed 3-Strip - \u0395\u03c0\u03b9\u03c6\u03ac\u03bd\u03b5\u03b9\u03b5\u03c2 \u039c\u03b5\u03bb\u03b1\u03bc\u03af\u03bd\u03b7\u03c2 MDF \u039c\u03bf\u03c1\u03b9\u03bf\u03c3\u03b1\u03bd\u03af\u03b4\u03b1 \u03a0\u03ac\u03b3\u03ba\u03bf\u03b9 \u0394\u03ac\u03c0\u03b5\u03b4\u03b1 \u03a0\u03cc\u03c1\u03c4\u03b5\u03c2","robots":{"index":"index","follow":"follow","max-snippet":"max-snippet:-1","max-image-preview":"max-image-preview:large","max-video-preview":"max-video-preview:-1"},"canonical":"https:\/\/alfawood.gr\/it\/prodotto\/516-viking-loc-oak-milky-matt-lacquered-brushed-3-strip","og_locale":"it_IT","og_type":"article","og_title":"516 Viking Loc Oak Milky Matt Lacquered Brushed 3-Strip","og_description":"\u0397 \u03b5\u03c0\u03b9\u03bb\u03bf\u03b3\u03ae \u03c4\u03bf\u03c0\u03bf\u03b8\u03ad\u03c4\u03b7\u03c3\u03b7\u03c2 \u03c4\u03bf\u03c5\u00a0 \u03be\u03cd\u03bb\u03b9\u03bd\u03bf\u03c5 \u03c0\u03c1\u03bf\u03b3\u03c5\u03b1\u03bb\u03b9\u03c3\u03bc\u03ad\u03bd\u03bf\u03c5 \u03b4\u03b1\u03c0\u03ad\u03b4\u03bf\u03c5 516 Viking Loc Oak Milky Matt Lacquered Brushed 3-Strip \u03c3\u03b5 \u03bc\u03c0\u03b5\u03b6 - \u03b3\u03ba\u03c1\u03b9 \u03b1\u03c0\u03bf\u03c7\u03c1\u03ce\u03c3\u03b5\u03b9\u03c2 \u03c3\u03b5 \u03c3\u03c5\u03bd\u03b4\u03c5\u03b1\u03c3\u03bc\u03cc \u03bc\u03b5 minimal \u03bd\u03c4\u03b5\u03ba\u03cc\u03c1, \u03b8\u03b1 \u03b4\u03b9\u03b1\u03c3\u03c6\u03b1\u03bb\u03af\u03c3\u03b5\u03b9 \u03bc\u03af\u03b1 \u03ba\u03b1\u03b8\u03b1\u03c1\u03ae \u03ba\u03b1\u03b9 \u03b5\u03c5\u03c7\u03ac\u03c1\u03b9\u03c3\u03c4\u03b7 \u03b1\u03c4\u03bc\u03cc\u03c3\u03c6\u03b1\u03b9\u03c1\u03b1 \u03c3\u03c4\u03bf \u03c7\u03ce\u03c1\u03bf \u03c3\u03b1\u03c2.  \u0394\u03b9\u03b1\u03c3\u03c4\u03ac\u03c3\u03b5\u03b9\u03c2: 2250mm x 190mm x 13,5mm 3-strip","og_url":"https:\/\/alfawood.gr\/it\/prodotto\/516-viking-loc-oak-milky-matt-lacquered-brushed-3-strip","og_site_name":"\u0395\u03c0\u03b9\u03c6\u03ac\u03bd\u03b5\u03b9\u03b5\u03c2 \u039c\u03b5\u03bb\u03b1\u03bc\u03af\u03bd\u03b7\u03c2 MDF \u039c\u03bf\u03c1\u03b9\u03bf\u03c3\u03b1\u03bd\u03af\u03b4\u03b1 \u03a0\u03ac\u03b3\u03ba\u03bf\u03b9 \u0394\u03ac\u03c0\u03b5\u03b4\u03b1 \u03a0\u03cc\u03c1\u03c4\u03b5\u03c2","article_publisher":"https:\/\/www.facebook.com\/alfawood.group","article_modified_time":"2023-04-07T12:57:08+00:00","og_image":[{"width":600,"height":824,"url":"https:\/\/alfawood.gr\/wp-content\/uploads\/2023\/03\/516-Viking-Loc-Oak-Milky-Matt-Lacquered-Brushed-3-Strip.jpg","type":"image\/jpeg"}],"twitter_card":"summary_large_image","twitter_site":"@ALFAWOODGROUP","twitter_misc":{"Tempo di lettura stimato":"1 minuto"},"schema":{"@context":"https:\/\/schema.org","@graph":[{"@type":"WebPage","@id":"https:\/\/alfawood.gr\/en\/product\/516-viking-loc-oak-milky-matt-lacquered-brushed-3-strip\/","url":"https:\/\/alfawood.gr\/en\/product\/516-viking-loc-oak-milky-matt-lacquered-brushed-3-strip\/","name":"516 Viking Loc Oak Milky Matt Lacquered Brushed 3-Strip - \u0395\u03c0\u03b9\u03c6\u03ac\u03bd\u03b5\u03b9\u03b5\u03c2 \u039c\u03b5\u03bb\u03b1\u03bc\u03af\u03bd\u03b7\u03c2 MDF \u039c\u03bf\u03c1\u03b9\u03bf\u03c3\u03b1\u03bd\u03af\u03b4\u03b1 \u03a0\u03ac\u03b3\u03ba\u03bf\u03b9 \u0394\u03ac\u03c0\u03b5\u03b4\u03b1 \u03a0\u03cc\u03c1\u03c4\u03b5\u03c2","isPartOf":{"@id":"https:\/\/alfawood.gr\/#website"},"primaryImageOfPage":{"@id":"https:\/\/alfawood.gr\/en\/product\/516-viking-loc-oak-milky-matt-lacquered-brushed-3-strip\/#primaryimage"},"image":{"@id":"https:\/\/alfawood.gr\/en\/product\/516-viking-loc-oak-milky-matt-lacquered-brushed-3-strip\/#primaryimage"},"thumbnailUrl":"https:\/\/alfawood.gr\/wp-content\/uploads\/2023\/03\/516-Viking-Loc-Oak-Milky-Matt-Lacquered-Brushed-3-Strip.jpg","datePublished":"2023-03-07T08:09:56+00:00","dateModified":"2023-04-07T12:57:08+00:00","breadcrumb":{"@id":"https:\/\/alfawood.gr\/en\/product\/516-viking-loc-oak-milky-matt-lacquered-brushed-3-strip\/#breadcrumb"},"inLanguage":"it-IT","potentialAction":[{"@type":"ReadAction","target":["https:\/\/alfawood.gr\/en\/product\/516-viking-loc-oak-milky-matt-lacquered-brushed-3-strip\/"]}]},{"@type":"ImageObject","inLanguage":"it-IT","@id":"https:\/\/alfawood.gr\/en\/product\/516-viking-loc-oak-milky-matt-lacquered-brushed-3-strip\/#primaryimage","url":"https:\/\/alfawood.gr\/wp-content\/uploads\/2023\/03\/516-Viking-Loc-Oak-Milky-Matt-Lacquered-Brushed-3-Strip.jpg","contentUrl":"https:\/\/alfawood.gr\/wp-content\/uploads\/2023\/03\/516-Viking-Loc-Oak-Milky-Matt-Lacquered-Brushed-3-Strip.jpg","width":600,"height":824,"caption":"516 Viking Loc Oak Milky Matt Lacquered Brushed 3-Strip - Alfa Flooring \u03a0\u03c1\u03bf\u03b3\u03c5\u03b1\u03bb\u03b9\u03c3\u03bc\u03ad\u03bd\u03b1"},{"@type":"BreadcrumbList","@id":"https:\/\/alfawood.gr\/en\/product\/516-viking-loc-oak-milky-matt-lacquered-brushed-3-strip\/#breadcrumb","itemListElement":[{"@type":"ListItem","position":1,"name":"Home","item":"https:\/\/alfawood.gr\/"},{"@type":"ListItem","position":2,"name":"\u03a0\u03c1\u03bf\u03ca\u03cc\u03bd\u03c4\u03b1","item":"https:\/\/alfawood.gr\/proionta-wood\/"},{"@type":"ListItem","position":3,"name":"\u0394\u03ac\u03c0\u03b5\u03b4\u03b1 - Alfa Flooring","item":"https:\/\/alfawood.gr\/category\/dapeda\/"},{"@type":"ListItem","position":4,"name":"516 Viking Loc Oak Milky Matt Lacquered Brushed 3-Strip"}]},{"@type":"WebSite","@id":"https:\/\/alfawood.gr\/#website","url":"https:\/\/alfawood.gr\/","name":"Superfici in melamina MDF Truciolare Banconi Pavimenti Porte","description":"Alfa Wood Group Industria del Legno","publisher":{"@id":"https:\/\/alfawood.gr\/#organization"},"alternateName":"Melamines - MDF - Laminate - Worktops","potentialAction":[{"@type":"SearchAction","target":{"@type":"EntryPoint","urlTemplate":"https:\/\/alfawood.gr\/?s={search_term_string}"},"query-input":{"@type":"PropertyValueSpecification","valueRequired":true,"valueName":"search_term_string"}}],"inLanguage":"it-IT"},{"@type":"Organization","@id":"https:\/\/alfawood.gr\/#organization","name":"Gruppo Alfa Legno","url":"https:\/\/alfawood.gr\/","logo":{"@type":"ImageObject","inLanguage":"it-IT","@id":"https:\/\/alfawood.gr\/#\/schema\/logo\/image\/","url":"https:\/\/alfawood.gr\/wp-content\/uploads\/2023\/02\/alfa-wood-logo-1.svg","contentUrl":"https:\/\/alfawood.gr\/wp-content\/uploads\/2023\/02\/alfa-wood-logo-1.svg","width":305,"height":195,"caption":"Alfa Wood Group"},"image":{"@id":"https:\/\/alfawood.gr\/#\/schema\/logo\/image\/"},"sameAs":["https:\/\/www.facebook.com\/alfawood.group","https:\/\/x.com\/ALFAWOODGROUP","https:\/\/www.instagram.com\/alfawood.group","https:\/\/www.youtube.com\/@alfawoodgroup","https:\/\/www.tiktok.com\/@alfawood.group","https:\/\/vimeo.com\/alfawood","https:\/\/www.linkedin.com\/company\/alfawoodgroup","https:\/\/www.pinterest.com\/alfawoodgroup\/"]}]}},"_links":{"self":[{"href":"https:\/\/alfawood.gr\/it\/wp-json\/wp\/v2\/product\/14712","targetHints":{"allow":["GET"]}}],"collection":[{"href":"https:\/\/alfawood.gr\/it\/wp-json\/wp\/v2\/product"}],"about":[{"href":"https:\/\/alfawood.gr\/it\/wp-json\/wp\/v2\/types\/product"}],"version-history":[{"count":0,"href":"https:\/\/alfawood.gr\/it\/wp-json\/wp\/v2\/product\/14712\/revisions"}],"wp:featuredmedia":[{"embeddable":true,"href":"https:\/\/alfawood.gr\/it\/wp-json\/wp\/v2\/media\/14714"}],"wp:attachment":[{"href":"https:\/\/alfawood.gr\/it\/wp-json\/wp\/v2\/media?parent=14712"}],"wp:term":[{"taxonomy":"product_brand","embeddable":true,"href":"https:\/\/alfawood.gr\/it\/wp-json\/wp\/v2\/product_brand?post=14712"},{"taxonomy":"product_cat","embeddable":true,"href":"https:\/\/alfawood.gr\/it\/wp-json\/wp\/v2\/product_cat?post=14712"},{"taxonomy":"product_tag","embeddable":true,"href":"https:\/\/alfawood.gr\/it\/wp-json\/wp\/v2\/product_tag?post=14712"}],"curies":[{"name":"parola chiave","href":"https:\/\/api.w.org\/{rel}","templated":true}]}}