{"id":15077,"date":"2023-03-07T08:15:29","date_gmt":"2023-03-07T08:15:29","guid":{"rendered":"https:\/\/alfawood.gr\/product\/exclusive-f-6813\/"},"modified":"2023-06-02T12:43:17","modified_gmt":"2023-06-02T12:43:17","slug":"exclusive-f-6813","status":"publish","type":"product","link":"https:\/\/alfawood.gr\/it\/product\/exclusive-f-6813\/","title":{"rendered":"F 6813 Esclusivo"},"content":{"rendered":"<p>L&#039;alta qualit\u00e0 e la durevolezza di <strong>Esclusivo<\/strong> i controsoffitti li rendono ideali tranne che per <a href=\"\/it\/pagos-kouzinas-alfatops\" target=\"_blank\" rel=\"noopener\">piani di lavoro della cucina<\/a>, adatto anche per bagni, uffici e banconi di negozi. Le texture delle superfici che imitano la pietra, il granito, il marmo e il legno, con numerose combinazioni di tonalit\u00e0 e texture, offrono la possibilit\u00e0 di scegliere e creare uno stile espressivo individuale e di qualit\u00e0.<\/p>\n<p>Caratteristiche:<\/p>\n<ul>\n<li>Durevole con elevata resistenza agli urti<\/li>\n<li>Resistente all&#039;abrasione<\/li>\n<li>Resistente alle macchie<\/li>\n<li>Forte resistenza alle condizioni climatiche estreme e ai raggi UV.<\/li>\n<li>Non scoloriscono<\/li>\n<li>Offrono una protezione affidabile e duratura contro i batteri e danno un&#039;altra dimensione all&#039;igiene e alla pulizia.<\/li>\n<li>Le materie prime utilizzate sono rispettose dell&#039;ambiente.<\/li>\n<\/ul>\n<p><strong>Rapporto: R2<\/strong><\/p>\n<p><a href=\"\/files\/catalogs\/\/ALFASURFACES-BOOK-GR.pdf\" target=\"_blank\" rel=\"noopener\">Vedi il catalogo<\/a><\/p>","protected":false},"excerpt":{"rendered":"<p>Il piano di lavoro F 6813 della collezione Exclusive nella tonalit\u00e0 grigio-marrone, con superficie vellutata al tatto, si armonizza con le ultime tonalit\u00e0 di colore, seguendo le tendenze dell&#039;alta estetica nell&#039;interior design. Il piano di lavoro della cucina in finto marmo crea un&#039;estetica autentica e di alto livello.<\/p>\n<p>Il modo in cui la superficie si abbina ad altri elementi, come ante e ripiani, consente di creare molteplici combinazioni.<\/p>","protected":false},"featured_media":15079,"template":"","meta":{"_acf_changed":false,"inline_featured_image":false,"cybocfi_hide_featured_image":""},"product_brand":[],"product_cat":[112,113],"product_tag":[],"class_list":{"0":"post-15077","1":"product","2":"type-product","3":"status-publish","4":"has-post-thumbnail","6":"product_cat-pagoi-kouzinas","7":"product_cat-exclusive","9":"first","10":"instock","11":"product-type-simple"},"acf":[],"yoast_head":"<!-- This site is optimized with the Yoast SEO Premium plugin v27.3 (Yoast SEO v27.3) - https:\/\/yoast.com\/product\/yoast-seo-premium-wordpress\/ -->\n<title>F 6813 Exclusive - \u0395\u03c0\u03b9\u03c6\u03ac\u03bd\u03b5\u03b9\u03b5\u03c2 \u039c\u03b5\u03bb\u03b1\u03bc\u03af\u03bd\u03b7\u03c2 MDF \u039c\u03bf\u03c1\u03b9\u03bf\u03c3\u03b1\u03bd\u03af\u03b4\u03b1 \u03a0\u03ac\u03b3\u03ba\u03bf\u03b9 \u0394\u03ac\u03c0\u03b5\u03b4\u03b1 \u03a0\u03cc\u03c1\u03c4\u03b5\u03c2<\/title>\n<meta name=\"robots\" content=\"index, follow, max-snippet:-1, max-image-preview:large, max-video-preview:-1\" \/>\n<link rel=\"canonical\" href=\"https:\/\/alfawood.gr\/it\/prodotto\/exclusive-f-6813\" \/>\n<meta property=\"og:locale\" content=\"it_IT\" \/>\n<meta property=\"og:type\" content=\"article\" \/>\n<meta property=\"og:title\" content=\"F 6813 Exclusive\" \/>\n<meta property=\"og:description\" content=\"O \u03c0\u03ac\u03b3\u03ba\u03bf\u03c2 F 6813 \u03c4\u03b7\u03c2 \u03c3\u03c5\u03bb\u03bb\u03bf\u03b3\u03ae\u03c2 \u0395xclusive \u03c3\u03b5 \u03b3\u03ba\u03c1\u03b9 - \u03ba\u03b1\u03c6\u03ad \u03b1\u03c0\u03cc\u03c7\u03c1\u03c9\u03c3\u03b7, \u03b5\u03c0\u03b9\u03c6\u03ac\u03bd\u03b5\u03b9\u03b1\u03c2 velvet touch, \u03b5\u03bd\u03b1\u03c1\u03bc\u03bf\u03bd\u03af\u03b6\u03b5\u03c4\u03b5 \u03bc\u03b5 \u03c4\u03bf\u03c5\u03c2 \u03c4\u03b5\u03bb\u03b5\u03c5\u03c4\u03b1\u03af\u03bf\u03c5\u03c2 \u03c7\u03c1\u03c9\u03bc\u03b1\u03c4\u03b9\u03ba\u03bf\u03cd\u03c2 \u03c4\u03cc\u03bd\u03bf\u03c5\u03c2, \u03b1\u03ba\u03bf\u03bb\u03bf\u03c5\u03b8\u03ce\u03bd\u03c4\u03b1\u03c2 \u03c4\u03b9\u03c2 \u03c4\u03ac\u03c3\u03b5\u03b9\u03c2 \u03c5\u03c8\u03b7\u03bb\u03ae\u03c2 \u03b1\u03b9\u03c3\u03b8\u03b7\u03c4\u03b9\u03ba\u03ae\u03c2 \u03c3\u03c4\u03bf interior design. \u039f \u03c0\u03ac\u03b3\u03ba\u03bf\u03c2 \u03ba\u03bf\u03c5\u03b6\u03af\u03bd\u03b1\u03c2 \u03c3\u03b5 \u03b1\u03c0\u03bf\u03bc\u03af\u03bc\u03b7\u03c3\u03b7 \u03bc\u03b1\u03c1\u03bc\u03ac\u03c1\u03bf\u03c5 \u03b4\u03b7\u03bc\u03b9\u03bf\u03c5\u03c1\u03b3\u03b5\u03af \u03bc\u03af\u03b1 \u03b1\u03c5\u03b8\u03b5\u03bd\u03c4\u03b9\u03ba\u03ae \u03c5\u03c8\u03b7\u03bb\u03ae \u03b1\u03b9\u03c3\u03b8\u03b7\u03c4\u03b9\u03ba\u03ae.  \u039f \u03c4\u03c1\u03cc\u03c0\u03bf\u03c2 \u03bc\u03b5 \u03c4\u03bf\u03bd \u03bf\u03c0\u03bf\u03af\u03bf \u03c3\u03c5\u03bd\u03b4\u03c5\u03ac\u03b6\u03b5\u03c4\u03b1\u03b9 \u03b7 \u03b5\u03c0\u03b9\u03c6\u03ac\u03bd\u03b5\u03b9\u03b1 \u03bc\u03b5 \u03ac\u03bb\u03bb\u03b1 \u03c3\u03c4\u03bf\u03b9\u03c7\u03b5\u03af\u03b1, \u03cc\u03c0\u03c9\u03c2 \u03c0\u03cc\u03c1\u03c4\u03b5\u03c2 \u03ba\u03b1\u03b9 \u03c1\u03ac\u03c6\u03b9\u03b1, \u03c3\u03b1\u03c2 \u03b4\u03af\u03bd\u03b5\u03b9 \u03c4\u03b7 \u03b4\u03c5\u03bd\u03b1\u03c4\u03cc\u03c4\u03b7\u03c4\u03b1 \u03bd\u03b1 \u03b4\u03b7\u03bc\u03b9\u03bf\u03c5\u03c1\u03b3\u03ae\u03c3\u03b5\u03c4\u03b5 \u03c0\u03bf\u03bb\u03bb\u03bf\u03cd\u03c2 \u03c3\u03c5\u03bd\u03b4\u03c5\u03b1\u03c3\u03bc\u03bf\u03cd\u03c2.\" \/>\n<meta property=\"og:url\" content=\"https:\/\/alfawood.gr\/it\/prodotto\/exclusive-f-6813\" \/>\n<meta property=\"og:site_name\" content=\"\u0395\u03c0\u03b9\u03c6\u03ac\u03bd\u03b5\u03b9\u03b5\u03c2 \u039c\u03b5\u03bb\u03b1\u03bc\u03af\u03bd\u03b7\u03c2 MDF \u039c\u03bf\u03c1\u03b9\u03bf\u03c3\u03b1\u03bd\u03af\u03b4\u03b1 \u03a0\u03ac\u03b3\u03ba\u03bf\u03b9 \u0394\u03ac\u03c0\u03b5\u03b4\u03b1 \u03a0\u03cc\u03c1\u03c4\u03b5\u03c2\" \/>\n<meta property=\"article:publisher\" content=\"https:\/\/www.facebook.com\/alfawood.group\" \/>\n<meta property=\"article:modified_time\" content=\"2023-06-02T12:43:17+00:00\" \/>\n<meta property=\"og:image\" content=\"https:\/\/alfawood.gr\/wp-content\/uploads\/2023\/03\/f6813.jpg\" \/>\n\t<meta property=\"og:image:width\" content=\"1457\" \/>\n\t<meta property=\"og:image:height\" content=\"2000\" \/>\n\t<meta property=\"og:image:type\" content=\"image\/jpeg\" \/>\n<meta name=\"twitter:card\" content=\"summary_large_image\" \/>\n<meta name=\"twitter:site\" content=\"@ALFAWOODGROUP\" \/>\n<meta name=\"twitter:label1\" content=\"Tempo di lettura stimato\" \/>\n\t<meta name=\"twitter:data1\" content=\"1 minuto\" \/>\n<script type=\"application\/ld+json\" class=\"yoast-schema-graph\">{\"@context\":\"https:\\\/\\\/schema.org\",\"@graph\":[{\"@type\":\"WebPage\",\"@id\":\"https:\\\/\\\/alfawood.gr\\\/product\\\/exclusive-f-6813\\\/\",\"url\":\"https:\\\/\\\/alfawood.gr\\\/product\\\/exclusive-f-6813\\\/\",\"name\":\"F 6813 Exclusive - \u0395\u03c0\u03b9\u03c6\u03ac\u03bd\u03b5\u03b9\u03b5\u03c2 \u039c\u03b5\u03bb\u03b1\u03bc\u03af\u03bd\u03b7\u03c2 MDF \u039c\u03bf\u03c1\u03b9\u03bf\u03c3\u03b1\u03bd\u03af\u03b4\u03b1 \u03a0\u03ac\u03b3\u03ba\u03bf\u03b9 \u0394\u03ac\u03c0\u03b5\u03b4\u03b1 \u03a0\u03cc\u03c1\u03c4\u03b5\u03c2\",\"isPartOf\":{\"@id\":\"https:\\\/\\\/alfawood.gr\\\/#website\"},\"primaryImageOfPage\":{\"@id\":\"https:\\\/\\\/alfawood.gr\\\/product\\\/exclusive-f-6813\\\/#primaryimage\"},\"image\":{\"@id\":\"https:\\\/\\\/alfawood.gr\\\/product\\\/exclusive-f-6813\\\/#primaryimage\"},\"thumbnailUrl\":\"https:\\\/\\\/alfawood.gr\\\/wp-content\\\/uploads\\\/2023\\\/03\\\/f6813.jpg\",\"datePublished\":\"2023-03-07T08:15:29+00:00\",\"dateModified\":\"2023-06-02T12:43:17+00:00\",\"breadcrumb\":{\"@id\":\"https:\\\/\\\/alfawood.gr\\\/product\\\/exclusive-f-6813\\\/#breadcrumb\"},\"inLanguage\":\"it-IT\",\"potentialAction\":[{\"@type\":\"ReadAction\",\"target\":[\"https:\\\/\\\/alfawood.gr\\\/product\\\/exclusive-f-6813\\\/\"]}]},{\"@type\":\"ImageObject\",\"inLanguage\":\"it-IT\",\"@id\":\"https:\\\/\\\/alfawood.gr\\\/product\\\/exclusive-f-6813\\\/#primaryimage\",\"url\":\"https:\\\/\\\/alfawood.gr\\\/wp-content\\\/uploads\\\/2023\\\/03\\\/f6813.jpg\",\"contentUrl\":\"https:\\\/\\\/alfawood.gr\\\/wp-content\\\/uploads\\\/2023\\\/03\\\/f6813.jpg\",\"width\":1457,\"height\":2000,\"caption\":\"Exclusive F 6813 - Alfa Tops Exclusive\"},{\"@type\":\"BreadcrumbList\",\"@id\":\"https:\\\/\\\/alfawood.gr\\\/product\\\/exclusive-f-6813\\\/#breadcrumb\",\"itemListElement\":[{\"@type\":\"ListItem\",\"position\":1,\"name\":\"Home\",\"item\":\"https:\\\/\\\/alfawood.gr\\\/\"},{\"@type\":\"ListItem\",\"position\":2,\"name\":\"\u03a0\u03c1\u03bf\u03ca\u03cc\u03bd\u03c4\u03b1\",\"item\":\"https:\\\/\\\/alfawood.gr\\\/proionta-wood\\\/\"},{\"@type\":\"ListItem\",\"position\":3,\"name\":\"Alfa Tops - \u03a0\u03ac\u03b3\u03ba\u03bf\u03b9 \u039a\u03bf\u03c5\u03b6\u03af\u03bd\u03b1\u03c2\",\"item\":\"https:\\\/\\\/alfawood.gr\\\/category\\\/pagoi-kouzinas\\\/\"},{\"@type\":\"ListItem\",\"position\":4,\"name\":\"Exclusive\",\"item\":\"https:\\\/\\\/alfawood.gr\\\/category\\\/pagoi-kouzinas\\\/exclusive\\\/\"},{\"@type\":\"ListItem\",\"position\":5,\"name\":\"F 6813 Exclusive\"}]},{\"@type\":\"WebSite\",\"@id\":\"https:\\\/\\\/alfawood.gr\\\/#website\",\"url\":\"https:\\\/\\\/alfawood.gr\\\/\",\"name\":\"\u0395\u03c0\u03b9\u03c6\u03ac\u03bd\u03b5\u03b9\u03b5\u03c2 \u039c\u03b5\u03bb\u03b1\u03bc\u03af\u03bd\u03b7\u03c2 MDF \u039c\u03bf\u03c1\u03b9\u03bf\u03c3\u03b1\u03bd\u03af\u03b4\u03b1 \u03a0\u03ac\u03b3\u03ba\u03bf\u03b9 \u0394\u03ac\u03c0\u03b5\u03b4\u03b1 \u03a0\u03cc\u03c1\u03c4\u03b5\u03c2\",\"description\":\"\u0392\u03b9\u03bf\u03bc\u03b7\u03c7\u03b1\u03bd\u03af\u03b1 \u039e\u03cd\u03bb\u03bf\u03c5 Alfa Wood Group\",\"publisher\":{\"@id\":\"https:\\\/\\\/alfawood.gr\\\/#organization\"},\"alternateName\":\"Melamines - MDF - Laminate - Worktops\",\"potentialAction\":[{\"@type\":\"SearchAction\",\"target\":{\"@type\":\"EntryPoint\",\"urlTemplate\":\"https:\\\/\\\/alfawood.gr\\\/?s={search_term_string}\"},\"query-input\":{\"@type\":\"PropertyValueSpecification\",\"valueRequired\":true,\"valueName\":\"search_term_string\"}}],\"inLanguage\":\"it-IT\"},{\"@type\":\"Organization\",\"@id\":\"https:\\\/\\\/alfawood.gr\\\/#organization\",\"name\":\"Alfa Wood Group\",\"url\":\"https:\\\/\\\/alfawood.gr\\\/\",\"logo\":{\"@type\":\"ImageObject\",\"inLanguage\":\"it-IT\",\"@id\":\"https:\\\/\\\/alfawood.gr\\\/#\\\/schema\\\/logo\\\/image\\\/\",\"url\":\"https:\\\/\\\/alfawood.gr\\\/wp-content\\\/uploads\\\/2023\\\/02\\\/alfa-wood-logo-1.svg\",\"contentUrl\":\"https:\\\/\\\/alfawood.gr\\\/wp-content\\\/uploads\\\/2023\\\/02\\\/alfa-wood-logo-1.svg\",\"width\":305,\"height\":195,\"caption\":\"Alfa Wood Group\"},\"image\":{\"@id\":\"https:\\\/\\\/alfawood.gr\\\/#\\\/schema\\\/logo\\\/image\\\/\"},\"sameAs\":[\"https:\\\/\\\/www.facebook.com\\\/alfawood.group\",\"https:\\\/\\\/x.com\\\/ALFAWOODGROUP\",\"https:\\\/\\\/www.instagram.com\\\/alfawood.group\",\"https:\\\/\\\/www.youtube.com\\\/@alfawoodgroup\",\"https:\\\/\\\/www.tiktok.com\\\/@alfawood.group\",\"https:\\\/\\\/vimeo.com\\\/alfawood\",\"https:\\\/\\\/www.linkedin.com\\\/company\\\/alfawoodgroup\",\"https:\\\/\\\/www.pinterest.com\\\/alfawoodgroup\\\/\"]}]}<\/script>\n<!-- \/ Yoast SEO Premium plugin. -->","yoast_head_json":{"title":"Esclusiva melamina Superfici MDF Truciolare Banconi Pavimenti Porte","robots":{"index":"index","follow":"follow","max-snippet":"max-snippet:-1","max-image-preview":"max-image-preview:large","max-video-preview":"max-video-preview:-1"},"canonical":"https:\/\/alfawood.gr\/it\/prodotto\/exclusive-f-6813","og_locale":"it_IT","og_type":"article","og_title":"F 6813 Exclusive","og_description":"O \u03c0\u03ac\u03b3\u03ba\u03bf\u03c2 F 6813 \u03c4\u03b7\u03c2 \u03c3\u03c5\u03bb\u03bb\u03bf\u03b3\u03ae\u03c2 \u0395xclusive \u03c3\u03b5 \u03b3\u03ba\u03c1\u03b9 - \u03ba\u03b1\u03c6\u03ad \u03b1\u03c0\u03cc\u03c7\u03c1\u03c9\u03c3\u03b7, \u03b5\u03c0\u03b9\u03c6\u03ac\u03bd\u03b5\u03b9\u03b1\u03c2 velvet touch, \u03b5\u03bd\u03b1\u03c1\u03bc\u03bf\u03bd\u03af\u03b6\u03b5\u03c4\u03b5 \u03bc\u03b5 \u03c4\u03bf\u03c5\u03c2 \u03c4\u03b5\u03bb\u03b5\u03c5\u03c4\u03b1\u03af\u03bf\u03c5\u03c2 \u03c7\u03c1\u03c9\u03bc\u03b1\u03c4\u03b9\u03ba\u03bf\u03cd\u03c2 \u03c4\u03cc\u03bd\u03bf\u03c5\u03c2, \u03b1\u03ba\u03bf\u03bb\u03bf\u03c5\u03b8\u03ce\u03bd\u03c4\u03b1\u03c2 \u03c4\u03b9\u03c2 \u03c4\u03ac\u03c3\u03b5\u03b9\u03c2 \u03c5\u03c8\u03b7\u03bb\u03ae\u03c2 \u03b1\u03b9\u03c3\u03b8\u03b7\u03c4\u03b9\u03ba\u03ae\u03c2 \u03c3\u03c4\u03bf interior design. \u039f \u03c0\u03ac\u03b3\u03ba\u03bf\u03c2 \u03ba\u03bf\u03c5\u03b6\u03af\u03bd\u03b1\u03c2 \u03c3\u03b5 \u03b1\u03c0\u03bf\u03bc\u03af\u03bc\u03b7\u03c3\u03b7 \u03bc\u03b1\u03c1\u03bc\u03ac\u03c1\u03bf\u03c5 \u03b4\u03b7\u03bc\u03b9\u03bf\u03c5\u03c1\u03b3\u03b5\u03af \u03bc\u03af\u03b1 \u03b1\u03c5\u03b8\u03b5\u03bd\u03c4\u03b9\u03ba\u03ae \u03c5\u03c8\u03b7\u03bb\u03ae \u03b1\u03b9\u03c3\u03b8\u03b7\u03c4\u03b9\u03ba\u03ae.  \u039f \u03c4\u03c1\u03cc\u03c0\u03bf\u03c2 \u03bc\u03b5 \u03c4\u03bf\u03bd \u03bf\u03c0\u03bf\u03af\u03bf \u03c3\u03c5\u03bd\u03b4\u03c5\u03ac\u03b6\u03b5\u03c4\u03b1\u03b9 \u03b7 \u03b5\u03c0\u03b9\u03c6\u03ac\u03bd\u03b5\u03b9\u03b1 \u03bc\u03b5 \u03ac\u03bb\u03bb\u03b1 \u03c3\u03c4\u03bf\u03b9\u03c7\u03b5\u03af\u03b1, \u03cc\u03c0\u03c9\u03c2 \u03c0\u03cc\u03c1\u03c4\u03b5\u03c2 \u03ba\u03b1\u03b9 \u03c1\u03ac\u03c6\u03b9\u03b1, \u03c3\u03b1\u03c2 \u03b4\u03af\u03bd\u03b5\u03b9 \u03c4\u03b7 \u03b4\u03c5\u03bd\u03b1\u03c4\u03cc\u03c4\u03b7\u03c4\u03b1 \u03bd\u03b1 \u03b4\u03b7\u03bc\u03b9\u03bf\u03c5\u03c1\u03b3\u03ae\u03c3\u03b5\u03c4\u03b5 \u03c0\u03bf\u03bb\u03bb\u03bf\u03cd\u03c2 \u03c3\u03c5\u03bd\u03b4\u03c5\u03b1\u03c3\u03bc\u03bf\u03cd\u03c2.","og_url":"https:\/\/alfawood.gr\/it\/prodotto\/exclusive-f-6813","og_site_name":"\u0395\u03c0\u03b9\u03c6\u03ac\u03bd\u03b5\u03b9\u03b5\u03c2 \u039c\u03b5\u03bb\u03b1\u03bc\u03af\u03bd\u03b7\u03c2 MDF \u039c\u03bf\u03c1\u03b9\u03bf\u03c3\u03b1\u03bd\u03af\u03b4\u03b1 \u03a0\u03ac\u03b3\u03ba\u03bf\u03b9 \u0394\u03ac\u03c0\u03b5\u03b4\u03b1 \u03a0\u03cc\u03c1\u03c4\u03b5\u03c2","article_publisher":"https:\/\/www.facebook.com\/alfawood.group","article_modified_time":"2023-06-02T12:43:17+00:00","og_image":[{"width":1457,"height":2000,"url":"https:\/\/alfawood.gr\/wp-content\/uploads\/2023\/03\/f6813.jpg","type":"image\/jpeg"}],"twitter_card":"summary_large_image","twitter_site":"@ALFAWOODGROUP","twitter_misc":{"Tempo di lettura stimato":"1 minuto"},"schema":{"@context":"https:\/\/schema.org","@graph":[{"@type":"WebPage","@id":"https:\/\/alfawood.gr\/product\/exclusive-f-6813\/","url":"https:\/\/alfawood.gr\/product\/exclusive-f-6813\/","name":"Esclusiva melamina Superfici MDF Truciolare Banconi Pavimenti Porte","isPartOf":{"@id":"https:\/\/alfawood.gr\/#website"},"primaryImageOfPage":{"@id":"https:\/\/alfawood.gr\/product\/exclusive-f-6813\/#primaryimage"},"image":{"@id":"https:\/\/alfawood.gr\/product\/exclusive-f-6813\/#primaryimage"},"thumbnailUrl":"https:\/\/alfawood.gr\/wp-content\/uploads\/2023\/03\/f6813.jpg","datePublished":"2023-03-07T08:15:29+00:00","dateModified":"2023-06-02T12:43:17+00:00","breadcrumb":{"@id":"https:\/\/alfawood.gr\/product\/exclusive-f-6813\/#breadcrumb"},"inLanguage":"it-IT","potentialAction":[{"@type":"ReadAction","target":["https:\/\/alfawood.gr\/product\/exclusive-f-6813\/"]}]},{"@type":"ImageObject","inLanguage":"it-IT","@id":"https:\/\/alfawood.gr\/product\/exclusive-f-6813\/#primaryimage","url":"https:\/\/alfawood.gr\/wp-content\/uploads\/2023\/03\/f6813.jpg","contentUrl":"https:\/\/alfawood.gr\/wp-content\/uploads\/2023\/03\/f6813.jpg","width":1457,"height":2000,"caption":"Exclusive F 6813 - Alfa Tops Exclusive"},{"@type":"BreadcrumbList","@id":"https:\/\/alfawood.gr\/product\/exclusive-f-6813\/#breadcrumb","itemListElement":[{"@type":"ListItem","position":1,"name":"Home","item":"https:\/\/alfawood.gr\/"},{"@type":"ListItem","position":2,"name":"\u03a0\u03c1\u03bf\u03ca\u03cc\u03bd\u03c4\u03b1","item":"https:\/\/alfawood.gr\/proionta-wood\/"},{"@type":"ListItem","position":3,"name":"Alfa Tops - \u03a0\u03ac\u03b3\u03ba\u03bf\u03b9 \u039a\u03bf\u03c5\u03b6\u03af\u03bd\u03b1\u03c2","item":"https:\/\/alfawood.gr\/category\/pagoi-kouzinas\/"},{"@type":"ListItem","position":4,"name":"Exclusive","item":"https:\/\/alfawood.gr\/category\/pagoi-kouzinas\/exclusive\/"},{"@type":"ListItem","position":5,"name":"F 6813 Exclusive"}]},{"@type":"WebSite","@id":"https:\/\/alfawood.gr\/#website","url":"https:\/\/alfawood.gr\/","name":"Superfici in melamina MDF Truciolare Banconi Pavimenti Porte","description":"Alfa Wood Group Industria del Legno","publisher":{"@id":"https:\/\/alfawood.gr\/#organization"},"alternateName":"Melamines - MDF - Laminate - Worktops","potentialAction":[{"@type":"SearchAction","target":{"@type":"EntryPoint","urlTemplate":"https:\/\/alfawood.gr\/?s={search_term_string}"},"query-input":{"@type":"PropertyValueSpecification","valueRequired":true,"valueName":"search_term_string"}}],"inLanguage":"it-IT"},{"@type":"Organization","@id":"https:\/\/alfawood.gr\/#organization","name":"Gruppo Alfa Legno","url":"https:\/\/alfawood.gr\/","logo":{"@type":"ImageObject","inLanguage":"it-IT","@id":"https:\/\/alfawood.gr\/#\/schema\/logo\/image\/","url":"https:\/\/alfawood.gr\/wp-content\/uploads\/2023\/02\/alfa-wood-logo-1.svg","contentUrl":"https:\/\/alfawood.gr\/wp-content\/uploads\/2023\/02\/alfa-wood-logo-1.svg","width":305,"height":195,"caption":"Alfa Wood Group"},"image":{"@id":"https:\/\/alfawood.gr\/#\/schema\/logo\/image\/"},"sameAs":["https:\/\/www.facebook.com\/alfawood.group","https:\/\/x.com\/ALFAWOODGROUP","https:\/\/www.instagram.com\/alfawood.group","https:\/\/www.youtube.com\/@alfawoodgroup","https:\/\/www.tiktok.com\/@alfawood.group","https:\/\/vimeo.com\/alfawood","https:\/\/www.linkedin.com\/company\/alfawoodgroup","https:\/\/www.pinterest.com\/alfawoodgroup\/"]}]}},"_links":{"self":[{"href":"https:\/\/alfawood.gr\/it\/wp-json\/wp\/v2\/product\/15077","targetHints":{"allow":["GET"]}}],"collection":[{"href":"https:\/\/alfawood.gr\/it\/wp-json\/wp\/v2\/product"}],"about":[{"href":"https:\/\/alfawood.gr\/it\/wp-json\/wp\/v2\/types\/product"}],"version-history":[{"count":0,"href":"https:\/\/alfawood.gr\/it\/wp-json\/wp\/v2\/product\/15077\/revisions"}],"wp:featuredmedia":[{"embeddable":true,"href":"https:\/\/alfawood.gr\/it\/wp-json\/wp\/v2\/media\/15079"}],"wp:attachment":[{"href":"https:\/\/alfawood.gr\/it\/wp-json\/wp\/v2\/media?parent=15077"}],"wp:term":[{"taxonomy":"product_brand","embeddable":true,"href":"https:\/\/alfawood.gr\/it\/wp-json\/wp\/v2\/product_brand?post=15077"},{"taxonomy":"product_cat","embeddable":true,"href":"https:\/\/alfawood.gr\/it\/wp-json\/wp\/v2\/product_cat?post=15077"},{"taxonomy":"product_tag","embeddable":true,"href":"https:\/\/alfawood.gr\/it\/wp-json\/wp\/v2\/product_tag?post=15077"}],"curies":[{"name":"parola chiave","href":"https:\/\/api.w.org\/{rel}","templated":true}]}}