{"id":15807,"date":"2023-03-07T08:25:44","date_gmt":"2023-03-07T08:25:44","guid":{"rendered":"https:\/\/alfawood.gr\/product\/%ce%b9%ce%bd%ce%bf%cf%83%ce%b1%ce%bd%ce%af%ce%b4%ce%b1-%ce%bc%ce%b5-%ce%ba%ce%b1%cf%80%ce%bb%ce%b1%ce%bc%ce%ac\/"},"modified":"2023-04-26T10:25:56","modified_gmt":"2023-04-26T10:25:56","slug":"inosanida-mdf-kaplamas","status":"publish","type":"product","link":"https:\/\/alfawood.gr\/it\/product\/inosanida-mdf-kaplamas\/","title":{"rendered":"Pannello di fibra MDF con impiallacciatura"},"content":{"rendered":"<p><strong>Tipi di faccette:<\/strong><br \/>\n<strong>Naturalisti<\/strong><br \/>\nAfricana: Anigre, Limba, Koto, Mogano<br \/>\nAmericano: rovere, despotaki, noce, pino, ciliegio, noce, acero<br \/>\nEuropa: faggio<\/p>\n<p><strong>Artificiale<\/strong><br \/>\nRadice di olivo, radice di olmo, quercia artificiale. Vegetale, Ebano, Teak, Zebrano. Anigre artificiale.<\/p>\n<p><strong>Caratteristiche:<\/strong><br \/>\nAmpia variet\u00e0 di articoli, finitura impeccabile e superficie liscia.<\/p>\n<p><strong>Applicazioni:<\/strong> Mobili (ante da cucina e lavorazioni meccaniche, schienali e fondi dei cassetti, cassettiere e piccoli mobili), rivestimenti decorativi, porte interne, pannelli, costruzioni speciali per interni, rivestimenti decorativi, design d&#039;interni contemporaneo.<\/p>\n<p><strong>Vantaggi:<\/strong><\/p>\n<ul>\n<li>Variet\u00e0 di tipi di impiallacciatura: dimensioni e categorie.<\/li>\n<li>Selezione rigorosa della qualit\u00e0 dell&#039;impiallacciatura.<\/li>\n<li>Variet\u00e0 di tipi di impiallacciatura e costante rinnovamento e arricchimento dei colori.<\/li>\n<li>Prodotto a bassa emissione di formaldeide, atossico, rispettoso dell&#039;ambiente poich\u00e9 le impiallacciature sono rivestite con truciolare di qualit\u00e0 E1.<\/li>\n<li>Finitura perfetta e superficie adeguatamente levigata.<\/li>\n<\/ul>","protected":false},"excerpt":{"rendered":"<p>L&#039;impiallacciatura \u00e8 un prodotto naturale che si distingue per la sua unicit\u00e0 ed \u00e8 composto da legno naturale trattato in strati sottili (impiallacciatura di legno) che rivestono il pannello e il pannello di fibra (MDF) con l&#039;uso di colla.<\/p>\n<p>Per questi pannelli rivestiti vengono utilizzati tranciati di legno di ottima qualit\u00e0 con criteri di selezione rigorosi e un&#039;ampia variet\u00e0 per coprire tutte le esigenze decorative e di consumo.<\/p>\n<p>Nel processo di produzione, i prodotti vengono rigorosamente selezionati in base alla loro tipologia e qualit\u00e0 in un ambiente climatizzato appositamente configurato con temperature adeguate all&#039;umidit\u00e0 relativa dell&#039;impiallacciatura.<\/p>","protected":false},"featured_media":15809,"template":"","meta":{"_acf_changed":false,"inline_featured_image":false,"cybocfi_hide_featured_image":""},"product_brand":[],"product_cat":[102,117],"product_tag":[],"class_list":{"0":"post-15807","1":"product","2":"type-product","3":"status-publish","4":"has-post-thumbnail","6":"product_cat-panels","7":"product_cat-mdf-inosanida","9":"first","10":"instock","11":"product-type-simple"},"acf":[],"yoast_head":"<!-- This site is optimized with the Yoast SEO Premium plugin v27.3 (Yoast SEO v27.3) - https:\/\/yoast.com\/product\/yoast-seo-premium-wordpress\/ -->\n<title>\u0399\u03bd\u03bf\u03c3\u03b1\u03bd\u03af\u03b4\u03b1 MDF \u03bc\u03b5 \u03ba\u03b1\u03c0\u03bb\u03b1\u03bc\u03ac - \u0395\u03c0\u03b9\u03c6\u03ac\u03bd\u03b5\u03b9\u03b5\u03c2 \u039c\u03b5\u03bb\u03b1\u03bc\u03af\u03bd\u03b7\u03c2 MDF \u039c\u03bf\u03c1\u03b9\u03bf\u03c3\u03b1\u03bd\u03af\u03b4\u03b1 \u03a0\u03ac\u03b3\u03ba\u03bf\u03b9 \u0394\u03ac\u03c0\u03b5\u03b4\u03b1 \u03a0\u03cc\u03c1\u03c4\u03b5\u03c2<\/title>\n<meta name=\"robots\" content=\"index, follow, max-snippet:-1, max-image-preview:large, max-video-preview:-1\" \/>\n<link rel=\"canonical\" href=\"https:\/\/alfawood.gr\/it\/prodotto\/inosanida-mdf-kaplamas\" \/>\n<meta property=\"og:locale\" content=\"it_IT\" \/>\n<meta property=\"og:type\" content=\"article\" \/>\n<meta property=\"og:title\" content=\"\u0399\u03bd\u03bf\u03c3\u03b1\u03bd\u03af\u03b4\u03b1 MDF \u03bc\u03b5 \u03ba\u03b1\u03c0\u03bb\u03b1\u03bc\u03ac\" \/>\n<meta property=\"og:description\" content=\"\u039f \u03ba\u03b1\u03c0\u03bb\u03b1\u03bc\u03ac\u03c2 \u03b5\u03af\u03bd\u03b1\u03b9 \u03c6\u03c5\u03c3\u03b9\u03ba\u03cc \u03c0\u03c1\u03bf\u03ca\u03cc\u03bd \u03c0\u03bf\u03c5 \u03b4\u03b9\u03b1\u03ba\u03c1\u03af\u03bd\u03b5\u03c4\u03b1\u03b9 \u03b3\u03b9\u03b1 \u03c4\u03b7 \u03bc\u03bf\u03bd\u03b1\u03b4\u03b9\u03ba\u03cc\u03c4\u03b7\u03c4\u03ac \u03c4\u03bf\u03c5 \u03ba\u03b1\u03b9 \u03c0\u03b1\u03c1\u03b1\u03c3\u03ba\u03b5\u03c5\u03ac\u03b6\u03b5\u03c4\u03b1\u03b9 \u03b1\u03c0\u03cc \u03b5\u03c0\u03b5\u03be\u03b5\u03c1\u03b3\u03b1\u03c3\u03bc\u03ad\u03bd\u03b7 \u03c6\u03c5\u03c3\u03b9\u03ba\u03ae \u03be\u03c5\u03bb\u03b5\u03af\u03b1 \u03c3\u03b5 \u03bb\u03b5\u03c0\u03c4\u03ad\u03c2 \u03c3\u03c4\u03c1\u03ce\u03c3\u03b5\u03b9\u03c2 (\u03be\u03c5\u03bb\u03cc\u03c6\u03c5\u03bb\u03bb\u03b1 \u03ba\u03ac\u03c0\u03bb\u03b1\u03bc\u03b1) \u03bf\u03b9 \u03bf\u03c0\u03bf\u03af\u03b5\u03c2 \u03b5\u03c0\u03b5\u03bd\u03b4\u03cd\u03bf\u03c5\u03bd \u03c4\u03bf \u03c0\u03ac\u03bd\u03b5\u03bb \u03ba\u03b1\u03b9 \u03c4\u03b7\u03bd \u03b9\u03bd\u03bf\u03c3\u03b1\u03bd\u03af\u03b4\u03b1 (MDF) \u03bc\u03b5 \u03c4\u03b7 \u03c7\u03c1\u03ae\u03c3\u03b7 \u03ba\u03cc\u03bb\u03bb\u03b1\u03c2.  \u0393\u03b9\u03b1 \u03c4\u03b1 \u03b5\u03c0\u03b5\u03bd\u03b4\u03b5\u03b4\u03c5\u03bc\u03b5\u03bd\u03b1 \u03b1\u03c5\u03c4\u03ac \u03c0\u03ac\u03bd\u03b5\u03bb \u03c7\u03c1\u03b7\u03c3\u03b9\u03bc\u03bf\u03c0\u03bf\u03b9\u03bf\u03cd\u03bd\u03c4\u03b1\u03b9 \u03be\u03c5\u03bb\u03cc\u03c6\u03c5\u03bb\u03bb\u03b1 \u03ba\u03b1\u03c0\u03bb\u03b1\u03bc\u03ac \u03b5\u03be\u03b1\u03b9\u03c1\u03b5\u03c4\u03b9\u03ba\u03ae\u03c2 \u03c0\u03bf\u03b9\u03cc\u03c4\u03b7\u03c4\u03b1\u03c2 \u03bc\u03b5 \u03b1\u03c5\u03c3\u03c4\u03b7\u03c1\u03ac \u03ba\u03c1\u03b9\u03c4\u03ae\u03c1\u03b9\u03b1 \u03b5\u03c0\u03b9\u03bb\u03bf\u03b3\u03ae\u03c2 \u03ba\u03b1\u03b9 \u03bc\u03b5\u03b3\u03ac\u03bb\u03b7\u03c2 \u03c0\u03bf\u03b9\u03ba\u03b9\u03bb\u03af\u03b1\u03c2 \u03ce\u03c3\u03c4\u03b5 \u03bd\u03b1 \u03ba\u03b1\u03bb\u03cd\u03c0\u03c4\u03bf\u03c5\u03bd \u03cc\u03bb\u03b5\u03c2 \u03c4\u03b9\u03c2 \u03b4\u03b9\u03b1\u03ba\u03bf\u03c3\u03bc\u03b7\u03c4\u03b9\u03ba\u03ad\u03c2 &amp; \u03ba\u03b1\u03c4\u03b1\u03bd\u03b1\u03bb\u03c9\u03c4\u03b9\u03ba\u03ad\u03c2 \u03b1\u03bd\u03ac\u03b3\u03ba\u03b5\u03c2.  \u03a3\u03c4\u03b7\u03bd \u03c0\u03b1\u03c1\u03b1\u03b3\u03c9\u03b3\u03b9\u03ba\u03ae \u03b4\u03b9\u03b1\u03b4\u03b9\u03ba\u03b1\u03c3\u03af\u03b1 \u03b3\u03af\u03bd\u03b5\u03c4\u03b1\u03b9 \u03b1\u03c5\u03c3\u03c4\u03b7\u03c1\u03ae \u03b4\u03b9\u03b1\u03bb\u03bf\u03b3\u03ae \u03c0\u03c1\u03bf\u03ca\u03cc\u03bd\u03c4\u03bf\u03c2 \u03b1\u03bd\u03ac\u03bb\u03bf\u03b3\u03b1 \u03bc\u03b5 \u03c4\u03bf \u03b5\u03af\u03b4\u03bf\u03c2 \u03ba\u03b1\u03b9 \u03c4\u03b7\u03bd \u03c0\u03bf\u03b9\u03cc\u03c4\u03b7\u03c4\u03ac \u03c4\u03bf\u03c5\u03c2 \u03c3\u03b5 \u03b5\u03b9\u03b4\u03b9\u03ba\u03cc \u03b4\u03b9\u03b1\u03bc\u03bf\u03c1\u03c6\u03c9\u03bc\u03ad\u03bd\u03bf \u03ba\u03bb\u03b9\u03bc\u03b1\u03c4\u03b9\u03b6\u03cc\u03bc\u03b5\u03bd\u03bf \u03c0\u03b5\u03c1\u03b9\u03b2\u03ac\u03bb\u03bb\u03bf\u03bd \u03bc\u03b5 \u03c4\u03b9\u03c2 \u03ba\u03b1\u03c4\u03ac\u03bb\u03bb\u03b7\u03bb\u03b5\u03c2 \u03b8\u03b5\u03c1\u03bc\u03bf\u03ba\u03c1\u03b1\u03c3\u03af\u03b5\u03c2 \u03b3\u03b9\u03b1 \u03c4\u03b7\u03bd \u03c3\u03c7\u03b5\u03c4\u03b9\u03ba\u03ae \u03c5\u03b3\u03c1\u03b1\u03c3\u03af\u03b1 \u03c4\u03bf\u03c5 \u03ba\u03b1\u03c0\u03bb\u03b1\u03bc\u03b1.\" \/>\n<meta property=\"og:url\" content=\"https:\/\/alfawood.gr\/it\/prodotto\/inosanida-mdf-kaplamas\" \/>\n<meta property=\"og:site_name\" content=\"\u0395\u03c0\u03b9\u03c6\u03ac\u03bd\u03b5\u03b9\u03b5\u03c2 \u039c\u03b5\u03bb\u03b1\u03bc\u03af\u03bd\u03b7\u03c2 MDF \u039c\u03bf\u03c1\u03b9\u03bf\u03c3\u03b1\u03bd\u03af\u03b4\u03b1 \u03a0\u03ac\u03b3\u03ba\u03bf\u03b9 \u0394\u03ac\u03c0\u03b5\u03b4\u03b1 \u03a0\u03cc\u03c1\u03c4\u03b5\u03c2\" \/>\n<meta property=\"article:publisher\" content=\"https:\/\/www.facebook.com\/alfawood.group\" \/>\n<meta property=\"article:modified_time\" content=\"2023-04-26T10:25:56+00:00\" \/>\n<meta property=\"og:image\" content=\"https:\/\/alfawood.gr\/wp-content\/uploads\/2023\/03\/2612-Mdf-kaplamas.jpg\" \/>\n\t<meta property=\"og:image:width\" content=\"1457\" \/>\n\t<meta property=\"og:image:height\" content=\"2000\" \/>\n\t<meta property=\"og:image:type\" content=\"image\/jpeg\" \/>\n<meta name=\"twitter:card\" content=\"summary_large_image\" \/>\n<meta name=\"twitter:site\" content=\"@ALFAWOODGROUP\" \/>\n<meta name=\"twitter:label1\" content=\"Tempo di lettura stimato\" \/>\n\t<meta name=\"twitter:data1\" content=\"1 minuto\" \/>\n<script type=\"application\/ld+json\" class=\"yoast-schema-graph\">{\"@context\":\"https:\\\/\\\/schema.org\",\"@graph\":[{\"@type\":\"WebPage\",\"@id\":\"https:\\\/\\\/alfawood.gr\\\/product\\\/inosanida-mdf-kaplamas\\\/\",\"url\":\"https:\\\/\\\/alfawood.gr\\\/product\\\/inosanida-mdf-kaplamas\\\/\",\"name\":\"\u0399\u03bd\u03bf\u03c3\u03b1\u03bd\u03af\u03b4\u03b1 MDF \u03bc\u03b5 \u03ba\u03b1\u03c0\u03bb\u03b1\u03bc\u03ac - \u0395\u03c0\u03b9\u03c6\u03ac\u03bd\u03b5\u03b9\u03b5\u03c2 \u039c\u03b5\u03bb\u03b1\u03bc\u03af\u03bd\u03b7\u03c2 MDF \u039c\u03bf\u03c1\u03b9\u03bf\u03c3\u03b1\u03bd\u03af\u03b4\u03b1 \u03a0\u03ac\u03b3\u03ba\u03bf\u03b9 \u0394\u03ac\u03c0\u03b5\u03b4\u03b1 \u03a0\u03cc\u03c1\u03c4\u03b5\u03c2\",\"isPartOf\":{\"@id\":\"https:\\\/\\\/alfawood.gr\\\/#website\"},\"primaryImageOfPage\":{\"@id\":\"https:\\\/\\\/alfawood.gr\\\/product\\\/inosanida-mdf-kaplamas\\\/#primaryimage\"},\"image\":{\"@id\":\"https:\\\/\\\/alfawood.gr\\\/product\\\/inosanida-mdf-kaplamas\\\/#primaryimage\"},\"thumbnailUrl\":\"https:\\\/\\\/alfawood.gr\\\/wp-content\\\/uploads\\\/2023\\\/03\\\/2612-Mdf-kaplamas.jpg\",\"datePublished\":\"2023-03-07T08:25:44+00:00\",\"dateModified\":\"2023-04-26T10:25:56+00:00\",\"breadcrumb\":{\"@id\":\"https:\\\/\\\/alfawood.gr\\\/product\\\/inosanida-mdf-kaplamas\\\/#breadcrumb\"},\"inLanguage\":\"it-IT\",\"potentialAction\":[{\"@type\":\"ReadAction\",\"target\":[\"https:\\\/\\\/alfawood.gr\\\/product\\\/inosanida-mdf-kaplamas\\\/\"]}]},{\"@type\":\"ImageObject\",\"inLanguage\":\"it-IT\",\"@id\":\"https:\\\/\\\/alfawood.gr\\\/product\\\/inosanida-mdf-kaplamas\\\/#primaryimage\",\"url\":\"https:\\\/\\\/alfawood.gr\\\/wp-content\\\/uploads\\\/2023\\\/03\\\/2612-Mdf-kaplamas.jpg\",\"contentUrl\":\"https:\\\/\\\/alfawood.gr\\\/wp-content\\\/uploads\\\/2023\\\/03\\\/2612-Mdf-kaplamas.jpg\",\"width\":1457,\"height\":2000,\"caption\":\"\u0399\u03bd\u03bf\u03c3\u03b1\u03bd\u03af\u03b4\u03b1 \u03bc\u03b5 \u03ba\u03b1\u03c0\u03bb\u03b1\u03bc\u03ac - Alfa Decor Panels \u03a0\u03ac\u03bd\u03b5\u03bb \u03b9\u03bd\u03bf\u03c3\u03b1\u03bd\u03af\u03b4\u03b1\u03c2 \u03bc\u03b5 \u039a\u03b1\u03c0\u03bb\u03b1\u03bc\u03ac\"},{\"@type\":\"BreadcrumbList\",\"@id\":\"https:\\\/\\\/alfawood.gr\\\/product\\\/inosanida-mdf-kaplamas\\\/#breadcrumb\",\"itemListElement\":[{\"@type\":\"ListItem\",\"position\":1,\"name\":\"Home\",\"item\":\"https:\\\/\\\/alfawood.gr\\\/\"},{\"@type\":\"ListItem\",\"position\":2,\"name\":\"\u03a0\u03c1\u03bf\u03ca\u03cc\u03bd\u03c4\u03b1\",\"item\":\"https:\\\/\\\/alfawood.gr\\\/proionta-wood\\\/\"},{\"@type\":\"ListItem\",\"position\":3,\"name\":\"Alfa Panels\",\"item\":\"https:\\\/\\\/alfawood.gr\\\/category\\\/panels\\\/\"},{\"@type\":\"ListItem\",\"position\":4,\"name\":\"\u0399\u03bd\u03bf\u03c3\u03b1\u03bd\u03af\u03b4\u03b1 MDF \u03bc\u03b5 \u03ba\u03b1\u03c0\u03bb\u03b1\u03bc\u03ac\"}]},{\"@type\":\"WebSite\",\"@id\":\"https:\\\/\\\/alfawood.gr\\\/#website\",\"url\":\"https:\\\/\\\/alfawood.gr\\\/\",\"name\":\"\u0395\u03c0\u03b9\u03c6\u03ac\u03bd\u03b5\u03b9\u03b5\u03c2 \u039c\u03b5\u03bb\u03b1\u03bc\u03af\u03bd\u03b7\u03c2 MDF \u039c\u03bf\u03c1\u03b9\u03bf\u03c3\u03b1\u03bd\u03af\u03b4\u03b1 \u03a0\u03ac\u03b3\u03ba\u03bf\u03b9 \u0394\u03ac\u03c0\u03b5\u03b4\u03b1 \u03a0\u03cc\u03c1\u03c4\u03b5\u03c2\",\"description\":\"\u0392\u03b9\u03bf\u03bc\u03b7\u03c7\u03b1\u03bd\u03af\u03b1 \u039e\u03cd\u03bb\u03bf\u03c5 Alfa Wood Group\",\"publisher\":{\"@id\":\"https:\\\/\\\/alfawood.gr\\\/#organization\"},\"alternateName\":\"Melamines - MDF - Laminate - Worktops\",\"potentialAction\":[{\"@type\":\"SearchAction\",\"target\":{\"@type\":\"EntryPoint\",\"urlTemplate\":\"https:\\\/\\\/alfawood.gr\\\/?s={search_term_string}\"},\"query-input\":{\"@type\":\"PropertyValueSpecification\",\"valueRequired\":true,\"valueName\":\"search_term_string\"}}],\"inLanguage\":\"it-IT\"},{\"@type\":\"Organization\",\"@id\":\"https:\\\/\\\/alfawood.gr\\\/#organization\",\"name\":\"Alfa Wood Group\",\"url\":\"https:\\\/\\\/alfawood.gr\\\/\",\"logo\":{\"@type\":\"ImageObject\",\"inLanguage\":\"it-IT\",\"@id\":\"https:\\\/\\\/alfawood.gr\\\/#\\\/schema\\\/logo\\\/image\\\/\",\"url\":\"https:\\\/\\\/alfawood.gr\\\/wp-content\\\/uploads\\\/2023\\\/02\\\/alfa-wood-logo-1.svg\",\"contentUrl\":\"https:\\\/\\\/alfawood.gr\\\/wp-content\\\/uploads\\\/2023\\\/02\\\/alfa-wood-logo-1.svg\",\"width\":305,\"height\":195,\"caption\":\"Alfa Wood Group\"},\"image\":{\"@id\":\"https:\\\/\\\/alfawood.gr\\\/#\\\/schema\\\/logo\\\/image\\\/\"},\"sameAs\":[\"https:\\\/\\\/www.facebook.com\\\/alfawood.group\",\"https:\\\/\\\/x.com\\\/ALFAWOODGROUP\",\"https:\\\/\\\/www.instagram.com\\\/alfawood.group\",\"https:\\\/\\\/www.youtube.com\\\/@alfawoodgroup\",\"https:\\\/\\\/www.tiktok.com\\\/@alfawood.group\",\"https:\\\/\\\/vimeo.com\\\/alfawood\",\"https:\\\/\\\/www.linkedin.com\\\/company\\\/alfawoodgroup\",\"https:\\\/\\\/www.pinterest.com\\\/alfawoodgroup\\\/\"]}]}<\/script>\n<!-- \/ Yoast SEO Premium plugin. -->","yoast_head_json":{"title":"MDF impiallacciato Fibra di legno - Melamina Superfici MDF Truciolare Controsoffitti Pavimenti Porte","robots":{"index":"index","follow":"follow","max-snippet":"max-snippet:-1","max-image-preview":"max-image-preview:large","max-video-preview":"max-video-preview:-1"},"canonical":"https:\/\/alfawood.gr\/it\/prodotto\/inosanida-mdf-kaplamas","og_locale":"it_IT","og_type":"article","og_title":"\u0399\u03bd\u03bf\u03c3\u03b1\u03bd\u03af\u03b4\u03b1 MDF \u03bc\u03b5 \u03ba\u03b1\u03c0\u03bb\u03b1\u03bc\u03ac","og_description":"\u039f \u03ba\u03b1\u03c0\u03bb\u03b1\u03bc\u03ac\u03c2 \u03b5\u03af\u03bd\u03b1\u03b9 \u03c6\u03c5\u03c3\u03b9\u03ba\u03cc \u03c0\u03c1\u03bf\u03ca\u03cc\u03bd \u03c0\u03bf\u03c5 \u03b4\u03b9\u03b1\u03ba\u03c1\u03af\u03bd\u03b5\u03c4\u03b1\u03b9 \u03b3\u03b9\u03b1 \u03c4\u03b7 \u03bc\u03bf\u03bd\u03b1\u03b4\u03b9\u03ba\u03cc\u03c4\u03b7\u03c4\u03ac \u03c4\u03bf\u03c5 \u03ba\u03b1\u03b9 \u03c0\u03b1\u03c1\u03b1\u03c3\u03ba\u03b5\u03c5\u03ac\u03b6\u03b5\u03c4\u03b1\u03b9 \u03b1\u03c0\u03cc \u03b5\u03c0\u03b5\u03be\u03b5\u03c1\u03b3\u03b1\u03c3\u03bc\u03ad\u03bd\u03b7 \u03c6\u03c5\u03c3\u03b9\u03ba\u03ae \u03be\u03c5\u03bb\u03b5\u03af\u03b1 \u03c3\u03b5 \u03bb\u03b5\u03c0\u03c4\u03ad\u03c2 \u03c3\u03c4\u03c1\u03ce\u03c3\u03b5\u03b9\u03c2 (\u03be\u03c5\u03bb\u03cc\u03c6\u03c5\u03bb\u03bb\u03b1 \u03ba\u03ac\u03c0\u03bb\u03b1\u03bc\u03b1) \u03bf\u03b9 \u03bf\u03c0\u03bf\u03af\u03b5\u03c2 \u03b5\u03c0\u03b5\u03bd\u03b4\u03cd\u03bf\u03c5\u03bd \u03c4\u03bf \u03c0\u03ac\u03bd\u03b5\u03bb \u03ba\u03b1\u03b9 \u03c4\u03b7\u03bd \u03b9\u03bd\u03bf\u03c3\u03b1\u03bd\u03af\u03b4\u03b1 (MDF) \u03bc\u03b5 \u03c4\u03b7 \u03c7\u03c1\u03ae\u03c3\u03b7 \u03ba\u03cc\u03bb\u03bb\u03b1\u03c2.  \u0393\u03b9\u03b1 \u03c4\u03b1 \u03b5\u03c0\u03b5\u03bd\u03b4\u03b5\u03b4\u03c5\u03bc\u03b5\u03bd\u03b1 \u03b1\u03c5\u03c4\u03ac \u03c0\u03ac\u03bd\u03b5\u03bb \u03c7\u03c1\u03b7\u03c3\u03b9\u03bc\u03bf\u03c0\u03bf\u03b9\u03bf\u03cd\u03bd\u03c4\u03b1\u03b9 \u03be\u03c5\u03bb\u03cc\u03c6\u03c5\u03bb\u03bb\u03b1 \u03ba\u03b1\u03c0\u03bb\u03b1\u03bc\u03ac \u03b5\u03be\u03b1\u03b9\u03c1\u03b5\u03c4\u03b9\u03ba\u03ae\u03c2 \u03c0\u03bf\u03b9\u03cc\u03c4\u03b7\u03c4\u03b1\u03c2 \u03bc\u03b5 \u03b1\u03c5\u03c3\u03c4\u03b7\u03c1\u03ac \u03ba\u03c1\u03b9\u03c4\u03ae\u03c1\u03b9\u03b1 \u03b5\u03c0\u03b9\u03bb\u03bf\u03b3\u03ae\u03c2 \u03ba\u03b1\u03b9 \u03bc\u03b5\u03b3\u03ac\u03bb\u03b7\u03c2 \u03c0\u03bf\u03b9\u03ba\u03b9\u03bb\u03af\u03b1\u03c2 \u03ce\u03c3\u03c4\u03b5 \u03bd\u03b1 \u03ba\u03b1\u03bb\u03cd\u03c0\u03c4\u03bf\u03c5\u03bd \u03cc\u03bb\u03b5\u03c2 \u03c4\u03b9\u03c2 \u03b4\u03b9\u03b1\u03ba\u03bf\u03c3\u03bc\u03b7\u03c4\u03b9\u03ba\u03ad\u03c2 &amp; \u03ba\u03b1\u03c4\u03b1\u03bd\u03b1\u03bb\u03c9\u03c4\u03b9\u03ba\u03ad\u03c2 \u03b1\u03bd\u03ac\u03b3\u03ba\u03b5\u03c2.  \u03a3\u03c4\u03b7\u03bd \u03c0\u03b1\u03c1\u03b1\u03b3\u03c9\u03b3\u03b9\u03ba\u03ae \u03b4\u03b9\u03b1\u03b4\u03b9\u03ba\u03b1\u03c3\u03af\u03b1 \u03b3\u03af\u03bd\u03b5\u03c4\u03b1\u03b9 \u03b1\u03c5\u03c3\u03c4\u03b7\u03c1\u03ae \u03b4\u03b9\u03b1\u03bb\u03bf\u03b3\u03ae \u03c0\u03c1\u03bf\u03ca\u03cc\u03bd\u03c4\u03bf\u03c2 \u03b1\u03bd\u03ac\u03bb\u03bf\u03b3\u03b1 \u03bc\u03b5 \u03c4\u03bf \u03b5\u03af\u03b4\u03bf\u03c2 \u03ba\u03b1\u03b9 \u03c4\u03b7\u03bd \u03c0\u03bf\u03b9\u03cc\u03c4\u03b7\u03c4\u03ac \u03c4\u03bf\u03c5\u03c2 \u03c3\u03b5 \u03b5\u03b9\u03b4\u03b9\u03ba\u03cc \u03b4\u03b9\u03b1\u03bc\u03bf\u03c1\u03c6\u03c9\u03bc\u03ad\u03bd\u03bf \u03ba\u03bb\u03b9\u03bc\u03b1\u03c4\u03b9\u03b6\u03cc\u03bc\u03b5\u03bd\u03bf \u03c0\u03b5\u03c1\u03b9\u03b2\u03ac\u03bb\u03bb\u03bf\u03bd \u03bc\u03b5 \u03c4\u03b9\u03c2 \u03ba\u03b1\u03c4\u03ac\u03bb\u03bb\u03b7\u03bb\u03b5\u03c2 \u03b8\u03b5\u03c1\u03bc\u03bf\u03ba\u03c1\u03b1\u03c3\u03af\u03b5\u03c2 \u03b3\u03b9\u03b1 \u03c4\u03b7\u03bd \u03c3\u03c7\u03b5\u03c4\u03b9\u03ba\u03ae \u03c5\u03b3\u03c1\u03b1\u03c3\u03af\u03b1 \u03c4\u03bf\u03c5 \u03ba\u03b1\u03c0\u03bb\u03b1\u03bc\u03b1.","og_url":"https:\/\/alfawood.gr\/it\/prodotto\/inosanida-mdf-kaplamas","og_site_name":"\u0395\u03c0\u03b9\u03c6\u03ac\u03bd\u03b5\u03b9\u03b5\u03c2 \u039c\u03b5\u03bb\u03b1\u03bc\u03af\u03bd\u03b7\u03c2 MDF \u039c\u03bf\u03c1\u03b9\u03bf\u03c3\u03b1\u03bd\u03af\u03b4\u03b1 \u03a0\u03ac\u03b3\u03ba\u03bf\u03b9 \u0394\u03ac\u03c0\u03b5\u03b4\u03b1 \u03a0\u03cc\u03c1\u03c4\u03b5\u03c2","article_publisher":"https:\/\/www.facebook.com\/alfawood.group","article_modified_time":"2023-04-26T10:25:56+00:00","og_image":[{"width":1457,"height":2000,"url":"https:\/\/alfawood.gr\/wp-content\/uploads\/2023\/03\/2612-Mdf-kaplamas.jpg","type":"image\/jpeg"}],"twitter_card":"summary_large_image","twitter_site":"@ALFAWOODGROUP","twitter_misc":{"Tempo di lettura stimato":"1 minuto"},"schema":{"@context":"https:\/\/schema.org","@graph":[{"@type":"WebPage","@id":"https:\/\/alfawood.gr\/product\/inosanida-mdf-kaplamas\/","url":"https:\/\/alfawood.gr\/product\/inosanida-mdf-kaplamas\/","name":"MDF impiallacciato Fibra di legno - Melamina Superfici MDF Truciolare Controsoffitti Pavimenti Porte","isPartOf":{"@id":"https:\/\/alfawood.gr\/#website"},"primaryImageOfPage":{"@id":"https:\/\/alfawood.gr\/product\/inosanida-mdf-kaplamas\/#primaryimage"},"image":{"@id":"https:\/\/alfawood.gr\/product\/inosanida-mdf-kaplamas\/#primaryimage"},"thumbnailUrl":"https:\/\/alfawood.gr\/wp-content\/uploads\/2023\/03\/2612-Mdf-kaplamas.jpg","datePublished":"2023-03-07T08:25:44+00:00","dateModified":"2023-04-26T10:25:56+00:00","breadcrumb":{"@id":"https:\/\/alfawood.gr\/product\/inosanida-mdf-kaplamas\/#breadcrumb"},"inLanguage":"it-IT","potentialAction":[{"@type":"ReadAction","target":["https:\/\/alfawood.gr\/product\/inosanida-mdf-kaplamas\/"]}]},{"@type":"ImageObject","inLanguage":"it-IT","@id":"https:\/\/alfawood.gr\/product\/inosanida-mdf-kaplamas\/#primaryimage","url":"https:\/\/alfawood.gr\/wp-content\/uploads\/2023\/03\/2612-Mdf-kaplamas.jpg","contentUrl":"https:\/\/alfawood.gr\/wp-content\/uploads\/2023\/03\/2612-Mdf-kaplamas.jpg","width":1457,"height":2000,"caption":"\u0399\u03bd\u03bf\u03c3\u03b1\u03bd\u03af\u03b4\u03b1 \u03bc\u03b5 \u03ba\u03b1\u03c0\u03bb\u03b1\u03bc\u03ac - Alfa Decor Panels \u03a0\u03ac\u03bd\u03b5\u03bb \u03b9\u03bd\u03bf\u03c3\u03b1\u03bd\u03af\u03b4\u03b1\u03c2 \u03bc\u03b5 \u039a\u03b1\u03c0\u03bb\u03b1\u03bc\u03ac"},{"@type":"BreadcrumbList","@id":"https:\/\/alfawood.gr\/product\/inosanida-mdf-kaplamas\/#breadcrumb","itemListElement":[{"@type":"ListItem","position":1,"name":"Home","item":"https:\/\/alfawood.gr\/"},{"@type":"ListItem","position":2,"name":"\u03a0\u03c1\u03bf\u03ca\u03cc\u03bd\u03c4\u03b1","item":"https:\/\/alfawood.gr\/proionta-wood\/"},{"@type":"ListItem","position":3,"name":"Alfa Panels","item":"https:\/\/alfawood.gr\/category\/panels\/"},{"@type":"ListItem","position":4,"name":"\u0399\u03bd\u03bf\u03c3\u03b1\u03bd\u03af\u03b4\u03b1 MDF \u03bc\u03b5 \u03ba\u03b1\u03c0\u03bb\u03b1\u03bc\u03ac"}]},{"@type":"WebSite","@id":"https:\/\/alfawood.gr\/#website","url":"https:\/\/alfawood.gr\/","name":"Superfici in melamina MDF Truciolare Banconi Pavimenti Porte","description":"Alfa Wood Group Industria del Legno","publisher":{"@id":"https:\/\/alfawood.gr\/#organization"},"alternateName":"Melamines - MDF - Laminate - Worktops","potentialAction":[{"@type":"SearchAction","target":{"@type":"EntryPoint","urlTemplate":"https:\/\/alfawood.gr\/?s={search_term_string}"},"query-input":{"@type":"PropertyValueSpecification","valueRequired":true,"valueName":"search_term_string"}}],"inLanguage":"it-IT"},{"@type":"Organization","@id":"https:\/\/alfawood.gr\/#organization","name":"Gruppo Alfa Legno","url":"https:\/\/alfawood.gr\/","logo":{"@type":"ImageObject","inLanguage":"it-IT","@id":"https:\/\/alfawood.gr\/#\/schema\/logo\/image\/","url":"https:\/\/alfawood.gr\/wp-content\/uploads\/2023\/02\/alfa-wood-logo-1.svg","contentUrl":"https:\/\/alfawood.gr\/wp-content\/uploads\/2023\/02\/alfa-wood-logo-1.svg","width":305,"height":195,"caption":"Alfa Wood Group"},"image":{"@id":"https:\/\/alfawood.gr\/#\/schema\/logo\/image\/"},"sameAs":["https:\/\/www.facebook.com\/alfawood.group","https:\/\/x.com\/ALFAWOODGROUP","https:\/\/www.instagram.com\/alfawood.group","https:\/\/www.youtube.com\/@alfawoodgroup","https:\/\/www.tiktok.com\/@alfawood.group","https:\/\/vimeo.com\/alfawood","https:\/\/www.linkedin.com\/company\/alfawoodgroup","https:\/\/www.pinterest.com\/alfawoodgroup\/"]}]}},"_links":{"self":[{"href":"https:\/\/alfawood.gr\/it\/wp-json\/wp\/v2\/product\/15807","targetHints":{"allow":["GET"]}}],"collection":[{"href":"https:\/\/alfawood.gr\/it\/wp-json\/wp\/v2\/product"}],"about":[{"href":"https:\/\/alfawood.gr\/it\/wp-json\/wp\/v2\/types\/product"}],"version-history":[{"count":0,"href":"https:\/\/alfawood.gr\/it\/wp-json\/wp\/v2\/product\/15807\/revisions"}],"wp:featuredmedia":[{"embeddable":true,"href":"https:\/\/alfawood.gr\/it\/wp-json\/wp\/v2\/media\/15809"}],"wp:attachment":[{"href":"https:\/\/alfawood.gr\/it\/wp-json\/wp\/v2\/media?parent=15807"}],"wp:term":[{"taxonomy":"product_brand","embeddable":true,"href":"https:\/\/alfawood.gr\/it\/wp-json\/wp\/v2\/product_brand?post=15807"},{"taxonomy":"product_cat","embeddable":true,"href":"https:\/\/alfawood.gr\/it\/wp-json\/wp\/v2\/product_cat?post=15807"},{"taxonomy":"product_tag","embeddable":true,"href":"https:\/\/alfawood.gr\/it\/wp-json\/wp\/v2\/product_tag?post=15807"}],"curies":[{"name":"parola chiave","href":"https:\/\/api.w.org\/{rel}","templated":true}]}}