{"id":25702,"date":"2024-05-25T19:13:14","date_gmt":"2024-05-25T17:13:14","guid":{"rendered":"https:\/\/alfawood.gr\/?post_type=product&#038;p=25702"},"modified":"2025-02-06T12:57:57","modified_gmt":"2025-02-06T10:57:57","slug":"no-97-circle-wall-cladding-veneer","status":"publish","type":"product","link":"https:\/\/alfawood.gr\/it\/product\/no-97-circle-wall-cladding-veneer\/","title":{"rendered":"N. 97 \u2013 Cerchio | Rivestimento per pareti"},"content":{"rendered":"<p>O <strong>rivestimento murale<\/strong> Veneer Wall Cladding Circle No 97 di Alfa Wood Group \u00e8 la scelta giusta per migliorare, rinnovare e creare un eccellente risultato estetico in spazi domestici e commerciali. Si tratta di un nuovo prodotto costituito da MDF impermeabile rivestito con impiallacciatura ed \u00e8 disponibile in una tonalit\u00e0 naturale del tipo di legno forestale Rovere - Rovere. Il profilo n. 97 ha una superficie convessa, una forma semicircolare. Un eccellente design a curva ripetuta, ideale per rivestire pareti, soffitti, elementi di arredo e persino intere stanze. La scelta di un profilo circolare e la sua estensione tridimensionale, ovvero la sfera, pi\u00f9 di ogni altra forma, porta con s\u00e9 l&#039;idea di continuit\u00e0, movimento, eternit\u00e0 senza inizio e fine, perfezione.<\/p>\n<p>I rivestimenti murali sono una soluzione di interior design versatile e accattivante, in grado di trasformare qualsiasi ambiente in uno spazio caldo e accogliente. \u00c8 una soluzione classica per rinnovare i tuoi spazi, che evoca un&#039;atmosfera di lusso e un tocco romantico, ma va di pari passo anche con le moderne esigenze della cultura architettonica e dello stile di vita.<\/p>\n<p>Il prodotto viene fornito non verniciato<\/p>\n<p>Vantaggi del rivestimento murale:<\/p>\n<ul>\n<li>Offre flessibilit\u00e0 e posizionamento rapido.<\/li>\n<li>\u00c8 un&#039;opzione economica per rinnovare il tuo spazio.<\/li>\n<li>\u00c8 durevole.<\/li>\n<li>\u00c8 di facile manutenzione.<\/li>\n<li>Pu\u00f2 essere personalizzato per adattarsi a qualsiasi stile di arredamento.<\/li>\n<\/ul>\n<p><strong>Superficie: impiallacciatura<\/strong><br \/>\n<strong>Dimensioni: <\/strong><strong>Profilo n. 97 3050 x 55 x 25 mm<\/strong><\/p>","protected":false},"excerpt":{"rendered":"<p class=\"translation-block\">Il <strong>rivestimento per pareti in impiallacciatura Circle n. 97<\/strong> riproduce fedelmente l&#039;aspetto e la sensazione del legno in una tonalit\u00e0 naturale della specie forestale Rovere - Rovere. Offre un aspetto naturale ideale per rivestire pareti, soffitti, elementi di arredo e persino intere stanze. La scelta di ciascuna forma di profilo dovrebbe commuovere esteticamente lo spettatore.<\/p>","protected":false},"featured_media":25703,"template":"","meta":{"_acf_changed":false,"inline_featured_image":false,"cybocfi_hide_featured_image":""},"product_brand":[],"product_cat":[847,861,860],"product_tag":[],"class_list":{"0":"post-25702","1":"product","2":"type-product","3":"status-publish","4":"has-post-thumbnail","6":"product_cat-diakosmiseis-toixon-ksylo","7":"product_cat-ependusi-toixou","8":"product_cat-wall-claading-veneer","10":"first","11":"instock","12":"product-type-simple"},"acf":[],"yoast_head":"<!-- This site is optimized with the Yoast SEO Premium plugin v27.3 (Yoast SEO v27.3) - https:\/\/yoast.com\/product\/yoast-seo-premium-wordpress\/ -->\n<title>No 97 \u2013 Circle | Wall Cladding Veneer - \u0395\u03c0\u03b9\u03c6\u03ac\u03bd\u03b5\u03b9\u03b5\u03c2 \u039c\u03b5\u03bb\u03b1\u03bc\u03af\u03bd\u03b7\u03c2 MDF \u039c\u03bf\u03c1\u03b9\u03bf\u03c3\u03b1\u03bd\u03af\u03b4\u03b1 \u03a0\u03ac\u03b3\u03ba\u03bf\u03b9 \u0394\u03ac\u03c0\u03b5\u03b4\u03b1 \u03a0\u03cc\u03c1\u03c4\u03b5\u03c2<\/title>\n<meta name=\"robots\" content=\"index, follow, max-snippet:-1, max-image-preview:large, max-video-preview:-1\" \/>\n<link rel=\"canonical\" href=\"https:\/\/alfawood.gr\/it\/prodotto\/no-97-circle-wall-cladding-veneer\" \/>\n<meta property=\"og:locale\" content=\"it_IT\" \/>\n<meta property=\"og:type\" content=\"article\" \/>\n<meta property=\"og:title\" content=\"No 97 \u2013 Circle | Wall Cladding Veneer\" \/>\n<meta property=\"og:description\" content=\"\u0397 \u03b5\u03c0\u03ad\u03bd\u03b4\u03c5\u03c3\u03b7 \u03c4\u03bf\u03af\u03c7\u03bf\u03c5 Veneer Wall Cladding Circle No 97,\u03b1\u03bd\u03b1\u03c0\u03b1\u03c1\u03ac\u03b3\u03b5\u03b9 \u03bc\u03b5 \u03b1\u03ba\u03c1\u03af\u03b2\u03b5\u03b9\u03b1 \u03c4\u03b7\u03bd \u03b5\u03bc\u03c6\u03ac\u03bd\u03b9\u03c3\u03b7 \u03ba\u03b1\u03b9 \u03c4\u03b7\u03bd \u03b1\u03af\u03c3\u03b8\u03b7\u03c3\u03b7 \u03c4\u03bf\u03c5 \u03be\u03cd\u03bb\u03bf\u03c5 \u03c3\u03b5 \u03c6\u03c5\u03c3\u03b9\u03ba\u03ae \u03b1\u03c0\u03cc\u03c7\u03c1\u03c9\u03c3\u03b7 \u03c4\u03bf\u03c5 \u03b4\u03b1\u03c3\u03bf\u03c0\u03bf\u03bd\u03b9\u03ba\u03bf\u03cd \u03b5\u03af\u03b4\u03bf\u03c2 \u03be\u03cd\u03bb\u03bf\u03c5 \u0394\u03c1\u03c5\u03c2 - \u0392\u03b5\u03bb\u03b1\u03bd\u03b9\u03b4\u03b9\u03ac. \u03a0\u03c1\u03bf\u03c3\u03c6\u03ad\u03c1\u03b5\u03b9 \u03bc\u03b9\u03b1 \u03c6\u03c5\u03c3\u03b9\u03ba\u03ae \u03b5\u03bc\u03c6\u03ac\u03bd\u03b9\u03c3\u03b7 \u03c0\u03bf\u03c5 \u03b5\u03af\u03bd\u03b1\u03b9 \u03b9\u03b4\u03b1\u03bd\u03b9\u03ba\u03ae \u03b3\u03b9\u03b1 \u03c4\u03b7\u03bd \u03b5\u03c0\u03ad\u03bd\u03b4\u03c5\u03c3\u03b7 \u03c4\u03bf\u03af\u03c7\u03c9\u03bd, \u03bf\u03c1\u03bf\u03c6\u03ae\u03c2, \u03c3\u03c4\u03bf\u03b9\u03c7\u03b5\u03af\u03c9\u03bd \u03b5\u03c0\u03af\u03c0\u03bb\u03c9\u03bd \u03b1\u03ba\u03cc\u03bc\u03b1 \u03ba\u03b1\u03b9 \u03bf\u03bb\u03cc\u03ba\u03bb\u03b7\u03c1\u03c9\u03bd \u03b4\u03c9\u03bc\u03b1\u03c4\u03af\u03c9\u03bd. \u0397 \u03b5\u03c0\u03b9\u03bb\u03bf\u03b3\u03ae \u03c4\u03b7\u03c2 \u03ba\u03ac\u03b8\u03b5 \u03bc\u03bf\u03c1\u03c6\u03ae\u03c2 \u03c0\u03c1\u03bf\u03c6\u03af\u03bb, \u03bf\u03c6\u03b5\u03af\u03bb\u03b5\u03b9 \u03bd\u03b1 \u03c3\u03c5\u03b3\u03ba\u03b9\u03bd\u03b5\u03af \u03b1\u03b9\u03c3\u03b8\u03b7\u03c4\u03b9\u03ba\u03ac \u03c4\u03bf\u03bd \u03b8\u03b5\u03b1\u03c4\u03ae.\" \/>\n<meta property=\"og:url\" content=\"https:\/\/alfawood.gr\/it\/prodotto\/no-97-circle-wall-cladding-veneer\" \/>\n<meta property=\"og:site_name\" content=\"\u0395\u03c0\u03b9\u03c6\u03ac\u03bd\u03b5\u03b9\u03b5\u03c2 \u039c\u03b5\u03bb\u03b1\u03bc\u03af\u03bd\u03b7\u03c2 MDF \u039c\u03bf\u03c1\u03b9\u03bf\u03c3\u03b1\u03bd\u03af\u03b4\u03b1 \u03a0\u03ac\u03b3\u03ba\u03bf\u03b9 \u0394\u03ac\u03c0\u03b5\u03b4\u03b1 \u03a0\u03cc\u03c1\u03c4\u03b5\u03c2\" \/>\n<meta property=\"article:publisher\" content=\"https:\/\/www.facebook.com\/alfawood.group\" \/>\n<meta property=\"article:modified_time\" content=\"2025-02-06T10:57:57+00:00\" \/>\n<meta property=\"og:image\" content=\"https:\/\/alfawood.gr\/wp-content\/uploads\/2024\/05\/Circle-veneer-wall-cladding.jpg\" \/>\n\t<meta property=\"og:image:width\" content=\"947\" \/>\n\t<meta property=\"og:image:height\" content=\"1300\" \/>\n\t<meta property=\"og:image:type\" content=\"image\/jpeg\" \/>\n<meta name=\"twitter:card\" content=\"summary_large_image\" \/>\n<meta name=\"twitter:site\" content=\"@ALFAWOODGROUP\" \/>\n<meta name=\"twitter:label1\" content=\"Tempo di lettura stimato\" \/>\n\t<meta name=\"twitter:data1\" content=\"2 minuti\" \/>\n<script type=\"application\/ld+json\" class=\"yoast-schema-graph\">{\"@context\":\"https:\\\/\\\/schema.org\",\"@graph\":[{\"@type\":\"WebPage\",\"@id\":\"https:\\\/\\\/alfawood.gr\\\/en\\\/product\\\/no-97-circle-wall-cladding-veneer\\\/\",\"url\":\"https:\\\/\\\/alfawood.gr\\\/en\\\/product\\\/no-97-circle-wall-cladding-veneer\\\/\",\"name\":\"No 97 \u2013 Circle | Wall Cladding Veneer - \u0395\u03c0\u03b9\u03c6\u03ac\u03bd\u03b5\u03b9\u03b5\u03c2 \u039c\u03b5\u03bb\u03b1\u03bc\u03af\u03bd\u03b7\u03c2 MDF \u039c\u03bf\u03c1\u03b9\u03bf\u03c3\u03b1\u03bd\u03af\u03b4\u03b1 \u03a0\u03ac\u03b3\u03ba\u03bf\u03b9 \u0394\u03ac\u03c0\u03b5\u03b4\u03b1 \u03a0\u03cc\u03c1\u03c4\u03b5\u03c2\",\"isPartOf\":{\"@id\":\"https:\\\/\\\/alfawood.gr\\\/#website\"},\"primaryImageOfPage\":{\"@id\":\"https:\\\/\\\/alfawood.gr\\\/en\\\/product\\\/no-97-circle-wall-cladding-veneer\\\/#primaryimage\"},\"image\":{\"@id\":\"https:\\\/\\\/alfawood.gr\\\/en\\\/product\\\/no-97-circle-wall-cladding-veneer\\\/#primaryimage\"},\"thumbnailUrl\":\"https:\\\/\\\/alfawood.gr\\\/wp-content\\\/uploads\\\/2024\\\/05\\\/Circle-veneer-wall-cladding.jpg\",\"datePublished\":\"2024-05-25T17:13:14+00:00\",\"dateModified\":\"2025-02-06T10:57:57+00:00\",\"breadcrumb\":{\"@id\":\"https:\\\/\\\/alfawood.gr\\\/en\\\/product\\\/no-97-circle-wall-cladding-veneer\\\/#breadcrumb\"},\"inLanguage\":\"it-IT\",\"potentialAction\":[{\"@type\":\"ReadAction\",\"target\":[\"https:\\\/\\\/alfawood.gr\\\/en\\\/product\\\/no-97-circle-wall-cladding-veneer\\\/\"]}]},{\"@type\":\"ImageObject\",\"inLanguage\":\"it-IT\",\"@id\":\"https:\\\/\\\/alfawood.gr\\\/en\\\/product\\\/no-97-circle-wall-cladding-veneer\\\/#primaryimage\",\"url\":\"https:\\\/\\\/alfawood.gr\\\/wp-content\\\/uploads\\\/2024\\\/05\\\/Circle-veneer-wall-cladding.jpg\",\"contentUrl\":\"https:\\\/\\\/alfawood.gr\\\/wp-content\\\/uploads\\\/2024\\\/05\\\/Circle-veneer-wall-cladding.jpg\",\"width\":947,\"height\":1300,\"caption\":\"Circle veneer wall cladding\"},{\"@type\":\"BreadcrumbList\",\"@id\":\"https:\\\/\\\/alfawood.gr\\\/en\\\/product\\\/no-97-circle-wall-cladding-veneer\\\/#breadcrumb\",\"itemListElement\":[{\"@type\":\"ListItem\",\"position\":1,\"name\":\"Home\",\"item\":\"https:\\\/\\\/alfawood.gr\\\/\"},{\"@type\":\"ListItem\",\"position\":2,\"name\":\"\u03a0\u03c1\u03bf\u03ca\u03cc\u03bd\u03c4\u03b1\",\"item\":\"https:\\\/\\\/alfawood.gr\\\/proionta-wood\\\/\"},{\"@type\":\"ListItem\",\"position\":3,\"name\":\"\u0394\u03b9\u03b1\u03ba\u03cc\u03c3\u03bc\u03b7\u03c3\u03b7 \u03a4\u03bf\u03af\u03c7\u03bf\u03c5\",\"item\":\"https:\\\/\\\/alfawood.gr\\\/category\\\/diakosmiseis-toixon-ksylo\\\/\"},{\"@type\":\"ListItem\",\"position\":4,\"name\":\"\u0395\u03c0\u03ad\u03bd\u03b4\u03c5\u03c3\u03b7 \u03a4\u03bf\u03af\u03c7\u03bf\u03c5\",\"item\":\"https:\\\/\\\/alfawood.gr\\\/category\\\/diakosmiseis-toixon-ksylo\\\/ependusi-toixou\\\/\"},{\"@type\":\"ListItem\",\"position\":5,\"name\":\"\u0395\u03c0\u03ad\u03bd\u03b4\u03c5\u03c3\u03b7 \u03a4\u03bf\u03af\u03c7\u03bf\u03c5 - \u039a\u03b1\u03c0\u03bb\u03b1\u03bc\u03ac\",\"item\":\"https:\\\/\\\/alfawood.gr\\\/category\\\/diakosmiseis-toixon-ksylo\\\/ependusi-toixou\\\/wall-claading-veneer\\\/\"},{\"@type\":\"ListItem\",\"position\":6,\"name\":\"No 97 \u2013 Circle | Wall Cladding Veneer\"}]},{\"@type\":\"WebSite\",\"@id\":\"https:\\\/\\\/alfawood.gr\\\/#website\",\"url\":\"https:\\\/\\\/alfawood.gr\\\/\",\"name\":\"\u0395\u03c0\u03b9\u03c6\u03ac\u03bd\u03b5\u03b9\u03b5\u03c2 \u039c\u03b5\u03bb\u03b1\u03bc\u03af\u03bd\u03b7\u03c2 MDF \u039c\u03bf\u03c1\u03b9\u03bf\u03c3\u03b1\u03bd\u03af\u03b4\u03b1 \u03a0\u03ac\u03b3\u03ba\u03bf\u03b9 \u0394\u03ac\u03c0\u03b5\u03b4\u03b1 \u03a0\u03cc\u03c1\u03c4\u03b5\u03c2\",\"description\":\"\u0392\u03b9\u03bf\u03bc\u03b7\u03c7\u03b1\u03bd\u03af\u03b1 \u039e\u03cd\u03bb\u03bf\u03c5 Alfa Wood Group\",\"publisher\":{\"@id\":\"https:\\\/\\\/alfawood.gr\\\/#organization\"},\"alternateName\":\"Melamines - MDF - Laminate - Worktops\",\"potentialAction\":[{\"@type\":\"SearchAction\",\"target\":{\"@type\":\"EntryPoint\",\"urlTemplate\":\"https:\\\/\\\/alfawood.gr\\\/?s={search_term_string}\"},\"query-input\":{\"@type\":\"PropertyValueSpecification\",\"valueRequired\":true,\"valueName\":\"search_term_string\"}}],\"inLanguage\":\"it-IT\"},{\"@type\":\"Organization\",\"@id\":\"https:\\\/\\\/alfawood.gr\\\/#organization\",\"name\":\"Alfa Wood Group\",\"url\":\"https:\\\/\\\/alfawood.gr\\\/\",\"logo\":{\"@type\":\"ImageObject\",\"inLanguage\":\"it-IT\",\"@id\":\"https:\\\/\\\/alfawood.gr\\\/#\\\/schema\\\/logo\\\/image\\\/\",\"url\":\"https:\\\/\\\/alfawood.gr\\\/wp-content\\\/uploads\\\/2023\\\/02\\\/alfa-wood-logo-1.svg\",\"contentUrl\":\"https:\\\/\\\/alfawood.gr\\\/wp-content\\\/uploads\\\/2023\\\/02\\\/alfa-wood-logo-1.svg\",\"width\":305,\"height\":195,\"caption\":\"Alfa Wood Group\"},\"image\":{\"@id\":\"https:\\\/\\\/alfawood.gr\\\/#\\\/schema\\\/logo\\\/image\\\/\"},\"sameAs\":[\"https:\\\/\\\/www.facebook.com\\\/alfawood.group\",\"https:\\\/\\\/x.com\\\/ALFAWOODGROUP\",\"https:\\\/\\\/www.instagram.com\\\/alfawood.group\",\"https:\\\/\\\/www.youtube.com\\\/@alfawoodgroup\",\"https:\\\/\\\/www.tiktok.com\\\/@alfawood.group\",\"https:\\\/\\\/vimeo.com\\\/alfawood\",\"https:\\\/\\\/www.linkedin.com\\\/company\\\/alfawoodgroup\",\"https:\\\/\\\/www.pinterest.com\\\/alfawoodgroup\\\/\"]}]}<\/script>\n<!-- \/ Yoast SEO Premium plugin. -->","yoast_head_json":{"title":"N. 97 \u2013 Cerchio | Rivestimento murale - Superfici in melamina MDF Truciolare Banconi Pavimenti Porte","robots":{"index":"index","follow":"follow","max-snippet":"max-snippet:-1","max-image-preview":"max-image-preview:large","max-video-preview":"max-video-preview:-1"},"canonical":"https:\/\/alfawood.gr\/it\/prodotto\/no-97-circle-wall-cladding-veneer","og_locale":"it_IT","og_type":"article","og_title":"No 97 \u2013 Circle | Wall Cladding Veneer","og_description":"\u0397 \u03b5\u03c0\u03ad\u03bd\u03b4\u03c5\u03c3\u03b7 \u03c4\u03bf\u03af\u03c7\u03bf\u03c5 Veneer Wall Cladding Circle No 97,\u03b1\u03bd\u03b1\u03c0\u03b1\u03c1\u03ac\u03b3\u03b5\u03b9 \u03bc\u03b5 \u03b1\u03ba\u03c1\u03af\u03b2\u03b5\u03b9\u03b1 \u03c4\u03b7\u03bd \u03b5\u03bc\u03c6\u03ac\u03bd\u03b9\u03c3\u03b7 \u03ba\u03b1\u03b9 \u03c4\u03b7\u03bd \u03b1\u03af\u03c3\u03b8\u03b7\u03c3\u03b7 \u03c4\u03bf\u03c5 \u03be\u03cd\u03bb\u03bf\u03c5 \u03c3\u03b5 \u03c6\u03c5\u03c3\u03b9\u03ba\u03ae \u03b1\u03c0\u03cc\u03c7\u03c1\u03c9\u03c3\u03b7 \u03c4\u03bf\u03c5 \u03b4\u03b1\u03c3\u03bf\u03c0\u03bf\u03bd\u03b9\u03ba\u03bf\u03cd \u03b5\u03af\u03b4\u03bf\u03c2 \u03be\u03cd\u03bb\u03bf\u03c5 \u0394\u03c1\u03c5\u03c2 - \u0392\u03b5\u03bb\u03b1\u03bd\u03b9\u03b4\u03b9\u03ac. \u03a0\u03c1\u03bf\u03c3\u03c6\u03ad\u03c1\u03b5\u03b9 \u03bc\u03b9\u03b1 \u03c6\u03c5\u03c3\u03b9\u03ba\u03ae \u03b5\u03bc\u03c6\u03ac\u03bd\u03b9\u03c3\u03b7 \u03c0\u03bf\u03c5 \u03b5\u03af\u03bd\u03b1\u03b9 \u03b9\u03b4\u03b1\u03bd\u03b9\u03ba\u03ae \u03b3\u03b9\u03b1 \u03c4\u03b7\u03bd \u03b5\u03c0\u03ad\u03bd\u03b4\u03c5\u03c3\u03b7 \u03c4\u03bf\u03af\u03c7\u03c9\u03bd, \u03bf\u03c1\u03bf\u03c6\u03ae\u03c2, \u03c3\u03c4\u03bf\u03b9\u03c7\u03b5\u03af\u03c9\u03bd \u03b5\u03c0\u03af\u03c0\u03bb\u03c9\u03bd \u03b1\u03ba\u03cc\u03bc\u03b1 \u03ba\u03b1\u03b9 \u03bf\u03bb\u03cc\u03ba\u03bb\u03b7\u03c1\u03c9\u03bd \u03b4\u03c9\u03bc\u03b1\u03c4\u03af\u03c9\u03bd. \u0397 \u03b5\u03c0\u03b9\u03bb\u03bf\u03b3\u03ae \u03c4\u03b7\u03c2 \u03ba\u03ac\u03b8\u03b5 \u03bc\u03bf\u03c1\u03c6\u03ae\u03c2 \u03c0\u03c1\u03bf\u03c6\u03af\u03bb, \u03bf\u03c6\u03b5\u03af\u03bb\u03b5\u03b9 \u03bd\u03b1 \u03c3\u03c5\u03b3\u03ba\u03b9\u03bd\u03b5\u03af \u03b1\u03b9\u03c3\u03b8\u03b7\u03c4\u03b9\u03ba\u03ac \u03c4\u03bf\u03bd \u03b8\u03b5\u03b1\u03c4\u03ae.","og_url":"https:\/\/alfawood.gr\/it\/prodotto\/no-97-circle-wall-cladding-veneer","og_site_name":"\u0395\u03c0\u03b9\u03c6\u03ac\u03bd\u03b5\u03b9\u03b5\u03c2 \u039c\u03b5\u03bb\u03b1\u03bc\u03af\u03bd\u03b7\u03c2 MDF \u039c\u03bf\u03c1\u03b9\u03bf\u03c3\u03b1\u03bd\u03af\u03b4\u03b1 \u03a0\u03ac\u03b3\u03ba\u03bf\u03b9 \u0394\u03ac\u03c0\u03b5\u03b4\u03b1 \u03a0\u03cc\u03c1\u03c4\u03b5\u03c2","article_publisher":"https:\/\/www.facebook.com\/alfawood.group","article_modified_time":"2025-02-06T10:57:57+00:00","og_image":[{"width":947,"height":1300,"url":"https:\/\/alfawood.gr\/wp-content\/uploads\/2024\/05\/Circle-veneer-wall-cladding.jpg","type":"image\/jpeg"}],"twitter_card":"summary_large_image","twitter_site":"@ALFAWOODGROUP","twitter_misc":{"Tempo di lettura stimato":"2 minuti"},"schema":{"@context":"https:\/\/schema.org","@graph":[{"@type":"WebPage","@id":"https:\/\/alfawood.gr\/en\/product\/no-97-circle-wall-cladding-veneer\/","url":"https:\/\/alfawood.gr\/en\/product\/no-97-circle-wall-cladding-veneer\/","name":"N. 97 \u2013 Cerchio | Rivestimento murale - Superfici in melamina MDF Truciolare Banconi Pavimenti Porte","isPartOf":{"@id":"https:\/\/alfawood.gr\/#website"},"primaryImageOfPage":{"@id":"https:\/\/alfawood.gr\/en\/product\/no-97-circle-wall-cladding-veneer\/#primaryimage"},"image":{"@id":"https:\/\/alfawood.gr\/en\/product\/no-97-circle-wall-cladding-veneer\/#primaryimage"},"thumbnailUrl":"https:\/\/alfawood.gr\/wp-content\/uploads\/2024\/05\/Circle-veneer-wall-cladding.jpg","datePublished":"2024-05-25T17:13:14+00:00","dateModified":"2025-02-06T10:57:57+00:00","breadcrumb":{"@id":"https:\/\/alfawood.gr\/en\/product\/no-97-circle-wall-cladding-veneer\/#breadcrumb"},"inLanguage":"it-IT","potentialAction":[{"@type":"ReadAction","target":["https:\/\/alfawood.gr\/en\/product\/no-97-circle-wall-cladding-veneer\/"]}]},{"@type":"ImageObject","inLanguage":"it-IT","@id":"https:\/\/alfawood.gr\/en\/product\/no-97-circle-wall-cladding-veneer\/#primaryimage","url":"https:\/\/alfawood.gr\/wp-content\/uploads\/2024\/05\/Circle-veneer-wall-cladding.jpg","contentUrl":"https:\/\/alfawood.gr\/wp-content\/uploads\/2024\/05\/Circle-veneer-wall-cladding.jpg","width":947,"height":1300,"caption":"Circle veneer wall cladding"},{"@type":"BreadcrumbList","@id":"https:\/\/alfawood.gr\/en\/product\/no-97-circle-wall-cladding-veneer\/#breadcrumb","itemListElement":[{"@type":"ListItem","position":1,"name":"Home","item":"https:\/\/alfawood.gr\/"},{"@type":"ListItem","position":2,"name":"\u03a0\u03c1\u03bf\u03ca\u03cc\u03bd\u03c4\u03b1","item":"https:\/\/alfawood.gr\/proionta-wood\/"},{"@type":"ListItem","position":3,"name":"\u0394\u03b9\u03b1\u03ba\u03cc\u03c3\u03bc\u03b7\u03c3\u03b7 \u03a4\u03bf\u03af\u03c7\u03bf\u03c5","item":"https:\/\/alfawood.gr\/category\/diakosmiseis-toixon-ksylo\/"},{"@type":"ListItem","position":4,"name":"\u0395\u03c0\u03ad\u03bd\u03b4\u03c5\u03c3\u03b7 \u03a4\u03bf\u03af\u03c7\u03bf\u03c5","item":"https:\/\/alfawood.gr\/category\/diakosmiseis-toixon-ksylo\/ependusi-toixou\/"},{"@type":"ListItem","position":5,"name":"\u0395\u03c0\u03ad\u03bd\u03b4\u03c5\u03c3\u03b7 \u03a4\u03bf\u03af\u03c7\u03bf\u03c5 - \u039a\u03b1\u03c0\u03bb\u03b1\u03bc\u03ac","item":"https:\/\/alfawood.gr\/category\/diakosmiseis-toixon-ksylo\/ependusi-toixou\/wall-claading-veneer\/"},{"@type":"ListItem","position":6,"name":"No 97 \u2013 Circle | Wall Cladding Veneer"}]},{"@type":"WebSite","@id":"https:\/\/alfawood.gr\/#website","url":"https:\/\/alfawood.gr\/","name":"Superfici in melamina MDF Truciolare Banconi Pavimenti Porte","description":"Alfa Wood Group Industria del Legno","publisher":{"@id":"https:\/\/alfawood.gr\/#organization"},"alternateName":"Melamines - MDF - Laminate - Worktops","potentialAction":[{"@type":"SearchAction","target":{"@type":"EntryPoint","urlTemplate":"https:\/\/alfawood.gr\/?s={search_term_string}"},"query-input":{"@type":"PropertyValueSpecification","valueRequired":true,"valueName":"search_term_string"}}],"inLanguage":"it-IT"},{"@type":"Organization","@id":"https:\/\/alfawood.gr\/#organization","name":"Gruppo Alfa Legno","url":"https:\/\/alfawood.gr\/","logo":{"@type":"ImageObject","inLanguage":"it-IT","@id":"https:\/\/alfawood.gr\/#\/schema\/logo\/image\/","url":"https:\/\/alfawood.gr\/wp-content\/uploads\/2023\/02\/alfa-wood-logo-1.svg","contentUrl":"https:\/\/alfawood.gr\/wp-content\/uploads\/2023\/02\/alfa-wood-logo-1.svg","width":305,"height":195,"caption":"Alfa Wood Group"},"image":{"@id":"https:\/\/alfawood.gr\/#\/schema\/logo\/image\/"},"sameAs":["https:\/\/www.facebook.com\/alfawood.group","https:\/\/x.com\/ALFAWOODGROUP","https:\/\/www.instagram.com\/alfawood.group","https:\/\/www.youtube.com\/@alfawoodgroup","https:\/\/www.tiktok.com\/@alfawood.group","https:\/\/vimeo.com\/alfawood","https:\/\/www.linkedin.com\/company\/alfawoodgroup","https:\/\/www.pinterest.com\/alfawoodgroup\/"]}]}},"_links":{"self":[{"href":"https:\/\/alfawood.gr\/it\/wp-json\/wp\/v2\/product\/25702","targetHints":{"allow":["GET"]}}],"collection":[{"href":"https:\/\/alfawood.gr\/it\/wp-json\/wp\/v2\/product"}],"about":[{"href":"https:\/\/alfawood.gr\/it\/wp-json\/wp\/v2\/types\/product"}],"version-history":[{"count":0,"href":"https:\/\/alfawood.gr\/it\/wp-json\/wp\/v2\/product\/25702\/revisions"}],"wp:featuredmedia":[{"embeddable":true,"href":"https:\/\/alfawood.gr\/it\/wp-json\/wp\/v2\/media\/25703"}],"wp:attachment":[{"href":"https:\/\/alfawood.gr\/it\/wp-json\/wp\/v2\/media?parent=25702"}],"wp:term":[{"taxonomy":"product_brand","embeddable":true,"href":"https:\/\/alfawood.gr\/it\/wp-json\/wp\/v2\/product_brand?post=25702"},{"taxonomy":"product_cat","embeddable":true,"href":"https:\/\/alfawood.gr\/it\/wp-json\/wp\/v2\/product_cat?post=25702"},{"taxonomy":"product_tag","embeddable":true,"href":"https:\/\/alfawood.gr\/it\/wp-json\/wp\/v2\/product_tag?post=25702"}],"curies":[{"name":"parola chiave","href":"https:\/\/api.w.org\/{rel}","templated":true}]}}