{"id":15110,"date":"2023-03-07T08:16:14","date_gmt":"2023-03-07T08:16:14","guid":{"rendered":"https:\/\/alfawood.gr\/product\/exclusive-combo-3501\/"},"modified":"2024-03-13T11:47:46","modified_gmt":"2024-03-13T09:47:46","slug":"exclusive-combo-3501","status":"publish","type":"product","link":"https:\/\/alfawood.gr\/ro\/product\/exclusive-combo-3501\/","title":{"rendered":"3501 COMBO Exclusiv"},"content":{"rendered":"<div class=\"testingE\"><p>Colec\u021bia Exclusive Combo este suprem\u0103 <a href=\"\/ro\/pagkos-kouzinas-worktops\" target=\"_blank\" rel=\"noopener\">combina\u021bie de banc\u0103<\/a> \u0219i<a href=\"\/ro\/category\/alfa-surfaces\" target=\"_blank\" rel=\"noopener\"> suprafata decorativa<\/a>!<\/p>\n<p>THE <strong>Grupul Alfa Wood<\/strong> a supravegheat designul texturilor \u0219i nuan\u021belor de culoare ale r\u00e2ndurilor de b\u0103nci (Banc\u0103 -\u00a0<a href=\"https:\/\/alfawood.gr\/ro\/category\/pagoi-kouzinas\" target=\"_blank\" rel=\"noopener\">Alfa Tops<\/a>) astfel \u00eenc\u00e2t s\u0103 se potriveasc\u0103 perfect cu cele mai moderne modele de buc\u0103t\u0103rie.<\/p>\n<p>THE <strong>Colectie<\/strong> <strong>Exclusiv<\/strong> <strong>Combo<\/strong> <strong>este format din 9 coduri<\/strong> care au particularitatea<strong> sa fie perfect combinata cu suprafetele decorative corespunzatoare <\/strong>a grupului.<\/p>\n<p>Cele 6 coduri sunt <strong>respectivul<\/strong>\u00a0<strong>culorile\u00a0<\/strong>a suprafetei decorative <strong>TERRA (imita\u021bie de textura de ciment) \u0219i <\/strong>cele 3 coduri sunt\u00a0<strong>aceeasi culoare<\/strong> cu suprafe\u0163ele decorative corespunz\u0103toare \u00een <strong>suprafata din lemn in relief.<\/strong><\/p>\n<p>Acestea sunt produse ecologice cu materii prime certificate.<\/p>\n<p>Alegerea materialului pentru blatul de buc\u0103t\u0103rie este o decizie care afecteaz\u0103 at\u00e2t rezultatul estetic, c\u00e2t \u0219i cel practic. Atunci c\u00e2nd alege un banc de lucru, consumatorul ar trebui s\u0103 ia \u00een considerare at\u00e2t durabilitatea \u0219i protec\u021bia s\u0103n\u0103t\u0103\u021bii, c\u00e2t \u0219i designul s\u0103u estetic \u0219i ergonomic ridicat. Sunt fabricate la standarde stricte pentru a satisface orice nevoie de design interior.<\/p>\n<p><strong>\u00a0Avantaje<\/strong><\/p>\n<ul>\n<li>Durabil, cu o mare rezisten\u021b\u0103 la impact, abraziune \u0219i pete.<\/li>\n<li>Rezisten\u021b\u0103 puternic\u0103 la condi\u021bii climatice extreme \u0219i la razele UV<\/li>\n<li>Nu se decoloreaz\u0103.<\/li>\n<li>Ele ofer\u0103 o protec\u021bie fiabil\u0103 \u0219i durabil\u0103 \u00eempotriva bacteriilor \u0219i ofer\u0103 o alt\u0103 dimensiune igienei \u0219i cur\u0103\u021beniei.<\/li>\n<li>Materiile prime folosite sunt ecologice<\/li>\n<li>Datorit\u0103 rezisten\u021bei sale la temperaturi ridicate, umiditate \u0219i ap\u0103, este extrem de potrivit\u0103 pentru utilizare \u00een buc\u0103t\u0103rie. \u0192<\/li>\n<li>Poate fi folosit \u0219i ca acoperire din spate a suprafe\u021belor.<\/li>\n<li>Clasa de emisie de formaldehid\u0103 E1.<\/li>\n<\/ul>\n<p><strong>Raportul R2<\/strong><\/p>\n<p><a href=\"\/files\/catalogs\/\/ALFASURFACES-BOOK-GR.pdf\" target=\"_blank\" rel=\"noopener\">Vezi catalogul<\/a><\/p>\n<\/div>","protected":false},"excerpt":{"rendered":"<p>Banca Exclusive COMBO 3501 \u00eentr-o nuan\u021b\u0103 de maro \u00eenchis imita\u021bie de lemn este perfect combinat\u0103 cu suprafa\u021ba decorativ\u0103 corespunz\u0103toare a grupului. Rezultatul este o uniformitate excelent\u0103 \u00een spa\u021biul dumneavoastr\u0103.<\/p>","protected":false},"featured_media":15112,"template":"","meta":{"_acf_changed":false,"inline_featured_image":false,"cybocfi_hide_featured_image":""},"product_brand":[],"product_cat":[112,114],"product_tag":[],"class_list":{"0":"post-15110","1":"product","2":"type-product","3":"status-publish","4":"has-post-thumbnail","6":"product_cat-pagoi-kouzinas","7":"product_cat-exclusive-combo","9":"first","10":"instock","11":"product-type-simple"},"acf":[],"yoast_head":"<!-- This site is optimized with the Yoast SEO Premium plugin v27.3 (Yoast SEO v27.3) - https:\/\/yoast.com\/product\/yoast-seo-premium-wordpress\/ -->\n<title>3501 Exclusive COMBO - \u0395\u03c0\u03b9\u03c6\u03ac\u03bd\u03b5\u03b9\u03b5\u03c2 \u039c\u03b5\u03bb\u03b1\u03bc\u03af\u03bd\u03b7\u03c2 MDF \u039c\u03bf\u03c1\u03b9\u03bf\u03c3\u03b1\u03bd\u03af\u03b4\u03b1 \u03a0\u03ac\u03b3\u03ba\u03bf\u03b9 \u0394\u03ac\u03c0\u03b5\u03b4\u03b1 \u03a0\u03cc\u03c1\u03c4\u03b5\u03c2<\/title>\n<meta name=\"robots\" content=\"index, follow, max-snippet:-1, max-image-preview:large, max-video-preview:-1\" \/>\n<link rel=\"canonical\" href=\"https:\/\/alfawood.gr\/ro\/produs\/exclusive-combo-3501\" \/>\n<meta property=\"og:locale\" content=\"ro_RO\" \/>\n<meta property=\"og:type\" content=\"article\" \/>\n<meta property=\"og:title\" content=\"3501 Exclusive COMBO\" \/>\n<meta property=\"og:description\" content=\"O \u03c0\u03ac\u03b3\u03ba\u03bf\u03c2 Exclusive COMBO 3501 \u03c3\u03b5 \u03c3\u03ba\u03bf\u03cd\u03c1\u03b1 \u03ba\u03b1\u03c6\u03ad \u03b1\u03c0\u03cc\u03c7\u03c1\u03c9\u03c3\u03b7 \u03c3\u03b5 \u03b1\u03c0\u03bf\u03bc\u03af\u03bc\u03b7\u03c3\u03b7 \u03be\u03cd\u03bb\u03bf\u03c5, \u03c3\u03c5\u03bd\u03b4\u03c5\u03ac\u03b6\u03b5\u03c4\u03b1\u03b9 \u03b1\u03c0\u03cc\u03bb\u03c5\u03c4\u03b1 \u03bc\u03b5 \u03c4\u03b7\u03bd \u03b1\u03bd\u03c4\u03af\u03c3\u03c4\u03bf\u03b9\u03c7\u03b7 \u03b4\u03b9\u03b1\u03ba\u03bf\u03c3\u03bc\u03b7\u03c4\u03b9\u03ba\u03ae \u03b5\u03c0\u03b9\u03c6\u03ac\u03bd\u03b5\u03b9\u03b1 \u03c4\u03bf\u03c5 \u03bf\u03bc\u03af\u03bb\u03bf\u03c5. \u03a4\u03bf \u03b1\u03c0\u03bf\u03c4\u03ad\u03bb\u03b5\u03c3\u03bc\u03b1 \u03b5\u03af\u03bd\u03b1\u03b9 \u03bc\u03af\u03b1 \u03b5\u03be\u03b1\u03b9\u03c1\u03b5\u03c4\u03b9\u03ba\u03ae \u03bf\u03bc\u03bf\u03b9\u03bf\u03bc\u03bf\u03c1\u03c6\u03af\u03b1 \u03c3\u03c4\u03bf\u03bd \u03c7\u03ce\u03c1\u03bf \u03c3\u03b1\u03c2.\" \/>\n<meta property=\"og:url\" content=\"https:\/\/alfawood.gr\/ro\/produs\/exclusive-combo-3501\" \/>\n<meta property=\"og:site_name\" content=\"\u0395\u03c0\u03b9\u03c6\u03ac\u03bd\u03b5\u03b9\u03b5\u03c2 \u039c\u03b5\u03bb\u03b1\u03bc\u03af\u03bd\u03b7\u03c2 MDF \u039c\u03bf\u03c1\u03b9\u03bf\u03c3\u03b1\u03bd\u03af\u03b4\u03b1 \u03a0\u03ac\u03b3\u03ba\u03bf\u03b9 \u0394\u03ac\u03c0\u03b5\u03b4\u03b1 \u03a0\u03cc\u03c1\u03c4\u03b5\u03c2\" \/>\n<meta property=\"article:publisher\" content=\"https:\/\/www.facebook.com\/alfawood.group\" \/>\n<meta property=\"article:modified_time\" content=\"2024-03-13T09:47:46+00:00\" \/>\n<meta property=\"og:image\" content=\"https:\/\/alfawood.gr\/wp-content\/uploads\/2023\/03\/3501.jpg\" \/>\n\t<meta property=\"og:image:width\" content=\"1457\" \/>\n\t<meta property=\"og:image:height\" content=\"2000\" \/>\n\t<meta property=\"og:image:type\" content=\"image\/jpeg\" \/>\n<meta name=\"twitter:card\" content=\"summary_large_image\" \/>\n<meta name=\"twitter:site\" content=\"@ALFAWOODGROUP\" \/>\n<meta name=\"twitter:label1\" content=\"Timp estimat pentru citire\" \/>\n\t<meta name=\"twitter:data1\" content=\"1 minut\" \/>\n<script type=\"application\/ld+json\" class=\"yoast-schema-graph\">{\"@context\":\"https:\\\/\\\/schema.org\",\"@graph\":[{\"@type\":\"WebPage\",\"@id\":\"https:\\\/\\\/alfawood.gr\\\/product\\\/exclusive-combo-3501\\\/\",\"url\":\"https:\\\/\\\/alfawood.gr\\\/product\\\/exclusive-combo-3501\\\/\",\"name\":\"3501 Exclusive COMBO - \u0395\u03c0\u03b9\u03c6\u03ac\u03bd\u03b5\u03b9\u03b5\u03c2 \u039c\u03b5\u03bb\u03b1\u03bc\u03af\u03bd\u03b7\u03c2 MDF \u039c\u03bf\u03c1\u03b9\u03bf\u03c3\u03b1\u03bd\u03af\u03b4\u03b1 \u03a0\u03ac\u03b3\u03ba\u03bf\u03b9 \u0394\u03ac\u03c0\u03b5\u03b4\u03b1 \u03a0\u03cc\u03c1\u03c4\u03b5\u03c2\",\"isPartOf\":{\"@id\":\"https:\\\/\\\/alfawood.gr\\\/#website\"},\"primaryImageOfPage\":{\"@id\":\"https:\\\/\\\/alfawood.gr\\\/product\\\/exclusive-combo-3501\\\/#primaryimage\"},\"image\":{\"@id\":\"https:\\\/\\\/alfawood.gr\\\/product\\\/exclusive-combo-3501\\\/#primaryimage\"},\"thumbnailUrl\":\"https:\\\/\\\/alfawood.gr\\\/wp-content\\\/uploads\\\/2023\\\/03\\\/3501.jpg\",\"datePublished\":\"2023-03-07T08:16:14+00:00\",\"dateModified\":\"2024-03-13T09:47:46+00:00\",\"breadcrumb\":{\"@id\":\"https:\\\/\\\/alfawood.gr\\\/product\\\/exclusive-combo-3501\\\/#breadcrumb\"},\"inLanguage\":\"ro-RO\",\"potentialAction\":[{\"@type\":\"ReadAction\",\"target\":[\"https:\\\/\\\/alfawood.gr\\\/product\\\/exclusive-combo-3501\\\/\"]}]},{\"@type\":\"ImageObject\",\"inLanguage\":\"ro-RO\",\"@id\":\"https:\\\/\\\/alfawood.gr\\\/product\\\/exclusive-combo-3501\\\/#primaryimage\",\"url\":\"https:\\\/\\\/alfawood.gr\\\/wp-content\\\/uploads\\\/2023\\\/03\\\/3501.jpg\",\"contentUrl\":\"https:\\\/\\\/alfawood.gr\\\/wp-content\\\/uploads\\\/2023\\\/03\\\/3501.jpg\",\"width\":1457,\"height\":2000,\"caption\":\"Winchester Walnut 3501 - Alfa Surfaces Natural MFC\"},{\"@type\":\"BreadcrumbList\",\"@id\":\"https:\\\/\\\/alfawood.gr\\\/product\\\/exclusive-combo-3501\\\/#breadcrumb\",\"itemListElement\":[{\"@type\":\"ListItem\",\"position\":1,\"name\":\"Home\",\"item\":\"https:\\\/\\\/alfawood.gr\\\/\"},{\"@type\":\"ListItem\",\"position\":2,\"name\":\"\u03a0\u03c1\u03bf\u03ca\u03cc\u03bd\u03c4\u03b1\",\"item\":\"https:\\\/\\\/alfawood.gr\\\/proionta-wood\\\/\"},{\"@type\":\"ListItem\",\"position\":3,\"name\":\"Alfa Tops - \u03a0\u03ac\u03b3\u03ba\u03bf\u03b9 \u039a\u03bf\u03c5\u03b6\u03af\u03bd\u03b1\u03c2\",\"item\":\"https:\\\/\\\/alfawood.gr\\\/category\\\/pagoi-kouzinas\\\/\"},{\"@type\":\"ListItem\",\"position\":4,\"name\":\"Exclusive COMBO\",\"item\":\"https:\\\/\\\/alfawood.gr\\\/category\\\/pagoi-kouzinas\\\/exclusive-combo\\\/\"},{\"@type\":\"ListItem\",\"position\":5,\"name\":\"3501 Exclusive COMBO\"}]},{\"@type\":\"WebSite\",\"@id\":\"https:\\\/\\\/alfawood.gr\\\/#website\",\"url\":\"https:\\\/\\\/alfawood.gr\\\/\",\"name\":\"\u0395\u03c0\u03b9\u03c6\u03ac\u03bd\u03b5\u03b9\u03b5\u03c2 \u039c\u03b5\u03bb\u03b1\u03bc\u03af\u03bd\u03b7\u03c2 MDF \u039c\u03bf\u03c1\u03b9\u03bf\u03c3\u03b1\u03bd\u03af\u03b4\u03b1 \u03a0\u03ac\u03b3\u03ba\u03bf\u03b9 \u0394\u03ac\u03c0\u03b5\u03b4\u03b1 \u03a0\u03cc\u03c1\u03c4\u03b5\u03c2\",\"description\":\"\u0392\u03b9\u03bf\u03bc\u03b7\u03c7\u03b1\u03bd\u03af\u03b1 \u039e\u03cd\u03bb\u03bf\u03c5 Alfa Wood Group\",\"publisher\":{\"@id\":\"https:\\\/\\\/alfawood.gr\\\/#organization\"},\"alternateName\":\"Melamines - MDF - Laminate - Worktops\",\"potentialAction\":[{\"@type\":\"SearchAction\",\"target\":{\"@type\":\"EntryPoint\",\"urlTemplate\":\"https:\\\/\\\/alfawood.gr\\\/?s={search_term_string}\"},\"query-input\":{\"@type\":\"PropertyValueSpecification\",\"valueRequired\":true,\"valueName\":\"search_term_string\"}}],\"inLanguage\":\"ro-RO\"},{\"@type\":\"Organization\",\"@id\":\"https:\\\/\\\/alfawood.gr\\\/#organization\",\"name\":\"Alfa Wood Group\",\"url\":\"https:\\\/\\\/alfawood.gr\\\/\",\"logo\":{\"@type\":\"ImageObject\",\"inLanguage\":\"ro-RO\",\"@id\":\"https:\\\/\\\/alfawood.gr\\\/#\\\/schema\\\/logo\\\/image\\\/\",\"url\":\"https:\\\/\\\/alfawood.gr\\\/wp-content\\\/uploads\\\/2023\\\/02\\\/alfa-wood-logo-1.svg\",\"contentUrl\":\"https:\\\/\\\/alfawood.gr\\\/wp-content\\\/uploads\\\/2023\\\/02\\\/alfa-wood-logo-1.svg\",\"width\":305,\"height\":195,\"caption\":\"Alfa Wood Group\"},\"image\":{\"@id\":\"https:\\\/\\\/alfawood.gr\\\/#\\\/schema\\\/logo\\\/image\\\/\"},\"sameAs\":[\"https:\\\/\\\/www.facebook.com\\\/alfawood.group\",\"https:\\\/\\\/x.com\\\/ALFAWOODGROUP\",\"https:\\\/\\\/www.instagram.com\\\/alfawood.group\",\"https:\\\/\\\/www.youtube.com\\\/@alfawoodgroup\",\"https:\\\/\\\/www.tiktok.com\\\/@alfawood.group\",\"https:\\\/\\\/vimeo.com\\\/alfawood\",\"https:\\\/\\\/www.linkedin.com\\\/company\\\/alfawoodgroup\",\"https:\\\/\\\/www.pinterest.com\\\/alfawoodgroup\\\/\"]}]}<\/script>\n<!-- \/ Yoast SEO Premium plugin. -->","yoast_head_json":{"title":"3501 EXCLUSIV COMBO - Suprafe\u021be melaminate Tejghele din PAL MDF Podele U\u0219i","robots":{"index":"index","follow":"follow","max-snippet":"max-snippet:-1","max-image-preview":"max-image-preview:large","max-video-preview":"max-video-preview:-1"},"canonical":"https:\/\/alfawood.gr\/ro\/produs\/exclusive-combo-3501","og_locale":"ro_RO","og_type":"article","og_title":"3501 Exclusive COMBO","og_description":"O \u03c0\u03ac\u03b3\u03ba\u03bf\u03c2 Exclusive COMBO 3501 \u03c3\u03b5 \u03c3\u03ba\u03bf\u03cd\u03c1\u03b1 \u03ba\u03b1\u03c6\u03ad \u03b1\u03c0\u03cc\u03c7\u03c1\u03c9\u03c3\u03b7 \u03c3\u03b5 \u03b1\u03c0\u03bf\u03bc\u03af\u03bc\u03b7\u03c3\u03b7 \u03be\u03cd\u03bb\u03bf\u03c5, \u03c3\u03c5\u03bd\u03b4\u03c5\u03ac\u03b6\u03b5\u03c4\u03b1\u03b9 \u03b1\u03c0\u03cc\u03bb\u03c5\u03c4\u03b1 \u03bc\u03b5 \u03c4\u03b7\u03bd \u03b1\u03bd\u03c4\u03af\u03c3\u03c4\u03bf\u03b9\u03c7\u03b7 \u03b4\u03b9\u03b1\u03ba\u03bf\u03c3\u03bc\u03b7\u03c4\u03b9\u03ba\u03ae \u03b5\u03c0\u03b9\u03c6\u03ac\u03bd\u03b5\u03b9\u03b1 \u03c4\u03bf\u03c5 \u03bf\u03bc\u03af\u03bb\u03bf\u03c5. \u03a4\u03bf \u03b1\u03c0\u03bf\u03c4\u03ad\u03bb\u03b5\u03c3\u03bc\u03b1 \u03b5\u03af\u03bd\u03b1\u03b9 \u03bc\u03af\u03b1 \u03b5\u03be\u03b1\u03b9\u03c1\u03b5\u03c4\u03b9\u03ba\u03ae \u03bf\u03bc\u03bf\u03b9\u03bf\u03bc\u03bf\u03c1\u03c6\u03af\u03b1 \u03c3\u03c4\u03bf\u03bd \u03c7\u03ce\u03c1\u03bf \u03c3\u03b1\u03c2.","og_url":"https:\/\/alfawood.gr\/ro\/produs\/exclusive-combo-3501","og_site_name":"\u0395\u03c0\u03b9\u03c6\u03ac\u03bd\u03b5\u03b9\u03b5\u03c2 \u039c\u03b5\u03bb\u03b1\u03bc\u03af\u03bd\u03b7\u03c2 MDF \u039c\u03bf\u03c1\u03b9\u03bf\u03c3\u03b1\u03bd\u03af\u03b4\u03b1 \u03a0\u03ac\u03b3\u03ba\u03bf\u03b9 \u0394\u03ac\u03c0\u03b5\u03b4\u03b1 \u03a0\u03cc\u03c1\u03c4\u03b5\u03c2","article_publisher":"https:\/\/www.facebook.com\/alfawood.group","article_modified_time":"2024-03-13T09:47:46+00:00","og_image":[{"width":1457,"height":2000,"url":"https:\/\/alfawood.gr\/wp-content\/uploads\/2023\/03\/3501.jpg","type":"image\/jpeg"}],"twitter_card":"summary_large_image","twitter_site":"@ALFAWOODGROUP","twitter_misc":{"Timp estimat pentru citire":"1 minut"},"schema":{"@context":"https:\/\/schema.org","@graph":[{"@type":"WebPage","@id":"https:\/\/alfawood.gr\/product\/exclusive-combo-3501\/","url":"https:\/\/alfawood.gr\/product\/exclusive-combo-3501\/","name":"3501 EXCLUSIV COMBO - Suprafe\u021be melaminate Tejghele din PAL MDF Podele U\u0219i","isPartOf":{"@id":"https:\/\/alfawood.gr\/#website"},"primaryImageOfPage":{"@id":"https:\/\/alfawood.gr\/product\/exclusive-combo-3501\/#primaryimage"},"image":{"@id":"https:\/\/alfawood.gr\/product\/exclusive-combo-3501\/#primaryimage"},"thumbnailUrl":"https:\/\/alfawood.gr\/wp-content\/uploads\/2023\/03\/3501.jpg","datePublished":"2023-03-07T08:16:14+00:00","dateModified":"2024-03-13T09:47:46+00:00","breadcrumb":{"@id":"https:\/\/alfawood.gr\/product\/exclusive-combo-3501\/#breadcrumb"},"inLanguage":"ro-RO","potentialAction":[{"@type":"ReadAction","target":["https:\/\/alfawood.gr\/product\/exclusive-combo-3501\/"]}]},{"@type":"ImageObject","inLanguage":"ro-RO","@id":"https:\/\/alfawood.gr\/product\/exclusive-combo-3501\/#primaryimage","url":"https:\/\/alfawood.gr\/wp-content\/uploads\/2023\/03\/3501.jpg","contentUrl":"https:\/\/alfawood.gr\/wp-content\/uploads\/2023\/03\/3501.jpg","width":1457,"height":2000,"caption":"Winchester Walnut 3501 - Alfa Surfaces Natural MFC"},{"@type":"BreadcrumbList","@id":"https:\/\/alfawood.gr\/product\/exclusive-combo-3501\/#breadcrumb","itemListElement":[{"@type":"ListItem","position":1,"name":"Home","item":"https:\/\/alfawood.gr\/"},{"@type":"ListItem","position":2,"name":"\u03a0\u03c1\u03bf\u03ca\u03cc\u03bd\u03c4\u03b1","item":"https:\/\/alfawood.gr\/proionta-wood\/"},{"@type":"ListItem","position":3,"name":"Alfa Tops - \u03a0\u03ac\u03b3\u03ba\u03bf\u03b9 \u039a\u03bf\u03c5\u03b6\u03af\u03bd\u03b1\u03c2","item":"https:\/\/alfawood.gr\/category\/pagoi-kouzinas\/"},{"@type":"ListItem","position":4,"name":"Exclusive COMBO","item":"https:\/\/alfawood.gr\/category\/pagoi-kouzinas\/exclusive-combo\/"},{"@type":"ListItem","position":5,"name":"3501 Exclusive COMBO"}]},{"@type":"WebSite","@id":"https:\/\/alfawood.gr\/#website","url":"https:\/\/alfawood.gr\/","name":"Suprafete melaminate Conturi din PAL MDF Podele Usi","description":"Alfa Wood Group Industria Lemnului","publisher":{"@id":"https:\/\/alfawood.gr\/#organization"},"alternateName":"Melamines - MDF - Laminate - Worktops","potentialAction":[{"@type":"SearchAction","target":{"@type":"EntryPoint","urlTemplate":"https:\/\/alfawood.gr\/?s={search_term_string}"},"query-input":{"@type":"PropertyValueSpecification","valueRequired":true,"valueName":"search_term_string"}}],"inLanguage":"ro-RO"},{"@type":"Organization","@id":"https:\/\/alfawood.gr\/#organization","name":"Grupul Alfa Wood","url":"https:\/\/alfawood.gr\/","logo":{"@type":"ImageObject","inLanguage":"ro-RO","@id":"https:\/\/alfawood.gr\/#\/schema\/logo\/image\/","url":"https:\/\/alfawood.gr\/wp-content\/uploads\/2023\/02\/alfa-wood-logo-1.svg","contentUrl":"https:\/\/alfawood.gr\/wp-content\/uploads\/2023\/02\/alfa-wood-logo-1.svg","width":305,"height":195,"caption":"Alfa Wood Group"},"image":{"@id":"https:\/\/alfawood.gr\/#\/schema\/logo\/image\/"},"sameAs":["https:\/\/www.facebook.com\/alfawood.group","https:\/\/x.com\/ALFAWOODGROUP","https:\/\/www.instagram.com\/alfawood.group","https:\/\/www.youtube.com\/@alfawoodgroup","https:\/\/www.tiktok.com\/@alfawood.group","https:\/\/vimeo.com\/alfawood","https:\/\/www.linkedin.com\/company\/alfawoodgroup","https:\/\/www.pinterest.com\/alfawoodgroup\/"]}]}},"_links":{"self":[{"href":"https:\/\/alfawood.gr\/ro\/wp-json\/wp\/v2\/product\/15110","targetHints":{"allow":["GET"]}}],"collection":[{"href":"https:\/\/alfawood.gr\/ro\/wp-json\/wp\/v2\/product"}],"about":[{"href":"https:\/\/alfawood.gr\/ro\/wp-json\/wp\/v2\/types\/product"}],"version-history":[{"count":0,"href":"https:\/\/alfawood.gr\/ro\/wp-json\/wp\/v2\/product\/15110\/revisions"}],"wp:featuredmedia":[{"embeddable":true,"href":"https:\/\/alfawood.gr\/ro\/wp-json\/wp\/v2\/media\/15112"}],"wp:attachment":[{"href":"https:\/\/alfawood.gr\/ro\/wp-json\/wp\/v2\/media?parent=15110"}],"wp:term":[{"taxonomy":"product_brand","embeddable":true,"href":"https:\/\/alfawood.gr\/ro\/wp-json\/wp\/v2\/product_brand?post=15110"},{"taxonomy":"product_cat","embeddable":true,"href":"https:\/\/alfawood.gr\/ro\/wp-json\/wp\/v2\/product_cat?post=15110"},{"taxonomy":"product_tag","embeddable":true,"href":"https:\/\/alfawood.gr\/ro\/wp-json\/wp\/v2\/product_tag?post=15110"}],"curies":[{"name":"wp","href":"https:\/\/api.w.org\/{rel}","templated":true}]}}