{"id":15167,"date":"2023-03-07T08:16:36","date_gmt":"2023-03-07T08:16:36","guid":{"rendered":"https:\/\/alfawood.gr\/product\/genesis-elm-8201\/"},"modified":"2023-04-04T11:51:08","modified_gmt":"2023-04-04T11:51:08","slug":"genesis-elm-8201","status":"publish","type":"product","link":"https:\/\/alfawood.gr\/ro\/product\/genesis-elm-8201\/","title":{"rendered":"8201 Geneza Elm"},"content":{"rendered":"<div data-elementor-type=\"wp-post\" data-elementor-id=\"16449\" class=\"elementor elementor-16449\" data-elementor-post-type=\"cms_block\">\n\t\t\t\t\t\t<section class=\"wd-negative-gap elementor-section elementor-top-section elementor-element elementor-element-9f7ae1f elementor-section-boxed elementor-section-height-default elementor-section-height-default\" data-id=\"9f7ae1f\" data-element_type=\"section\" data-e-type=\"section\">\n\t\t\t\t\t\t<div class=\"elementor-container elementor-column-gap-default\">\n\t\t\t\t\t<div class=\"elementor-column elementor-col-100 elementor-top-column elementor-element elementor-element-35495ca\" data-id=\"35495ca\" data-element_type=\"column\" data-e-type=\"column\">\n\t\t\t<div class=\"elementor-widget-wrap elementor-element-populated\">\n\t\t\t\t\t\t<div class=\"elementor-element elementor-element-92728f5 elementor-widget elementor-widget-wd_text_block\" data-id=\"92728f5\" data-element_type=\"widget\" data-e-type=\"widget\" data-widget_type=\"wd_text_block.default\">\n\t\t\t\t<div class=\"elementor-widget-container\">\n\t\t\t\t\t\t\t<div class=\"wd-text-block reset-last-child text-left\">\n\t\t\t\n\t\t\t<p class=\"translation-block\"><a href=\"\/ro\/laminate-dapeda\" target=\"_blank\" rel=\"noopener\"><strong>Laminatul<\/strong><\/a> de <strong>Alfa Wood Group<\/strong> este singura <strong>podea produs\u0103 \u00een Grecia.<\/strong><\/p><p class=\"translation-block\">Este produs la <strong>unit\u0103\u021bile industriale<\/strong> <strong>Alfa Wood Group<\/strong> din Grevena, respect\u00e2nd cele mai stricte standarde de calitate, utiliz\u00e2nd \u00een acela\u0219i timp \u00eenchiderea uniclic patentat\u0103. Sistemul Uniclic \u201eclaseaz\u0103\u201d panourile de pardoseal\u0103, f\u0103c\u00e2ndu-l unul dintre cele mai simple mecanisme de blocare pentru instalarea pe podea.<\/p><p class=\"translation-block\"><a href=\"\/ro\/laminate-dapeda\" target=\"_blank\" rel=\"noopener\"><strong>Pardoselile laminate<\/strong><\/a> Alfa Wood Group sunt <strong>foarte durabile<\/strong> , const\u00e2nd din miezul principal (HDF) \u0219i h\u00e2rtie decorativ\u0103 cu un strat de r\u0103\u0219in\u0103 dur\u0103.<\/p><p>Oricine alege o podea de la Alfa Wood Group alege una <strong>podea de calitate superioara<\/strong>, care este <strong>vizual \u0219i economic foarte atractiv<\/strong> \u0219i r\u0103spunde pe deplin noilor tendin\u021be de pardoseal\u0103.<\/p><p>Cu <strong>Garantie Alfa Wood Group<\/strong> at\u00e2t pentru uz casnic, c\u00e2t \u0219i pentru afaceri, pute\u021bi fi <strong>sigur pentru o via\u021b\u0103<\/strong>.<\/p><p>Durabilitatea lor mare, combinat\u0103 cu varietatea de culori \u0219i design, face parchetele Master Laminate ideale pentru aproape toate spa\u021biile. Sunt disponibile \u0219i plinte \u0219i o gam\u0103 larg\u0103 de accesorii, \u00een acelea\u0219i nuan\u021be ca podeaua dumneavoastr\u0103.<\/p><p>The\u00a0<strong>36<\/strong><strong> culori (7 Silva Essence - Synchro AC5 8mm Bevel, 9 Basic Line <\/strong><strong>AC3<\/strong><strong> 7 mm grosime, 3 Classic Line <\/strong><strong>AC5-4V Te\u0219it <\/strong><strong>\u00een grosime de 8 mm \u0219i 17 Elegance Line <\/strong><strong>8mm AC5-4V Te\u0219it <\/strong><strong>\u00een grosime <\/strong> ) surprinde \u00een cel mai realist mod toate caracteristicile fizice ale unei podele din lemn adev\u0103rat.<\/p><p><strong>\u00cembun\u0103t\u0103\u021bi\u021bi-v\u0103 spa\u021biul acum cu podeaua laminat\u0103 - Alfa Wood Group \u0219i ridica\u021bi estetica \u0219i func\u021bionalitatea spa\u021biului dvs.!<\/strong><\/p><p><a href=\"\/files\/catalogs\/ALFAFLOORING-BOOK-GR.pdf\" target=\"_blank\" rel=\"noopener\"><strong>Desc\u0103rca\u021bi catalogul<\/strong><\/a><\/p>\n\t\t\t\t\t<\/div>\n\t\t\t\t\t\t<\/div>\n\t\t\t\t<\/div>\n\t\t\t\t\t<\/div>\n\t\t<\/div>\n\t\t\t\t\t<\/div>\n\t\t<\/section>\n\t\t\t\t<\/div>","protected":false},"excerpt":{"rendered":"<p>Nuan\u021bele de gri ale podelelor laminate c\u00e2\u0219tig\u0103 preferin\u021bele consumatorilor \u0219i tind s\u0103 devin\u0103 alegerile \u201efierbinte\u201d at\u00e2t \u00een spa\u021biile profesionale, c\u00e2t \u0219i \u00een cele personale. Alege pardoseala Genesis Elm 8201 si creeaza un spatiu contemporan si modern.<\/p>","protected":false},"featured_media":16480,"template":"","meta":{"_acf_changed":false,"inline_featured_image":false,"cybocfi_hide_featured_image":""},"product_brand":[],"product_cat":[90,89,88,180],"product_tag":[],"class_list":{"0":"post-15167","1":"product","2":"type-product","3":"status-publish","4":"has-post-thumbnail","6":"product_cat-elegant","7":"product_cat-laminate","8":"product_cat-dapeda","9":"product_cat-esoterikou-xorou","11":"first","12":"instock","13":"product-type-simple"},"acf":[],"yoast_head":"<!-- This site is optimized with the Yoast SEO Premium plugin v27.4 (Yoast SEO v27.4) - https:\/\/yoast.com\/product\/yoast-seo-premium-wordpress\/ -->\n<title>8201 Genesis Elm - \u0395\u03c0\u03b9\u03c6\u03ac\u03bd\u03b5\u03b9\u03b5\u03c2 \u039c\u03b5\u03bb\u03b1\u03bc\u03af\u03bd\u03b7\u03c2 MDF \u039c\u03bf\u03c1\u03b9\u03bf\u03c3\u03b1\u03bd\u03af\u03b4\u03b1 \u03a0\u03ac\u03b3\u03ba\u03bf\u03b9 \u0394\u03ac\u03c0\u03b5\u03b4\u03b1 \u03a0\u03cc\u03c1\u03c4\u03b5\u03c2<\/title>\n<meta name=\"robots\" content=\"index, follow, max-snippet:-1, max-image-preview:large, max-video-preview:-1\" \/>\n<link rel=\"canonical\" href=\"https:\/\/alfawood.gr\/ro\/produs\/genesis-elm-8201\" \/>\n<meta property=\"og:locale\" content=\"ro_RO\" \/>\n<meta property=\"og:type\" content=\"article\" \/>\n<meta property=\"og:title\" content=\"8201 Genesis Elm\" \/>\n<meta property=\"og:description\" content=\"\u039f\u03b9 \u03b3\u03ba\u03c1\u03af\u03b6\u03b5\u03c2 \u03b1\u03c0\u03bf\u03c7\u03c1\u03ce\u03c3\u03b5\u03b9\u03c2 \u03b4\u03b1\u03c0\u03ad\u03b4\u03c9\u03bd laminate \u03ba\u03b5\u03c1\u03b4\u03af\u03b6\u03bf\u03c5\u03bd \u03c4\u03b9\u03c2 \u03c0\u03c1\u03bf\u03c4\u03b9\u03bc\u03ae\u03c3\u03b5\u03b9\u03c2 \u03c4\u03c9\u03bd \u03ba\u03b1\u03c4\u03b1\u03bd\u03b1\u03bb\u03c9\u03c4\u03ce\u03bd \u03ba\u03b1\u03b9 \u03c4\u03b5\u03af\u03bd\u03bf\u03c5\u03bd \u03bd\u03b1 \u03b3\u03af\u03bd\u03bf\u03c5\u03bd \u03bf\u03b9 \u201chot\u201d \u03b5\u03c0\u03b9\u03bb\u03bf\u03b3\u03ad\u03c2 \u03c3\u03b5 \u03c7\u03ce\u03c1\u03bf\u03c5\u03c2 \u03b5\u03c0\u03b1\u03b3\u03b3\u03b5\u03bb\u03bc\u03b1\u03c4\u03b9\u03ba\u03bf\u03cd\u03c2 \u03b1\u03bb\u03bb\u03ac \u03ba\u03b1\u03b9 \u03c0\u03c1\u03bf\u03c3\u03c9\u03c0\u03b9\u03ba\u03bf\u03cd\u03c2. \u0395\u03c0\u03b9\u03bb\u03ad\u03be\u03c4\u03b5 \u03c4\u03bf \u03b4\u03ac\u03c0\u03b5\u03b4\u03bf Genesis Elm 8201 \u03ba\u03b1\u03b9 \u03b4\u03b7\u03bc\u03b9\u03bf\u03c5\u03c1\u03b3\u03ae\u03c3\u03c4\u03b5 \u03ad\u03bd\u03b1\u03bd \u03c3\u03cd\u03b3\u03c7\u03c1\u03bf\u03bd\u03bf \u03ba\u03b1\u03b9 \u03bc\u03bf\u03bd\u03c4\u03ad\u03c1\u03bd\u03bf \u03c7\u03ce\u03c1\u03bf.\" \/>\n<meta property=\"og:url\" content=\"https:\/\/alfawood.gr\/ro\/produs\/genesis-elm-8201\" \/>\n<meta property=\"og:site_name\" content=\"\u0395\u03c0\u03b9\u03c6\u03ac\u03bd\u03b5\u03b9\u03b5\u03c2 \u039c\u03b5\u03bb\u03b1\u03bc\u03af\u03bd\u03b7\u03c2 MDF \u039c\u03bf\u03c1\u03b9\u03bf\u03c3\u03b1\u03bd\u03af\u03b4\u03b1 \u03a0\u03ac\u03b3\u03ba\u03bf\u03b9 \u0394\u03ac\u03c0\u03b5\u03b4\u03b1 \u03a0\u03cc\u03c1\u03c4\u03b5\u03c2\" \/>\n<meta property=\"article:publisher\" content=\"https:\/\/www.facebook.com\/alfawood.group\" \/>\n<meta property=\"article:modified_time\" content=\"2023-04-04T11:51:08+00:00\" \/>\n<meta property=\"og:image\" content=\"https:\/\/alfawood.gr\/wp-content\/uploads\/2023\/03\/8201-Genesis-Elm.jpg\" \/>\n\t<meta property=\"og:image:width\" content=\"600\" \/>\n\t<meta property=\"og:image:height\" content=\"824\" \/>\n\t<meta property=\"og:image:type\" content=\"image\/jpeg\" \/>\n<meta name=\"twitter:card\" content=\"summary_large_image\" \/>\n<meta name=\"twitter:site\" content=\"@ALFAWOODGROUP\" \/>\n<meta name=\"twitter:label1\" content=\"Timp estimat pentru citire\" \/>\n\t<meta name=\"twitter:data1\" content=\"1 minut\" \/>\n<script type=\"application\/ld+json\" class=\"yoast-schema-graph\">{\"@context\":\"https:\\\/\\\/schema.org\",\"@graph\":[{\"@type\":\"WebPage\",\"@id\":\"https:\\\/\\\/alfawood.gr\\\/bg\\\/produkt\\\/genesis-elm-8201\\\/\",\"url\":\"https:\\\/\\\/alfawood.gr\\\/bg\\\/produkt\\\/genesis-elm-8201\\\/\",\"name\":\"8201 Genesis Elm - \u0395\u03c0\u03b9\u03c6\u03ac\u03bd\u03b5\u03b9\u03b5\u03c2 \u039c\u03b5\u03bb\u03b1\u03bc\u03af\u03bd\u03b7\u03c2 MDF \u039c\u03bf\u03c1\u03b9\u03bf\u03c3\u03b1\u03bd\u03af\u03b4\u03b1 \u03a0\u03ac\u03b3\u03ba\u03bf\u03b9 \u0394\u03ac\u03c0\u03b5\u03b4\u03b1 \u03a0\u03cc\u03c1\u03c4\u03b5\u03c2\",\"isPartOf\":{\"@id\":\"https:\\\/\\\/alfawood.gr\\\/#website\"},\"primaryImageOfPage\":{\"@id\":\"https:\\\/\\\/alfawood.gr\\\/bg\\\/produkt\\\/genesis-elm-8201\\\/#primaryimage\"},\"image\":{\"@id\":\"https:\\\/\\\/alfawood.gr\\\/bg\\\/produkt\\\/genesis-elm-8201\\\/#primaryimage\"},\"thumbnailUrl\":\"https:\\\/\\\/alfawood.gr\\\/wp-content\\\/uploads\\\/2023\\\/03\\\/8201-Genesis-Elm.jpg\",\"datePublished\":\"2023-03-07T08:16:36+00:00\",\"dateModified\":\"2023-04-04T11:51:08+00:00\",\"breadcrumb\":{\"@id\":\"https:\\\/\\\/alfawood.gr\\\/bg\\\/produkt\\\/genesis-elm-8201\\\/#breadcrumb\"},\"inLanguage\":\"ro-RO\",\"potentialAction\":[{\"@type\":\"ReadAction\",\"target\":[\"https:\\\/\\\/alfawood.gr\\\/bg\\\/produkt\\\/genesis-elm-8201\\\/\"]}]},{\"@type\":\"ImageObject\",\"inLanguage\":\"ro-RO\",\"@id\":\"https:\\\/\\\/alfawood.gr\\\/bg\\\/produkt\\\/genesis-elm-8201\\\/#primaryimage\",\"url\":\"https:\\\/\\\/alfawood.gr\\\/wp-content\\\/uploads\\\/2023\\\/03\\\/8201-Genesis-Elm.jpg\",\"contentUrl\":\"https:\\\/\\\/alfawood.gr\\\/wp-content\\\/uploads\\\/2023\\\/03\\\/8201-Genesis-Elm.jpg\",\"width\":600,\"height\":824,\"caption\":\"laminate 8201\"},{\"@type\":\"BreadcrumbList\",\"@id\":\"https:\\\/\\\/alfawood.gr\\\/bg\\\/produkt\\\/genesis-elm-8201\\\/#breadcrumb\",\"itemListElement\":[{\"@type\":\"ListItem\",\"position\":1,\"name\":\"Home\",\"item\":\"https:\\\/\\\/alfawood.gr\\\/\"},{\"@type\":\"ListItem\",\"position\":2,\"name\":\"\u03a0\u03c1\u03bf\u03ca\u03cc\u03bd\u03c4\u03b1\",\"item\":\"https:\\\/\\\/alfawood.gr\\\/proionta-wood\\\/\"},{\"@type\":\"ListItem\",\"position\":3,\"name\":\"\u0394\u03ac\u03c0\u03b5\u03b4\u03b1 - Alfa Flooring\",\"item\":\"https:\\\/\\\/alfawood.gr\\\/category\\\/dapeda\\\/\"},{\"@type\":\"ListItem\",\"position\":4,\"name\":\"8201 Genesis Elm\"}]},{\"@type\":\"WebSite\",\"@id\":\"https:\\\/\\\/alfawood.gr\\\/#website\",\"url\":\"https:\\\/\\\/alfawood.gr\\\/\",\"name\":\"\u0395\u03c0\u03b9\u03c6\u03ac\u03bd\u03b5\u03b9\u03b5\u03c2 \u039c\u03b5\u03bb\u03b1\u03bc\u03af\u03bd\u03b7\u03c2 MDF \u039c\u03bf\u03c1\u03b9\u03bf\u03c3\u03b1\u03bd\u03af\u03b4\u03b1 \u03a0\u03ac\u03b3\u03ba\u03bf\u03b9 \u0394\u03ac\u03c0\u03b5\u03b4\u03b1 \u03a0\u03cc\u03c1\u03c4\u03b5\u03c2\",\"description\":\"\u0392\u03b9\u03bf\u03bc\u03b7\u03c7\u03b1\u03bd\u03af\u03b1 \u039e\u03cd\u03bb\u03bf\u03c5 Alfa Wood Group\",\"publisher\":{\"@id\":\"https:\\\/\\\/alfawood.gr\\\/#organization\"},\"alternateName\":\"Melamines - MDF - Laminate - Worktops\",\"potentialAction\":[{\"@type\":\"SearchAction\",\"target\":{\"@type\":\"EntryPoint\",\"urlTemplate\":\"https:\\\/\\\/alfawood.gr\\\/?s={search_term_string}\"},\"query-input\":{\"@type\":\"PropertyValueSpecification\",\"valueRequired\":true,\"valueName\":\"search_term_string\"}}],\"inLanguage\":\"ro-RO\"},{\"@type\":\"Organization\",\"@id\":\"https:\\\/\\\/alfawood.gr\\\/#organization\",\"name\":\"Alfa Wood Group\",\"url\":\"https:\\\/\\\/alfawood.gr\\\/\",\"logo\":{\"@type\":\"ImageObject\",\"inLanguage\":\"ro-RO\",\"@id\":\"https:\\\/\\\/alfawood.gr\\\/#\\\/schema\\\/logo\\\/image\\\/\",\"url\":\"https:\\\/\\\/alfawood.gr\\\/wp-content\\\/uploads\\\/2023\\\/02\\\/alfa-wood-logo-1.svg\",\"contentUrl\":\"https:\\\/\\\/alfawood.gr\\\/wp-content\\\/uploads\\\/2023\\\/02\\\/alfa-wood-logo-1.svg\",\"width\":305,\"height\":195,\"caption\":\"Alfa Wood Group\"},\"image\":{\"@id\":\"https:\\\/\\\/alfawood.gr\\\/#\\\/schema\\\/logo\\\/image\\\/\"},\"sameAs\":[\"https:\\\/\\\/www.facebook.com\\\/alfawood.group\",\"https:\\\/\\\/x.com\\\/ALFAWOODGROUP\",\"https:\\\/\\\/www.instagram.com\\\/alfawood.group\",\"https:\\\/\\\/www.youtube.com\\\/@alfawoodgroup\",\"https:\\\/\\\/www.tiktok.com\\\/@alfawood.group\",\"https:\\\/\\\/vimeo.com\\\/alfawood\",\"https:\\\/\\\/www.linkedin.com\\\/company\\\/alfawoodgroup\",\"https:\\\/\\\/www.pinterest.com\\\/alfawoodgroup\\\/\"]}]}<\/script>\n<!-- \/ Yoast SEO Premium plugin. -->","yoast_head_json":{"title":"8201 Genesis Elm - Suprafe\u021be melaminate MDF PAL Blaturi Podele U\u0219i","robots":{"index":"index","follow":"follow","max-snippet":"max-snippet:-1","max-image-preview":"max-image-preview:large","max-video-preview":"max-video-preview:-1"},"canonical":"https:\/\/alfawood.gr\/ro\/produs\/genesis-elm-8201","og_locale":"ro_RO","og_type":"article","og_title":"8201 Genesis Elm","og_description":"\u039f\u03b9 \u03b3\u03ba\u03c1\u03af\u03b6\u03b5\u03c2 \u03b1\u03c0\u03bf\u03c7\u03c1\u03ce\u03c3\u03b5\u03b9\u03c2 \u03b4\u03b1\u03c0\u03ad\u03b4\u03c9\u03bd laminate \u03ba\u03b5\u03c1\u03b4\u03af\u03b6\u03bf\u03c5\u03bd \u03c4\u03b9\u03c2 \u03c0\u03c1\u03bf\u03c4\u03b9\u03bc\u03ae\u03c3\u03b5\u03b9\u03c2 \u03c4\u03c9\u03bd \u03ba\u03b1\u03c4\u03b1\u03bd\u03b1\u03bb\u03c9\u03c4\u03ce\u03bd \u03ba\u03b1\u03b9 \u03c4\u03b5\u03af\u03bd\u03bf\u03c5\u03bd \u03bd\u03b1 \u03b3\u03af\u03bd\u03bf\u03c5\u03bd \u03bf\u03b9 \u201chot\u201d \u03b5\u03c0\u03b9\u03bb\u03bf\u03b3\u03ad\u03c2 \u03c3\u03b5 \u03c7\u03ce\u03c1\u03bf\u03c5\u03c2 \u03b5\u03c0\u03b1\u03b3\u03b3\u03b5\u03bb\u03bc\u03b1\u03c4\u03b9\u03ba\u03bf\u03cd\u03c2 \u03b1\u03bb\u03bb\u03ac \u03ba\u03b1\u03b9 \u03c0\u03c1\u03bf\u03c3\u03c9\u03c0\u03b9\u03ba\u03bf\u03cd\u03c2. \u0395\u03c0\u03b9\u03bb\u03ad\u03be\u03c4\u03b5 \u03c4\u03bf \u03b4\u03ac\u03c0\u03b5\u03b4\u03bf Genesis Elm 8201 \u03ba\u03b1\u03b9 \u03b4\u03b7\u03bc\u03b9\u03bf\u03c5\u03c1\u03b3\u03ae\u03c3\u03c4\u03b5 \u03ad\u03bd\u03b1\u03bd \u03c3\u03cd\u03b3\u03c7\u03c1\u03bf\u03bd\u03bf \u03ba\u03b1\u03b9 \u03bc\u03bf\u03bd\u03c4\u03ad\u03c1\u03bd\u03bf \u03c7\u03ce\u03c1\u03bf.","og_url":"https:\/\/alfawood.gr\/ro\/produs\/genesis-elm-8201","og_site_name":"\u0395\u03c0\u03b9\u03c6\u03ac\u03bd\u03b5\u03b9\u03b5\u03c2 \u039c\u03b5\u03bb\u03b1\u03bc\u03af\u03bd\u03b7\u03c2 MDF \u039c\u03bf\u03c1\u03b9\u03bf\u03c3\u03b1\u03bd\u03af\u03b4\u03b1 \u03a0\u03ac\u03b3\u03ba\u03bf\u03b9 \u0394\u03ac\u03c0\u03b5\u03b4\u03b1 \u03a0\u03cc\u03c1\u03c4\u03b5\u03c2","article_publisher":"https:\/\/www.facebook.com\/alfawood.group","article_modified_time":"2023-04-04T11:51:08+00:00","og_image":[{"width":600,"height":824,"url":"https:\/\/alfawood.gr\/wp-content\/uploads\/2023\/03\/8201-Genesis-Elm.jpg","type":"image\/jpeg"}],"twitter_card":"summary_large_image","twitter_site":"@ALFAWOODGROUP","twitter_misc":{"Timp estimat pentru citire":"1 minut"},"schema":{"@context":"https:\/\/schema.org","@graph":[{"@type":"WebPage","@id":"https:\/\/alfawood.gr\/bg\/produkt\/genesis-elm-8201\/","url":"https:\/\/alfawood.gr\/bg\/produkt\/genesis-elm-8201\/","name":"8201 Genesis Elm - Suprafe\u021be melaminate MDF PAL Blaturi Podele U\u0219i","isPartOf":{"@id":"https:\/\/alfawood.gr\/#website"},"primaryImageOfPage":{"@id":"https:\/\/alfawood.gr\/bg\/produkt\/genesis-elm-8201\/#primaryimage"},"image":{"@id":"https:\/\/alfawood.gr\/bg\/produkt\/genesis-elm-8201\/#primaryimage"},"thumbnailUrl":"https:\/\/alfawood.gr\/wp-content\/uploads\/2023\/03\/8201-Genesis-Elm.jpg","datePublished":"2023-03-07T08:16:36+00:00","dateModified":"2023-04-04T11:51:08+00:00","breadcrumb":{"@id":"https:\/\/alfawood.gr\/bg\/produkt\/genesis-elm-8201\/#breadcrumb"},"inLanguage":"ro-RO","potentialAction":[{"@type":"ReadAction","target":["https:\/\/alfawood.gr\/bg\/produkt\/genesis-elm-8201\/"]}]},{"@type":"ImageObject","inLanguage":"ro-RO","@id":"https:\/\/alfawood.gr\/bg\/produkt\/genesis-elm-8201\/#primaryimage","url":"https:\/\/alfawood.gr\/wp-content\/uploads\/2023\/03\/8201-Genesis-Elm.jpg","contentUrl":"https:\/\/alfawood.gr\/wp-content\/uploads\/2023\/03\/8201-Genesis-Elm.jpg","width":600,"height":824,"caption":"laminate 8201"},{"@type":"BreadcrumbList","@id":"https:\/\/alfawood.gr\/bg\/produkt\/genesis-elm-8201\/#breadcrumb","itemListElement":[{"@type":"ListItem","position":1,"name":"Home","item":"https:\/\/alfawood.gr\/"},{"@type":"ListItem","position":2,"name":"\u03a0\u03c1\u03bf\u03ca\u03cc\u03bd\u03c4\u03b1","item":"https:\/\/alfawood.gr\/proionta-wood\/"},{"@type":"ListItem","position":3,"name":"\u0394\u03ac\u03c0\u03b5\u03b4\u03b1 - Alfa Flooring","item":"https:\/\/alfawood.gr\/category\/dapeda\/"},{"@type":"ListItem","position":4,"name":"8201 Genesis Elm"}]},{"@type":"WebSite","@id":"https:\/\/alfawood.gr\/#website","url":"https:\/\/alfawood.gr\/","name":"Suprafete melaminate Conturi din PAL MDF Podele Usi","description":"Alfa Wood Group Industria Lemnului","publisher":{"@id":"https:\/\/alfawood.gr\/#organization"},"alternateName":"Melamines - MDF - Laminate - Worktops","potentialAction":[{"@type":"SearchAction","target":{"@type":"EntryPoint","urlTemplate":"https:\/\/alfawood.gr\/?s={search_term_string}"},"query-input":{"@type":"PropertyValueSpecification","valueRequired":true,"valueName":"search_term_string"}}],"inLanguage":"ro-RO"},{"@type":"Organization","@id":"https:\/\/alfawood.gr\/#organization","name":"Grupul Alfa Wood","url":"https:\/\/alfawood.gr\/","logo":{"@type":"ImageObject","inLanguage":"ro-RO","@id":"https:\/\/alfawood.gr\/#\/schema\/logo\/image\/","url":"https:\/\/alfawood.gr\/wp-content\/uploads\/2023\/02\/alfa-wood-logo-1.svg","contentUrl":"https:\/\/alfawood.gr\/wp-content\/uploads\/2023\/02\/alfa-wood-logo-1.svg","width":305,"height":195,"caption":"Alfa Wood Group"},"image":{"@id":"https:\/\/alfawood.gr\/#\/schema\/logo\/image\/"},"sameAs":["https:\/\/www.facebook.com\/alfawood.group","https:\/\/x.com\/ALFAWOODGROUP","https:\/\/www.instagram.com\/alfawood.group","https:\/\/www.youtube.com\/@alfawoodgroup","https:\/\/www.tiktok.com\/@alfawood.group","https:\/\/vimeo.com\/alfawood","https:\/\/www.linkedin.com\/company\/alfawoodgroup","https:\/\/www.pinterest.com\/alfawoodgroup\/"]}]}},"_links":{"self":[{"href":"https:\/\/alfawood.gr\/ro\/wp-json\/wp\/v2\/product\/15167","targetHints":{"allow":["GET"]}}],"collection":[{"href":"https:\/\/alfawood.gr\/ro\/wp-json\/wp\/v2\/product"}],"about":[{"href":"https:\/\/alfawood.gr\/ro\/wp-json\/wp\/v2\/types\/product"}],"version-history":[{"count":0,"href":"https:\/\/alfawood.gr\/ro\/wp-json\/wp\/v2\/product\/15167\/revisions"}],"wp:featuredmedia":[{"embeddable":true,"href":"https:\/\/alfawood.gr\/ro\/wp-json\/wp\/v2\/media\/16480"}],"wp:attachment":[{"href":"https:\/\/alfawood.gr\/ro\/wp-json\/wp\/v2\/media?parent=15167"}],"wp:term":[{"taxonomy":"product_brand","embeddable":true,"href":"https:\/\/alfawood.gr\/ro\/wp-json\/wp\/v2\/product_brand?post=15167"},{"taxonomy":"product_cat","embeddable":true,"href":"https:\/\/alfawood.gr\/ro\/wp-json\/wp\/v2\/product_cat?post=15167"},{"taxonomy":"product_tag","embeddable":true,"href":"https:\/\/alfawood.gr\/ro\/wp-json\/wp\/v2\/product_tag?post=15167"}],"curies":[{"name":"wp","href":"https:\/\/api.w.org\/{rel}","templated":true}]}}