{"id":15175,"date":"2023-03-07T08:16:36","date_gmt":"2023-03-07T08:16:36","guid":{"rendered":"https:\/\/alfawood.gr\/product\/glass-cr-2\/"},"modified":"2026-03-04T15:50:08","modified_gmt":"2026-03-04T13:50:08","slug":"glass-cr-2","status":"publish","type":"product","link":"https:\/\/alfawood.gr\/ro\/product\/glass-cr-2\/","title":{"rendered":"Sticl\u0103 CR-2"},"content":{"rendered":"<p style=\"font-size: 22px;\"><strong>U\u0219\u0103 Cu Sticl\u0103<\/strong> <span style=\"color: #ff0000;\"> CR-2<\/span><\/p>\n<p style=\"text-align: justify;\">Pentru mai multa luminozitate in spatiul dumneavoastra sau pentru spatiile in care doriti vizibilitate intre camere, puteti alege usi cu sticla.<br \/>\nExist\u0103 multe op\u021biuni \u00een ceea ce prive\u0219te locul unde s\u0103 plasa\u021bi paharul.<br \/>\nDisponibil \u00een toate tipurile de u\u0219i plate.<\/p>\n<p><strong>Construc\u021bia canatului de u\u0219\u0103<\/strong><\/p>\n<ul>\n<li>Structura din lemn masiv laminat<\/li>\n<li>Foaie interioar\u0103 din cadru de lemn umplut cu celul\u0103 \u201efagure\u201d fonoabsorbant\u0103<\/li>\n<li>Acoperit pe ambele p\u0103r\u021bi cu MDF de 6 mm.<\/li>\n<li>Acoperire de suprafa\u021b\u0103 cu laminat neted sau poros<\/li>\n<\/ul>\n<p><strong>Construc\u021bia carcasei<\/strong><\/p>\n<ul>\n<li>Constructie lambriu<\/li>\n<li>Grosime 44 mm<\/li>\n<li>Acoperire de suprafa\u021b\u0103 cu CPL (laminat cu presiune continu\u0103)<\/li>\n<li>Anvelope incluse<\/li>\n<li>Forma carcasei patrate<\/li>\n<\/ul>\n<p><strong>Echipament standard<\/strong><\/p>\n<ul>\n<li>Balama cu \u0219urub (3 buc)<\/li>\n<li>\u00cencuietoare simpl\u0103<\/li>\n<li>7 combina\u021bii de culori<\/li>\n<\/ul>\n<p><strong>Echipament optional<\/strong><\/p>\n<ul>\n<li>Balam\u0103 dubl\u0103 reglabil\u0103 (3 buc)<\/li>\n<li>\u00cencuietoare magnetic\u0103<\/li>\n<li>\u00cencuietoare de siguran\u021b\u0103 \u2013 \u00eencuietoare Meroni \u2013 \u00cencuietoare pentru baie<\/li>\n<li>Rama de sticla<\/li>\n<li>Tij\u0103 de aluminiu<\/li>\n<li>Umplere cu panou izolat fonic (28db)<\/li>\n<\/ul>\n<p><strong>Dimensiuni<\/strong><\/p>\n<ul>\n<li><strong>L\u0103\u0163ime:<\/strong><br \/>\n63,3 cm \u2013 68,3 cm \u2013 73,3 cm \u2013 78,3 cm \u2013 83,3 cm \u2013 88,3 cm \u2013 93,3 cm \u2013 98,3 cm<\/li>\n<li><strong>\u00cen\u0103l\u0163ime:<\/strong><br \/>\n217 cm maxim<\/li>\n<\/ul>\n<div class=\"sheet33\"><\/div>","protected":false},"excerpt":{"rendered":"<p>\u03a0\u03cc\u03c1\u03c4\u03b1 \u039c\u03b5 \u03a4\u03b6\u03ac\u03bc\u03b9 CR-2 \u0393\u03b9\u03b1 \u03bc\u03b5\u03b3\u03b1\u03bb\u03cd\u03c4\u03b5\u03c1\u03b7 \u03c6\u03c9\u03c4\u03b5\u03b9\u03bd\u03cc\u03c4\u03b7\u03c4\u03b1 \u03c3\u03c4\u03bf\u03bd \u03c7\u03ce\u03c1\u03bf \u03c3\u03b1\u03c2 \u03ae \u03b3\u03b9\u03b1 \u03c7\u03ce\u03c1\u03bf\u03c5\u03c2 \u03c3\u03c4\u03bf\u03c5\u03c2 \u03bf\u03c0\u03bf\u03af\u03bf\u03c5\u03c2 \u03b8\u03ad\u03bb\u03b5\u03c4\u03b5 \u03bd\u03b1 \u03c5\u03c0\u03ac\u03c1\u03c7\u03b5\u03b9 \u03bf\u03c1\u03b1\u03c4\u03cc\u03c4\u03b7\u03c4\u03b1 \u03bc\u03b5\u03c4\u03b1\u03be\u03cd<\/p>","protected":false},"featured_media":15177,"template":"","meta":{"_acf_changed":false,"inline_featured_image":false,"cybocfi_hide_featured_image":""},"product_brand":[],"product_cat":[831,94],"product_tag":[],"class_list":{"0":"post-15175","1":"product","2":"type-product","3":"status-publish","4":"has-post-thumbnail","6":"product_cat-glass-doors","7":"product_cat-esoterikes-portes","9":"first","10":"instock","11":"product-type-simple"},"acf":[],"yoast_head":"<!-- This site is optimized with the Yoast SEO Premium plugin v27.3 (Yoast SEO v27.3) - https:\/\/yoast.com\/product\/yoast-seo-premium-wordpress\/ -->\n<title>Glass CR - 2 - \u0395\u03c0\u03b9\u03c6\u03ac\u03bd\u03b5\u03b9\u03b5\u03c2 \u039c\u03b5\u03bb\u03b1\u03bc\u03af\u03bd\u03b7\u03c2 MDF \u039c\u03bf\u03c1\u03b9\u03bf\u03c3\u03b1\u03bd\u03af\u03b4\u03b1 \u03a0\u03ac\u03b3\u03ba\u03bf\u03b9 \u0394\u03ac\u03c0\u03b5\u03b4\u03b1 \u03a0\u03cc\u03c1\u03c4\u03b5\u03c2<\/title>\n<meta name=\"robots\" content=\"index, follow, max-snippet:-1, max-image-preview:large, max-video-preview:-1\" \/>\n<link rel=\"canonical\" href=\"https:\/\/alfawood.gr\/ro\/produs\/glass-cr-2\" \/>\n<meta property=\"og:locale\" content=\"ro_RO\" \/>\n<meta property=\"og:type\" content=\"article\" \/>\n<meta property=\"og:title\" content=\"Glass CR - 2\" \/>\n<meta property=\"og:description\" content=\"\u03a0\u03cc\u03c1\u03c4\u03b1 \u039c\u03b5 \u03a4\u03b6\u03ac\u03bc\u03b9 CR-2 \u0393\u03b9\u03b1 \u03bc\u03b5\u03b3\u03b1\u03bb\u03cd\u03c4\u03b5\u03c1\u03b7 \u03c6\u03c9\u03c4\u03b5\u03b9\u03bd\u03cc\u03c4\u03b7\u03c4\u03b1 \u03c3\u03c4\u03bf\u03bd \u03c7\u03ce\u03c1\u03bf \u03c3\u03b1\u03c2 \u03ae \u03b3\u03b9\u03b1 \u03c7\u03ce\u03c1\u03bf\u03c5\u03c2 \u03c3\u03c4\u03bf\u03c5\u03c2 \u03bf\u03c0\u03bf\u03af\u03bf\u03c5\u03c2 \u03b8\u03ad\u03bb\u03b5\u03c4\u03b5 \u03bd\u03b1 \u03c5\u03c0\u03ac\u03c1\u03c7\u03b5\u03b9 \u03bf\u03c1\u03b1\u03c4\u03cc\u03c4\u03b7\u03c4\u03b1 \u03bc\u03b5\u03c4\u03b1\u03be\u03cd\" \/>\n<meta property=\"og:url\" content=\"https:\/\/alfawood.gr\/ro\/produs\/glass-cr-2\" \/>\n<meta property=\"og:site_name\" content=\"\u0395\u03c0\u03b9\u03c6\u03ac\u03bd\u03b5\u03b9\u03b5\u03c2 \u039c\u03b5\u03bb\u03b1\u03bc\u03af\u03bd\u03b7\u03c2 MDF \u039c\u03bf\u03c1\u03b9\u03bf\u03c3\u03b1\u03bd\u03af\u03b4\u03b1 \u03a0\u03ac\u03b3\u03ba\u03bf\u03b9 \u0394\u03ac\u03c0\u03b5\u03b4\u03b1 \u03a0\u03cc\u03c1\u03c4\u03b5\u03c2\" \/>\n<meta property=\"article:publisher\" content=\"https:\/\/www.facebook.com\/alfawood.group\" \/>\n<meta property=\"article:modified_time\" content=\"2026-03-04T13:50:08+00:00\" \/>\n<meta property=\"og:image\" content=\"https:\/\/alfawood.gr\/wp-content\/uploads\/2023\/03\/GLASS2-scaled.png\" \/>\n\t<meta property=\"og:image:width\" content=\"1142\" \/>\n\t<meta property=\"og:image:height\" content=\"2560\" \/>\n\t<meta property=\"og:image:type\" content=\"image\/png\" \/>\n<meta name=\"twitter:card\" content=\"summary_large_image\" \/>\n<meta name=\"twitter:site\" content=\"@ALFAWOODGROUP\" \/>\n<meta name=\"twitter:label1\" content=\"Timp estimat pentru citire\" \/>\n\t<meta name=\"twitter:data1\" content=\"1 minut\" \/>\n<script type=\"application\/ld+json\" class=\"yoast-schema-graph\">{\"@context\":\"https:\\\/\\\/schema.org\",\"@graph\":[{\"@type\":\"WebPage\",\"@id\":\"https:\\\/\\\/alfawood.gr\\\/product\\\/glass-cr-2\\\/\",\"url\":\"https:\\\/\\\/alfawood.gr\\\/product\\\/glass-cr-2\\\/\",\"name\":\"Glass CR - 2 - \u0395\u03c0\u03b9\u03c6\u03ac\u03bd\u03b5\u03b9\u03b5\u03c2 \u039c\u03b5\u03bb\u03b1\u03bc\u03af\u03bd\u03b7\u03c2 MDF \u039c\u03bf\u03c1\u03b9\u03bf\u03c3\u03b1\u03bd\u03af\u03b4\u03b1 \u03a0\u03ac\u03b3\u03ba\u03bf\u03b9 \u0394\u03ac\u03c0\u03b5\u03b4\u03b1 \u03a0\u03cc\u03c1\u03c4\u03b5\u03c2\",\"isPartOf\":{\"@id\":\"https:\\\/\\\/alfawood.gr\\\/#website\"},\"primaryImageOfPage\":{\"@id\":\"https:\\\/\\\/alfawood.gr\\\/product\\\/glass-cr-2\\\/#primaryimage\"},\"image\":{\"@id\":\"https:\\\/\\\/alfawood.gr\\\/product\\\/glass-cr-2\\\/#primaryimage\"},\"thumbnailUrl\":\"https:\\\/\\\/alfawood.gr\\\/wp-content\\\/uploads\\\/2023\\\/03\\\/GLASS2-scaled.png\",\"datePublished\":\"2023-03-07T08:16:36+00:00\",\"dateModified\":\"2026-03-04T13:50:08+00:00\",\"breadcrumb\":{\"@id\":\"https:\\\/\\\/alfawood.gr\\\/product\\\/glass-cr-2\\\/#breadcrumb\"},\"inLanguage\":\"ro-RO\",\"potentialAction\":[{\"@type\":\"ReadAction\",\"target\":[\"https:\\\/\\\/alfawood.gr\\\/product\\\/glass-cr-2\\\/\"]}]},{\"@type\":\"ImageObject\",\"inLanguage\":\"ro-RO\",\"@id\":\"https:\\\/\\\/alfawood.gr\\\/product\\\/glass-cr-2\\\/#primaryimage\",\"url\":\"https:\\\/\\\/alfawood.gr\\\/wp-content\\\/uploads\\\/2023\\\/03\\\/GLASS2-scaled.png\",\"contentUrl\":\"https:\\\/\\\/alfawood.gr\\\/wp-content\\\/uploads\\\/2023\\\/03\\\/GLASS2-scaled.png\",\"width\":1142,\"height\":2560,\"caption\":\"Glass CR - 2 - Alfa Indoor \u0395\u03c3\u03c9\u03c4\u03b5\u03c1\u03b9\u03ba\u03ad\u03c2 \u03a0\u03cc\u03c1\u03c4\u03b5\u03c2\"},{\"@type\":\"BreadcrumbList\",\"@id\":\"https:\\\/\\\/alfawood.gr\\\/product\\\/glass-cr-2\\\/#breadcrumb\",\"itemListElement\":[{\"@type\":\"ListItem\",\"position\":1,\"name\":\"Home\",\"item\":\"https:\\\/\\\/alfawood.gr\\\/\"},{\"@type\":\"ListItem\",\"position\":2,\"name\":\"\u03a0\u03c1\u03bf\u03ca\u03cc\u03bd\u03c4\u03b1\",\"item\":\"https:\\\/\\\/alfawood.gr\\\/proionta-wood\\\/\"},{\"@type\":\"ListItem\",\"position\":3,\"name\":\"\u0395\u03c3\u03c9\u03c4\u03b5\u03c1\u03b9\u03ba\u03ad\u03c2 \u03a0\u03cc\u03c1\u03c4\u03b5\u03c2 - Alfa in Door\",\"item\":\"https:\\\/\\\/alfawood.gr\\\/category\\\/esoterikes-portes\\\/\"},{\"@type\":\"ListItem\",\"position\":4,\"name\":\"Glass Collection\",\"item\":\"https:\\\/\\\/alfawood.gr\\\/category\\\/esoterikes-portes\\\/glass-doors\\\/\"},{\"@type\":\"ListItem\",\"position\":5,\"name\":\"Glass CR &#8211; 2\"}]},{\"@type\":\"WebSite\",\"@id\":\"https:\\\/\\\/alfawood.gr\\\/#website\",\"url\":\"https:\\\/\\\/alfawood.gr\\\/\",\"name\":\"\u0395\u03c0\u03b9\u03c6\u03ac\u03bd\u03b5\u03b9\u03b5\u03c2 \u039c\u03b5\u03bb\u03b1\u03bc\u03af\u03bd\u03b7\u03c2 MDF \u039c\u03bf\u03c1\u03b9\u03bf\u03c3\u03b1\u03bd\u03af\u03b4\u03b1 \u03a0\u03ac\u03b3\u03ba\u03bf\u03b9 \u0394\u03ac\u03c0\u03b5\u03b4\u03b1 \u03a0\u03cc\u03c1\u03c4\u03b5\u03c2\",\"description\":\"\u0392\u03b9\u03bf\u03bc\u03b7\u03c7\u03b1\u03bd\u03af\u03b1 \u039e\u03cd\u03bb\u03bf\u03c5 Alfa Wood Group\",\"publisher\":{\"@id\":\"https:\\\/\\\/alfawood.gr\\\/#organization\"},\"alternateName\":\"Melamines - MDF - Laminate - Worktops\",\"potentialAction\":[{\"@type\":\"SearchAction\",\"target\":{\"@type\":\"EntryPoint\",\"urlTemplate\":\"https:\\\/\\\/alfawood.gr\\\/?s={search_term_string}\"},\"query-input\":{\"@type\":\"PropertyValueSpecification\",\"valueRequired\":true,\"valueName\":\"search_term_string\"}}],\"inLanguage\":\"ro-RO\"},{\"@type\":\"Organization\",\"@id\":\"https:\\\/\\\/alfawood.gr\\\/#organization\",\"name\":\"Alfa Wood Group\",\"url\":\"https:\\\/\\\/alfawood.gr\\\/\",\"logo\":{\"@type\":\"ImageObject\",\"inLanguage\":\"ro-RO\",\"@id\":\"https:\\\/\\\/alfawood.gr\\\/#\\\/schema\\\/logo\\\/image\\\/\",\"url\":\"https:\\\/\\\/alfawood.gr\\\/wp-content\\\/uploads\\\/2023\\\/02\\\/alfa-wood-logo-1.svg\",\"contentUrl\":\"https:\\\/\\\/alfawood.gr\\\/wp-content\\\/uploads\\\/2023\\\/02\\\/alfa-wood-logo-1.svg\",\"width\":305,\"height\":195,\"caption\":\"Alfa Wood Group\"},\"image\":{\"@id\":\"https:\\\/\\\/alfawood.gr\\\/#\\\/schema\\\/logo\\\/image\\\/\"},\"sameAs\":[\"https:\\\/\\\/www.facebook.com\\\/alfawood.group\",\"https:\\\/\\\/x.com\\\/ALFAWOODGROUP\",\"https:\\\/\\\/www.instagram.com\\\/alfawood.group\",\"https:\\\/\\\/www.youtube.com\\\/@alfawoodgroup\",\"https:\\\/\\\/www.tiktok.com\\\/@alfawood.group\",\"https:\\\/\\\/vimeo.com\\\/alfawood\",\"https:\\\/\\\/www.linkedin.com\\\/company\\\/alfawoodgroup\",\"https:\\\/\\\/www.pinterest.com\\\/alfawoodgroup\\\/\"]}]}<\/script>\n<!-- \/ Yoast SEO Premium plugin. -->","yoast_head_json":{"title":"Sticla CR - 2 - Suprafete melaminate Tejghele din PAL MDF Podele Usi","robots":{"index":"index","follow":"follow","max-snippet":"max-snippet:-1","max-image-preview":"max-image-preview:large","max-video-preview":"max-video-preview:-1"},"canonical":"https:\/\/alfawood.gr\/ro\/produs\/glass-cr-2","og_locale":"ro_RO","og_type":"article","og_title":"Glass CR - 2","og_description":"\u03a0\u03cc\u03c1\u03c4\u03b1 \u039c\u03b5 \u03a4\u03b6\u03ac\u03bc\u03b9 CR-2 \u0393\u03b9\u03b1 \u03bc\u03b5\u03b3\u03b1\u03bb\u03cd\u03c4\u03b5\u03c1\u03b7 \u03c6\u03c9\u03c4\u03b5\u03b9\u03bd\u03cc\u03c4\u03b7\u03c4\u03b1 \u03c3\u03c4\u03bf\u03bd \u03c7\u03ce\u03c1\u03bf \u03c3\u03b1\u03c2 \u03ae \u03b3\u03b9\u03b1 \u03c7\u03ce\u03c1\u03bf\u03c5\u03c2 \u03c3\u03c4\u03bf\u03c5\u03c2 \u03bf\u03c0\u03bf\u03af\u03bf\u03c5\u03c2 \u03b8\u03ad\u03bb\u03b5\u03c4\u03b5 \u03bd\u03b1 \u03c5\u03c0\u03ac\u03c1\u03c7\u03b5\u03b9 \u03bf\u03c1\u03b1\u03c4\u03cc\u03c4\u03b7\u03c4\u03b1 \u03bc\u03b5\u03c4\u03b1\u03be\u03cd","og_url":"https:\/\/alfawood.gr\/ro\/produs\/glass-cr-2","og_site_name":"\u0395\u03c0\u03b9\u03c6\u03ac\u03bd\u03b5\u03b9\u03b5\u03c2 \u039c\u03b5\u03bb\u03b1\u03bc\u03af\u03bd\u03b7\u03c2 MDF \u039c\u03bf\u03c1\u03b9\u03bf\u03c3\u03b1\u03bd\u03af\u03b4\u03b1 \u03a0\u03ac\u03b3\u03ba\u03bf\u03b9 \u0394\u03ac\u03c0\u03b5\u03b4\u03b1 \u03a0\u03cc\u03c1\u03c4\u03b5\u03c2","article_publisher":"https:\/\/www.facebook.com\/alfawood.group","article_modified_time":"2026-03-04T13:50:08+00:00","og_image":[{"width":1142,"height":2560,"url":"https:\/\/alfawood.gr\/wp-content\/uploads\/2023\/03\/GLASS2-scaled.png","type":"image\/png"}],"twitter_card":"summary_large_image","twitter_site":"@ALFAWOODGROUP","twitter_misc":{"Timp estimat pentru citire":"1 minut"},"schema":{"@context":"https:\/\/schema.org","@graph":[{"@type":"WebPage","@id":"https:\/\/alfawood.gr\/product\/glass-cr-2\/","url":"https:\/\/alfawood.gr\/product\/glass-cr-2\/","name":"Sticla CR - 2 - Suprafete melaminate Tejghele din PAL MDF Podele Usi","isPartOf":{"@id":"https:\/\/alfawood.gr\/#website"},"primaryImageOfPage":{"@id":"https:\/\/alfawood.gr\/product\/glass-cr-2\/#primaryimage"},"image":{"@id":"https:\/\/alfawood.gr\/product\/glass-cr-2\/#primaryimage"},"thumbnailUrl":"https:\/\/alfawood.gr\/wp-content\/uploads\/2023\/03\/GLASS2-scaled.png","datePublished":"2023-03-07T08:16:36+00:00","dateModified":"2026-03-04T13:50:08+00:00","breadcrumb":{"@id":"https:\/\/alfawood.gr\/product\/glass-cr-2\/#breadcrumb"},"inLanguage":"ro-RO","potentialAction":[{"@type":"ReadAction","target":["https:\/\/alfawood.gr\/product\/glass-cr-2\/"]}]},{"@type":"ImageObject","inLanguage":"ro-RO","@id":"https:\/\/alfawood.gr\/product\/glass-cr-2\/#primaryimage","url":"https:\/\/alfawood.gr\/wp-content\/uploads\/2023\/03\/GLASS2-scaled.png","contentUrl":"https:\/\/alfawood.gr\/wp-content\/uploads\/2023\/03\/GLASS2-scaled.png","width":1142,"height":2560,"caption":"Glass CR - 2 - Alfa Indoor \u0395\u03c3\u03c9\u03c4\u03b5\u03c1\u03b9\u03ba\u03ad\u03c2 \u03a0\u03cc\u03c1\u03c4\u03b5\u03c2"},{"@type":"BreadcrumbList","@id":"https:\/\/alfawood.gr\/product\/glass-cr-2\/#breadcrumb","itemListElement":[{"@type":"ListItem","position":1,"name":"Home","item":"https:\/\/alfawood.gr\/"},{"@type":"ListItem","position":2,"name":"\u03a0\u03c1\u03bf\u03ca\u03cc\u03bd\u03c4\u03b1","item":"https:\/\/alfawood.gr\/proionta-wood\/"},{"@type":"ListItem","position":3,"name":"\u0395\u03c3\u03c9\u03c4\u03b5\u03c1\u03b9\u03ba\u03ad\u03c2 \u03a0\u03cc\u03c1\u03c4\u03b5\u03c2 - Alfa in Door","item":"https:\/\/alfawood.gr\/category\/esoterikes-portes\/"},{"@type":"ListItem","position":4,"name":"Glass Collection","item":"https:\/\/alfawood.gr\/category\/esoterikes-portes\/glass-doors\/"},{"@type":"ListItem","position":5,"name":"Glass CR &#8211; 2"}]},{"@type":"WebSite","@id":"https:\/\/alfawood.gr\/#website","url":"https:\/\/alfawood.gr\/","name":"Suprafete melaminate Conturi din PAL MDF Podele Usi","description":"Alfa Wood Group Industria Lemnului","publisher":{"@id":"https:\/\/alfawood.gr\/#organization"},"alternateName":"Melamines - MDF - Laminate - Worktops","potentialAction":[{"@type":"SearchAction","target":{"@type":"EntryPoint","urlTemplate":"https:\/\/alfawood.gr\/?s={search_term_string}"},"query-input":{"@type":"PropertyValueSpecification","valueRequired":true,"valueName":"search_term_string"}}],"inLanguage":"ro-RO"},{"@type":"Organization","@id":"https:\/\/alfawood.gr\/#organization","name":"Grupul Alfa Wood","url":"https:\/\/alfawood.gr\/","logo":{"@type":"ImageObject","inLanguage":"ro-RO","@id":"https:\/\/alfawood.gr\/#\/schema\/logo\/image\/","url":"https:\/\/alfawood.gr\/wp-content\/uploads\/2023\/02\/alfa-wood-logo-1.svg","contentUrl":"https:\/\/alfawood.gr\/wp-content\/uploads\/2023\/02\/alfa-wood-logo-1.svg","width":305,"height":195,"caption":"Alfa Wood Group"},"image":{"@id":"https:\/\/alfawood.gr\/#\/schema\/logo\/image\/"},"sameAs":["https:\/\/www.facebook.com\/alfawood.group","https:\/\/x.com\/ALFAWOODGROUP","https:\/\/www.instagram.com\/alfawood.group","https:\/\/www.youtube.com\/@alfawoodgroup","https:\/\/www.tiktok.com\/@alfawood.group","https:\/\/vimeo.com\/alfawood","https:\/\/www.linkedin.com\/company\/alfawoodgroup","https:\/\/www.pinterest.com\/alfawoodgroup\/"]}]}},"_links":{"self":[{"href":"https:\/\/alfawood.gr\/ro\/wp-json\/wp\/v2\/product\/15175","targetHints":{"allow":["GET"]}}],"collection":[{"href":"https:\/\/alfawood.gr\/ro\/wp-json\/wp\/v2\/product"}],"about":[{"href":"https:\/\/alfawood.gr\/ro\/wp-json\/wp\/v2\/types\/product"}],"version-history":[{"count":1,"href":"https:\/\/alfawood.gr\/ro\/wp-json\/wp\/v2\/product\/15175\/revisions"}],"predecessor-version":[{"id":28670,"href":"https:\/\/alfawood.gr\/ro\/wp-json\/wp\/v2\/product\/15175\/revisions\/28670"}],"wp:featuredmedia":[{"embeddable":true,"href":"https:\/\/alfawood.gr\/ro\/wp-json\/wp\/v2\/media\/15177"}],"wp:attachment":[{"href":"https:\/\/alfawood.gr\/ro\/wp-json\/wp\/v2\/media?parent=15175"}],"wp:term":[{"taxonomy":"product_brand","embeddable":true,"href":"https:\/\/alfawood.gr\/ro\/wp-json\/wp\/v2\/product_brand?post=15175"},{"taxonomy":"product_cat","embeddable":true,"href":"https:\/\/alfawood.gr\/ro\/wp-json\/wp\/v2\/product_cat?post=15175"},{"taxonomy":"product_tag","embeddable":true,"href":"https:\/\/alfawood.gr\/ro\/wp-json\/wp\/v2\/product_tag?post=15175"}],"curies":[{"name":"wp","href":"https:\/\/api.w.org\/{rel}","templated":true}]}}