{"id":15208,"date":"2023-03-07T08:17:50","date_gmt":"2023-03-07T08:17:50","guid":{"rendered":"https:\/\/alfawood.gr\/product\/harmony-ash\/"},"modified":"2024-10-10T14:25:28","modified_gmt":"2024-10-10T12:25:28","slug":"ash-acoustic","status":"publish","type":"product","link":"https:\/\/alfawood.gr\/ro\/product\/ash-acoustic\/","title":{"rendered":"Ash \u2013 acustic"},"content":{"rendered":"<p>The <strong>panouri acustice<\/strong>\u00a0sunt panouri decorative de perete \u0219i tavan frumos proiectate cu benzi de lemn, care au propriet\u0103\u021bi acustice de \u00eenalt\u0103 calitate. Au capacitatea de a \u00eembun\u0103t\u0103\u021bi calitatea sunetului \u0219i a acusticii \u00eentr-un spa\u021biu. Suprafe\u021bele dure precum piatra, sticla sau metalul reflect\u0103 sunetul \u0219i m\u0103resc nivelul de zgomot. Panourile acustice Alfa Sonic ies \u00een eviden\u021b\u0103, deoarece ofer\u0103 o absorb\u021bie excelent\u0103 a sunetului \u0219i o reducere a reverbera\u021biei, \u00een timp ce au o estetic\u0103 excelent\u0103.<\/p>\n<p>Cele din lemn <strong>panouri acustice<\/strong> este cea mai mare tendin\u021b\u0103 \u00een acest moment \u00een materie de acoperiri de pere\u021bi. Ele dau un stil distinct si un aspect modern, modernizand spatiul si conferindu-i un caracter diferit, caldura si senzatie de relaxare. Acestea pot fi aplicate pe diverse suprafete, mici sau mari, precum pereti, tablii si mobilier, in zone rezidentiale sau comerciale. Au un stil modern \u0219i personalizat din toate punctele de vedere \u0219i o calitate luxoas\u0103 a furnirului din lemn.<\/p>\n<p>The <strong>Panouri acustice Alfa Sonic<\/strong> pot fi aplicate cu u\u0219urin\u021b\u0103 pe pere\u021bi \u0219i tavane, fie pentru uz casnic sau comercial. Sunt utilizate pe scar\u0103 larg\u0103 \u00een s\u0103li de concerte \u0219i muzic\u0103, teatre, centre de conven\u021bii. Instalarea lor u\u0219oar\u0103 \u0219i simpl\u0103 permite transformarea rapid\u0103 a oric\u0103rui spa\u021biu. Sunt rezistente, cu o durat\u0103 lung\u0103 de via\u021b\u0103.<\/p>\n<p>Panourile fonoabsorbante cu aspect de lemn sunt realizate din MDF \u0219i c\u0103ptu\u0219eal\u0103 de furnir de 10 mm \u0219i sunt montate pe panouri de poliester negru de 12 mm. Sunt disponibile in nuante de stejar, despotaki si nuc, cu <strong>dimensiuni 2400 x 600 x 22 (mm) \u0219i 3000 x 600 x 22 (mm).<\/strong><\/p>\n<p><strong><a href=\"\/files\/catalogs\/ALFASURFACES-BOOK-GR.pdf\" target=\"_blank\" rel=\"noopener\">Desc\u0103rca\u021bi catalogul<\/a><\/strong><\/p>","protected":false},"excerpt":{"rendered":"<p>Panouri decorative acustice din MDF cu captuseala furnir de 10mm, montate pe panouri de poliester negru de 12mm.<\/p>\n<p>The <strong>panouri acustice<\/strong> al ALFA WOOD GROUP este <strong>panouri fonoabsorbante <\/strong>care sunt montate pe pere\u021bi sau tavane pentru a reduce zgomotul \u0219i a elimina ecoul \u00eentr-o camer\u0103. Obiectivul principal al panourilor acustice este de a spori propriet\u0103\u021bile sunetului prin \u00eembun\u0103t\u0103\u021birea calit\u0103\u021bii acestuia. Absorb\u021bia fonic\u0103 este diferit\u0103 de izolarea fonic\u0103, care este folosit\u0103 pentru a reduce sunetul din camer\u0103.<\/p>\n<p>Sunt folosite \u00een studiouri de \u00eenregistrare, cinematografe, restaurante, cluburi de noapte, biserici etc.<\/p>","protected":false},"featured_media":20964,"template":"","meta":{"_acf_changed":false,"inline_featured_image":false,"cybocfi_hide_featured_image":""},"product_brand":[],"product_cat":[116,847],"product_tag":[],"class_list":{"0":"post-15208","1":"product","2":"type-product","3":"status-publish","4":"has-post-thumbnail","6":"product_cat-acoustic-panel","7":"product_cat-diakosmiseis-toixon-ksylo","9":"first","10":"instock","11":"product-type-simple"},"acf":[],"yoast_head":"<!-- This site is optimized with the Yoast SEO Premium plugin v27.3 (Yoast SEO v27.3) - https:\/\/yoast.com\/product\/yoast-seo-premium-wordpress\/ -->\n<title>Ash - Acoustic - \u0395\u03c0\u03b9\u03c6\u03ac\u03bd\u03b5\u03b9\u03b5\u03c2 \u039c\u03b5\u03bb\u03b1\u03bc\u03af\u03bd\u03b7\u03c2 MDF \u039c\u03bf\u03c1\u03b9\u03bf\u03c3\u03b1\u03bd\u03af\u03b4\u03b1 \u03a0\u03ac\u03b3\u03ba\u03bf\u03b9 \u0394\u03ac\u03c0\u03b5\u03b4\u03b1 \u03a0\u03cc\u03c1\u03c4\u03b5\u03c2<\/title>\n<meta name=\"robots\" content=\"index, follow, max-snippet:-1, max-image-preview:large, max-video-preview:-1\" \/>\n<link rel=\"canonical\" href=\"https:\/\/alfawood.gr\/ro\/produs\/ash-acoustic\" \/>\n<meta property=\"og:locale\" content=\"ro_RO\" \/>\n<meta property=\"og:type\" content=\"article\" \/>\n<meta property=\"og:title\" content=\"Ash - Acoustic\" \/>\n<meta property=\"og:description\" content=\"A\u03ba\u03bf\u03c5\u03c3\u03c4\u03b9\u03ba\u03ac\u00a0 \u03b4\u03b9\u03b1\u03ba\u03bf\u03c3\u03bc\u03b7\u03c4\u03b9\u03ba\u03ac\u00a0 \u03c0\u03ac\u03bd\u03b5\u03bb \u03c3\u03b5 MDF \u03bc\u03b5 \u03b5\u03c0\u03ad\u03bd\u03b4\u03c5\u03c3\u03b7 \u03ba\u03b1\u03c0\u03bb\u03b1\u03bc\u03ac 10mm, \u03c4\u03bf\u03c0\u03bf\u03b8\u03b5\u03c4\u03b7\u03bc\u03ad\u03bd\u03b1 \u03c3\u03b5 \u03bc\u03b1\u03cd\u03c1\u03b1 \u03c0\u03bf\u03bb\u03c5\u03b5\u03c3\u03c4\u03b5\u03c1\u03b9\u03ba\u03ac \u03c0\u03ac\u03bd\u03b5\u03bb 12mm.  \u03a4\u03b1 \u03b1\u03ba\u03bf\u03c5\u03c3\u03c4\u03b9\u03ba\u03ac \u03c0\u03ac\u03bd\u03b5\u03bb \u03c4\u03b7\u03c2 ALFA WOOD GROUP \u03b5\u03af\u03bd\u03b1\u03b9 \u03b7\u03c7\u03bf\u03b1\u03c0\u03bf\u03c1\u03c1\u03bf\u03c6\u03b7\u03c4\u03b9\u03ba\u03ac \u03c0\u03ac\u03bd\u03b5\u03bb \u03c0\u03bf\u03c5 \u03c4\u03bf\u03c0\u03bf\u03b8\u03b5\u03c4\u03bf\u03cd\u03bd\u03c4\u03b1\u03b9 \u03c3\u03b5 \u03c4\u03bf\u03af\u03c7\u03bf\u03c5\u03c2 \u03ae \u03bf\u03c1\u03bf\u03c6\u03ad\u03c2 \u03b3\u03b9\u03b1 \u03c4\u03b7 \u03bc\u03b5\u03af\u03c9\u03c3\u03b7 \u03c4\u03bf\u03c5 \u03b8\u03bf\u03c1\u03cd\u03b2\u03bf\u03c5 \u03ba\u03b1\u03b9 \u03c4\u03b7\u03bd \u03b5\u03be\u03ac\u03bb\u03b5\u03b9\u03c8\u03b7 \u03c4\u03b7\u03c2 \u03b7\u03c7\u03bf\u03cd\u03c2 \u03c3\u03b5 \u03ad\u03bd\u03b1 \u03b4\u03c9\u03bc\u03ac\u03c4\u03b9\u03bf. \u039f \u03b2\u03b1\u03c3\u03b9\u03ba\u03cc\u03c2 \u03c3\u03c4\u03cc\u03c7\u03bf\u03c2 \u03c4\u03c9\u03bd \u03b1\u03ba\u03bf\u03c5\u03c3\u03c4\u03b9\u03ba\u03ce\u03bd \u03c0\u03ac\u03bd\u03b5\u03bb \u03b5\u03af\u03bd\u03b1\u03b9 \u03bd\u03b1 \u03b5\u03bd\u03b9\u03c3\u03c7\u03c5\u03b8\u03bf\u03cd\u03bd \u03bf\u03b9 \u03b9\u03b4\u03b9\u03cc\u03c4\u03b7\u03c4\u03b5\u03c2 \u03c4\u03bf\u03c5 \u03ae\u03c7\u03bf\u03c5 \u03b2\u03b5\u03bb\u03c4\u03b9\u03ce\u03bd\u03bf\u03bd\u03c4\u03b1\u03c2 \u03c4\u03b7\u03bd \u03c0\u03bf\u03b9\u03cc\u03c4\u03b7\u03c4\u03b1 \u03c4\u03bf\u03c5. \u0397 \u03b1\u03c0\u03bf\u03c1\u03c1\u03cc\u03c6\u03b7\u03c3\u03b7 \u03c4\u03bf\u03c5 \u03ae\u03c7\u03bf\u03c5 \u03b5\u03af\u03bd\u03b1\u03b9 \u03b4\u03b9\u03b1\u03c6\u03bf\u03c1\u03b5\u03c4\u03b9\u03ba\u03ae \u03b1\u03c0\u03cc \u03c4\u03b7\u03bd \u03b7\u03c7\u03bf\u03bc\u03cc\u03bd\u03c9\u03c3\u03b7, \u03b7 \u03bf\u03c0\u03bf\u03af\u03b1 \u03c7\u03c1\u03b7\u03c3\u03b9\u03bc\u03bf\u03c0\u03bf\u03b9\u03b5\u03af\u03c4\u03b1\u03b9 \u03b3\u03b9\u03b1 \u03bd\u03b1 \u03bc\u03b5\u03b9\u03ce\u03c3\u03b5\u03b9 \u03c4\u03bf\u03bd \u03ae\u03c7\u03bf \u03b1\u03c0\u03cc \u03c4\u03bf \u03b4\u03c9\u03bc\u03ac\u03c4\u03b9\u03bf.  \u03a7\u03c1\u03b7\u03c3\u03b9\u03bc\u03bf\u03c0\u03bf\u03b9\u03bf\u03cd\u03bd\u03c4\u03b1\u03b9 \u03c3\u03b5 \u03c3\u03c4\u03bf\u03cd\u03bd\u03c4\u03b9\u03bf \u03b7\u03c7\u03bf\u03b3\u03c1\u03ac\u03c6\u03b7\u03c3\u03b7\u03c2, \u03c3\u03b5 \u03ba\u03b9\u03bd\u03b7\u03bc\u03b1\u03c4\u03bf\u03b3\u03c1\u03ac\u03c6\u03bf\u03c5\u03c2, \u03b5\u03c3\u03c4\u03b9\u03b1\u03c4\u03cc\u03c1\u03b9\u03b1, \u03bd\u03c5\u03c7\u03c4\u03b5\u03c1\u03b9\u03bd\u03ac \u03ba\u03ad\u03bd\u03c4\u03c1\u03b1, \u03b5\u03ba\u03ba\u03bb\u03b7\u03c3\u03af\u03b5\u03c2 \u03ba.\u03b1.\" \/>\n<meta property=\"og:url\" content=\"https:\/\/alfawood.gr\/ro\/produs\/ash-acoustic\" \/>\n<meta property=\"og:site_name\" content=\"\u0395\u03c0\u03b9\u03c6\u03ac\u03bd\u03b5\u03b9\u03b5\u03c2 \u039c\u03b5\u03bb\u03b1\u03bc\u03af\u03bd\u03b7\u03c2 MDF \u039c\u03bf\u03c1\u03b9\u03bf\u03c3\u03b1\u03bd\u03af\u03b4\u03b1 \u03a0\u03ac\u03b3\u03ba\u03bf\u03b9 \u0394\u03ac\u03c0\u03b5\u03b4\u03b1 \u03a0\u03cc\u03c1\u03c4\u03b5\u03c2\" \/>\n<meta property=\"article:publisher\" content=\"https:\/\/www.facebook.com\/alfawood.group\" \/>\n<meta property=\"article:modified_time\" content=\"2024-10-10T12:25:28+00:00\" \/>\n<meta property=\"og:image\" content=\"https:\/\/alfawood.gr\/wp-content\/uploads\/2023\/03\/accoustic-ash-e1731057407522.jpg\" \/>\n\t<meta property=\"og:image:width\" content=\"599\" \/>\n\t<meta property=\"og:image:height\" content=\"823\" \/>\n\t<meta property=\"og:image:type\" content=\"image\/jpeg\" \/>\n<meta name=\"twitter:card\" content=\"summary_large_image\" \/>\n<meta name=\"twitter:site\" content=\"@ALFAWOODGROUP\" \/>\n<meta name=\"twitter:label1\" content=\"Timp estimat pentru citire\" \/>\n\t<meta name=\"twitter:data1\" content=\"1 minut\" \/>\n<script type=\"application\/ld+json\" class=\"yoast-schema-graph\">{\"@context\":\"https:\\\/\\\/schema.org\",\"@graph\":[{\"@type\":\"WebPage\",\"@id\":\"https:\\\/\\\/alfawood.gr\\\/fr\\\/product\\\/ash-acoustic\\\/\",\"url\":\"https:\\\/\\\/alfawood.gr\\\/fr\\\/product\\\/ash-acoustic\\\/\",\"name\":\"Ash - Acoustic - \u0395\u03c0\u03b9\u03c6\u03ac\u03bd\u03b5\u03b9\u03b5\u03c2 \u039c\u03b5\u03bb\u03b1\u03bc\u03af\u03bd\u03b7\u03c2 MDF \u039c\u03bf\u03c1\u03b9\u03bf\u03c3\u03b1\u03bd\u03af\u03b4\u03b1 \u03a0\u03ac\u03b3\u03ba\u03bf\u03b9 \u0394\u03ac\u03c0\u03b5\u03b4\u03b1 \u03a0\u03cc\u03c1\u03c4\u03b5\u03c2\",\"isPartOf\":{\"@id\":\"https:\\\/\\\/alfawood.gr\\\/#website\"},\"primaryImageOfPage\":{\"@id\":\"https:\\\/\\\/alfawood.gr\\\/fr\\\/product\\\/ash-acoustic\\\/#primaryimage\"},\"image\":{\"@id\":\"https:\\\/\\\/alfawood.gr\\\/fr\\\/product\\\/ash-acoustic\\\/#primaryimage\"},\"thumbnailUrl\":\"https:\\\/\\\/alfawood.gr\\\/wp-content\\\/uploads\\\/2023\\\/03\\\/accoustic-ash-e1731057407522.jpg\",\"datePublished\":\"2023-03-07T08:17:50+00:00\",\"dateModified\":\"2024-10-10T12:25:28+00:00\",\"breadcrumb\":{\"@id\":\"https:\\\/\\\/alfawood.gr\\\/fr\\\/product\\\/ash-acoustic\\\/#breadcrumb\"},\"inLanguage\":\"ro-RO\",\"potentialAction\":[{\"@type\":\"ReadAction\",\"target\":[\"https:\\\/\\\/alfawood.gr\\\/fr\\\/product\\\/ash-acoustic\\\/\"]}]},{\"@type\":\"ImageObject\",\"inLanguage\":\"ro-RO\",\"@id\":\"https:\\\/\\\/alfawood.gr\\\/fr\\\/product\\\/ash-acoustic\\\/#primaryimage\",\"url\":\"https:\\\/\\\/alfawood.gr\\\/wp-content\\\/uploads\\\/2023\\\/03\\\/accoustic-ash-e1731057407522.jpg\",\"contentUrl\":\"https:\\\/\\\/alfawood.gr\\\/wp-content\\\/uploads\\\/2023\\\/03\\\/accoustic-ash-e1731057407522.jpg\",\"width\":599,\"height\":823,\"caption\":\"\u03b1\u03ba\u03bf\u03c5\u03c3\u03c4\u03b9\u03ba\u03bf \u03c0\u03b1\u03bd\u03b5\u03bb ash\"},{\"@type\":\"BreadcrumbList\",\"@id\":\"https:\\\/\\\/alfawood.gr\\\/fr\\\/product\\\/ash-acoustic\\\/#breadcrumb\",\"itemListElement\":[{\"@type\":\"ListItem\",\"position\":1,\"name\":\"Home\",\"item\":\"https:\\\/\\\/alfawood.gr\\\/\"},{\"@type\":\"ListItem\",\"position\":2,\"name\":\"\u03a0\u03c1\u03bf\u03ca\u03cc\u03bd\u03c4\u03b1\",\"item\":\"https:\\\/\\\/alfawood.gr\\\/proionta-wood\\\/\"},{\"@type\":\"ListItem\",\"position\":3,\"name\":\"\u0394\u03b9\u03b1\u03ba\u03cc\u03c3\u03bc\u03b7\u03c3\u03b7 \u03a4\u03bf\u03af\u03c7\u03bf\u03c5\",\"item\":\"https:\\\/\\\/alfawood.gr\\\/category\\\/diakosmiseis-toixon-ksylo\\\/\"},{\"@type\":\"ListItem\",\"position\":4,\"name\":\"\u0391\u03ba\u03bf\u03c5\u03c3\u03c4\u03b9\u03ba\u03ac \u03a0\u03ac\u03bd\u03b5\u03bb\",\"item\":\"https:\\\/\\\/alfawood.gr\\\/category\\\/diakosmiseis-toixon-ksylo\\\/acoustic-panel\\\/\"},{\"@type\":\"ListItem\",\"position\":5,\"name\":\"Ash &#8211; Acoustic\"}]},{\"@type\":\"WebSite\",\"@id\":\"https:\\\/\\\/alfawood.gr\\\/#website\",\"url\":\"https:\\\/\\\/alfawood.gr\\\/\",\"name\":\"\u0395\u03c0\u03b9\u03c6\u03ac\u03bd\u03b5\u03b9\u03b5\u03c2 \u039c\u03b5\u03bb\u03b1\u03bc\u03af\u03bd\u03b7\u03c2 MDF \u039c\u03bf\u03c1\u03b9\u03bf\u03c3\u03b1\u03bd\u03af\u03b4\u03b1 \u03a0\u03ac\u03b3\u03ba\u03bf\u03b9 \u0394\u03ac\u03c0\u03b5\u03b4\u03b1 \u03a0\u03cc\u03c1\u03c4\u03b5\u03c2\",\"description\":\"\u0392\u03b9\u03bf\u03bc\u03b7\u03c7\u03b1\u03bd\u03af\u03b1 \u039e\u03cd\u03bb\u03bf\u03c5 Alfa Wood Group\",\"publisher\":{\"@id\":\"https:\\\/\\\/alfawood.gr\\\/#organization\"},\"alternateName\":\"Melamines - MDF - Laminate - Worktops\",\"potentialAction\":[{\"@type\":\"SearchAction\",\"target\":{\"@type\":\"EntryPoint\",\"urlTemplate\":\"https:\\\/\\\/alfawood.gr\\\/?s={search_term_string}\"},\"query-input\":{\"@type\":\"PropertyValueSpecification\",\"valueRequired\":true,\"valueName\":\"search_term_string\"}}],\"inLanguage\":\"ro-RO\"},{\"@type\":\"Organization\",\"@id\":\"https:\\\/\\\/alfawood.gr\\\/#organization\",\"name\":\"Alfa Wood Group\",\"url\":\"https:\\\/\\\/alfawood.gr\\\/\",\"logo\":{\"@type\":\"ImageObject\",\"inLanguage\":\"ro-RO\",\"@id\":\"https:\\\/\\\/alfawood.gr\\\/#\\\/schema\\\/logo\\\/image\\\/\",\"url\":\"https:\\\/\\\/alfawood.gr\\\/wp-content\\\/uploads\\\/2023\\\/02\\\/alfa-wood-logo-1.svg\",\"contentUrl\":\"https:\\\/\\\/alfawood.gr\\\/wp-content\\\/uploads\\\/2023\\\/02\\\/alfa-wood-logo-1.svg\",\"width\":305,\"height\":195,\"caption\":\"Alfa Wood Group\"},\"image\":{\"@id\":\"https:\\\/\\\/alfawood.gr\\\/#\\\/schema\\\/logo\\\/image\\\/\"},\"sameAs\":[\"https:\\\/\\\/www.facebook.com\\\/alfawood.group\",\"https:\\\/\\\/x.com\\\/ALFAWOODGROUP\",\"https:\\\/\\\/www.instagram.com\\\/alfawood.group\",\"https:\\\/\\\/www.youtube.com\\\/@alfawoodgroup\",\"https:\\\/\\\/www.tiktok.com\\\/@alfawood.group\",\"https:\\\/\\\/vimeo.com\\\/alfawood\",\"https:\\\/\\\/www.linkedin.com\\\/company\\\/alfawoodgroup\",\"https:\\\/\\\/www.pinterest.com\\\/alfawoodgroup\\\/\"]}]}<\/script>\n<!-- \/ Yoast SEO Premium plugin. -->","yoast_head_json":{"title":"Frasin - Acustic - Melaminat Suprafete MDF PAL Tejghea Pardoseli Usi","robots":{"index":"index","follow":"follow","max-snippet":"max-snippet:-1","max-image-preview":"max-image-preview:large","max-video-preview":"max-video-preview:-1"},"canonical":"https:\/\/alfawood.gr\/ro\/produs\/ash-acoustic","og_locale":"ro_RO","og_type":"article","og_title":"Ash - Acoustic","og_description":"A\u03ba\u03bf\u03c5\u03c3\u03c4\u03b9\u03ba\u03ac\u00a0 \u03b4\u03b9\u03b1\u03ba\u03bf\u03c3\u03bc\u03b7\u03c4\u03b9\u03ba\u03ac\u00a0 \u03c0\u03ac\u03bd\u03b5\u03bb \u03c3\u03b5 MDF \u03bc\u03b5 \u03b5\u03c0\u03ad\u03bd\u03b4\u03c5\u03c3\u03b7 \u03ba\u03b1\u03c0\u03bb\u03b1\u03bc\u03ac 10mm, \u03c4\u03bf\u03c0\u03bf\u03b8\u03b5\u03c4\u03b7\u03bc\u03ad\u03bd\u03b1 \u03c3\u03b5 \u03bc\u03b1\u03cd\u03c1\u03b1 \u03c0\u03bf\u03bb\u03c5\u03b5\u03c3\u03c4\u03b5\u03c1\u03b9\u03ba\u03ac \u03c0\u03ac\u03bd\u03b5\u03bb 12mm.  \u03a4\u03b1 \u03b1\u03ba\u03bf\u03c5\u03c3\u03c4\u03b9\u03ba\u03ac \u03c0\u03ac\u03bd\u03b5\u03bb \u03c4\u03b7\u03c2 ALFA WOOD GROUP \u03b5\u03af\u03bd\u03b1\u03b9 \u03b7\u03c7\u03bf\u03b1\u03c0\u03bf\u03c1\u03c1\u03bf\u03c6\u03b7\u03c4\u03b9\u03ba\u03ac \u03c0\u03ac\u03bd\u03b5\u03bb \u03c0\u03bf\u03c5 \u03c4\u03bf\u03c0\u03bf\u03b8\u03b5\u03c4\u03bf\u03cd\u03bd\u03c4\u03b1\u03b9 \u03c3\u03b5 \u03c4\u03bf\u03af\u03c7\u03bf\u03c5\u03c2 \u03ae \u03bf\u03c1\u03bf\u03c6\u03ad\u03c2 \u03b3\u03b9\u03b1 \u03c4\u03b7 \u03bc\u03b5\u03af\u03c9\u03c3\u03b7 \u03c4\u03bf\u03c5 \u03b8\u03bf\u03c1\u03cd\u03b2\u03bf\u03c5 \u03ba\u03b1\u03b9 \u03c4\u03b7\u03bd \u03b5\u03be\u03ac\u03bb\u03b5\u03b9\u03c8\u03b7 \u03c4\u03b7\u03c2 \u03b7\u03c7\u03bf\u03cd\u03c2 \u03c3\u03b5 \u03ad\u03bd\u03b1 \u03b4\u03c9\u03bc\u03ac\u03c4\u03b9\u03bf. \u039f \u03b2\u03b1\u03c3\u03b9\u03ba\u03cc\u03c2 \u03c3\u03c4\u03cc\u03c7\u03bf\u03c2 \u03c4\u03c9\u03bd \u03b1\u03ba\u03bf\u03c5\u03c3\u03c4\u03b9\u03ba\u03ce\u03bd \u03c0\u03ac\u03bd\u03b5\u03bb \u03b5\u03af\u03bd\u03b1\u03b9 \u03bd\u03b1 \u03b5\u03bd\u03b9\u03c3\u03c7\u03c5\u03b8\u03bf\u03cd\u03bd \u03bf\u03b9 \u03b9\u03b4\u03b9\u03cc\u03c4\u03b7\u03c4\u03b5\u03c2 \u03c4\u03bf\u03c5 \u03ae\u03c7\u03bf\u03c5 \u03b2\u03b5\u03bb\u03c4\u03b9\u03ce\u03bd\u03bf\u03bd\u03c4\u03b1\u03c2 \u03c4\u03b7\u03bd \u03c0\u03bf\u03b9\u03cc\u03c4\u03b7\u03c4\u03b1 \u03c4\u03bf\u03c5. \u0397 \u03b1\u03c0\u03bf\u03c1\u03c1\u03cc\u03c6\u03b7\u03c3\u03b7 \u03c4\u03bf\u03c5 \u03ae\u03c7\u03bf\u03c5 \u03b5\u03af\u03bd\u03b1\u03b9 \u03b4\u03b9\u03b1\u03c6\u03bf\u03c1\u03b5\u03c4\u03b9\u03ba\u03ae \u03b1\u03c0\u03cc \u03c4\u03b7\u03bd \u03b7\u03c7\u03bf\u03bc\u03cc\u03bd\u03c9\u03c3\u03b7, \u03b7 \u03bf\u03c0\u03bf\u03af\u03b1 \u03c7\u03c1\u03b7\u03c3\u03b9\u03bc\u03bf\u03c0\u03bf\u03b9\u03b5\u03af\u03c4\u03b1\u03b9 \u03b3\u03b9\u03b1 \u03bd\u03b1 \u03bc\u03b5\u03b9\u03ce\u03c3\u03b5\u03b9 \u03c4\u03bf\u03bd \u03ae\u03c7\u03bf \u03b1\u03c0\u03cc \u03c4\u03bf \u03b4\u03c9\u03bc\u03ac\u03c4\u03b9\u03bf.  \u03a7\u03c1\u03b7\u03c3\u03b9\u03bc\u03bf\u03c0\u03bf\u03b9\u03bf\u03cd\u03bd\u03c4\u03b1\u03b9 \u03c3\u03b5 \u03c3\u03c4\u03bf\u03cd\u03bd\u03c4\u03b9\u03bf \u03b7\u03c7\u03bf\u03b3\u03c1\u03ac\u03c6\u03b7\u03c3\u03b7\u03c2, \u03c3\u03b5 \u03ba\u03b9\u03bd\u03b7\u03bc\u03b1\u03c4\u03bf\u03b3\u03c1\u03ac\u03c6\u03bf\u03c5\u03c2, \u03b5\u03c3\u03c4\u03b9\u03b1\u03c4\u03cc\u03c1\u03b9\u03b1, \u03bd\u03c5\u03c7\u03c4\u03b5\u03c1\u03b9\u03bd\u03ac \u03ba\u03ad\u03bd\u03c4\u03c1\u03b1, \u03b5\u03ba\u03ba\u03bb\u03b7\u03c3\u03af\u03b5\u03c2 \u03ba.\u03b1.","og_url":"https:\/\/alfawood.gr\/ro\/produs\/ash-acoustic","og_site_name":"\u0395\u03c0\u03b9\u03c6\u03ac\u03bd\u03b5\u03b9\u03b5\u03c2 \u039c\u03b5\u03bb\u03b1\u03bc\u03af\u03bd\u03b7\u03c2 MDF \u039c\u03bf\u03c1\u03b9\u03bf\u03c3\u03b1\u03bd\u03af\u03b4\u03b1 \u03a0\u03ac\u03b3\u03ba\u03bf\u03b9 \u0394\u03ac\u03c0\u03b5\u03b4\u03b1 \u03a0\u03cc\u03c1\u03c4\u03b5\u03c2","article_publisher":"https:\/\/www.facebook.com\/alfawood.group","article_modified_time":"2024-10-10T12:25:28+00:00","og_image":[{"width":599,"height":823,"url":"https:\/\/alfawood.gr\/wp-content\/uploads\/2023\/03\/accoustic-ash-e1731057407522.jpg","type":"image\/jpeg"}],"twitter_card":"summary_large_image","twitter_site":"@ALFAWOODGROUP","twitter_misc":{"Timp estimat pentru citire":"1 minut"},"schema":{"@context":"https:\/\/schema.org","@graph":[{"@type":"WebPage","@id":"https:\/\/alfawood.gr\/fr\/product\/ash-acoustic\/","url":"https:\/\/alfawood.gr\/fr\/product\/ash-acoustic\/","name":"Frasin - Acustic - Melaminat Suprafete MDF PAL Tejghea Pardoseli Usi","isPartOf":{"@id":"https:\/\/alfawood.gr\/#website"},"primaryImageOfPage":{"@id":"https:\/\/alfawood.gr\/fr\/product\/ash-acoustic\/#primaryimage"},"image":{"@id":"https:\/\/alfawood.gr\/fr\/product\/ash-acoustic\/#primaryimage"},"thumbnailUrl":"https:\/\/alfawood.gr\/wp-content\/uploads\/2023\/03\/accoustic-ash-e1731057407522.jpg","datePublished":"2023-03-07T08:17:50+00:00","dateModified":"2024-10-10T12:25:28+00:00","breadcrumb":{"@id":"https:\/\/alfawood.gr\/fr\/product\/ash-acoustic\/#breadcrumb"},"inLanguage":"ro-RO","potentialAction":[{"@type":"ReadAction","target":["https:\/\/alfawood.gr\/fr\/product\/ash-acoustic\/"]}]},{"@type":"ImageObject","inLanguage":"ro-RO","@id":"https:\/\/alfawood.gr\/fr\/product\/ash-acoustic\/#primaryimage","url":"https:\/\/alfawood.gr\/wp-content\/uploads\/2023\/03\/accoustic-ash-e1731057407522.jpg","contentUrl":"https:\/\/alfawood.gr\/wp-content\/uploads\/2023\/03\/accoustic-ash-e1731057407522.jpg","width":599,"height":823,"caption":"\u03b1\u03ba\u03bf\u03c5\u03c3\u03c4\u03b9\u03ba\u03bf \u03c0\u03b1\u03bd\u03b5\u03bb ash"},{"@type":"BreadcrumbList","@id":"https:\/\/alfawood.gr\/fr\/product\/ash-acoustic\/#breadcrumb","itemListElement":[{"@type":"ListItem","position":1,"name":"Home","item":"https:\/\/alfawood.gr\/"},{"@type":"ListItem","position":2,"name":"\u03a0\u03c1\u03bf\u03ca\u03cc\u03bd\u03c4\u03b1","item":"https:\/\/alfawood.gr\/proionta-wood\/"},{"@type":"ListItem","position":3,"name":"\u0394\u03b9\u03b1\u03ba\u03cc\u03c3\u03bc\u03b7\u03c3\u03b7 \u03a4\u03bf\u03af\u03c7\u03bf\u03c5","item":"https:\/\/alfawood.gr\/category\/diakosmiseis-toixon-ksylo\/"},{"@type":"ListItem","position":4,"name":"\u0391\u03ba\u03bf\u03c5\u03c3\u03c4\u03b9\u03ba\u03ac \u03a0\u03ac\u03bd\u03b5\u03bb","item":"https:\/\/alfawood.gr\/category\/diakosmiseis-toixon-ksylo\/acoustic-panel\/"},{"@type":"ListItem","position":5,"name":"Ash &#8211; Acoustic"}]},{"@type":"WebSite","@id":"https:\/\/alfawood.gr\/#website","url":"https:\/\/alfawood.gr\/","name":"Suprafete melaminate Conturi din PAL MDF Podele Usi","description":"Alfa Wood Group Industria Lemnului","publisher":{"@id":"https:\/\/alfawood.gr\/#organization"},"alternateName":"Melamines - MDF - Laminate - Worktops","potentialAction":[{"@type":"SearchAction","target":{"@type":"EntryPoint","urlTemplate":"https:\/\/alfawood.gr\/?s={search_term_string}"},"query-input":{"@type":"PropertyValueSpecification","valueRequired":true,"valueName":"search_term_string"}}],"inLanguage":"ro-RO"},{"@type":"Organization","@id":"https:\/\/alfawood.gr\/#organization","name":"Grupul Alfa Wood","url":"https:\/\/alfawood.gr\/","logo":{"@type":"ImageObject","inLanguage":"ro-RO","@id":"https:\/\/alfawood.gr\/#\/schema\/logo\/image\/","url":"https:\/\/alfawood.gr\/wp-content\/uploads\/2023\/02\/alfa-wood-logo-1.svg","contentUrl":"https:\/\/alfawood.gr\/wp-content\/uploads\/2023\/02\/alfa-wood-logo-1.svg","width":305,"height":195,"caption":"Alfa Wood Group"},"image":{"@id":"https:\/\/alfawood.gr\/#\/schema\/logo\/image\/"},"sameAs":["https:\/\/www.facebook.com\/alfawood.group","https:\/\/x.com\/ALFAWOODGROUP","https:\/\/www.instagram.com\/alfawood.group","https:\/\/www.youtube.com\/@alfawoodgroup","https:\/\/www.tiktok.com\/@alfawood.group","https:\/\/vimeo.com\/alfawood","https:\/\/www.linkedin.com\/company\/alfawoodgroup","https:\/\/www.pinterest.com\/alfawoodgroup\/"]}]}},"_links":{"self":[{"href":"https:\/\/alfawood.gr\/ro\/wp-json\/wp\/v2\/product\/15208","targetHints":{"allow":["GET"]}}],"collection":[{"href":"https:\/\/alfawood.gr\/ro\/wp-json\/wp\/v2\/product"}],"about":[{"href":"https:\/\/alfawood.gr\/ro\/wp-json\/wp\/v2\/types\/product"}],"version-history":[{"count":0,"href":"https:\/\/alfawood.gr\/ro\/wp-json\/wp\/v2\/product\/15208\/revisions"}],"wp:featuredmedia":[{"embeddable":true,"href":"https:\/\/alfawood.gr\/ro\/wp-json\/wp\/v2\/media\/20964"}],"wp:attachment":[{"href":"https:\/\/alfawood.gr\/ro\/wp-json\/wp\/v2\/media?parent=15208"}],"wp:term":[{"taxonomy":"product_brand","embeddable":true,"href":"https:\/\/alfawood.gr\/ro\/wp-json\/wp\/v2\/product_brand?post=15208"},{"taxonomy":"product_cat","embeddable":true,"href":"https:\/\/alfawood.gr\/ro\/wp-json\/wp\/v2\/product_cat?post=15208"},{"taxonomy":"product_tag","embeddable":true,"href":"https:\/\/alfawood.gr\/ro\/wp-json\/wp\/v2\/product_tag?post=15208"}],"curies":[{"name":"wp","href":"https:\/\/api.w.org\/{rel}","templated":true}]}}