{"id":15476,"date":"2023-03-07T08:21:46","date_gmt":"2023-03-07T08:21:46","guid":{"rendered":"https:\/\/alfawood.gr\/product\/pyramid\/"},"modified":"2023-04-22T20:20:22","modified_gmt":"2023-04-22T20:20:22","slug":"pyramid","status":"publish","type":"product","link":"https:\/\/alfawood.gr\/ro\/product\/pyramid\/","title":{"rendered":"Piramid\u0103"},"content":{"rendered":"<p>Arta marqueteriei necesit\u0103 imagina\u021bie \u0219i pasiune, elemente pe care resursele umane ale grupului ALFA WOOD le au \u0219i \u00eempreun\u0103 cu tine po\u021bi concepe modele imaginative cu propriile alegeri de furnir.<\/p>\n<p>&nbsp;<\/p>\n<p>Marcateria are multe aplica\u021bii \u0219i utiliz\u0103ri, ca c\u0103ptu\u0219eal\u0103 decorativ\u0103 \u00een:<\/p>\n<ul>\n<li>Fabricarea mobilierului (s\u0103li de mese, bufete, blaturi de mas\u0103 etc.)<\/li>\n<li>U\u0219i de interior<\/li>\n<li>Fronturi de cabinete<\/li>\n<li>Investi\u021bii \u00een pere\u021bi<\/li>\n<li>Construc\u021bii speciale: precum t\u0103blii de pat, sc\u0103ri, tablouri, instrumente muzicale etc.<\/li>\n<\/ul>\n<p>Modele realizate la comand\u0103 cu dimensiuni speciale.<\/p>","protected":false},"excerpt":{"rendered":"<p>Colec\u021bia\u00a0<strong>INTARSIUNE<\/strong>\u00a0este categoria de marquetarii lucrate manual in diverse calitati si modele de furnir, cu accent pe simplitate, linii curate si evidentierea frumusetii naturale a lemnului.<\/p>\n<p>O colec\u021bie care reprezint\u0103 modele clasice ale artei decorative tradi\u021bionale a marqueterii. Cu o selec\u021bie meticuloas\u0103 a furnirului natural \u0219i a designului potrivit, concentr\u00e2ndu-se \u00een special pe apa lemnului, iese la iveal\u0103 designul handmade dorit.<\/p>","protected":false},"featured_media":15478,"template":"","meta":{"_acf_changed":false,"inline_featured_image":false,"cybocfi_hide_featured_image":""},"product_brand":[],"product_cat":[106,91],"product_tag":[],"class_list":{"0":"post-15476","1":"product","2":"type-product","3":"status-publish","4":"has-post-thumbnail","6":"product_cat-intarsio","7":"product_cat-kaplamas-veneer","9":"first","10":"instock","11":"product-type-simple"},"acf":[],"yoast_head":"<!-- This site is optimized with the Yoast SEO Premium plugin v27.3 (Yoast SEO v27.3) - https:\/\/yoast.com\/product\/yoast-seo-premium-wordpress\/ -->\n<title>Pyramid - \u0395\u03c0\u03b9\u03c6\u03ac\u03bd\u03b5\u03b9\u03b5\u03c2 \u039c\u03b5\u03bb\u03b1\u03bc\u03af\u03bd\u03b7\u03c2 MDF \u039c\u03bf\u03c1\u03b9\u03bf\u03c3\u03b1\u03bd\u03af\u03b4\u03b1 \u03a0\u03ac\u03b3\u03ba\u03bf\u03b9 \u0394\u03ac\u03c0\u03b5\u03b4\u03b1 \u03a0\u03cc\u03c1\u03c4\u03b5\u03c2<\/title>\n<meta name=\"robots\" content=\"index, follow, max-snippet:-1, max-image-preview:large, max-video-preview:-1\" \/>\n<link rel=\"canonical\" href=\"https:\/\/alfawood.gr\/ro\/produs\/pyramid\" \/>\n<meta property=\"og:locale\" content=\"ro_RO\" \/>\n<meta property=\"og:type\" content=\"article\" \/>\n<meta property=\"og:title\" content=\"Pyramid\" \/>\n<meta property=\"og:url\" content=\"https:\/\/alfawood.gr\/ro\/produs\/pyramid\" \/>\n<meta property=\"og:site_name\" content=\"\u0395\u03c0\u03b9\u03c6\u03ac\u03bd\u03b5\u03b9\u03b5\u03c2 \u039c\u03b5\u03bb\u03b1\u03bc\u03af\u03bd\u03b7\u03c2 MDF \u039c\u03bf\u03c1\u03b9\u03bf\u03c3\u03b1\u03bd\u03af\u03b4\u03b1 \u03a0\u03ac\u03b3\u03ba\u03bf\u03b9 \u0394\u03ac\u03c0\u03b5\u03b4\u03b1 \u03a0\u03cc\u03c1\u03c4\u03b5\u03c2\" \/>\n<meta property=\"article:publisher\" content=\"https:\/\/www.facebook.com\/alfawood.group\" \/>\n<meta property=\"article:modified_time\" content=\"2023-04-22T20:20:22+00:00\" \/>\n<meta property=\"og:image\" content=\"https:\/\/alfawood.gr\/wp-content\/uploads\/2023\/03\/PYRAMID.jpg\" \/>\n\t<meta property=\"og:image:width\" content=\"1457\" \/>\n\t<meta property=\"og:image:height\" content=\"2000\" \/>\n\t<meta property=\"og:image:type\" content=\"image\/jpeg\" \/>\n<meta name=\"twitter:card\" content=\"summary_large_image\" \/>\n<meta name=\"twitter:description\" content=\"[html_block id=&quot;21059&quot;]\" \/>\n<meta name=\"twitter:site\" content=\"@ALFAWOODGROUP\" \/>\n<meta name=\"twitter:label1\" content=\"Timp estimat pentru citire\" \/>\n\t<meta name=\"twitter:data1\" content=\"1 minut\" \/>\n<script type=\"application\/ld+json\" class=\"yoast-schema-graph\">{\"@context\":\"https:\\\/\\\/schema.org\",\"@graph\":[{\"@type\":\"WebPage\",\"@id\":\"https:\\\/\\\/alfawood.gr\\\/product\\\/pyramid\\\/\",\"url\":\"https:\\\/\\\/alfawood.gr\\\/product\\\/pyramid\\\/\",\"name\":\"Pyramid - \u0395\u03c0\u03b9\u03c6\u03ac\u03bd\u03b5\u03b9\u03b5\u03c2 \u039c\u03b5\u03bb\u03b1\u03bc\u03af\u03bd\u03b7\u03c2 MDF \u039c\u03bf\u03c1\u03b9\u03bf\u03c3\u03b1\u03bd\u03af\u03b4\u03b1 \u03a0\u03ac\u03b3\u03ba\u03bf\u03b9 \u0394\u03ac\u03c0\u03b5\u03b4\u03b1 \u03a0\u03cc\u03c1\u03c4\u03b5\u03c2\",\"isPartOf\":{\"@id\":\"https:\\\/\\\/alfawood.gr\\\/#website\"},\"primaryImageOfPage\":{\"@id\":\"https:\\\/\\\/alfawood.gr\\\/product\\\/pyramid\\\/#primaryimage\"},\"image\":{\"@id\":\"https:\\\/\\\/alfawood.gr\\\/product\\\/pyramid\\\/#primaryimage\"},\"thumbnailUrl\":\"https:\\\/\\\/alfawood.gr\\\/wp-content\\\/uploads\\\/2023\\\/03\\\/PYRAMID.jpg\",\"datePublished\":\"2023-03-07T08:21:46+00:00\",\"dateModified\":\"2023-04-22T20:20:22+00:00\",\"breadcrumb\":{\"@id\":\"https:\\\/\\\/alfawood.gr\\\/product\\\/pyramid\\\/#breadcrumb\"},\"inLanguage\":\"ro-RO\",\"potentialAction\":[{\"@type\":\"ReadAction\",\"target\":[\"https:\\\/\\\/alfawood.gr\\\/product\\\/pyramid\\\/\"]}]},{\"@type\":\"ImageObject\",\"inLanguage\":\"ro-RO\",\"@id\":\"https:\\\/\\\/alfawood.gr\\\/product\\\/pyramid\\\/#primaryimage\",\"url\":\"https:\\\/\\\/alfawood.gr\\\/wp-content\\\/uploads\\\/2023\\\/03\\\/PYRAMID.jpg\",\"contentUrl\":\"https:\\\/\\\/alfawood.gr\\\/wp-content\\\/uploads\\\/2023\\\/03\\\/PYRAMID.jpg\",\"width\":1457,\"height\":2000,\"caption\":\"Pyramid - Alfa Veneers Intarsio\"},{\"@type\":\"BreadcrumbList\",\"@id\":\"https:\\\/\\\/alfawood.gr\\\/product\\\/pyramid\\\/#breadcrumb\",\"itemListElement\":[{\"@type\":\"ListItem\",\"position\":1,\"name\":\"Home\",\"item\":\"https:\\\/\\\/alfawood.gr\\\/\"},{\"@type\":\"ListItem\",\"position\":2,\"name\":\"\u03a0\u03c1\u03bf\u03ca\u03cc\u03bd\u03c4\u03b1\",\"item\":\"https:\\\/\\\/alfawood.gr\\\/proionta-wood\\\/\"},{\"@type\":\"ListItem\",\"position\":3,\"name\":\"\u0395\u03c0\u03b9\u03c6\u03ac\u03bd\u03b5\u03b9\u03b5\u03c2 \u039a\u03b1\u03c0\u03bb\u03b1\u03bc\u03ac - Alfa Xilo\",\"item\":\"https:\\\/\\\/alfawood.gr\\\/category\\\/kaplamas-veneer\\\/\"},{\"@type\":\"ListItem\",\"position\":4,\"name\":\"Intarsio\",\"item\":\"https:\\\/\\\/alfawood.gr\\\/category\\\/kaplamas-veneer\\\/intarsio\\\/\"},{\"@type\":\"ListItem\",\"position\":5,\"name\":\"Pyramid\"}]},{\"@type\":\"WebSite\",\"@id\":\"https:\\\/\\\/alfawood.gr\\\/#website\",\"url\":\"https:\\\/\\\/alfawood.gr\\\/\",\"name\":\"\u0395\u03c0\u03b9\u03c6\u03ac\u03bd\u03b5\u03b9\u03b5\u03c2 \u039c\u03b5\u03bb\u03b1\u03bc\u03af\u03bd\u03b7\u03c2 MDF \u039c\u03bf\u03c1\u03b9\u03bf\u03c3\u03b1\u03bd\u03af\u03b4\u03b1 \u03a0\u03ac\u03b3\u03ba\u03bf\u03b9 \u0394\u03ac\u03c0\u03b5\u03b4\u03b1 \u03a0\u03cc\u03c1\u03c4\u03b5\u03c2\",\"description\":\"\u0392\u03b9\u03bf\u03bc\u03b7\u03c7\u03b1\u03bd\u03af\u03b1 \u039e\u03cd\u03bb\u03bf\u03c5 Alfa Wood Group\",\"publisher\":{\"@id\":\"https:\\\/\\\/alfawood.gr\\\/#organization\"},\"alternateName\":\"Melamines - MDF - Laminate - Worktops\",\"potentialAction\":[{\"@type\":\"SearchAction\",\"target\":{\"@type\":\"EntryPoint\",\"urlTemplate\":\"https:\\\/\\\/alfawood.gr\\\/?s={search_term_string}\"},\"query-input\":{\"@type\":\"PropertyValueSpecification\",\"valueRequired\":true,\"valueName\":\"search_term_string\"}}],\"inLanguage\":\"ro-RO\"},{\"@type\":\"Organization\",\"@id\":\"https:\\\/\\\/alfawood.gr\\\/#organization\",\"name\":\"Alfa Wood Group\",\"url\":\"https:\\\/\\\/alfawood.gr\\\/\",\"logo\":{\"@type\":\"ImageObject\",\"inLanguage\":\"ro-RO\",\"@id\":\"https:\\\/\\\/alfawood.gr\\\/#\\\/schema\\\/logo\\\/image\\\/\",\"url\":\"https:\\\/\\\/alfawood.gr\\\/wp-content\\\/uploads\\\/2023\\\/02\\\/alfa-wood-logo-1.svg\",\"contentUrl\":\"https:\\\/\\\/alfawood.gr\\\/wp-content\\\/uploads\\\/2023\\\/02\\\/alfa-wood-logo-1.svg\",\"width\":305,\"height\":195,\"caption\":\"Alfa Wood Group\"},\"image\":{\"@id\":\"https:\\\/\\\/alfawood.gr\\\/#\\\/schema\\\/logo\\\/image\\\/\"},\"sameAs\":[\"https:\\\/\\\/www.facebook.com\\\/alfawood.group\",\"https:\\\/\\\/x.com\\\/ALFAWOODGROUP\",\"https:\\\/\\\/www.instagram.com\\\/alfawood.group\",\"https:\\\/\\\/www.youtube.com\\\/@alfawoodgroup\",\"https:\\\/\\\/www.tiktok.com\\\/@alfawood.group\",\"https:\\\/\\\/vimeo.com\\\/alfawood\",\"https:\\\/\\\/www.linkedin.com\\\/company\\\/alfawoodgroup\",\"https:\\\/\\\/www.pinterest.com\\\/alfawoodgroup\\\/\"]}]}<\/script>\n<!-- \/ Yoast SEO Premium plugin. -->","yoast_head_json":{"title":"Piramida - Suprafete Melaminate Conturi din PAL MDF Pardoseli Usi","robots":{"index":"index","follow":"follow","max-snippet":"max-snippet:-1","max-image-preview":"max-image-preview:large","max-video-preview":"max-video-preview:-1"},"canonical":"https:\/\/alfawood.gr\/ro\/produs\/pyramid","og_locale":"ro_RO","og_type":"article","og_title":"Pyramid","og_url":"https:\/\/alfawood.gr\/ro\/produs\/pyramid","og_site_name":"\u0395\u03c0\u03b9\u03c6\u03ac\u03bd\u03b5\u03b9\u03b5\u03c2 \u039c\u03b5\u03bb\u03b1\u03bc\u03af\u03bd\u03b7\u03c2 MDF \u039c\u03bf\u03c1\u03b9\u03bf\u03c3\u03b1\u03bd\u03af\u03b4\u03b1 \u03a0\u03ac\u03b3\u03ba\u03bf\u03b9 \u0394\u03ac\u03c0\u03b5\u03b4\u03b1 \u03a0\u03cc\u03c1\u03c4\u03b5\u03c2","article_publisher":"https:\/\/www.facebook.com\/alfawood.group","article_modified_time":"2023-04-22T20:20:22+00:00","og_image":[{"width":1457,"height":2000,"url":"https:\/\/alfawood.gr\/wp-content\/uploads\/2023\/03\/PYRAMID.jpg","type":"image\/jpeg"}],"twitter_card":"summary_large_image","twitter_description":"[html_block id=\"21059\"]","twitter_site":"@ALFAWOODGROUP","twitter_misc":{"Timp estimat pentru citire":"1 minut"},"schema":{"@context":"https:\/\/schema.org","@graph":[{"@type":"WebPage","@id":"https:\/\/alfawood.gr\/product\/pyramid\/","url":"https:\/\/alfawood.gr\/product\/pyramid\/","name":"Piramida - Suprafete Melaminate Conturi din PAL MDF Pardoseli Usi","isPartOf":{"@id":"https:\/\/alfawood.gr\/#website"},"primaryImageOfPage":{"@id":"https:\/\/alfawood.gr\/product\/pyramid\/#primaryimage"},"image":{"@id":"https:\/\/alfawood.gr\/product\/pyramid\/#primaryimage"},"thumbnailUrl":"https:\/\/alfawood.gr\/wp-content\/uploads\/2023\/03\/PYRAMID.jpg","datePublished":"2023-03-07T08:21:46+00:00","dateModified":"2023-04-22T20:20:22+00:00","breadcrumb":{"@id":"https:\/\/alfawood.gr\/product\/pyramid\/#breadcrumb"},"inLanguage":"ro-RO","potentialAction":[{"@type":"ReadAction","target":["https:\/\/alfawood.gr\/product\/pyramid\/"]}]},{"@type":"ImageObject","inLanguage":"ro-RO","@id":"https:\/\/alfawood.gr\/product\/pyramid\/#primaryimage","url":"https:\/\/alfawood.gr\/wp-content\/uploads\/2023\/03\/PYRAMID.jpg","contentUrl":"https:\/\/alfawood.gr\/wp-content\/uploads\/2023\/03\/PYRAMID.jpg","width":1457,"height":2000,"caption":"Pyramid - Alfa Veneers Intarsio"},{"@type":"BreadcrumbList","@id":"https:\/\/alfawood.gr\/product\/pyramid\/#breadcrumb","itemListElement":[{"@type":"ListItem","position":1,"name":"Home","item":"https:\/\/alfawood.gr\/"},{"@type":"ListItem","position":2,"name":"\u03a0\u03c1\u03bf\u03ca\u03cc\u03bd\u03c4\u03b1","item":"https:\/\/alfawood.gr\/proionta-wood\/"},{"@type":"ListItem","position":3,"name":"\u0395\u03c0\u03b9\u03c6\u03ac\u03bd\u03b5\u03b9\u03b5\u03c2 \u039a\u03b1\u03c0\u03bb\u03b1\u03bc\u03ac - Alfa Xilo","item":"https:\/\/alfawood.gr\/category\/kaplamas-veneer\/"},{"@type":"ListItem","position":4,"name":"Intarsio","item":"https:\/\/alfawood.gr\/category\/kaplamas-veneer\/intarsio\/"},{"@type":"ListItem","position":5,"name":"Pyramid"}]},{"@type":"WebSite","@id":"https:\/\/alfawood.gr\/#website","url":"https:\/\/alfawood.gr\/","name":"Suprafete melaminate Conturi din PAL MDF Podele Usi","description":"Alfa Wood Group Industria Lemnului","publisher":{"@id":"https:\/\/alfawood.gr\/#organization"},"alternateName":"Melamines - MDF - Laminate - Worktops","potentialAction":[{"@type":"SearchAction","target":{"@type":"EntryPoint","urlTemplate":"https:\/\/alfawood.gr\/?s={search_term_string}"},"query-input":{"@type":"PropertyValueSpecification","valueRequired":true,"valueName":"search_term_string"}}],"inLanguage":"ro-RO"},{"@type":"Organization","@id":"https:\/\/alfawood.gr\/#organization","name":"Grupul Alfa Wood","url":"https:\/\/alfawood.gr\/","logo":{"@type":"ImageObject","inLanguage":"ro-RO","@id":"https:\/\/alfawood.gr\/#\/schema\/logo\/image\/","url":"https:\/\/alfawood.gr\/wp-content\/uploads\/2023\/02\/alfa-wood-logo-1.svg","contentUrl":"https:\/\/alfawood.gr\/wp-content\/uploads\/2023\/02\/alfa-wood-logo-1.svg","width":305,"height":195,"caption":"Alfa Wood Group"},"image":{"@id":"https:\/\/alfawood.gr\/#\/schema\/logo\/image\/"},"sameAs":["https:\/\/www.facebook.com\/alfawood.group","https:\/\/x.com\/ALFAWOODGROUP","https:\/\/www.instagram.com\/alfawood.group","https:\/\/www.youtube.com\/@alfawoodgroup","https:\/\/www.tiktok.com\/@alfawood.group","https:\/\/vimeo.com\/alfawood","https:\/\/www.linkedin.com\/company\/alfawoodgroup","https:\/\/www.pinterest.com\/alfawoodgroup\/"]}]}},"_links":{"self":[{"href":"https:\/\/alfawood.gr\/ro\/wp-json\/wp\/v2\/product\/15476","targetHints":{"allow":["GET"]}}],"collection":[{"href":"https:\/\/alfawood.gr\/ro\/wp-json\/wp\/v2\/product"}],"about":[{"href":"https:\/\/alfawood.gr\/ro\/wp-json\/wp\/v2\/types\/product"}],"version-history":[{"count":0,"href":"https:\/\/alfawood.gr\/ro\/wp-json\/wp\/v2\/product\/15476\/revisions"}],"wp:featuredmedia":[{"embeddable":true,"href":"https:\/\/alfawood.gr\/ro\/wp-json\/wp\/v2\/media\/15478"}],"wp:attachment":[{"href":"https:\/\/alfawood.gr\/ro\/wp-json\/wp\/v2\/media?parent=15476"}],"wp:term":[{"taxonomy":"product_brand","embeddable":true,"href":"https:\/\/alfawood.gr\/ro\/wp-json\/wp\/v2\/product_brand?post=15476"},{"taxonomy":"product_cat","embeddable":true,"href":"https:\/\/alfawood.gr\/ro\/wp-json\/wp\/v2\/product_cat?post=15476"},{"taxonomy":"product_tag","embeddable":true,"href":"https:\/\/alfawood.gr\/ro\/wp-json\/wp\/v2\/product_tag?post=15476"}],"curies":[{"name":"wp","href":"https:\/\/api.w.org\/{rel}","templated":true}]}}