{"id":15587,"date":"2023-03-07T08:23:03","date_gmt":"2023-03-07T08:23:03","guid":{"rendered":"https:\/\/alfawood.gr\/product\/standard-3308\/"},"modified":"2024-06-18T12:29:54","modified_gmt":"2024-06-18T10:29:54","slug":"standard-3308","status":"publish","type":"product","link":"https:\/\/alfawood.gr\/ro\/product\/standard-3308\/","title":{"rendered":"3308 Standard"},"content":{"rendered":"<p>Calitatea \u00eenalt\u0103 \u0219i durabilitatea b\u0103ncilor Standard le fac ideale \u00een afar\u0103 de <a href=\"\/ro\/pagos-kouzinas-alfatops\" target=\"_blank\" rel=\"noopener\">blaturi de buc\u0103t\u0103rie<\/a>, potrivit \u0219i pentru b\u0103i, birouri \u0219i ghi\u0219ee. Texturile de suprafa\u021b\u0103 \u00een imita\u021bie de piatr\u0103 \u0219i marmur\u0103 cu multe combina\u021bii \u00een nuan\u021be \u0219i texturi v\u0103 ofer\u0103 posibilitatea de a alege \u0219i de a crea un stil individual de exprimare cu calitate.<\/p>\n<p>Caracteristici:<\/p>\n<ul>\n<li>Durabil cu rezisten\u021b\u0103 ridicat\u0103 la impact<\/li>\n<li>Rezistent la abraziune<\/li>\n<li>Rezistent la pete<\/li>\n<li>Rezisten\u021b\u0103 puternic\u0103 la condi\u021bii climatice extreme \u0219i la razele UV<\/li>\n<li>Nu se decoloreaz\u0103<\/li>\n<li>Ele ofer\u0103 o protec\u021bie fiabil\u0103 \u0219i durabil\u0103 \u00eempotriva bacteriilor \u0219i ofer\u0103 o alt\u0103 dimensiune igienei \u0219i cur\u0103\u021beniei.<\/li>\n<li>Materiile prime folosite sunt ecologice<\/li>\n<\/ul>\n<p>Raport: R2<\/p>\n<p><a href=\"\/files\/catalogs\/\/ALFASURFACES-BOOK-GR.pdf\" target=\"_blank\" rel=\"noopener\">Vezi catalogul<\/a><\/p>","protected":false},"excerpt":{"rendered":"<p>Banca 3308 din colectia Standard in nuanta de alb se armonizeaza cu cele mai noi nuante de culoare, urmand tendintele esteticii clasice in designul interior. Blatul de buc\u0103t\u0103rie din imita\u021bie de metal este foarte impresionant, la fel ca \u0219i efectul Gloss \u0219i creeaz\u0103 modele unice, conform cerin\u021belor tendin\u021belor moderne.<\/p>\n<p>Modul \u00een care suprafa\u021ba este combinat\u0103 cu alte elemente, precum u\u0219ile \u0219i rafturile, v\u0103 permite s\u0103 crea\u021bi multe combina\u021bii.<\/p>","protected":false},"featured_media":25857,"template":"","meta":{"_acf_changed":false,"inline_featured_image":false,"cybocfi_hide_featured_image":""},"product_brand":[],"product_cat":[112,121],"product_tag":[],"class_list":{"0":"post-15587","1":"product","2":"type-product","3":"status-publish","4":"has-post-thumbnail","6":"product_cat-pagoi-kouzinas","7":"product_cat-standard","9":"first","10":"instock","11":"product-type-simple"},"acf":[],"yoast_head":"<!-- This site is optimized with the Yoast SEO Premium plugin v27.5 (Yoast SEO v27.5) - https:\/\/yoast.com\/product\/yoast-seo-premium-wordpress\/ -->\n<title>3308 Standard - \u0395\u03c0\u03b9\u03c6\u03ac\u03bd\u03b5\u03b9\u03b5\u03c2 \u039c\u03b5\u03bb\u03b1\u03bc\u03af\u03bd\u03b7\u03c2 MDF \u039c\u03bf\u03c1\u03b9\u03bf\u03c3\u03b1\u03bd\u03af\u03b4\u03b1 \u03a0\u03ac\u03b3\u03ba\u03bf\u03b9 \u0394\u03ac\u03c0\u03b5\u03b4\u03b1 \u03a0\u03cc\u03c1\u03c4\u03b5\u03c2<\/title>\n<meta name=\"robots\" content=\"index, follow, max-snippet:-1, max-image-preview:large, max-video-preview:-1\" \/>\n<link rel=\"canonical\" href=\"https:\/\/alfawood.gr\/ro\/produs\/standard-3308\" \/>\n<meta property=\"og:locale\" content=\"ro_RO\" \/>\n<meta property=\"og:type\" content=\"article\" \/>\n<meta property=\"og:title\" content=\"3308 Standard\" \/>\n<meta property=\"og:description\" content=\"O \u03c0\u03ac\u03b3\u03ba\u03bf\u03c2\u00a03308 \u03c4\u03b7\u03c2 \u03c3\u03c5\u03bb\u03bb\u03bf\u03b3\u03ae\u03c2 Standard \u03c3\u03b5 \u03bb\u03b5\u03c5\u03ba\u03ae \u03b1\u03c0\u03cc\u03c7\u03c1\u03c9\u03c3\u03b7 \u03b5\u03bd\u03b1\u03c1\u03bc\u03bf\u03bd\u03af\u03b6\u03b5\u03c4\u03b5 \u03bc\u03b5 \u03c4\u03bf\u03c5\u03c2 \u03c4\u03b5\u03bb\u03b5\u03c5\u03c4\u03b1\u03af\u03bf\u03c5\u03c2 \u03c7\u03c1\u03c9\u03bc\u03b1\u03c4\u03b9\u03ba\u03bf\u03cd\u03c2 \u03c4\u03cc\u03bd\u03bf\u03c5\u03c2, \u03b1\u03ba\u03bf\u03bb\u03bf\u03c5\u03b8\u03ce\u03bd\u03c4\u03b1\u03c2 \u03c4\u03b9\u03c2 \u03c4\u03ac\u03c3\u03b5\u03b9\u03c2 \u03c4\u03b7\u03c2 \u03ba\u03bb\u03b1\u03c3\u03b9\u03ba\u03ae\u03c2 \u03b1\u03b9\u03c3\u03b8\u03b7\u03c4\u03b9\u03ba\u03ae\u03c2 \u03c3\u03c4\u03bf interior design. \u039f \u03c0\u03ac\u03b3\u03ba\u03bf\u03c2 \u03ba\u03bf\u03c5\u03b6\u03af\u03bd\u03b1\u03c2 \u03c3\u03b5 \u03b1\u03c0\u03bf\u03bc\u03af\u03bc\u03b7\u03c3\u03b7 \u03bc\u03b5\u03c4\u03ac\u03bb\u03bb\u03bf\u03c5 \u03b5\u03af\u03bd\u03b1\u03b9 \u03c0\u03bf\u03bb\u03cd \u03b5\u03bd\u03c4\u03c5\u03c0\u03c9\u03c3\u03b9\u03b1\u03ba\u03cc\u03c2, \u03cc\u03c0\u03c9\u03c2 \u03ba\u03b1\u03b9 \u03c4\u03bf Gloss \u03b5\u03c6\u03ad \u03ba\u03b1\u03b9 \u03b4\u03b7\u03bc\u03b9\u03bf\u03c5\u03c1\u03b3\u03b5\u03af \u03bc\u03bf\u03bd\u03b1\u03b4\u03b9\u03ba\u03ac \u03bc\u03bf\u03c4\u03af\u03b2\u03b1, \u03c3\u03cd\u03bc\u03c6\u03c9\u03bd\u03b1 \u03bc\u03b5 \u03c4\u03b9\u03c2 \u03b1\u03c0\u03b1\u03b9\u03c4\u03ae\u03c3\u03b5\u03b9\u03c2 \u03c4\u03c9\u03bd \u03c3\u03cd\u03b3\u03c7\u03c1\u03bf\u03bd\u03c9\u03bd \u03c4\u03ac\u03c3\u03b5\u03c9\u03bd.  \u039f \u03c4\u03c1\u03cc\u03c0\u03bf\u03c2 \u03bc\u03b5 \u03c4\u03bf\u03bd \u03bf\u03c0\u03bf\u03af\u03bf \u03c3\u03c5\u03bd\u03b4\u03c5\u03ac\u03b6\u03b5\u03c4\u03b1\u03b9 \u03b7 \u03b5\u03c0\u03b9\u03c6\u03ac\u03bd\u03b5\u03b9\u03b1 \u03bc\u03b5 \u03ac\u03bb\u03bb\u03b1 \u03c3\u03c4\u03bf\u03b9\u03c7\u03b5\u03af\u03b1, \u03cc\u03c0\u03c9\u03c2 \u03c0\u03cc\u03c1\u03c4\u03b5\u03c2 \u03ba\u03b1\u03b9 \u03c1\u03ac\u03c6\u03b9\u03b1, \u03c3\u03b1\u03c2 \u03b4\u03af\u03bd\u03b5\u03b9 \u03c4\u03b7 \u03b4\u03c5\u03bd\u03b1\u03c4\u03cc\u03c4\u03b7\u03c4\u03b1 \u03bd\u03b1 \u03b4\u03b7\u03bc\u03b9\u03bf\u03c5\u03c1\u03b3\u03ae\u03c3\u03b5\u03c4\u03b5 \u03c0\u03bf\u03bb\u03bb\u03bf\u03cd\u03c2 \u03c3\u03c5\u03bd\u03b4\u03c5\u03b1\u03c3\u03bc\u03bf\u03cd\u03c2.\" \/>\n<meta property=\"og:url\" content=\"https:\/\/alfawood.gr\/ro\/produs\/standard-3308\" \/>\n<meta property=\"og:site_name\" content=\"\u0395\u03c0\u03b9\u03c6\u03ac\u03bd\u03b5\u03b9\u03b5\u03c2 \u039c\u03b5\u03bb\u03b1\u03bc\u03af\u03bd\u03b7\u03c2 MDF \u039c\u03bf\u03c1\u03b9\u03bf\u03c3\u03b1\u03bd\u03af\u03b4\u03b1 \u03a0\u03ac\u03b3\u03ba\u03bf\u03b9 \u0394\u03ac\u03c0\u03b5\u03b4\u03b1 \u03a0\u03cc\u03c1\u03c4\u03b5\u03c2\" \/>\n<meta property=\"article:publisher\" content=\"https:\/\/www.facebook.com\/alfawood.group\" \/>\n<meta property=\"article:modified_time\" content=\"2024-06-18T10:29:54+00:00\" \/>\n<meta property=\"og:image\" content=\"https:\/\/alfawood.gr\/wp-content\/uploads\/2023\/03\/3308-pagkos-kouzinas.jpg\" \/>\n\t<meta property=\"og:image:width\" content=\"1457\" \/>\n\t<meta property=\"og:image:height\" content=\"2000\" \/>\n\t<meta property=\"og:image:type\" content=\"image\/jpeg\" \/>\n<meta name=\"twitter:card\" content=\"summary_large_image\" \/>\n<meta name=\"twitter:site\" content=\"@ALFAWOODGROUP\" \/>\n<meta name=\"twitter:label1\" content=\"Timp estimat pentru citire\" \/>\n\t<meta name=\"twitter:data1\" content=\"1 minut\" \/>\n<script type=\"application\/ld+json\" class=\"yoast-schema-graph\">{\"@context\":\"https:\\\/\\\/schema.org\",\"@graph\":[{\"@type\":\"WebPage\",\"@id\":\"https:\\\/\\\/alfawood.gr\\\/fr\\\/product\\\/standard-3308\\\/\",\"url\":\"https:\\\/\\\/alfawood.gr\\\/fr\\\/product\\\/standard-3308\\\/\",\"name\":\"3308 Standard - \u0395\u03c0\u03b9\u03c6\u03ac\u03bd\u03b5\u03b9\u03b5\u03c2 \u039c\u03b5\u03bb\u03b1\u03bc\u03af\u03bd\u03b7\u03c2 MDF \u039c\u03bf\u03c1\u03b9\u03bf\u03c3\u03b1\u03bd\u03af\u03b4\u03b1 \u03a0\u03ac\u03b3\u03ba\u03bf\u03b9 \u0394\u03ac\u03c0\u03b5\u03b4\u03b1 \u03a0\u03cc\u03c1\u03c4\u03b5\u03c2\",\"isPartOf\":{\"@id\":\"https:\\\/\\\/alfawood.gr\\\/#website\"},\"primaryImageOfPage\":{\"@id\":\"https:\\\/\\\/alfawood.gr\\\/fr\\\/product\\\/standard-3308\\\/#primaryimage\"},\"image\":{\"@id\":\"https:\\\/\\\/alfawood.gr\\\/fr\\\/product\\\/standard-3308\\\/#primaryimage\"},\"thumbnailUrl\":\"https:\\\/\\\/alfawood.gr\\\/wp-content\\\/uploads\\\/2023\\\/03\\\/3308-pagkos-kouzinas.jpg\",\"datePublished\":\"2023-03-07T08:23:03+00:00\",\"dateModified\":\"2024-06-18T10:29:54+00:00\",\"breadcrumb\":{\"@id\":\"https:\\\/\\\/alfawood.gr\\\/fr\\\/product\\\/standard-3308\\\/#breadcrumb\"},\"inLanguage\":\"ro-RO\",\"potentialAction\":[{\"@type\":\"ReadAction\",\"target\":[\"https:\\\/\\\/alfawood.gr\\\/fr\\\/product\\\/standard-3308\\\/\"]}]},{\"@type\":\"ImageObject\",\"inLanguage\":\"ro-RO\",\"@id\":\"https:\\\/\\\/alfawood.gr\\\/fr\\\/product\\\/standard-3308\\\/#primaryimage\",\"url\":\"https:\\\/\\\/alfawood.gr\\\/wp-content\\\/uploads\\\/2023\\\/03\\\/3308-pagkos-kouzinas.jpg\",\"contentUrl\":\"https:\\\/\\\/alfawood.gr\\\/wp-content\\\/uploads\\\/2023\\\/03\\\/3308-pagkos-kouzinas.jpg\",\"width\":1457,\"height\":2000,\"caption\":\"3308-pagkos-kouzinas\"},{\"@type\":\"BreadcrumbList\",\"@id\":\"https:\\\/\\\/alfawood.gr\\\/fr\\\/product\\\/standard-3308\\\/#breadcrumb\",\"itemListElement\":[{\"@type\":\"ListItem\",\"position\":1,\"name\":\"Home\",\"item\":\"https:\\\/\\\/alfawood.gr\\\/\"},{\"@type\":\"ListItem\",\"position\":2,\"name\":\"\u03a0\u03c1\u03bf\u03ca\u03cc\u03bd\u03c4\u03b1\",\"item\":\"https:\\\/\\\/alfawood.gr\\\/proionta-wood\\\/\"},{\"@type\":\"ListItem\",\"position\":3,\"name\":\"Alfa Tops - \u03a0\u03ac\u03b3\u03ba\u03bf\u03b9 \u039a\u03bf\u03c5\u03b6\u03af\u03bd\u03b1\u03c2\",\"item\":\"https:\\\/\\\/alfawood.gr\\\/category\\\/pagoi-kouzinas\\\/\"},{\"@type\":\"ListItem\",\"position\":4,\"name\":\"Standard\",\"item\":\"https:\\\/\\\/alfawood.gr\\\/category\\\/pagoi-kouzinas\\\/standard\\\/\"},{\"@type\":\"ListItem\",\"position\":5,\"name\":\"3308 Standard\"}]},{\"@type\":\"WebSite\",\"@id\":\"https:\\\/\\\/alfawood.gr\\\/#website\",\"url\":\"https:\\\/\\\/alfawood.gr\\\/\",\"name\":\"\u0395\u03c0\u03b9\u03c6\u03ac\u03bd\u03b5\u03b9\u03b5\u03c2 \u039c\u03b5\u03bb\u03b1\u03bc\u03af\u03bd\u03b7\u03c2 MDF \u039c\u03bf\u03c1\u03b9\u03bf\u03c3\u03b1\u03bd\u03af\u03b4\u03b1 \u03a0\u03ac\u03b3\u03ba\u03bf\u03b9 \u0394\u03ac\u03c0\u03b5\u03b4\u03b1 \u03a0\u03cc\u03c1\u03c4\u03b5\u03c2\",\"description\":\"\u0392\u03b9\u03bf\u03bc\u03b7\u03c7\u03b1\u03bd\u03af\u03b1 \u039e\u03cd\u03bb\u03bf\u03c5 Alfa Wood Group\",\"publisher\":{\"@id\":\"https:\\\/\\\/alfawood.gr\\\/#organization\"},\"alternateName\":\"Melamines - MDF - Laminate - Worktops\",\"potentialAction\":[{\"@type\":\"SearchAction\",\"target\":{\"@type\":\"EntryPoint\",\"urlTemplate\":\"https:\\\/\\\/alfawood.gr\\\/?s={search_term_string}\"},\"query-input\":{\"@type\":\"PropertyValueSpecification\",\"valueRequired\":true,\"valueName\":\"search_term_string\"}}],\"inLanguage\":\"ro-RO\"},{\"@type\":\"Organization\",\"@id\":\"https:\\\/\\\/alfawood.gr\\\/#organization\",\"name\":\"Alfa Wood Group\",\"url\":\"https:\\\/\\\/alfawood.gr\\\/\",\"logo\":{\"@type\":\"ImageObject\",\"inLanguage\":\"ro-RO\",\"@id\":\"https:\\\/\\\/alfawood.gr\\\/#\\\/schema\\\/logo\\\/image\\\/\",\"url\":\"https:\\\/\\\/alfawood.gr\\\/wp-content\\\/uploads\\\/2023\\\/02\\\/alfa-wood-logo-1.svg\",\"contentUrl\":\"https:\\\/\\\/alfawood.gr\\\/wp-content\\\/uploads\\\/2023\\\/02\\\/alfa-wood-logo-1.svg\",\"width\":305,\"height\":195,\"caption\":\"Alfa Wood Group\"},\"image\":{\"@id\":\"https:\\\/\\\/alfawood.gr\\\/#\\\/schema\\\/logo\\\/image\\\/\"},\"sameAs\":[\"https:\\\/\\\/www.facebook.com\\\/alfawood.group\",\"https:\\\/\\\/x.com\\\/ALFAWOODGROUP\",\"https:\\\/\\\/www.instagram.com\\\/alfawood.group\",\"https:\\\/\\\/www.youtube.com\\\/@alfawoodgroup\",\"https:\\\/\\\/www.tiktok.com\\\/@alfawood.group\",\"https:\\\/\\\/vimeo.com\\\/alfawood\",\"https:\\\/\\\/www.linkedin.com\\\/company\\\/alfawoodgroup\",\"https:\\\/\\\/www.pinterest.com\\\/alfawoodgroup\\\/\"]}]}<\/script>\n<!-- \/ Yoast SEO Premium plugin. -->","yoast_head_json":{"title":"3308 Standard - Suprafe\u021be melaminate Blaturi din PAL MDF Pardoseli U\u0219i","robots":{"index":"index","follow":"follow","max-snippet":"max-snippet:-1","max-image-preview":"max-image-preview:large","max-video-preview":"max-video-preview:-1"},"canonical":"https:\/\/alfawood.gr\/ro\/produs\/standard-3308","og_locale":"ro_RO","og_type":"article","og_title":"3308 Standard","og_description":"O \u03c0\u03ac\u03b3\u03ba\u03bf\u03c2\u00a03308 \u03c4\u03b7\u03c2 \u03c3\u03c5\u03bb\u03bb\u03bf\u03b3\u03ae\u03c2 Standard \u03c3\u03b5 \u03bb\u03b5\u03c5\u03ba\u03ae \u03b1\u03c0\u03cc\u03c7\u03c1\u03c9\u03c3\u03b7 \u03b5\u03bd\u03b1\u03c1\u03bc\u03bf\u03bd\u03af\u03b6\u03b5\u03c4\u03b5 \u03bc\u03b5 \u03c4\u03bf\u03c5\u03c2 \u03c4\u03b5\u03bb\u03b5\u03c5\u03c4\u03b1\u03af\u03bf\u03c5\u03c2 \u03c7\u03c1\u03c9\u03bc\u03b1\u03c4\u03b9\u03ba\u03bf\u03cd\u03c2 \u03c4\u03cc\u03bd\u03bf\u03c5\u03c2, \u03b1\u03ba\u03bf\u03bb\u03bf\u03c5\u03b8\u03ce\u03bd\u03c4\u03b1\u03c2 \u03c4\u03b9\u03c2 \u03c4\u03ac\u03c3\u03b5\u03b9\u03c2 \u03c4\u03b7\u03c2 \u03ba\u03bb\u03b1\u03c3\u03b9\u03ba\u03ae\u03c2 \u03b1\u03b9\u03c3\u03b8\u03b7\u03c4\u03b9\u03ba\u03ae\u03c2 \u03c3\u03c4\u03bf interior design. \u039f \u03c0\u03ac\u03b3\u03ba\u03bf\u03c2 \u03ba\u03bf\u03c5\u03b6\u03af\u03bd\u03b1\u03c2 \u03c3\u03b5 \u03b1\u03c0\u03bf\u03bc\u03af\u03bc\u03b7\u03c3\u03b7 \u03bc\u03b5\u03c4\u03ac\u03bb\u03bb\u03bf\u03c5 \u03b5\u03af\u03bd\u03b1\u03b9 \u03c0\u03bf\u03bb\u03cd \u03b5\u03bd\u03c4\u03c5\u03c0\u03c9\u03c3\u03b9\u03b1\u03ba\u03cc\u03c2, \u03cc\u03c0\u03c9\u03c2 \u03ba\u03b1\u03b9 \u03c4\u03bf Gloss \u03b5\u03c6\u03ad \u03ba\u03b1\u03b9 \u03b4\u03b7\u03bc\u03b9\u03bf\u03c5\u03c1\u03b3\u03b5\u03af \u03bc\u03bf\u03bd\u03b1\u03b4\u03b9\u03ba\u03ac \u03bc\u03bf\u03c4\u03af\u03b2\u03b1, \u03c3\u03cd\u03bc\u03c6\u03c9\u03bd\u03b1 \u03bc\u03b5 \u03c4\u03b9\u03c2 \u03b1\u03c0\u03b1\u03b9\u03c4\u03ae\u03c3\u03b5\u03b9\u03c2 \u03c4\u03c9\u03bd \u03c3\u03cd\u03b3\u03c7\u03c1\u03bf\u03bd\u03c9\u03bd \u03c4\u03ac\u03c3\u03b5\u03c9\u03bd.  \u039f \u03c4\u03c1\u03cc\u03c0\u03bf\u03c2 \u03bc\u03b5 \u03c4\u03bf\u03bd \u03bf\u03c0\u03bf\u03af\u03bf \u03c3\u03c5\u03bd\u03b4\u03c5\u03ac\u03b6\u03b5\u03c4\u03b1\u03b9 \u03b7 \u03b5\u03c0\u03b9\u03c6\u03ac\u03bd\u03b5\u03b9\u03b1 \u03bc\u03b5 \u03ac\u03bb\u03bb\u03b1 \u03c3\u03c4\u03bf\u03b9\u03c7\u03b5\u03af\u03b1, \u03cc\u03c0\u03c9\u03c2 \u03c0\u03cc\u03c1\u03c4\u03b5\u03c2 \u03ba\u03b1\u03b9 \u03c1\u03ac\u03c6\u03b9\u03b1, \u03c3\u03b1\u03c2 \u03b4\u03af\u03bd\u03b5\u03b9 \u03c4\u03b7 \u03b4\u03c5\u03bd\u03b1\u03c4\u03cc\u03c4\u03b7\u03c4\u03b1 \u03bd\u03b1 \u03b4\u03b7\u03bc\u03b9\u03bf\u03c5\u03c1\u03b3\u03ae\u03c3\u03b5\u03c4\u03b5 \u03c0\u03bf\u03bb\u03bb\u03bf\u03cd\u03c2 \u03c3\u03c5\u03bd\u03b4\u03c5\u03b1\u03c3\u03bc\u03bf\u03cd\u03c2.","og_url":"https:\/\/alfawood.gr\/ro\/produs\/standard-3308","og_site_name":"\u0395\u03c0\u03b9\u03c6\u03ac\u03bd\u03b5\u03b9\u03b5\u03c2 \u039c\u03b5\u03bb\u03b1\u03bc\u03af\u03bd\u03b7\u03c2 MDF \u039c\u03bf\u03c1\u03b9\u03bf\u03c3\u03b1\u03bd\u03af\u03b4\u03b1 \u03a0\u03ac\u03b3\u03ba\u03bf\u03b9 \u0394\u03ac\u03c0\u03b5\u03b4\u03b1 \u03a0\u03cc\u03c1\u03c4\u03b5\u03c2","article_publisher":"https:\/\/www.facebook.com\/alfawood.group","article_modified_time":"2024-06-18T10:29:54+00:00","og_image":[{"width":1457,"height":2000,"url":"https:\/\/alfawood.gr\/wp-content\/uploads\/2023\/03\/3308-pagkos-kouzinas.jpg","type":"image\/jpeg"}],"twitter_card":"summary_large_image","twitter_site":"@ALFAWOODGROUP","twitter_misc":{"Timp estimat pentru citire":"1 minut"},"schema":{"@context":"https:\/\/schema.org","@graph":[{"@type":"WebPage","@id":"https:\/\/alfawood.gr\/fr\/product\/standard-3308\/","url":"https:\/\/alfawood.gr\/fr\/product\/standard-3308\/","name":"3308 Standard - Suprafe\u021be melaminate Blaturi din PAL MDF Pardoseli U\u0219i","isPartOf":{"@id":"https:\/\/alfawood.gr\/#website"},"primaryImageOfPage":{"@id":"https:\/\/alfawood.gr\/fr\/product\/standard-3308\/#primaryimage"},"image":{"@id":"https:\/\/alfawood.gr\/fr\/product\/standard-3308\/#primaryimage"},"thumbnailUrl":"https:\/\/alfawood.gr\/wp-content\/uploads\/2023\/03\/3308-pagkos-kouzinas.jpg","datePublished":"2023-03-07T08:23:03+00:00","dateModified":"2024-06-18T10:29:54+00:00","breadcrumb":{"@id":"https:\/\/alfawood.gr\/fr\/product\/standard-3308\/#breadcrumb"},"inLanguage":"ro-RO","potentialAction":[{"@type":"ReadAction","target":["https:\/\/alfawood.gr\/fr\/product\/standard-3308\/"]}]},{"@type":"ImageObject","inLanguage":"ro-RO","@id":"https:\/\/alfawood.gr\/fr\/product\/standard-3308\/#primaryimage","url":"https:\/\/alfawood.gr\/wp-content\/uploads\/2023\/03\/3308-pagkos-kouzinas.jpg","contentUrl":"https:\/\/alfawood.gr\/wp-content\/uploads\/2023\/03\/3308-pagkos-kouzinas.jpg","width":1457,"height":2000,"caption":"3308-pagkos-kouzinas"},{"@type":"BreadcrumbList","@id":"https:\/\/alfawood.gr\/fr\/product\/standard-3308\/#breadcrumb","itemListElement":[{"@type":"ListItem","position":1,"name":"Home","item":"https:\/\/alfawood.gr\/"},{"@type":"ListItem","position":2,"name":"\u03a0\u03c1\u03bf\u03ca\u03cc\u03bd\u03c4\u03b1","item":"https:\/\/alfawood.gr\/proionta-wood\/"},{"@type":"ListItem","position":3,"name":"Alfa Tops - \u03a0\u03ac\u03b3\u03ba\u03bf\u03b9 \u039a\u03bf\u03c5\u03b6\u03af\u03bd\u03b1\u03c2","item":"https:\/\/alfawood.gr\/category\/pagoi-kouzinas\/"},{"@type":"ListItem","position":4,"name":"Standard","item":"https:\/\/alfawood.gr\/category\/pagoi-kouzinas\/standard\/"},{"@type":"ListItem","position":5,"name":"3308 Standard"}]},{"@type":"WebSite","@id":"https:\/\/alfawood.gr\/#website","url":"https:\/\/alfawood.gr\/","name":"Suprafete melaminate Conturi din PAL MDF Podele Usi","description":"Alfa Wood Group Industria Lemnului","publisher":{"@id":"https:\/\/alfawood.gr\/#organization"},"alternateName":"Melamines - MDF - Laminate - Worktops","potentialAction":[{"@type":"SearchAction","target":{"@type":"EntryPoint","urlTemplate":"https:\/\/alfawood.gr\/?s={search_term_string}"},"query-input":{"@type":"PropertyValueSpecification","valueRequired":true,"valueName":"search_term_string"}}],"inLanguage":"ro-RO"},{"@type":"Organization","@id":"https:\/\/alfawood.gr\/#organization","name":"Grupul Alfa Wood","url":"https:\/\/alfawood.gr\/","logo":{"@type":"ImageObject","inLanguage":"ro-RO","@id":"https:\/\/alfawood.gr\/#\/schema\/logo\/image\/","url":"https:\/\/alfawood.gr\/wp-content\/uploads\/2023\/02\/alfa-wood-logo-1.svg","contentUrl":"https:\/\/alfawood.gr\/wp-content\/uploads\/2023\/02\/alfa-wood-logo-1.svg","width":305,"height":195,"caption":"Alfa Wood Group"},"image":{"@id":"https:\/\/alfawood.gr\/#\/schema\/logo\/image\/"},"sameAs":["https:\/\/www.facebook.com\/alfawood.group","https:\/\/x.com\/ALFAWOODGROUP","https:\/\/www.instagram.com\/alfawood.group","https:\/\/www.youtube.com\/@alfawoodgroup","https:\/\/www.tiktok.com\/@alfawood.group","https:\/\/vimeo.com\/alfawood","https:\/\/www.linkedin.com\/company\/alfawoodgroup","https:\/\/www.pinterest.com\/alfawoodgroup\/"]}]}},"_links":{"self":[{"href":"https:\/\/alfawood.gr\/ro\/wp-json\/wp\/v2\/product\/15587","targetHints":{"allow":["GET"]}}],"collection":[{"href":"https:\/\/alfawood.gr\/ro\/wp-json\/wp\/v2\/product"}],"about":[{"href":"https:\/\/alfawood.gr\/ro\/wp-json\/wp\/v2\/types\/product"}],"version-history":[{"count":0,"href":"https:\/\/alfawood.gr\/ro\/wp-json\/wp\/v2\/product\/15587\/revisions"}],"wp:featuredmedia":[{"embeddable":true,"href":"https:\/\/alfawood.gr\/ro\/wp-json\/wp\/v2\/media\/25857"}],"wp:attachment":[{"href":"https:\/\/alfawood.gr\/ro\/wp-json\/wp\/v2\/media?parent=15587"}],"wp:term":[{"taxonomy":"product_brand","embeddable":true,"href":"https:\/\/alfawood.gr\/ro\/wp-json\/wp\/v2\/product_brand?post=15587"},{"taxonomy":"product_cat","embeddable":true,"href":"https:\/\/alfawood.gr\/ro\/wp-json\/wp\/v2\/product_cat?post=15587"},{"taxonomy":"product_tag","embeddable":true,"href":"https:\/\/alfawood.gr\/ro\/wp-json\/wp\/v2\/product_tag?post=15587"}],"curies":[{"name":"wp","href":"https:\/\/api.w.org\/{rel}","templated":true}]}}