{"id":15765,"date":"2023-03-07T08:24:56","date_gmt":"2023-03-07T08:24:56","guid":{"rendered":"https:\/\/alfawood.gr\/product\/wpc-%cf%80%ce%b5%cf%81%ce%af%cf%86%cf%81%ce%b1%ce%be%ce%b7-%ce%ba%ce%b1%cf%86%ce%ad-%ce%b1%ce%bd%ce%bf%ce%b9%cf%87%cf%84%cf%8c-p02\/"},"modified":"2023-04-07T21:19:55","modified_gmt":"2023-04-07T21:19:55","slug":"wpc-%cf%80%ce%b5%cf%81%ce%af%cf%86%cf%81%ce%b1%ce%be%ce%b7-%ce%ba%ce%b1%cf%86%ce%ad-%ce%b1%ce%bd%ce%bf%ce%b9%cf%87%cf%84%cf%8c-p02","status":"publish","type":"product","link":"https:\/\/alfawood.gr\/ro\/product\/wpc-%cf%80%ce%b5%cf%81%ce%af%cf%86%cf%81%ce%b1%ce%be%ce%b7-%ce%ba%ce%b1%cf%86%ce%ad-%ce%b1%ce%bd%ce%bf%ce%b9%cf%87%cf%84%cf%8c-p02\/","title":{"rendered":"WPC gard maro deschis P02"},"content":{"rendered":"<p>Pardoselile sintetice din WPC (Wood-Plastic Composite) (WPC DECK) sunt un produs inovator si sunt solutia ideala de pardoseala sau imprejmuire pentru zonele exterioare precum piscine, terase, gradini, garduri, garduri, terase etc. ca \u00een interior. Compozi\u021bia lor (lemn 60% \u2013 40% HDPE) le permite s\u0103 \u00eembine frumuse\u021bea lemnului natural cu avantajele plasticului.<\/p>\n<p>Cu garduri Deck sau WPC, v\u0103 pute\u021bi re\u00eennoi spa\u021biul cu un material durabil \u0219i u\u0219or de utilizat. \u00cen plus, ofer\u0103 o gam\u0103 larg\u0103 de modele \u0219i culori pentru a crea un design unic \u0219i atractiv.<\/p>\n<p>\u00cen cele din urm\u0103, pardoseala WPC, precum \u0219i gardul WPC este o alegere economic\u0103, deoarece are o durat\u0103 de via\u021b\u0103 lung\u0103 \u0219i nu necesit\u0103 \u00eentre\u021binere precum podelele tradi\u021bionale din lemn.<\/p>\n<p><strong>Utiliz\u0103ri<\/strong><br \/>Terasele exterioare sunt folosite in piscine, terase, gradini, parcuri si in general in toate zonele exterioare care sunt expuse conditiilor de mediu. Este \u00eenc\u0103 folosit \u00een zone interioare cu umiditate, cum ar fi b\u0103i \u0219i buc\u0103t\u0103rii.<\/p>\n<p><strong>\u00cengrijire<\/strong><br \/>Dizolva\u021bi s\u0103punul lichid de vase \u00een ap\u0103 cald\u0103, freca\u021bi cu o m\u0103tur\u0103 \u0219i cl\u0103ti\u021bi cu ap\u0103 curat\u0103.<\/p>\n\n\n<p><strong>Dimensiuni<\/strong> <strong>Panou<\/strong><br><strong>PLATOU WPC:<\/strong> 25 x 150 x 4000 mm -  <strong>Garduri din WPC: <\/strong>20 x 120 x 3600 mm -  <strong>WPC<\/strong> <strong>Punte comercial\u0103: <\/strong>22 x 140 x 4000 mm<\/p>\n\n\n\n<p><\/p>","protected":false},"excerpt":{"rendered":"<p>Gardul sintetic WPC \u00eentr-o nuan\u021b\u0103 de maro deschis este acum recomandat \u00een locul lemnului at\u00e2t datorit\u0103 pre\u021bului, c\u00e2t \u0219i a calit\u0103\u021bii superioare, deoarece nu necesit\u0103 \u00eentre\u021binerea de care are nevoie lemnul.<\/p>\n<p>Garma sintetic\u0103 este viitorul \u00een domeniul s\u0103u \u0219i \u201ecapteaz\u0103 din ce \u00een ce mai mult inimile\u201d at\u00e2t profesioni\u0219tilor, c\u00e2t \u0219i persoanelor fizice.<\/p>","protected":false},"featured_media":15767,"template":"","meta":{"_acf_changed":false,"inline_featured_image":false,"cybocfi_hide_featured_image":""},"product_brand":[],"product_cat":[796,88,181],"product_tag":[],"class_list":{"0":"post-15765","1":"product","2":"type-product","3":"status-publish","4":"has-post-thumbnail","6":"product_cat-wpc-perifraksi","7":"product_cat-dapeda","8":"product_cat-eksoterikou-xorou","10":"first","11":"instock","12":"product-type-simple"},"acf":[],"yoast_head":"<!-- This site is optimized with the Yoast SEO Premium plugin v27.3 (Yoast SEO v27.3) - https:\/\/yoast.com\/product\/yoast-seo-premium-wordpress\/ -->\n<title>WPC \u03a0\u03b5\u03c1\u03af\u03c6\u03c1\u03b1\u03be\u03b7 \u039a\u03b1\u03c6\u03ad \u0391\u03bd\u03bf\u03b9\u03c7\u03c4\u03cc P02 - \u0395\u03c0\u03b9\u03c6\u03ac\u03bd\u03b5\u03b9\u03b5\u03c2 \u039c\u03b5\u03bb\u03b1\u03bc\u03af\u03bd\u03b7\u03c2 MDF \u039c\u03bf\u03c1\u03b9\u03bf\u03c3\u03b1\u03bd\u03af\u03b4\u03b1 \u03a0\u03ac\u03b3\u03ba\u03bf\u03b9 \u0394\u03ac\u03c0\u03b5\u03b4\u03b1 \u03a0\u03cc\u03c1\u03c4\u03b5\u03c2<\/title>\n<meta name=\"robots\" content=\"index, follow, max-snippet:-1, max-image-preview:large, max-video-preview:-1\" \/>\n<link rel=\"canonical\" href=\"https:\/\/alfawood.gr\/ro\/produs\/wpc-\u03c0\u03b5\u03c1\u03af\u03c6\u03c1\u03b1\u03be\u03b7-\u03ba\u03b1\u03c6\u03ad-\u03b1\u03bd\u03bf\u03b9\u03c7\u03c4\u03cc-p02\" \/>\n<meta property=\"og:locale\" content=\"ro_RO\" \/>\n<meta property=\"og:type\" content=\"article\" \/>\n<meta property=\"og:title\" content=\"WPC \u03a0\u03b5\u03c1\u03af\u03c6\u03c1\u03b1\u03be\u03b7 \u039a\u03b1\u03c6\u03ad \u0391\u03bd\u03bf\u03b9\u03c7\u03c4\u03cc P02\" \/>\n<meta property=\"og:description\" content=\"H \u03c3\u03c5\u03bd\u03b8\u03b5\u03c4\u03b9\u03ba\u03ae \u03c0\u03b5\u03c1\u03af\u03c6\u03c1\u03b1\u03be\u03b7 WPC \u03c3\u03b5 \u03b1\u03bd\u03bf\u03b9\u03c7\u03c4\u03ae \u03ba\u03b1\u03c6\u03ad \u03b1\u03c0\u03cc\u03c7\u03c1\u03c9\u03c3\u03b7 \u03c0\u03c1\u03bf\u03c4\u03b5\u03af\u03bd\u03b5\u03c4\u03b1\u03b9 \u03c0\u03bb\u03ad\u03bf\u03bd \u03b1\u03bd\u03c4\u03af \u03b3\u03b9\u03b1 \u03be\u03cd\u03bb\u03bf \u03c4\u03cc\u03c3\u03bf \u03bb\u03cc\u03b3\u03c9 \u03c4\u03b7\u03c2 \u03c4\u03b9\u03bc\u03ae\u03c2 \u03cc\u03c3\u03bf \u03ba\u03b1\u03b9 \u03c4\u03b7\u03c2 \u03ba\u03bf\u03c1\u03c5\u03c6\u03b1\u03af\u03b1\u03c2 \u03c0\u03bf\u03b9\u03cc\u03c4\u03b7\u03c4\u03b1\u03c2 \u03ba\u03b1\u03b8\u03ce\u03c2 \u03b4\u03b5\u03bd \u03c7\u03c1\u03b5\u03b9\u03ac\u03b6\u03b5\u03c4\u03b1\u03b9 \u03c4\u03b7 \u03c3\u03c5\u03bd\u03c4\u03ae\u03c1\u03b7\u03c3\u03b7 \u03c0\u03bf\u03c5 \u03c7\u03c1\u03b5\u03b9\u03ac\u03b6\u03b5\u03c4\u03b1\u03b9 \u03c4\u03bf \u03be\u03cd\u03bb\u03bf.  \u0397 \u03c3\u03c5\u03bd\u03b8\u03b5\u03c4\u03b9\u03ba\u03ae \u03c0\u03b5\u03c1\u03af\u03c6\u03c1\u03b1\u03be\u03b7 \u03b5\u03af\u03bd\u03b1\u03b9 \u03c4\u03bf \u03bc\u03ad\u03bb\u03bb\u03bf\u03bd \u03c3\u03c4\u03bf \u03c7\u03ce\u03c1\u03bf \u03c4\u03b7\u03c2 \u03ba\u03b1\u03b9 \u03cc\u03bb\u03bf \u03ba\u03b1\u03b9 \u03c0\u03b5\u03c1\u03b9\u03c3\u03c3\u03cc\u03c4\u03b5\u03c1\u03bf \u201c\u03ba\u03b1\u03c4\u03b1\u03bb\u03b1\u03bc\u03b2\u03ac\u03bd\u03b5\u03b9 \u03c4\u03b9\u03c2 \u03ba\u03b1\u03c1\u03b4\u03b9\u03ad\u03c2\u201d \u03c4\u03cc\u03c3\u03bf \u03c4\u03c9\u03bd \u03b5\u03c0\u03b1\u03b3\u03b3\u03b5\u03bb\u03bc\u03b1\u03c4\u03b9\u03ce\u03bd \u03cc\u03c3\u03bf \u03ba\u03b1\u03b9 \u03c4\u03c9\u03bd \u03b9\u03b4\u03b9\u03c9\u03c4\u03ce\u03bd.\" \/>\n<meta property=\"og:url\" content=\"https:\/\/alfawood.gr\/ro\/produs\/wpc-\u03c0\u03b5\u03c1\u03af\u03c6\u03c1\u03b1\u03be\u03b7-\u03ba\u03b1\u03c6\u03ad-\u03b1\u03bd\u03bf\u03b9\u03c7\u03c4\u03cc-p02\" \/>\n<meta property=\"og:site_name\" content=\"\u0395\u03c0\u03b9\u03c6\u03ac\u03bd\u03b5\u03b9\u03b5\u03c2 \u039c\u03b5\u03bb\u03b1\u03bc\u03af\u03bd\u03b7\u03c2 MDF \u039c\u03bf\u03c1\u03b9\u03bf\u03c3\u03b1\u03bd\u03af\u03b4\u03b1 \u03a0\u03ac\u03b3\u03ba\u03bf\u03b9 \u0394\u03ac\u03c0\u03b5\u03b4\u03b1 \u03a0\u03cc\u03c1\u03c4\u03b5\u03c2\" \/>\n<meta property=\"article:publisher\" content=\"https:\/\/www.facebook.com\/alfawood.group\" \/>\n<meta property=\"article:modified_time\" content=\"2023-04-07T21:19:55+00:00\" \/>\n<meta property=\"og:image\" content=\"https:\/\/alfawood.gr\/wp-content\/uploads\/2023\/03\/FENCE-LIGHT-BROWN-P02.jpg\" \/>\n\t<meta property=\"og:image:width\" content=\"600\" \/>\n\t<meta property=\"og:image:height\" content=\"824\" \/>\n\t<meta property=\"og:image:type\" content=\"image\/jpeg\" \/>\n<meta name=\"twitter:card\" content=\"summary_large_image\" \/>\n<meta name=\"twitter:site\" content=\"@ALFAWOODGROUP\" \/>\n<meta name=\"twitter:label1\" content=\"Timp estimat pentru citire\" \/>\n\t<meta name=\"twitter:data1\" content=\"1 minut\" \/>\n<script type=\"application\/ld+json\" class=\"yoast-schema-graph\">{\"@context\":\"https:\\\/\\\/schema.org\",\"@graph\":[{\"@type\":\"WebPage\",\"@id\":\"https:\\\/\\\/alfawood.gr\\\/product\\\/wpc-%cf%80%ce%b5%cf%81%ce%af%cf%86%cf%81%ce%b1%ce%be%ce%b7-%ce%ba%ce%b1%cf%86%ce%ad-%ce%b1%ce%bd%ce%bf%ce%b9%cf%87%cf%84%cf%8c-p02\\\/\",\"url\":\"https:\\\/\\\/alfawood.gr\\\/product\\\/wpc-%cf%80%ce%b5%cf%81%ce%af%cf%86%cf%81%ce%b1%ce%be%ce%b7-%ce%ba%ce%b1%cf%86%ce%ad-%ce%b1%ce%bd%ce%bf%ce%b9%cf%87%cf%84%cf%8c-p02\\\/\",\"name\":\"WPC \u03a0\u03b5\u03c1\u03af\u03c6\u03c1\u03b1\u03be\u03b7 \u039a\u03b1\u03c6\u03ad \u0391\u03bd\u03bf\u03b9\u03c7\u03c4\u03cc P02 - \u0395\u03c0\u03b9\u03c6\u03ac\u03bd\u03b5\u03b9\u03b5\u03c2 \u039c\u03b5\u03bb\u03b1\u03bc\u03af\u03bd\u03b7\u03c2 MDF \u039c\u03bf\u03c1\u03b9\u03bf\u03c3\u03b1\u03bd\u03af\u03b4\u03b1 \u03a0\u03ac\u03b3\u03ba\u03bf\u03b9 \u0394\u03ac\u03c0\u03b5\u03b4\u03b1 \u03a0\u03cc\u03c1\u03c4\u03b5\u03c2\",\"isPartOf\":{\"@id\":\"https:\\\/\\\/alfawood.gr\\\/#website\"},\"primaryImageOfPage\":{\"@id\":\"https:\\\/\\\/alfawood.gr\\\/product\\\/wpc-%cf%80%ce%b5%cf%81%ce%af%cf%86%cf%81%ce%b1%ce%be%ce%b7-%ce%ba%ce%b1%cf%86%ce%ad-%ce%b1%ce%bd%ce%bf%ce%b9%cf%87%cf%84%cf%8c-p02\\\/#primaryimage\"},\"image\":{\"@id\":\"https:\\\/\\\/alfawood.gr\\\/product\\\/wpc-%cf%80%ce%b5%cf%81%ce%af%cf%86%cf%81%ce%b1%ce%be%ce%b7-%ce%ba%ce%b1%cf%86%ce%ad-%ce%b1%ce%bd%ce%bf%ce%b9%cf%87%cf%84%cf%8c-p02\\\/#primaryimage\"},\"thumbnailUrl\":\"https:\\\/\\\/alfawood.gr\\\/wp-content\\\/uploads\\\/2023\\\/03\\\/FENCE-LIGHT-BROWN-P02.jpg\",\"datePublished\":\"2023-03-07T08:24:56+00:00\",\"dateModified\":\"2023-04-07T21:19:55+00:00\",\"breadcrumb\":{\"@id\":\"https:\\\/\\\/alfawood.gr\\\/product\\\/wpc-%cf%80%ce%b5%cf%81%ce%af%cf%86%cf%81%ce%b1%ce%be%ce%b7-%ce%ba%ce%b1%cf%86%ce%ad-%ce%b1%ce%bd%ce%bf%ce%b9%cf%87%cf%84%cf%8c-p02\\\/#breadcrumb\"},\"inLanguage\":\"ro-RO\",\"potentialAction\":[{\"@type\":\"ReadAction\",\"target\":[\"https:\\\/\\\/alfawood.gr\\\/product\\\/wpc-%cf%80%ce%b5%cf%81%ce%af%cf%86%cf%81%ce%b1%ce%be%ce%b7-%ce%ba%ce%b1%cf%86%ce%ad-%ce%b1%ce%bd%ce%bf%ce%b9%cf%87%cf%84%cf%8c-p02\\\/\"]}]},{\"@type\":\"ImageObject\",\"inLanguage\":\"ro-RO\",\"@id\":\"https:\\\/\\\/alfawood.gr\\\/product\\\/wpc-%cf%80%ce%b5%cf%81%ce%af%cf%86%cf%81%ce%b1%ce%be%ce%b7-%ce%ba%ce%b1%cf%86%ce%ad-%ce%b1%ce%bd%ce%bf%ce%b9%cf%87%cf%84%cf%8c-p02\\\/#primaryimage\",\"url\":\"https:\\\/\\\/alfawood.gr\\\/wp-content\\\/uploads\\\/2023\\\/03\\\/FENCE-LIGHT-BROWN-P02.jpg\",\"contentUrl\":\"https:\\\/\\\/alfawood.gr\\\/wp-content\\\/uploads\\\/2023\\\/03\\\/FENCE-LIGHT-BROWN-P02.jpg\",\"width\":600,\"height\":824,\"caption\":\"WPC \u03a0\u03b5\u03c1\u03af\u03c6\u03c1\u03b1\u03be\u03b7 \u039a\u03b1\u03c6\u03ad \u0391\u03bd\u03bf\u03b9\u03c7\u03c4\u03cc P02 - Alfa Flooring WPC DECK \\\/ \u03a0\u0395\u03a1\u0399\u03a6\u03a1\u0391\u039e\u0397\"},{\"@type\":\"BreadcrumbList\",\"@id\":\"https:\\\/\\\/alfawood.gr\\\/product\\\/wpc-%cf%80%ce%b5%cf%81%ce%af%cf%86%cf%81%ce%b1%ce%be%ce%b7-%ce%ba%ce%b1%cf%86%ce%ad-%ce%b1%ce%bd%ce%bf%ce%b9%cf%87%cf%84%cf%8c-p02\\\/#breadcrumb\",\"itemListElement\":[{\"@type\":\"ListItem\",\"position\":1,\"name\":\"Home\",\"item\":\"https:\\\/\\\/alfawood.gr\\\/\"},{\"@type\":\"ListItem\",\"position\":2,\"name\":\"\u03a0\u03c1\u03bf\u03ca\u03cc\u03bd\u03c4\u03b1\",\"item\":\"https:\\\/\\\/alfawood.gr\\\/proionta-wood\\\/\"},{\"@type\":\"ListItem\",\"position\":3,\"name\":\"\u0394\u03ac\u03c0\u03b5\u03b4\u03b1 - Alfa Flooring\",\"item\":\"https:\\\/\\\/alfawood.gr\\\/category\\\/dapeda\\\/\"},{\"@type\":\"ListItem\",\"position\":4,\"name\":\"WPC \u03a0\u03b5\u03c1\u03af\u03c6\u03c1\u03b1\u03be\u03b7 \u039a\u03b1\u03c6\u03ad \u0391\u03bd\u03bf\u03b9\u03c7\u03c4\u03cc P02\"}]},{\"@type\":\"WebSite\",\"@id\":\"https:\\\/\\\/alfawood.gr\\\/#website\",\"url\":\"https:\\\/\\\/alfawood.gr\\\/\",\"name\":\"\u0395\u03c0\u03b9\u03c6\u03ac\u03bd\u03b5\u03b9\u03b5\u03c2 \u039c\u03b5\u03bb\u03b1\u03bc\u03af\u03bd\u03b7\u03c2 MDF \u039c\u03bf\u03c1\u03b9\u03bf\u03c3\u03b1\u03bd\u03af\u03b4\u03b1 \u03a0\u03ac\u03b3\u03ba\u03bf\u03b9 \u0394\u03ac\u03c0\u03b5\u03b4\u03b1 \u03a0\u03cc\u03c1\u03c4\u03b5\u03c2\",\"description\":\"\u0392\u03b9\u03bf\u03bc\u03b7\u03c7\u03b1\u03bd\u03af\u03b1 \u039e\u03cd\u03bb\u03bf\u03c5 Alfa Wood Group\",\"publisher\":{\"@id\":\"https:\\\/\\\/alfawood.gr\\\/#organization\"},\"alternateName\":\"Melamines - MDF - Laminate - Worktops\",\"potentialAction\":[{\"@type\":\"SearchAction\",\"target\":{\"@type\":\"EntryPoint\",\"urlTemplate\":\"https:\\\/\\\/alfawood.gr\\\/?s={search_term_string}\"},\"query-input\":{\"@type\":\"PropertyValueSpecification\",\"valueRequired\":true,\"valueName\":\"search_term_string\"}}],\"inLanguage\":\"ro-RO\"},{\"@type\":\"Organization\",\"@id\":\"https:\\\/\\\/alfawood.gr\\\/#organization\",\"name\":\"Alfa Wood Group\",\"url\":\"https:\\\/\\\/alfawood.gr\\\/\",\"logo\":{\"@type\":\"ImageObject\",\"inLanguage\":\"ro-RO\",\"@id\":\"https:\\\/\\\/alfawood.gr\\\/#\\\/schema\\\/logo\\\/image\\\/\",\"url\":\"https:\\\/\\\/alfawood.gr\\\/wp-content\\\/uploads\\\/2023\\\/02\\\/alfa-wood-logo-1.svg\",\"contentUrl\":\"https:\\\/\\\/alfawood.gr\\\/wp-content\\\/uploads\\\/2023\\\/02\\\/alfa-wood-logo-1.svg\",\"width\":305,\"height\":195,\"caption\":\"Alfa Wood Group\"},\"image\":{\"@id\":\"https:\\\/\\\/alfawood.gr\\\/#\\\/schema\\\/logo\\\/image\\\/\"},\"sameAs\":[\"https:\\\/\\\/www.facebook.com\\\/alfawood.group\",\"https:\\\/\\\/x.com\\\/ALFAWOODGROUP\",\"https:\\\/\\\/www.instagram.com\\\/alfawood.group\",\"https:\\\/\\\/www.youtube.com\\\/@alfawoodgroup\",\"https:\\\/\\\/www.tiktok.com\\\/@alfawood.group\",\"https:\\\/\\\/vimeo.com\\\/alfawood\",\"https:\\\/\\\/www.linkedin.com\\\/company\\\/alfawoodgroup\",\"https:\\\/\\\/www.pinterest.com\\\/alfawoodgroup\\\/\"]}]}<\/script>\n<!-- \/ Yoast SEO Premium plugin. -->","yoast_head_json":{"title":"Garduri WPC maro deschis P02 - Suprafete melaminate Tejghele din PAL MDF Podele Usi","robots":{"index":"index","follow":"follow","max-snippet":"max-snippet:-1","max-image-preview":"max-image-preview:large","max-video-preview":"max-video-preview:-1"},"canonical":"https:\/\/alfawood.gr\/ro\/produs\/wpc-\u03c0\u03b5\u03c1\u03af\u03c6\u03c1\u03b1\u03be\u03b7-\u03ba\u03b1\u03c6\u03ad-\u03b1\u03bd\u03bf\u03b9\u03c7\u03c4\u03cc-p02","og_locale":"ro_RO","og_type":"article","og_title":"WPC \u03a0\u03b5\u03c1\u03af\u03c6\u03c1\u03b1\u03be\u03b7 \u039a\u03b1\u03c6\u03ad \u0391\u03bd\u03bf\u03b9\u03c7\u03c4\u03cc P02","og_description":"H \u03c3\u03c5\u03bd\u03b8\u03b5\u03c4\u03b9\u03ba\u03ae \u03c0\u03b5\u03c1\u03af\u03c6\u03c1\u03b1\u03be\u03b7 WPC \u03c3\u03b5 \u03b1\u03bd\u03bf\u03b9\u03c7\u03c4\u03ae \u03ba\u03b1\u03c6\u03ad \u03b1\u03c0\u03cc\u03c7\u03c1\u03c9\u03c3\u03b7 \u03c0\u03c1\u03bf\u03c4\u03b5\u03af\u03bd\u03b5\u03c4\u03b1\u03b9 \u03c0\u03bb\u03ad\u03bf\u03bd \u03b1\u03bd\u03c4\u03af \u03b3\u03b9\u03b1 \u03be\u03cd\u03bb\u03bf \u03c4\u03cc\u03c3\u03bf \u03bb\u03cc\u03b3\u03c9 \u03c4\u03b7\u03c2 \u03c4\u03b9\u03bc\u03ae\u03c2 \u03cc\u03c3\u03bf \u03ba\u03b1\u03b9 \u03c4\u03b7\u03c2 \u03ba\u03bf\u03c1\u03c5\u03c6\u03b1\u03af\u03b1\u03c2 \u03c0\u03bf\u03b9\u03cc\u03c4\u03b7\u03c4\u03b1\u03c2 \u03ba\u03b1\u03b8\u03ce\u03c2 \u03b4\u03b5\u03bd \u03c7\u03c1\u03b5\u03b9\u03ac\u03b6\u03b5\u03c4\u03b1\u03b9 \u03c4\u03b7 \u03c3\u03c5\u03bd\u03c4\u03ae\u03c1\u03b7\u03c3\u03b7 \u03c0\u03bf\u03c5 \u03c7\u03c1\u03b5\u03b9\u03ac\u03b6\u03b5\u03c4\u03b1\u03b9 \u03c4\u03bf \u03be\u03cd\u03bb\u03bf.  \u0397 \u03c3\u03c5\u03bd\u03b8\u03b5\u03c4\u03b9\u03ba\u03ae \u03c0\u03b5\u03c1\u03af\u03c6\u03c1\u03b1\u03be\u03b7 \u03b5\u03af\u03bd\u03b1\u03b9 \u03c4\u03bf \u03bc\u03ad\u03bb\u03bb\u03bf\u03bd \u03c3\u03c4\u03bf \u03c7\u03ce\u03c1\u03bf \u03c4\u03b7\u03c2 \u03ba\u03b1\u03b9 \u03cc\u03bb\u03bf \u03ba\u03b1\u03b9 \u03c0\u03b5\u03c1\u03b9\u03c3\u03c3\u03cc\u03c4\u03b5\u03c1\u03bf \u201c\u03ba\u03b1\u03c4\u03b1\u03bb\u03b1\u03bc\u03b2\u03ac\u03bd\u03b5\u03b9 \u03c4\u03b9\u03c2 \u03ba\u03b1\u03c1\u03b4\u03b9\u03ad\u03c2\u201d \u03c4\u03cc\u03c3\u03bf \u03c4\u03c9\u03bd \u03b5\u03c0\u03b1\u03b3\u03b3\u03b5\u03bb\u03bc\u03b1\u03c4\u03b9\u03ce\u03bd \u03cc\u03c3\u03bf \u03ba\u03b1\u03b9 \u03c4\u03c9\u03bd \u03b9\u03b4\u03b9\u03c9\u03c4\u03ce\u03bd.","og_url":"https:\/\/alfawood.gr\/ro\/produs\/wpc-\u03c0\u03b5\u03c1\u03af\u03c6\u03c1\u03b1\u03be\u03b7-\u03ba\u03b1\u03c6\u03ad-\u03b1\u03bd\u03bf\u03b9\u03c7\u03c4\u03cc-p02","og_site_name":"\u0395\u03c0\u03b9\u03c6\u03ac\u03bd\u03b5\u03b9\u03b5\u03c2 \u039c\u03b5\u03bb\u03b1\u03bc\u03af\u03bd\u03b7\u03c2 MDF \u039c\u03bf\u03c1\u03b9\u03bf\u03c3\u03b1\u03bd\u03af\u03b4\u03b1 \u03a0\u03ac\u03b3\u03ba\u03bf\u03b9 \u0394\u03ac\u03c0\u03b5\u03b4\u03b1 \u03a0\u03cc\u03c1\u03c4\u03b5\u03c2","article_publisher":"https:\/\/www.facebook.com\/alfawood.group","article_modified_time":"2023-04-07T21:19:55+00:00","og_image":[{"width":600,"height":824,"url":"https:\/\/alfawood.gr\/wp-content\/uploads\/2023\/03\/FENCE-LIGHT-BROWN-P02.jpg","type":"image\/jpeg"}],"twitter_card":"summary_large_image","twitter_site":"@ALFAWOODGROUP","twitter_misc":{"Timp estimat pentru citire":"1 minut"},"schema":{"@context":"https:\/\/schema.org","@graph":[{"@type":"WebPage","@id":"https:\/\/alfawood.gr\/product\/wpc-%cf%80%ce%b5%cf%81%ce%af%cf%86%cf%81%ce%b1%ce%be%ce%b7-%ce%ba%ce%b1%cf%86%ce%ad-%ce%b1%ce%bd%ce%bf%ce%b9%cf%87%cf%84%cf%8c-p02\/","url":"https:\/\/alfawood.gr\/product\/wpc-%cf%80%ce%b5%cf%81%ce%af%cf%86%cf%81%ce%b1%ce%be%ce%b7-%ce%ba%ce%b1%cf%86%ce%ad-%ce%b1%ce%bd%ce%bf%ce%b9%cf%87%cf%84%cf%8c-p02\/","name":"Garduri WPC maro deschis P02 - Suprafete melaminate Tejghele din PAL MDF Podele Usi","isPartOf":{"@id":"https:\/\/alfawood.gr\/#website"},"primaryImageOfPage":{"@id":"https:\/\/alfawood.gr\/product\/wpc-%cf%80%ce%b5%cf%81%ce%af%cf%86%cf%81%ce%b1%ce%be%ce%b7-%ce%ba%ce%b1%cf%86%ce%ad-%ce%b1%ce%bd%ce%bf%ce%b9%cf%87%cf%84%cf%8c-p02\/#primaryimage"},"image":{"@id":"https:\/\/alfawood.gr\/product\/wpc-%cf%80%ce%b5%cf%81%ce%af%cf%86%cf%81%ce%b1%ce%be%ce%b7-%ce%ba%ce%b1%cf%86%ce%ad-%ce%b1%ce%bd%ce%bf%ce%b9%cf%87%cf%84%cf%8c-p02\/#primaryimage"},"thumbnailUrl":"https:\/\/alfawood.gr\/wp-content\/uploads\/2023\/03\/FENCE-LIGHT-BROWN-P02.jpg","datePublished":"2023-03-07T08:24:56+00:00","dateModified":"2023-04-07T21:19:55+00:00","breadcrumb":{"@id":"https:\/\/alfawood.gr\/product\/wpc-%cf%80%ce%b5%cf%81%ce%af%cf%86%cf%81%ce%b1%ce%be%ce%b7-%ce%ba%ce%b1%cf%86%ce%ad-%ce%b1%ce%bd%ce%bf%ce%b9%cf%87%cf%84%cf%8c-p02\/#breadcrumb"},"inLanguage":"ro-RO","potentialAction":[{"@type":"ReadAction","target":["https:\/\/alfawood.gr\/product\/wpc-%cf%80%ce%b5%cf%81%ce%af%cf%86%cf%81%ce%b1%ce%be%ce%b7-%ce%ba%ce%b1%cf%86%ce%ad-%ce%b1%ce%bd%ce%bf%ce%b9%cf%87%cf%84%cf%8c-p02\/"]}]},{"@type":"ImageObject","inLanguage":"ro-RO","@id":"https:\/\/alfawood.gr\/product\/wpc-%cf%80%ce%b5%cf%81%ce%af%cf%86%cf%81%ce%b1%ce%be%ce%b7-%ce%ba%ce%b1%cf%86%ce%ad-%ce%b1%ce%bd%ce%bf%ce%b9%cf%87%cf%84%cf%8c-p02\/#primaryimage","url":"https:\/\/alfawood.gr\/wp-content\/uploads\/2023\/03\/FENCE-LIGHT-BROWN-P02.jpg","contentUrl":"https:\/\/alfawood.gr\/wp-content\/uploads\/2023\/03\/FENCE-LIGHT-BROWN-P02.jpg","width":600,"height":824,"caption":"WPC \u03a0\u03b5\u03c1\u03af\u03c6\u03c1\u03b1\u03be\u03b7 \u039a\u03b1\u03c6\u03ad \u0391\u03bd\u03bf\u03b9\u03c7\u03c4\u03cc P02 - Alfa Flooring WPC DECK \/ \u03a0\u0395\u03a1\u0399\u03a6\u03a1\u0391\u039e\u0397"},{"@type":"BreadcrumbList","@id":"https:\/\/alfawood.gr\/product\/wpc-%cf%80%ce%b5%cf%81%ce%af%cf%86%cf%81%ce%b1%ce%be%ce%b7-%ce%ba%ce%b1%cf%86%ce%ad-%ce%b1%ce%bd%ce%bf%ce%b9%cf%87%cf%84%cf%8c-p02\/#breadcrumb","itemListElement":[{"@type":"ListItem","position":1,"name":"Home","item":"https:\/\/alfawood.gr\/"},{"@type":"ListItem","position":2,"name":"\u03a0\u03c1\u03bf\u03ca\u03cc\u03bd\u03c4\u03b1","item":"https:\/\/alfawood.gr\/proionta-wood\/"},{"@type":"ListItem","position":3,"name":"\u0394\u03ac\u03c0\u03b5\u03b4\u03b1 - Alfa Flooring","item":"https:\/\/alfawood.gr\/category\/dapeda\/"},{"@type":"ListItem","position":4,"name":"WPC \u03a0\u03b5\u03c1\u03af\u03c6\u03c1\u03b1\u03be\u03b7 \u039a\u03b1\u03c6\u03ad \u0391\u03bd\u03bf\u03b9\u03c7\u03c4\u03cc P02"}]},{"@type":"WebSite","@id":"https:\/\/alfawood.gr\/#website","url":"https:\/\/alfawood.gr\/","name":"Suprafete melaminate Conturi din PAL MDF Podele Usi","description":"Alfa Wood Group Industria Lemnului","publisher":{"@id":"https:\/\/alfawood.gr\/#organization"},"alternateName":"Melamines - MDF - Laminate - Worktops","potentialAction":[{"@type":"SearchAction","target":{"@type":"EntryPoint","urlTemplate":"https:\/\/alfawood.gr\/?s={search_term_string}"},"query-input":{"@type":"PropertyValueSpecification","valueRequired":true,"valueName":"search_term_string"}}],"inLanguage":"ro-RO"},{"@type":"Organization","@id":"https:\/\/alfawood.gr\/#organization","name":"Grupul Alfa Wood","url":"https:\/\/alfawood.gr\/","logo":{"@type":"ImageObject","inLanguage":"ro-RO","@id":"https:\/\/alfawood.gr\/#\/schema\/logo\/image\/","url":"https:\/\/alfawood.gr\/wp-content\/uploads\/2023\/02\/alfa-wood-logo-1.svg","contentUrl":"https:\/\/alfawood.gr\/wp-content\/uploads\/2023\/02\/alfa-wood-logo-1.svg","width":305,"height":195,"caption":"Alfa Wood Group"},"image":{"@id":"https:\/\/alfawood.gr\/#\/schema\/logo\/image\/"},"sameAs":["https:\/\/www.facebook.com\/alfawood.group","https:\/\/x.com\/ALFAWOODGROUP","https:\/\/www.instagram.com\/alfawood.group","https:\/\/www.youtube.com\/@alfawoodgroup","https:\/\/www.tiktok.com\/@alfawood.group","https:\/\/vimeo.com\/alfawood","https:\/\/www.linkedin.com\/company\/alfawoodgroup","https:\/\/www.pinterest.com\/alfawoodgroup\/"]}]}},"_links":{"self":[{"href":"https:\/\/alfawood.gr\/ro\/wp-json\/wp\/v2\/product\/15765","targetHints":{"allow":["GET"]}}],"collection":[{"href":"https:\/\/alfawood.gr\/ro\/wp-json\/wp\/v2\/product"}],"about":[{"href":"https:\/\/alfawood.gr\/ro\/wp-json\/wp\/v2\/types\/product"}],"version-history":[{"count":0,"href":"https:\/\/alfawood.gr\/ro\/wp-json\/wp\/v2\/product\/15765\/revisions"}],"wp:featuredmedia":[{"embeddable":true,"href":"https:\/\/alfawood.gr\/ro\/wp-json\/wp\/v2\/media\/15767"}],"wp:attachment":[{"href":"https:\/\/alfawood.gr\/ro\/wp-json\/wp\/v2\/media?parent=15765"}],"wp:term":[{"taxonomy":"product_brand","embeddable":true,"href":"https:\/\/alfawood.gr\/ro\/wp-json\/wp\/v2\/product_brand?post=15765"},{"taxonomy":"product_cat","embeddable":true,"href":"https:\/\/alfawood.gr\/ro\/wp-json\/wp\/v2\/product_cat?post=15765"},{"taxonomy":"product_tag","embeddable":true,"href":"https:\/\/alfawood.gr\/ro\/wp-json\/wp\/v2\/product_tag?post=15765"}],"curies":[{"name":"wp","href":"https:\/\/api.w.org\/{rel}","templated":true}]}}