{"id":15843,"date":"2023-03-07T08:26:30","date_gmt":"2023-03-07T08:26:30","guid":{"rendered":"https:\/\/alfawood.gr\/product\/%cf%80%cf%8c%cf%81%cf%84%ce%b1-%cf%83%cf%85%cf%81%cf%8c%ce%bc%ce%b5%ce%bd%ce%b7\/"},"modified":"2023-03-07T08:27:11","modified_gmt":"2023-03-07T08:27:11","slug":"%cf%80%cf%8c%cf%81%cf%84%ce%b1-%cf%83%cf%85%cf%81%cf%8c%ce%bc%ce%b5%ce%bd%ce%b7","status":"publish","type":"product","link":"https:\/\/alfawood.gr\/ro\/product\/%cf%80%cf%8c%cf%81%cf%84%ce%b1-%cf%83%cf%85%cf%81%cf%8c%ce%bc%ce%b5%ce%bd%ce%b7\/","title":{"rendered":"U\u0219\u0103 glisant\u0103"},"content":{"rendered":"<div class=\"testingE\"><a href=\"\/ro\/products-alfa-indoor\">Alfa Indoor<\/a> &gt; <a href=\"\/ro\/products-alfa-indoor\/#tab-1575539168389-2-4\"><span style=\"color: #ae0422;\">Colec\u021bia privat\u0103<\/span><\/a><\/div>\n<p> &nbsp;<\/p>\n<p style=\"font-size: 22px;\"><strong>U\u015f\u0103<\/strong> <span style=\"color: #ff0000;\"> \u03a3\u03c5\u03c1\u03cc\u03bc\u03b5\u03bd\u03b7<\/span><\/p>\n<p> <a href=\"\/ro\/requests\/?requests=Alfa Indoor Privy \u03a3\u03c5\u03c1\u03cc\u03bc\u03b5\u03bd\u03b7\" target=\"_blank\" rel=\"noopener noreferrer\"><br \/>\n <button class=\"buttonProduct\">A cere detalii<\/button><br \/>\n <\/a><\/p>\n<p> &nbsp;<\/p>\n<p style=\"text-align:justify;\">usile <strong>construc\u021bie special\u0103<\/strong> combin\u0103 estetica ridicat\u0103 \u0219i economisirea spa\u021biului.<br \/>\n Solu\u021bie ideal\u0103 pentru spa\u021bii precum apartamente mici sau spa\u021bii comerciale.<br \/>\n Disponibil \u00een toate tipurile de u\u0219i plate.<br \/>\n Construc\u021bia este f\u0103cut\u0103 astfel \u00eenc\u00e2t derularea da s\u0103 fie u\u0219oar\u0103 \u0219i silentioas\u0103.<\/p>\n<p>\n <strong>Construc\u021bia canatului de u\u0219\u0103<\/strong><\/p>\n<ul>\n<li>Structura din lemn masiv laminat<\/li>\n<li>Foaie interioar\u0103 din cadru de lemn umplut cu celul\u0103 \u201efagure\u201d fonoabsorbant\u0103<\/li>\n<li>Acoperit pe ambele p\u0103r\u021bi cu MDF de 6 mm.<\/li>\n<li>Acoperire de suprafa\u021b\u0103 cu laminat neted sau poros<\/li>\n<\/ul>\n<p> <strong>Construc\u021bia carcasei<\/strong><\/p>\n<ul>\n<li>Constructie lambriu<\/li>\n<li>Grosime 44 mm<\/li>\n<li>Acoperire de suprafa\u021b\u0103 cu CPL (laminat cu presiune continu\u0103)<\/li>\n<li>Anvelope incluse<\/li>\n<li>Forma carcasei patrate<\/li>\n<\/ul>\n<p> <strong>Echipament standard<\/strong><\/p>\n<ul>\n<li>Balama cu \u0219urub (3 buc)<\/li>\n<li>\u00cencuietoare simpl\u0103<\/li>\n<li>7 combina\u021bii de culori<\/li>\n<\/ul>\n<p> <strong>Echipament optional<\/strong><\/p>\n<ul>\n<li>Balam\u0103 dubl\u0103 reglabil\u0103 (3 buc)<\/li>\n<li>\u00cencuietoare magnetic\u0103<\/li>\n<li>\u00cencuietoare de siguran\u021b\u0103 \u2013 \u00eencuietoare Meroni \u2013 \u00cencuietoare pentru baie<\/li>\n<li>Rama de sticla<\/li>\n<li>Tij\u0103 de aluminiu<\/li>\n<li>Umplere cu panou izolat fonic (28db)<\/li>\n<\/ul>\n<p> <strong>Dimensiuni<\/strong><\/p>\n<ul>\n<li><strong>L\u0103\u0163ime:<\/strong><br \/>\n 63,3 cm \u2013 68,3 cm \u2013 73,3 cm \u2013 78,3 cm \u2013 83,3 cm \u2013 88,3 cm \u2013 93,3 cm \u2013 98,3 cm<\/li>\n<li><strong>\u00cen\u0103l\u0163ime:<\/strong><br \/>\n 217 cm maxim<\/li>\n<\/ul>\n<p> &nbsp;<\/p>\n<div class=\"sheet33\"><a href=\"\/wp-content\/uploads\/2020\/01\/ENTRY-DOOR-STYLE-COLLECTION-rev-01.pdf\" target=\"_blank\" rel=\"noopener noreferrer\"><img decoding=\"async\" class=\"sheetico\" src=\"\/wp-content\/uploads\/2019\/12\/icosheet-1.jpg\" \/><strong>SPECIFICATII TEHNICE<\/strong><\/a><\/div>\n<div class=\"sheet33\"><a href=\"\/wp-content\/uploads\/2020\/01\/\u03a0\u0399\u03a3\u03a4\u039f\u03a0\u039f\u0399\u0397\u03a4\u0399\u039a\u039f-\u0397\u03a7\u039f\u039c\u039f\u039d\u03a9\u03a3\u0397\u03a3-\u03a0\u0391\u039d\u0395\u039b-\u039c\u039f\u03a1\u0399\u039f\u03a3\u0391\u039d\u0399\u0394\u0391\u03a3.pdf\" target=\"_blank\" rel=\"noopener noreferrer\"><img decoding=\"async\" class=\"sheetico\" src=\"\/wp-content\/uploads\/2019\/12\/icosheet-1.jpg\" \/><strong>CERTIFICAT DE IZOLARE FONICA<\/strong><\/a><\/div>","protected":false},"excerpt":{"rendered":"<p>Alfa Indoor &gt; Privy Collection &nbsp; \u03a0\u03cc\u03c1\u03c4\u03b1 \u03a3\u03c5\u03c1\u03cc\u03bc\u03b5\u03bd\u03b7 \u0396\u03b7\u03c4\u03ae\u03c3\u03c4\u03b5 \u03c0\u03bb\u03b7\u03c1\u03bf\u03c6\u03bf\u03c1\u03af\u03b5\u03c2 &nbsp; \u039f\u03b9 \u03c0\u03cc\u03c1\u03c4\u03b5\u03c2 \u03b5\u03b9\u03b4\u03b9\u03ba\u03ae\u03c2 \u03ba\u03b1\u03c4\u03b1\u03c3\u03ba\u03b5\u03c5\u03ae\u03c2 \u03c3\u03c5\u03bd\u03b4\u03c5\u03ac\u03b6\u03bf\u03c5\u03bd \u03c5\u03c8\u03b7\u03bb\u03ae \u03b1\u03b9\u03c3\u03b8\u03b7\u03c4\u03b9\u03ba\u03ae \u03ba\u03b1\u03b9 \u03b5\u03be\u03bf\u03b9\u03ba\u03bf\u03bd\u03cc\u03bc\u03b7\u03c3\u03b7<\/p>","protected":false},"featured_media":15845,"template":"","meta":{"_acf_changed":false,"inline_featured_image":false,"cybocfi_hide_featured_image":""},"product_brand":[],"product_cat":[94],"product_tag":[],"class_list":{"0":"post-15843","1":"product","2":"type-product","3":"status-publish","4":"has-post-thumbnail","6":"product_cat-esoterikes-portes","8":"first","9":"instock","10":"product-type-simple"},"acf":[],"yoast_head":"<!-- This site is optimized with the Yoast SEO Premium plugin v27.3 (Yoast SEO v27.3) - https:\/\/yoast.com\/product\/yoast-seo-premium-wordpress\/ -->\n<title>\u03a0\u03cc\u03c1\u03c4\u03b1 \u03a3\u03c5\u03c1\u03cc\u03bc\u03b5\u03bd\u03b7 - \u0395\u03c0\u03b9\u03c6\u03ac\u03bd\u03b5\u03b9\u03b5\u03c2 \u039c\u03b5\u03bb\u03b1\u03bc\u03af\u03bd\u03b7\u03c2 MDF \u039c\u03bf\u03c1\u03b9\u03bf\u03c3\u03b1\u03bd\u03af\u03b4\u03b1 \u03a0\u03ac\u03b3\u03ba\u03bf\u03b9 \u0394\u03ac\u03c0\u03b5\u03b4\u03b1 \u03a0\u03cc\u03c1\u03c4\u03b5\u03c2<\/title>\n<meta name=\"robots\" content=\"index, follow, max-snippet:-1, max-image-preview:large, max-video-preview:-1\" \/>\n<link rel=\"canonical\" href=\"https:\/\/alfawood.gr\/ro\/produs\/\u03c0\u03cc\u03c1\u03c4\u03b1-\u03c3\u03c5\u03c1\u03cc\u03bc\u03b5\u03bd\u03b7\" \/>\n<meta property=\"og:locale\" content=\"ro_RO\" \/>\n<meta property=\"og:type\" content=\"article\" \/>\n<meta property=\"og:title\" content=\"\u03a0\u03cc\u03c1\u03c4\u03b1 \u03a3\u03c5\u03c1\u03cc\u03bc\u03b5\u03bd\u03b7\" \/>\n<meta property=\"og:description\" content=\"Alfa Indoor &gt; Privy Collection &nbsp; \u03a0\u03cc\u03c1\u03c4\u03b1 \u03a3\u03c5\u03c1\u03cc\u03bc\u03b5\u03bd\u03b7 \u0396\u03b7\u03c4\u03ae\u03c3\u03c4\u03b5 \u03c0\u03bb\u03b7\u03c1\u03bf\u03c6\u03bf\u03c1\u03af\u03b5\u03c2 &nbsp; \u039f\u03b9 \u03c0\u03cc\u03c1\u03c4\u03b5\u03c2 \u03b5\u03b9\u03b4\u03b9\u03ba\u03ae\u03c2 \u03ba\u03b1\u03c4\u03b1\u03c3\u03ba\u03b5\u03c5\u03ae\u03c2 \u03c3\u03c5\u03bd\u03b4\u03c5\u03ac\u03b6\u03bf\u03c5\u03bd \u03c5\u03c8\u03b7\u03bb\u03ae \u03b1\u03b9\u03c3\u03b8\u03b7\u03c4\u03b9\u03ba\u03ae \u03ba\u03b1\u03b9 \u03b5\u03be\u03bf\u03b9\u03ba\u03bf\u03bd\u03cc\u03bc\u03b7\u03c3\u03b7\" \/>\n<meta property=\"og:url\" content=\"https:\/\/alfawood.gr\/ro\/produs\/\u03c0\u03cc\u03c1\u03c4\u03b1-\u03c3\u03c5\u03c1\u03cc\u03bc\u03b5\u03bd\u03b7\" \/>\n<meta property=\"og:site_name\" content=\"\u0395\u03c0\u03b9\u03c6\u03ac\u03bd\u03b5\u03b9\u03b5\u03c2 \u039c\u03b5\u03bb\u03b1\u03bc\u03af\u03bd\u03b7\u03c2 MDF \u039c\u03bf\u03c1\u03b9\u03bf\u03c3\u03b1\u03bd\u03af\u03b4\u03b1 \u03a0\u03ac\u03b3\u03ba\u03bf\u03b9 \u0394\u03ac\u03c0\u03b5\u03b4\u03b1 \u03a0\u03cc\u03c1\u03c4\u03b5\u03c2\" \/>\n<meta property=\"article:publisher\" content=\"https:\/\/www.facebook.com\/alfawood.group\" \/>\n<meta property=\"article:modified_time\" content=\"2023-03-07T08:27:11+00:00\" \/>\n<meta property=\"og:image\" content=\"https:\/\/alfawood.gr\/wp-content\/uploads\/2023\/03\/porta-suromeni1.jpg\" \/>\n\t<meta property=\"og:image:width\" content=\"812\" \/>\n\t<meta property=\"og:image:height\" content=\"1146\" \/>\n\t<meta property=\"og:image:type\" content=\"image\/jpeg\" \/>\n<meta name=\"twitter:card\" content=\"summary_large_image\" \/>\n<meta name=\"twitter:site\" content=\"@ALFAWOODGROUP\" \/>\n<script type=\"application\/ld+json\" class=\"yoast-schema-graph\">{\"@context\":\"https:\\\/\\\/schema.org\",\"@graph\":[{\"@type\":\"WebPage\",\"@id\":\"https:\\\/\\\/alfawood.gr\\\/product\\\/%cf%80%cf%8c%cf%81%cf%84%ce%b1-%cf%83%cf%85%cf%81%cf%8c%ce%bc%ce%b5%ce%bd%ce%b7\\\/\",\"url\":\"https:\\\/\\\/alfawood.gr\\\/product\\\/%cf%80%cf%8c%cf%81%cf%84%ce%b1-%cf%83%cf%85%cf%81%cf%8c%ce%bc%ce%b5%ce%bd%ce%b7\\\/\",\"name\":\"\u03a0\u03cc\u03c1\u03c4\u03b1 \u03a3\u03c5\u03c1\u03cc\u03bc\u03b5\u03bd\u03b7 - \u0395\u03c0\u03b9\u03c6\u03ac\u03bd\u03b5\u03b9\u03b5\u03c2 \u039c\u03b5\u03bb\u03b1\u03bc\u03af\u03bd\u03b7\u03c2 MDF \u039c\u03bf\u03c1\u03b9\u03bf\u03c3\u03b1\u03bd\u03af\u03b4\u03b1 \u03a0\u03ac\u03b3\u03ba\u03bf\u03b9 \u0394\u03ac\u03c0\u03b5\u03b4\u03b1 \u03a0\u03cc\u03c1\u03c4\u03b5\u03c2\",\"isPartOf\":{\"@id\":\"https:\\\/\\\/alfawood.gr\\\/#website\"},\"primaryImageOfPage\":{\"@id\":\"https:\\\/\\\/alfawood.gr\\\/product\\\/%cf%80%cf%8c%cf%81%cf%84%ce%b1-%cf%83%cf%85%cf%81%cf%8c%ce%bc%ce%b5%ce%bd%ce%b7\\\/#primaryimage\"},\"image\":{\"@id\":\"https:\\\/\\\/alfawood.gr\\\/product\\\/%cf%80%cf%8c%cf%81%cf%84%ce%b1-%cf%83%cf%85%cf%81%cf%8c%ce%bc%ce%b5%ce%bd%ce%b7\\\/#primaryimage\"},\"thumbnailUrl\":\"https:\\\/\\\/alfawood.gr\\\/wp-content\\\/uploads\\\/2023\\\/03\\\/porta-suromeni1.jpg\",\"datePublished\":\"2023-03-07T08:26:30+00:00\",\"dateModified\":\"2023-03-07T08:27:11+00:00\",\"breadcrumb\":{\"@id\":\"https:\\\/\\\/alfawood.gr\\\/product\\\/%cf%80%cf%8c%cf%81%cf%84%ce%b1-%cf%83%cf%85%cf%81%cf%8c%ce%bc%ce%b5%ce%bd%ce%b7\\\/#breadcrumb\"},\"inLanguage\":\"ro-RO\",\"potentialAction\":[{\"@type\":\"ReadAction\",\"target\":[\"https:\\\/\\\/alfawood.gr\\\/product\\\/%cf%80%cf%8c%cf%81%cf%84%ce%b1-%cf%83%cf%85%cf%81%cf%8c%ce%bc%ce%b5%ce%bd%ce%b7\\\/\"]}]},{\"@type\":\"ImageObject\",\"inLanguage\":\"ro-RO\",\"@id\":\"https:\\\/\\\/alfawood.gr\\\/product\\\/%cf%80%cf%8c%cf%81%cf%84%ce%b1-%cf%83%cf%85%cf%81%cf%8c%ce%bc%ce%b5%ce%bd%ce%b7\\\/#primaryimage\",\"url\":\"https:\\\/\\\/alfawood.gr\\\/wp-content\\\/uploads\\\/2023\\\/03\\\/porta-suromeni1.jpg\",\"contentUrl\":\"https:\\\/\\\/alfawood.gr\\\/wp-content\\\/uploads\\\/2023\\\/03\\\/porta-suromeni1.jpg\",\"width\":812,\"height\":1146,\"caption\":\"\u03a0\u03cc\u03c1\u03c4\u03b1 \u03a3\u03c5\u03c1\u03cc\u03bc\u03b5\u03bd\u03b7 - Alfa Indoor \u0395\u03c3\u03c9\u03c4\u03b5\u03c1\u03b9\u03ba\u03ad\u03c2 \u03a0\u03cc\u03c1\u03c4\u03b5\u03c2\"},{\"@type\":\"BreadcrumbList\",\"@id\":\"https:\\\/\\\/alfawood.gr\\\/product\\\/%cf%80%cf%8c%cf%81%cf%84%ce%b1-%cf%83%cf%85%cf%81%cf%8c%ce%bc%ce%b5%ce%bd%ce%b7\\\/#breadcrumb\",\"itemListElement\":[{\"@type\":\"ListItem\",\"position\":1,\"name\":\"Home\",\"item\":\"https:\\\/\\\/alfawood.gr\\\/\"},{\"@type\":\"ListItem\",\"position\":2,\"name\":\"\u03a0\u03c1\u03bf\u03ca\u03cc\u03bd\u03c4\u03b1\",\"item\":\"https:\\\/\\\/alfawood.gr\\\/proionta-wood\\\/\"},{\"@type\":\"ListItem\",\"position\":3,\"name\":\"\u0395\u03c3\u03c9\u03c4\u03b5\u03c1\u03b9\u03ba\u03ad\u03c2 \u03a0\u03cc\u03c1\u03c4\u03b5\u03c2 - Alfa in Door\",\"item\":\"https:\\\/\\\/alfawood.gr\\\/category\\\/esoterikes-portes\\\/\"},{\"@type\":\"ListItem\",\"position\":4,\"name\":\"\u03a0\u03cc\u03c1\u03c4\u03b1 \u03a3\u03c5\u03c1\u03cc\u03bc\u03b5\u03bd\u03b7\"}]},{\"@type\":\"WebSite\",\"@id\":\"https:\\\/\\\/alfawood.gr\\\/#website\",\"url\":\"https:\\\/\\\/alfawood.gr\\\/\",\"name\":\"\u0395\u03c0\u03b9\u03c6\u03ac\u03bd\u03b5\u03b9\u03b5\u03c2 \u039c\u03b5\u03bb\u03b1\u03bc\u03af\u03bd\u03b7\u03c2 MDF \u039c\u03bf\u03c1\u03b9\u03bf\u03c3\u03b1\u03bd\u03af\u03b4\u03b1 \u03a0\u03ac\u03b3\u03ba\u03bf\u03b9 \u0394\u03ac\u03c0\u03b5\u03b4\u03b1 \u03a0\u03cc\u03c1\u03c4\u03b5\u03c2\",\"description\":\"\u0392\u03b9\u03bf\u03bc\u03b7\u03c7\u03b1\u03bd\u03af\u03b1 \u039e\u03cd\u03bb\u03bf\u03c5 Alfa Wood Group\",\"publisher\":{\"@id\":\"https:\\\/\\\/alfawood.gr\\\/#organization\"},\"alternateName\":\"Melamines - MDF - Laminate - Worktops\",\"potentialAction\":[{\"@type\":\"SearchAction\",\"target\":{\"@type\":\"EntryPoint\",\"urlTemplate\":\"https:\\\/\\\/alfawood.gr\\\/?s={search_term_string}\"},\"query-input\":{\"@type\":\"PropertyValueSpecification\",\"valueRequired\":true,\"valueName\":\"search_term_string\"}}],\"inLanguage\":\"ro-RO\"},{\"@type\":\"Organization\",\"@id\":\"https:\\\/\\\/alfawood.gr\\\/#organization\",\"name\":\"Alfa Wood Group\",\"url\":\"https:\\\/\\\/alfawood.gr\\\/\",\"logo\":{\"@type\":\"ImageObject\",\"inLanguage\":\"ro-RO\",\"@id\":\"https:\\\/\\\/alfawood.gr\\\/#\\\/schema\\\/logo\\\/image\\\/\",\"url\":\"https:\\\/\\\/alfawood.gr\\\/wp-content\\\/uploads\\\/2023\\\/02\\\/alfa-wood-logo-1.svg\",\"contentUrl\":\"https:\\\/\\\/alfawood.gr\\\/wp-content\\\/uploads\\\/2023\\\/02\\\/alfa-wood-logo-1.svg\",\"width\":305,\"height\":195,\"caption\":\"Alfa Wood Group\"},\"image\":{\"@id\":\"https:\\\/\\\/alfawood.gr\\\/#\\\/schema\\\/logo\\\/image\\\/\"},\"sameAs\":[\"https:\\\/\\\/www.facebook.com\\\/alfawood.group\",\"https:\\\/\\\/x.com\\\/ALFAWOODGROUP\",\"https:\\\/\\\/www.instagram.com\\\/alfawood.group\",\"https:\\\/\\\/www.youtube.com\\\/@alfawoodgroup\",\"https:\\\/\\\/www.tiktok.com\\\/@alfawood.group\",\"https:\\\/\\\/vimeo.com\\\/alfawood\",\"https:\\\/\\\/www.linkedin.com\\\/company\\\/alfawoodgroup\",\"https:\\\/\\\/www.pinterest.com\\\/alfawoodgroup\\\/\"]}]}<\/script>\n<!-- \/ Yoast SEO Premium plugin. -->","yoast_head_json":{"title":"Usi Glisante - Suprafete Melaminate Tejghele din PAL MDF Pardoseli Usi","robots":{"index":"index","follow":"follow","max-snippet":"max-snippet:-1","max-image-preview":"max-image-preview:large","max-video-preview":"max-video-preview:-1"},"canonical":"https:\/\/alfawood.gr\/ro\/produs\/\u03c0\u03cc\u03c1\u03c4\u03b1-\u03c3\u03c5\u03c1\u03cc\u03bc\u03b5\u03bd\u03b7","og_locale":"ro_RO","og_type":"article","og_title":"\u03a0\u03cc\u03c1\u03c4\u03b1 \u03a3\u03c5\u03c1\u03cc\u03bc\u03b5\u03bd\u03b7","og_description":"Alfa Indoor &gt; Privy Collection &nbsp; \u03a0\u03cc\u03c1\u03c4\u03b1 \u03a3\u03c5\u03c1\u03cc\u03bc\u03b5\u03bd\u03b7 \u0396\u03b7\u03c4\u03ae\u03c3\u03c4\u03b5 \u03c0\u03bb\u03b7\u03c1\u03bf\u03c6\u03bf\u03c1\u03af\u03b5\u03c2 &nbsp; \u039f\u03b9 \u03c0\u03cc\u03c1\u03c4\u03b5\u03c2 \u03b5\u03b9\u03b4\u03b9\u03ba\u03ae\u03c2 \u03ba\u03b1\u03c4\u03b1\u03c3\u03ba\u03b5\u03c5\u03ae\u03c2 \u03c3\u03c5\u03bd\u03b4\u03c5\u03ac\u03b6\u03bf\u03c5\u03bd \u03c5\u03c8\u03b7\u03bb\u03ae \u03b1\u03b9\u03c3\u03b8\u03b7\u03c4\u03b9\u03ba\u03ae \u03ba\u03b1\u03b9 \u03b5\u03be\u03bf\u03b9\u03ba\u03bf\u03bd\u03cc\u03bc\u03b7\u03c3\u03b7","og_url":"https:\/\/alfawood.gr\/ro\/produs\/\u03c0\u03cc\u03c1\u03c4\u03b1-\u03c3\u03c5\u03c1\u03cc\u03bc\u03b5\u03bd\u03b7","og_site_name":"\u0395\u03c0\u03b9\u03c6\u03ac\u03bd\u03b5\u03b9\u03b5\u03c2 \u039c\u03b5\u03bb\u03b1\u03bc\u03af\u03bd\u03b7\u03c2 MDF \u039c\u03bf\u03c1\u03b9\u03bf\u03c3\u03b1\u03bd\u03af\u03b4\u03b1 \u03a0\u03ac\u03b3\u03ba\u03bf\u03b9 \u0394\u03ac\u03c0\u03b5\u03b4\u03b1 \u03a0\u03cc\u03c1\u03c4\u03b5\u03c2","article_publisher":"https:\/\/www.facebook.com\/alfawood.group","article_modified_time":"2023-03-07T08:27:11+00:00","og_image":[{"width":812,"height":1146,"url":"https:\/\/alfawood.gr\/wp-content\/uploads\/2023\/03\/porta-suromeni1.jpg","type":"image\/jpeg"}],"twitter_card":"summary_large_image","twitter_site":"@ALFAWOODGROUP","schema":{"@context":"https:\/\/schema.org","@graph":[{"@type":"WebPage","@id":"https:\/\/alfawood.gr\/product\/%cf%80%cf%8c%cf%81%cf%84%ce%b1-%cf%83%cf%85%cf%81%cf%8c%ce%bc%ce%b5%ce%bd%ce%b7\/","url":"https:\/\/alfawood.gr\/product\/%cf%80%cf%8c%cf%81%cf%84%ce%b1-%cf%83%cf%85%cf%81%cf%8c%ce%bc%ce%b5%ce%bd%ce%b7\/","name":"Usi Glisante - Suprafete Melaminate Tejghele din PAL MDF Pardoseli Usi","isPartOf":{"@id":"https:\/\/alfawood.gr\/#website"},"primaryImageOfPage":{"@id":"https:\/\/alfawood.gr\/product\/%cf%80%cf%8c%cf%81%cf%84%ce%b1-%cf%83%cf%85%cf%81%cf%8c%ce%bc%ce%b5%ce%bd%ce%b7\/#primaryimage"},"image":{"@id":"https:\/\/alfawood.gr\/product\/%cf%80%cf%8c%cf%81%cf%84%ce%b1-%cf%83%cf%85%cf%81%cf%8c%ce%bc%ce%b5%ce%bd%ce%b7\/#primaryimage"},"thumbnailUrl":"https:\/\/alfawood.gr\/wp-content\/uploads\/2023\/03\/porta-suromeni1.jpg","datePublished":"2023-03-07T08:26:30+00:00","dateModified":"2023-03-07T08:27:11+00:00","breadcrumb":{"@id":"https:\/\/alfawood.gr\/product\/%cf%80%cf%8c%cf%81%cf%84%ce%b1-%cf%83%cf%85%cf%81%cf%8c%ce%bc%ce%b5%ce%bd%ce%b7\/#breadcrumb"},"inLanguage":"ro-RO","potentialAction":[{"@type":"ReadAction","target":["https:\/\/alfawood.gr\/product\/%cf%80%cf%8c%cf%81%cf%84%ce%b1-%cf%83%cf%85%cf%81%cf%8c%ce%bc%ce%b5%ce%bd%ce%b7\/"]}]},{"@type":"ImageObject","inLanguage":"ro-RO","@id":"https:\/\/alfawood.gr\/product\/%cf%80%cf%8c%cf%81%cf%84%ce%b1-%cf%83%cf%85%cf%81%cf%8c%ce%bc%ce%b5%ce%bd%ce%b7\/#primaryimage","url":"https:\/\/alfawood.gr\/wp-content\/uploads\/2023\/03\/porta-suromeni1.jpg","contentUrl":"https:\/\/alfawood.gr\/wp-content\/uploads\/2023\/03\/porta-suromeni1.jpg","width":812,"height":1146,"caption":"\u03a0\u03cc\u03c1\u03c4\u03b1 \u03a3\u03c5\u03c1\u03cc\u03bc\u03b5\u03bd\u03b7 - Alfa Indoor \u0395\u03c3\u03c9\u03c4\u03b5\u03c1\u03b9\u03ba\u03ad\u03c2 \u03a0\u03cc\u03c1\u03c4\u03b5\u03c2"},{"@type":"BreadcrumbList","@id":"https:\/\/alfawood.gr\/product\/%cf%80%cf%8c%cf%81%cf%84%ce%b1-%cf%83%cf%85%cf%81%cf%8c%ce%bc%ce%b5%ce%bd%ce%b7\/#breadcrumb","itemListElement":[{"@type":"ListItem","position":1,"name":"Home","item":"https:\/\/alfawood.gr\/"},{"@type":"ListItem","position":2,"name":"\u03a0\u03c1\u03bf\u03ca\u03cc\u03bd\u03c4\u03b1","item":"https:\/\/alfawood.gr\/proionta-wood\/"},{"@type":"ListItem","position":3,"name":"\u0395\u03c3\u03c9\u03c4\u03b5\u03c1\u03b9\u03ba\u03ad\u03c2 \u03a0\u03cc\u03c1\u03c4\u03b5\u03c2 - Alfa in Door","item":"https:\/\/alfawood.gr\/category\/esoterikes-portes\/"},{"@type":"ListItem","position":4,"name":"\u03a0\u03cc\u03c1\u03c4\u03b1 \u03a3\u03c5\u03c1\u03cc\u03bc\u03b5\u03bd\u03b7"}]},{"@type":"WebSite","@id":"https:\/\/alfawood.gr\/#website","url":"https:\/\/alfawood.gr\/","name":"Suprafete melaminate Conturi din PAL MDF Podele Usi","description":"Alfa Wood Group Industria Lemnului","publisher":{"@id":"https:\/\/alfawood.gr\/#organization"},"alternateName":"Melamines - MDF - Laminate - Worktops","potentialAction":[{"@type":"SearchAction","target":{"@type":"EntryPoint","urlTemplate":"https:\/\/alfawood.gr\/?s={search_term_string}"},"query-input":{"@type":"PropertyValueSpecification","valueRequired":true,"valueName":"search_term_string"}}],"inLanguage":"ro-RO"},{"@type":"Organization","@id":"https:\/\/alfawood.gr\/#organization","name":"Grupul Alfa Wood","url":"https:\/\/alfawood.gr\/","logo":{"@type":"ImageObject","inLanguage":"ro-RO","@id":"https:\/\/alfawood.gr\/#\/schema\/logo\/image\/","url":"https:\/\/alfawood.gr\/wp-content\/uploads\/2023\/02\/alfa-wood-logo-1.svg","contentUrl":"https:\/\/alfawood.gr\/wp-content\/uploads\/2023\/02\/alfa-wood-logo-1.svg","width":305,"height":195,"caption":"Alfa Wood Group"},"image":{"@id":"https:\/\/alfawood.gr\/#\/schema\/logo\/image\/"},"sameAs":["https:\/\/www.facebook.com\/alfawood.group","https:\/\/x.com\/ALFAWOODGROUP","https:\/\/www.instagram.com\/alfawood.group","https:\/\/www.youtube.com\/@alfawoodgroup","https:\/\/www.tiktok.com\/@alfawood.group","https:\/\/vimeo.com\/alfawood","https:\/\/www.linkedin.com\/company\/alfawoodgroup","https:\/\/www.pinterest.com\/alfawoodgroup\/"]}]}},"_links":{"self":[{"href":"https:\/\/alfawood.gr\/ro\/wp-json\/wp\/v2\/product\/15843","targetHints":{"allow":["GET"]}}],"collection":[{"href":"https:\/\/alfawood.gr\/ro\/wp-json\/wp\/v2\/product"}],"about":[{"href":"https:\/\/alfawood.gr\/ro\/wp-json\/wp\/v2\/types\/product"}],"version-history":[{"count":0,"href":"https:\/\/alfawood.gr\/ro\/wp-json\/wp\/v2\/product\/15843\/revisions"}],"wp:featuredmedia":[{"embeddable":true,"href":"https:\/\/alfawood.gr\/ro\/wp-json\/wp\/v2\/media\/15845"}],"wp:attachment":[{"href":"https:\/\/alfawood.gr\/ro\/wp-json\/wp\/v2\/media?parent=15843"}],"wp:term":[{"taxonomy":"product_brand","embeddable":true,"href":"https:\/\/alfawood.gr\/ro\/wp-json\/wp\/v2\/product_brand?post=15843"},{"taxonomy":"product_cat","embeddable":true,"href":"https:\/\/alfawood.gr\/ro\/wp-json\/wp\/v2\/product_cat?post=15843"},{"taxonomy":"product_tag","embeddable":true,"href":"https:\/\/alfawood.gr\/ro\/wp-json\/wp\/v2\/product_tag?post=15843"}],"curies":[{"name":"wp","href":"https:\/\/api.w.org\/{rel}","templated":true}]}}