{"id":22107,"date":"2023-04-26T07:24:44","date_gmt":"2023-04-26T07:24:44","guid":{"rendered":"https:\/\/alfawood.gr\/?post_type=product&#038;p=22107"},"modified":"2023-09-28T10:34:03","modified_gmt":"2023-09-28T10:34:03","slug":"0494-exclusive19mm","status":"publish","type":"product","link":"https:\/\/alfawood.gr\/ro\/product\/0494-exclusive19mm\/","title":{"rendered":"0494 Exclusiv 19mm"},"content":{"rendered":"<p>The <a href=\"\/ro\/pagos-kouzinas-alfatops\" target=\"_blank\" rel=\"noopener\">bancuri de lucru<\/a> <strong>19 mm<\/strong> acestea pot fi combinate \u0219i armonizate cu restul mobilierului, cum ar fi fronturile dulapurilor \u0219i a mobilierului, panouri de placare a peretelui, rafturi, u\u0219i \u0219i chiar podeaua.<\/p>\n<p><strong>Aplicatii:<\/strong><\/p>\n<ul>\n<li>Buc\u0103t\u0103rie \u0219i b\u0103nci de lucru.<\/li>\n<li>Suprafe\u021be de mese, rafturi, pervazuri, suporturi etc.<\/li>\n<li>Investi\u021bii \u00een perete.<\/li>\n<\/ul>\n<p><strong>Avantaje:<\/strong><\/p>\n<ul>\n<li>Rezisten\u021b\u0103 la abraziune \u0219i abraziune.<\/li>\n<li>Rezistent la umezeal\u0103 \u0219i c\u0103ldur\u0103.<\/li>\n<li>Rezistent la pete \u0219i u\u0219or de cur\u0103\u021bat.<\/li>\n<li>Sunt ergonomice si mai usoare.<\/li>\n<li>Financiar.<\/li>\n<li>Au un aspect modern.<\/li>\n<\/ul>\n<p>\u00cen cadrul colec\u021biei noastre de banc\u0103 ve\u021bi g\u0103si texturi \u0219i tonuri de culoare \u00een modele rustice, clasice \u0219i moderne cu efect de lemn, imita\u021bii de piatr\u0103 \u0219i marmur\u0103 \u0219i finisaje moderne. Gama de bancuri de lucru este reperul pentru design de \u00eenalt\u0103 calitate \u0219i durabilitate.<\/p>\n<p>Acestea sunt produse ecologice cu materii prime certificate.<\/p>\n<p><a href=\"\/files\/catalogs\/\/ALFASURFACES-BOOK-GR.pdf\" target=\"_blank\" rel=\"noopener\">Vezi catalogul<\/a><\/p>","protected":false},"excerpt":{"rendered":"<p>Blatul 0494 Exclusive19mm \u2013 R2 cu nuan\u021b\u0103 gri-maro cu con\u021binut sc\u0103zut de formaldehid\u0103 HDF Black Core, imita\u021bie de piatr\u0103, este combinat perfect cu suprafa\u021ba decorativ\u0103 Terra corespunz\u0103toare a grupului. Banca sub\u021bire poate deveni punctul central al oric\u0103rei buc\u0103t\u0103rii, deoarece combin\u0103 estetica \u00eenalt\u0103 cu designul ergonomic.<\/p>","protected":false},"featured_media":24678,"template":"","meta":{"_acf_changed":false,"inline_featured_image":false,"cybocfi_hide_featured_image":""},"product_brand":[],"product_cat":[112,179],"product_tag":[],"class_list":{"0":"post-22107","1":"product","2":"type-product","3":"status-publish","4":"has-post-thumbnail","6":"product_cat-pagoi-kouzinas","7":"product_cat-pagos-19mm","9":"first","10":"instock","11":"product-type-simple"},"acf":[],"yoast_head":"<!-- This site is optimized with the Yoast SEO Premium plugin v27.3 (Yoast SEO v27.3) - https:\/\/yoast.com\/product\/yoast-seo-premium-wordpress\/ -->\n<title>0494 Exclusive 19mm - \u0395\u03c0\u03b9\u03c6\u03ac\u03bd\u03b5\u03b9\u03b5\u03c2 \u039c\u03b5\u03bb\u03b1\u03bc\u03af\u03bd\u03b7\u03c2 MDF \u039c\u03bf\u03c1\u03b9\u03bf\u03c3\u03b1\u03bd\u03af\u03b4\u03b1 \u03a0\u03ac\u03b3\u03ba\u03bf\u03b9 \u0394\u03ac\u03c0\u03b5\u03b4\u03b1 \u03a0\u03cc\u03c1\u03c4\u03b5\u03c2<\/title>\n<meta name=\"robots\" content=\"index, follow, max-snippet:-1, max-image-preview:large, max-video-preview:-1\" \/>\n<link rel=\"canonical\" href=\"https:\/\/alfawood.gr\/ro\/produs\/0494-exclusive19mm\" \/>\n<meta property=\"og:locale\" content=\"ro_RO\" \/>\n<meta property=\"og:type\" content=\"article\" \/>\n<meta property=\"og:title\" content=\"0494 Exclusive 19mm\" \/>\n<meta property=\"og:description\" content=\"\u039f \u03c0\u03ac\u03b3\u03ba\u03bf\u03c2 \u03b5\u03c1\u03b3\u03b1\u03c3\u03af\u03b1\u03c2 0494 Exclusive19mm \u2013 R2 \u03bc\u03b5 HDF Black Core \u03c7\u03b1\u03bc\u03b7\u03bb\u03ae\u03c2 \u03c6\u03bf\u03c1\u03bc\u03b1\u03bb\u03b4\u03b5\u03b0\u03b4\u03b7\u03c2 \u03b3\u03ba\u03c1\u03b9 - \u03ba\u03b1\u03c6\u03ad \u03b1\u03c0\u03cc\u03c7\u03c1\u03c9\u03c3\u03b7, \u03b1\u03c0\u03bf\u03bc\u03af\u03bc\u03b7\u03c3\u03b7\u03c2 \u03c0\u03ad\u03c4\u03c1\u03b1\u03c2, \u03c3\u03c5\u03bd\u03b4\u03c5\u03ac\u03b6\u03b5\u03c4\u03b1\u03b9 \u03b1\u03c0\u03cc\u03bb\u03c5\u03c4\u03b1 \u03bc\u03b5 \u03c4\u03b7\u03bd \u03b1\u03bd\u03c4\u03af\u03c3\u03c4\u03bf\u03b9\u03c7\u03b7 \u03b4\u03b9\u03b1\u03ba\u03bf\u03c3\u03bc\u03b7\u03c4\u03b9\u03ba\u03ae \u03b5\u03c0\u03b9\u03c6\u03ac\u03bd\u03b5\u03b9\u03b1 Terra \u03c4\u03bf\u03c5 \u03bf\u03bc\u03af\u03bb\u03bf\u03c5. \u039f \u03bb\u03b5\u03c0\u03c4\u03cc\u03c2 \u03c0\u03ac\u03b3\u03ba\u03bf\u03c2 \u03bc\u03c0\u03bf\u03c1\u03b5\u03af \u03bd\u03b1 \u03b3\u03af\u03bd\u03b5\u03b9 \u03c4\u03bf \u03b5\u03c0\u03af\u03ba\u03b5\u03bd\u03c4\u03c1\u03bf \u03ba\u03ac\u03b8\u03b5 \u03ba\u03bf\u03c5\u03b6\u03af\u03bd\u03b1\u03c2, \u03b1\u03c6\u03bf\u03cd \u03c3\u03c5\u03bd\u03b4\u03c5\u03ac\u03b6\u03b5\u03b9 \u03c4\u03b7\u03bd \u03c5\u03c8\u03b7\u03bb\u03ae \u03b1\u03b9\u03c3\u03b8\u03b7\u03c4\u03b9\u03ba\u03ae \u03bc\u03b5 \u03c4\u03bf\u03bd \u03b5\u03c1\u03b3\u03bf\u03bd\u03bf\u03bc\u03b9\u03ba\u03cc \u03c3\u03c7\u03b5\u03b4\u03b9\u03b1\u03c3\u03bc\u03cc.\" \/>\n<meta property=\"og:url\" content=\"https:\/\/alfawood.gr\/ro\/produs\/0494-exclusive19mm\" \/>\n<meta property=\"og:site_name\" content=\"\u0395\u03c0\u03b9\u03c6\u03ac\u03bd\u03b5\u03b9\u03b5\u03c2 \u039c\u03b5\u03bb\u03b1\u03bc\u03af\u03bd\u03b7\u03c2 MDF \u039c\u03bf\u03c1\u03b9\u03bf\u03c3\u03b1\u03bd\u03af\u03b4\u03b1 \u03a0\u03ac\u03b3\u03ba\u03bf\u03b9 \u0394\u03ac\u03c0\u03b5\u03b4\u03b1 \u03a0\u03cc\u03c1\u03c4\u03b5\u03c2\" \/>\n<meta property=\"article:publisher\" content=\"https:\/\/www.facebook.com\/alfawood.group\" \/>\n<meta property=\"article:modified_time\" content=\"2023-09-28T10:34:03+00:00\" \/>\n<meta property=\"og:image\" content=\"https:\/\/alfawood.gr\/wp-content\/uploads\/2023\/03\/0494-melamine-terra-lapis-jpg.webp\" \/>\n\t<meta property=\"og:image:width\" content=\"1457\" \/>\n\t<meta property=\"og:image:height\" content=\"2000\" \/>\n\t<meta property=\"og:image:type\" content=\"image\/jpeg\" \/>\n<meta name=\"twitter:card\" content=\"summary_large_image\" \/>\n<meta name=\"twitter:site\" content=\"@ALFAWOODGROUP\" \/>\n<meta name=\"twitter:label1\" content=\"Timp estimat pentru citire\" \/>\n\t<meta name=\"twitter:data1\" content=\"1 minut\" \/>\n<script type=\"application\/ld+json\" class=\"yoast-schema-graph\">{\"@context\":\"https:\\\/\\\/schema.org\",\"@graph\":[{\"@type\":\"WebPage\",\"@id\":\"https:\\\/\\\/alfawood.gr\\\/product\\\/0494-exclusive19mm\\\/\",\"url\":\"https:\\\/\\\/alfawood.gr\\\/product\\\/0494-exclusive19mm\\\/\",\"name\":\"0494 Exclusive 19mm - \u0395\u03c0\u03b9\u03c6\u03ac\u03bd\u03b5\u03b9\u03b5\u03c2 \u039c\u03b5\u03bb\u03b1\u03bc\u03af\u03bd\u03b7\u03c2 MDF \u039c\u03bf\u03c1\u03b9\u03bf\u03c3\u03b1\u03bd\u03af\u03b4\u03b1 \u03a0\u03ac\u03b3\u03ba\u03bf\u03b9 \u0394\u03ac\u03c0\u03b5\u03b4\u03b1 \u03a0\u03cc\u03c1\u03c4\u03b5\u03c2\",\"isPartOf\":{\"@id\":\"https:\\\/\\\/alfawood.gr\\\/#website\"},\"primaryImageOfPage\":{\"@id\":\"https:\\\/\\\/alfawood.gr\\\/product\\\/0494-exclusive19mm\\\/#primaryimage\"},\"image\":{\"@id\":\"https:\\\/\\\/alfawood.gr\\\/product\\\/0494-exclusive19mm\\\/#primaryimage\"},\"thumbnailUrl\":\"https:\\\/\\\/alfawood.gr\\\/wp-content\\\/uploads\\\/2023\\\/03\\\/0494-melamine-terra-lapis-jpg.webp\",\"datePublished\":\"2023-04-26T07:24:44+00:00\",\"dateModified\":\"2023-09-28T10:34:03+00:00\",\"breadcrumb\":{\"@id\":\"https:\\\/\\\/alfawood.gr\\\/product\\\/0494-exclusive19mm\\\/#breadcrumb\"},\"inLanguage\":\"ro-RO\",\"potentialAction\":[{\"@type\":\"ReadAction\",\"target\":[\"https:\\\/\\\/alfawood.gr\\\/product\\\/0494-exclusive19mm\\\/\"]}]},{\"@type\":\"ImageObject\",\"inLanguage\":\"ro-RO\",\"@id\":\"https:\\\/\\\/alfawood.gr\\\/product\\\/0494-exclusive19mm\\\/#primaryimage\",\"url\":\"https:\\\/\\\/alfawood.gr\\\/wp-content\\\/uploads\\\/2023\\\/03\\\/0494-melamine-terra-lapis-jpg.webp\",\"contentUrl\":\"https:\\\/\\\/alfawood.gr\\\/wp-content\\\/uploads\\\/2023\\\/03\\\/0494-melamine-terra-lapis-jpg.webp\",\"width\":1457,\"height\":2000,\"caption\":\"0494-melamine-terra-lapis\"},{\"@type\":\"BreadcrumbList\",\"@id\":\"https:\\\/\\\/alfawood.gr\\\/product\\\/0494-exclusive19mm\\\/#breadcrumb\",\"itemListElement\":[{\"@type\":\"ListItem\",\"position\":1,\"name\":\"Home\",\"item\":\"https:\\\/\\\/alfawood.gr\\\/\"},{\"@type\":\"ListItem\",\"position\":2,\"name\":\"\u03a0\u03c1\u03bf\u03ca\u03cc\u03bd\u03c4\u03b1\",\"item\":\"https:\\\/\\\/alfawood.gr\\\/proionta-wood\\\/\"},{\"@type\":\"ListItem\",\"position\":3,\"name\":\"Alfa Tops - \u03a0\u03ac\u03b3\u03ba\u03bf\u03b9 \u039a\u03bf\u03c5\u03b6\u03af\u03bd\u03b1\u03c2\",\"item\":\"https:\\\/\\\/alfawood.gr\\\/category\\\/pagoi-kouzinas\\\/\"},{\"@type\":\"ListItem\",\"position\":4,\"name\":\"0494 Exclusive 19mm\"}]},{\"@type\":\"WebSite\",\"@id\":\"https:\\\/\\\/alfawood.gr\\\/#website\",\"url\":\"https:\\\/\\\/alfawood.gr\\\/\",\"name\":\"\u0395\u03c0\u03b9\u03c6\u03ac\u03bd\u03b5\u03b9\u03b5\u03c2 \u039c\u03b5\u03bb\u03b1\u03bc\u03af\u03bd\u03b7\u03c2 MDF \u039c\u03bf\u03c1\u03b9\u03bf\u03c3\u03b1\u03bd\u03af\u03b4\u03b1 \u03a0\u03ac\u03b3\u03ba\u03bf\u03b9 \u0394\u03ac\u03c0\u03b5\u03b4\u03b1 \u03a0\u03cc\u03c1\u03c4\u03b5\u03c2\",\"description\":\"\u0392\u03b9\u03bf\u03bc\u03b7\u03c7\u03b1\u03bd\u03af\u03b1 \u039e\u03cd\u03bb\u03bf\u03c5 Alfa Wood Group\",\"publisher\":{\"@id\":\"https:\\\/\\\/alfawood.gr\\\/#organization\"},\"alternateName\":\"Melamines - MDF - Laminate - Worktops\",\"potentialAction\":[{\"@type\":\"SearchAction\",\"target\":{\"@type\":\"EntryPoint\",\"urlTemplate\":\"https:\\\/\\\/alfawood.gr\\\/?s={search_term_string}\"},\"query-input\":{\"@type\":\"PropertyValueSpecification\",\"valueRequired\":true,\"valueName\":\"search_term_string\"}}],\"inLanguage\":\"ro-RO\"},{\"@type\":\"Organization\",\"@id\":\"https:\\\/\\\/alfawood.gr\\\/#organization\",\"name\":\"Alfa Wood Group\",\"url\":\"https:\\\/\\\/alfawood.gr\\\/\",\"logo\":{\"@type\":\"ImageObject\",\"inLanguage\":\"ro-RO\",\"@id\":\"https:\\\/\\\/alfawood.gr\\\/#\\\/schema\\\/logo\\\/image\\\/\",\"url\":\"https:\\\/\\\/alfawood.gr\\\/wp-content\\\/uploads\\\/2023\\\/02\\\/alfa-wood-logo-1.svg\",\"contentUrl\":\"https:\\\/\\\/alfawood.gr\\\/wp-content\\\/uploads\\\/2023\\\/02\\\/alfa-wood-logo-1.svg\",\"width\":305,\"height\":195,\"caption\":\"Alfa Wood Group\"},\"image\":{\"@id\":\"https:\\\/\\\/alfawood.gr\\\/#\\\/schema\\\/logo\\\/image\\\/\"},\"sameAs\":[\"https:\\\/\\\/www.facebook.com\\\/alfawood.group\",\"https:\\\/\\\/x.com\\\/ALFAWOODGROUP\",\"https:\\\/\\\/www.instagram.com\\\/alfawood.group\",\"https:\\\/\\\/www.youtube.com\\\/@alfawoodgroup\",\"https:\\\/\\\/www.tiktok.com\\\/@alfawood.group\",\"https:\\\/\\\/vimeo.com\\\/alfawood\",\"https:\\\/\\\/www.linkedin.com\\\/company\\\/alfawoodgroup\",\"https:\\\/\\\/www.pinterest.com\\\/alfawoodgroup\\\/\"]}]}<\/script>\n<!-- \/ Yoast SEO Premium plugin. -->","yoast_head_json":{"title":"5746 Gloss Exclusive 19mm - Suprafe\u021be melaminate Conturi din PAL MDF Podele U\u0219i","robots":{"index":"index","follow":"follow","max-snippet":"max-snippet:-1","max-image-preview":"max-image-preview:large","max-video-preview":"max-video-preview:-1"},"canonical":"https:\/\/alfawood.gr\/ro\/produs\/0494-exclusive19mm","og_locale":"ro_RO","og_type":"article","og_title":"0494 Exclusive 19mm","og_description":"\u039f \u03c0\u03ac\u03b3\u03ba\u03bf\u03c2 \u03b5\u03c1\u03b3\u03b1\u03c3\u03af\u03b1\u03c2 0494 Exclusive19mm \u2013 R2 \u03bc\u03b5 HDF Black Core \u03c7\u03b1\u03bc\u03b7\u03bb\u03ae\u03c2 \u03c6\u03bf\u03c1\u03bc\u03b1\u03bb\u03b4\u03b5\u03b0\u03b4\u03b7\u03c2 \u03b3\u03ba\u03c1\u03b9 - \u03ba\u03b1\u03c6\u03ad \u03b1\u03c0\u03cc\u03c7\u03c1\u03c9\u03c3\u03b7, \u03b1\u03c0\u03bf\u03bc\u03af\u03bc\u03b7\u03c3\u03b7\u03c2 \u03c0\u03ad\u03c4\u03c1\u03b1\u03c2, \u03c3\u03c5\u03bd\u03b4\u03c5\u03ac\u03b6\u03b5\u03c4\u03b1\u03b9 \u03b1\u03c0\u03cc\u03bb\u03c5\u03c4\u03b1 \u03bc\u03b5 \u03c4\u03b7\u03bd \u03b1\u03bd\u03c4\u03af\u03c3\u03c4\u03bf\u03b9\u03c7\u03b7 \u03b4\u03b9\u03b1\u03ba\u03bf\u03c3\u03bc\u03b7\u03c4\u03b9\u03ba\u03ae \u03b5\u03c0\u03b9\u03c6\u03ac\u03bd\u03b5\u03b9\u03b1 Terra \u03c4\u03bf\u03c5 \u03bf\u03bc\u03af\u03bb\u03bf\u03c5. \u039f \u03bb\u03b5\u03c0\u03c4\u03cc\u03c2 \u03c0\u03ac\u03b3\u03ba\u03bf\u03c2 \u03bc\u03c0\u03bf\u03c1\u03b5\u03af \u03bd\u03b1 \u03b3\u03af\u03bd\u03b5\u03b9 \u03c4\u03bf \u03b5\u03c0\u03af\u03ba\u03b5\u03bd\u03c4\u03c1\u03bf \u03ba\u03ac\u03b8\u03b5 \u03ba\u03bf\u03c5\u03b6\u03af\u03bd\u03b1\u03c2, \u03b1\u03c6\u03bf\u03cd \u03c3\u03c5\u03bd\u03b4\u03c5\u03ac\u03b6\u03b5\u03b9 \u03c4\u03b7\u03bd \u03c5\u03c8\u03b7\u03bb\u03ae \u03b1\u03b9\u03c3\u03b8\u03b7\u03c4\u03b9\u03ba\u03ae \u03bc\u03b5 \u03c4\u03bf\u03bd \u03b5\u03c1\u03b3\u03bf\u03bd\u03bf\u03bc\u03b9\u03ba\u03cc \u03c3\u03c7\u03b5\u03b4\u03b9\u03b1\u03c3\u03bc\u03cc.","og_url":"https:\/\/alfawood.gr\/ro\/produs\/0494-exclusive19mm","og_site_name":"\u0395\u03c0\u03b9\u03c6\u03ac\u03bd\u03b5\u03b9\u03b5\u03c2 \u039c\u03b5\u03bb\u03b1\u03bc\u03af\u03bd\u03b7\u03c2 MDF \u039c\u03bf\u03c1\u03b9\u03bf\u03c3\u03b1\u03bd\u03af\u03b4\u03b1 \u03a0\u03ac\u03b3\u03ba\u03bf\u03b9 \u0394\u03ac\u03c0\u03b5\u03b4\u03b1 \u03a0\u03cc\u03c1\u03c4\u03b5\u03c2","article_publisher":"https:\/\/www.facebook.com\/alfawood.group","article_modified_time":"2023-09-28T10:34:03+00:00","og_image":[{"width":1457,"height":2000,"url":"https:\/\/alfawood.gr\/wp-content\/uploads\/2023\/03\/0494-melamine-terra-lapis-jpg.webp","type":"image\/jpeg"}],"twitter_card":"summary_large_image","twitter_site":"@ALFAWOODGROUP","twitter_misc":{"Timp estimat pentru citire":"1 minut"},"schema":{"@context":"https:\/\/schema.org","@graph":[{"@type":"WebPage","@id":"https:\/\/alfawood.gr\/product\/0494-exclusive19mm\/","url":"https:\/\/alfawood.gr\/product\/0494-exclusive19mm\/","name":"5746 Gloss Exclusive 19mm - Suprafe\u021be melaminate Conturi din PAL MDF Podele U\u0219i","isPartOf":{"@id":"https:\/\/alfawood.gr\/#website"},"primaryImageOfPage":{"@id":"https:\/\/alfawood.gr\/product\/0494-exclusive19mm\/#primaryimage"},"image":{"@id":"https:\/\/alfawood.gr\/product\/0494-exclusive19mm\/#primaryimage"},"thumbnailUrl":"https:\/\/alfawood.gr\/wp-content\/uploads\/2023\/03\/0494-melamine-terra-lapis-jpg.webp","datePublished":"2023-04-26T07:24:44+00:00","dateModified":"2023-09-28T10:34:03+00:00","breadcrumb":{"@id":"https:\/\/alfawood.gr\/product\/0494-exclusive19mm\/#breadcrumb"},"inLanguage":"ro-RO","potentialAction":[{"@type":"ReadAction","target":["https:\/\/alfawood.gr\/product\/0494-exclusive19mm\/"]}]},{"@type":"ImageObject","inLanguage":"ro-RO","@id":"https:\/\/alfawood.gr\/product\/0494-exclusive19mm\/#primaryimage","url":"https:\/\/alfawood.gr\/wp-content\/uploads\/2023\/03\/0494-melamine-terra-lapis-jpg.webp","contentUrl":"https:\/\/alfawood.gr\/wp-content\/uploads\/2023\/03\/0494-melamine-terra-lapis-jpg.webp","width":1457,"height":2000,"caption":"0494-melamine-terra-lapis"},{"@type":"BreadcrumbList","@id":"https:\/\/alfawood.gr\/product\/0494-exclusive19mm\/#breadcrumb","itemListElement":[{"@type":"ListItem","position":1,"name":"Home","item":"https:\/\/alfawood.gr\/"},{"@type":"ListItem","position":2,"name":"\u03a0\u03c1\u03bf\u03ca\u03cc\u03bd\u03c4\u03b1","item":"https:\/\/alfawood.gr\/proionta-wood\/"},{"@type":"ListItem","position":3,"name":"Alfa Tops - \u03a0\u03ac\u03b3\u03ba\u03bf\u03b9 \u039a\u03bf\u03c5\u03b6\u03af\u03bd\u03b1\u03c2","item":"https:\/\/alfawood.gr\/category\/pagoi-kouzinas\/"},{"@type":"ListItem","position":4,"name":"0494 Exclusive 19mm"}]},{"@type":"WebSite","@id":"https:\/\/alfawood.gr\/#website","url":"https:\/\/alfawood.gr\/","name":"Suprafete melaminate Conturi din PAL MDF Podele Usi","description":"Alfa Wood Group Industria Lemnului","publisher":{"@id":"https:\/\/alfawood.gr\/#organization"},"alternateName":"Melamines - MDF - Laminate - Worktops","potentialAction":[{"@type":"SearchAction","target":{"@type":"EntryPoint","urlTemplate":"https:\/\/alfawood.gr\/?s={search_term_string}"},"query-input":{"@type":"PropertyValueSpecification","valueRequired":true,"valueName":"search_term_string"}}],"inLanguage":"ro-RO"},{"@type":"Organization","@id":"https:\/\/alfawood.gr\/#organization","name":"Grupul Alfa Wood","url":"https:\/\/alfawood.gr\/","logo":{"@type":"ImageObject","inLanguage":"ro-RO","@id":"https:\/\/alfawood.gr\/#\/schema\/logo\/image\/","url":"https:\/\/alfawood.gr\/wp-content\/uploads\/2023\/02\/alfa-wood-logo-1.svg","contentUrl":"https:\/\/alfawood.gr\/wp-content\/uploads\/2023\/02\/alfa-wood-logo-1.svg","width":305,"height":195,"caption":"Alfa Wood Group"},"image":{"@id":"https:\/\/alfawood.gr\/#\/schema\/logo\/image\/"},"sameAs":["https:\/\/www.facebook.com\/alfawood.group","https:\/\/x.com\/ALFAWOODGROUP","https:\/\/www.instagram.com\/alfawood.group","https:\/\/www.youtube.com\/@alfawoodgroup","https:\/\/www.tiktok.com\/@alfawood.group","https:\/\/vimeo.com\/alfawood","https:\/\/www.linkedin.com\/company\/alfawoodgroup","https:\/\/www.pinterest.com\/alfawoodgroup\/"]}]}},"_links":{"self":[{"href":"https:\/\/alfawood.gr\/ro\/wp-json\/wp\/v2\/product\/22107","targetHints":{"allow":["GET"]}}],"collection":[{"href":"https:\/\/alfawood.gr\/ro\/wp-json\/wp\/v2\/product"}],"about":[{"href":"https:\/\/alfawood.gr\/ro\/wp-json\/wp\/v2\/types\/product"}],"version-history":[{"count":0,"href":"https:\/\/alfawood.gr\/ro\/wp-json\/wp\/v2\/product\/22107\/revisions"}],"wp:featuredmedia":[{"embeddable":true,"href":"https:\/\/alfawood.gr\/ro\/wp-json\/wp\/v2\/media\/24678"}],"wp:attachment":[{"href":"https:\/\/alfawood.gr\/ro\/wp-json\/wp\/v2\/media?parent=22107"}],"wp:term":[{"taxonomy":"product_brand","embeddable":true,"href":"https:\/\/alfawood.gr\/ro\/wp-json\/wp\/v2\/product_brand?post=22107"},{"taxonomy":"product_cat","embeddable":true,"href":"https:\/\/alfawood.gr\/ro\/wp-json\/wp\/v2\/product_cat?post=22107"},{"taxonomy":"product_tag","embeddable":true,"href":"https:\/\/alfawood.gr\/ro\/wp-json\/wp\/v2\/product_tag?post=22107"}],"curies":[{"name":"wp","href":"https:\/\/api.w.org\/{rel}","templated":true}]}}