{"id":22196,"date":"2023-04-26T11:04:14","date_gmt":"2023-04-26T11:04:14","guid":{"rendered":"https:\/\/alfawood.gr\/?post_type=product&#038;p=22196"},"modified":"2023-04-26T11:07:09","modified_gmt":"2023-04-26T11:07:09","slug":"betofilm-lefkis","status":"publish","type":"product","link":"https:\/\/alfawood.gr\/ro\/product\/betofilm-lefkis\/","title":{"rendered":"Betofilm Lefkis"},"content":{"rendered":"<p class=\"textinalfa\">Placajul este un material de construc\u021bie de \u00eenalt\u0103 calitate, cu durabilitate excelent\u0103 \u0219i rezisten\u021b\u0103 la umiditate. Este produsul obtinut prin lipirea unui numar impar de straturi de furnire (3 si mai sus), astfel incat fibrele straturilor succesive sa fie dispuse vertical, in timp ce in functie de tipul de lipici folosit pentru producerea lui se caracterizeaza si utilizarea acestuia, interne sau externe.<\/p>\n<p class=\"textinalfa\">Este un produs extrem de durabil, cu o varietate de utiliz\u0103ri:<\/p>\n<ul>\n<li style=\"text-align: left;\">Constructii navale<\/li>\n<li>Construc\u021bie (Betofilm pentru beton aparent, Betoform)<\/li>\n<li>Confec\u0163ionarea de cabinete<\/li>\n<li>Baza pe podele<\/li>\n<li>Gruparea<\/li>\n<li>Construc\u021bia de juc\u0103rii, instrumente muzicale etc.<\/li>\n<li>Panouri<\/li>\n<li>Compartimentari si investitii in constructii<\/li>\n<li>Camioane remorci<\/li>\n<li>C\u0103ptu\u0219eal\u0103 u\u0219i interioare \u0219i exterioare<\/li>\n<\/ul>","protected":false},"excerpt":{"rendered":"<table class=\"table23_5\">\n<tbody>\n<tr>\n<td>Transparen\u0163\u0103<\/td>\n<td>Film fenolic<\/td>\n<\/tr>\n<tr>\n<td>Suprafa\u021ba podelei<\/td>\n<td>Film fenolic<\/td>\n<\/tr>\n<tr>\n<td>Interior<\/td>\n<td>Plop<\/td>\n<\/tr>\n<tr>\n<td>Dimensiuni (mm)<\/td>\n<td>2500 x 1250<\/td>\n<\/tr>\n<tr>\n<td>grosime (mm)<\/td>\n<td>21<\/td>\n<\/tr>\n<tr>\n<td>Lipiciuri<\/td>\n<td>Uz extern WBP E1<\/td>\n<\/tr>\n<\/tbody>\n<\/table>\n<p>&nbsp;<\/p>","protected":false},"featured_media":22197,"template":"","meta":{"_acf_changed":false,"inline_featured_image":false,"cybocfi_hide_featured_image":""},"product_brand":[],"product_cat":[132,838],"product_tag":[],"class_list":{"0":"post-22196","1":"product","2":"type-product","3":"status-publish","4":"has-post-thumbnail","6":"product_cat-domika-ulika-ksylou","7":"product_cat-kontra-plake","9":"first","10":"instock","11":"product-type-simple"},"acf":[],"yoast_head":"<!-- This site is optimized with the Yoast SEO Premium plugin v27.3 (Yoast SEO v27.3) - https:\/\/yoast.com\/product\/yoast-seo-premium-wordpress\/ -->\n<title>Betofilm \u039b\u03b5\u03cd\u03ba\u03b7\u03c2 - \u0395\u03c0\u03b9\u03c6\u03ac\u03bd\u03b5\u03b9\u03b5\u03c2 \u039c\u03b5\u03bb\u03b1\u03bc\u03af\u03bd\u03b7\u03c2 MDF \u039c\u03bf\u03c1\u03b9\u03bf\u03c3\u03b1\u03bd\u03af\u03b4\u03b1 \u03a0\u03ac\u03b3\u03ba\u03bf\u03b9 \u0394\u03ac\u03c0\u03b5\u03b4\u03b1 \u03a0\u03cc\u03c1\u03c4\u03b5\u03c2<\/title>\n<meta name=\"robots\" content=\"index, follow, max-snippet:-1, max-image-preview:large, max-video-preview:-1\" \/>\n<link rel=\"canonical\" href=\"https:\/\/alfawood.gr\/ro\/produs\/betofilm-lefkis\" \/>\n<meta property=\"og:locale\" content=\"ro_RO\" \/>\n<meta property=\"og:type\" content=\"article\" \/>\n<meta property=\"og:title\" content=\"Betofilm \u039b\u03b5\u03cd\u03ba\u03b7\u03c2\" \/>\n<meta property=\"og:description\" content=\"\u03a0\u03b1\u03bd\u03c9\u03c6\u03ac\u03bd\u03b5\u03b9\u03b1 \u03a6\u03b1\u03b9\u03bd\u03bf\u03bb\u03b9\u03ba\u03cc \u03a6\u03b9\u03bb\u03bc   \u039a\u03b1\u03c4\u03c9\u03c6\u03ac\u03bd\u03b5\u03b9\u03b1 \u03a6\u03b1\u03b9\u03bd\u03bf\u03bb\u03b9\u03ba\u03cc \u03a6\u03b9\u03bb\u03bc   \u0395\u03c3\u03c9\u03c4\u03b5\u03c1\u03b9\u03ba\u03cc \u039b\u03b5\u03cd\u03ba\u03b7   \u0394\u03b9\u03b1\u03c3\u03c4\u03ac\u03c3\u03b5\u03b9\u03c2(mm) 2500 x 1250   \u03a0\u03ac\u03c7\u03b7 (mm) 21   \u039a\u03cc\u03bb\u03bb\u03b5\u03c2 \u0395\u03be\u03c9\u03c4\u03b5\u03c1\u03b9\u03ba\u03ae\u03c2 \u03c7\u03c1\u03ae\u03c3\u03b7\u03c2 WBP E1    &nbsp;\" \/>\n<meta property=\"og:url\" content=\"https:\/\/alfawood.gr\/ro\/produs\/betofilm-lefkis\" \/>\n<meta property=\"og:site_name\" content=\"\u0395\u03c0\u03b9\u03c6\u03ac\u03bd\u03b5\u03b9\u03b5\u03c2 \u039c\u03b5\u03bb\u03b1\u03bc\u03af\u03bd\u03b7\u03c2 MDF \u039c\u03bf\u03c1\u03b9\u03bf\u03c3\u03b1\u03bd\u03af\u03b4\u03b1 \u03a0\u03ac\u03b3\u03ba\u03bf\u03b9 \u0394\u03ac\u03c0\u03b5\u03b4\u03b1 \u03a0\u03cc\u03c1\u03c4\u03b5\u03c2\" \/>\n<meta property=\"article:publisher\" content=\"https:\/\/www.facebook.com\/alfawood.group\" \/>\n<meta property=\"article:modified_time\" content=\"2023-04-26T11:07:09+00:00\" \/>\n<meta property=\"og:image\" content=\"https:\/\/alfawood.gr\/wp-content\/uploads\/2023\/04\/betofilm-leukis.jpg\" \/>\n\t<meta property=\"og:image:width\" content=\"1600\" \/>\n\t<meta property=\"og:image:height\" content=\"1200\" \/>\n\t<meta property=\"og:image:type\" content=\"image\/jpeg\" \/>\n<meta name=\"twitter:card\" content=\"summary_large_image\" \/>\n<meta name=\"twitter:site\" content=\"@ALFAWOODGROUP\" \/>\n<meta name=\"twitter:label1\" content=\"Timp estimat pentru citire\" \/>\n\t<meta name=\"twitter:data1\" content=\"1 minut\" \/>\n<script type=\"application\/ld+json\" class=\"yoast-schema-graph\">{\"@context\":\"https:\\\/\\\/schema.org\",\"@graph\":[{\"@type\":\"WebPage\",\"@id\":\"https:\\\/\\\/alfawood.gr\\\/bg\\\/produkt\\\/betofilm-lefkis\\\/\",\"url\":\"https:\\\/\\\/alfawood.gr\\\/bg\\\/produkt\\\/betofilm-lefkis\\\/\",\"name\":\"Betofilm \u039b\u03b5\u03cd\u03ba\u03b7\u03c2 - \u0395\u03c0\u03b9\u03c6\u03ac\u03bd\u03b5\u03b9\u03b5\u03c2 \u039c\u03b5\u03bb\u03b1\u03bc\u03af\u03bd\u03b7\u03c2 MDF \u039c\u03bf\u03c1\u03b9\u03bf\u03c3\u03b1\u03bd\u03af\u03b4\u03b1 \u03a0\u03ac\u03b3\u03ba\u03bf\u03b9 \u0394\u03ac\u03c0\u03b5\u03b4\u03b1 \u03a0\u03cc\u03c1\u03c4\u03b5\u03c2\",\"isPartOf\":{\"@id\":\"https:\\\/\\\/alfawood.gr\\\/#website\"},\"primaryImageOfPage\":{\"@id\":\"https:\\\/\\\/alfawood.gr\\\/bg\\\/produkt\\\/betofilm-lefkis\\\/#primaryimage\"},\"image\":{\"@id\":\"https:\\\/\\\/alfawood.gr\\\/bg\\\/produkt\\\/betofilm-lefkis\\\/#primaryimage\"},\"thumbnailUrl\":\"https:\\\/\\\/alfawood.gr\\\/wp-content\\\/uploads\\\/2023\\\/04\\\/betofilm-leukis.jpg\",\"datePublished\":\"2023-04-26T11:04:14+00:00\",\"dateModified\":\"2023-04-26T11:07:09+00:00\",\"breadcrumb\":{\"@id\":\"https:\\\/\\\/alfawood.gr\\\/bg\\\/produkt\\\/betofilm-lefkis\\\/#breadcrumb\"},\"inLanguage\":\"ro-RO\",\"potentialAction\":[{\"@type\":\"ReadAction\",\"target\":[\"https:\\\/\\\/alfawood.gr\\\/bg\\\/produkt\\\/betofilm-lefkis\\\/\"]}]},{\"@type\":\"ImageObject\",\"inLanguage\":\"ro-RO\",\"@id\":\"https:\\\/\\\/alfawood.gr\\\/bg\\\/produkt\\\/betofilm-lefkis\\\/#primaryimage\",\"url\":\"https:\\\/\\\/alfawood.gr\\\/wp-content\\\/uploads\\\/2023\\\/04\\\/betofilm-leukis.jpg\",\"contentUrl\":\"https:\\\/\\\/alfawood.gr\\\/wp-content\\\/uploads\\\/2023\\\/04\\\/betofilm-leukis.jpg\",\"width\":1600,\"height\":1200,\"caption\":\"betofilm leukis\"},{\"@type\":\"BreadcrumbList\",\"@id\":\"https:\\\/\\\/alfawood.gr\\\/bg\\\/produkt\\\/betofilm-lefkis\\\/#breadcrumb\",\"itemListElement\":[{\"@type\":\"ListItem\",\"position\":1,\"name\":\"Home\",\"item\":\"https:\\\/\\\/alfawood.gr\\\/\"},{\"@type\":\"ListItem\",\"position\":2,\"name\":\"\u03a0\u03c1\u03bf\u03ca\u03cc\u03bd\u03c4\u03b1\",\"item\":\"https:\\\/\\\/alfawood.gr\\\/proionta-wood\\\/\"},{\"@type\":\"ListItem\",\"position\":3,\"name\":\"\u0394\u03bf\u03bc\u03b9\u03ba\u03ac \u03a5\u03bb\u03b9\u03ba\u03ac \u039e\u03cd\u03bb\u03bf\u03c5 - Alfa Building\",\"item\":\"https:\\\/\\\/alfawood.gr\\\/en\\\/category\\\/domika-ulika-ksylou\\\/\"},{\"@type\":\"ListItem\",\"position\":4,\"name\":\"Betofilm \u039b\u03b5\u03cd\u03ba\u03b7\u03c2\"}]},{\"@type\":\"WebSite\",\"@id\":\"https:\\\/\\\/alfawood.gr\\\/#website\",\"url\":\"https:\\\/\\\/alfawood.gr\\\/\",\"name\":\"\u0395\u03c0\u03b9\u03c6\u03ac\u03bd\u03b5\u03b9\u03b5\u03c2 \u039c\u03b5\u03bb\u03b1\u03bc\u03af\u03bd\u03b7\u03c2 MDF \u039c\u03bf\u03c1\u03b9\u03bf\u03c3\u03b1\u03bd\u03af\u03b4\u03b1 \u03a0\u03ac\u03b3\u03ba\u03bf\u03b9 \u0394\u03ac\u03c0\u03b5\u03b4\u03b1 \u03a0\u03cc\u03c1\u03c4\u03b5\u03c2\",\"description\":\"\u0392\u03b9\u03bf\u03bc\u03b7\u03c7\u03b1\u03bd\u03af\u03b1 \u039e\u03cd\u03bb\u03bf\u03c5 Alfa Wood Group\",\"publisher\":{\"@id\":\"https:\\\/\\\/alfawood.gr\\\/#organization\"},\"alternateName\":\"Melamines - MDF - Laminate - Worktops\",\"potentialAction\":[{\"@type\":\"SearchAction\",\"target\":{\"@type\":\"EntryPoint\",\"urlTemplate\":\"https:\\\/\\\/alfawood.gr\\\/?s={search_term_string}\"},\"query-input\":{\"@type\":\"PropertyValueSpecification\",\"valueRequired\":true,\"valueName\":\"search_term_string\"}}],\"inLanguage\":\"ro-RO\"},{\"@type\":\"Organization\",\"@id\":\"https:\\\/\\\/alfawood.gr\\\/#organization\",\"name\":\"Alfa Wood Group\",\"url\":\"https:\\\/\\\/alfawood.gr\\\/\",\"logo\":{\"@type\":\"ImageObject\",\"inLanguage\":\"ro-RO\",\"@id\":\"https:\\\/\\\/alfawood.gr\\\/#\\\/schema\\\/logo\\\/image\\\/\",\"url\":\"https:\\\/\\\/alfawood.gr\\\/wp-content\\\/uploads\\\/2023\\\/02\\\/alfa-wood-logo-1.svg\",\"contentUrl\":\"https:\\\/\\\/alfawood.gr\\\/wp-content\\\/uploads\\\/2023\\\/02\\\/alfa-wood-logo-1.svg\",\"width\":305,\"height\":195,\"caption\":\"Alfa Wood Group\"},\"image\":{\"@id\":\"https:\\\/\\\/alfawood.gr\\\/#\\\/schema\\\/logo\\\/image\\\/\"},\"sameAs\":[\"https:\\\/\\\/www.facebook.com\\\/alfawood.group\",\"https:\\\/\\\/x.com\\\/ALFAWOODGROUP\",\"https:\\\/\\\/www.instagram.com\\\/alfawood.group\",\"https:\\\/\\\/www.youtube.com\\\/@alfawoodgroup\",\"https:\\\/\\\/www.tiktok.com\\\/@alfawood.group\",\"https:\\\/\\\/vimeo.com\\\/alfawood\",\"https:\\\/\\\/www.linkedin.com\\\/company\\\/alfawoodgroup\",\"https:\\\/\\\/www.pinterest.com\\\/alfawoodgroup\\\/\"]}]}<\/script>\n<!-- \/ Yoast SEO Premium plugin. -->","yoast_head_json":{"title":"Betofilm Plop - Suprafete Melaminate Conturi din PAL MDF Pardoseli Usi","robots":{"index":"index","follow":"follow","max-snippet":"max-snippet:-1","max-image-preview":"max-image-preview:large","max-video-preview":"max-video-preview:-1"},"canonical":"https:\/\/alfawood.gr\/ro\/produs\/betofilm-lefkis","og_locale":"ro_RO","og_type":"article","og_title":"Betofilm \u039b\u03b5\u03cd\u03ba\u03b7\u03c2","og_description":"\u03a0\u03b1\u03bd\u03c9\u03c6\u03ac\u03bd\u03b5\u03b9\u03b1 \u03a6\u03b1\u03b9\u03bd\u03bf\u03bb\u03b9\u03ba\u03cc \u03a6\u03b9\u03bb\u03bc   \u039a\u03b1\u03c4\u03c9\u03c6\u03ac\u03bd\u03b5\u03b9\u03b1 \u03a6\u03b1\u03b9\u03bd\u03bf\u03bb\u03b9\u03ba\u03cc \u03a6\u03b9\u03bb\u03bc   \u0395\u03c3\u03c9\u03c4\u03b5\u03c1\u03b9\u03ba\u03cc \u039b\u03b5\u03cd\u03ba\u03b7   \u0394\u03b9\u03b1\u03c3\u03c4\u03ac\u03c3\u03b5\u03b9\u03c2(mm) 2500 x 1250   \u03a0\u03ac\u03c7\u03b7 (mm) 21   \u039a\u03cc\u03bb\u03bb\u03b5\u03c2 \u0395\u03be\u03c9\u03c4\u03b5\u03c1\u03b9\u03ba\u03ae\u03c2 \u03c7\u03c1\u03ae\u03c3\u03b7\u03c2 WBP E1    &nbsp;","og_url":"https:\/\/alfawood.gr\/ro\/produs\/betofilm-lefkis","og_site_name":"\u0395\u03c0\u03b9\u03c6\u03ac\u03bd\u03b5\u03b9\u03b5\u03c2 \u039c\u03b5\u03bb\u03b1\u03bc\u03af\u03bd\u03b7\u03c2 MDF \u039c\u03bf\u03c1\u03b9\u03bf\u03c3\u03b1\u03bd\u03af\u03b4\u03b1 \u03a0\u03ac\u03b3\u03ba\u03bf\u03b9 \u0394\u03ac\u03c0\u03b5\u03b4\u03b1 \u03a0\u03cc\u03c1\u03c4\u03b5\u03c2","article_publisher":"https:\/\/www.facebook.com\/alfawood.group","article_modified_time":"2023-04-26T11:07:09+00:00","og_image":[{"width":1600,"height":1200,"url":"https:\/\/alfawood.gr\/wp-content\/uploads\/2023\/04\/betofilm-leukis.jpg","type":"image\/jpeg"}],"twitter_card":"summary_large_image","twitter_site":"@ALFAWOODGROUP","twitter_misc":{"Timp estimat pentru citire":"1 minut"},"schema":{"@context":"https:\/\/schema.org","@graph":[{"@type":"WebPage","@id":"https:\/\/alfawood.gr\/bg\/produkt\/betofilm-lefkis\/","url":"https:\/\/alfawood.gr\/bg\/produkt\/betofilm-lefkis\/","name":"Betofilm Plop - Suprafete Melaminate Conturi din PAL MDF Pardoseli Usi","isPartOf":{"@id":"https:\/\/alfawood.gr\/#website"},"primaryImageOfPage":{"@id":"https:\/\/alfawood.gr\/bg\/produkt\/betofilm-lefkis\/#primaryimage"},"image":{"@id":"https:\/\/alfawood.gr\/bg\/produkt\/betofilm-lefkis\/#primaryimage"},"thumbnailUrl":"https:\/\/alfawood.gr\/wp-content\/uploads\/2023\/04\/betofilm-leukis.jpg","datePublished":"2023-04-26T11:04:14+00:00","dateModified":"2023-04-26T11:07:09+00:00","breadcrumb":{"@id":"https:\/\/alfawood.gr\/bg\/produkt\/betofilm-lefkis\/#breadcrumb"},"inLanguage":"ro-RO","potentialAction":[{"@type":"ReadAction","target":["https:\/\/alfawood.gr\/bg\/produkt\/betofilm-lefkis\/"]}]},{"@type":"ImageObject","inLanguage":"ro-RO","@id":"https:\/\/alfawood.gr\/bg\/produkt\/betofilm-lefkis\/#primaryimage","url":"https:\/\/alfawood.gr\/wp-content\/uploads\/2023\/04\/betofilm-leukis.jpg","contentUrl":"https:\/\/alfawood.gr\/wp-content\/uploads\/2023\/04\/betofilm-leukis.jpg","width":1600,"height":1200,"caption":"betofilm leukis"},{"@type":"BreadcrumbList","@id":"https:\/\/alfawood.gr\/bg\/produkt\/betofilm-lefkis\/#breadcrumb","itemListElement":[{"@type":"ListItem","position":1,"name":"Home","item":"https:\/\/alfawood.gr\/"},{"@type":"ListItem","position":2,"name":"\u03a0\u03c1\u03bf\u03ca\u03cc\u03bd\u03c4\u03b1","item":"https:\/\/alfawood.gr\/proionta-wood\/"},{"@type":"ListItem","position":3,"name":"\u0394\u03bf\u03bc\u03b9\u03ba\u03ac \u03a5\u03bb\u03b9\u03ba\u03ac \u039e\u03cd\u03bb\u03bf\u03c5 - Alfa Building","item":"https:\/\/alfawood.gr\/en\/category\/domika-ulika-ksylou\/"},{"@type":"ListItem","position":4,"name":"Betofilm \u039b\u03b5\u03cd\u03ba\u03b7\u03c2"}]},{"@type":"WebSite","@id":"https:\/\/alfawood.gr\/#website","url":"https:\/\/alfawood.gr\/","name":"Suprafete melaminate Conturi din PAL MDF Podele Usi","description":"Alfa Wood Group Industria Lemnului","publisher":{"@id":"https:\/\/alfawood.gr\/#organization"},"alternateName":"Melamines - MDF - Laminate - Worktops","potentialAction":[{"@type":"SearchAction","target":{"@type":"EntryPoint","urlTemplate":"https:\/\/alfawood.gr\/?s={search_term_string}"},"query-input":{"@type":"PropertyValueSpecification","valueRequired":true,"valueName":"search_term_string"}}],"inLanguage":"ro-RO"},{"@type":"Organization","@id":"https:\/\/alfawood.gr\/#organization","name":"Grupul Alfa Wood","url":"https:\/\/alfawood.gr\/","logo":{"@type":"ImageObject","inLanguage":"ro-RO","@id":"https:\/\/alfawood.gr\/#\/schema\/logo\/image\/","url":"https:\/\/alfawood.gr\/wp-content\/uploads\/2023\/02\/alfa-wood-logo-1.svg","contentUrl":"https:\/\/alfawood.gr\/wp-content\/uploads\/2023\/02\/alfa-wood-logo-1.svg","width":305,"height":195,"caption":"Alfa Wood Group"},"image":{"@id":"https:\/\/alfawood.gr\/#\/schema\/logo\/image\/"},"sameAs":["https:\/\/www.facebook.com\/alfawood.group","https:\/\/x.com\/ALFAWOODGROUP","https:\/\/www.instagram.com\/alfawood.group","https:\/\/www.youtube.com\/@alfawoodgroup","https:\/\/www.tiktok.com\/@alfawood.group","https:\/\/vimeo.com\/alfawood","https:\/\/www.linkedin.com\/company\/alfawoodgroup","https:\/\/www.pinterest.com\/alfawoodgroup\/"]}]}},"_links":{"self":[{"href":"https:\/\/alfawood.gr\/ro\/wp-json\/wp\/v2\/product\/22196","targetHints":{"allow":["GET"]}}],"collection":[{"href":"https:\/\/alfawood.gr\/ro\/wp-json\/wp\/v2\/product"}],"about":[{"href":"https:\/\/alfawood.gr\/ro\/wp-json\/wp\/v2\/types\/product"}],"version-history":[{"count":0,"href":"https:\/\/alfawood.gr\/ro\/wp-json\/wp\/v2\/product\/22196\/revisions"}],"wp:featuredmedia":[{"embeddable":true,"href":"https:\/\/alfawood.gr\/ro\/wp-json\/wp\/v2\/media\/22197"}],"wp:attachment":[{"href":"https:\/\/alfawood.gr\/ro\/wp-json\/wp\/v2\/media?parent=22196"}],"wp:term":[{"taxonomy":"product_brand","embeddable":true,"href":"https:\/\/alfawood.gr\/ro\/wp-json\/wp\/v2\/product_brand?post=22196"},{"taxonomy":"product_cat","embeddable":true,"href":"https:\/\/alfawood.gr\/ro\/wp-json\/wp\/v2\/product_cat?post=22196"},{"taxonomy":"product_tag","embeddable":true,"href":"https:\/\/alfawood.gr\/ro\/wp-json\/wp\/v2\/product_tag?post=22196"}],"curies":[{"name":"wp","href":"https:\/\/api.w.org\/{rel}","templated":true}]}}