{"id":22268,"date":"2023-04-26T12:23:38","date_gmt":"2023-04-26T12:23:38","guid":{"rendered":"https:\/\/alfawood.gr\/?post_type=product&#038;p=22268"},"modified":"2023-04-27T08:22:07","modified_gmt":"2023-04-27T08:22:07","slug":"skliri-ksilia-amerikis","status":"publish","type":"product","link":"https:\/\/alfawood.gr\/ro\/product\/skliri-ksilia-amerikis\/","title":{"rendered":"Lemuri tare americane"},"content":{"rendered":"<p class=\"textinalfa\">Prin termenul de cheresteau \u00een\u021belegem bu\u0219tenii prismatici \u00een diverse dimensiuni de grosime, l\u0103\u021bime \u0219i lungime, produ\u0219i \u00een principal prin t\u0103ierea axial\u0103 (longitudinal\u0103) a bu\u0219tenilor.<\/p>\n<p class=\"textinalfa\">\u00cen acela\u0219i timp, cu termenul de cheresteaua de construc\u021bii numim cheresteaua care este folosit\u0103 \u0219i care \u00eendepline\u0219te cerin\u021bele construc\u021biilor structurale \u0219i de construc\u021bii. Metodele sale de produc\u021bie difer\u0103 \u00een func\u021bie de ma\u0219inile folosite, tipul de lemn, diametrul bu\u0219tenului, dimensiunile dorite ale fer\u0103str\u0103ilor\/blocurilor de construc\u021bie, calitatea dorit\u0103 a acestora, cantitatea de produc\u021bie dorit\u0103 etc.<\/p>\n<p class=\"textinalfa\"><b>Principalele utiliz\u0103ri ale lemnului de construc\u021bii t\u0103iat \u0219i t\u0103iat sunt urm\u0103toarele:<\/b><\/p>\n<ul>\n<li>Mobila<\/li>\n<li>Instrumente muzicale<\/li>\n<li>Jocuri<\/li>\n<li>Rame<\/li>\n<li>Constructii navale<\/li>\n<li>Construc\u021bii de rezisten\u021b\u0103<\/li>\n<li>Acoperi\u0219uri<\/li>\n<li>Schelete<\/li>\n<li>\u00cenveli\u0219uri<\/li>\n<li>Magazine de mobila (rustic)<\/li>\n<li>Profile \u0219i podele<\/li>\n<\/ul>","protected":false},"excerpt":{"rendered":"<div class=\"headerinalfa\">\n<div class=\"headerinalfa\">GROSIME (inci)<\/div>\n<table class=\"table23_5\">\n<tbody>\n<tr>\n<td>STEJAR ALB<\/td>\n<td>1, 2, 3 (inci)<\/td>\n<\/tr>\n<tr>\n<td>STEJAR ROSU<\/td>\n<td>1, 2, 3 (inci)<\/td>\n<\/tr>\n<tr>\n<td>POP GALBEN<\/td>\n<td>1, 2, 3 (inci)<\/td>\n<\/tr>\n<tr>\n<td>NUCI<\/td>\n<td>1, 2, 3 (inci)<\/td>\n<\/tr>\n<\/tbody>\n<\/table>\n<\/div>","protected":false},"featured_media":22500,"template":"","meta":{"_acf_changed":false,"inline_featured_image":false,"cybocfi_hide_featured_image":""},"product_brand":[],"product_cat":[132,841],"product_tag":[],"class_list":{"0":"post-22268","1":"product","2":"type-product","3":"status-publish","4":"has-post-thumbnail","6":"product_cat-domika-ulika-ksylou","7":"product_cat-oikodomiki-ksyleia","9":"first","10":"instock","11":"product-type-simple"},"acf":[],"yoast_head":"<!-- This site is optimized with the Yoast SEO Premium plugin v27.3 (Yoast SEO v27.3) - https:\/\/yoast.com\/product\/yoast-seo-premium-wordpress\/ -->\n<title>\u03a3\u03ba\u03bb\u03b7\u03c1\u03ae \u039e\u03c5\u03bb\u03b5\u03af\u03b1 \u0391\u03bc\u03b5\u03c1\u03b9\u03ba\u03ae\u03c2 - \u0395\u03c0\u03b9\u03c6\u03ac\u03bd\u03b5\u03b9\u03b5\u03c2 \u039c\u03b5\u03bb\u03b1\u03bc\u03af\u03bd\u03b7\u03c2 MDF \u039c\u03bf\u03c1\u03b9\u03bf\u03c3\u03b1\u03bd\u03af\u03b4\u03b1 \u03a0\u03ac\u03b3\u03ba\u03bf\u03b9 \u0394\u03ac\u03c0\u03b5\u03b4\u03b1 \u03a0\u03cc\u03c1\u03c4\u03b5\u03c2<\/title>\n<meta name=\"robots\" content=\"index, follow, max-snippet:-1, max-image-preview:large, max-video-preview:-1\" \/>\n<link rel=\"canonical\" href=\"https:\/\/alfawood.gr\/ro\/produs\/skliri-ksilia-amerikis\" \/>\n<meta property=\"og:locale\" content=\"ro_RO\" \/>\n<meta property=\"og:type\" content=\"article\" \/>\n<meta property=\"og:title\" content=\"\u03a3\u03ba\u03bb\u03b7\u03c1\u03ae \u039e\u03c5\u03bb\u03b5\u03af\u03b1 \u0391\u03bc\u03b5\u03c1\u03b9\u03ba\u03ae\u03c2\" \/>\n<meta property=\"og:description\" content=\"\u03a0\u0391\u03a7\u0397 (inch)    \u039b\u0395\u03a5\u039a\u0397 \u0394\u03a1\u03a5\u03a3 1 , 2 , 3 (inch)   \u039a\u039f\u039a\u039a\u0399\u039d\u0397 \u0394\u03a1\u03a5\u03a3 1 , 2 , 3 (inch)   YELLOW POPLAR 1 , 2 , 3 (inch)   \u039a\u0391\u03a1\u03a5\u0394\u0399\u0391 1 , 2 , 3 (inch)\" \/>\n<meta property=\"og:url\" content=\"https:\/\/alfawood.gr\/ro\/produs\/skliri-ksilia-amerikis\" \/>\n<meta property=\"og:site_name\" content=\"\u0395\u03c0\u03b9\u03c6\u03ac\u03bd\u03b5\u03b9\u03b5\u03c2 \u039c\u03b5\u03bb\u03b1\u03bc\u03af\u03bd\u03b7\u03c2 MDF \u039c\u03bf\u03c1\u03b9\u03bf\u03c3\u03b1\u03bd\u03af\u03b4\u03b1 \u03a0\u03ac\u03b3\u03ba\u03bf\u03b9 \u0394\u03ac\u03c0\u03b5\u03b4\u03b1 \u03a0\u03cc\u03c1\u03c4\u03b5\u03c2\" \/>\n<meta property=\"article:publisher\" content=\"https:\/\/www.facebook.com\/alfawood.group\" \/>\n<meta property=\"article:modified_time\" content=\"2023-04-27T08:22:07+00:00\" \/>\n<meta property=\"og:image\" content=\"https:\/\/alfawood.gr\/wp-content\/uploads\/2023\/04\/skliri-ksilis-amerikis-leuko-dris.jpg\" \/>\n\t<meta property=\"og:image:width\" content=\"1600\" \/>\n\t<meta property=\"og:image:height\" content=\"1200\" \/>\n\t<meta property=\"og:image:type\" content=\"image\/jpeg\" \/>\n<meta name=\"twitter:card\" content=\"summary_large_image\" \/>\n<meta name=\"twitter:site\" content=\"@ALFAWOODGROUP\" \/>\n<meta name=\"twitter:label1\" content=\"Timp estimat pentru citire\" \/>\n\t<meta name=\"twitter:data1\" content=\"1 minut\" \/>\n<script type=\"application\/ld+json\" class=\"yoast-schema-graph\">{\"@context\":\"https:\\\/\\\/schema.org\",\"@graph\":[{\"@type\":\"WebPage\",\"@id\":\"https:\\\/\\\/alfawood.gr\\\/product\\\/skliri-ksilia-amerikis\\\/\",\"url\":\"https:\\\/\\\/alfawood.gr\\\/product\\\/skliri-ksilia-amerikis\\\/\",\"name\":\"\u03a3\u03ba\u03bb\u03b7\u03c1\u03ae \u039e\u03c5\u03bb\u03b5\u03af\u03b1 \u0391\u03bc\u03b5\u03c1\u03b9\u03ba\u03ae\u03c2 - \u0395\u03c0\u03b9\u03c6\u03ac\u03bd\u03b5\u03b9\u03b5\u03c2 \u039c\u03b5\u03bb\u03b1\u03bc\u03af\u03bd\u03b7\u03c2 MDF \u039c\u03bf\u03c1\u03b9\u03bf\u03c3\u03b1\u03bd\u03af\u03b4\u03b1 \u03a0\u03ac\u03b3\u03ba\u03bf\u03b9 \u0394\u03ac\u03c0\u03b5\u03b4\u03b1 \u03a0\u03cc\u03c1\u03c4\u03b5\u03c2\",\"isPartOf\":{\"@id\":\"https:\\\/\\\/alfawood.gr\\\/#website\"},\"primaryImageOfPage\":{\"@id\":\"https:\\\/\\\/alfawood.gr\\\/product\\\/skliri-ksilia-amerikis\\\/#primaryimage\"},\"image\":{\"@id\":\"https:\\\/\\\/alfawood.gr\\\/product\\\/skliri-ksilia-amerikis\\\/#primaryimage\"},\"thumbnailUrl\":\"https:\\\/\\\/alfawood.gr\\\/wp-content\\\/uploads\\\/2023\\\/04\\\/skliri-ksilis-amerikis-leuko-dris.jpg\",\"datePublished\":\"2023-04-26T12:23:38+00:00\",\"dateModified\":\"2023-04-27T08:22:07+00:00\",\"breadcrumb\":{\"@id\":\"https:\\\/\\\/alfawood.gr\\\/product\\\/skliri-ksilia-amerikis\\\/#breadcrumb\"},\"inLanguage\":\"ro-RO\",\"potentialAction\":[{\"@type\":\"ReadAction\",\"target\":[\"https:\\\/\\\/alfawood.gr\\\/product\\\/skliri-ksilia-amerikis\\\/\"]}]},{\"@type\":\"ImageObject\",\"inLanguage\":\"ro-RO\",\"@id\":\"https:\\\/\\\/alfawood.gr\\\/product\\\/skliri-ksilia-amerikis\\\/#primaryimage\",\"url\":\"https:\\\/\\\/alfawood.gr\\\/wp-content\\\/uploads\\\/2023\\\/04\\\/skliri-ksilis-amerikis-leuko-dris.jpg\",\"contentUrl\":\"https:\\\/\\\/alfawood.gr\\\/wp-content\\\/uploads\\\/2023\\\/04\\\/skliri-ksilis-amerikis-leuko-dris.jpg\",\"width\":1600,\"height\":1200,\"caption\":\"\u03a3\u03ba\u03bb\u03b7\u03c1\u03ae \u039e\u03c5\u03bb\u03b5\u03af\u03b1 \u0391\u03bc\u03b5\u03c1\u03b9\u03ba\u03ae\u03c2\"},{\"@type\":\"BreadcrumbList\",\"@id\":\"https:\\\/\\\/alfawood.gr\\\/product\\\/skliri-ksilia-amerikis\\\/#breadcrumb\",\"itemListElement\":[{\"@type\":\"ListItem\",\"position\":1,\"name\":\"Home\",\"item\":\"https:\\\/\\\/alfawood.gr\\\/\"},{\"@type\":\"ListItem\",\"position\":2,\"name\":\"\u03a0\u03c1\u03bf\u03ca\u03cc\u03bd\u03c4\u03b1\",\"item\":\"https:\\\/\\\/alfawood.gr\\\/proionta-wood\\\/\"},{\"@type\":\"ListItem\",\"position\":3,\"name\":\"\u0394\u03bf\u03bc\u03b9\u03ba\u03ac \u03a5\u03bb\u03b9\u03ba\u03ac \u039e\u03cd\u03bb\u03bf\u03c5 - Alfa Building\",\"item\":\"https:\\\/\\\/alfawood.gr\\\/en\\\/category\\\/domika-ulika-ksylou\\\/\"},{\"@type\":\"ListItem\",\"position\":4,\"name\":\"\u03a3\u03ba\u03bb\u03b7\u03c1\u03ae \u039e\u03c5\u03bb\u03b5\u03af\u03b1 \u0391\u03bc\u03b5\u03c1\u03b9\u03ba\u03ae\u03c2\"}]},{\"@type\":\"WebSite\",\"@id\":\"https:\\\/\\\/alfawood.gr\\\/#website\",\"url\":\"https:\\\/\\\/alfawood.gr\\\/\",\"name\":\"\u0395\u03c0\u03b9\u03c6\u03ac\u03bd\u03b5\u03b9\u03b5\u03c2 \u039c\u03b5\u03bb\u03b1\u03bc\u03af\u03bd\u03b7\u03c2 MDF \u039c\u03bf\u03c1\u03b9\u03bf\u03c3\u03b1\u03bd\u03af\u03b4\u03b1 \u03a0\u03ac\u03b3\u03ba\u03bf\u03b9 \u0394\u03ac\u03c0\u03b5\u03b4\u03b1 \u03a0\u03cc\u03c1\u03c4\u03b5\u03c2\",\"description\":\"\u0392\u03b9\u03bf\u03bc\u03b7\u03c7\u03b1\u03bd\u03af\u03b1 \u039e\u03cd\u03bb\u03bf\u03c5 Alfa Wood Group\",\"publisher\":{\"@id\":\"https:\\\/\\\/alfawood.gr\\\/#organization\"},\"alternateName\":\"Melamines - MDF - Laminate - Worktops\",\"potentialAction\":[{\"@type\":\"SearchAction\",\"target\":{\"@type\":\"EntryPoint\",\"urlTemplate\":\"https:\\\/\\\/alfawood.gr\\\/?s={search_term_string}\"},\"query-input\":{\"@type\":\"PropertyValueSpecification\",\"valueRequired\":true,\"valueName\":\"search_term_string\"}}],\"inLanguage\":\"ro-RO\"},{\"@type\":\"Organization\",\"@id\":\"https:\\\/\\\/alfawood.gr\\\/#organization\",\"name\":\"Alfa Wood Group\",\"url\":\"https:\\\/\\\/alfawood.gr\\\/\",\"logo\":{\"@type\":\"ImageObject\",\"inLanguage\":\"ro-RO\",\"@id\":\"https:\\\/\\\/alfawood.gr\\\/#\\\/schema\\\/logo\\\/image\\\/\",\"url\":\"https:\\\/\\\/alfawood.gr\\\/wp-content\\\/uploads\\\/2023\\\/02\\\/alfa-wood-logo-1.svg\",\"contentUrl\":\"https:\\\/\\\/alfawood.gr\\\/wp-content\\\/uploads\\\/2023\\\/02\\\/alfa-wood-logo-1.svg\",\"width\":305,\"height\":195,\"caption\":\"Alfa Wood Group\"},\"image\":{\"@id\":\"https:\\\/\\\/alfawood.gr\\\/#\\\/schema\\\/logo\\\/image\\\/\"},\"sameAs\":[\"https:\\\/\\\/www.facebook.com\\\/alfawood.group\",\"https:\\\/\\\/x.com\\\/ALFAWOODGROUP\",\"https:\\\/\\\/www.instagram.com\\\/alfawood.group\",\"https:\\\/\\\/www.youtube.com\\\/@alfawoodgroup\",\"https:\\\/\\\/www.tiktok.com\\\/@alfawood.group\",\"https:\\\/\\\/vimeo.com\\\/alfawood\",\"https:\\\/\\\/www.linkedin.com\\\/company\\\/alfawoodgroup\",\"https:\\\/\\\/www.pinterest.com\\\/alfawoodgroup\\\/\"]}]}<\/script>\n<!-- \/ Yoast SEO Premium plugin. -->","yoast_head_json":{"title":"Lemuri de esen\u021b\u0103 tare americane - Suprafe\u021be melaminate MDF PAL Blaturi Podele U\u0219i","robots":{"index":"index","follow":"follow","max-snippet":"max-snippet:-1","max-image-preview":"max-image-preview:large","max-video-preview":"max-video-preview:-1"},"canonical":"https:\/\/alfawood.gr\/ro\/produs\/skliri-ksilia-amerikis","og_locale":"ro_RO","og_type":"article","og_title":"\u03a3\u03ba\u03bb\u03b7\u03c1\u03ae \u039e\u03c5\u03bb\u03b5\u03af\u03b1 \u0391\u03bc\u03b5\u03c1\u03b9\u03ba\u03ae\u03c2","og_description":"\u03a0\u0391\u03a7\u0397 (inch)    \u039b\u0395\u03a5\u039a\u0397 \u0394\u03a1\u03a5\u03a3 1 , 2 , 3 (inch)   \u039a\u039f\u039a\u039a\u0399\u039d\u0397 \u0394\u03a1\u03a5\u03a3 1 , 2 , 3 (inch)   YELLOW POPLAR 1 , 2 , 3 (inch)   \u039a\u0391\u03a1\u03a5\u0394\u0399\u0391 1 , 2 , 3 (inch)","og_url":"https:\/\/alfawood.gr\/ro\/produs\/skliri-ksilia-amerikis","og_site_name":"\u0395\u03c0\u03b9\u03c6\u03ac\u03bd\u03b5\u03b9\u03b5\u03c2 \u039c\u03b5\u03bb\u03b1\u03bc\u03af\u03bd\u03b7\u03c2 MDF \u039c\u03bf\u03c1\u03b9\u03bf\u03c3\u03b1\u03bd\u03af\u03b4\u03b1 \u03a0\u03ac\u03b3\u03ba\u03bf\u03b9 \u0394\u03ac\u03c0\u03b5\u03b4\u03b1 \u03a0\u03cc\u03c1\u03c4\u03b5\u03c2","article_publisher":"https:\/\/www.facebook.com\/alfawood.group","article_modified_time":"2023-04-27T08:22:07+00:00","og_image":[{"width":1600,"height":1200,"url":"https:\/\/alfawood.gr\/wp-content\/uploads\/2023\/04\/skliri-ksilis-amerikis-leuko-dris.jpg","type":"image\/jpeg"}],"twitter_card":"summary_large_image","twitter_site":"@ALFAWOODGROUP","twitter_misc":{"Timp estimat pentru citire":"1 minut"},"schema":{"@context":"https:\/\/schema.org","@graph":[{"@type":"WebPage","@id":"https:\/\/alfawood.gr\/product\/skliri-ksilia-amerikis\/","url":"https:\/\/alfawood.gr\/product\/skliri-ksilia-amerikis\/","name":"Lemuri de esen\u021b\u0103 tare americane - Suprafe\u021be melaminate MDF PAL Blaturi Podele U\u0219i","isPartOf":{"@id":"https:\/\/alfawood.gr\/#website"},"primaryImageOfPage":{"@id":"https:\/\/alfawood.gr\/product\/skliri-ksilia-amerikis\/#primaryimage"},"image":{"@id":"https:\/\/alfawood.gr\/product\/skliri-ksilia-amerikis\/#primaryimage"},"thumbnailUrl":"https:\/\/alfawood.gr\/wp-content\/uploads\/2023\/04\/skliri-ksilis-amerikis-leuko-dris.jpg","datePublished":"2023-04-26T12:23:38+00:00","dateModified":"2023-04-27T08:22:07+00:00","breadcrumb":{"@id":"https:\/\/alfawood.gr\/product\/skliri-ksilia-amerikis\/#breadcrumb"},"inLanguage":"ro-RO","potentialAction":[{"@type":"ReadAction","target":["https:\/\/alfawood.gr\/product\/skliri-ksilia-amerikis\/"]}]},{"@type":"ImageObject","inLanguage":"ro-RO","@id":"https:\/\/alfawood.gr\/product\/skliri-ksilia-amerikis\/#primaryimage","url":"https:\/\/alfawood.gr\/wp-content\/uploads\/2023\/04\/skliri-ksilis-amerikis-leuko-dris.jpg","contentUrl":"https:\/\/alfawood.gr\/wp-content\/uploads\/2023\/04\/skliri-ksilis-amerikis-leuko-dris.jpg","width":1600,"height":1200,"caption":"\u03a3\u03ba\u03bb\u03b7\u03c1\u03ae \u039e\u03c5\u03bb\u03b5\u03af\u03b1 \u0391\u03bc\u03b5\u03c1\u03b9\u03ba\u03ae\u03c2"},{"@type":"BreadcrumbList","@id":"https:\/\/alfawood.gr\/product\/skliri-ksilia-amerikis\/#breadcrumb","itemListElement":[{"@type":"ListItem","position":1,"name":"Home","item":"https:\/\/alfawood.gr\/"},{"@type":"ListItem","position":2,"name":"\u03a0\u03c1\u03bf\u03ca\u03cc\u03bd\u03c4\u03b1","item":"https:\/\/alfawood.gr\/proionta-wood\/"},{"@type":"ListItem","position":3,"name":"\u0394\u03bf\u03bc\u03b9\u03ba\u03ac \u03a5\u03bb\u03b9\u03ba\u03ac \u039e\u03cd\u03bb\u03bf\u03c5 - Alfa Building","item":"https:\/\/alfawood.gr\/en\/category\/domika-ulika-ksylou\/"},{"@type":"ListItem","position":4,"name":"\u03a3\u03ba\u03bb\u03b7\u03c1\u03ae \u039e\u03c5\u03bb\u03b5\u03af\u03b1 \u0391\u03bc\u03b5\u03c1\u03b9\u03ba\u03ae\u03c2"}]},{"@type":"WebSite","@id":"https:\/\/alfawood.gr\/#website","url":"https:\/\/alfawood.gr\/","name":"Suprafete melaminate Conturi din PAL MDF Podele Usi","description":"Alfa Wood Group Industria Lemnului","publisher":{"@id":"https:\/\/alfawood.gr\/#organization"},"alternateName":"Melamines - MDF - Laminate - Worktops","potentialAction":[{"@type":"SearchAction","target":{"@type":"EntryPoint","urlTemplate":"https:\/\/alfawood.gr\/?s={search_term_string}"},"query-input":{"@type":"PropertyValueSpecification","valueRequired":true,"valueName":"search_term_string"}}],"inLanguage":"ro-RO"},{"@type":"Organization","@id":"https:\/\/alfawood.gr\/#organization","name":"Grupul Alfa Wood","url":"https:\/\/alfawood.gr\/","logo":{"@type":"ImageObject","inLanguage":"ro-RO","@id":"https:\/\/alfawood.gr\/#\/schema\/logo\/image\/","url":"https:\/\/alfawood.gr\/wp-content\/uploads\/2023\/02\/alfa-wood-logo-1.svg","contentUrl":"https:\/\/alfawood.gr\/wp-content\/uploads\/2023\/02\/alfa-wood-logo-1.svg","width":305,"height":195,"caption":"Alfa Wood Group"},"image":{"@id":"https:\/\/alfawood.gr\/#\/schema\/logo\/image\/"},"sameAs":["https:\/\/www.facebook.com\/alfawood.group","https:\/\/x.com\/ALFAWOODGROUP","https:\/\/www.instagram.com\/alfawood.group","https:\/\/www.youtube.com\/@alfawoodgroup","https:\/\/www.tiktok.com\/@alfawood.group","https:\/\/vimeo.com\/alfawood","https:\/\/www.linkedin.com\/company\/alfawoodgroup","https:\/\/www.pinterest.com\/alfawoodgroup\/"]}]}},"_links":{"self":[{"href":"https:\/\/alfawood.gr\/ro\/wp-json\/wp\/v2\/product\/22268","targetHints":{"allow":["GET"]}}],"collection":[{"href":"https:\/\/alfawood.gr\/ro\/wp-json\/wp\/v2\/product"}],"about":[{"href":"https:\/\/alfawood.gr\/ro\/wp-json\/wp\/v2\/types\/product"}],"version-history":[{"count":0,"href":"https:\/\/alfawood.gr\/ro\/wp-json\/wp\/v2\/product\/22268\/revisions"}],"wp:featuredmedia":[{"embeddable":true,"href":"https:\/\/alfawood.gr\/ro\/wp-json\/wp\/v2\/media\/22500"}],"wp:attachment":[{"href":"https:\/\/alfawood.gr\/ro\/wp-json\/wp\/v2\/media?parent=22268"}],"wp:term":[{"taxonomy":"product_brand","embeddable":true,"href":"https:\/\/alfawood.gr\/ro\/wp-json\/wp\/v2\/product_brand?post=22268"},{"taxonomy":"product_cat","embeddable":true,"href":"https:\/\/alfawood.gr\/ro\/wp-json\/wp\/v2\/product_cat?post=22268"},{"taxonomy":"product_tag","embeddable":true,"href":"https:\/\/alfawood.gr\/ro\/wp-json\/wp\/v2\/product_tag?post=22268"}],"curies":[{"name":"wp","href":"https:\/\/api.w.org\/{rel}","templated":true}]}}