{"id":24667,"date":"2023-09-20T11:08:27","date_gmt":"2023-09-20T11:08:27","guid":{"rendered":"https:\/\/alfawood.gr\/?post_type=product&#038;p=24667"},"modified":"2024-07-15T11:03:52","modified_gmt":"2024-07-15T09:03:52","slug":"inosanida-ldf-raw","status":"publish","type":"product","link":"https:\/\/alfawood.gr\/ro\/product\/inosanida-ldf-raw\/","title":{"rendered":"Pl\u0103ci de fibre LDF RAW"},"content":{"rendered":"<p><strong>Caracteristici:<\/strong><br \/>\nFinisaj foarte bun, Margini durabile, Propriet\u0103\u021bi mecanice \u0219i elasticitate perfecte, Calitate perfect\u0103 a suprafe\u021bei, Rezisten\u021b\u0103 la umiditate.<\/p>\n<p><strong>Aplicatii:<\/strong> Magazine de mobila, usi, rame.<\/p>\n<p><strong>Dimensiuni :<\/strong> 3050 x 1850 x 16 mm<\/p>\n<p><strong>Avantaje: <\/strong>MDF este un \u00eenlocuitor ideal pentru lemn, poate fi prelucrat \u00een orice fel, pentru a da orice contur, curb\u0103 sau sculptur\u0103 dorit\u0103 \u0219i datorit\u0103 suprafe\u021bei bune \u0219i netede poate fi finisat \u0219i acoperit cu diverse acoperiri (furnir, lacuri, lacuri etc.). ) ad\u0103ug\u00e2nd durabilitate suplimentar\u0103, precum \u0219i rezisten\u021b\u0103 la radia\u021biile UV.<\/p>\n<p><strong>Mod de depozitare\/Condi\u021bii:<\/strong><br \/>\nA se pastra in zone uscate acoperite. Pl\u0103cile din fibre trebuie p\u0103strate timp de 48 de ore \u00een condi\u021biile de mediu ale spa\u021biului care urmeaz\u0103 s\u0103 fie utilizat (\u00eenainte de prelucrare).<\/p>","protected":false},"excerpt":{"rendered":"<p>The <strong>Pl\u0103ci din fibre<\/strong> Pl\u0103cile din fibre de densitate medie (MDF*) sunt panouri de lemn const\u00e2nd din fibre de lemn lipite. Sunt produse industrial prin lipirea straturilor sub\u021biri de a\u0219chii de lemn cu r\u0103\u0219ini sintetice prin aplicarea unei presiuni \u0219i temperaturi puternice.<\/p>","protected":false},"featured_media":25300,"template":"","meta":{"_acf_changed":false,"inline_featured_image":false,"cybocfi_hide_featured_image":""},"product_brand":[],"product_cat":[102,117],"product_tag":[],"class_list":{"0":"post-24667","1":"product","2":"type-product","3":"status-publish","4":"has-post-thumbnail","6":"product_cat-panels","7":"product_cat-mdf-inosanida","9":"first","10":"instock","11":"product-type-simple"},"acf":[],"yoast_head":"<!-- This site is optimized with the Yoast SEO Premium plugin v27.4 (Yoast SEO v27.4) - https:\/\/yoast.com\/product\/yoast-seo-premium-wordpress\/ -->\n<title>\u0399\u03bd\u03bf\u03c3\u03b1\u03bd\u03af\u03b4\u03b1 LDF RAW - \u0395\u03c0\u03b9\u03c6\u03ac\u03bd\u03b5\u03b9\u03b5\u03c2 \u039c\u03b5\u03bb\u03b1\u03bc\u03af\u03bd\u03b7\u03c2 MDF \u039c\u03bf\u03c1\u03b9\u03bf\u03c3\u03b1\u03bd\u03af\u03b4\u03b1 \u03a0\u03ac\u03b3\u03ba\u03bf\u03b9 \u0394\u03ac\u03c0\u03b5\u03b4\u03b1 \u03a0\u03cc\u03c1\u03c4\u03b5\u03c2<\/title>\n<meta name=\"robots\" content=\"index, follow, max-snippet:-1, max-image-preview:large, max-video-preview:-1\" \/>\n<link rel=\"canonical\" href=\"https:\/\/alfawood.gr\/ro\/produs\/inosanida-ldf-raw\" \/>\n<meta property=\"og:locale\" content=\"ro_RO\" \/>\n<meta property=\"og:type\" content=\"article\" \/>\n<meta property=\"og:title\" content=\"\u0399\u03bd\u03bf\u03c3\u03b1\u03bd\u03af\u03b4\u03b1 LDF RAW\" \/>\n<meta property=\"og:description\" content=\"\u039f\u03b9 \u0399\u03bd\u03bf\u03c3\u03b1\u03bd\u03af\u03b4\u03b5\u03c2 \u03bc\u03ad\u03c3\u03b7\u03c2 \u03c0\u03c5\u03ba\u03bd\u03cc\u03c4\u03b7\u03c4\u03b1\u03c2 (MDF*) \u03b5\u03af\u03bd\u03b1\u03b9 \u03c0\u03bb\u03ac\u03ba\u03b5\u03c2 \u03be\u03cd\u03bb\u03bf\u03c5 \u03c0\u03bf\u03c5 \u03b1\u03c0\u03bf\u03c4\u03b5\u03bb\u03bf\u03cd\u03bd\u03c4\u03b1\u03b9 \u03b1\u03c0\u03cc \u03c3\u03c5\u03b3\u03ba\u03bf\u03bb\u03bb\u03b7\u03bc\u03ad\u03bd\u03b5\u03c2 \u03af\u03bd\u03b5\u03c2 \u03be\u03cd\u03bb\u03bf\u03c5. \u03a0\u03b1\u03c1\u03ac\u03b3\u03bf\u03bd\u03c4\u03b1\u03b9 \u03b2\u03b9\u03bf\u03bc\u03b7\u03c7\u03b1\u03bd\u03b9\u03ba\u03ac \u03bc\u03b5 \u03c3\u03c5\u03b3\u03ba\u03cc\u03bb\u03bb\u03b7\u03c3\u03b7 \u03bb\u03b5\u03c0\u03c4\u03ce\u03bd \u03b5\u03c0\u03b9\u03c0\u03ad\u03b4\u03c9\u03bd \u03c4\u03b5\u03bc\u03b1\u03c7\u03b9\u03b4\u03af\u03c9\u03bd \u03be\u03cd\u03bb\u03bf\u03c5 \u03bc\u03b5 \u03c3\u03c5\u03bd\u03b8\u03b5\u03c4\u03b9\u03ba\u03ad\u03c2 \u03c1\u03b7\u03c4\u03af\u03bd\u03b5\u03c2 \u03b5\u03c6\u03b1\u03c1\u03bc\u03cc\u03b6\u03bf\u03bd\u03c4\u03b1\u03c2 \u03b9\u03c3\u03c7\u03c5\u03c1\u03ae \u03c0\u03af\u03b5\u03c3\u03b7 \u03ba\u03b1\u03b9 \u03b8\u03b5\u03c1\u03bc\u03bf\u03ba\u03c1\u03b1\u03c3\u03af\u03b1.\" \/>\n<meta property=\"og:url\" content=\"https:\/\/alfawood.gr\/ro\/produs\/inosanida-ldf-raw\" \/>\n<meta property=\"og:site_name\" content=\"\u0395\u03c0\u03b9\u03c6\u03ac\u03bd\u03b5\u03b9\u03b5\u03c2 \u039c\u03b5\u03bb\u03b1\u03bc\u03af\u03bd\u03b7\u03c2 MDF \u039c\u03bf\u03c1\u03b9\u03bf\u03c3\u03b1\u03bd\u03af\u03b4\u03b1 \u03a0\u03ac\u03b3\u03ba\u03bf\u03b9 \u0394\u03ac\u03c0\u03b5\u03b4\u03b1 \u03a0\u03cc\u03c1\u03c4\u03b5\u03c2\" \/>\n<meta property=\"article:publisher\" content=\"https:\/\/www.facebook.com\/alfawood.group\" \/>\n<meta property=\"article:modified_time\" content=\"2024-07-15T09:03:52+00:00\" \/>\n<meta property=\"og:image\" content=\"https:\/\/alfawood.gr\/wp-content\/uploads\/2023\/03\/mdf-raw-gumno-1-jpg.webp\" \/>\n\t<meta property=\"og:image:width\" content=\"1457\" \/>\n\t<meta property=\"og:image:height\" content=\"2000\" \/>\n\t<meta property=\"og:image:type\" content=\"image\/jpeg\" \/>\n<meta name=\"twitter:card\" content=\"summary_large_image\" \/>\n<meta name=\"twitter:site\" content=\"@ALFAWOODGROUP\" \/>\n<meta name=\"twitter:label1\" content=\"Timp estimat pentru citire\" \/>\n\t<meta name=\"twitter:data1\" content=\"1 minut\" \/>\n<script type=\"application\/ld+json\" class=\"yoast-schema-graph\">{\"@context\":\"https:\\\/\\\/schema.org\",\"@graph\":[{\"@type\":\"WebPage\",\"@id\":\"https:\\\/\\\/alfawood.gr\\\/ro\\\/produs\\\/inosanida-ldf-raw\\\/\",\"url\":\"https:\\\/\\\/alfawood.gr\\\/ro\\\/produs\\\/inosanida-ldf-raw\\\/\",\"name\":\"\u0399\u03bd\u03bf\u03c3\u03b1\u03bd\u03af\u03b4\u03b1 LDF RAW - \u0395\u03c0\u03b9\u03c6\u03ac\u03bd\u03b5\u03b9\u03b5\u03c2 \u039c\u03b5\u03bb\u03b1\u03bc\u03af\u03bd\u03b7\u03c2 MDF \u039c\u03bf\u03c1\u03b9\u03bf\u03c3\u03b1\u03bd\u03af\u03b4\u03b1 \u03a0\u03ac\u03b3\u03ba\u03bf\u03b9 \u0394\u03ac\u03c0\u03b5\u03b4\u03b1 \u03a0\u03cc\u03c1\u03c4\u03b5\u03c2\",\"isPartOf\":{\"@id\":\"https:\\\/\\\/alfawood.gr\\\/#website\"},\"primaryImageOfPage\":{\"@id\":\"https:\\\/\\\/alfawood.gr\\\/ro\\\/produs\\\/inosanida-ldf-raw\\\/#primaryimage\"},\"image\":{\"@id\":\"https:\\\/\\\/alfawood.gr\\\/ro\\\/produs\\\/inosanida-ldf-raw\\\/#primaryimage\"},\"thumbnailUrl\":\"https:\\\/\\\/alfawood.gr\\\/wp-content\\\/uploads\\\/2023\\\/03\\\/mdf-raw-gumno-1-jpg.webp\",\"datePublished\":\"2023-09-20T11:08:27+00:00\",\"dateModified\":\"2024-07-15T09:03:52+00:00\",\"breadcrumb\":{\"@id\":\"https:\\\/\\\/alfawood.gr\\\/ro\\\/produs\\\/inosanida-ldf-raw\\\/#breadcrumb\"},\"inLanguage\":\"ro-RO\",\"potentialAction\":[{\"@type\":\"ReadAction\",\"target\":[\"https:\\\/\\\/alfawood.gr\\\/ro\\\/produs\\\/inosanida-ldf-raw\\\/\"]}]},{\"@type\":\"ImageObject\",\"inLanguage\":\"ro-RO\",\"@id\":\"https:\\\/\\\/alfawood.gr\\\/ro\\\/produs\\\/inosanida-ldf-raw\\\/#primaryimage\",\"url\":\"https:\\\/\\\/alfawood.gr\\\/wp-content\\\/uploads\\\/2023\\\/03\\\/mdf-raw-gumno-1-jpg.webp\",\"contentUrl\":\"https:\\\/\\\/alfawood.gr\\\/wp-content\\\/uploads\\\/2023\\\/03\\\/mdf-raw-gumno-1-jpg.webp\",\"width\":1457,\"height\":2000,\"caption\":\"MDF - PANEL \u0399\u03bd\u03bf\u03c3\u03b1\u03bd\u03af\u03b4\u03b1\u03c2\"},{\"@type\":\"BreadcrumbList\",\"@id\":\"https:\\\/\\\/alfawood.gr\\\/ro\\\/produs\\\/inosanida-ldf-raw\\\/#breadcrumb\",\"itemListElement\":[{\"@type\":\"ListItem\",\"position\":1,\"name\":\"Home\",\"item\":\"https:\\\/\\\/alfawood.gr\\\/\"},{\"@type\":\"ListItem\",\"position\":2,\"name\":\"\u03a0\u03c1\u03bf\u03ca\u03cc\u03bd\u03c4\u03b1\",\"item\":\"https:\\\/\\\/alfawood.gr\\\/proionta-wood\\\/\"},{\"@type\":\"ListItem\",\"position\":3,\"name\":\"Alfa Panels\",\"item\":\"https:\\\/\\\/alfawood.gr\\\/category\\\/panels\\\/\"},{\"@type\":\"ListItem\",\"position\":4,\"name\":\"\u03a0\u03ac\u03bd\u03b5\u03bb \u0399\u03bd\u03bf\u03c3\u03b1\u03bd\u03af\u03b4\u03b1\u03c2 (MDF)\",\"item\":\"https:\\\/\\\/alfawood.gr\\\/category\\\/panels\\\/mdf-inosanida\\\/\"},{\"@type\":\"ListItem\",\"position\":5,\"name\":\"\u0399\u03bd\u03bf\u03c3\u03b1\u03bd\u03af\u03b4\u03b1 LDF RAW\"}]},{\"@type\":\"WebSite\",\"@id\":\"https:\\\/\\\/alfawood.gr\\\/#website\",\"url\":\"https:\\\/\\\/alfawood.gr\\\/\",\"name\":\"\u0395\u03c0\u03b9\u03c6\u03ac\u03bd\u03b5\u03b9\u03b5\u03c2 \u039c\u03b5\u03bb\u03b1\u03bc\u03af\u03bd\u03b7\u03c2 MDF \u039c\u03bf\u03c1\u03b9\u03bf\u03c3\u03b1\u03bd\u03af\u03b4\u03b1 \u03a0\u03ac\u03b3\u03ba\u03bf\u03b9 \u0394\u03ac\u03c0\u03b5\u03b4\u03b1 \u03a0\u03cc\u03c1\u03c4\u03b5\u03c2\",\"description\":\"\u0392\u03b9\u03bf\u03bc\u03b7\u03c7\u03b1\u03bd\u03af\u03b1 \u039e\u03cd\u03bb\u03bf\u03c5 Alfa Wood Group\",\"publisher\":{\"@id\":\"https:\\\/\\\/alfawood.gr\\\/#organization\"},\"alternateName\":\"Melamines - MDF - Laminate - Worktops\",\"potentialAction\":[{\"@type\":\"SearchAction\",\"target\":{\"@type\":\"EntryPoint\",\"urlTemplate\":\"https:\\\/\\\/alfawood.gr\\\/?s={search_term_string}\"},\"query-input\":{\"@type\":\"PropertyValueSpecification\",\"valueRequired\":true,\"valueName\":\"search_term_string\"}}],\"inLanguage\":\"ro-RO\"},{\"@type\":\"Organization\",\"@id\":\"https:\\\/\\\/alfawood.gr\\\/#organization\",\"name\":\"Alfa Wood Group\",\"url\":\"https:\\\/\\\/alfawood.gr\\\/\",\"logo\":{\"@type\":\"ImageObject\",\"inLanguage\":\"ro-RO\",\"@id\":\"https:\\\/\\\/alfawood.gr\\\/#\\\/schema\\\/logo\\\/image\\\/\",\"url\":\"https:\\\/\\\/alfawood.gr\\\/wp-content\\\/uploads\\\/2023\\\/02\\\/alfa-wood-logo-1.svg\",\"contentUrl\":\"https:\\\/\\\/alfawood.gr\\\/wp-content\\\/uploads\\\/2023\\\/02\\\/alfa-wood-logo-1.svg\",\"width\":305,\"height\":195,\"caption\":\"Alfa Wood Group\"},\"image\":{\"@id\":\"https:\\\/\\\/alfawood.gr\\\/#\\\/schema\\\/logo\\\/image\\\/\"},\"sameAs\":[\"https:\\\/\\\/www.facebook.com\\\/alfawood.group\",\"https:\\\/\\\/x.com\\\/ALFAWOODGROUP\",\"https:\\\/\\\/www.instagram.com\\\/alfawood.group\",\"https:\\\/\\\/www.youtube.com\\\/@alfawoodgroup\",\"https:\\\/\\\/www.tiktok.com\\\/@alfawood.group\",\"https:\\\/\\\/vimeo.com\\\/alfawood\",\"https:\\\/\\\/www.linkedin.com\\\/company\\\/alfawoodgroup\",\"https:\\\/\\\/www.pinterest.com\\\/alfawoodgroup\\\/\"]}]}<\/script>\n<!-- \/ Yoast SEO Premium plugin. -->","yoast_head_json":{"title":"Fibr\u0103 LDF RAW - Suprafe\u021be Melaminate Contoruri din PAL MDF Pardoseli U\u0219i","robots":{"index":"index","follow":"follow","max-snippet":"max-snippet:-1","max-image-preview":"max-image-preview:large","max-video-preview":"max-video-preview:-1"},"canonical":"https:\/\/alfawood.gr\/ro\/produs\/inosanida-ldf-raw","og_locale":"ro_RO","og_type":"article","og_title":"\u0399\u03bd\u03bf\u03c3\u03b1\u03bd\u03af\u03b4\u03b1 LDF RAW","og_description":"\u039f\u03b9 \u0399\u03bd\u03bf\u03c3\u03b1\u03bd\u03af\u03b4\u03b5\u03c2 \u03bc\u03ad\u03c3\u03b7\u03c2 \u03c0\u03c5\u03ba\u03bd\u03cc\u03c4\u03b7\u03c4\u03b1\u03c2 (MDF*) \u03b5\u03af\u03bd\u03b1\u03b9 \u03c0\u03bb\u03ac\u03ba\u03b5\u03c2 \u03be\u03cd\u03bb\u03bf\u03c5 \u03c0\u03bf\u03c5 \u03b1\u03c0\u03bf\u03c4\u03b5\u03bb\u03bf\u03cd\u03bd\u03c4\u03b1\u03b9 \u03b1\u03c0\u03cc \u03c3\u03c5\u03b3\u03ba\u03bf\u03bb\u03bb\u03b7\u03bc\u03ad\u03bd\u03b5\u03c2 \u03af\u03bd\u03b5\u03c2 \u03be\u03cd\u03bb\u03bf\u03c5. \u03a0\u03b1\u03c1\u03ac\u03b3\u03bf\u03bd\u03c4\u03b1\u03b9 \u03b2\u03b9\u03bf\u03bc\u03b7\u03c7\u03b1\u03bd\u03b9\u03ba\u03ac \u03bc\u03b5 \u03c3\u03c5\u03b3\u03ba\u03cc\u03bb\u03bb\u03b7\u03c3\u03b7 \u03bb\u03b5\u03c0\u03c4\u03ce\u03bd \u03b5\u03c0\u03b9\u03c0\u03ad\u03b4\u03c9\u03bd \u03c4\u03b5\u03bc\u03b1\u03c7\u03b9\u03b4\u03af\u03c9\u03bd \u03be\u03cd\u03bb\u03bf\u03c5 \u03bc\u03b5 \u03c3\u03c5\u03bd\u03b8\u03b5\u03c4\u03b9\u03ba\u03ad\u03c2 \u03c1\u03b7\u03c4\u03af\u03bd\u03b5\u03c2 \u03b5\u03c6\u03b1\u03c1\u03bc\u03cc\u03b6\u03bf\u03bd\u03c4\u03b1\u03c2 \u03b9\u03c3\u03c7\u03c5\u03c1\u03ae \u03c0\u03af\u03b5\u03c3\u03b7 \u03ba\u03b1\u03b9 \u03b8\u03b5\u03c1\u03bc\u03bf\u03ba\u03c1\u03b1\u03c3\u03af\u03b1.","og_url":"https:\/\/alfawood.gr\/ro\/produs\/inosanida-ldf-raw","og_site_name":"\u0395\u03c0\u03b9\u03c6\u03ac\u03bd\u03b5\u03b9\u03b5\u03c2 \u039c\u03b5\u03bb\u03b1\u03bc\u03af\u03bd\u03b7\u03c2 MDF \u039c\u03bf\u03c1\u03b9\u03bf\u03c3\u03b1\u03bd\u03af\u03b4\u03b1 \u03a0\u03ac\u03b3\u03ba\u03bf\u03b9 \u0394\u03ac\u03c0\u03b5\u03b4\u03b1 \u03a0\u03cc\u03c1\u03c4\u03b5\u03c2","article_publisher":"https:\/\/www.facebook.com\/alfawood.group","article_modified_time":"2024-07-15T09:03:52+00:00","og_image":[{"width":1457,"height":2000,"url":"https:\/\/alfawood.gr\/wp-content\/uploads\/2023\/03\/mdf-raw-gumno-1-jpg.webp","type":"image\/jpeg"}],"twitter_card":"summary_large_image","twitter_site":"@ALFAWOODGROUP","twitter_misc":{"Timp estimat pentru citire":"1 minut"},"schema":{"@context":"https:\/\/schema.org","@graph":[{"@type":"WebPage","@id":"https:\/\/alfawood.gr\/ro\/produs\/inosanida-ldf-raw\/","url":"https:\/\/alfawood.gr\/ro\/produs\/inosanida-ldf-raw\/","name":"Fibr\u0103 LDF RAW - Suprafe\u021be Melaminate Contoruri din PAL MDF Pardoseli U\u0219i","isPartOf":{"@id":"https:\/\/alfawood.gr\/#website"},"primaryImageOfPage":{"@id":"https:\/\/alfawood.gr\/ro\/produs\/inosanida-ldf-raw\/#primaryimage"},"image":{"@id":"https:\/\/alfawood.gr\/ro\/produs\/inosanida-ldf-raw\/#primaryimage"},"thumbnailUrl":"https:\/\/alfawood.gr\/wp-content\/uploads\/2023\/03\/mdf-raw-gumno-1-jpg.webp","datePublished":"2023-09-20T11:08:27+00:00","dateModified":"2024-07-15T09:03:52+00:00","breadcrumb":{"@id":"https:\/\/alfawood.gr\/ro\/produs\/inosanida-ldf-raw\/#breadcrumb"},"inLanguage":"ro-RO","potentialAction":[{"@type":"ReadAction","target":["https:\/\/alfawood.gr\/ro\/produs\/inosanida-ldf-raw\/"]}]},{"@type":"ImageObject","inLanguage":"ro-RO","@id":"https:\/\/alfawood.gr\/ro\/produs\/inosanida-ldf-raw\/#primaryimage","url":"https:\/\/alfawood.gr\/wp-content\/uploads\/2023\/03\/mdf-raw-gumno-1-jpg.webp","contentUrl":"https:\/\/alfawood.gr\/wp-content\/uploads\/2023\/03\/mdf-raw-gumno-1-jpg.webp","width":1457,"height":2000,"caption":"MDF - PANEL \u0399\u03bd\u03bf\u03c3\u03b1\u03bd\u03af\u03b4\u03b1\u03c2"},{"@type":"BreadcrumbList","@id":"https:\/\/alfawood.gr\/ro\/produs\/inosanida-ldf-raw\/#breadcrumb","itemListElement":[{"@type":"ListItem","position":1,"name":"Home","item":"https:\/\/alfawood.gr\/"},{"@type":"ListItem","position":2,"name":"\u03a0\u03c1\u03bf\u03ca\u03cc\u03bd\u03c4\u03b1","item":"https:\/\/alfawood.gr\/proionta-wood\/"},{"@type":"ListItem","position":3,"name":"Alfa Panels","item":"https:\/\/alfawood.gr\/category\/panels\/"},{"@type":"ListItem","position":4,"name":"\u03a0\u03ac\u03bd\u03b5\u03bb \u0399\u03bd\u03bf\u03c3\u03b1\u03bd\u03af\u03b4\u03b1\u03c2 (MDF)","item":"https:\/\/alfawood.gr\/category\/panels\/mdf-inosanida\/"},{"@type":"ListItem","position":5,"name":"\u0399\u03bd\u03bf\u03c3\u03b1\u03bd\u03af\u03b4\u03b1 LDF RAW"}]},{"@type":"WebSite","@id":"https:\/\/alfawood.gr\/#website","url":"https:\/\/alfawood.gr\/","name":"Suprafete melaminate Conturi din PAL MDF Podele Usi","description":"Alfa Wood Group Industria Lemnului","publisher":{"@id":"https:\/\/alfawood.gr\/#organization"},"alternateName":"Melamines - MDF - Laminate - Worktops","potentialAction":[{"@type":"SearchAction","target":{"@type":"EntryPoint","urlTemplate":"https:\/\/alfawood.gr\/?s={search_term_string}"},"query-input":{"@type":"PropertyValueSpecification","valueRequired":true,"valueName":"search_term_string"}}],"inLanguage":"ro-RO"},{"@type":"Organization","@id":"https:\/\/alfawood.gr\/#organization","name":"Grupul Alfa Wood","url":"https:\/\/alfawood.gr\/","logo":{"@type":"ImageObject","inLanguage":"ro-RO","@id":"https:\/\/alfawood.gr\/#\/schema\/logo\/image\/","url":"https:\/\/alfawood.gr\/wp-content\/uploads\/2023\/02\/alfa-wood-logo-1.svg","contentUrl":"https:\/\/alfawood.gr\/wp-content\/uploads\/2023\/02\/alfa-wood-logo-1.svg","width":305,"height":195,"caption":"Alfa Wood Group"},"image":{"@id":"https:\/\/alfawood.gr\/#\/schema\/logo\/image\/"},"sameAs":["https:\/\/www.facebook.com\/alfawood.group","https:\/\/x.com\/ALFAWOODGROUP","https:\/\/www.instagram.com\/alfawood.group","https:\/\/www.youtube.com\/@alfawoodgroup","https:\/\/www.tiktok.com\/@alfawood.group","https:\/\/vimeo.com\/alfawood","https:\/\/www.linkedin.com\/company\/alfawoodgroup","https:\/\/www.pinterest.com\/alfawoodgroup\/"]}]}},"_links":{"self":[{"href":"https:\/\/alfawood.gr\/ro\/wp-json\/wp\/v2\/product\/24667","targetHints":{"allow":["GET"]}}],"collection":[{"href":"https:\/\/alfawood.gr\/ro\/wp-json\/wp\/v2\/product"}],"about":[{"href":"https:\/\/alfawood.gr\/ro\/wp-json\/wp\/v2\/types\/product"}],"version-history":[{"count":0,"href":"https:\/\/alfawood.gr\/ro\/wp-json\/wp\/v2\/product\/24667\/revisions"}],"wp:featuredmedia":[{"embeddable":true,"href":"https:\/\/alfawood.gr\/ro\/wp-json\/wp\/v2\/media\/25300"}],"wp:attachment":[{"href":"https:\/\/alfawood.gr\/ro\/wp-json\/wp\/v2\/media?parent=24667"}],"wp:term":[{"taxonomy":"product_brand","embeddable":true,"href":"https:\/\/alfawood.gr\/ro\/wp-json\/wp\/v2\/product_brand?post=24667"},{"taxonomy":"product_cat","embeddable":true,"href":"https:\/\/alfawood.gr\/ro\/wp-json\/wp\/v2\/product_cat?post=24667"},{"taxonomy":"product_tag","embeddable":true,"href":"https:\/\/alfawood.gr\/ro\/wp-json\/wp\/v2\/product_tag?post=24667"}],"curies":[{"name":"wp","href":"https:\/\/api.w.org\/{rel}","templated":true}]}}