{"id":27807,"date":"2025-07-02T12:04:15","date_gmt":"2025-07-02T10:04:15","guid":{"rendered":"https:\/\/alfawood.gr\/?post_type=product&#038;p=27807"},"modified":"2025-07-02T13:20:09","modified_gmt":"2025-07-02T11:20:09","slug":"0503-light-oak-rustic-square-wall-cladding","status":"publish","type":"product","link":"https:\/\/alfawood.gr\/ro\/product\/0503-light-oak-rustic-square-wall-cladding\/","title":{"rendered":"0503 Stejar Deschis Rustic \u2013 P\u0103trat | Placare de Pere\u021bi"},"content":{"rendered":"<div data-elementor-type=\"wp-post\" data-elementor-id=\"24295\" class=\"elementor elementor-24295\" data-elementor-post-type=\"cms_block\">\n\t\t\t\t\t\t<section class=\"wd-negative-gap elementor-section elementor-top-section elementor-element elementor-element-35f05b5c elementor-section-boxed elementor-section-height-default elementor-section-height-default\" data-id=\"35f05b5c\" data-element_type=\"section\" data-e-type=\"section\">\n\t\t\t\t\t\t<div class=\"elementor-container elementor-column-gap-default\">\n\t\t\t\t\t<div class=\"elementor-column elementor-col-100 elementor-top-column elementor-element elementor-element-7c567e4b\" data-id=\"7c567e4b\" data-element_type=\"column\" data-e-type=\"column\">\n\t\t\t<div class=\"elementor-widget-wrap elementor-element-populated\">\n\t\t\t\t\t\t<div class=\"elementor-element elementor-element-5637f888 color-scheme-inherit text-left elementor-widget elementor-widget-text-editor\" data-id=\"5637f888\" data-element_type=\"widget\" data-e-type=\"widget\" data-widget_type=\"text-editor.default\">\n\t\t\t\t<div class=\"elementor-widget-container\">\n\t\t\t\t\t\t\t\t\t<p>THE <strong>tapet<\/strong> al Alfa Wood Group este alegerea potrivit\u0103 pentru a \u00eembun\u0103t\u0103\u021bi, re\u00eennoi \u0219i crea un rezultat estetic excelent \u00een spa\u021biile casnice \u0219i profesionale.<br \/><br \/><\/p><p>Este un produs nou care const\u0103 din MDF impermeabil acoperit cu CPL \u0219i este disponibil \u00een diferite nuan\u021be de lemn \u0219i op\u021biuni monocrome.<br \/><br \/><\/p><p>Tapet\u0103rile de pere\u021bi \u00een nuan\u021be de lemn ofer\u0103 un aspect natural cu o textur\u0103 texturat\u0103 care este ideal\u0103 pentru acoperirea pere\u021bilor, tavanelor, elementelor de mobilier \u0219i chiar a \u00eenc\u0103perilor \u00eentregi, \u00een timp ce cele monocromatice se refer\u0103 la decora\u021biuni moderne.<br \/><br \/><\/p><p>Garniturile sunt o solu\u021bie de design interior versatil\u0103 \u0219i atractiv\u0103, care poate transforma orice camer\u0103 \u00eentr-un spa\u021biu cald \u0219i primitor. Este o solu\u021bie clasic\u0103 de renovare a spa\u021biului t\u0103u, care evoc\u0103 o atmosfer\u0103 de lux \u0219i o not\u0103 romantic\u0103, dar merge \u0219i m\u00e2n\u0103 \u00een m\u00e2n\u0103 cu cerin\u021bele moderne ale culturii arhitecturale \u0219i stilului de via\u021b\u0103.<br \/><br \/><\/p><p><strong>Suprafata: Intra<\/strong><\/p><p><strong>dimensiuni: <br \/>Profilul nr. 81<\/strong> 3000 x 90 x 18 mm<br \/><strong> Profilul nr. 82<\/strong> 3000 x 43 x 18 mm<\/p><p>\u00a0<\/p>\t\t\t\t\t\t\t\t<\/div>\n\t\t\t\t<\/div>\n\t\t\t\t\t<\/div>\n\t\t<\/div>\n\t\t\t\t\t<\/div>\n\t\t<\/section>\n\t\t\t\t<section class=\"wd-negative-gap elementor-section elementor-top-section elementor-element elementor-element-d263041 elementor-section-boxed elementor-section-height-default elementor-section-height-default\" data-id=\"d263041\" data-element_type=\"section\" data-e-type=\"section\">\n\t\t\t\t\t\t<div class=\"elementor-container elementor-column-gap-default\">\n\t\t\t\t\t<div class=\"elementor-column elementor-col-100 elementor-top-column elementor-element elementor-element-7701499\" data-id=\"7701499\" data-element_type=\"column\" data-e-type=\"column\">\n\t\t\t<div class=\"elementor-widget-wrap elementor-element-populated\">\n\t\t\t\t\t\t<div class=\"elementor-element elementor-element-c4958e6 elementor-widget elementor-widget-wd_text_block\" data-id=\"c4958e6\" data-element_type=\"widget\" data-e-type=\"widget\" data-widget_type=\"wd_text_block.default\">\n\t\t\t\t<div class=\"elementor-widget-container\">\n\t\t\t\t\t\t\t<div class=\"wd-text-block reset-last-child text-left\">\n\t\t\t\n\t\t\t<p><strong>Avantajele placarii peretelui:<\/strong><\/p><ul><li>\u2022 Ofer\u0103 flexibilitate \u0219i plasare rapid\u0103.<\/li><li>\u2022 Este o optiune economica pentru a va renova spatiul.<\/li><li>Ea este durabil\u0103.<\/li><li>Se intretine usor.<\/li><li>\u2022 Poate fi personalizat pentru a se potrivi cu orice stil de decor.<\/li><li>po\u021bi pune un accent deosebit pe finisajul lemnului \u0219i \u00eendr\u0103zne\u0219ti s\u0103 pictezi aceste c\u0103ptu\u0219eli \u00een nuan\u021be interesante, pentru a crea un aspect unic care completeaz\u0103 perfect spa\u021biul.<\/li><\/ul>\n\t\t\t\t\t<\/div>\n\t\t\t\t\t\t<\/div>\n\t\t\t\t<\/div>\n\t\t\t\t\t<\/div>\n\t\t<\/div>\n\t\t\t\t\t<\/div>\n\t\t<\/section>\n\t\t\t\t<\/div>","protected":false},"excerpt":{"rendered":"<p>Lambriul mural 0503 Stejar Deschis Rustic reproduce cu acurate\u021be aspectul \u0219i senza\u021bia lemnului \u00eentr-o nuan\u021b\u0103 maro-m\u0103sliniu \u0219i ofer\u0103 un aspect natural cu o textur\u0103 texturat\u0103, ideal\u0103 pentru acoperirea pere\u021bilor, tavanelor, elementelor de mobilier \u0219i chiar a \u00eenc\u0103perilor \u00eentregi.<\/p>","protected":false},"featured_media":27802,"template":"","meta":{"_acf_changed":false,"inline_featured_image":false,"cybocfi_hide_featured_image":""},"product_brand":[],"product_cat":[873,847,846],"product_tag":[],"class_list":{"0":"post-27807","1":"product","2":"type-product","3":"status-publish","4":"has-post-thumbnail","6":"product_cat-fast-fashion","7":"product_cat-diakosmiseis-toixon-ksylo","8":"product_cat-wall-cladding-cpl","10":"first","11":"instock","12":"product-type-simple"},"acf":[],"yoast_head":"<!-- This site is optimized with the Yoast SEO Premium plugin v27.3 (Yoast SEO v27.3) - https:\/\/yoast.com\/product\/yoast-seo-premium-wordpress\/ -->\n<title>0503 Light Oak Rustic - Square | Wall Cladding - \u0395\u03c0\u03b9\u03c6\u03ac\u03bd\u03b5\u03b9\u03b5\u03c2 \u039c\u03b5\u03bb\u03b1\u03bc\u03af\u03bd\u03b7\u03c2 MDF \u039c\u03bf\u03c1\u03b9\u03bf\u03c3\u03b1\u03bd\u03af\u03b4\u03b1 \u03a0\u03ac\u03b3\u03ba\u03bf\u03b9 \u0394\u03ac\u03c0\u03b5\u03b4\u03b1 \u03a0\u03cc\u03c1\u03c4\u03b5\u03c2<\/title>\n<meta name=\"robots\" content=\"index, follow, max-snippet:-1, max-image-preview:large, max-video-preview:-1\" \/>\n<link rel=\"canonical\" href=\"https:\/\/alfawood.gr\/ro\/produs\/0503-light-oak-rustic-square-wall-cladding\" \/>\n<meta property=\"og:locale\" content=\"ro_RO\" \/>\n<meta property=\"og:type\" content=\"article\" \/>\n<meta property=\"og:title\" content=\"0503 Light Oak Rustic - Square | Wall Cladding\" \/>\n<meta property=\"og:description\" content=\"\u0397 \u03b5\u03c0\u03ad\u03bd\u03b4\u03c5\u03c3\u03b7 \u03c4\u03bf\u03af\u03c7\u03bf\u03c5 0503 Light Oak Rustic \u03b1\u03bd\u03b1\u03c0\u03b1\u03c1\u03ac\u03b3\u03b5\u03b9 \u03bc\u03b5 \u03b1\u03ba\u03c1\u03af\u03b2\u03b5\u03b9\u03b1 \u03c4\u03b7\u03bd \u03b5\u03bc\u03c6\u03ac\u03bd\u03b9\u03c3\u03b7 \u03ba\u03b1\u03b9 \u03c4\u03b7\u03bd \u03b1\u03af\u03c3\u03b8\u03b7\u03c3\u03b7 \u03c4\u03bf\u03c5 \u03be\u03cd\u03bb\u03bf\u03c5 \u03c3\u03b5 \u03bb\u03b1\u03b4\u03af \u03ba\u03b1\u03c6\u03ad \u03b1\u03c0\u03cc\u03c7\u03c1\u03c9\u03c3\u03b7 \u03ba\u03b1\u03b9 \u03c0\u03c1\u03bf\u03c3\u03c6\u03ad\u03c1\u03b5\u03b9 \u03bc\u03b9\u03b1 \u03c6\u03c5\u03c3\u03b9\u03ba\u03ae \u03b5\u03bc\u03c6\u03ac\u03bd\u03b9\u03c3\u03b7 \u03bc\u03b5 \u03b1\u03bd\u03ac\u03b3\u03bb\u03c5\u03c6\u03b7 \u03c5\u03c6\u03ae \u03c0\u03bf\u03c5 \u03b5\u03af\u03bd\u03b1\u03b9 \u03b9\u03b4\u03b1\u03bd\u03b9\u03ba\u03ae \u03b3\u03b9\u03b1 \u03c4\u03b7\u03bd \u03b5\u03c0\u03ad\u03bd\u03b4\u03c5\u03c3\u03b7 \u03c4\u03bf\u03af\u03c7\u03c9\u03bd, \u03bf\u03c1\u03bf\u03c6\u03ae\u03c2, \u03c3\u03c4\u03bf\u03b9\u03c7\u03b5\u03af\u03c9\u03bd \u03b5\u03c0\u03af\u03c0\u03bb\u03c9\u03bd \u03b1\u03ba\u03cc\u03bc\u03b1 \u03ba\u03b1\u03b9 \u03bf\u03bb\u03cc\u03ba\u03bb\u03b7\u03c1\u03c9\u03bd \u03b4\u03c9\u03bc\u03b1\u03c4\u03af\u03c9\u03bd.\" \/>\n<meta property=\"og:url\" content=\"https:\/\/alfawood.gr\/ro\/produs\/0503-light-oak-rustic-square-wall-cladding\" \/>\n<meta property=\"og:site_name\" content=\"\u0395\u03c0\u03b9\u03c6\u03ac\u03bd\u03b5\u03b9\u03b5\u03c2 \u039c\u03b5\u03bb\u03b1\u03bc\u03af\u03bd\u03b7\u03c2 MDF \u039c\u03bf\u03c1\u03b9\u03bf\u03c3\u03b1\u03bd\u03af\u03b4\u03b1 \u03a0\u03ac\u03b3\u03ba\u03bf\u03b9 \u0394\u03ac\u03c0\u03b5\u03b4\u03b1 \u03a0\u03cc\u03c1\u03c4\u03b5\u03c2\" \/>\n<meta property=\"article:publisher\" content=\"https:\/\/www.facebook.com\/alfawood.group\" \/>\n<meta property=\"article:modified_time\" content=\"2025-07-02T11:20:09+00:00\" \/>\n<meta property=\"og:image\" content=\"https:\/\/alfawood.gr\/wp-content\/uploads\/2025\/07\/0503-wall-cladding.jpg\" \/>\n\t<meta property=\"og:image:width\" content=\"947\" \/>\n\t<meta property=\"og:image:height\" content=\"1300\" \/>\n\t<meta property=\"og:image:type\" content=\"image\/jpeg\" \/>\n<meta name=\"twitter:card\" content=\"summary_large_image\" \/>\n<meta name=\"twitter:site\" content=\"@ALFAWOODGROUP\" \/>\n<meta name=\"twitter:label1\" content=\"Timp estimat pentru citire\" \/>\n\t<meta name=\"twitter:data1\" content=\"1 minut\" \/>\n<script type=\"application\/ld+json\" class=\"yoast-schema-graph\">{\"@context\":\"https:\\\/\\\/schema.org\",\"@graph\":[{\"@type\":\"WebPage\",\"@id\":\"https:\\\/\\\/alfawood.gr\\\/product\\\/0503-light-oak-rustic-square-wall-cladding\\\/\",\"url\":\"https:\\\/\\\/alfawood.gr\\\/product\\\/0503-light-oak-rustic-square-wall-cladding\\\/\",\"name\":\"0503 Light Oak Rustic - Square | Wall Cladding - \u0395\u03c0\u03b9\u03c6\u03ac\u03bd\u03b5\u03b9\u03b5\u03c2 \u039c\u03b5\u03bb\u03b1\u03bc\u03af\u03bd\u03b7\u03c2 MDF \u039c\u03bf\u03c1\u03b9\u03bf\u03c3\u03b1\u03bd\u03af\u03b4\u03b1 \u03a0\u03ac\u03b3\u03ba\u03bf\u03b9 \u0394\u03ac\u03c0\u03b5\u03b4\u03b1 \u03a0\u03cc\u03c1\u03c4\u03b5\u03c2\",\"isPartOf\":{\"@id\":\"https:\\\/\\\/alfawood.gr\\\/#website\"},\"primaryImageOfPage\":{\"@id\":\"https:\\\/\\\/alfawood.gr\\\/product\\\/0503-light-oak-rustic-square-wall-cladding\\\/#primaryimage\"},\"image\":{\"@id\":\"https:\\\/\\\/alfawood.gr\\\/product\\\/0503-light-oak-rustic-square-wall-cladding\\\/#primaryimage\"},\"thumbnailUrl\":\"https:\\\/\\\/alfawood.gr\\\/wp-content\\\/uploads\\\/2025\\\/07\\\/0503-wall-cladding.jpg\",\"datePublished\":\"2025-07-02T10:04:15+00:00\",\"dateModified\":\"2025-07-02T11:20:09+00:00\",\"breadcrumb\":{\"@id\":\"https:\\\/\\\/alfawood.gr\\\/product\\\/0503-light-oak-rustic-square-wall-cladding\\\/#breadcrumb\"},\"inLanguage\":\"ro-RO\",\"potentialAction\":[{\"@type\":\"ReadAction\",\"target\":[\"https:\\\/\\\/alfawood.gr\\\/product\\\/0503-light-oak-rustic-square-wall-cladding\\\/\"]}]},{\"@type\":\"ImageObject\",\"inLanguage\":\"ro-RO\",\"@id\":\"https:\\\/\\\/alfawood.gr\\\/product\\\/0503-light-oak-rustic-square-wall-cladding\\\/#primaryimage\",\"url\":\"https:\\\/\\\/alfawood.gr\\\/wp-content\\\/uploads\\\/2025\\\/07\\\/0503-wall-cladding.jpg\",\"contentUrl\":\"https:\\\/\\\/alfawood.gr\\\/wp-content\\\/uploads\\\/2025\\\/07\\\/0503-wall-cladding.jpg\",\"width\":947,\"height\":1300,\"caption\":\"wall cladding\"},{\"@type\":\"BreadcrumbList\",\"@id\":\"https:\\\/\\\/alfawood.gr\\\/product\\\/0503-light-oak-rustic-square-wall-cladding\\\/#breadcrumb\",\"itemListElement\":[{\"@type\":\"ListItem\",\"position\":1,\"name\":\"Home\",\"item\":\"https:\\\/\\\/alfawood.gr\\\/\"},{\"@type\":\"ListItem\",\"position\":2,\"name\":\"\u03a0\u03c1\u03bf\u03ca\u03cc\u03bd\u03c4\u03b1\",\"item\":\"https:\\\/\\\/alfawood.gr\\\/proionta-wood\\\/\"},{\"@type\":\"ListItem\",\"position\":3,\"name\":\"\u0394\u03b9\u03b1\u03ba\u03cc\u03c3\u03bc\u03b7\u03c3\u03b7 \u03a4\u03bf\u03af\u03c7\u03bf\u03c5\",\"item\":\"https:\\\/\\\/alfawood.gr\\\/category\\\/diakosmiseis-toixon-ksylo\\\/\"},{\"@type\":\"ListItem\",\"position\":4,\"name\":\"\u0395\u03c0\u03ad\u03bd\u03b4\u03c5\u03c3\u03b7 \u03a4\u03bf\u03af\u03c7\u03bf\u03c5\",\"item\":\"https:\\\/\\\/alfawood.gr\\\/category\\\/diakosmiseis-toixon-ksylo\\\/ependusi-toixou\\\/\"},{\"@type\":\"ListItem\",\"position\":5,\"name\":\"\u0395\u03c0\u03ad\u03bd\u03b4\u03c5\u03c3\u03b7 \u03a4\u03bf\u03af\u03c7\u03bf\u03c5 - CPL\",\"item\":\"https:\\\/\\\/alfawood.gr\\\/category\\\/diakosmiseis-toixon-ksylo\\\/ependusi-toixou\\\/wall-cladding-cpl\\\/\"},{\"@type\":\"ListItem\",\"position\":6,\"name\":\"0503 Light Oak Rustic &#8211; Square | Wall Cladding\"}]},{\"@type\":\"WebSite\",\"@id\":\"https:\\\/\\\/alfawood.gr\\\/#website\",\"url\":\"https:\\\/\\\/alfawood.gr\\\/\",\"name\":\"\u0395\u03c0\u03b9\u03c6\u03ac\u03bd\u03b5\u03b9\u03b5\u03c2 \u039c\u03b5\u03bb\u03b1\u03bc\u03af\u03bd\u03b7\u03c2 MDF \u039c\u03bf\u03c1\u03b9\u03bf\u03c3\u03b1\u03bd\u03af\u03b4\u03b1 \u03a0\u03ac\u03b3\u03ba\u03bf\u03b9 \u0394\u03ac\u03c0\u03b5\u03b4\u03b1 \u03a0\u03cc\u03c1\u03c4\u03b5\u03c2\",\"description\":\"\u0392\u03b9\u03bf\u03bc\u03b7\u03c7\u03b1\u03bd\u03af\u03b1 \u039e\u03cd\u03bb\u03bf\u03c5 Alfa Wood Group\",\"publisher\":{\"@id\":\"https:\\\/\\\/alfawood.gr\\\/#organization\"},\"alternateName\":\"Melamines - MDF - Laminate - Worktops\",\"potentialAction\":[{\"@type\":\"SearchAction\",\"target\":{\"@type\":\"EntryPoint\",\"urlTemplate\":\"https:\\\/\\\/alfawood.gr\\\/?s={search_term_string}\"},\"query-input\":{\"@type\":\"PropertyValueSpecification\",\"valueRequired\":true,\"valueName\":\"search_term_string\"}}],\"inLanguage\":\"ro-RO\"},{\"@type\":\"Organization\",\"@id\":\"https:\\\/\\\/alfawood.gr\\\/#organization\",\"name\":\"Alfa Wood Group\",\"url\":\"https:\\\/\\\/alfawood.gr\\\/\",\"logo\":{\"@type\":\"ImageObject\",\"inLanguage\":\"ro-RO\",\"@id\":\"https:\\\/\\\/alfawood.gr\\\/#\\\/schema\\\/logo\\\/image\\\/\",\"url\":\"https:\\\/\\\/alfawood.gr\\\/wp-content\\\/uploads\\\/2023\\\/02\\\/alfa-wood-logo-1.svg\",\"contentUrl\":\"https:\\\/\\\/alfawood.gr\\\/wp-content\\\/uploads\\\/2023\\\/02\\\/alfa-wood-logo-1.svg\",\"width\":305,\"height\":195,\"caption\":\"Alfa Wood Group\"},\"image\":{\"@id\":\"https:\\\/\\\/alfawood.gr\\\/#\\\/schema\\\/logo\\\/image\\\/\"},\"sameAs\":[\"https:\\\/\\\/www.facebook.com\\\/alfawood.group\",\"https:\\\/\\\/x.com\\\/ALFAWOODGROUP\",\"https:\\\/\\\/www.instagram.com\\\/alfawood.group\",\"https:\\\/\\\/www.youtube.com\\\/@alfawoodgroup\",\"https:\\\/\\\/www.tiktok.com\\\/@alfawood.group\",\"https:\\\/\\\/vimeo.com\\\/alfawood\",\"https:\\\/\\\/www.linkedin.com\\\/company\\\/alfawoodgroup\",\"https:\\\/\\\/www.pinterest.com\\\/alfawoodgroup\\\/\"]}]}<\/script>\n<!-- \/ Yoast SEO Premium plugin. -->","yoast_head_json":{"title":"0503 Light Oak Rustic - Square | Wall Cladding - \u0395\u03c0\u03b9\u03c6\u03ac\u03bd\u03b5\u03b9\u03b5\u03c2 \u039c\u03b5\u03bb\u03b1\u03bc\u03af\u03bd\u03b7\u03c2 MDF \u039c\u03bf\u03c1\u03b9\u03bf\u03c3\u03b1\u03bd\u03af\u03b4\u03b1 \u03a0\u03ac\u03b3\u03ba\u03bf\u03b9 \u0394\u03ac\u03c0\u03b5\u03b4\u03b1 \u03a0\u03cc\u03c1\u03c4\u03b5\u03c2","robots":{"index":"index","follow":"follow","max-snippet":"max-snippet:-1","max-image-preview":"max-image-preview:large","max-video-preview":"max-video-preview:-1"},"canonical":"https:\/\/alfawood.gr\/ro\/produs\/0503-light-oak-rustic-square-wall-cladding","og_locale":"ro_RO","og_type":"article","og_title":"0503 Light Oak Rustic - Square | Wall Cladding","og_description":"\u0397 \u03b5\u03c0\u03ad\u03bd\u03b4\u03c5\u03c3\u03b7 \u03c4\u03bf\u03af\u03c7\u03bf\u03c5 0503 Light Oak Rustic \u03b1\u03bd\u03b1\u03c0\u03b1\u03c1\u03ac\u03b3\u03b5\u03b9 \u03bc\u03b5 \u03b1\u03ba\u03c1\u03af\u03b2\u03b5\u03b9\u03b1 \u03c4\u03b7\u03bd \u03b5\u03bc\u03c6\u03ac\u03bd\u03b9\u03c3\u03b7 \u03ba\u03b1\u03b9 \u03c4\u03b7\u03bd \u03b1\u03af\u03c3\u03b8\u03b7\u03c3\u03b7 \u03c4\u03bf\u03c5 \u03be\u03cd\u03bb\u03bf\u03c5 \u03c3\u03b5 \u03bb\u03b1\u03b4\u03af \u03ba\u03b1\u03c6\u03ad \u03b1\u03c0\u03cc\u03c7\u03c1\u03c9\u03c3\u03b7 \u03ba\u03b1\u03b9 \u03c0\u03c1\u03bf\u03c3\u03c6\u03ad\u03c1\u03b5\u03b9 \u03bc\u03b9\u03b1 \u03c6\u03c5\u03c3\u03b9\u03ba\u03ae \u03b5\u03bc\u03c6\u03ac\u03bd\u03b9\u03c3\u03b7 \u03bc\u03b5 \u03b1\u03bd\u03ac\u03b3\u03bb\u03c5\u03c6\u03b7 \u03c5\u03c6\u03ae \u03c0\u03bf\u03c5 \u03b5\u03af\u03bd\u03b1\u03b9 \u03b9\u03b4\u03b1\u03bd\u03b9\u03ba\u03ae \u03b3\u03b9\u03b1 \u03c4\u03b7\u03bd \u03b5\u03c0\u03ad\u03bd\u03b4\u03c5\u03c3\u03b7 \u03c4\u03bf\u03af\u03c7\u03c9\u03bd, \u03bf\u03c1\u03bf\u03c6\u03ae\u03c2, \u03c3\u03c4\u03bf\u03b9\u03c7\u03b5\u03af\u03c9\u03bd \u03b5\u03c0\u03af\u03c0\u03bb\u03c9\u03bd \u03b1\u03ba\u03cc\u03bc\u03b1 \u03ba\u03b1\u03b9 \u03bf\u03bb\u03cc\u03ba\u03bb\u03b7\u03c1\u03c9\u03bd \u03b4\u03c9\u03bc\u03b1\u03c4\u03af\u03c9\u03bd.","og_url":"https:\/\/alfawood.gr\/ro\/produs\/0503-light-oak-rustic-square-wall-cladding","og_site_name":"\u0395\u03c0\u03b9\u03c6\u03ac\u03bd\u03b5\u03b9\u03b5\u03c2 \u039c\u03b5\u03bb\u03b1\u03bc\u03af\u03bd\u03b7\u03c2 MDF \u039c\u03bf\u03c1\u03b9\u03bf\u03c3\u03b1\u03bd\u03af\u03b4\u03b1 \u03a0\u03ac\u03b3\u03ba\u03bf\u03b9 \u0394\u03ac\u03c0\u03b5\u03b4\u03b1 \u03a0\u03cc\u03c1\u03c4\u03b5\u03c2","article_publisher":"https:\/\/www.facebook.com\/alfawood.group","article_modified_time":"2025-07-02T11:20:09+00:00","og_image":[{"width":947,"height":1300,"url":"https:\/\/alfawood.gr\/wp-content\/uploads\/2025\/07\/0503-wall-cladding.jpg","type":"image\/jpeg"}],"twitter_card":"summary_large_image","twitter_site":"@ALFAWOODGROUP","twitter_misc":{"Timp estimat pentru citire":"1 minut"},"schema":{"@context":"https:\/\/schema.org","@graph":[{"@type":"WebPage","@id":"https:\/\/alfawood.gr\/product\/0503-light-oak-rustic-square-wall-cladding\/","url":"https:\/\/alfawood.gr\/product\/0503-light-oak-rustic-square-wall-cladding\/","name":"0503 Light Oak Rustic - Square | Wall Cladding - \u0395\u03c0\u03b9\u03c6\u03ac\u03bd\u03b5\u03b9\u03b5\u03c2 \u039c\u03b5\u03bb\u03b1\u03bc\u03af\u03bd\u03b7\u03c2 MDF \u039c\u03bf\u03c1\u03b9\u03bf\u03c3\u03b1\u03bd\u03af\u03b4\u03b1 \u03a0\u03ac\u03b3\u03ba\u03bf\u03b9 \u0394\u03ac\u03c0\u03b5\u03b4\u03b1 \u03a0\u03cc\u03c1\u03c4\u03b5\u03c2","isPartOf":{"@id":"https:\/\/alfawood.gr\/#website"},"primaryImageOfPage":{"@id":"https:\/\/alfawood.gr\/product\/0503-light-oak-rustic-square-wall-cladding\/#primaryimage"},"image":{"@id":"https:\/\/alfawood.gr\/product\/0503-light-oak-rustic-square-wall-cladding\/#primaryimage"},"thumbnailUrl":"https:\/\/alfawood.gr\/wp-content\/uploads\/2025\/07\/0503-wall-cladding.jpg","datePublished":"2025-07-02T10:04:15+00:00","dateModified":"2025-07-02T11:20:09+00:00","breadcrumb":{"@id":"https:\/\/alfawood.gr\/product\/0503-light-oak-rustic-square-wall-cladding\/#breadcrumb"},"inLanguage":"ro-RO","potentialAction":[{"@type":"ReadAction","target":["https:\/\/alfawood.gr\/product\/0503-light-oak-rustic-square-wall-cladding\/"]}]},{"@type":"ImageObject","inLanguage":"ro-RO","@id":"https:\/\/alfawood.gr\/product\/0503-light-oak-rustic-square-wall-cladding\/#primaryimage","url":"https:\/\/alfawood.gr\/wp-content\/uploads\/2025\/07\/0503-wall-cladding.jpg","contentUrl":"https:\/\/alfawood.gr\/wp-content\/uploads\/2025\/07\/0503-wall-cladding.jpg","width":947,"height":1300,"caption":"wall cladding"},{"@type":"BreadcrumbList","@id":"https:\/\/alfawood.gr\/product\/0503-light-oak-rustic-square-wall-cladding\/#breadcrumb","itemListElement":[{"@type":"ListItem","position":1,"name":"Home","item":"https:\/\/alfawood.gr\/"},{"@type":"ListItem","position":2,"name":"\u03a0\u03c1\u03bf\u03ca\u03cc\u03bd\u03c4\u03b1","item":"https:\/\/alfawood.gr\/proionta-wood\/"},{"@type":"ListItem","position":3,"name":"\u0394\u03b9\u03b1\u03ba\u03cc\u03c3\u03bc\u03b7\u03c3\u03b7 \u03a4\u03bf\u03af\u03c7\u03bf\u03c5","item":"https:\/\/alfawood.gr\/category\/diakosmiseis-toixon-ksylo\/"},{"@type":"ListItem","position":4,"name":"\u0395\u03c0\u03ad\u03bd\u03b4\u03c5\u03c3\u03b7 \u03a4\u03bf\u03af\u03c7\u03bf\u03c5","item":"https:\/\/alfawood.gr\/category\/diakosmiseis-toixon-ksylo\/ependusi-toixou\/"},{"@type":"ListItem","position":5,"name":"\u0395\u03c0\u03ad\u03bd\u03b4\u03c5\u03c3\u03b7 \u03a4\u03bf\u03af\u03c7\u03bf\u03c5 - CPL","item":"https:\/\/alfawood.gr\/category\/diakosmiseis-toixon-ksylo\/ependusi-toixou\/wall-cladding-cpl\/"},{"@type":"ListItem","position":6,"name":"0503 Light Oak Rustic &#8211; Square | Wall Cladding"}]},{"@type":"WebSite","@id":"https:\/\/alfawood.gr\/#website","url":"https:\/\/alfawood.gr\/","name":"Suprafete melaminate Conturi din PAL MDF Podele Usi","description":"Alfa Wood Group Industria Lemnului","publisher":{"@id":"https:\/\/alfawood.gr\/#organization"},"alternateName":"Melamines - MDF - Laminate - Worktops","potentialAction":[{"@type":"SearchAction","target":{"@type":"EntryPoint","urlTemplate":"https:\/\/alfawood.gr\/?s={search_term_string}"},"query-input":{"@type":"PropertyValueSpecification","valueRequired":true,"valueName":"search_term_string"}}],"inLanguage":"ro-RO"},{"@type":"Organization","@id":"https:\/\/alfawood.gr\/#organization","name":"Grupul Alfa Wood","url":"https:\/\/alfawood.gr\/","logo":{"@type":"ImageObject","inLanguage":"ro-RO","@id":"https:\/\/alfawood.gr\/#\/schema\/logo\/image\/","url":"https:\/\/alfawood.gr\/wp-content\/uploads\/2023\/02\/alfa-wood-logo-1.svg","contentUrl":"https:\/\/alfawood.gr\/wp-content\/uploads\/2023\/02\/alfa-wood-logo-1.svg","width":305,"height":195,"caption":"Alfa Wood Group"},"image":{"@id":"https:\/\/alfawood.gr\/#\/schema\/logo\/image\/"},"sameAs":["https:\/\/www.facebook.com\/alfawood.group","https:\/\/x.com\/ALFAWOODGROUP","https:\/\/www.instagram.com\/alfawood.group","https:\/\/www.youtube.com\/@alfawoodgroup","https:\/\/www.tiktok.com\/@alfawood.group","https:\/\/vimeo.com\/alfawood","https:\/\/www.linkedin.com\/company\/alfawoodgroup","https:\/\/www.pinterest.com\/alfawoodgroup\/"]}]}},"_links":{"self":[{"href":"https:\/\/alfawood.gr\/ro\/wp-json\/wp\/v2\/product\/27807","targetHints":{"allow":["GET"]}}],"collection":[{"href":"https:\/\/alfawood.gr\/ro\/wp-json\/wp\/v2\/product"}],"about":[{"href":"https:\/\/alfawood.gr\/ro\/wp-json\/wp\/v2\/types\/product"}],"version-history":[{"count":1,"href":"https:\/\/alfawood.gr\/ro\/wp-json\/wp\/v2\/product\/27807\/revisions"}],"predecessor-version":[{"id":27809,"href":"https:\/\/alfawood.gr\/ro\/wp-json\/wp\/v2\/product\/27807\/revisions\/27809"}],"wp:featuredmedia":[{"embeddable":true,"href":"https:\/\/alfawood.gr\/ro\/wp-json\/wp\/v2\/media\/27802"}],"wp:attachment":[{"href":"https:\/\/alfawood.gr\/ro\/wp-json\/wp\/v2\/media?parent=27807"}],"wp:term":[{"taxonomy":"product_brand","embeddable":true,"href":"https:\/\/alfawood.gr\/ro\/wp-json\/wp\/v2\/product_brand?post=27807"},{"taxonomy":"product_cat","embeddable":true,"href":"https:\/\/alfawood.gr\/ro\/wp-json\/wp\/v2\/product_cat?post=27807"},{"taxonomy":"product_tag","embeddable":true,"href":"https:\/\/alfawood.gr\/ro\/wp-json\/wp\/v2\/product_tag?post=27807"}],"curies":[{"name":"wp","href":"https:\/\/api.w.org\/{rel}","templated":true}]}}