{"id":28345,"date":"2025-11-26T12:48:04","date_gmt":"2025-11-26T10:48:04","guid":{"rendered":"https:\/\/alfawood.gr\/?post_type=product&#038;p=28345"},"modified":"2025-12-01T16:29:29","modified_gmt":"2025-12-01T14:29:29","slug":"1894-fall-oak-synchro","status":"publish","type":"product","link":"https:\/\/alfawood.gr\/ro\/product\/1894-fall-oak-synchro\/","title":{"rendered":"Stejarul de toamn\u0103 din 1894 \u2013 Synchro"},"content":{"rendered":"<div data-elementor-type=\"wp-post\" data-elementor-id=\"28319\" class=\"elementor elementor-28319\" data-elementor-post-type=\"cms_block\">\n\t\t\t\t\t\t<section class=\"wd-negative-gap elementor-section elementor-top-section elementor-element elementor-element-7f508be3 elementor-section-boxed elementor-section-height-default elementor-section-height-default\" data-id=\"7f508be3\" data-element_type=\"section\" data-e-type=\"section\">\n\t\t\t\t\t\t<div class=\"elementor-container elementor-column-gap-default\">\n\t\t\t\t\t<div class=\"elementor-column elementor-col-100 elementor-top-column elementor-element elementor-element-6923cdb1\" data-id=\"6923cdb1\" data-element_type=\"column\" data-e-type=\"column\">\n\t\t\t<div class=\"elementor-widget-wrap elementor-element-populated\">\n\t\t\t\t\t\t<div class=\"elementor-element elementor-element-26219d23 color-scheme-inherit text-left elementor-widget elementor-widget-text-editor\" data-id=\"26219d23\" data-element_type=\"widget\" data-e-type=\"widget\" data-widget_type=\"text-editor.default\">\n\t\t\t\t<div class=\"elementor-widget-container\">\n\t\t\t\t\t\t\t\t\t\n<p>Noua experien\u021b\u0103 <a href=\"\/ro\/laminate-dapeda\" target=\"_blank\" rel=\"noopener\"><strong>Laminat<\/strong><\/a> de Alfa Wood Group<\/p>\n\n<p>The <strong>Silva<\/strong><strong> Esen\u0163\u0103<\/strong><strong> \u2013 Sincron<\/strong> Alfa Wood Group este noua serie premium de pardoseli laminate produse \u00een Grecia, conceput\u0103 pentru cei care caut\u0103 experien\u021ba suprem\u0103 a naturale\u021bii, esteticii \u00eenalte \u0219i perfec\u021biunii tehnologice.<\/p>\n\n<p>Seria Silva Essence valorific\u0103 tehnologia <strong>EIR<\/strong><strong> (\u00cen relief<\/strong><strong> \u00een<\/strong><strong> Registru<\/strong><strong>)<\/strong>, \u00een care relieful suprafe\u021bei urmeaz\u0103 cu fidelitate fibra lemnului.<br \/>Acest lucru creeaz\u0103 un efect de armonie absolut\u0103 \u00eentre aspect \u0219i textur\u0103:<\/p>\n\n<p>\u2714 naturale\u021be realist\u0103<br \/>\u2714 ad\u00e2ncime vizibil\u0103 \u0219i sim\u021bit\u0103<br \/>\u2714 varia\u021bii subtile de mat \u0219i luciu<br \/>\u2714 senza\u021bie autentic\u0103 de lemn natural la atingere<\/p>\n\n<p>Rezultatul final este o pardoseal\u0103 care arat\u0103 \u0219i se simte ca lemnul adev\u0103rat, cu fibre naturale \u0219i un caracter vibrant \u00een fiecare plac\u0103.<\/p>\n\n<p><strong>\u0218tirile <a href=\"https:\/\/alfawood.gr\/ro\/laminate-dapeda\" target=\"_blank\" rel=\"noopener\">Pardoseli laminate <\/a>Silva Essence este alc\u0103tuit\u0103 dintr-un miez HDF de \u00eenalt\u0103 densitate \u0219i o suprafa\u021b\u0103 protectoare ranforsat\u0103, oferind:<\/strong><\/p>\n\n<ul class=\"wp-block-list\">\n<li>rezisten\u021b\u0103 ridicat\u0103 la uzur\u0103<\/li>\n\n<li>stabilitate \u0219i durat\u0103 de via\u021b\u0103<\/li>\n\n<li>comportament ideal \u00een spa\u021bii domestice \u0219i profesionale<\/li>\n\n<li>u\u0219urin\u021ba cur\u0103\u021b\u0103rii \u0219i \u00eentre\u021binerii<\/li>\n<\/ul>\n\n<p>Cu garan\u021bia de <strong>Alfa<\/strong><strong> Lemn<\/strong><strong> grup<\/strong>, \u0219tii cum s\u0103 alegi o pardoseal\u0103 conceput\u0103 s\u0103 reziste timpului \u0219i utiliz\u0103rii, f\u0103r\u0103 a-\u0219i pierde estetica.<\/p>\n<p><strong>Modernizeaz\u0103-\u021bi spa\u021biul acum cu parchet laminat \u2013 Alfa Wood Group \u0219i ridic\u0103-\u021bi estetica \u0219i func\u021bionalitatea spa\u021biului t\u0103u!<\/strong><\/p>\n<p><a href=\"\/files\/catalogs\/ALFAFLOORING-BOOK-GR.pdf\" target=\"_blank\" rel=\"noopener\"><strong>Desc\u0103rca\u021bi catalogul<\/strong><\/a><\/p>\n\t\t\t\t\t\t\t\t<\/div>\n\t\t\t\t<\/div>\n\t\t\t\t\t<\/div>\n\t\t<\/div>\n\t\t\t\t\t<\/div>\n\t\t<\/section>\n\t\t\t\t<\/div>","protected":false},"excerpt":{"rendered":"<div class=\"text-base my-auto mx-auto pb-10 [--thread-content-margin:--spacing(4)] thread-sm:[--thread-content-margin:--spacing(6)] thread-lg:[--thread-content-margin:--spacing(16)] px-(--thread-content-margin)\">\n<div class=\"[--thread-content-max-width:40rem] thread-lg:[--thread-content-max-width:48rem] mx-auto max-w-(--thread-content-max-width) flex-1 group\/turn-messages focus-visible:outline-hidden relative flex w-full min-w-0 flex-col agent-turn\" tabindex=\"-1\">\n<div class=\"flex max-w-full flex-col grow\">\n<div class=\"min-h-8 text-message relative flex w-full flex-col items-end gap-2 text-start break-words whitespace-normal [.text-message+&amp;]:mt-1\" dir=\"auto\" data-message-author-role=\"assistant\" data-message-id=\"9ae798c0-9f88-4dc1-9fce-bea61e9b6150\" data-message-model-slug=\"gpt-5-1\">\n<div class=\"flex w-full flex-col gap-1 empty:hidden first:pt-[1px]\">\n<div class=\"markdown prose dark:prose-invert w-full break-words dark markdown-new-styling\">\n<p data-start=\"0\" data-end=\"268\" data-is-last-node=\"\" data-is-only-node=\"\">\u0397 \u03b5\u03c0\u03b9\u03bb\u03bf\u03b3\u03ae \u03c4\u03bf\u03c5 laminate \u03b4\u03b1\u03c0\u03ad\u03b4\u03bf\u03c5 <strong data-start=\"31\" data-end=\"58\">1894 Fall Oak \u2013 Synchro<\/strong> \u03b1\u03c0\u03bf\u03c4\u03b5\u03bb\u03b5\u03af \u03c4\u03b7\u03bd \u03b9\u03b4\u03b1\u03bd\u03b9\u03ba\u03ae \u03c0\u03c1\u03cc\u03c4\u03b1\u03c3\u03b7 \u03b3\u03b9\u03b1 \u03ad\u03bd\u03b1\u03bd \u03c0\u03bf\u03bb\u03c5\u03c3\u03cd\u03c7\u03bd\u03b1\u03c3\u03c4\u03bf \u03c7\u03ce\u03c1\u03bf, \u03cc\u03c0\u03c9\u03c2 \u03bf \u03b5\u03c0\u03b1\u03b3\u03b3\u03b5\u03bb\u03bc\u03b1\u03c4\u03b9\u03ba\u03cc\u03c2 \u03c3\u03b1\u03c2 \u03c7\u03ce\u03c1\u03bf\u03c2. \u039f \u03c3\u03c5\u03bd\u03b4\u03c5\u03b1\u03c3\u03bc\u03cc\u03c2 \u03c4\u03b7\u03c2 \u03b1\u03bd\u03c4\u03bf\u03c7\u03ae\u03c2 \u03bc\u03b5 \u03c4\u03b7\u03bd \u03ba\u03bf\u03bc\u03c8\u03ae \u03b4\u03c1\u03cd\u03b9\u03bd\u03b7 \u03cc\u03c8\u03b7 \u03c4\u03bf\u03c5 \u03c4\u03bf \u03ba\u03b1\u03b8\u03b9\u03c3\u03c4\u03ac \u03bc\u03b9\u03b1 \u03b1\u03be\u03b9\u03cc\u03c0\u03b9\u03c3\u03c4\u03b7 \u03ba\u03b1\u03b9 \u03ba\u03b1\u03bb\u03b1\u03af\u03c3\u03b8\u03b7\u03c4\u03b7 \u03bb\u03cd\u03c3\u03b7 \u03b3\u03b9\u03b1 \u03ba\u03b1\u03b8\u03b7\u03bc\u03b5\u03c1\u03b9\u03bd\u03ae \u03c7\u03c1\u03ae\u03c3\u03b7.<\/p>\n<\/div>\n<\/div>\n<\/div>\n<\/div>\n<\/div>\n<\/div>\n","protected":false},"featured_media":28430,"template":"","meta":{"_acf_changed":false,"inline_featured_image":false,"cybocfi_hide_featured_image":""},"product_brand":[],"product_cat":[89,878,88,180],"product_tag":[],"class_list":{"0":"post-28345","1":"product","2":"type-product","3":"status-publish","4":"has-post-thumbnail","6":"product_cat-laminate","7":"product_cat-silva-essence-ac5-8mm-synchro","8":"product_cat-dapeda","9":"product_cat-esoterikou-xorou","11":"first","12":"instock","13":"product-type-simple"},"acf":[],"yoast_head":"<!-- This site is optimized with the Yoast SEO Premium plugin v27.4 (Yoast SEO v27.4) - https:\/\/yoast.com\/product\/yoast-seo-premium-wordpress\/ -->\n<title>1894 Fall Oak - Synchro - \u0395\u03c0\u03b9\u03c6\u03ac\u03bd\u03b5\u03b9\u03b5\u03c2 \u039c\u03b5\u03bb\u03b1\u03bc\u03af\u03bd\u03b7\u03c2 MDF \u039c\u03bf\u03c1\u03b9\u03bf\u03c3\u03b1\u03bd\u03af\u03b4\u03b1 \u03a0\u03ac\u03b3\u03ba\u03bf\u03b9 \u0394\u03ac\u03c0\u03b5\u03b4\u03b1 \u03a0\u03cc\u03c1\u03c4\u03b5\u03c2<\/title>\n<meta name=\"robots\" content=\"index, follow, max-snippet:-1, max-image-preview:large, max-video-preview:-1\" \/>\n<link rel=\"canonical\" href=\"https:\/\/alfawood.gr\/ro\/produs\/1894-fall-oak-synchro\" \/>\n<meta property=\"og:locale\" content=\"ro_RO\" \/>\n<meta property=\"og:type\" content=\"article\" \/>\n<meta property=\"og:title\" content=\"1894 Fall Oak - Synchro\" \/>\n<meta property=\"og:description\" content=\"\u0397 \u03b5\u03c0\u03b9\u03bb\u03bf\u03b3\u03ae \u03c4\u03bf\u03c5 laminate \u03b4\u03b1\u03c0\u03ad\u03b4\u03bf\u03c5 1894 Fall Oak \u2013 Synchro \u03b1\u03c0\u03bf\u03c4\u03b5\u03bb\u03b5\u03af \u03c4\u03b7\u03bd \u03b9\u03b4\u03b1\u03bd\u03b9\u03ba\u03ae \u03c0\u03c1\u03cc\u03c4\u03b1\u03c3\u03b7 \u03b3\u03b9\u03b1 \u03ad\u03bd\u03b1\u03bd \u03c0\u03bf\u03bb\u03c5\u03c3\u03cd\u03c7\u03bd\u03b1\u03c3\u03c4\u03bf \u03c7\u03ce\u03c1\u03bf, \u03cc\u03c0\u03c9\u03c2 \u03bf \u03b5\u03c0\u03b1\u03b3\u03b3\u03b5\u03bb\u03bc\u03b1\u03c4\u03b9\u03ba\u03cc\u03c2 \u03c3\u03b1\u03c2 \u03c7\u03ce\u03c1\u03bf\u03c2. \u039f \u03c3\u03c5\u03bd\u03b4\u03c5\u03b1\u03c3\u03bc\u03cc\u03c2 \u03c4\u03b7\u03c2 \u03b1\u03bd\u03c4\u03bf\u03c7\u03ae\u03c2 \u03bc\u03b5 \u03c4\u03b7\u03bd \u03ba\u03bf\u03bc\u03c8\u03ae \u03b4\u03c1\u03cd\u03b9\u03bd\u03b7 \u03cc\u03c8\u03b7 \u03c4\u03bf\u03c5 \u03c4\u03bf \u03ba\u03b1\u03b8\u03b9\u03c3\u03c4\u03ac \u03bc\u03b9\u03b1 \u03b1\u03be\u03b9\u03cc\u03c0\u03b9\u03c3\u03c4\u03b7 \u03ba\u03b1\u03b9 \u03ba\u03b1\u03bb\u03b1\u03af\u03c3\u03b8\u03b7\u03c4\u03b7 \u03bb\u03cd\u03c3\u03b7 \u03b3\u03b9\u03b1 \u03ba\u03b1\u03b8\u03b7\u03bc\u03b5\u03c1\u03b9\u03bd\u03ae \u03c7\u03c1\u03ae\u03c3\u03b7.\" \/>\n<meta property=\"og:url\" content=\"https:\/\/alfawood.gr\/ro\/produs\/1894-fall-oak-synchro\" \/>\n<meta property=\"og:site_name\" content=\"\u0395\u03c0\u03b9\u03c6\u03ac\u03bd\u03b5\u03b9\u03b5\u03c2 \u039c\u03b5\u03bb\u03b1\u03bc\u03af\u03bd\u03b7\u03c2 MDF \u039c\u03bf\u03c1\u03b9\u03bf\u03c3\u03b1\u03bd\u03af\u03b4\u03b1 \u03a0\u03ac\u03b3\u03ba\u03bf\u03b9 \u0394\u03ac\u03c0\u03b5\u03b4\u03b1 \u03a0\u03cc\u03c1\u03c4\u03b5\u03c2\" \/>\n<meta property=\"article:publisher\" content=\"https:\/\/www.facebook.com\/alfawood.group\" \/>\n<meta property=\"article:modified_time\" content=\"2025-12-01T14:29:29+00:00\" \/>\n<meta property=\"og:image\" content=\"https:\/\/alfawood.gr\/wp-content\/uploads\/2025\/12\/1894-laminate-synchro.jpg\" \/>\n\t<meta property=\"og:image:width\" content=\"600\" \/>\n\t<meta property=\"og:image:height\" content=\"824\" \/>\n\t<meta property=\"og:image:type\" content=\"image\/jpeg\" \/>\n<meta name=\"twitter:card\" content=\"summary_large_image\" \/>\n<meta name=\"twitter:site\" content=\"@ALFAWOODGROUP\" \/>\n<meta name=\"twitter:label1\" content=\"Timp estimat pentru citire\" \/>\n\t<meta name=\"twitter:data1\" content=\"1 minut\" \/>\n<script type=\"application\/ld+json\" class=\"yoast-schema-graph\">{\"@context\":\"https:\\\/\\\/schema.org\",\"@graph\":[{\"@type\":\"WebPage\",\"@id\":\"https:\\\/\\\/alfawood.gr\\\/product\\\/1894-fall-oak-synchro\\\/\",\"url\":\"https:\\\/\\\/alfawood.gr\\\/product\\\/1894-fall-oak-synchro\\\/\",\"name\":\"1894 Fall Oak - Synchro - \u0395\u03c0\u03b9\u03c6\u03ac\u03bd\u03b5\u03b9\u03b5\u03c2 \u039c\u03b5\u03bb\u03b1\u03bc\u03af\u03bd\u03b7\u03c2 MDF \u039c\u03bf\u03c1\u03b9\u03bf\u03c3\u03b1\u03bd\u03af\u03b4\u03b1 \u03a0\u03ac\u03b3\u03ba\u03bf\u03b9 \u0394\u03ac\u03c0\u03b5\u03b4\u03b1 \u03a0\u03cc\u03c1\u03c4\u03b5\u03c2\",\"isPartOf\":{\"@id\":\"https:\\\/\\\/alfawood.gr\\\/#website\"},\"primaryImageOfPage\":{\"@id\":\"https:\\\/\\\/alfawood.gr\\\/product\\\/1894-fall-oak-synchro\\\/#primaryimage\"},\"image\":{\"@id\":\"https:\\\/\\\/alfawood.gr\\\/product\\\/1894-fall-oak-synchro\\\/#primaryimage\"},\"thumbnailUrl\":\"https:\\\/\\\/alfawood.gr\\\/wp-content\\\/uploads\\\/2025\\\/12\\\/1894-laminate-synchro.jpg\",\"datePublished\":\"2025-11-26T10:48:04+00:00\",\"dateModified\":\"2025-12-01T14:29:29+00:00\",\"breadcrumb\":{\"@id\":\"https:\\\/\\\/alfawood.gr\\\/product\\\/1894-fall-oak-synchro\\\/#breadcrumb\"},\"inLanguage\":\"ro-RO\",\"potentialAction\":[{\"@type\":\"ReadAction\",\"target\":[\"https:\\\/\\\/alfawood.gr\\\/product\\\/1894-fall-oak-synchro\\\/\"]}]},{\"@type\":\"ImageObject\",\"inLanguage\":\"ro-RO\",\"@id\":\"https:\\\/\\\/alfawood.gr\\\/product\\\/1894-fall-oak-synchro\\\/#primaryimage\",\"url\":\"https:\\\/\\\/alfawood.gr\\\/wp-content\\\/uploads\\\/2025\\\/12\\\/1894-laminate-synchro.jpg\",\"contentUrl\":\"https:\\\/\\\/alfawood.gr\\\/wp-content\\\/uploads\\\/2025\\\/12\\\/1894-laminate-synchro.jpg\",\"width\":600,\"height\":824,\"caption\":\"1894 laminate synchro\"},{\"@type\":\"BreadcrumbList\",\"@id\":\"https:\\\/\\\/alfawood.gr\\\/product\\\/1894-fall-oak-synchro\\\/#breadcrumb\",\"itemListElement\":[{\"@type\":\"ListItem\",\"position\":1,\"name\":\"Home\",\"item\":\"https:\\\/\\\/alfawood.gr\\\/\"},{\"@type\":\"ListItem\",\"position\":2,\"name\":\"\u03a0\u03c1\u03bf\u03ca\u03cc\u03bd\u03c4\u03b1\",\"item\":\"https:\\\/\\\/alfawood.gr\\\/proionta-wood\\\/\"},{\"@type\":\"ListItem\",\"position\":3,\"name\":\"\u0394\u03ac\u03c0\u03b5\u03b4\u03b1 - Alfa Flooring\",\"item\":\"https:\\\/\\\/alfawood.gr\\\/category\\\/dapeda\\\/\"},{\"@type\":\"ListItem\",\"position\":4,\"name\":\"\u0394\u03ac\u03c0\u03b5\u03b4\u03b1 \u0395\u03c3\u03c9\u03c4\u03b5\u03c1\u03b9\u03ba\u03bf\u03cd \u03c7\u03ce\u03c1\u03bf\u03c5\",\"item\":\"https:\\\/\\\/alfawood.gr\\\/en\\\/category\\\/dapeda\\\/esoterikou-xorou\\\/\"},{\"@type\":\"ListItem\",\"position\":5,\"name\":\"Laminate\",\"item\":\"https:\\\/\\\/alfawood.gr\\\/en\\\/category\\\/dapeda\\\/esoterikou-xorou\\\/laminate\\\/\"},{\"@type\":\"ListItem\",\"position\":6,\"name\":\"Silva Essence AC5 8mm-Synchro\",\"item\":\"https:\\\/\\\/alfawood.gr\\\/category\\\/dapeda\\\/esoterikou-xorou\\\/laminate\\\/silva-essence-ac5-8mm-synchro\\\/\"},{\"@type\":\"ListItem\",\"position\":7,\"name\":\"1894 Fall Oak &#8211; Synchro\"}]},{\"@type\":\"WebSite\",\"@id\":\"https:\\\/\\\/alfawood.gr\\\/#website\",\"url\":\"https:\\\/\\\/alfawood.gr\\\/\",\"name\":\"\u0395\u03c0\u03b9\u03c6\u03ac\u03bd\u03b5\u03b9\u03b5\u03c2 \u039c\u03b5\u03bb\u03b1\u03bc\u03af\u03bd\u03b7\u03c2 MDF \u039c\u03bf\u03c1\u03b9\u03bf\u03c3\u03b1\u03bd\u03af\u03b4\u03b1 \u03a0\u03ac\u03b3\u03ba\u03bf\u03b9 \u0394\u03ac\u03c0\u03b5\u03b4\u03b1 \u03a0\u03cc\u03c1\u03c4\u03b5\u03c2\",\"description\":\"\u0392\u03b9\u03bf\u03bc\u03b7\u03c7\u03b1\u03bd\u03af\u03b1 \u039e\u03cd\u03bb\u03bf\u03c5 Alfa Wood Group\",\"publisher\":{\"@id\":\"https:\\\/\\\/alfawood.gr\\\/#organization\"},\"alternateName\":\"Melamines - MDF - Laminate - Worktops\",\"potentialAction\":[{\"@type\":\"SearchAction\",\"target\":{\"@type\":\"EntryPoint\",\"urlTemplate\":\"https:\\\/\\\/alfawood.gr\\\/?s={search_term_string}\"},\"query-input\":{\"@type\":\"PropertyValueSpecification\",\"valueRequired\":true,\"valueName\":\"search_term_string\"}}],\"inLanguage\":\"ro-RO\"},{\"@type\":\"Organization\",\"@id\":\"https:\\\/\\\/alfawood.gr\\\/#organization\",\"name\":\"Alfa Wood Group\",\"url\":\"https:\\\/\\\/alfawood.gr\\\/\",\"logo\":{\"@type\":\"ImageObject\",\"inLanguage\":\"ro-RO\",\"@id\":\"https:\\\/\\\/alfawood.gr\\\/#\\\/schema\\\/logo\\\/image\\\/\",\"url\":\"https:\\\/\\\/alfawood.gr\\\/wp-content\\\/uploads\\\/2023\\\/02\\\/alfa-wood-logo-1.svg\",\"contentUrl\":\"https:\\\/\\\/alfawood.gr\\\/wp-content\\\/uploads\\\/2023\\\/02\\\/alfa-wood-logo-1.svg\",\"width\":305,\"height\":195,\"caption\":\"Alfa Wood Group\"},\"image\":{\"@id\":\"https:\\\/\\\/alfawood.gr\\\/#\\\/schema\\\/logo\\\/image\\\/\"},\"sameAs\":[\"https:\\\/\\\/www.facebook.com\\\/alfawood.group\",\"https:\\\/\\\/x.com\\\/ALFAWOODGROUP\",\"https:\\\/\\\/www.instagram.com\\\/alfawood.group\",\"https:\\\/\\\/www.youtube.com\\\/@alfawoodgroup\",\"https:\\\/\\\/www.tiktok.com\\\/@alfawood.group\",\"https:\\\/\\\/vimeo.com\\\/alfawood\",\"https:\\\/\\\/www.linkedin.com\\\/company\\\/alfawoodgroup\",\"https:\\\/\\\/www.pinterest.com\\\/alfawoodgroup\\\/\"]}]}<\/script>\n<!-- \/ Yoast SEO Premium plugin. -->","yoast_head_json":{"title":"1894 Fall Oak - Synchro - Suprafe\u021be melaminate, MDF, PAL, Blaturi, Podele, U\u0219i","robots":{"index":"index","follow":"follow","max-snippet":"max-snippet:-1","max-image-preview":"max-image-preview:large","max-video-preview":"max-video-preview:-1"},"canonical":"https:\/\/alfawood.gr\/ro\/produs\/1894-fall-oak-synchro","og_locale":"ro_RO","og_type":"article","og_title":"1894 Fall Oak - Synchro","og_description":"\u0397 \u03b5\u03c0\u03b9\u03bb\u03bf\u03b3\u03ae \u03c4\u03bf\u03c5 laminate \u03b4\u03b1\u03c0\u03ad\u03b4\u03bf\u03c5 1894 Fall Oak \u2013 Synchro \u03b1\u03c0\u03bf\u03c4\u03b5\u03bb\u03b5\u03af \u03c4\u03b7\u03bd \u03b9\u03b4\u03b1\u03bd\u03b9\u03ba\u03ae \u03c0\u03c1\u03cc\u03c4\u03b1\u03c3\u03b7 \u03b3\u03b9\u03b1 \u03ad\u03bd\u03b1\u03bd \u03c0\u03bf\u03bb\u03c5\u03c3\u03cd\u03c7\u03bd\u03b1\u03c3\u03c4\u03bf \u03c7\u03ce\u03c1\u03bf, \u03cc\u03c0\u03c9\u03c2 \u03bf \u03b5\u03c0\u03b1\u03b3\u03b3\u03b5\u03bb\u03bc\u03b1\u03c4\u03b9\u03ba\u03cc\u03c2 \u03c3\u03b1\u03c2 \u03c7\u03ce\u03c1\u03bf\u03c2. \u039f \u03c3\u03c5\u03bd\u03b4\u03c5\u03b1\u03c3\u03bc\u03cc\u03c2 \u03c4\u03b7\u03c2 \u03b1\u03bd\u03c4\u03bf\u03c7\u03ae\u03c2 \u03bc\u03b5 \u03c4\u03b7\u03bd \u03ba\u03bf\u03bc\u03c8\u03ae \u03b4\u03c1\u03cd\u03b9\u03bd\u03b7 \u03cc\u03c8\u03b7 \u03c4\u03bf\u03c5 \u03c4\u03bf \u03ba\u03b1\u03b8\u03b9\u03c3\u03c4\u03ac \u03bc\u03b9\u03b1 \u03b1\u03be\u03b9\u03cc\u03c0\u03b9\u03c3\u03c4\u03b7 \u03ba\u03b1\u03b9 \u03ba\u03b1\u03bb\u03b1\u03af\u03c3\u03b8\u03b7\u03c4\u03b7 \u03bb\u03cd\u03c3\u03b7 \u03b3\u03b9\u03b1 \u03ba\u03b1\u03b8\u03b7\u03bc\u03b5\u03c1\u03b9\u03bd\u03ae \u03c7\u03c1\u03ae\u03c3\u03b7.","og_url":"https:\/\/alfawood.gr\/ro\/produs\/1894-fall-oak-synchro","og_site_name":"\u0395\u03c0\u03b9\u03c6\u03ac\u03bd\u03b5\u03b9\u03b5\u03c2 \u039c\u03b5\u03bb\u03b1\u03bc\u03af\u03bd\u03b7\u03c2 MDF \u039c\u03bf\u03c1\u03b9\u03bf\u03c3\u03b1\u03bd\u03af\u03b4\u03b1 \u03a0\u03ac\u03b3\u03ba\u03bf\u03b9 \u0394\u03ac\u03c0\u03b5\u03b4\u03b1 \u03a0\u03cc\u03c1\u03c4\u03b5\u03c2","article_publisher":"https:\/\/www.facebook.com\/alfawood.group","article_modified_time":"2025-12-01T14:29:29+00:00","og_image":[{"width":600,"height":824,"url":"https:\/\/alfawood.gr\/wp-content\/uploads\/2025\/12\/1894-laminate-synchro.jpg","type":"image\/jpeg"}],"twitter_card":"summary_large_image","twitter_site":"@ALFAWOODGROUP","twitter_misc":{"Timp estimat pentru citire":"1 minut"},"schema":{"@context":"https:\/\/schema.org","@graph":[{"@type":"WebPage","@id":"https:\/\/alfawood.gr\/product\/1894-fall-oak-synchro\/","url":"https:\/\/alfawood.gr\/product\/1894-fall-oak-synchro\/","name":"1894 Fall Oak - Synchro - Suprafe\u021be melaminate, MDF, PAL, Blaturi, Podele, U\u0219i","isPartOf":{"@id":"https:\/\/alfawood.gr\/#website"},"primaryImageOfPage":{"@id":"https:\/\/alfawood.gr\/product\/1894-fall-oak-synchro\/#primaryimage"},"image":{"@id":"https:\/\/alfawood.gr\/product\/1894-fall-oak-synchro\/#primaryimage"},"thumbnailUrl":"https:\/\/alfawood.gr\/wp-content\/uploads\/2025\/12\/1894-laminate-synchro.jpg","datePublished":"2025-11-26T10:48:04+00:00","dateModified":"2025-12-01T14:29:29+00:00","breadcrumb":{"@id":"https:\/\/alfawood.gr\/product\/1894-fall-oak-synchro\/#breadcrumb"},"inLanguage":"ro-RO","potentialAction":[{"@type":"ReadAction","target":["https:\/\/alfawood.gr\/product\/1894-fall-oak-synchro\/"]}]},{"@type":"ImageObject","inLanguage":"ro-RO","@id":"https:\/\/alfawood.gr\/product\/1894-fall-oak-synchro\/#primaryimage","url":"https:\/\/alfawood.gr\/wp-content\/uploads\/2025\/12\/1894-laminate-synchro.jpg","contentUrl":"https:\/\/alfawood.gr\/wp-content\/uploads\/2025\/12\/1894-laminate-synchro.jpg","width":600,"height":824,"caption":"1894 laminate synchro"},{"@type":"BreadcrumbList","@id":"https:\/\/alfawood.gr\/product\/1894-fall-oak-synchro\/#breadcrumb","itemListElement":[{"@type":"ListItem","position":1,"name":"Home","item":"https:\/\/alfawood.gr\/"},{"@type":"ListItem","position":2,"name":"\u03a0\u03c1\u03bf\u03ca\u03cc\u03bd\u03c4\u03b1","item":"https:\/\/alfawood.gr\/proionta-wood\/"},{"@type":"ListItem","position":3,"name":"\u0394\u03ac\u03c0\u03b5\u03b4\u03b1 - Alfa Flooring","item":"https:\/\/alfawood.gr\/category\/dapeda\/"},{"@type":"ListItem","position":4,"name":"\u0394\u03ac\u03c0\u03b5\u03b4\u03b1 \u0395\u03c3\u03c9\u03c4\u03b5\u03c1\u03b9\u03ba\u03bf\u03cd \u03c7\u03ce\u03c1\u03bf\u03c5","item":"https:\/\/alfawood.gr\/en\/category\/dapeda\/esoterikou-xorou\/"},{"@type":"ListItem","position":5,"name":"Laminate","item":"https:\/\/alfawood.gr\/en\/category\/dapeda\/esoterikou-xorou\/laminate\/"},{"@type":"ListItem","position":6,"name":"Silva Essence AC5 8mm-Synchro","item":"https:\/\/alfawood.gr\/category\/dapeda\/esoterikou-xorou\/laminate\/silva-essence-ac5-8mm-synchro\/"},{"@type":"ListItem","position":7,"name":"1894 Fall Oak &#8211; Synchro"}]},{"@type":"WebSite","@id":"https:\/\/alfawood.gr\/#website","url":"https:\/\/alfawood.gr\/","name":"Suprafete melaminate Conturi din PAL MDF Podele Usi","description":"Alfa Wood Group Industria Lemnului","publisher":{"@id":"https:\/\/alfawood.gr\/#organization"},"alternateName":"Melamines - MDF - Laminate - Worktops","potentialAction":[{"@type":"SearchAction","target":{"@type":"EntryPoint","urlTemplate":"https:\/\/alfawood.gr\/?s={search_term_string}"},"query-input":{"@type":"PropertyValueSpecification","valueRequired":true,"valueName":"search_term_string"}}],"inLanguage":"ro-RO"},{"@type":"Organization","@id":"https:\/\/alfawood.gr\/#organization","name":"Grupul Alfa Wood","url":"https:\/\/alfawood.gr\/","logo":{"@type":"ImageObject","inLanguage":"ro-RO","@id":"https:\/\/alfawood.gr\/#\/schema\/logo\/image\/","url":"https:\/\/alfawood.gr\/wp-content\/uploads\/2023\/02\/alfa-wood-logo-1.svg","contentUrl":"https:\/\/alfawood.gr\/wp-content\/uploads\/2023\/02\/alfa-wood-logo-1.svg","width":305,"height":195,"caption":"Alfa Wood Group"},"image":{"@id":"https:\/\/alfawood.gr\/#\/schema\/logo\/image\/"},"sameAs":["https:\/\/www.facebook.com\/alfawood.group","https:\/\/x.com\/ALFAWOODGROUP","https:\/\/www.instagram.com\/alfawood.group","https:\/\/www.youtube.com\/@alfawoodgroup","https:\/\/www.tiktok.com\/@alfawood.group","https:\/\/vimeo.com\/alfawood","https:\/\/www.linkedin.com\/company\/alfawoodgroup","https:\/\/www.pinterest.com\/alfawoodgroup\/"]}]}},"_links":{"self":[{"href":"https:\/\/alfawood.gr\/ro\/wp-json\/wp\/v2\/product\/28345","targetHints":{"allow":["GET"]}}],"collection":[{"href":"https:\/\/alfawood.gr\/ro\/wp-json\/wp\/v2\/product"}],"about":[{"href":"https:\/\/alfawood.gr\/ro\/wp-json\/wp\/v2\/types\/product"}],"version-history":[{"count":1,"href":"https:\/\/alfawood.gr\/ro\/wp-json\/wp\/v2\/product\/28345\/revisions"}],"predecessor-version":[{"id":28438,"href":"https:\/\/alfawood.gr\/ro\/wp-json\/wp\/v2\/product\/28345\/revisions\/28438"}],"wp:featuredmedia":[{"embeddable":true,"href":"https:\/\/alfawood.gr\/ro\/wp-json\/wp\/v2\/media\/28430"}],"wp:attachment":[{"href":"https:\/\/alfawood.gr\/ro\/wp-json\/wp\/v2\/media?parent=28345"}],"wp:term":[{"taxonomy":"product_brand","embeddable":true,"href":"https:\/\/alfawood.gr\/ro\/wp-json\/wp\/v2\/product_brand?post=28345"},{"taxonomy":"product_cat","embeddable":true,"href":"https:\/\/alfawood.gr\/ro\/wp-json\/wp\/v2\/product_cat?post=28345"},{"taxonomy":"product_tag","embeddable":true,"href":"https:\/\/alfawood.gr\/ro\/wp-json\/wp\/v2\/product_tag?post=28345"}],"curies":[{"name":"wp","href":"https:\/\/api.w.org\/{rel}","templated":true}]}}