{"id":14703,"date":"2023-03-07T08:09:56","date_gmt":"2023-03-07T08:09:56","guid":{"rendered":"https:\/\/alfawood.gr\/product\/3190-touch\/"},"modified":"2023-04-10T07:39:58","modified_gmt":"2023-04-10T07:39:58","slug":"3190-touch","status":"publish","type":"product","link":"https:\/\/alfawood.gr\/sq\/product\/3190-touch\/","title":{"rendered":"3190 Prek"},"content":{"rendered":"<p>T\u00eb<a href=\"https:\/\/alfawood.gr\/sq\/compact-hpl-panels\"> Alfa Compact<\/a> \u00ebsht\u00eb nj\u00eb produkt inovativ i gjenerat\u00ebs s\u00eb re q\u00eb \u00ebsht\u00eb i q\u00ebndruesh\u00ebm, antibakterial dhe i leht\u00eb p\u00ebr t&#039;u pastruar.<\/p>\n<p>Rekomandohet p\u00ebr aplikime ku k\u00ebrkohet rezistenc\u00eb e lart\u00eb ndaj goditjes. Preferohet n\u00eb zonat q\u00eb mbledhin shum\u00eb lag\u00ebshti si banak\u00ebt e kuzhin\u00ebs, dollap\u00ebt e kuzhin\u00ebs dhe banjove. E disponueshme ne nje shumellojshmeri ngjyrash dhe siperfaqesh per te gjitha ambjentet shtepiake dhe profesionale si shtepi, zyra, restorante, shkolla, palestra, transport publik, tavolina tavoline, spitale si dhe per veshje muri.<\/p>\n<p>P\u00ebrpar\u00ebsit\u00eb:<\/p>\n<ul>\n<li>Rezistenc\u00eb e lart\u00eb ndaj ujit dhe lag\u00ebshtis\u00eb p\u00ebr shkak t\u00eb teknologjis\u00eb s\u00eb saj t\u00eb avancuar. I p\u00ebrshtatsh\u00ebm p\u00ebr zona me lag\u00ebshti t\u00eb lart\u00eb si banak\u00ebt e kuzhin\u00ebs, tualetet dhe dhomat e zhveshjes.<\/li>\n<li>Rezistenc\u00eb e lart\u00eb ndaj ndikimit<\/li>\n<li>Nuk dekompozohet<\/li>\n<li>Rezistenc\u00eb e lart\u00eb ndaj g\u00ebrvishtjeve<\/li>\n<li>Rezistenc\u00eb e lart\u00eb ndaj zjarrit<\/li>\n<li>Nj\u00eb shum\u00ebllojshm\u00ebri e gjer\u00eb dizajnesh alternative fal\u00eb gam\u00ebs s\u00eb gjer\u00eb t\u00eb ngjyrave t\u00eb disponueshme dhe opsioneve t\u00eb ndryshme t\u00eb tekstur\u00ebs s\u00eb sip\u00ebrfaqes.<\/li>\n<\/ul>","protected":false},"excerpt":{"rendered":"<p>Paneli kompakt ALFA Compact 9686 me prekje n\u00eb ngjyr\u00eb t\u00eb zez\u00eb, sip\u00ebrfaqe mat, \u00ebsht\u00eb ideal p\u00ebr vende me k\u00ebrkesa t\u00eb shtuara dhe kushte t\u00eb ve\u00e7anta. I p\u00ebrshtatsh\u00ebm p\u00ebr zona me nivele t\u00eb larta lag\u00ebshtie, p\u00ebr shkak t\u00eb procesit t\u00eb ve\u00e7ant\u00eb t\u00eb prodhimit.<\/p>","protected":false},"featured_media":14705,"template":"","meta":{"_acf_changed":false,"inline_featured_image":false,"cybocfi_hide_featured_image":""},"product_brand":[],"product_cat":[99,112],"product_tag":[],"class_list":{"0":"post-14703","1":"product","2":"type-product","3":"status-publish","4":"has-post-thumbnail","6":"product_cat-compact-hpl-panel","7":"product_cat-pagoi-kouzinas","9":"first","10":"instock","11":"product-type-simple"},"acf":[],"yoast_head":"<!-- This site is optimized with the Yoast SEO Premium plugin v27.3 (Yoast SEO v27.3) - https:\/\/yoast.com\/product\/yoast-seo-premium-wordpress\/ -->\n<title>3190 Touch - \u0395\u03c0\u03b9\u03c6\u03ac\u03bd\u03b5\u03b9\u03b5\u03c2 \u039c\u03b5\u03bb\u03b1\u03bc\u03af\u03bd\u03b7\u03c2 MDF \u039c\u03bf\u03c1\u03b9\u03bf\u03c3\u03b1\u03bd\u03af\u03b4\u03b1 \u03a0\u03ac\u03b3\u03ba\u03bf\u03b9 \u0394\u03ac\u03c0\u03b5\u03b4\u03b1 \u03a0\u03cc\u03c1\u03c4\u03b5\u03c2<\/title>\n<meta name=\"robots\" content=\"index, follow, max-snippet:-1, max-image-preview:large, max-video-preview:-1\" \/>\n<link rel=\"canonical\" href=\"https:\/\/alfawood.gr\/sq\/produkt\/3190-touch\" \/>\n<meta property=\"og:locale\" content=\"sq_AL\" \/>\n<meta property=\"og:type\" content=\"article\" \/>\n<meta property=\"og:title\" content=\"3190 Touch\" \/>\n<meta property=\"og:description\" content=\"To \u03c3\u03c5\u03bc\u03c0\u03b1\u03b3\u03ad\u03c2 \u03c0\u03ac\u03bd\u03b5\u03bb ALFA Compact 3190 Touch \u03c3\u03b5 \u03bc\u03b1\u03cd\u03c1\u03b7 \u03b1\u03c0\u03cc\u03c7\u03c1\u03c9\u03c3\u03b7, \u03bc\u03b1\u03c4 \u03b5\u03c0\u03b9\u03c6\u03ac\u03bd\u03b5\u03b9\u03b1\u03c2, \u03b5\u03af\u03bd\u03b1\u03b9 \u03b9\u03b4\u03b1\u03bd\u03b9\u03ba\u03cc \u03b3\u03b9\u03b1 \u03c7\u03ce\u03c1\u03bf\u03c5\u03c2 \u03b1\u03c5\u03be\u03b7\u03bc\u03ad\u03bd\u03c9\u03bd \u03b1\u03c0\u03b1\u03b9\u03c4\u03ae\u03c3\u03b5\u03c9\u03bd \u03ba\u03b1\u03b9 \u03b9\u03b4\u03b9\u03b1\u03af\u03c4\u03b5\u03c1\u03c9\u03bd \u03c3\u03c5\u03bd\u03b8\u03b7\u03ba\u03ce\u03bd. \u039a\u03b1\u03c4\u03ac\u03bb\u03bb\u03b7\u03bb\u03bf \u03b3\u03b9\u03b1 \u03c7\u03ce\u03c1\u03bf\u03c5\u03c2 \u03bc\u03b5 \u03c5\u03c8\u03b7\u03bb\u03ac \u03c0\u03bf\u03c3\u03bf\u03c3\u03c4\u03ac \u03c5\u03b3\u03c1\u03b1\u03c3\u03af\u03b1\u03c2, \u03bb\u03cc\u03b3\u03c9 \u03c4\u03b7\u03c2 \u03b5\u03b9\u03b4\u03b9\u03ba\u03ae\u03c2 \u03b4\u03b9\u03b1\u03b4\u03b9\u03ba\u03b1\u03c3\u03af\u03b1\u03c2 \u03c0\u03b1\u03c1\u03b1\u03b3\u03c9\u03b3\u03ae\u03c2 \u03c4\u03bf\u03c5\u03c2.\" \/>\n<meta property=\"og:url\" content=\"https:\/\/alfawood.gr\/sq\/produkt\/3190-touch\" \/>\n<meta property=\"og:site_name\" content=\"\u0395\u03c0\u03b9\u03c6\u03ac\u03bd\u03b5\u03b9\u03b5\u03c2 \u039c\u03b5\u03bb\u03b1\u03bc\u03af\u03bd\u03b7\u03c2 MDF \u039c\u03bf\u03c1\u03b9\u03bf\u03c3\u03b1\u03bd\u03af\u03b4\u03b1 \u03a0\u03ac\u03b3\u03ba\u03bf\u03b9 \u0394\u03ac\u03c0\u03b5\u03b4\u03b1 \u03a0\u03cc\u03c1\u03c4\u03b5\u03c2\" \/>\n<meta property=\"article:publisher\" content=\"https:\/\/www.facebook.com\/alfawood.group\" \/>\n<meta property=\"article:modified_time\" content=\"2023-04-10T07:39:58+00:00\" \/>\n<meta property=\"og:image\" content=\"https:\/\/alfawood.gr\/wp-content\/uploads\/2023\/03\/3190.jpg\" \/>\n\t<meta property=\"og:image:width\" content=\"1457\" \/>\n\t<meta property=\"og:image:height\" content=\"2000\" \/>\n\t<meta property=\"og:image:type\" content=\"image\/jpeg\" \/>\n<meta name=\"twitter:card\" content=\"summary_large_image\" \/>\n<meta name=\"twitter:site\" content=\"@ALFAWOODGROUP\" \/>\n<meta name=\"twitter:label1\" content=\"Est. reading time\" \/>\n\t<meta name=\"twitter:data1\" content=\"1 minut\u00eb\" \/>\n<script type=\"application\/ld+json\" class=\"yoast-schema-graph\">{\"@context\":\"https:\\\/\\\/schema.org\",\"@graph\":[{\"@type\":\"WebPage\",\"@id\":\"https:\\\/\\\/alfawood.gr\\\/en\\\/product\\\/3190-touch\\\/\",\"url\":\"https:\\\/\\\/alfawood.gr\\\/en\\\/product\\\/3190-touch\\\/\",\"name\":\"3190 Touch - \u0395\u03c0\u03b9\u03c6\u03ac\u03bd\u03b5\u03b9\u03b5\u03c2 \u039c\u03b5\u03bb\u03b1\u03bc\u03af\u03bd\u03b7\u03c2 MDF \u039c\u03bf\u03c1\u03b9\u03bf\u03c3\u03b1\u03bd\u03af\u03b4\u03b1 \u03a0\u03ac\u03b3\u03ba\u03bf\u03b9 \u0394\u03ac\u03c0\u03b5\u03b4\u03b1 \u03a0\u03cc\u03c1\u03c4\u03b5\u03c2\",\"isPartOf\":{\"@id\":\"https:\\\/\\\/alfawood.gr\\\/#website\"},\"primaryImageOfPage\":{\"@id\":\"https:\\\/\\\/alfawood.gr\\\/en\\\/product\\\/3190-touch\\\/#primaryimage\"},\"image\":{\"@id\":\"https:\\\/\\\/alfawood.gr\\\/en\\\/product\\\/3190-touch\\\/#primaryimage\"},\"thumbnailUrl\":\"https:\\\/\\\/alfawood.gr\\\/wp-content\\\/uploads\\\/2023\\\/03\\\/3190.jpg\",\"datePublished\":\"2023-03-07T08:09:56+00:00\",\"dateModified\":\"2023-04-10T07:39:58+00:00\",\"breadcrumb\":{\"@id\":\"https:\\\/\\\/alfawood.gr\\\/en\\\/product\\\/3190-touch\\\/#breadcrumb\"},\"inLanguage\":\"sq\",\"potentialAction\":[{\"@type\":\"ReadAction\",\"target\":[\"https:\\\/\\\/alfawood.gr\\\/en\\\/product\\\/3190-touch\\\/\"]}]},{\"@type\":\"ImageObject\",\"inLanguage\":\"sq\",\"@id\":\"https:\\\/\\\/alfawood.gr\\\/en\\\/product\\\/3190-touch\\\/#primaryimage\",\"url\":\"https:\\\/\\\/alfawood.gr\\\/wp-content\\\/uploads\\\/2023\\\/03\\\/3190.jpg\",\"contentUrl\":\"https:\\\/\\\/alfawood.gr\\\/wp-content\\\/uploads\\\/2023\\\/03\\\/3190.jpg\",\"width\":1457,\"height\":2000,\"caption\":\"3190 Touch - Alfa Compact\"},{\"@type\":\"BreadcrumbList\",\"@id\":\"https:\\\/\\\/alfawood.gr\\\/en\\\/product\\\/3190-touch\\\/#breadcrumb\",\"itemListElement\":[{\"@type\":\"ListItem\",\"position\":1,\"name\":\"Home\",\"item\":\"https:\\\/\\\/alfawood.gr\\\/\"},{\"@type\":\"ListItem\",\"position\":2,\"name\":\"\u03a0\u03c1\u03bf\u03ca\u03cc\u03bd\u03c4\u03b1\",\"item\":\"https:\\\/\\\/alfawood.gr\\\/proionta-wood\\\/\"},{\"@type\":\"ListItem\",\"position\":3,\"name\":\"Alfa Tops - \u03a0\u03ac\u03b3\u03ba\u03bf\u03b9 \u039a\u03bf\u03c5\u03b6\u03af\u03bd\u03b1\u03c2\",\"item\":\"https:\\\/\\\/alfawood.gr\\\/category\\\/pagoi-kouzinas\\\/\"},{\"@type\":\"ListItem\",\"position\":4,\"name\":\"3190 Touch\"}]},{\"@type\":\"WebSite\",\"@id\":\"https:\\\/\\\/alfawood.gr\\\/#website\",\"url\":\"https:\\\/\\\/alfawood.gr\\\/\",\"name\":\"\u0395\u03c0\u03b9\u03c6\u03ac\u03bd\u03b5\u03b9\u03b5\u03c2 \u039c\u03b5\u03bb\u03b1\u03bc\u03af\u03bd\u03b7\u03c2 MDF \u039c\u03bf\u03c1\u03b9\u03bf\u03c3\u03b1\u03bd\u03af\u03b4\u03b1 \u03a0\u03ac\u03b3\u03ba\u03bf\u03b9 \u0394\u03ac\u03c0\u03b5\u03b4\u03b1 \u03a0\u03cc\u03c1\u03c4\u03b5\u03c2\",\"description\":\"\u0392\u03b9\u03bf\u03bc\u03b7\u03c7\u03b1\u03bd\u03af\u03b1 \u039e\u03cd\u03bb\u03bf\u03c5 Alfa Wood Group\",\"publisher\":{\"@id\":\"https:\\\/\\\/alfawood.gr\\\/#organization\"},\"alternateName\":\"Melamines - MDF - Laminate - Worktops\",\"potentialAction\":[{\"@type\":\"SearchAction\",\"target\":{\"@type\":\"EntryPoint\",\"urlTemplate\":\"https:\\\/\\\/alfawood.gr\\\/?s={search_term_string}\"},\"query-input\":{\"@type\":\"PropertyValueSpecification\",\"valueRequired\":true,\"valueName\":\"search_term_string\"}}],\"inLanguage\":\"sq\"},{\"@type\":\"Organization\",\"@id\":\"https:\\\/\\\/alfawood.gr\\\/#organization\",\"name\":\"Alfa Wood Group\",\"url\":\"https:\\\/\\\/alfawood.gr\\\/\",\"logo\":{\"@type\":\"ImageObject\",\"inLanguage\":\"sq\",\"@id\":\"https:\\\/\\\/alfawood.gr\\\/#\\\/schema\\\/logo\\\/image\\\/\",\"url\":\"https:\\\/\\\/alfawood.gr\\\/wp-content\\\/uploads\\\/2023\\\/02\\\/alfa-wood-logo-1.svg\",\"contentUrl\":\"https:\\\/\\\/alfawood.gr\\\/wp-content\\\/uploads\\\/2023\\\/02\\\/alfa-wood-logo-1.svg\",\"width\":305,\"height\":195,\"caption\":\"Alfa Wood Group\"},\"image\":{\"@id\":\"https:\\\/\\\/alfawood.gr\\\/#\\\/schema\\\/logo\\\/image\\\/\"},\"sameAs\":[\"https:\\\/\\\/www.facebook.com\\\/alfawood.group\",\"https:\\\/\\\/x.com\\\/ALFAWOODGROUP\",\"https:\\\/\\\/www.instagram.com\\\/alfawood.group\",\"https:\\\/\\\/www.youtube.com\\\/@alfawoodgroup\",\"https:\\\/\\\/www.tiktok.com\\\/@alfawood.group\",\"https:\\\/\\\/vimeo.com\\\/alfawood\",\"https:\\\/\\\/www.linkedin.com\\\/company\\\/alfawoodgroup\",\"https:\\\/\\\/www.pinterest.com\\\/alfawoodgroup\\\/\"]}]}<\/script>\n<!-- \/ Yoast SEO Premium plugin. -->","yoast_head_json":{"title":"3190 Touch - Sip\u00ebrfaqe melamine MDF Banak\u00eb p\u00ebr pllaka Dyer Dyer","robots":{"index":"index","follow":"follow","max-snippet":"max-snippet:-1","max-image-preview":"max-image-preview:large","max-video-preview":"max-video-preview:-1"},"canonical":"https:\/\/alfawood.gr\/sq\/produkt\/3190-touch","og_locale":"sq_AL","og_type":"article","og_title":"3190 Touch","og_description":"To \u03c3\u03c5\u03bc\u03c0\u03b1\u03b3\u03ad\u03c2 \u03c0\u03ac\u03bd\u03b5\u03bb ALFA Compact 3190 Touch \u03c3\u03b5 \u03bc\u03b1\u03cd\u03c1\u03b7 \u03b1\u03c0\u03cc\u03c7\u03c1\u03c9\u03c3\u03b7, \u03bc\u03b1\u03c4 \u03b5\u03c0\u03b9\u03c6\u03ac\u03bd\u03b5\u03b9\u03b1\u03c2, \u03b5\u03af\u03bd\u03b1\u03b9 \u03b9\u03b4\u03b1\u03bd\u03b9\u03ba\u03cc \u03b3\u03b9\u03b1 \u03c7\u03ce\u03c1\u03bf\u03c5\u03c2 \u03b1\u03c5\u03be\u03b7\u03bc\u03ad\u03bd\u03c9\u03bd \u03b1\u03c0\u03b1\u03b9\u03c4\u03ae\u03c3\u03b5\u03c9\u03bd \u03ba\u03b1\u03b9 \u03b9\u03b4\u03b9\u03b1\u03af\u03c4\u03b5\u03c1\u03c9\u03bd \u03c3\u03c5\u03bd\u03b8\u03b7\u03ba\u03ce\u03bd. \u039a\u03b1\u03c4\u03ac\u03bb\u03bb\u03b7\u03bb\u03bf \u03b3\u03b9\u03b1 \u03c7\u03ce\u03c1\u03bf\u03c5\u03c2 \u03bc\u03b5 \u03c5\u03c8\u03b7\u03bb\u03ac \u03c0\u03bf\u03c3\u03bf\u03c3\u03c4\u03ac \u03c5\u03b3\u03c1\u03b1\u03c3\u03af\u03b1\u03c2, \u03bb\u03cc\u03b3\u03c9 \u03c4\u03b7\u03c2 \u03b5\u03b9\u03b4\u03b9\u03ba\u03ae\u03c2 \u03b4\u03b9\u03b1\u03b4\u03b9\u03ba\u03b1\u03c3\u03af\u03b1\u03c2 \u03c0\u03b1\u03c1\u03b1\u03b3\u03c9\u03b3\u03ae\u03c2 \u03c4\u03bf\u03c5\u03c2.","og_url":"https:\/\/alfawood.gr\/sq\/produkt\/3190-touch","og_site_name":"\u0395\u03c0\u03b9\u03c6\u03ac\u03bd\u03b5\u03b9\u03b5\u03c2 \u039c\u03b5\u03bb\u03b1\u03bc\u03af\u03bd\u03b7\u03c2 MDF \u039c\u03bf\u03c1\u03b9\u03bf\u03c3\u03b1\u03bd\u03af\u03b4\u03b1 \u03a0\u03ac\u03b3\u03ba\u03bf\u03b9 \u0394\u03ac\u03c0\u03b5\u03b4\u03b1 \u03a0\u03cc\u03c1\u03c4\u03b5\u03c2","article_publisher":"https:\/\/www.facebook.com\/alfawood.group","article_modified_time":"2023-04-10T07:39:58+00:00","og_image":[{"width":1457,"height":2000,"url":"https:\/\/alfawood.gr\/wp-content\/uploads\/2023\/03\/3190.jpg","type":"image\/jpeg"}],"twitter_card":"summary_large_image","twitter_site":"@ALFAWOODGROUP","twitter_misc":{"Est. reading time":"1 minut\u00eb"},"schema":{"@context":"https:\/\/schema.org","@graph":[{"@type":"WebPage","@id":"https:\/\/alfawood.gr\/en\/product\/3190-touch\/","url":"https:\/\/alfawood.gr\/en\/product\/3190-touch\/","name":"3190 Touch - Sip\u00ebrfaqe melamine MDF Banak\u00eb p\u00ebr pllaka Dyer Dyer","isPartOf":{"@id":"https:\/\/alfawood.gr\/#website"},"primaryImageOfPage":{"@id":"https:\/\/alfawood.gr\/en\/product\/3190-touch\/#primaryimage"},"image":{"@id":"https:\/\/alfawood.gr\/en\/product\/3190-touch\/#primaryimage"},"thumbnailUrl":"https:\/\/alfawood.gr\/wp-content\/uploads\/2023\/03\/3190.jpg","datePublished":"2023-03-07T08:09:56+00:00","dateModified":"2023-04-10T07:39:58+00:00","breadcrumb":{"@id":"https:\/\/alfawood.gr\/en\/product\/3190-touch\/#breadcrumb"},"inLanguage":"sq","potentialAction":[{"@type":"ReadAction","target":["https:\/\/alfawood.gr\/en\/product\/3190-touch\/"]}]},{"@type":"ImageObject","inLanguage":"sq","@id":"https:\/\/alfawood.gr\/en\/product\/3190-touch\/#primaryimage","url":"https:\/\/alfawood.gr\/wp-content\/uploads\/2023\/03\/3190.jpg","contentUrl":"https:\/\/alfawood.gr\/wp-content\/uploads\/2023\/03\/3190.jpg","width":1457,"height":2000,"caption":"3190 Touch - Alfa Compact"},{"@type":"BreadcrumbList","@id":"https:\/\/alfawood.gr\/en\/product\/3190-touch\/#breadcrumb","itemListElement":[{"@type":"ListItem","position":1,"name":"Home","item":"https:\/\/alfawood.gr\/"},{"@type":"ListItem","position":2,"name":"\u03a0\u03c1\u03bf\u03ca\u03cc\u03bd\u03c4\u03b1","item":"https:\/\/alfawood.gr\/proionta-wood\/"},{"@type":"ListItem","position":3,"name":"Alfa Tops - \u03a0\u03ac\u03b3\u03ba\u03bf\u03b9 \u039a\u03bf\u03c5\u03b6\u03af\u03bd\u03b1\u03c2","item":"https:\/\/alfawood.gr\/category\/pagoi-kouzinas\/"},{"@type":"ListItem","position":4,"name":"3190 Touch"}]},{"@type":"WebSite","@id":"https:\/\/alfawood.gr\/#website","url":"https:\/\/alfawood.gr\/","name":"Sip\u00ebrfaqe melamine MDF banak\u00eb p\u00ebr pllaka Dyer","description":"Alfa Wood Group Industria e drurit","publisher":{"@id":"https:\/\/alfawood.gr\/#organization"},"alternateName":"Melamines - MDF - Laminate - Worktops","potentialAction":[{"@type":"SearchAction","target":{"@type":"EntryPoint","urlTemplate":"https:\/\/alfawood.gr\/?s={search_term_string}"},"query-input":{"@type":"PropertyValueSpecification","valueRequired":true,"valueName":"search_term_string"}}],"inLanguage":"sq"},{"@type":"Organization","@id":"https:\/\/alfawood.gr\/#organization","name":"Alfa Wood Group","url":"https:\/\/alfawood.gr\/","logo":{"@type":"ImageObject","inLanguage":"sq","@id":"https:\/\/alfawood.gr\/#\/schema\/logo\/image\/","url":"https:\/\/alfawood.gr\/wp-content\/uploads\/2023\/02\/alfa-wood-logo-1.svg","contentUrl":"https:\/\/alfawood.gr\/wp-content\/uploads\/2023\/02\/alfa-wood-logo-1.svg","width":305,"height":195,"caption":"Alfa Wood Group"},"image":{"@id":"https:\/\/alfawood.gr\/#\/schema\/logo\/image\/"},"sameAs":["https:\/\/www.facebook.com\/alfawood.group","https:\/\/x.com\/ALFAWOODGROUP","https:\/\/www.instagram.com\/alfawood.group","https:\/\/www.youtube.com\/@alfawoodgroup","https:\/\/www.tiktok.com\/@alfawood.group","https:\/\/vimeo.com\/alfawood","https:\/\/www.linkedin.com\/company\/alfawoodgroup","https:\/\/www.pinterest.com\/alfawoodgroup\/"]}]}},"_links":{"self":[{"href":"https:\/\/alfawood.gr\/sq\/wp-json\/wp\/v2\/product\/14703","targetHints":{"allow":["GET"]}}],"collection":[{"href":"https:\/\/alfawood.gr\/sq\/wp-json\/wp\/v2\/product"}],"about":[{"href":"https:\/\/alfawood.gr\/sq\/wp-json\/wp\/v2\/types\/product"}],"version-history":[{"count":0,"href":"https:\/\/alfawood.gr\/sq\/wp-json\/wp\/v2\/product\/14703\/revisions"}],"wp:featuredmedia":[{"embeddable":true,"href":"https:\/\/alfawood.gr\/sq\/wp-json\/wp\/v2\/media\/14705"}],"wp:attachment":[{"href":"https:\/\/alfawood.gr\/sq\/wp-json\/wp\/v2\/media?parent=14703"}],"wp:term":[{"taxonomy":"product_brand","embeddable":true,"href":"https:\/\/alfawood.gr\/sq\/wp-json\/wp\/v2\/product_brand?post=14703"},{"taxonomy":"product_cat","embeddable":true,"href":"https:\/\/alfawood.gr\/sq\/wp-json\/wp\/v2\/product_cat?post=14703"},{"taxonomy":"product_tag","embeddable":true,"href":"https:\/\/alfawood.gr\/sq\/wp-json\/wp\/v2\/product_tag?post=14703"}],"curies":[{"name":"wp","href":"https:\/\/api.w.org\/{rel}","templated":true}]}}