{"id":14874,"date":"2023-03-07T08:12:49","date_gmt":"2023-03-07T08:12:49","guid":{"rendered":"https:\/\/alfawood.gr\/product\/coral-oak-1844\/"},"modified":"2023-04-05T10:06:44","modified_gmt":"2023-04-05T10:06:44","slug":"coral-oak-1844","status":"publish","type":"product","link":"https:\/\/alfawood.gr\/sq\/product\/coral-oak-1844\/","title":{"rendered":"1844 Lisi koral"},"content":{"rendered":"<div class=\"testingE\"><p>Risia m\u00eb e fundit nga grupi AWG \u00ebsht\u00eb Par - Ve.<\/p>\n<p>\u00cbsht\u00eb p\u00ebrgjigja e tendenc\u00ebs m\u00eb t\u00eb fundit n\u00eb dizajnin e brendsh\u00ebm. Ky dysheme inovative me rimeso druri kombinon dizajnet unike t\u00eb drurit t\u00eb v\u00ebrtet\u00eb me instalimin e leht\u00eb t\u00eb dyshemes\u00eb s\u00eb laminuar.<\/p>\n<p>Par-Ve \u00ebsht\u00eb po aq e leht\u00eb p\u00ebr t&#039;u instaluar dhe mir\u00ebmbajtur sa dyshemeja e laminuar. Megjithat\u00eb, ka nj\u00eb ndryshim t\u00eb madh: shtresa e sip\u00ebrme e Par-Ve \u00ebsht\u00eb dru i v\u00ebrtet\u00eb, jo nj\u00eb dru imitues si laminat. Ajo q\u00eb shihni dhe ndjeni \u00ebsht\u00eb druri natyral. ashtu si asnj\u00eb pem\u00eb nuk \u00ebsht\u00eb nj\u00ebsoj, \u00e7do bord \u00ebsht\u00eb unik. Kjo \u00ebsht\u00eb pik\u00ebrisht ajo q\u00eb b\u00ebn diferenc\u00ebn n\u00eb \u00e7do hap\u00ebsir\u00eb q\u00eb e vendosni.<\/p>\n<p>Dyshemeja Par-Ve nxjerr ne pah drurin, gjeja me e bukur qe natyra ka krijuar me nje nivel shume te larte cilesie.<br \/>\n\u2022 P\u00ebrdorimi i drurit me cil\u00ebsi t\u00eb shk\u00eblqyer<br \/>\n\u2022 Zgjedhja ekologjike<br \/>\n\u2022 Rezistenca ndaj ndikimit<br \/>\n\u2022 Vlera e shk\u00eblqyer p\u00ebr parat\u00eb<br \/>\n\u2022 Nuk mund t\u00eb lyhet me r\u00ebr\u00eb<\/p>\n<\/div>","protected":false},"excerpt":{"rendered":"<p>Par-Ve 1853 Natural Oak n\u00eb nj\u00eb nuanc\u00eb kafe t\u00eb \u00e7elur \u00ebsht\u00eb nj\u00eb parket me shum\u00eb shtresa q\u00eb kombinon ngroht\u00ebsin\u00eb dhe bukurin\u00eb natyrore t\u00eb drurit t\u00eb v\u00ebrtet\u00eb me avantazhet e parketeve t\u00eb laminuara.<\/p>","protected":false},"featured_media":14876,"template":"","meta":{"_acf_changed":false,"inline_featured_image":false,"cybocfi_hide_featured_image":""},"product_brand":[],"product_cat":[108,88,180],"product_tag":[],"class_list":{"0":"post-14874","1":"product","2":"type-product","3":"status-publish","4":"has-post-thumbnail","6":"product_cat-par-ve","7":"product_cat-dapeda","8":"product_cat-esoterikou-xorou","10":"first","11":"instock","12":"product-type-simple"},"acf":[],"yoast_head":"<!-- This site is optimized with the Yoast SEO Premium plugin v27.3 (Yoast SEO v27.3) - https:\/\/yoast.com\/product\/yoast-seo-premium-wordpress\/ -->\n<title>1844 Coral Oak - \u0395\u03c0\u03b9\u03c6\u03ac\u03bd\u03b5\u03b9\u03b5\u03c2 \u039c\u03b5\u03bb\u03b1\u03bc\u03af\u03bd\u03b7\u03c2 MDF \u039c\u03bf\u03c1\u03b9\u03bf\u03c3\u03b1\u03bd\u03af\u03b4\u03b1 \u03a0\u03ac\u03b3\u03ba\u03bf\u03b9 \u0394\u03ac\u03c0\u03b5\u03b4\u03b1 \u03a0\u03cc\u03c1\u03c4\u03b5\u03c2<\/title>\n<meta name=\"robots\" content=\"index, follow, max-snippet:-1, max-image-preview:large, max-video-preview:-1\" \/>\n<link rel=\"canonical\" href=\"https:\/\/alfawood.gr\/sq\/produkt\/coral-oak-1844\" \/>\n<meta property=\"og:locale\" content=\"sq_AL\" \/>\n<meta property=\"og:type\" content=\"article\" \/>\n<meta property=\"og:title\" content=\"1844 Coral Oak\" \/>\n<meta property=\"og:description\" content=\"To Par-Ve 1844 Coral Oak \u03c3\u03b5 \u03b1\u03bd\u03bf\u03b9\u03c7\u03c4\u03ae \u03ba\u03b1\u03c6\u03ad \u03b1\u03c0\u03cc\u03c7\u03c1\u03c9\u03c3\u03b7 \u03b5\u03af\u03bd\u03b1\u03b9 \u03ad\u03bd\u03b1 \u03c0\u03bf\u03bb\u03c5\u03c3\u03c4\u03c1\u03c9\u03bc\u03b1\u03c4\u03b9\u03ba\u03cc \u03c0\u03b1\u03c1\u03ba\u03ad \u03c0\u03bf\u03c5 \u03c3\u03c5\u03bd\u03b4\u03c5\u03ac\u03b6\u03b5\u03b9 \u03c4\u03b7 \u03b6\u03b5\u03c3\u03c4\u03b1\u03c3\u03b9\u03ac \u03ba\u03b1\u03b9 \u03c4\u03b7 \u03c6\u03c5\u03c3\u03b9\u03ba\u03ae \u03bf\u03bc\u03bf\u03c1\u03c6\u03b9\u03ac \u03c4\u03bf\u03c5 \u03c0\u03c1\u03b1\u03b3\u03bc\u03b1\u03c4\u03b9\u03ba\u03bf\u03cd \u03be\u03cd\u03bb\u03bf\u03c5 \u03bc\u03b5 \u03c4\u03b1 \u03c0\u03bb\u03b5\u03bf\u03bd\u03b5\u03ba\u03c4\u03ae\u03bc\u03b1\u03c4\u03b1 \u03c4\u03bf\u03c5 Laminate \u03b4\u03b1\u03c0\u03ad\u03b4\u03bf\u03c5.\" \/>\n<meta property=\"og:url\" content=\"https:\/\/alfawood.gr\/sq\/produkt\/coral-oak-1844\" \/>\n<meta property=\"og:site_name\" content=\"\u0395\u03c0\u03b9\u03c6\u03ac\u03bd\u03b5\u03b9\u03b5\u03c2 \u039c\u03b5\u03bb\u03b1\u03bc\u03af\u03bd\u03b7\u03c2 MDF \u039c\u03bf\u03c1\u03b9\u03bf\u03c3\u03b1\u03bd\u03af\u03b4\u03b1 \u03a0\u03ac\u03b3\u03ba\u03bf\u03b9 \u0394\u03ac\u03c0\u03b5\u03b4\u03b1 \u03a0\u03cc\u03c1\u03c4\u03b5\u03c2\" \/>\n<meta property=\"article:publisher\" content=\"https:\/\/www.facebook.com\/alfawood.group\" \/>\n<meta property=\"article:modified_time\" content=\"2023-04-05T10:06:44+00:00\" \/>\n<meta property=\"og:image\" content=\"https:\/\/alfawood.gr\/wp-content\/uploads\/2023\/03\/002.jpg\" \/>\n\t<meta property=\"og:image:width\" content=\"638\" \/>\n\t<meta property=\"og:image:height\" content=\"724\" \/>\n\t<meta property=\"og:image:type\" content=\"image\/jpeg\" \/>\n<meta name=\"twitter:card\" content=\"summary_large_image\" \/>\n<meta name=\"twitter:site\" content=\"@ALFAWOODGROUP\" \/>\n<meta name=\"twitter:label1\" content=\"Est. reading time\" \/>\n\t<meta name=\"twitter:data1\" content=\"1 minut\u00eb\" \/>\n<script type=\"application\/ld+json\" class=\"yoast-schema-graph\">{\"@context\":\"https:\\\/\\\/schema.org\",\"@graph\":[{\"@type\":\"WebPage\",\"@id\":\"https:\\\/\\\/alfawood.gr\\\/product\\\/coral-oak-1844\\\/\",\"url\":\"https:\\\/\\\/alfawood.gr\\\/product\\\/coral-oak-1844\\\/\",\"name\":\"1844 Coral Oak - \u0395\u03c0\u03b9\u03c6\u03ac\u03bd\u03b5\u03b9\u03b5\u03c2 \u039c\u03b5\u03bb\u03b1\u03bc\u03af\u03bd\u03b7\u03c2 MDF \u039c\u03bf\u03c1\u03b9\u03bf\u03c3\u03b1\u03bd\u03af\u03b4\u03b1 \u03a0\u03ac\u03b3\u03ba\u03bf\u03b9 \u0394\u03ac\u03c0\u03b5\u03b4\u03b1 \u03a0\u03cc\u03c1\u03c4\u03b5\u03c2\",\"isPartOf\":{\"@id\":\"https:\\\/\\\/alfawood.gr\\\/#website\"},\"primaryImageOfPage\":{\"@id\":\"https:\\\/\\\/alfawood.gr\\\/product\\\/coral-oak-1844\\\/#primaryimage\"},\"image\":{\"@id\":\"https:\\\/\\\/alfawood.gr\\\/product\\\/coral-oak-1844\\\/#primaryimage\"},\"thumbnailUrl\":\"https:\\\/\\\/alfawood.gr\\\/wp-content\\\/uploads\\\/2023\\\/03\\\/002.jpg\",\"datePublished\":\"2023-03-07T08:12:49+00:00\",\"dateModified\":\"2023-04-05T10:06:44+00:00\",\"breadcrumb\":{\"@id\":\"https:\\\/\\\/alfawood.gr\\\/product\\\/coral-oak-1844\\\/#breadcrumb\"},\"inLanguage\":\"sq\",\"potentialAction\":[{\"@type\":\"ReadAction\",\"target\":[\"https:\\\/\\\/alfawood.gr\\\/product\\\/coral-oak-1844\\\/\"]}]},{\"@type\":\"ImageObject\",\"inLanguage\":\"sq\",\"@id\":\"https:\\\/\\\/alfawood.gr\\\/product\\\/coral-oak-1844\\\/#primaryimage\",\"url\":\"https:\\\/\\\/alfawood.gr\\\/wp-content\\\/uploads\\\/2023\\\/03\\\/002.jpg\",\"contentUrl\":\"https:\\\/\\\/alfawood.gr\\\/wp-content\\\/uploads\\\/2023\\\/03\\\/002.jpg\",\"width\":638,\"height\":724,\"caption\":\"Coral Oak 1844 - Alfa Flooring Par-Ve\"},{\"@type\":\"BreadcrumbList\",\"@id\":\"https:\\\/\\\/alfawood.gr\\\/product\\\/coral-oak-1844\\\/#breadcrumb\",\"itemListElement\":[{\"@type\":\"ListItem\",\"position\":1,\"name\":\"Home\",\"item\":\"https:\\\/\\\/alfawood.gr\\\/\"},{\"@type\":\"ListItem\",\"position\":2,\"name\":\"\u03a0\u03c1\u03bf\u03ca\u03cc\u03bd\u03c4\u03b1\",\"item\":\"https:\\\/\\\/alfawood.gr\\\/proionta-wood\\\/\"},{\"@type\":\"ListItem\",\"position\":3,\"name\":\"\u0394\u03ac\u03c0\u03b5\u03b4\u03b1 - Alfa Flooring\",\"item\":\"https:\\\/\\\/alfawood.gr\\\/category\\\/dapeda\\\/\"},{\"@type\":\"ListItem\",\"position\":4,\"name\":\"1844 Coral Oak\"}]},{\"@type\":\"WebSite\",\"@id\":\"https:\\\/\\\/alfawood.gr\\\/#website\",\"url\":\"https:\\\/\\\/alfawood.gr\\\/\",\"name\":\"\u0395\u03c0\u03b9\u03c6\u03ac\u03bd\u03b5\u03b9\u03b5\u03c2 \u039c\u03b5\u03bb\u03b1\u03bc\u03af\u03bd\u03b7\u03c2 MDF \u039c\u03bf\u03c1\u03b9\u03bf\u03c3\u03b1\u03bd\u03af\u03b4\u03b1 \u03a0\u03ac\u03b3\u03ba\u03bf\u03b9 \u0394\u03ac\u03c0\u03b5\u03b4\u03b1 \u03a0\u03cc\u03c1\u03c4\u03b5\u03c2\",\"description\":\"\u0392\u03b9\u03bf\u03bc\u03b7\u03c7\u03b1\u03bd\u03af\u03b1 \u039e\u03cd\u03bb\u03bf\u03c5 Alfa Wood Group\",\"publisher\":{\"@id\":\"https:\\\/\\\/alfawood.gr\\\/#organization\"},\"alternateName\":\"Melamines - MDF - Laminate - Worktops\",\"potentialAction\":[{\"@type\":\"SearchAction\",\"target\":{\"@type\":\"EntryPoint\",\"urlTemplate\":\"https:\\\/\\\/alfawood.gr\\\/?s={search_term_string}\"},\"query-input\":{\"@type\":\"PropertyValueSpecification\",\"valueRequired\":true,\"valueName\":\"search_term_string\"}}],\"inLanguage\":\"sq\"},{\"@type\":\"Organization\",\"@id\":\"https:\\\/\\\/alfawood.gr\\\/#organization\",\"name\":\"Alfa Wood Group\",\"url\":\"https:\\\/\\\/alfawood.gr\\\/\",\"logo\":{\"@type\":\"ImageObject\",\"inLanguage\":\"sq\",\"@id\":\"https:\\\/\\\/alfawood.gr\\\/#\\\/schema\\\/logo\\\/image\\\/\",\"url\":\"https:\\\/\\\/alfawood.gr\\\/wp-content\\\/uploads\\\/2023\\\/02\\\/alfa-wood-logo-1.svg\",\"contentUrl\":\"https:\\\/\\\/alfawood.gr\\\/wp-content\\\/uploads\\\/2023\\\/02\\\/alfa-wood-logo-1.svg\",\"width\":305,\"height\":195,\"caption\":\"Alfa Wood Group\"},\"image\":{\"@id\":\"https:\\\/\\\/alfawood.gr\\\/#\\\/schema\\\/logo\\\/image\\\/\"},\"sameAs\":[\"https:\\\/\\\/www.facebook.com\\\/alfawood.group\",\"https:\\\/\\\/x.com\\\/ALFAWOODGROUP\",\"https:\\\/\\\/www.instagram.com\\\/alfawood.group\",\"https:\\\/\\\/www.youtube.com\\\/@alfawoodgroup\",\"https:\\\/\\\/www.tiktok.com\\\/@alfawood.group\",\"https:\\\/\\\/vimeo.com\\\/alfawood\",\"https:\\\/\\\/www.linkedin.com\\\/company\\\/alfawoodgroup\",\"https:\\\/\\\/www.pinterest.com\\\/alfawoodgroup\\\/\"]}]}<\/script>\n<!-- \/ Yoast SEO Premium plugin. -->","yoast_head_json":{"title":"1844 Coral Oak - Melamine Surfaces MDF Chipboard Countertops Dyer Dyer","robots":{"index":"index","follow":"follow","max-snippet":"max-snippet:-1","max-image-preview":"max-image-preview:large","max-video-preview":"max-video-preview:-1"},"canonical":"https:\/\/alfawood.gr\/sq\/produkt\/coral-oak-1844","og_locale":"sq_AL","og_type":"article","og_title":"1844 Coral Oak","og_description":"To Par-Ve 1844 Coral Oak \u03c3\u03b5 \u03b1\u03bd\u03bf\u03b9\u03c7\u03c4\u03ae \u03ba\u03b1\u03c6\u03ad \u03b1\u03c0\u03cc\u03c7\u03c1\u03c9\u03c3\u03b7 \u03b5\u03af\u03bd\u03b1\u03b9 \u03ad\u03bd\u03b1 \u03c0\u03bf\u03bb\u03c5\u03c3\u03c4\u03c1\u03c9\u03bc\u03b1\u03c4\u03b9\u03ba\u03cc \u03c0\u03b1\u03c1\u03ba\u03ad \u03c0\u03bf\u03c5 \u03c3\u03c5\u03bd\u03b4\u03c5\u03ac\u03b6\u03b5\u03b9 \u03c4\u03b7 \u03b6\u03b5\u03c3\u03c4\u03b1\u03c3\u03b9\u03ac \u03ba\u03b1\u03b9 \u03c4\u03b7 \u03c6\u03c5\u03c3\u03b9\u03ba\u03ae \u03bf\u03bc\u03bf\u03c1\u03c6\u03b9\u03ac \u03c4\u03bf\u03c5 \u03c0\u03c1\u03b1\u03b3\u03bc\u03b1\u03c4\u03b9\u03ba\u03bf\u03cd \u03be\u03cd\u03bb\u03bf\u03c5 \u03bc\u03b5 \u03c4\u03b1 \u03c0\u03bb\u03b5\u03bf\u03bd\u03b5\u03ba\u03c4\u03ae\u03bc\u03b1\u03c4\u03b1 \u03c4\u03bf\u03c5 Laminate \u03b4\u03b1\u03c0\u03ad\u03b4\u03bf\u03c5.","og_url":"https:\/\/alfawood.gr\/sq\/produkt\/coral-oak-1844","og_site_name":"\u0395\u03c0\u03b9\u03c6\u03ac\u03bd\u03b5\u03b9\u03b5\u03c2 \u039c\u03b5\u03bb\u03b1\u03bc\u03af\u03bd\u03b7\u03c2 MDF \u039c\u03bf\u03c1\u03b9\u03bf\u03c3\u03b1\u03bd\u03af\u03b4\u03b1 \u03a0\u03ac\u03b3\u03ba\u03bf\u03b9 \u0394\u03ac\u03c0\u03b5\u03b4\u03b1 \u03a0\u03cc\u03c1\u03c4\u03b5\u03c2","article_publisher":"https:\/\/www.facebook.com\/alfawood.group","article_modified_time":"2023-04-05T10:06:44+00:00","og_image":[{"width":638,"height":724,"url":"https:\/\/alfawood.gr\/wp-content\/uploads\/2023\/03\/002.jpg","type":"image\/jpeg"}],"twitter_card":"summary_large_image","twitter_site":"@ALFAWOODGROUP","twitter_misc":{"Est. reading time":"1 minut\u00eb"},"schema":{"@context":"https:\/\/schema.org","@graph":[{"@type":"WebPage","@id":"https:\/\/alfawood.gr\/product\/coral-oak-1844\/","url":"https:\/\/alfawood.gr\/product\/coral-oak-1844\/","name":"1844 Coral Oak - Melamine Surfaces MDF Chipboard Countertops Dyer Dyer","isPartOf":{"@id":"https:\/\/alfawood.gr\/#website"},"primaryImageOfPage":{"@id":"https:\/\/alfawood.gr\/product\/coral-oak-1844\/#primaryimage"},"image":{"@id":"https:\/\/alfawood.gr\/product\/coral-oak-1844\/#primaryimage"},"thumbnailUrl":"https:\/\/alfawood.gr\/wp-content\/uploads\/2023\/03\/002.jpg","datePublished":"2023-03-07T08:12:49+00:00","dateModified":"2023-04-05T10:06:44+00:00","breadcrumb":{"@id":"https:\/\/alfawood.gr\/product\/coral-oak-1844\/#breadcrumb"},"inLanguage":"sq","potentialAction":[{"@type":"ReadAction","target":["https:\/\/alfawood.gr\/product\/coral-oak-1844\/"]}]},{"@type":"ImageObject","inLanguage":"sq","@id":"https:\/\/alfawood.gr\/product\/coral-oak-1844\/#primaryimage","url":"https:\/\/alfawood.gr\/wp-content\/uploads\/2023\/03\/002.jpg","contentUrl":"https:\/\/alfawood.gr\/wp-content\/uploads\/2023\/03\/002.jpg","width":638,"height":724,"caption":"Coral Oak 1844 - Alfa Flooring Par-Ve"},{"@type":"BreadcrumbList","@id":"https:\/\/alfawood.gr\/product\/coral-oak-1844\/#breadcrumb","itemListElement":[{"@type":"ListItem","position":1,"name":"Home","item":"https:\/\/alfawood.gr\/"},{"@type":"ListItem","position":2,"name":"\u03a0\u03c1\u03bf\u03ca\u03cc\u03bd\u03c4\u03b1","item":"https:\/\/alfawood.gr\/proionta-wood\/"},{"@type":"ListItem","position":3,"name":"\u0394\u03ac\u03c0\u03b5\u03b4\u03b1 - Alfa Flooring","item":"https:\/\/alfawood.gr\/category\/dapeda\/"},{"@type":"ListItem","position":4,"name":"1844 Coral Oak"}]},{"@type":"WebSite","@id":"https:\/\/alfawood.gr\/#website","url":"https:\/\/alfawood.gr\/","name":"Sip\u00ebrfaqe melamine MDF banak\u00eb p\u00ebr pllaka Dyer","description":"Alfa Wood Group Industria e drurit","publisher":{"@id":"https:\/\/alfawood.gr\/#organization"},"alternateName":"Melamines - MDF - Laminate - Worktops","potentialAction":[{"@type":"SearchAction","target":{"@type":"EntryPoint","urlTemplate":"https:\/\/alfawood.gr\/?s={search_term_string}"},"query-input":{"@type":"PropertyValueSpecification","valueRequired":true,"valueName":"search_term_string"}}],"inLanguage":"sq"},{"@type":"Organization","@id":"https:\/\/alfawood.gr\/#organization","name":"Alfa Wood Group","url":"https:\/\/alfawood.gr\/","logo":{"@type":"ImageObject","inLanguage":"sq","@id":"https:\/\/alfawood.gr\/#\/schema\/logo\/image\/","url":"https:\/\/alfawood.gr\/wp-content\/uploads\/2023\/02\/alfa-wood-logo-1.svg","contentUrl":"https:\/\/alfawood.gr\/wp-content\/uploads\/2023\/02\/alfa-wood-logo-1.svg","width":305,"height":195,"caption":"Alfa Wood Group"},"image":{"@id":"https:\/\/alfawood.gr\/#\/schema\/logo\/image\/"},"sameAs":["https:\/\/www.facebook.com\/alfawood.group","https:\/\/x.com\/ALFAWOODGROUP","https:\/\/www.instagram.com\/alfawood.group","https:\/\/www.youtube.com\/@alfawoodgroup","https:\/\/www.tiktok.com\/@alfawood.group","https:\/\/vimeo.com\/alfawood","https:\/\/www.linkedin.com\/company\/alfawoodgroup","https:\/\/www.pinterest.com\/alfawoodgroup\/"]}]}},"_links":{"self":[{"href":"https:\/\/alfawood.gr\/sq\/wp-json\/wp\/v2\/product\/14874","targetHints":{"allow":["GET"]}}],"collection":[{"href":"https:\/\/alfawood.gr\/sq\/wp-json\/wp\/v2\/product"}],"about":[{"href":"https:\/\/alfawood.gr\/sq\/wp-json\/wp\/v2\/types\/product"}],"version-history":[{"count":0,"href":"https:\/\/alfawood.gr\/sq\/wp-json\/wp\/v2\/product\/14874\/revisions"}],"wp:featuredmedia":[{"embeddable":true,"href":"https:\/\/alfawood.gr\/sq\/wp-json\/wp\/v2\/media\/14876"}],"wp:attachment":[{"href":"https:\/\/alfawood.gr\/sq\/wp-json\/wp\/v2\/media?parent=14874"}],"wp:term":[{"taxonomy":"product_brand","embeddable":true,"href":"https:\/\/alfawood.gr\/sq\/wp-json\/wp\/v2\/product_brand?post=14874"},{"taxonomy":"product_cat","embeddable":true,"href":"https:\/\/alfawood.gr\/sq\/wp-json\/wp\/v2\/product_cat?post=14874"},{"taxonomy":"product_tag","embeddable":true,"href":"https:\/\/alfawood.gr\/sq\/wp-json\/wp\/v2\/product_tag?post=14874"}],"curies":[{"name":"wp","href":"https:\/\/api.w.org\/{rel}","templated":true}]}}