{"id":15083,"date":"2023-03-07T08:15:29","date_gmt":"2023-03-07T08:15:29","guid":{"rendered":"https:\/\/alfawood.gr\/product\/exclusive-u-1027\/"},"modified":"2023-04-19T11:23:34","modified_gmt":"2023-04-19T11:23:34","slug":"exclusive-u-1027","status":"publish","type":"product","link":"https:\/\/alfawood.gr\/sq\/product\/exclusive-u-1027\/","title":{"rendered":"U 1027 Ekskluzive"},"content":{"rendered":"<div class=\"testingE\"><p>Cil\u00ebsia dhe q\u00ebndrueshm\u00ebria e lart\u00eb e <strong>Ekskluzive<\/strong> countertops i b\u00ebn ato ideale p\u00ebrve\u00e7 <a href=\"\/sq\/pagos-kouzinas-alfatops\" target=\"_blank\" rel=\"noopener\">banak\u00ebt e kuzhin\u00ebs<\/a>, i pershtatshem edhe per banjo, zyra dhe sportele dyqanesh. Teksturat sip\u00ebrfaq\u00ebsore n\u00eb imitim t\u00eb gurit, granitit, mermerit dhe drurit me shum\u00eb kombinime n\u00eb nuanca dhe tekstura ju japin mund\u00ebsin\u00eb t\u00eb zgjidhni dhe t\u00eb krijoni nj\u00eb stil individual shprehjeje me cil\u00ebsi.<\/p>\n<p>Karakteristikat:<\/p>\n<ul>\n<li>E q\u00ebndrueshme me rezistenc\u00eb t\u00eb lart\u00eb ndaj goditjes<\/li>\n<li>Rezistent ndaj g\u00ebrryerjes<\/li>\n<li>Rezistente ndaj njollave<\/li>\n<li>Rezistenc\u00eb e fort\u00eb ndaj kushteve ekstreme klimatike dhe rrezeve UV<\/li>\n<li>Ata nuk zbardhen<\/li>\n<li>Ato ofrojn\u00eb nj\u00eb mbrojtje t\u00eb besueshme dhe t\u00eb q\u00ebndrueshme ndaj baktereve dhe i japin nj\u00eb tjet\u00ebr dimension higjien\u00ebs dhe past\u00ebrtis\u00eb.<\/li>\n<li>L\u00ebnd\u00ebt e para t\u00eb p\u00ebrdorura jan\u00eb miq\u00ebsore me mjedisin<\/li>\n<\/ul>\n<p><strong>Raporti: R2<\/strong><\/p>\n<p><a href=\"\/files\/catalogs\/\/ALFASURFACES-BOOK-GR.pdf\" target=\"_blank\" rel=\"noopener\">Shihni katalogun<\/a><\/p>\n<\/div>","protected":false},"excerpt":{"rendered":"<p>Tabela U 1027 nga koleksioni Exclusive n\u00eb t\u00eb bardh\u00eb harmonizohet me tonalitetet m\u00eb t\u00eb fundit t\u00eb ngjyrave, duke ndjekur tendencat e larta estetike n\u00eb dizajnin e brendsh\u00ebm. Tabela nj\u00ebngjyr\u00ebshe e kuzhin\u00ebs n\u00eb nj\u00eb struktur\u00eb mat \u00ebsht\u00eb nj\u00eb nga m\u00eb t\u00eb njohurat dhe ofron nj\u00eb efekt modern.<\/p>\n<p>M\u00ebnyra se si sip\u00ebrfaqja \u00ebsht\u00eb e kombinuar me element\u00eb t\u00eb tjer\u00eb, si dyert dhe raftet, ju lejon t\u00eb krijoni shum\u00eb kombinime.<\/p>","protected":false},"featured_media":19811,"template":"","meta":{"_acf_changed":false,"inline_featured_image":false,"cybocfi_hide_featured_image":""},"product_brand":[],"product_cat":[112,113],"product_tag":[],"class_list":{"0":"post-15083","1":"product","2":"type-product","3":"status-publish","4":"has-post-thumbnail","6":"product_cat-pagoi-kouzinas","7":"product_cat-exclusive","9":"first","10":"instock","11":"product-type-simple"},"acf":[],"yoast_head":"<!-- This site is optimized with the Yoast SEO Premium plugin v27.4 (Yoast SEO v27.4) - https:\/\/yoast.com\/product\/yoast-seo-premium-wordpress\/ -->\n<title>U 1027 Exclusive - \u0395\u03c0\u03b9\u03c6\u03ac\u03bd\u03b5\u03b9\u03b5\u03c2 \u039c\u03b5\u03bb\u03b1\u03bc\u03af\u03bd\u03b7\u03c2 MDF \u039c\u03bf\u03c1\u03b9\u03bf\u03c3\u03b1\u03bd\u03af\u03b4\u03b1 \u03a0\u03ac\u03b3\u03ba\u03bf\u03b9 \u0394\u03ac\u03c0\u03b5\u03b4\u03b1 \u03a0\u03cc\u03c1\u03c4\u03b5\u03c2<\/title>\n<meta name=\"robots\" content=\"index, follow, max-snippet:-1, max-image-preview:large, max-video-preview:-1\" \/>\n<link rel=\"canonical\" href=\"https:\/\/alfawood.gr\/sq\/produkt\/exclusive-u-1027\" \/>\n<meta property=\"og:locale\" content=\"sq_AL\" \/>\n<meta property=\"og:type\" content=\"article\" \/>\n<meta property=\"og:title\" content=\"U 1027 Exclusive\" \/>\n<meta property=\"og:description\" content=\"O \u03c0\u03ac\u03b3\u03ba\u03bf\u03c2 U 1027 \u03c4\u03b7\u03c2 \u03c3\u03c5\u03bb\u03bb\u03bf\u03b3\u03ae\u03c2 \u0395xclusive \u03c3\u03b5 \u03bb\u03b5\u03c5\u03ba\u03ae \u03b1\u03c0\u03cc\u03c7\u03c1\u03c9\u03c3\u03b7 \u03b5\u03bd\u03b1\u03c1\u03bc\u03bf\u03bd\u03af\u03b6\u03b5\u03c4\u03b5 \u03bc\u03b5 \u03c4\u03bf\u03c5\u03c2 \u03c4\u03b5\u03bb\u03b5\u03c5\u03c4\u03b1\u03af\u03bf\u03c5\u03c2 \u03c7\u03c1\u03c9\u03bc\u03b1\u03c4\u03b9\u03ba\u03bf\u03cd\u03c2 \u03c4\u03cc\u03bd\u03bf\u03c5\u03c2, \u03b1\u03ba\u03bf\u03bb\u03bf\u03c5\u03b8\u03ce\u03bd\u03c4\u03b1\u03c2 \u03c4\u03b9\u03c2 \u03c4\u03ac\u03c3\u03b5\u03b9\u03c2 \u03c5\u03c8\u03b7\u03bb\u03ae\u03c2 \u03b1\u03b9\u03c3\u03b8\u03b7\u03c4\u03b9\u03ba\u03ae\u03c2 \u03c3\u03c4\u03bf interior design. \u039f \u03bc\u03bf\u03bd\u03cc\u03c7\u03c1\u03c9\u03bc\u03bf\u03c2 \u03c0\u03ac\u03b3\u03ba\u03bf\u03c2 \u03ba\u03bf\u03c5\u03b6\u03af\u03bd\u03b1\u03c2 \u03c3\u03b5 \u03bc\u03b1\u03c4 \u03c5\u03c6\u03ae, \u03b5\u03af\u03bd\u03b1\u03b9 \u03b1\u03c0\u03cc \u03c4\u03bf\u03c5\u03c2 \u03c0\u03b9\u03bf \u03b4\u03b7\u03bc\u03bf\u03c6\u03b9\u03bb\u03ae\u03c2 \u03ba\u03b1\u03b9 \u03c0\u03b1\u03c1\u03ad\u03c7\u03b5\u03b9 \u03ad\u03bd\u03b1 \u03bc\u03bf\u03bd\u03c4\u03ad\u03c1\u03bd\u03bf \u03b1\u03c0\u03bf\u03c4\u03ad\u03bb\u03b5\u03c3\u03bc\u03b1.  \u039f \u03c4\u03c1\u03cc\u03c0\u03bf\u03c2 \u03bc\u03b5 \u03c4\u03bf\u03bd \u03bf\u03c0\u03bf\u03af\u03bf \u03c3\u03c5\u03bd\u03b4\u03c5\u03ac\u03b6\u03b5\u03c4\u03b1\u03b9 \u03b7 \u03b5\u03c0\u03b9\u03c6\u03ac\u03bd\u03b5\u03b9\u03b1 \u03bc\u03b5 \u03ac\u03bb\u03bb\u03b1 \u03c3\u03c4\u03bf\u03b9\u03c7\u03b5\u03af\u03b1, \u03cc\u03c0\u03c9\u03c2 \u03c0\u03cc\u03c1\u03c4\u03b5\u03c2 \u03ba\u03b1\u03b9 \u03c1\u03ac\u03c6\u03b9\u03b1, \u03c3\u03b1\u03c2 \u03b4\u03af\u03bd\u03b5\u03b9 \u03c4\u03b7 \u03b4\u03c5\u03bd\u03b1\u03c4\u03cc\u03c4\u03b7\u03c4\u03b1 \u03bd\u03b1 \u03b4\u03b7\u03bc\u03b9\u03bf\u03c5\u03c1\u03b3\u03ae\u03c3\u03b5\u03c4\u03b5 \u03c0\u03bf\u03bb\u03bb\u03bf\u03cd\u03c2 \u03c3\u03c5\u03bd\u03b4\u03c5\u03b1\u03c3\u03bc\u03bf\u03cd\u03c2.\" \/>\n<meta property=\"og:url\" content=\"https:\/\/alfawood.gr\/sq\/produkt\/exclusive-u-1027\" \/>\n<meta property=\"og:site_name\" content=\"\u0395\u03c0\u03b9\u03c6\u03ac\u03bd\u03b5\u03b9\u03b5\u03c2 \u039c\u03b5\u03bb\u03b1\u03bc\u03af\u03bd\u03b7\u03c2 MDF \u039c\u03bf\u03c1\u03b9\u03bf\u03c3\u03b1\u03bd\u03af\u03b4\u03b1 \u03a0\u03ac\u03b3\u03ba\u03bf\u03b9 \u0394\u03ac\u03c0\u03b5\u03b4\u03b1 \u03a0\u03cc\u03c1\u03c4\u03b5\u03c2\" \/>\n<meta property=\"article:publisher\" content=\"https:\/\/www.facebook.com\/alfawood.group\" \/>\n<meta property=\"article:modified_time\" content=\"2023-04-19T11:23:34+00:00\" \/>\n<meta property=\"og:image\" content=\"https:\/\/alfawood.gr\/wp-content\/uploads\/2023\/03\/1027U-1.jpg\" \/>\n\t<meta property=\"og:image:width\" content=\"1457\" \/>\n\t<meta property=\"og:image:height\" content=\"2000\" \/>\n\t<meta property=\"og:image:type\" content=\"image\/jpeg\" \/>\n<meta name=\"twitter:card\" content=\"summary_large_image\" \/>\n<meta name=\"twitter:site\" content=\"@ALFAWOODGROUP\" \/>\n<meta name=\"twitter:label1\" content=\"Est. reading time\" \/>\n\t<meta name=\"twitter:data1\" content=\"1 minut\u00eb\" \/>\n<script type=\"application\/ld+json\" class=\"yoast-schema-graph\">{\"@context\":\"https:\\\/\\\/schema.org\",\"@graph\":[{\"@type\":\"WebPage\",\"@id\":\"https:\\\/\\\/alfawood.gr\\\/en\\\/product\\\/exclusive-u-1027\\\/\",\"url\":\"https:\\\/\\\/alfawood.gr\\\/en\\\/product\\\/exclusive-u-1027\\\/\",\"name\":\"U 1027 Exclusive - \u0395\u03c0\u03b9\u03c6\u03ac\u03bd\u03b5\u03b9\u03b5\u03c2 \u039c\u03b5\u03bb\u03b1\u03bc\u03af\u03bd\u03b7\u03c2 MDF \u039c\u03bf\u03c1\u03b9\u03bf\u03c3\u03b1\u03bd\u03af\u03b4\u03b1 \u03a0\u03ac\u03b3\u03ba\u03bf\u03b9 \u0394\u03ac\u03c0\u03b5\u03b4\u03b1 \u03a0\u03cc\u03c1\u03c4\u03b5\u03c2\",\"isPartOf\":{\"@id\":\"https:\\\/\\\/alfawood.gr\\\/#website\"},\"primaryImageOfPage\":{\"@id\":\"https:\\\/\\\/alfawood.gr\\\/en\\\/product\\\/exclusive-u-1027\\\/#primaryimage\"},\"image\":{\"@id\":\"https:\\\/\\\/alfawood.gr\\\/en\\\/product\\\/exclusive-u-1027\\\/#primaryimage\"},\"thumbnailUrl\":\"https:\\\/\\\/alfawood.gr\\\/wp-content\\\/uploads\\\/2023\\\/03\\\/1027U-1.jpg\",\"datePublished\":\"2023-03-07T08:15:29+00:00\",\"dateModified\":\"2023-04-19T11:23:34+00:00\",\"breadcrumb\":{\"@id\":\"https:\\\/\\\/alfawood.gr\\\/en\\\/product\\\/exclusive-u-1027\\\/#breadcrumb\"},\"inLanguage\":\"sq\",\"potentialAction\":[{\"@type\":\"ReadAction\",\"target\":[\"https:\\\/\\\/alfawood.gr\\\/en\\\/product\\\/exclusive-u-1027\\\/\"]}]},{\"@type\":\"ImageObject\",\"inLanguage\":\"sq\",\"@id\":\"https:\\\/\\\/alfawood.gr\\\/en\\\/product\\\/exclusive-u-1027\\\/#primaryimage\",\"url\":\"https:\\\/\\\/alfawood.gr\\\/wp-content\\\/uploads\\\/2023\\\/03\\\/1027U-1.jpg\",\"contentUrl\":\"https:\\\/\\\/alfawood.gr\\\/wp-content\\\/uploads\\\/2023\\\/03\\\/1027U-1.jpg\",\"width\":1457,\"height\":2000,\"caption\":\"1027U-worktop\"},{\"@type\":\"BreadcrumbList\",\"@id\":\"https:\\\/\\\/alfawood.gr\\\/en\\\/product\\\/exclusive-u-1027\\\/#breadcrumb\",\"itemListElement\":[{\"@type\":\"ListItem\",\"position\":1,\"name\":\"Home\",\"item\":\"https:\\\/\\\/alfawood.gr\\\/\"},{\"@type\":\"ListItem\",\"position\":2,\"name\":\"\u03a0\u03c1\u03bf\u03ca\u03cc\u03bd\u03c4\u03b1\",\"item\":\"https:\\\/\\\/alfawood.gr\\\/proionta-wood\\\/\"},{\"@type\":\"ListItem\",\"position\":3,\"name\":\"Alfa Tops - \u03a0\u03ac\u03b3\u03ba\u03bf\u03b9 \u039a\u03bf\u03c5\u03b6\u03af\u03bd\u03b1\u03c2\",\"item\":\"https:\\\/\\\/alfawood.gr\\\/category\\\/pagoi-kouzinas\\\/\"},{\"@type\":\"ListItem\",\"position\":4,\"name\":\"Exclusive\",\"item\":\"https:\\\/\\\/alfawood.gr\\\/category\\\/pagoi-kouzinas\\\/exclusive\\\/\"},{\"@type\":\"ListItem\",\"position\":5,\"name\":\"U 1027 Exclusive\"}]},{\"@type\":\"WebSite\",\"@id\":\"https:\\\/\\\/alfawood.gr\\\/#website\",\"url\":\"https:\\\/\\\/alfawood.gr\\\/\",\"name\":\"\u0395\u03c0\u03b9\u03c6\u03ac\u03bd\u03b5\u03b9\u03b5\u03c2 \u039c\u03b5\u03bb\u03b1\u03bc\u03af\u03bd\u03b7\u03c2 MDF \u039c\u03bf\u03c1\u03b9\u03bf\u03c3\u03b1\u03bd\u03af\u03b4\u03b1 \u03a0\u03ac\u03b3\u03ba\u03bf\u03b9 \u0394\u03ac\u03c0\u03b5\u03b4\u03b1 \u03a0\u03cc\u03c1\u03c4\u03b5\u03c2\",\"description\":\"\u0392\u03b9\u03bf\u03bc\u03b7\u03c7\u03b1\u03bd\u03af\u03b1 \u039e\u03cd\u03bb\u03bf\u03c5 Alfa Wood Group\",\"publisher\":{\"@id\":\"https:\\\/\\\/alfawood.gr\\\/#organization\"},\"alternateName\":\"Melamines - MDF - Laminate - Worktops\",\"potentialAction\":[{\"@type\":\"SearchAction\",\"target\":{\"@type\":\"EntryPoint\",\"urlTemplate\":\"https:\\\/\\\/alfawood.gr\\\/?s={search_term_string}\"},\"query-input\":{\"@type\":\"PropertyValueSpecification\",\"valueRequired\":true,\"valueName\":\"search_term_string\"}}],\"inLanguage\":\"sq\"},{\"@type\":\"Organization\",\"@id\":\"https:\\\/\\\/alfawood.gr\\\/#organization\",\"name\":\"Alfa Wood Group\",\"url\":\"https:\\\/\\\/alfawood.gr\\\/\",\"logo\":{\"@type\":\"ImageObject\",\"inLanguage\":\"sq\",\"@id\":\"https:\\\/\\\/alfawood.gr\\\/#\\\/schema\\\/logo\\\/image\\\/\",\"url\":\"https:\\\/\\\/alfawood.gr\\\/wp-content\\\/uploads\\\/2023\\\/02\\\/alfa-wood-logo-1.svg\",\"contentUrl\":\"https:\\\/\\\/alfawood.gr\\\/wp-content\\\/uploads\\\/2023\\\/02\\\/alfa-wood-logo-1.svg\",\"width\":305,\"height\":195,\"caption\":\"Alfa Wood Group\"},\"image\":{\"@id\":\"https:\\\/\\\/alfawood.gr\\\/#\\\/schema\\\/logo\\\/image\\\/\"},\"sameAs\":[\"https:\\\/\\\/www.facebook.com\\\/alfawood.group\",\"https:\\\/\\\/x.com\\\/ALFAWOODGROUP\",\"https:\\\/\\\/www.instagram.com\\\/alfawood.group\",\"https:\\\/\\\/www.youtube.com\\\/@alfawoodgroup\",\"https:\\\/\\\/www.tiktok.com\\\/@alfawood.group\",\"https:\\\/\\\/vimeo.com\\\/alfawood\",\"https:\\\/\\\/www.linkedin.com\\\/company\\\/alfawoodgroup\",\"https:\\\/\\\/www.pinterest.com\\\/alfawoodgroup\\\/\"]}]}<\/script>\n<!-- \/ Yoast SEO Premium plugin. -->","yoast_head_json":{"title":"F 6812 Ekskluzive 19mm - Sip\u00ebrfaqe melamine MDF banak\u00eb chipboard Dyer Dyer","robots":{"index":"index","follow":"follow","max-snippet":"max-snippet:-1","max-image-preview":"max-image-preview:large","max-video-preview":"max-video-preview:-1"},"canonical":"https:\/\/alfawood.gr\/sq\/produkt\/exclusive-u-1027","og_locale":"sq_AL","og_type":"article","og_title":"U 1027 Exclusive","og_description":"O \u03c0\u03ac\u03b3\u03ba\u03bf\u03c2 U 1027 \u03c4\u03b7\u03c2 \u03c3\u03c5\u03bb\u03bb\u03bf\u03b3\u03ae\u03c2 \u0395xclusive \u03c3\u03b5 \u03bb\u03b5\u03c5\u03ba\u03ae \u03b1\u03c0\u03cc\u03c7\u03c1\u03c9\u03c3\u03b7 \u03b5\u03bd\u03b1\u03c1\u03bc\u03bf\u03bd\u03af\u03b6\u03b5\u03c4\u03b5 \u03bc\u03b5 \u03c4\u03bf\u03c5\u03c2 \u03c4\u03b5\u03bb\u03b5\u03c5\u03c4\u03b1\u03af\u03bf\u03c5\u03c2 \u03c7\u03c1\u03c9\u03bc\u03b1\u03c4\u03b9\u03ba\u03bf\u03cd\u03c2 \u03c4\u03cc\u03bd\u03bf\u03c5\u03c2, \u03b1\u03ba\u03bf\u03bb\u03bf\u03c5\u03b8\u03ce\u03bd\u03c4\u03b1\u03c2 \u03c4\u03b9\u03c2 \u03c4\u03ac\u03c3\u03b5\u03b9\u03c2 \u03c5\u03c8\u03b7\u03bb\u03ae\u03c2 \u03b1\u03b9\u03c3\u03b8\u03b7\u03c4\u03b9\u03ba\u03ae\u03c2 \u03c3\u03c4\u03bf interior design. \u039f \u03bc\u03bf\u03bd\u03cc\u03c7\u03c1\u03c9\u03bc\u03bf\u03c2 \u03c0\u03ac\u03b3\u03ba\u03bf\u03c2 \u03ba\u03bf\u03c5\u03b6\u03af\u03bd\u03b1\u03c2 \u03c3\u03b5 \u03bc\u03b1\u03c4 \u03c5\u03c6\u03ae, \u03b5\u03af\u03bd\u03b1\u03b9 \u03b1\u03c0\u03cc \u03c4\u03bf\u03c5\u03c2 \u03c0\u03b9\u03bf \u03b4\u03b7\u03bc\u03bf\u03c6\u03b9\u03bb\u03ae\u03c2 \u03ba\u03b1\u03b9 \u03c0\u03b1\u03c1\u03ad\u03c7\u03b5\u03b9 \u03ad\u03bd\u03b1 \u03bc\u03bf\u03bd\u03c4\u03ad\u03c1\u03bd\u03bf \u03b1\u03c0\u03bf\u03c4\u03ad\u03bb\u03b5\u03c3\u03bc\u03b1.  \u039f \u03c4\u03c1\u03cc\u03c0\u03bf\u03c2 \u03bc\u03b5 \u03c4\u03bf\u03bd \u03bf\u03c0\u03bf\u03af\u03bf \u03c3\u03c5\u03bd\u03b4\u03c5\u03ac\u03b6\u03b5\u03c4\u03b1\u03b9 \u03b7 \u03b5\u03c0\u03b9\u03c6\u03ac\u03bd\u03b5\u03b9\u03b1 \u03bc\u03b5 \u03ac\u03bb\u03bb\u03b1 \u03c3\u03c4\u03bf\u03b9\u03c7\u03b5\u03af\u03b1, \u03cc\u03c0\u03c9\u03c2 \u03c0\u03cc\u03c1\u03c4\u03b5\u03c2 \u03ba\u03b1\u03b9 \u03c1\u03ac\u03c6\u03b9\u03b1, \u03c3\u03b1\u03c2 \u03b4\u03af\u03bd\u03b5\u03b9 \u03c4\u03b7 \u03b4\u03c5\u03bd\u03b1\u03c4\u03cc\u03c4\u03b7\u03c4\u03b1 \u03bd\u03b1 \u03b4\u03b7\u03bc\u03b9\u03bf\u03c5\u03c1\u03b3\u03ae\u03c3\u03b5\u03c4\u03b5 \u03c0\u03bf\u03bb\u03bb\u03bf\u03cd\u03c2 \u03c3\u03c5\u03bd\u03b4\u03c5\u03b1\u03c3\u03bc\u03bf\u03cd\u03c2.","og_url":"https:\/\/alfawood.gr\/sq\/produkt\/exclusive-u-1027","og_site_name":"\u0395\u03c0\u03b9\u03c6\u03ac\u03bd\u03b5\u03b9\u03b5\u03c2 \u039c\u03b5\u03bb\u03b1\u03bc\u03af\u03bd\u03b7\u03c2 MDF \u039c\u03bf\u03c1\u03b9\u03bf\u03c3\u03b1\u03bd\u03af\u03b4\u03b1 \u03a0\u03ac\u03b3\u03ba\u03bf\u03b9 \u0394\u03ac\u03c0\u03b5\u03b4\u03b1 \u03a0\u03cc\u03c1\u03c4\u03b5\u03c2","article_publisher":"https:\/\/www.facebook.com\/alfawood.group","article_modified_time":"2023-04-19T11:23:34+00:00","og_image":[{"width":1457,"height":2000,"url":"https:\/\/alfawood.gr\/wp-content\/uploads\/2023\/03\/1027U-1.jpg","type":"image\/jpeg"}],"twitter_card":"summary_large_image","twitter_site":"@ALFAWOODGROUP","twitter_misc":{"Est. reading time":"1 minut\u00eb"},"schema":{"@context":"https:\/\/schema.org","@graph":[{"@type":"WebPage","@id":"https:\/\/alfawood.gr\/en\/product\/exclusive-u-1027\/","url":"https:\/\/alfawood.gr\/en\/product\/exclusive-u-1027\/","name":"F 6812 Ekskluzive 19mm - Sip\u00ebrfaqe melamine MDF banak\u00eb chipboard Dyer Dyer","isPartOf":{"@id":"https:\/\/alfawood.gr\/#website"},"primaryImageOfPage":{"@id":"https:\/\/alfawood.gr\/en\/product\/exclusive-u-1027\/#primaryimage"},"image":{"@id":"https:\/\/alfawood.gr\/en\/product\/exclusive-u-1027\/#primaryimage"},"thumbnailUrl":"https:\/\/alfawood.gr\/wp-content\/uploads\/2023\/03\/1027U-1.jpg","datePublished":"2023-03-07T08:15:29+00:00","dateModified":"2023-04-19T11:23:34+00:00","breadcrumb":{"@id":"https:\/\/alfawood.gr\/en\/product\/exclusive-u-1027\/#breadcrumb"},"inLanguage":"sq","potentialAction":[{"@type":"ReadAction","target":["https:\/\/alfawood.gr\/en\/product\/exclusive-u-1027\/"]}]},{"@type":"ImageObject","inLanguage":"sq","@id":"https:\/\/alfawood.gr\/en\/product\/exclusive-u-1027\/#primaryimage","url":"https:\/\/alfawood.gr\/wp-content\/uploads\/2023\/03\/1027U-1.jpg","contentUrl":"https:\/\/alfawood.gr\/wp-content\/uploads\/2023\/03\/1027U-1.jpg","width":1457,"height":2000,"caption":"1027U-worktop"},{"@type":"BreadcrumbList","@id":"https:\/\/alfawood.gr\/en\/product\/exclusive-u-1027\/#breadcrumb","itemListElement":[{"@type":"ListItem","position":1,"name":"Home","item":"https:\/\/alfawood.gr\/"},{"@type":"ListItem","position":2,"name":"\u03a0\u03c1\u03bf\u03ca\u03cc\u03bd\u03c4\u03b1","item":"https:\/\/alfawood.gr\/proionta-wood\/"},{"@type":"ListItem","position":3,"name":"Alfa Tops - \u03a0\u03ac\u03b3\u03ba\u03bf\u03b9 \u039a\u03bf\u03c5\u03b6\u03af\u03bd\u03b1\u03c2","item":"https:\/\/alfawood.gr\/category\/pagoi-kouzinas\/"},{"@type":"ListItem","position":4,"name":"Exclusive","item":"https:\/\/alfawood.gr\/category\/pagoi-kouzinas\/exclusive\/"},{"@type":"ListItem","position":5,"name":"U 1027 Exclusive"}]},{"@type":"WebSite","@id":"https:\/\/alfawood.gr\/#website","url":"https:\/\/alfawood.gr\/","name":"Sip\u00ebrfaqe melamine MDF banak\u00eb p\u00ebr pllaka Dyer","description":"Alfa Wood Group Industria e drurit","publisher":{"@id":"https:\/\/alfawood.gr\/#organization"},"alternateName":"Melamines - MDF - Laminate - Worktops","potentialAction":[{"@type":"SearchAction","target":{"@type":"EntryPoint","urlTemplate":"https:\/\/alfawood.gr\/?s={search_term_string}"},"query-input":{"@type":"PropertyValueSpecification","valueRequired":true,"valueName":"search_term_string"}}],"inLanguage":"sq"},{"@type":"Organization","@id":"https:\/\/alfawood.gr\/#organization","name":"Alfa Wood Group","url":"https:\/\/alfawood.gr\/","logo":{"@type":"ImageObject","inLanguage":"sq","@id":"https:\/\/alfawood.gr\/#\/schema\/logo\/image\/","url":"https:\/\/alfawood.gr\/wp-content\/uploads\/2023\/02\/alfa-wood-logo-1.svg","contentUrl":"https:\/\/alfawood.gr\/wp-content\/uploads\/2023\/02\/alfa-wood-logo-1.svg","width":305,"height":195,"caption":"Alfa Wood Group"},"image":{"@id":"https:\/\/alfawood.gr\/#\/schema\/logo\/image\/"},"sameAs":["https:\/\/www.facebook.com\/alfawood.group","https:\/\/x.com\/ALFAWOODGROUP","https:\/\/www.instagram.com\/alfawood.group","https:\/\/www.youtube.com\/@alfawoodgroup","https:\/\/www.tiktok.com\/@alfawood.group","https:\/\/vimeo.com\/alfawood","https:\/\/www.linkedin.com\/company\/alfawoodgroup","https:\/\/www.pinterest.com\/alfawoodgroup\/"]}]}},"_links":{"self":[{"href":"https:\/\/alfawood.gr\/sq\/wp-json\/wp\/v2\/product\/15083","targetHints":{"allow":["GET"]}}],"collection":[{"href":"https:\/\/alfawood.gr\/sq\/wp-json\/wp\/v2\/product"}],"about":[{"href":"https:\/\/alfawood.gr\/sq\/wp-json\/wp\/v2\/types\/product"}],"version-history":[{"count":0,"href":"https:\/\/alfawood.gr\/sq\/wp-json\/wp\/v2\/product\/15083\/revisions"}],"wp:featuredmedia":[{"embeddable":true,"href":"https:\/\/alfawood.gr\/sq\/wp-json\/wp\/v2\/media\/19811"}],"wp:attachment":[{"href":"https:\/\/alfawood.gr\/sq\/wp-json\/wp\/v2\/media?parent=15083"}],"wp:term":[{"taxonomy":"product_brand","embeddable":true,"href":"https:\/\/alfawood.gr\/sq\/wp-json\/wp\/v2\/product_brand?post=15083"},{"taxonomy":"product_cat","embeddable":true,"href":"https:\/\/alfawood.gr\/sq\/wp-json\/wp\/v2\/product_cat?post=15083"},{"taxonomy":"product_tag","embeddable":true,"href":"https:\/\/alfawood.gr\/sq\/wp-json\/wp\/v2\/product_tag?post=15083"}],"curies":[{"name":"wp","href":"https:\/\/api.w.org\/{rel}","templated":true}]}}