{"id":15119,"date":"2023-03-07T08:16:14","date_gmt":"2023-03-07T08:16:14","guid":{"rendered":"https:\/\/alfawood.gr\/product\/fashion-cream-2902\/"},"modified":"2023-04-21T06:06:45","modified_gmt":"2023-04-21T06:06:45","slug":"fashion-cream-2902","status":"publish","type":"product","link":"https:\/\/alfawood.gr\/sq\/product\/fashion-cream-2902\/","title":{"rendered":"2902 Moda krem"},"content":{"rendered":"<p>T\u00eb <strong>dyert e brendshme<\/strong> prodhimit <strong>Alfa Wood Group<\/strong> Jan\u00eb me estetik\u00eb t\u00eb lart\u00eb dhe cil\u00ebsi t\u00eb shk\u00eblqyer nd\u00ebrtimi, n\u00eb dizajne moderne dhe klasike, si p\u00ebr ambiente banimi ashtu edhe p\u00ebr ato profesionale.<br \/>\n <br> <br><br \/>\nDyert e saj t\u00eb brendshme <strong>Alfa Wood Group<\/strong> prodhohen n\u00eb ambientet industriale t\u00eb grupit n\u00eb Larisa, me pajisje mekanike moderne dhe fleksib\u00ebl. Prodhon lloje t\u00eb ndryshme dyersh t\u00eb specifikimeve europiane si t\u00eb hapura, rr\u00ebshqit\u00ebse, t\u00eb zhytura, me mentesha (t\u00eb ndara) dhe me nj\u00eb mori propozimesh p\u00ebr sa i p\u00ebrket materialeve, ngjyrave dhe p\u00ebrfundimeve. Dyert jan\u00eb ideale p\u00ebr krijimin e hap\u00ebsirave unike q\u00eb nxjerrin stil, luks dhe cil\u00ebsi. <strong>ALFA INDOOR<strong>.<\/strong><br \/>\n<\/strong><br \/>\n <br> <br><br \/>\n<strong><a href=\"\/files\/catalogs\/ALFAINDOOR-BOOK-GR.pdf\" target=\"_blank\" rel=\"noopener\">Shkarkoni katalogun<\/a><\/strong><\/p>","protected":false},"excerpt":{"rendered":"","protected":false},"featured_media":15121,"template":"","meta":{"_acf_changed":false,"inline_featured_image":false,"cybocfi_hide_featured_image":""},"product_brand":[],"product_cat":[186,185,94],"product_tag":[],"class_list":{"0":"post-15119","1":"product","2":"type-product","3":"status-publish","4":"has-post-thumbnail","6":"product_cat-fashion","7":"product_cat-style-doors","8":"product_cat-esoterikes-portes","10":"first","11":"instock","12":"product-type-simple"},"acf":[],"yoast_head":"<!-- This site is optimized with the Yoast SEO Premium plugin v27.3 (Yoast SEO v27.3) - https:\/\/yoast.com\/product\/yoast-seo-premium-wordpress\/ -->\n<title>2902 Cream Fashion - \u0395\u03c0\u03b9\u03c6\u03ac\u03bd\u03b5\u03b9\u03b5\u03c2 \u039c\u03b5\u03bb\u03b1\u03bc\u03af\u03bd\u03b7\u03c2 MDF \u039c\u03bf\u03c1\u03b9\u03bf\u03c3\u03b1\u03bd\u03af\u03b4\u03b1 \u03a0\u03ac\u03b3\u03ba\u03bf\u03b9 \u0394\u03ac\u03c0\u03b5\u03b4\u03b1 \u03a0\u03cc\u03c1\u03c4\u03b5\u03c2<\/title>\n<meta name=\"robots\" content=\"index, follow, max-snippet:-1, max-image-preview:large, max-video-preview:-1\" \/>\n<link rel=\"canonical\" href=\"https:\/\/alfawood.gr\/sq\/produkt\/fashion-cream-2902\" \/>\n<meta property=\"og:locale\" content=\"sq_AL\" \/>\n<meta property=\"og:type\" content=\"article\" \/>\n<meta property=\"og:title\" content=\"2902 Cream Fashion\" \/>\n<meta property=\"og:url\" content=\"https:\/\/alfawood.gr\/sq\/produkt\/fashion-cream-2902\" \/>\n<meta property=\"og:site_name\" content=\"\u0395\u03c0\u03b9\u03c6\u03ac\u03bd\u03b5\u03b9\u03b5\u03c2 \u039c\u03b5\u03bb\u03b1\u03bc\u03af\u03bd\u03b7\u03c2 MDF \u039c\u03bf\u03c1\u03b9\u03bf\u03c3\u03b1\u03bd\u03af\u03b4\u03b1 \u03a0\u03ac\u03b3\u03ba\u03bf\u03b9 \u0394\u03ac\u03c0\u03b5\u03b4\u03b1 \u03a0\u03cc\u03c1\u03c4\u03b5\u03c2\" \/>\n<meta property=\"article:publisher\" content=\"https:\/\/www.facebook.com\/alfawood.group\" \/>\n<meta property=\"article:modified_time\" content=\"2023-04-21T06:06:45+00:00\" \/>\n<meta property=\"og:image\" content=\"https:\/\/alfawood.gr\/wp-content\/uploads\/2023\/03\/2902-1.jpg\" \/>\n\t<meta property=\"og:image:width\" content=\"446\" \/>\n\t<meta property=\"og:image:height\" content=\"1000\" \/>\n\t<meta property=\"og:image:type\" content=\"image\/jpeg\" \/>\n<meta name=\"twitter:card\" content=\"summary_large_image\" \/>\n<meta name=\"twitter:description\" content=\"[html_block id=&quot;20593&quot;]\" \/>\n<meta name=\"twitter:site\" content=\"@ALFAWOODGROUP\" \/>\n<meta name=\"twitter:label1\" content=\"Est. reading time\" \/>\n\t<meta name=\"twitter:data1\" content=\"1 minut\u00eb\" \/>\n<script type=\"application\/ld+json\" class=\"yoast-schema-graph\">{\"@context\":\"https:\\\/\\\/schema.org\",\"@graph\":[{\"@type\":\"WebPage\",\"@id\":\"https:\\\/\\\/alfawood.gr\\\/product\\\/fashion-cream-2902\\\/\",\"url\":\"https:\\\/\\\/alfawood.gr\\\/product\\\/fashion-cream-2902\\\/\",\"name\":\"2902 Cream Fashion - \u0395\u03c0\u03b9\u03c6\u03ac\u03bd\u03b5\u03b9\u03b5\u03c2 \u039c\u03b5\u03bb\u03b1\u03bc\u03af\u03bd\u03b7\u03c2 MDF \u039c\u03bf\u03c1\u03b9\u03bf\u03c3\u03b1\u03bd\u03af\u03b4\u03b1 \u03a0\u03ac\u03b3\u03ba\u03bf\u03b9 \u0394\u03ac\u03c0\u03b5\u03b4\u03b1 \u03a0\u03cc\u03c1\u03c4\u03b5\u03c2\",\"isPartOf\":{\"@id\":\"https:\\\/\\\/alfawood.gr\\\/#website\"},\"primaryImageOfPage\":{\"@id\":\"https:\\\/\\\/alfawood.gr\\\/product\\\/fashion-cream-2902\\\/#primaryimage\"},\"image\":{\"@id\":\"https:\\\/\\\/alfawood.gr\\\/product\\\/fashion-cream-2902\\\/#primaryimage\"},\"thumbnailUrl\":\"https:\\\/\\\/alfawood.gr\\\/wp-content\\\/uploads\\\/2023\\\/03\\\/2902-1.jpg\",\"datePublished\":\"2023-03-07T08:16:14+00:00\",\"dateModified\":\"2023-04-21T06:06:45+00:00\",\"breadcrumb\":{\"@id\":\"https:\\\/\\\/alfawood.gr\\\/product\\\/fashion-cream-2902\\\/#breadcrumb\"},\"inLanguage\":\"sq\",\"potentialAction\":[{\"@type\":\"ReadAction\",\"target\":[\"https:\\\/\\\/alfawood.gr\\\/product\\\/fashion-cream-2902\\\/\"]}]},{\"@type\":\"ImageObject\",\"inLanguage\":\"sq\",\"@id\":\"https:\\\/\\\/alfawood.gr\\\/product\\\/fashion-cream-2902\\\/#primaryimage\",\"url\":\"https:\\\/\\\/alfawood.gr\\\/wp-content\\\/uploads\\\/2023\\\/03\\\/2902-1.jpg\",\"contentUrl\":\"https:\\\/\\\/alfawood.gr\\\/wp-content\\\/uploads\\\/2023\\\/03\\\/2902-1.jpg\",\"width\":446,\"height\":1000,\"caption\":\"Fashion Cream 2902 - Uncategorized\"},{\"@type\":\"BreadcrumbList\",\"@id\":\"https:\\\/\\\/alfawood.gr\\\/product\\\/fashion-cream-2902\\\/#breadcrumb\",\"itemListElement\":[{\"@type\":\"ListItem\",\"position\":1,\"name\":\"Home\",\"item\":\"https:\\\/\\\/alfawood.gr\\\/\"},{\"@type\":\"ListItem\",\"position\":2,\"name\":\"\u03a0\u03c1\u03bf\u03ca\u03cc\u03bd\u03c4\u03b1\",\"item\":\"https:\\\/\\\/alfawood.gr\\\/proionta-wood\\\/\"},{\"@type\":\"ListItem\",\"position\":3,\"name\":\"\u0395\u03c3\u03c9\u03c4\u03b5\u03c1\u03b9\u03ba\u03ad\u03c2 \u03a0\u03cc\u03c1\u03c4\u03b5\u03c2 - Alfa in Door\",\"item\":\"https:\\\/\\\/alfawood.gr\\\/category\\\/esoterikes-portes\\\/\"},{\"@type\":\"ListItem\",\"position\":4,\"name\":\"Style Collection\",\"item\":\"https:\\\/\\\/alfawood.gr\\\/en\\\/category\\\/esoterikes-portes\\\/style-doors\\\/\"},{\"@type\":\"ListItem\",\"position\":5,\"name\":\"Fashion\",\"item\":\"https:\\\/\\\/alfawood.gr\\\/en\\\/category\\\/esoterikes-portes\\\/style-doors\\\/fashion\\\/\"},{\"@type\":\"ListItem\",\"position\":6,\"name\":\"2902 Cream Fashion\"}]},{\"@type\":\"WebSite\",\"@id\":\"https:\\\/\\\/alfawood.gr\\\/#website\",\"url\":\"https:\\\/\\\/alfawood.gr\\\/\",\"name\":\"\u0395\u03c0\u03b9\u03c6\u03ac\u03bd\u03b5\u03b9\u03b5\u03c2 \u039c\u03b5\u03bb\u03b1\u03bc\u03af\u03bd\u03b7\u03c2 MDF \u039c\u03bf\u03c1\u03b9\u03bf\u03c3\u03b1\u03bd\u03af\u03b4\u03b1 \u03a0\u03ac\u03b3\u03ba\u03bf\u03b9 \u0394\u03ac\u03c0\u03b5\u03b4\u03b1 \u03a0\u03cc\u03c1\u03c4\u03b5\u03c2\",\"description\":\"\u0392\u03b9\u03bf\u03bc\u03b7\u03c7\u03b1\u03bd\u03af\u03b1 \u039e\u03cd\u03bb\u03bf\u03c5 Alfa Wood Group\",\"publisher\":{\"@id\":\"https:\\\/\\\/alfawood.gr\\\/#organization\"},\"alternateName\":\"Melamines - MDF - Laminate - Worktops\",\"potentialAction\":[{\"@type\":\"SearchAction\",\"target\":{\"@type\":\"EntryPoint\",\"urlTemplate\":\"https:\\\/\\\/alfawood.gr\\\/?s={search_term_string}\"},\"query-input\":{\"@type\":\"PropertyValueSpecification\",\"valueRequired\":true,\"valueName\":\"search_term_string\"}}],\"inLanguage\":\"sq\"},{\"@type\":\"Organization\",\"@id\":\"https:\\\/\\\/alfawood.gr\\\/#organization\",\"name\":\"Alfa Wood Group\",\"url\":\"https:\\\/\\\/alfawood.gr\\\/\",\"logo\":{\"@type\":\"ImageObject\",\"inLanguage\":\"sq\",\"@id\":\"https:\\\/\\\/alfawood.gr\\\/#\\\/schema\\\/logo\\\/image\\\/\",\"url\":\"https:\\\/\\\/alfawood.gr\\\/wp-content\\\/uploads\\\/2023\\\/02\\\/alfa-wood-logo-1.svg\",\"contentUrl\":\"https:\\\/\\\/alfawood.gr\\\/wp-content\\\/uploads\\\/2023\\\/02\\\/alfa-wood-logo-1.svg\",\"width\":305,\"height\":195,\"caption\":\"Alfa Wood Group\"},\"image\":{\"@id\":\"https:\\\/\\\/alfawood.gr\\\/#\\\/schema\\\/logo\\\/image\\\/\"},\"sameAs\":[\"https:\\\/\\\/www.facebook.com\\\/alfawood.group\",\"https:\\\/\\\/x.com\\\/ALFAWOODGROUP\",\"https:\\\/\\\/www.instagram.com\\\/alfawood.group\",\"https:\\\/\\\/www.youtube.com\\\/@alfawoodgroup\",\"https:\\\/\\\/www.tiktok.com\\\/@alfawood.group\",\"https:\\\/\\\/vimeo.com\\\/alfawood\",\"https:\\\/\\\/www.linkedin.com\\\/company\\\/alfawoodgroup\",\"https:\\\/\\\/www.pinterest.com\\\/alfawoodgroup\\\/\"]}]}<\/script>\n<!-- \/ Yoast SEO Premium plugin. -->","yoast_head_json":{"title":"2902 Krem Moda - Sip\u00ebrfaqe melamine MDF Dyer mbi dysheme","robots":{"index":"index","follow":"follow","max-snippet":"max-snippet:-1","max-image-preview":"max-image-preview:large","max-video-preview":"max-video-preview:-1"},"canonical":"https:\/\/alfawood.gr\/sq\/produkt\/fashion-cream-2902","og_locale":"sq_AL","og_type":"article","og_title":"2902 Cream Fashion","og_url":"https:\/\/alfawood.gr\/sq\/produkt\/fashion-cream-2902","og_site_name":"\u0395\u03c0\u03b9\u03c6\u03ac\u03bd\u03b5\u03b9\u03b5\u03c2 \u039c\u03b5\u03bb\u03b1\u03bc\u03af\u03bd\u03b7\u03c2 MDF \u039c\u03bf\u03c1\u03b9\u03bf\u03c3\u03b1\u03bd\u03af\u03b4\u03b1 \u03a0\u03ac\u03b3\u03ba\u03bf\u03b9 \u0394\u03ac\u03c0\u03b5\u03b4\u03b1 \u03a0\u03cc\u03c1\u03c4\u03b5\u03c2","article_publisher":"https:\/\/www.facebook.com\/alfawood.group","article_modified_time":"2023-04-21T06:06:45+00:00","og_image":[{"width":446,"height":1000,"url":"https:\/\/alfawood.gr\/wp-content\/uploads\/2023\/03\/2902-1.jpg","type":"image\/jpeg"}],"twitter_card":"summary_large_image","twitter_description":"[html_block id=\"20593\"]","twitter_site":"@ALFAWOODGROUP","twitter_misc":{"Est. reading time":"1 minut\u00eb"},"schema":{"@context":"https:\/\/schema.org","@graph":[{"@type":"WebPage","@id":"https:\/\/alfawood.gr\/product\/fashion-cream-2902\/","url":"https:\/\/alfawood.gr\/product\/fashion-cream-2902\/","name":"2902 Krem Moda - Sip\u00ebrfaqe melamine MDF Dyer mbi dysheme","isPartOf":{"@id":"https:\/\/alfawood.gr\/#website"},"primaryImageOfPage":{"@id":"https:\/\/alfawood.gr\/product\/fashion-cream-2902\/#primaryimage"},"image":{"@id":"https:\/\/alfawood.gr\/product\/fashion-cream-2902\/#primaryimage"},"thumbnailUrl":"https:\/\/alfawood.gr\/wp-content\/uploads\/2023\/03\/2902-1.jpg","datePublished":"2023-03-07T08:16:14+00:00","dateModified":"2023-04-21T06:06:45+00:00","breadcrumb":{"@id":"https:\/\/alfawood.gr\/product\/fashion-cream-2902\/#breadcrumb"},"inLanguage":"sq","potentialAction":[{"@type":"ReadAction","target":["https:\/\/alfawood.gr\/product\/fashion-cream-2902\/"]}]},{"@type":"ImageObject","inLanguage":"sq","@id":"https:\/\/alfawood.gr\/product\/fashion-cream-2902\/#primaryimage","url":"https:\/\/alfawood.gr\/wp-content\/uploads\/2023\/03\/2902-1.jpg","contentUrl":"https:\/\/alfawood.gr\/wp-content\/uploads\/2023\/03\/2902-1.jpg","width":446,"height":1000,"caption":"Fashion Cream 2902 - Uncategorized"},{"@type":"BreadcrumbList","@id":"https:\/\/alfawood.gr\/product\/fashion-cream-2902\/#breadcrumb","itemListElement":[{"@type":"ListItem","position":1,"name":"Home","item":"https:\/\/alfawood.gr\/"},{"@type":"ListItem","position":2,"name":"\u03a0\u03c1\u03bf\u03ca\u03cc\u03bd\u03c4\u03b1","item":"https:\/\/alfawood.gr\/proionta-wood\/"},{"@type":"ListItem","position":3,"name":"\u0395\u03c3\u03c9\u03c4\u03b5\u03c1\u03b9\u03ba\u03ad\u03c2 \u03a0\u03cc\u03c1\u03c4\u03b5\u03c2 - Alfa in Door","item":"https:\/\/alfawood.gr\/category\/esoterikes-portes\/"},{"@type":"ListItem","position":4,"name":"Style Collection","item":"https:\/\/alfawood.gr\/en\/category\/esoterikes-portes\/style-doors\/"},{"@type":"ListItem","position":5,"name":"Fashion","item":"https:\/\/alfawood.gr\/en\/category\/esoterikes-portes\/style-doors\/fashion\/"},{"@type":"ListItem","position":6,"name":"2902 Cream Fashion"}]},{"@type":"WebSite","@id":"https:\/\/alfawood.gr\/#website","url":"https:\/\/alfawood.gr\/","name":"Sip\u00ebrfaqe melamine MDF banak\u00eb p\u00ebr pllaka Dyer","description":"Alfa Wood Group Industria e drurit","publisher":{"@id":"https:\/\/alfawood.gr\/#organization"},"alternateName":"Melamines - MDF - Laminate - Worktops","potentialAction":[{"@type":"SearchAction","target":{"@type":"EntryPoint","urlTemplate":"https:\/\/alfawood.gr\/?s={search_term_string}"},"query-input":{"@type":"PropertyValueSpecification","valueRequired":true,"valueName":"search_term_string"}}],"inLanguage":"sq"},{"@type":"Organization","@id":"https:\/\/alfawood.gr\/#organization","name":"Alfa Wood Group","url":"https:\/\/alfawood.gr\/","logo":{"@type":"ImageObject","inLanguage":"sq","@id":"https:\/\/alfawood.gr\/#\/schema\/logo\/image\/","url":"https:\/\/alfawood.gr\/wp-content\/uploads\/2023\/02\/alfa-wood-logo-1.svg","contentUrl":"https:\/\/alfawood.gr\/wp-content\/uploads\/2023\/02\/alfa-wood-logo-1.svg","width":305,"height":195,"caption":"Alfa Wood Group"},"image":{"@id":"https:\/\/alfawood.gr\/#\/schema\/logo\/image\/"},"sameAs":["https:\/\/www.facebook.com\/alfawood.group","https:\/\/x.com\/ALFAWOODGROUP","https:\/\/www.instagram.com\/alfawood.group","https:\/\/www.youtube.com\/@alfawoodgroup","https:\/\/www.tiktok.com\/@alfawood.group","https:\/\/vimeo.com\/alfawood","https:\/\/www.linkedin.com\/company\/alfawoodgroup","https:\/\/www.pinterest.com\/alfawoodgroup\/"]}]}},"_links":{"self":[{"href":"https:\/\/alfawood.gr\/sq\/wp-json\/wp\/v2\/product\/15119","targetHints":{"allow":["GET"]}}],"collection":[{"href":"https:\/\/alfawood.gr\/sq\/wp-json\/wp\/v2\/product"}],"about":[{"href":"https:\/\/alfawood.gr\/sq\/wp-json\/wp\/v2\/types\/product"}],"version-history":[{"count":0,"href":"https:\/\/alfawood.gr\/sq\/wp-json\/wp\/v2\/product\/15119\/revisions"}],"wp:featuredmedia":[{"embeddable":true,"href":"https:\/\/alfawood.gr\/sq\/wp-json\/wp\/v2\/media\/15121"}],"wp:attachment":[{"href":"https:\/\/alfawood.gr\/sq\/wp-json\/wp\/v2\/media?parent=15119"}],"wp:term":[{"taxonomy":"product_brand","embeddable":true,"href":"https:\/\/alfawood.gr\/sq\/wp-json\/wp\/v2\/product_brand?post=15119"},{"taxonomy":"product_cat","embeddable":true,"href":"https:\/\/alfawood.gr\/sq\/wp-json\/wp\/v2\/product_cat?post=15119"},{"taxonomy":"product_tag","embeddable":true,"href":"https:\/\/alfawood.gr\/sq\/wp-json\/wp\/v2\/product_tag?post=15119"}],"curies":[{"name":"wp","href":"https:\/\/api.w.org\/{rel}","templated":true}]}}