{"id":15172,"date":"2023-03-07T08:16:36","date_gmt":"2023-03-07T08:16:36","guid":{"rendered":"https:\/\/alfawood.gr\/product\/glass-cr-1\/"},"modified":"2026-03-04T15:43:06","modified_gmt":"2026-03-04T13:43:06","slug":"glass-cr-1","status":"publish","type":"product","link":"https:\/\/alfawood.gr\/sq\/product\/glass-cr-1\/","title":{"rendered":"Qelqi CR \u2013 1"},"content":{"rendered":"<p style=\"font-size: 22px;\"><strong>Der\u00eb xhami<\/strong> <span style=\"color: #ff0000;\"> CR-1<\/span><\/p>\n<p style=\"text-align: justify;\">P\u00ebr ndri\u00e7im m\u00eb t\u00eb madh n\u00eb hap\u00ebsir\u00ebn tuaj ose p\u00ebr hap\u00ebsirat ku d\u00ebshironi shikueshm\u00ebri nd\u00ebrmjet dhomave, mund t\u00eb zgjidhni dyer xhami.<br \/>\nKa nj\u00eb mori opsionesh n\u00eb lidhje me vendin ku do t\u00eb vendoset xhami.<br \/>\nE disponueshme n\u00eb t\u00eb gjitha llojet e dyerve t\u00eb sheshta.<\/p>\n<p><strong>Nd\u00ebrtimi i flet\u00ebs s\u00eb der\u00ebs<\/strong><\/p>\n<ul>\n<li>Struktura e b\u00ebr\u00eb nga druri i ngurt\u00eb i laminuar<\/li>\n<li>Paneli i brendsh\u00ebm i b\u00ebr\u00eb me korniz\u00eb druri i mbushur me &quot;huall mjalti&quot; q\u00eb thith z\u00ebrin<\/li>\n<li>Mbuluar nga t\u00eb dyja an\u00ebt me MDF 6 mm.<\/li>\n<li>Veshje sip\u00ebrfaq\u00ebsore me laminat, e l\u00ebmuar ose me pore<\/li>\n<\/ul>\n<p><strong>Nd\u00ebrtimi i korniz\u00ebs<\/strong><\/p>\n<ul>\n<li>B\u00ebr\u00eb nga bllokimi<\/li>\n<li>Trash\u00ebsia 44 mm<\/li>\n<li>Veshje sip\u00ebrfaq\u00ebsore me CPL (Laminat me presion t\u00eb vazhduesh\u00ebm)<\/li>\n<li>Gomat e p\u00ebrfshira<\/li>\n<li>Forma e korniz\u00ebs katrore<\/li>\n<\/ul>\n<p><strong>Pajisjet baz\u00eb<\/strong><\/p>\n<ul>\n<li>Mentesha me vid\u00eb (3 cop\u00eb)<\/li>\n<li>Bllokim i thjesht\u00eb<\/li>\n<li>7 kombinime ngjyrash<\/li>\n<\/ul>\n<p><strong>Pajisje opsionale<\/strong><\/p>\n<ul>\n<li>Mentesha e rregullueshme e dyfisht\u00eb (3 cop\u00eb)<\/li>\n<li>Bllokim magnetik<\/li>\n<li>Bllok sigurie \u2013 Drav Meroni \u2013 Brava banjo<\/li>\n<li>Korniza e dritares<\/li>\n<li>Shufra alumini<\/li>\n<li>Mbushje me panel izolues t\u00eb z\u00ebrit (28db)<\/li>\n<\/ul>\n<p><strong>Dimensionet<\/strong><\/p>\n<ul>\n<li><strong>Gjer\u00ebsia:<\/strong><br \/>\n63,3 cm \u2013 68,3 cm \u2013 73,3 cm \u2013 78,3 cm \u2013 83,3 cm \u2013 88,3 cm \u2013 93,3 cm \u2013 98,3 cm<\/li>\n<li><strong>Lart\u00ebsia:<\/strong><br \/>\nmaksimumi 217 cm<\/li>\n<\/ul>\n<div class=\"sheet33\"><\/div>","protected":false},"excerpt":{"rendered":"<p>\u03a0\u03cc\u03c1\u03c4\u03b1 \u039c\u03b5 \u03a4\u03b6\u03ac\u03bc\u03b9 CR-1 \u0393\u03b9\u03b1 \u03bc\u03b5\u03b3\u03b1\u03bb\u03cd\u03c4\u03b5\u03c1\u03b7 \u03c6\u03c9\u03c4\u03b5\u03b9\u03bd\u03cc\u03c4\u03b7\u03c4\u03b1 \u03c3\u03c4\u03bf\u03bd \u03c7\u03ce\u03c1\u03bf \u03c3\u03b1\u03c2 \u03ae \u03b3\u03b9\u03b1 \u03c7\u03ce\u03c1\u03bf\u03c5\u03c2 \u03c3\u03c4\u03bf\u03c5\u03c2 \u03bf\u03c0\u03bf\u03af\u03bf\u03c5\u03c2 \u03b8\u03ad\u03bb\u03b5\u03c4\u03b5 \u03bd\u03b1 \u03c5\u03c0\u03ac\u03c1\u03c7\u03b5\u03b9 \u03bf\u03c1\u03b1\u03c4\u03cc\u03c4\u03b7\u03c4\u03b1 \u03bc\u03b5\u03c4\u03b1\u03be\u03cd<\/p>","protected":false},"featured_media":15174,"template":"","meta":{"_acf_changed":false,"inline_featured_image":false,"cybocfi_hide_featured_image":""},"product_brand":[],"product_cat":[831,94],"product_tag":[],"class_list":{"0":"post-15172","1":"product","2":"type-product","3":"status-publish","4":"has-post-thumbnail","6":"product_cat-glass-doors","7":"product_cat-esoterikes-portes","9":"first","10":"instock","11":"product-type-simple"},"acf":[],"yoast_head":"<!-- This site is optimized with the Yoast SEO Premium plugin v27.3 (Yoast SEO v27.3) - https:\/\/yoast.com\/product\/yoast-seo-premium-wordpress\/ -->\n<title>Glass CR - 1 - \u0395\u03c0\u03b9\u03c6\u03ac\u03bd\u03b5\u03b9\u03b5\u03c2 \u039c\u03b5\u03bb\u03b1\u03bc\u03af\u03bd\u03b7\u03c2 MDF \u039c\u03bf\u03c1\u03b9\u03bf\u03c3\u03b1\u03bd\u03af\u03b4\u03b1 \u03a0\u03ac\u03b3\u03ba\u03bf\u03b9 \u0394\u03ac\u03c0\u03b5\u03b4\u03b1 \u03a0\u03cc\u03c1\u03c4\u03b5\u03c2<\/title>\n<meta name=\"robots\" content=\"index, follow, max-snippet:-1, max-image-preview:large, max-video-preview:-1\" \/>\n<link rel=\"canonical\" href=\"https:\/\/alfawood.gr\/sq\/produkt\/glass-cr-1\" \/>\n<meta property=\"og:locale\" content=\"sq_AL\" \/>\n<meta property=\"og:type\" content=\"article\" \/>\n<meta property=\"og:title\" content=\"Glass CR - 1\" \/>\n<meta property=\"og:description\" content=\"\u03a0\u03cc\u03c1\u03c4\u03b1 \u039c\u03b5 \u03a4\u03b6\u03ac\u03bc\u03b9 CR-1 \u0393\u03b9\u03b1 \u03bc\u03b5\u03b3\u03b1\u03bb\u03cd\u03c4\u03b5\u03c1\u03b7 \u03c6\u03c9\u03c4\u03b5\u03b9\u03bd\u03cc\u03c4\u03b7\u03c4\u03b1 \u03c3\u03c4\u03bf\u03bd \u03c7\u03ce\u03c1\u03bf \u03c3\u03b1\u03c2 \u03ae \u03b3\u03b9\u03b1 \u03c7\u03ce\u03c1\u03bf\u03c5\u03c2 \u03c3\u03c4\u03bf\u03c5\u03c2 \u03bf\u03c0\u03bf\u03af\u03bf\u03c5\u03c2 \u03b8\u03ad\u03bb\u03b5\u03c4\u03b5 \u03bd\u03b1 \u03c5\u03c0\u03ac\u03c1\u03c7\u03b5\u03b9 \u03bf\u03c1\u03b1\u03c4\u03cc\u03c4\u03b7\u03c4\u03b1 \u03bc\u03b5\u03c4\u03b1\u03be\u03cd\" \/>\n<meta property=\"og:url\" content=\"https:\/\/alfawood.gr\/sq\/produkt\/glass-cr-1\" \/>\n<meta property=\"og:site_name\" content=\"\u0395\u03c0\u03b9\u03c6\u03ac\u03bd\u03b5\u03b9\u03b5\u03c2 \u039c\u03b5\u03bb\u03b1\u03bc\u03af\u03bd\u03b7\u03c2 MDF \u039c\u03bf\u03c1\u03b9\u03bf\u03c3\u03b1\u03bd\u03af\u03b4\u03b1 \u03a0\u03ac\u03b3\u03ba\u03bf\u03b9 \u0394\u03ac\u03c0\u03b5\u03b4\u03b1 \u03a0\u03cc\u03c1\u03c4\u03b5\u03c2\" \/>\n<meta property=\"article:publisher\" content=\"https:\/\/www.facebook.com\/alfawood.group\" \/>\n<meta property=\"article:modified_time\" content=\"2026-03-04T13:43:06+00:00\" \/>\n<meta property=\"og:image\" content=\"https:\/\/alfawood.gr\/wp-content\/uploads\/2023\/03\/GLASS1-scaled.png\" \/>\n\t<meta property=\"og:image:width\" content=\"1142\" \/>\n\t<meta property=\"og:image:height\" content=\"2560\" \/>\n\t<meta property=\"og:image:type\" content=\"image\/png\" \/>\n<meta name=\"twitter:card\" content=\"summary_large_image\" \/>\n<meta name=\"twitter:site\" content=\"@ALFAWOODGROUP\" \/>\n<meta name=\"twitter:label1\" content=\"Est. reading time\" \/>\n\t<meta name=\"twitter:data1\" content=\"1 minut\u00eb\" \/>\n<script type=\"application\/ld+json\" class=\"yoast-schema-graph\">{\"@context\":\"https:\\\/\\\/schema.org\",\"@graph\":[{\"@type\":\"WebPage\",\"@id\":\"https:\\\/\\\/alfawood.gr\\\/product\\\/glass-cr-1\\\/\",\"url\":\"https:\\\/\\\/alfawood.gr\\\/product\\\/glass-cr-1\\\/\",\"name\":\"Glass CR - 1 - \u0395\u03c0\u03b9\u03c6\u03ac\u03bd\u03b5\u03b9\u03b5\u03c2 \u039c\u03b5\u03bb\u03b1\u03bc\u03af\u03bd\u03b7\u03c2 MDF \u039c\u03bf\u03c1\u03b9\u03bf\u03c3\u03b1\u03bd\u03af\u03b4\u03b1 \u03a0\u03ac\u03b3\u03ba\u03bf\u03b9 \u0394\u03ac\u03c0\u03b5\u03b4\u03b1 \u03a0\u03cc\u03c1\u03c4\u03b5\u03c2\",\"isPartOf\":{\"@id\":\"https:\\\/\\\/alfawood.gr\\\/#website\"},\"primaryImageOfPage\":{\"@id\":\"https:\\\/\\\/alfawood.gr\\\/product\\\/glass-cr-1\\\/#primaryimage\"},\"image\":{\"@id\":\"https:\\\/\\\/alfawood.gr\\\/product\\\/glass-cr-1\\\/#primaryimage\"},\"thumbnailUrl\":\"https:\\\/\\\/alfawood.gr\\\/wp-content\\\/uploads\\\/2023\\\/03\\\/GLASS1-scaled.png\",\"datePublished\":\"2023-03-07T08:16:36+00:00\",\"dateModified\":\"2026-03-04T13:43:06+00:00\",\"breadcrumb\":{\"@id\":\"https:\\\/\\\/alfawood.gr\\\/product\\\/glass-cr-1\\\/#breadcrumb\"},\"inLanguage\":\"sq\",\"potentialAction\":[{\"@type\":\"ReadAction\",\"target\":[\"https:\\\/\\\/alfawood.gr\\\/product\\\/glass-cr-1\\\/\"]}]},{\"@type\":\"ImageObject\",\"inLanguage\":\"sq\",\"@id\":\"https:\\\/\\\/alfawood.gr\\\/product\\\/glass-cr-1\\\/#primaryimage\",\"url\":\"https:\\\/\\\/alfawood.gr\\\/wp-content\\\/uploads\\\/2023\\\/03\\\/GLASS1-scaled.png\",\"contentUrl\":\"https:\\\/\\\/alfawood.gr\\\/wp-content\\\/uploads\\\/2023\\\/03\\\/GLASS1-scaled.png\",\"width\":1142,\"height\":2560,\"caption\":\"Glass CR - 1 - Alfa Indoor \u0395\u03c3\u03c9\u03c4\u03b5\u03c1\u03b9\u03ba\u03ad\u03c2 \u03a0\u03cc\u03c1\u03c4\u03b5\u03c2\"},{\"@type\":\"BreadcrumbList\",\"@id\":\"https:\\\/\\\/alfawood.gr\\\/product\\\/glass-cr-1\\\/#breadcrumb\",\"itemListElement\":[{\"@type\":\"ListItem\",\"position\":1,\"name\":\"Home\",\"item\":\"https:\\\/\\\/alfawood.gr\\\/\"},{\"@type\":\"ListItem\",\"position\":2,\"name\":\"\u03a0\u03c1\u03bf\u03ca\u03cc\u03bd\u03c4\u03b1\",\"item\":\"https:\\\/\\\/alfawood.gr\\\/proionta-wood\\\/\"},{\"@type\":\"ListItem\",\"position\":3,\"name\":\"\u0395\u03c3\u03c9\u03c4\u03b5\u03c1\u03b9\u03ba\u03ad\u03c2 \u03a0\u03cc\u03c1\u03c4\u03b5\u03c2 - Alfa in Door\",\"item\":\"https:\\\/\\\/alfawood.gr\\\/category\\\/esoterikes-portes\\\/\"},{\"@type\":\"ListItem\",\"position\":4,\"name\":\"Glass CR &#8211; 1\"}]},{\"@type\":\"WebSite\",\"@id\":\"https:\\\/\\\/alfawood.gr\\\/#website\",\"url\":\"https:\\\/\\\/alfawood.gr\\\/\",\"name\":\"\u0395\u03c0\u03b9\u03c6\u03ac\u03bd\u03b5\u03b9\u03b5\u03c2 \u039c\u03b5\u03bb\u03b1\u03bc\u03af\u03bd\u03b7\u03c2 MDF \u039c\u03bf\u03c1\u03b9\u03bf\u03c3\u03b1\u03bd\u03af\u03b4\u03b1 \u03a0\u03ac\u03b3\u03ba\u03bf\u03b9 \u0394\u03ac\u03c0\u03b5\u03b4\u03b1 \u03a0\u03cc\u03c1\u03c4\u03b5\u03c2\",\"description\":\"\u0392\u03b9\u03bf\u03bc\u03b7\u03c7\u03b1\u03bd\u03af\u03b1 \u039e\u03cd\u03bb\u03bf\u03c5 Alfa Wood Group\",\"publisher\":{\"@id\":\"https:\\\/\\\/alfawood.gr\\\/#organization\"},\"alternateName\":\"Melamines - MDF - Laminate - Worktops\",\"potentialAction\":[{\"@type\":\"SearchAction\",\"target\":{\"@type\":\"EntryPoint\",\"urlTemplate\":\"https:\\\/\\\/alfawood.gr\\\/?s={search_term_string}\"},\"query-input\":{\"@type\":\"PropertyValueSpecification\",\"valueRequired\":true,\"valueName\":\"search_term_string\"}}],\"inLanguage\":\"sq\"},{\"@type\":\"Organization\",\"@id\":\"https:\\\/\\\/alfawood.gr\\\/#organization\",\"name\":\"Alfa Wood Group\",\"url\":\"https:\\\/\\\/alfawood.gr\\\/\",\"logo\":{\"@type\":\"ImageObject\",\"inLanguage\":\"sq\",\"@id\":\"https:\\\/\\\/alfawood.gr\\\/#\\\/schema\\\/logo\\\/image\\\/\",\"url\":\"https:\\\/\\\/alfawood.gr\\\/wp-content\\\/uploads\\\/2023\\\/02\\\/alfa-wood-logo-1.svg\",\"contentUrl\":\"https:\\\/\\\/alfawood.gr\\\/wp-content\\\/uploads\\\/2023\\\/02\\\/alfa-wood-logo-1.svg\",\"width\":305,\"height\":195,\"caption\":\"Alfa Wood Group\"},\"image\":{\"@id\":\"https:\\\/\\\/alfawood.gr\\\/#\\\/schema\\\/logo\\\/image\\\/\"},\"sameAs\":[\"https:\\\/\\\/www.facebook.com\\\/alfawood.group\",\"https:\\\/\\\/x.com\\\/ALFAWOODGROUP\",\"https:\\\/\\\/www.instagram.com\\\/alfawood.group\",\"https:\\\/\\\/www.youtube.com\\\/@alfawoodgroup\",\"https:\\\/\\\/www.tiktok.com\\\/@alfawood.group\",\"https:\\\/\\\/vimeo.com\\\/alfawood\",\"https:\\\/\\\/www.linkedin.com\\\/company\\\/alfawoodgroup\",\"https:\\\/\\\/www.pinterest.com\\\/alfawoodgroup\\\/\"]}]}<\/script>\n<!-- \/ Yoast SEO Premium plugin. -->","yoast_head_json":{"title":"Glass CR - 1 - \u0395\u03c0\u03b9\u03c6\u03ac\u03bd\u03b5\u03b9\u03b5\u03c2 \u039c\u03b5\u03bb\u03b1\u03bc\u03af\u03bd\u03b7\u03c2 MDF \u039c\u03bf\u03c1\u03b9\u03bf\u03c3\u03b1\u03bd\u03af\u03b4\u03b1 \u03a0\u03ac\u03b3\u03ba\u03bf\u03b9 \u0394\u03ac\u03c0\u03b5\u03b4\u03b1 \u03a0\u03cc\u03c1\u03c4\u03b5\u03c2","robots":{"index":"index","follow":"follow","max-snippet":"max-snippet:-1","max-image-preview":"max-image-preview:large","max-video-preview":"max-video-preview:-1"},"canonical":"https:\/\/alfawood.gr\/sq\/produkt\/glass-cr-1","og_locale":"sq_AL","og_type":"article","og_title":"Glass CR - 1","og_description":"\u03a0\u03cc\u03c1\u03c4\u03b1 \u039c\u03b5 \u03a4\u03b6\u03ac\u03bc\u03b9 CR-1 \u0393\u03b9\u03b1 \u03bc\u03b5\u03b3\u03b1\u03bb\u03cd\u03c4\u03b5\u03c1\u03b7 \u03c6\u03c9\u03c4\u03b5\u03b9\u03bd\u03cc\u03c4\u03b7\u03c4\u03b1 \u03c3\u03c4\u03bf\u03bd \u03c7\u03ce\u03c1\u03bf \u03c3\u03b1\u03c2 \u03ae \u03b3\u03b9\u03b1 \u03c7\u03ce\u03c1\u03bf\u03c5\u03c2 \u03c3\u03c4\u03bf\u03c5\u03c2 \u03bf\u03c0\u03bf\u03af\u03bf\u03c5\u03c2 \u03b8\u03ad\u03bb\u03b5\u03c4\u03b5 \u03bd\u03b1 \u03c5\u03c0\u03ac\u03c1\u03c7\u03b5\u03b9 \u03bf\u03c1\u03b1\u03c4\u03cc\u03c4\u03b7\u03c4\u03b1 \u03bc\u03b5\u03c4\u03b1\u03be\u03cd","og_url":"https:\/\/alfawood.gr\/sq\/produkt\/glass-cr-1","og_site_name":"\u0395\u03c0\u03b9\u03c6\u03ac\u03bd\u03b5\u03b9\u03b5\u03c2 \u039c\u03b5\u03bb\u03b1\u03bc\u03af\u03bd\u03b7\u03c2 MDF \u039c\u03bf\u03c1\u03b9\u03bf\u03c3\u03b1\u03bd\u03af\u03b4\u03b1 \u03a0\u03ac\u03b3\u03ba\u03bf\u03b9 \u0394\u03ac\u03c0\u03b5\u03b4\u03b1 \u03a0\u03cc\u03c1\u03c4\u03b5\u03c2","article_publisher":"https:\/\/www.facebook.com\/alfawood.group","article_modified_time":"2026-03-04T13:43:06+00:00","og_image":[{"width":1142,"height":2560,"url":"https:\/\/alfawood.gr\/wp-content\/uploads\/2023\/03\/GLASS1-scaled.png","type":"image\/png"}],"twitter_card":"summary_large_image","twitter_site":"@ALFAWOODGROUP","twitter_misc":{"Est. reading time":"1 minut\u00eb"},"schema":{"@context":"https:\/\/schema.org","@graph":[{"@type":"WebPage","@id":"https:\/\/alfawood.gr\/product\/glass-cr-1\/","url":"https:\/\/alfawood.gr\/product\/glass-cr-1\/","name":"Glass CR - 1 - \u0395\u03c0\u03b9\u03c6\u03ac\u03bd\u03b5\u03b9\u03b5\u03c2 \u039c\u03b5\u03bb\u03b1\u03bc\u03af\u03bd\u03b7\u03c2 MDF \u039c\u03bf\u03c1\u03b9\u03bf\u03c3\u03b1\u03bd\u03af\u03b4\u03b1 \u03a0\u03ac\u03b3\u03ba\u03bf\u03b9 \u0394\u03ac\u03c0\u03b5\u03b4\u03b1 \u03a0\u03cc\u03c1\u03c4\u03b5\u03c2","isPartOf":{"@id":"https:\/\/alfawood.gr\/#website"},"primaryImageOfPage":{"@id":"https:\/\/alfawood.gr\/product\/glass-cr-1\/#primaryimage"},"image":{"@id":"https:\/\/alfawood.gr\/product\/glass-cr-1\/#primaryimage"},"thumbnailUrl":"https:\/\/alfawood.gr\/wp-content\/uploads\/2023\/03\/GLASS1-scaled.png","datePublished":"2023-03-07T08:16:36+00:00","dateModified":"2026-03-04T13:43:06+00:00","breadcrumb":{"@id":"https:\/\/alfawood.gr\/product\/glass-cr-1\/#breadcrumb"},"inLanguage":"sq","potentialAction":[{"@type":"ReadAction","target":["https:\/\/alfawood.gr\/product\/glass-cr-1\/"]}]},{"@type":"ImageObject","inLanguage":"sq","@id":"https:\/\/alfawood.gr\/product\/glass-cr-1\/#primaryimage","url":"https:\/\/alfawood.gr\/wp-content\/uploads\/2023\/03\/GLASS1-scaled.png","contentUrl":"https:\/\/alfawood.gr\/wp-content\/uploads\/2023\/03\/GLASS1-scaled.png","width":1142,"height":2560,"caption":"Glass CR - 1 - Alfa Indoor \u0395\u03c3\u03c9\u03c4\u03b5\u03c1\u03b9\u03ba\u03ad\u03c2 \u03a0\u03cc\u03c1\u03c4\u03b5\u03c2"},{"@type":"BreadcrumbList","@id":"https:\/\/alfawood.gr\/product\/glass-cr-1\/#breadcrumb","itemListElement":[{"@type":"ListItem","position":1,"name":"Home","item":"https:\/\/alfawood.gr\/"},{"@type":"ListItem","position":2,"name":"\u03a0\u03c1\u03bf\u03ca\u03cc\u03bd\u03c4\u03b1","item":"https:\/\/alfawood.gr\/proionta-wood\/"},{"@type":"ListItem","position":3,"name":"\u0395\u03c3\u03c9\u03c4\u03b5\u03c1\u03b9\u03ba\u03ad\u03c2 \u03a0\u03cc\u03c1\u03c4\u03b5\u03c2 - Alfa in Door","item":"https:\/\/alfawood.gr\/category\/esoterikes-portes\/"},{"@type":"ListItem","position":4,"name":"Glass CR &#8211; 1"}]},{"@type":"WebSite","@id":"https:\/\/alfawood.gr\/#website","url":"https:\/\/alfawood.gr\/","name":"Sip\u00ebrfaqe melamine MDF banak\u00eb p\u00ebr pllaka Dyer","description":"Alfa Wood Group Industria e drurit","publisher":{"@id":"https:\/\/alfawood.gr\/#organization"},"alternateName":"Melamines - MDF - Laminate - Worktops","potentialAction":[{"@type":"SearchAction","target":{"@type":"EntryPoint","urlTemplate":"https:\/\/alfawood.gr\/?s={search_term_string}"},"query-input":{"@type":"PropertyValueSpecification","valueRequired":true,"valueName":"search_term_string"}}],"inLanguage":"sq"},{"@type":"Organization","@id":"https:\/\/alfawood.gr\/#organization","name":"Alfa Wood Group","url":"https:\/\/alfawood.gr\/","logo":{"@type":"ImageObject","inLanguage":"sq","@id":"https:\/\/alfawood.gr\/#\/schema\/logo\/image\/","url":"https:\/\/alfawood.gr\/wp-content\/uploads\/2023\/02\/alfa-wood-logo-1.svg","contentUrl":"https:\/\/alfawood.gr\/wp-content\/uploads\/2023\/02\/alfa-wood-logo-1.svg","width":305,"height":195,"caption":"Alfa Wood Group"},"image":{"@id":"https:\/\/alfawood.gr\/#\/schema\/logo\/image\/"},"sameAs":["https:\/\/www.facebook.com\/alfawood.group","https:\/\/x.com\/ALFAWOODGROUP","https:\/\/www.instagram.com\/alfawood.group","https:\/\/www.youtube.com\/@alfawoodgroup","https:\/\/www.tiktok.com\/@alfawood.group","https:\/\/vimeo.com\/alfawood","https:\/\/www.linkedin.com\/company\/alfawoodgroup","https:\/\/www.pinterest.com\/alfawoodgroup\/"]}]}},"_links":{"self":[{"href":"https:\/\/alfawood.gr\/sq\/wp-json\/wp\/v2\/product\/15172","targetHints":{"allow":["GET"]}}],"collection":[{"href":"https:\/\/alfawood.gr\/sq\/wp-json\/wp\/v2\/product"}],"about":[{"href":"https:\/\/alfawood.gr\/sq\/wp-json\/wp\/v2\/types\/product"}],"version-history":[{"count":1,"href":"https:\/\/alfawood.gr\/sq\/wp-json\/wp\/v2\/product\/15172\/revisions"}],"predecessor-version":[{"id":28665,"href":"https:\/\/alfawood.gr\/sq\/wp-json\/wp\/v2\/product\/15172\/revisions\/28665"}],"wp:featuredmedia":[{"embeddable":true,"href":"https:\/\/alfawood.gr\/sq\/wp-json\/wp\/v2\/media\/15174"}],"wp:attachment":[{"href":"https:\/\/alfawood.gr\/sq\/wp-json\/wp\/v2\/media?parent=15172"}],"wp:term":[{"taxonomy":"product_brand","embeddable":true,"href":"https:\/\/alfawood.gr\/sq\/wp-json\/wp\/v2\/product_brand?post=15172"},{"taxonomy":"product_cat","embeddable":true,"href":"https:\/\/alfawood.gr\/sq\/wp-json\/wp\/v2\/product_cat?post=15172"},{"taxonomy":"product_tag","embeddable":true,"href":"https:\/\/alfawood.gr\/sq\/wp-json\/wp\/v2\/product_tag?post=15172"}],"curies":[{"name":"wp","href":"https:\/\/api.w.org\/{rel}","templated":true}]}}