{"id":15208,"date":"2023-03-07T08:17:50","date_gmt":"2023-03-07T08:17:50","guid":{"rendered":"https:\/\/alfawood.gr\/product\/harmony-ash\/"},"modified":"2024-10-10T14:25:28","modified_gmt":"2024-10-10T12:25:28","slug":"ash-acoustic","status":"publish","type":"product","link":"https:\/\/alfawood.gr\/sq\/product\/ash-acoustic\/","title":{"rendered":"Ash \u2013 Akustik"},"content":{"rendered":"<p>T\u00eb <strong>panele akustike<\/strong>\u00a0jan\u00eb panele dekorative muri dhe tavani t\u00eb dizajnuara bukur me shirita druri, t\u00eb cil\u00ebt kan\u00eb veti akustike cil\u00ebsore. Ata kan\u00eb aft\u00ebsin\u00eb p\u00ebr t\u00eb p\u00ebrmir\u00ebsuar cil\u00ebsin\u00eb e z\u00ebrit dhe akustik\u00ebs brenda nj\u00eb hap\u00ebsire. Sip\u00ebrfaqet e forta si guri, qelqi ose metali reflektojn\u00eb z\u00ebrin dhe rrisin nivelet e zhurm\u00ebs. Panelet akustike Alfa Sonic dallohen, sepse ofrojn\u00eb thithje t\u00eb madhe t\u00eb z\u00ebrit dhe reduktim t\u00eb reverberimit, nd\u00ebrkoh\u00eb q\u00eb kan\u00eb estetik\u00eb t\u00eb shk\u00eblqyer.<\/p>\n<p>Ato prej druri <strong>panele akustike<\/strong> \u00ebsht\u00eb tendenca m\u00eb e madhe p\u00ebr momentin n\u00eb veshjet e mureve. Ato japin nj\u00eb stil t\u00eb ve\u00e7ant\u00eb dhe pamje moderne, duke e p\u00ebrmir\u00ebsuar hap\u00ebsir\u00ebn dhe duke i dh\u00ebn\u00eb asaj nj\u00eb karakter tjet\u00ebr, ngroht\u00ebsi dhe ndjenj\u00eb relaksi. Ato mund t\u00eb aplikohen n\u00eb sip\u00ebrfaqe t\u00eb ndryshme, t\u00eb vogla apo t\u00eb m\u00ebdha, si mure, d\u00ebrrasa krevati dhe mobilje, n\u00eb zona banimi ose komerciale. Kan\u00eb nj\u00eb stil modern dhe t\u00eb personalizuar n\u00eb \u00e7do m\u00ebnyr\u00eb dhe nj\u00eb cil\u00ebsi luksoze rimeso druri.<\/p>\n<p>T\u00eb <strong>Panele akustike Alfa Sonic<\/strong> ato mund t\u00eb aplikohen leht\u00ebsisht n\u00eb mure dhe tavane, qoft\u00eb p\u00ebr p\u00ebrdorim sht\u00ebpiak apo komercial. Ato p\u00ebrdoren gjer\u00ebsisht n\u00eb salla koncertesh dhe muzikore, teatro, qendra konventash. Instalimi i tyre i leht\u00eb dhe i thjesht\u00eb lejon q\u00eb \u00e7do hap\u00ebsir\u00eb t\u00eb transformohet shpejt. Jan\u00eb t\u00eb q\u00ebndrueshme, me jet\u00ebgjat\u00ebsi.<\/p>\n<p>Panelet thith\u00ebse t\u00eb tingullit me pamje druri jan\u00eb b\u00ebr\u00eb nga MDF dhe veshje me rimeso 10 mm dhe jan\u00eb montuar n\u00eb panele poliesteri t\u00eb zi 12 mm. Jan\u00eb t\u00eb disponueshme n\u00eb nuancat e lisit, despotaki dhe arre, me <strong>dimensionet 2400 x 600 x 22 (mm) dhe 3000 x 600 x 22 (mm).<\/strong><\/p>\n<p><strong><a href=\"\/files\/catalogs\/ALFASURFACES-BOOK-GR.pdf\" target=\"_blank\" rel=\"noopener\">Shkarkoni katalogun<\/a><\/strong><\/p>","protected":false},"excerpt":{"rendered":"<p>Panele dekorative akustike n\u00eb MDF me veshje rimeso 10 mm, t\u00eb montuara n\u00eb panele poliesteri t\u00eb zi 12 mm.<\/p>\n<p>T\u00eb <strong>panele akustike<\/strong> e ALFA WOOD GROUP \u00ebsht\u00eb <strong>panele q\u00eb thithin z\u00ebrin <\/strong>vendosur n\u00eb mure ose tavane p\u00ebr t\u00eb reduktuar zhurm\u00ebn dhe p\u00ebr t\u00eb eliminuar jehon\u00ebn n\u00eb nj\u00eb dhom\u00eb. Q\u00ebllimi kryesor i paneleve akustike \u00ebsht\u00eb t\u00eb p\u00ebrmir\u00ebsojn\u00eb vetit\u00eb e z\u00ebrit duke p\u00ebrmir\u00ebsuar cil\u00ebsin\u00eb e tij. Thithja e z\u00ebrit \u00ebsht\u00eb e ndryshme nga izolimi i z\u00ebrit, i cili p\u00ebrdoret p\u00ebr t\u00eb reduktuar z\u00ebrin nga nj\u00eb dhom\u00eb.<\/p>\n<p>Ato p\u00ebrdoren n\u00eb studio regjistrimi, kinema, restorante, klube nate, kisha etj.<\/p>","protected":false},"featured_media":20964,"template":"","meta":{"_acf_changed":false,"inline_featured_image":false,"cybocfi_hide_featured_image":""},"product_brand":[],"product_cat":[116,847],"product_tag":[],"class_list":{"0":"post-15208","1":"product","2":"type-product","3":"status-publish","4":"has-post-thumbnail","6":"product_cat-acoustic-panel","7":"product_cat-diakosmiseis-toixon-ksylo","9":"first","10":"instock","11":"product-type-simple"},"acf":[],"yoast_head":"<!-- This site is optimized with the Yoast SEO Premium plugin v27.3 (Yoast SEO v27.3) - https:\/\/yoast.com\/product\/yoast-seo-premium-wordpress\/ -->\n<title>Ash - Acoustic - \u0395\u03c0\u03b9\u03c6\u03ac\u03bd\u03b5\u03b9\u03b5\u03c2 \u039c\u03b5\u03bb\u03b1\u03bc\u03af\u03bd\u03b7\u03c2 MDF \u039c\u03bf\u03c1\u03b9\u03bf\u03c3\u03b1\u03bd\u03af\u03b4\u03b1 \u03a0\u03ac\u03b3\u03ba\u03bf\u03b9 \u0394\u03ac\u03c0\u03b5\u03b4\u03b1 \u03a0\u03cc\u03c1\u03c4\u03b5\u03c2<\/title>\n<meta name=\"robots\" content=\"index, follow, max-snippet:-1, max-image-preview:large, max-video-preview:-1\" \/>\n<link rel=\"canonical\" href=\"https:\/\/alfawood.gr\/sq\/produkt\/ash-acoustic\" \/>\n<meta property=\"og:locale\" content=\"sq_AL\" \/>\n<meta property=\"og:type\" content=\"article\" \/>\n<meta property=\"og:title\" content=\"Ash - Acoustic\" \/>\n<meta property=\"og:description\" content=\"A\u03ba\u03bf\u03c5\u03c3\u03c4\u03b9\u03ba\u03ac\u00a0 \u03b4\u03b9\u03b1\u03ba\u03bf\u03c3\u03bc\u03b7\u03c4\u03b9\u03ba\u03ac\u00a0 \u03c0\u03ac\u03bd\u03b5\u03bb \u03c3\u03b5 MDF \u03bc\u03b5 \u03b5\u03c0\u03ad\u03bd\u03b4\u03c5\u03c3\u03b7 \u03ba\u03b1\u03c0\u03bb\u03b1\u03bc\u03ac 10mm, \u03c4\u03bf\u03c0\u03bf\u03b8\u03b5\u03c4\u03b7\u03bc\u03ad\u03bd\u03b1 \u03c3\u03b5 \u03bc\u03b1\u03cd\u03c1\u03b1 \u03c0\u03bf\u03bb\u03c5\u03b5\u03c3\u03c4\u03b5\u03c1\u03b9\u03ba\u03ac \u03c0\u03ac\u03bd\u03b5\u03bb 12mm.  \u03a4\u03b1 \u03b1\u03ba\u03bf\u03c5\u03c3\u03c4\u03b9\u03ba\u03ac \u03c0\u03ac\u03bd\u03b5\u03bb \u03c4\u03b7\u03c2 ALFA WOOD GROUP \u03b5\u03af\u03bd\u03b1\u03b9 \u03b7\u03c7\u03bf\u03b1\u03c0\u03bf\u03c1\u03c1\u03bf\u03c6\u03b7\u03c4\u03b9\u03ba\u03ac \u03c0\u03ac\u03bd\u03b5\u03bb \u03c0\u03bf\u03c5 \u03c4\u03bf\u03c0\u03bf\u03b8\u03b5\u03c4\u03bf\u03cd\u03bd\u03c4\u03b1\u03b9 \u03c3\u03b5 \u03c4\u03bf\u03af\u03c7\u03bf\u03c5\u03c2 \u03ae \u03bf\u03c1\u03bf\u03c6\u03ad\u03c2 \u03b3\u03b9\u03b1 \u03c4\u03b7 \u03bc\u03b5\u03af\u03c9\u03c3\u03b7 \u03c4\u03bf\u03c5 \u03b8\u03bf\u03c1\u03cd\u03b2\u03bf\u03c5 \u03ba\u03b1\u03b9 \u03c4\u03b7\u03bd \u03b5\u03be\u03ac\u03bb\u03b5\u03b9\u03c8\u03b7 \u03c4\u03b7\u03c2 \u03b7\u03c7\u03bf\u03cd\u03c2 \u03c3\u03b5 \u03ad\u03bd\u03b1 \u03b4\u03c9\u03bc\u03ac\u03c4\u03b9\u03bf. \u039f \u03b2\u03b1\u03c3\u03b9\u03ba\u03cc\u03c2 \u03c3\u03c4\u03cc\u03c7\u03bf\u03c2 \u03c4\u03c9\u03bd \u03b1\u03ba\u03bf\u03c5\u03c3\u03c4\u03b9\u03ba\u03ce\u03bd \u03c0\u03ac\u03bd\u03b5\u03bb \u03b5\u03af\u03bd\u03b1\u03b9 \u03bd\u03b1 \u03b5\u03bd\u03b9\u03c3\u03c7\u03c5\u03b8\u03bf\u03cd\u03bd \u03bf\u03b9 \u03b9\u03b4\u03b9\u03cc\u03c4\u03b7\u03c4\u03b5\u03c2 \u03c4\u03bf\u03c5 \u03ae\u03c7\u03bf\u03c5 \u03b2\u03b5\u03bb\u03c4\u03b9\u03ce\u03bd\u03bf\u03bd\u03c4\u03b1\u03c2 \u03c4\u03b7\u03bd \u03c0\u03bf\u03b9\u03cc\u03c4\u03b7\u03c4\u03b1 \u03c4\u03bf\u03c5. \u0397 \u03b1\u03c0\u03bf\u03c1\u03c1\u03cc\u03c6\u03b7\u03c3\u03b7 \u03c4\u03bf\u03c5 \u03ae\u03c7\u03bf\u03c5 \u03b5\u03af\u03bd\u03b1\u03b9 \u03b4\u03b9\u03b1\u03c6\u03bf\u03c1\u03b5\u03c4\u03b9\u03ba\u03ae \u03b1\u03c0\u03cc \u03c4\u03b7\u03bd \u03b7\u03c7\u03bf\u03bc\u03cc\u03bd\u03c9\u03c3\u03b7, \u03b7 \u03bf\u03c0\u03bf\u03af\u03b1 \u03c7\u03c1\u03b7\u03c3\u03b9\u03bc\u03bf\u03c0\u03bf\u03b9\u03b5\u03af\u03c4\u03b1\u03b9 \u03b3\u03b9\u03b1 \u03bd\u03b1 \u03bc\u03b5\u03b9\u03ce\u03c3\u03b5\u03b9 \u03c4\u03bf\u03bd \u03ae\u03c7\u03bf \u03b1\u03c0\u03cc \u03c4\u03bf \u03b4\u03c9\u03bc\u03ac\u03c4\u03b9\u03bf.  \u03a7\u03c1\u03b7\u03c3\u03b9\u03bc\u03bf\u03c0\u03bf\u03b9\u03bf\u03cd\u03bd\u03c4\u03b1\u03b9 \u03c3\u03b5 \u03c3\u03c4\u03bf\u03cd\u03bd\u03c4\u03b9\u03bf \u03b7\u03c7\u03bf\u03b3\u03c1\u03ac\u03c6\u03b7\u03c3\u03b7\u03c2, \u03c3\u03b5 \u03ba\u03b9\u03bd\u03b7\u03bc\u03b1\u03c4\u03bf\u03b3\u03c1\u03ac\u03c6\u03bf\u03c5\u03c2, \u03b5\u03c3\u03c4\u03b9\u03b1\u03c4\u03cc\u03c1\u03b9\u03b1, \u03bd\u03c5\u03c7\u03c4\u03b5\u03c1\u03b9\u03bd\u03ac \u03ba\u03ad\u03bd\u03c4\u03c1\u03b1, \u03b5\u03ba\u03ba\u03bb\u03b7\u03c3\u03af\u03b5\u03c2 \u03ba.\u03b1.\" \/>\n<meta property=\"og:url\" content=\"https:\/\/alfawood.gr\/sq\/produkt\/ash-acoustic\" \/>\n<meta property=\"og:site_name\" content=\"\u0395\u03c0\u03b9\u03c6\u03ac\u03bd\u03b5\u03b9\u03b5\u03c2 \u039c\u03b5\u03bb\u03b1\u03bc\u03af\u03bd\u03b7\u03c2 MDF \u039c\u03bf\u03c1\u03b9\u03bf\u03c3\u03b1\u03bd\u03af\u03b4\u03b1 \u03a0\u03ac\u03b3\u03ba\u03bf\u03b9 \u0394\u03ac\u03c0\u03b5\u03b4\u03b1 \u03a0\u03cc\u03c1\u03c4\u03b5\u03c2\" \/>\n<meta property=\"article:publisher\" content=\"https:\/\/www.facebook.com\/alfawood.group\" \/>\n<meta property=\"article:modified_time\" content=\"2024-10-10T12:25:28+00:00\" \/>\n<meta property=\"og:image\" content=\"https:\/\/alfawood.gr\/wp-content\/uploads\/2023\/03\/accoustic-ash-e1731057407522.jpg\" \/>\n\t<meta property=\"og:image:width\" content=\"599\" \/>\n\t<meta property=\"og:image:height\" content=\"823\" \/>\n\t<meta property=\"og:image:type\" content=\"image\/jpeg\" \/>\n<meta name=\"twitter:card\" content=\"summary_large_image\" \/>\n<meta name=\"twitter:site\" content=\"@ALFAWOODGROUP\" \/>\n<meta name=\"twitter:label1\" content=\"Est. reading time\" \/>\n\t<meta name=\"twitter:data1\" content=\"1 minut\u00eb\" \/>\n<script type=\"application\/ld+json\" class=\"yoast-schema-graph\">{\"@context\":\"https:\\\/\\\/schema.org\",\"@graph\":[{\"@type\":\"WebPage\",\"@id\":\"https:\\\/\\\/alfawood.gr\\\/fr\\\/product\\\/ash-acoustic\\\/\",\"url\":\"https:\\\/\\\/alfawood.gr\\\/fr\\\/product\\\/ash-acoustic\\\/\",\"name\":\"Ash - Acoustic - \u0395\u03c0\u03b9\u03c6\u03ac\u03bd\u03b5\u03b9\u03b5\u03c2 \u039c\u03b5\u03bb\u03b1\u03bc\u03af\u03bd\u03b7\u03c2 MDF \u039c\u03bf\u03c1\u03b9\u03bf\u03c3\u03b1\u03bd\u03af\u03b4\u03b1 \u03a0\u03ac\u03b3\u03ba\u03bf\u03b9 \u0394\u03ac\u03c0\u03b5\u03b4\u03b1 \u03a0\u03cc\u03c1\u03c4\u03b5\u03c2\",\"isPartOf\":{\"@id\":\"https:\\\/\\\/alfawood.gr\\\/#website\"},\"primaryImageOfPage\":{\"@id\":\"https:\\\/\\\/alfawood.gr\\\/fr\\\/product\\\/ash-acoustic\\\/#primaryimage\"},\"image\":{\"@id\":\"https:\\\/\\\/alfawood.gr\\\/fr\\\/product\\\/ash-acoustic\\\/#primaryimage\"},\"thumbnailUrl\":\"https:\\\/\\\/alfawood.gr\\\/wp-content\\\/uploads\\\/2023\\\/03\\\/accoustic-ash-e1731057407522.jpg\",\"datePublished\":\"2023-03-07T08:17:50+00:00\",\"dateModified\":\"2024-10-10T12:25:28+00:00\",\"breadcrumb\":{\"@id\":\"https:\\\/\\\/alfawood.gr\\\/fr\\\/product\\\/ash-acoustic\\\/#breadcrumb\"},\"inLanguage\":\"sq\",\"potentialAction\":[{\"@type\":\"ReadAction\",\"target\":[\"https:\\\/\\\/alfawood.gr\\\/fr\\\/product\\\/ash-acoustic\\\/\"]}]},{\"@type\":\"ImageObject\",\"inLanguage\":\"sq\",\"@id\":\"https:\\\/\\\/alfawood.gr\\\/fr\\\/product\\\/ash-acoustic\\\/#primaryimage\",\"url\":\"https:\\\/\\\/alfawood.gr\\\/wp-content\\\/uploads\\\/2023\\\/03\\\/accoustic-ash-e1731057407522.jpg\",\"contentUrl\":\"https:\\\/\\\/alfawood.gr\\\/wp-content\\\/uploads\\\/2023\\\/03\\\/accoustic-ash-e1731057407522.jpg\",\"width\":599,\"height\":823,\"caption\":\"\u03b1\u03ba\u03bf\u03c5\u03c3\u03c4\u03b9\u03ba\u03bf \u03c0\u03b1\u03bd\u03b5\u03bb ash\"},{\"@type\":\"BreadcrumbList\",\"@id\":\"https:\\\/\\\/alfawood.gr\\\/fr\\\/product\\\/ash-acoustic\\\/#breadcrumb\",\"itemListElement\":[{\"@type\":\"ListItem\",\"position\":1,\"name\":\"Home\",\"item\":\"https:\\\/\\\/alfawood.gr\\\/\"},{\"@type\":\"ListItem\",\"position\":2,\"name\":\"\u03a0\u03c1\u03bf\u03ca\u03cc\u03bd\u03c4\u03b1\",\"item\":\"https:\\\/\\\/alfawood.gr\\\/proionta-wood\\\/\"},{\"@type\":\"ListItem\",\"position\":3,\"name\":\"\u0394\u03b9\u03b1\u03ba\u03cc\u03c3\u03bc\u03b7\u03c3\u03b7 \u03a4\u03bf\u03af\u03c7\u03bf\u03c5\",\"item\":\"https:\\\/\\\/alfawood.gr\\\/category\\\/diakosmiseis-toixon-ksylo\\\/\"},{\"@type\":\"ListItem\",\"position\":4,\"name\":\"\u0391\u03ba\u03bf\u03c5\u03c3\u03c4\u03b9\u03ba\u03ac \u03a0\u03ac\u03bd\u03b5\u03bb\",\"item\":\"https:\\\/\\\/alfawood.gr\\\/category\\\/diakosmiseis-toixon-ksylo\\\/acoustic-panel\\\/\"},{\"@type\":\"ListItem\",\"position\":5,\"name\":\"Ash &#8211; Acoustic\"}]},{\"@type\":\"WebSite\",\"@id\":\"https:\\\/\\\/alfawood.gr\\\/#website\",\"url\":\"https:\\\/\\\/alfawood.gr\\\/\",\"name\":\"\u0395\u03c0\u03b9\u03c6\u03ac\u03bd\u03b5\u03b9\u03b5\u03c2 \u039c\u03b5\u03bb\u03b1\u03bc\u03af\u03bd\u03b7\u03c2 MDF \u039c\u03bf\u03c1\u03b9\u03bf\u03c3\u03b1\u03bd\u03af\u03b4\u03b1 \u03a0\u03ac\u03b3\u03ba\u03bf\u03b9 \u0394\u03ac\u03c0\u03b5\u03b4\u03b1 \u03a0\u03cc\u03c1\u03c4\u03b5\u03c2\",\"description\":\"\u0392\u03b9\u03bf\u03bc\u03b7\u03c7\u03b1\u03bd\u03af\u03b1 \u039e\u03cd\u03bb\u03bf\u03c5 Alfa Wood Group\",\"publisher\":{\"@id\":\"https:\\\/\\\/alfawood.gr\\\/#organization\"},\"alternateName\":\"Melamines - MDF - Laminate - Worktops\",\"potentialAction\":[{\"@type\":\"SearchAction\",\"target\":{\"@type\":\"EntryPoint\",\"urlTemplate\":\"https:\\\/\\\/alfawood.gr\\\/?s={search_term_string}\"},\"query-input\":{\"@type\":\"PropertyValueSpecification\",\"valueRequired\":true,\"valueName\":\"search_term_string\"}}],\"inLanguage\":\"sq\"},{\"@type\":\"Organization\",\"@id\":\"https:\\\/\\\/alfawood.gr\\\/#organization\",\"name\":\"Alfa Wood Group\",\"url\":\"https:\\\/\\\/alfawood.gr\\\/\",\"logo\":{\"@type\":\"ImageObject\",\"inLanguage\":\"sq\",\"@id\":\"https:\\\/\\\/alfawood.gr\\\/#\\\/schema\\\/logo\\\/image\\\/\",\"url\":\"https:\\\/\\\/alfawood.gr\\\/wp-content\\\/uploads\\\/2023\\\/02\\\/alfa-wood-logo-1.svg\",\"contentUrl\":\"https:\\\/\\\/alfawood.gr\\\/wp-content\\\/uploads\\\/2023\\\/02\\\/alfa-wood-logo-1.svg\",\"width\":305,\"height\":195,\"caption\":\"Alfa Wood Group\"},\"image\":{\"@id\":\"https:\\\/\\\/alfawood.gr\\\/#\\\/schema\\\/logo\\\/image\\\/\"},\"sameAs\":[\"https:\\\/\\\/www.facebook.com\\\/alfawood.group\",\"https:\\\/\\\/x.com\\\/ALFAWOODGROUP\",\"https:\\\/\\\/www.instagram.com\\\/alfawood.group\",\"https:\\\/\\\/www.youtube.com\\\/@alfawoodgroup\",\"https:\\\/\\\/www.tiktok.com\\\/@alfawood.group\",\"https:\\\/\\\/vimeo.com\\\/alfawood\",\"https:\\\/\\\/www.linkedin.com\\\/company\\\/alfawoodgroup\",\"https:\\\/\\\/www.pinterest.com\\\/alfawoodgroup\\\/\"]}]}<\/script>\n<!-- \/ Yoast SEO Premium plugin. -->","yoast_head_json":{"title":"Hiri - Akustike - Sip\u00ebrfaqe melamine MDF Banesa me pllaka Dyer","robots":{"index":"index","follow":"follow","max-snippet":"max-snippet:-1","max-image-preview":"max-image-preview:large","max-video-preview":"max-video-preview:-1"},"canonical":"https:\/\/alfawood.gr\/sq\/produkt\/ash-acoustic","og_locale":"sq_AL","og_type":"article","og_title":"Ash - Acoustic","og_description":"A\u03ba\u03bf\u03c5\u03c3\u03c4\u03b9\u03ba\u03ac\u00a0 \u03b4\u03b9\u03b1\u03ba\u03bf\u03c3\u03bc\u03b7\u03c4\u03b9\u03ba\u03ac\u00a0 \u03c0\u03ac\u03bd\u03b5\u03bb \u03c3\u03b5 MDF \u03bc\u03b5 \u03b5\u03c0\u03ad\u03bd\u03b4\u03c5\u03c3\u03b7 \u03ba\u03b1\u03c0\u03bb\u03b1\u03bc\u03ac 10mm, \u03c4\u03bf\u03c0\u03bf\u03b8\u03b5\u03c4\u03b7\u03bc\u03ad\u03bd\u03b1 \u03c3\u03b5 \u03bc\u03b1\u03cd\u03c1\u03b1 \u03c0\u03bf\u03bb\u03c5\u03b5\u03c3\u03c4\u03b5\u03c1\u03b9\u03ba\u03ac \u03c0\u03ac\u03bd\u03b5\u03bb 12mm.  \u03a4\u03b1 \u03b1\u03ba\u03bf\u03c5\u03c3\u03c4\u03b9\u03ba\u03ac \u03c0\u03ac\u03bd\u03b5\u03bb \u03c4\u03b7\u03c2 ALFA WOOD GROUP \u03b5\u03af\u03bd\u03b1\u03b9 \u03b7\u03c7\u03bf\u03b1\u03c0\u03bf\u03c1\u03c1\u03bf\u03c6\u03b7\u03c4\u03b9\u03ba\u03ac \u03c0\u03ac\u03bd\u03b5\u03bb \u03c0\u03bf\u03c5 \u03c4\u03bf\u03c0\u03bf\u03b8\u03b5\u03c4\u03bf\u03cd\u03bd\u03c4\u03b1\u03b9 \u03c3\u03b5 \u03c4\u03bf\u03af\u03c7\u03bf\u03c5\u03c2 \u03ae \u03bf\u03c1\u03bf\u03c6\u03ad\u03c2 \u03b3\u03b9\u03b1 \u03c4\u03b7 \u03bc\u03b5\u03af\u03c9\u03c3\u03b7 \u03c4\u03bf\u03c5 \u03b8\u03bf\u03c1\u03cd\u03b2\u03bf\u03c5 \u03ba\u03b1\u03b9 \u03c4\u03b7\u03bd \u03b5\u03be\u03ac\u03bb\u03b5\u03b9\u03c8\u03b7 \u03c4\u03b7\u03c2 \u03b7\u03c7\u03bf\u03cd\u03c2 \u03c3\u03b5 \u03ad\u03bd\u03b1 \u03b4\u03c9\u03bc\u03ac\u03c4\u03b9\u03bf. \u039f \u03b2\u03b1\u03c3\u03b9\u03ba\u03cc\u03c2 \u03c3\u03c4\u03cc\u03c7\u03bf\u03c2 \u03c4\u03c9\u03bd \u03b1\u03ba\u03bf\u03c5\u03c3\u03c4\u03b9\u03ba\u03ce\u03bd \u03c0\u03ac\u03bd\u03b5\u03bb \u03b5\u03af\u03bd\u03b1\u03b9 \u03bd\u03b1 \u03b5\u03bd\u03b9\u03c3\u03c7\u03c5\u03b8\u03bf\u03cd\u03bd \u03bf\u03b9 \u03b9\u03b4\u03b9\u03cc\u03c4\u03b7\u03c4\u03b5\u03c2 \u03c4\u03bf\u03c5 \u03ae\u03c7\u03bf\u03c5 \u03b2\u03b5\u03bb\u03c4\u03b9\u03ce\u03bd\u03bf\u03bd\u03c4\u03b1\u03c2 \u03c4\u03b7\u03bd \u03c0\u03bf\u03b9\u03cc\u03c4\u03b7\u03c4\u03b1 \u03c4\u03bf\u03c5. \u0397 \u03b1\u03c0\u03bf\u03c1\u03c1\u03cc\u03c6\u03b7\u03c3\u03b7 \u03c4\u03bf\u03c5 \u03ae\u03c7\u03bf\u03c5 \u03b5\u03af\u03bd\u03b1\u03b9 \u03b4\u03b9\u03b1\u03c6\u03bf\u03c1\u03b5\u03c4\u03b9\u03ba\u03ae \u03b1\u03c0\u03cc \u03c4\u03b7\u03bd \u03b7\u03c7\u03bf\u03bc\u03cc\u03bd\u03c9\u03c3\u03b7, \u03b7 \u03bf\u03c0\u03bf\u03af\u03b1 \u03c7\u03c1\u03b7\u03c3\u03b9\u03bc\u03bf\u03c0\u03bf\u03b9\u03b5\u03af\u03c4\u03b1\u03b9 \u03b3\u03b9\u03b1 \u03bd\u03b1 \u03bc\u03b5\u03b9\u03ce\u03c3\u03b5\u03b9 \u03c4\u03bf\u03bd \u03ae\u03c7\u03bf \u03b1\u03c0\u03cc \u03c4\u03bf \u03b4\u03c9\u03bc\u03ac\u03c4\u03b9\u03bf.  \u03a7\u03c1\u03b7\u03c3\u03b9\u03bc\u03bf\u03c0\u03bf\u03b9\u03bf\u03cd\u03bd\u03c4\u03b1\u03b9 \u03c3\u03b5 \u03c3\u03c4\u03bf\u03cd\u03bd\u03c4\u03b9\u03bf \u03b7\u03c7\u03bf\u03b3\u03c1\u03ac\u03c6\u03b7\u03c3\u03b7\u03c2, \u03c3\u03b5 \u03ba\u03b9\u03bd\u03b7\u03bc\u03b1\u03c4\u03bf\u03b3\u03c1\u03ac\u03c6\u03bf\u03c5\u03c2, \u03b5\u03c3\u03c4\u03b9\u03b1\u03c4\u03cc\u03c1\u03b9\u03b1, \u03bd\u03c5\u03c7\u03c4\u03b5\u03c1\u03b9\u03bd\u03ac \u03ba\u03ad\u03bd\u03c4\u03c1\u03b1, \u03b5\u03ba\u03ba\u03bb\u03b7\u03c3\u03af\u03b5\u03c2 \u03ba.\u03b1.","og_url":"https:\/\/alfawood.gr\/sq\/produkt\/ash-acoustic","og_site_name":"\u0395\u03c0\u03b9\u03c6\u03ac\u03bd\u03b5\u03b9\u03b5\u03c2 \u039c\u03b5\u03bb\u03b1\u03bc\u03af\u03bd\u03b7\u03c2 MDF \u039c\u03bf\u03c1\u03b9\u03bf\u03c3\u03b1\u03bd\u03af\u03b4\u03b1 \u03a0\u03ac\u03b3\u03ba\u03bf\u03b9 \u0394\u03ac\u03c0\u03b5\u03b4\u03b1 \u03a0\u03cc\u03c1\u03c4\u03b5\u03c2","article_publisher":"https:\/\/www.facebook.com\/alfawood.group","article_modified_time":"2024-10-10T12:25:28+00:00","og_image":[{"width":599,"height":823,"url":"https:\/\/alfawood.gr\/wp-content\/uploads\/2023\/03\/accoustic-ash-e1731057407522.jpg","type":"image\/jpeg"}],"twitter_card":"summary_large_image","twitter_site":"@ALFAWOODGROUP","twitter_misc":{"Est. reading time":"1 minut\u00eb"},"schema":{"@context":"https:\/\/schema.org","@graph":[{"@type":"WebPage","@id":"https:\/\/alfawood.gr\/fr\/product\/ash-acoustic\/","url":"https:\/\/alfawood.gr\/fr\/product\/ash-acoustic\/","name":"Hiri - Akustike - Sip\u00ebrfaqe melamine MDF Banesa me pllaka Dyer","isPartOf":{"@id":"https:\/\/alfawood.gr\/#website"},"primaryImageOfPage":{"@id":"https:\/\/alfawood.gr\/fr\/product\/ash-acoustic\/#primaryimage"},"image":{"@id":"https:\/\/alfawood.gr\/fr\/product\/ash-acoustic\/#primaryimage"},"thumbnailUrl":"https:\/\/alfawood.gr\/wp-content\/uploads\/2023\/03\/accoustic-ash-e1731057407522.jpg","datePublished":"2023-03-07T08:17:50+00:00","dateModified":"2024-10-10T12:25:28+00:00","breadcrumb":{"@id":"https:\/\/alfawood.gr\/fr\/product\/ash-acoustic\/#breadcrumb"},"inLanguage":"sq","potentialAction":[{"@type":"ReadAction","target":["https:\/\/alfawood.gr\/fr\/product\/ash-acoustic\/"]}]},{"@type":"ImageObject","inLanguage":"sq","@id":"https:\/\/alfawood.gr\/fr\/product\/ash-acoustic\/#primaryimage","url":"https:\/\/alfawood.gr\/wp-content\/uploads\/2023\/03\/accoustic-ash-e1731057407522.jpg","contentUrl":"https:\/\/alfawood.gr\/wp-content\/uploads\/2023\/03\/accoustic-ash-e1731057407522.jpg","width":599,"height":823,"caption":"\u03b1\u03ba\u03bf\u03c5\u03c3\u03c4\u03b9\u03ba\u03bf \u03c0\u03b1\u03bd\u03b5\u03bb ash"},{"@type":"BreadcrumbList","@id":"https:\/\/alfawood.gr\/fr\/product\/ash-acoustic\/#breadcrumb","itemListElement":[{"@type":"ListItem","position":1,"name":"Home","item":"https:\/\/alfawood.gr\/"},{"@type":"ListItem","position":2,"name":"\u03a0\u03c1\u03bf\u03ca\u03cc\u03bd\u03c4\u03b1","item":"https:\/\/alfawood.gr\/proionta-wood\/"},{"@type":"ListItem","position":3,"name":"\u0394\u03b9\u03b1\u03ba\u03cc\u03c3\u03bc\u03b7\u03c3\u03b7 \u03a4\u03bf\u03af\u03c7\u03bf\u03c5","item":"https:\/\/alfawood.gr\/category\/diakosmiseis-toixon-ksylo\/"},{"@type":"ListItem","position":4,"name":"\u0391\u03ba\u03bf\u03c5\u03c3\u03c4\u03b9\u03ba\u03ac \u03a0\u03ac\u03bd\u03b5\u03bb","item":"https:\/\/alfawood.gr\/category\/diakosmiseis-toixon-ksylo\/acoustic-panel\/"},{"@type":"ListItem","position":5,"name":"Ash &#8211; Acoustic"}]},{"@type":"WebSite","@id":"https:\/\/alfawood.gr\/#website","url":"https:\/\/alfawood.gr\/","name":"Sip\u00ebrfaqe melamine MDF banak\u00eb p\u00ebr pllaka Dyer","description":"Alfa Wood Group Industria e drurit","publisher":{"@id":"https:\/\/alfawood.gr\/#organization"},"alternateName":"Melamines - MDF - Laminate - Worktops","potentialAction":[{"@type":"SearchAction","target":{"@type":"EntryPoint","urlTemplate":"https:\/\/alfawood.gr\/?s={search_term_string}"},"query-input":{"@type":"PropertyValueSpecification","valueRequired":true,"valueName":"search_term_string"}}],"inLanguage":"sq"},{"@type":"Organization","@id":"https:\/\/alfawood.gr\/#organization","name":"Alfa Wood Group","url":"https:\/\/alfawood.gr\/","logo":{"@type":"ImageObject","inLanguage":"sq","@id":"https:\/\/alfawood.gr\/#\/schema\/logo\/image\/","url":"https:\/\/alfawood.gr\/wp-content\/uploads\/2023\/02\/alfa-wood-logo-1.svg","contentUrl":"https:\/\/alfawood.gr\/wp-content\/uploads\/2023\/02\/alfa-wood-logo-1.svg","width":305,"height":195,"caption":"Alfa Wood Group"},"image":{"@id":"https:\/\/alfawood.gr\/#\/schema\/logo\/image\/"},"sameAs":["https:\/\/www.facebook.com\/alfawood.group","https:\/\/x.com\/ALFAWOODGROUP","https:\/\/www.instagram.com\/alfawood.group","https:\/\/www.youtube.com\/@alfawoodgroup","https:\/\/www.tiktok.com\/@alfawood.group","https:\/\/vimeo.com\/alfawood","https:\/\/www.linkedin.com\/company\/alfawoodgroup","https:\/\/www.pinterest.com\/alfawoodgroup\/"]}]}},"_links":{"self":[{"href":"https:\/\/alfawood.gr\/sq\/wp-json\/wp\/v2\/product\/15208","targetHints":{"allow":["GET"]}}],"collection":[{"href":"https:\/\/alfawood.gr\/sq\/wp-json\/wp\/v2\/product"}],"about":[{"href":"https:\/\/alfawood.gr\/sq\/wp-json\/wp\/v2\/types\/product"}],"version-history":[{"count":0,"href":"https:\/\/alfawood.gr\/sq\/wp-json\/wp\/v2\/product\/15208\/revisions"}],"wp:featuredmedia":[{"embeddable":true,"href":"https:\/\/alfawood.gr\/sq\/wp-json\/wp\/v2\/media\/20964"}],"wp:attachment":[{"href":"https:\/\/alfawood.gr\/sq\/wp-json\/wp\/v2\/media?parent=15208"}],"wp:term":[{"taxonomy":"product_brand","embeddable":true,"href":"https:\/\/alfawood.gr\/sq\/wp-json\/wp\/v2\/product_brand?post=15208"},{"taxonomy":"product_cat","embeddable":true,"href":"https:\/\/alfawood.gr\/sq\/wp-json\/wp\/v2\/product_cat?post=15208"},{"taxonomy":"product_tag","embeddable":true,"href":"https:\/\/alfawood.gr\/sq\/wp-json\/wp\/v2\/product_tag?post=15208"}],"curies":[{"name":"wp","href":"https:\/\/api.w.org\/{rel}","templated":true}]}}