{"id":15499,"date":"2023-03-07T08:22:18","date_gmt":"2023-03-07T08:22:18","guid":{"rendered":"https:\/\/alfawood.gr\/product\/reef-grey-1096\/"},"modified":"2023-04-11T07:51:58","modified_gmt":"2023-04-11T07:51:58","slug":"reef-grey-1096","status":"publish","type":"product","link":"https:\/\/alfawood.gr\/sq\/product\/reef-grey-1096\/","title":{"rendered":"1096 Reef Grey"},"content":{"rendered":"<p>Sip\u00ebrfaqja e melamin\u00ebs <strong>E but\u00eb<\/strong> siguron nj\u00eb efekt mat, me nj\u00eb ndjesi sip\u00ebrfaqe t\u00eb lyer me nj\u00eb p\u00ebrfundim t\u00eb pap\u00ebrshkuesh\u00ebm nga uji. I p\u00ebrshtatsh\u00ebm p\u00ebr rezultate estetike nj\u00ebngjyr\u00ebshe.<\/p>\n<p>Sip\u00ebrfaqja e but\u00eb melamine ndjek trendin e sip\u00ebrfaqeve mat, duke shtuar.<\/p>\n<p>nj\u00eb rezultat uniform dhe jasht\u00ebzakonisht i leht\u00eb p\u00ebr t&#039;u kombinuar me sip\u00ebrfaqe t\u00eb tjera.<\/p>\n<p>P\u00ebrpunimi i tij e b\u00ebn at\u00eb jasht\u00ebzakonisht t\u00eb p\u00ebrshtatsh\u00ebm p\u00ebr dizajn modern t\u00eb sht\u00ebpis\u00eb.<\/p>\n<p>Modelet dhe ngjyrat e disponueshme n\u00eb sip\u00ebrfaqen e but\u00eb jan\u00eb n\u00eb nuanca tok\u00ebsore dhe piktur\u00eb nj\u00ebngjyr\u00ebshe me nj\u00eb ndjesi natyrale dhe t\u00eb but\u00eb.<\/p>\n<p>Teknikat e projektimit dhe gdhendjes t\u00eb aplikuara n\u00eb k\u00ebt\u00eb p\u00ebrfundim, t\u00eb kombinuara me teknologjin\u00eb e prodhimit t\u00eb saj, i b\u00ebjn\u00eb panelet e k\u00ebsaj sip\u00ebrfaqeje unike.<\/p>\n<p>Sip\u00ebrfaqja e but\u00eb \u00ebsht\u00eb n\u00eb dispozicion n\u00eb 8 ngjyra.<\/p>\n<p>Kodet e sip\u00ebrfaqes Silk shoq\u00ebrohen me shirita buz\u00eb ABS me t\u00eb nj\u00ebjt\u00ebn nuanc\u00eb dhe tekstur\u00eb.<\/p>\n<p>Zbuloni karakterin &quot;t\u00eb pap\u00ebrpunuar&quot; dhe ekspresiv t\u00eb sip\u00ebrfaqeve dekorative t\u00eb Alfa Wood Group dhe frym\u00ebzohuni p\u00ebr dizajne kreative...<\/p>\n<p>Shkarkoni katalogun<\/p>","protected":false},"excerpt":{"rendered":"<p>Sip\u00ebrfaqja melamine 1096 Reef Grey Soft ndjek trendin e sip\u00ebrfaqeve mat. Tekstura e saj mat n\u00eb nj\u00eb nuanc\u00eb gri t\u00eb ftoht\u00eb e b\u00ebn at\u00eb mjaft t\u00eb fort\u00eb p\u00ebr t\u00eb gjitha p\u00ebrdorimet dhe t\u00eb kombinohet leht\u00ebsisht me sip\u00ebrfaqe t\u00eb ndryshme dekorative melamine.<\/p>","protected":false},"featured_media":15501,"template":"","meta":{"_acf_changed":false,"inline_featured_image":false,"cybocfi_hide_featured_image":""},"product_brand":[],"product_cat":[83,103,813,151],"product_tag":[],"class_list":{"0":"post-15499","1":"product","2":"type-product","3":"status-publish","4":"has-post-thumbnail","6":"product_cat-alfa-surfaces","7":"product_cat-solid-textile","8":"product_cat-textile","9":"product_cat-melamines","11":"first","12":"instock","13":"product-type-simple"},"acf":[],"yoast_head":"<!-- This site is optimized with the Yoast SEO Premium plugin v27.3 (Yoast SEO v27.3) - https:\/\/yoast.com\/product\/yoast-seo-premium-wordpress\/ -->\n<title>1096 Reef Grey - \u0395\u03c0\u03b9\u03c6\u03ac\u03bd\u03b5\u03b9\u03b5\u03c2 \u039c\u03b5\u03bb\u03b1\u03bc\u03af\u03bd\u03b7\u03c2 MDF \u039c\u03bf\u03c1\u03b9\u03bf\u03c3\u03b1\u03bd\u03af\u03b4\u03b1 \u03a0\u03ac\u03b3\u03ba\u03bf\u03b9 \u0394\u03ac\u03c0\u03b5\u03b4\u03b1 \u03a0\u03cc\u03c1\u03c4\u03b5\u03c2<\/title>\n<meta name=\"robots\" content=\"index, follow, max-snippet:-1, max-image-preview:large, max-video-preview:-1\" \/>\n<link rel=\"canonical\" href=\"https:\/\/alfawood.gr\/sq\/produkt\/reef-grey-1096\" \/>\n<meta property=\"og:locale\" content=\"sq_AL\" \/>\n<meta property=\"og:type\" content=\"article\" \/>\n<meta property=\"og:title\" content=\"1096 Reef Grey\" \/>\n<meta property=\"og:description\" content=\"\u0397 \u03b5\u03c0\u03b9\u03c6\u03ac\u03bd\u03b5\u03b9\u03b1 \u03bc\u03b5\u03bb\u03b1\u03bc\u03af\u03bd\u03b7\u03c2 1096 Reef Grey Soft \u03b1\u03ba\u03bf\u03bb\u03bf\u03c5\u03b8\u03b5\u03af \u03c4\u03b7\u03bd \u03c4\u03ac\u03c3\u03b7 \u03c4\u03c9\u03bd \u03bc\u03b1\u03c4 \u03b5\u03c0\u03b9\u03c6\u03b1\u03bd\u03b5\u03b9\u03ce\u03bd. \u0397 \u03bc\u03b1\u03c4 \u03c5\u03c6\u03ae \u03c4\u03bf\u03c5 \u03c3\u03b5 \u03c8\u03c5\u03c7\u03c1\u03ae \u03b3\u03ba\u03c1\u03b9 \u03b1\u03c0\u03cc\u03c7\u03c1\u03c9\u03c3\u03b7 \u03c4\u03bf \u03ba\u03b1\u03b8\u03b9\u03c3\u03c4\u03ac \u03b1\u03c1\u03ba\u03b5\u03c4\u03ac \u03c3\u03c4\u03b9\u03b2\u03b1\u03c1\u03cc \u03b3\u03b9\u03b1 \u03cc\u03bb\u03b5\u03c2 \u03c4\u03b9\u03c2 \u03c7\u03c1\u03ae\u03c3\u03b5\u03b9\u03c2 \u03ba\u03b1\u03b9 \u03b5\u03cd\u03ba\u03bf\u03bb\u03b1 \u03c3\u03c5\u03bd\u03b4\u03c5\u03b1\u03c3\u03bc\u03ad\u03bd\u03bf \u03bc\u03b5 \u03b4\u03b9\u03b1\u03c6\u03bf\u03c1\u03b5\u03c4\u03b9\u03ba\u03ad\u03c2 \u03b4\u03b9\u03b1\u03ba\u03bf\u03c3\u03bc\u03b7\u03c4\u03b9\u03ba\u03ad\u03c2 \u03b5\u03c0\u03b9\u03c6\u03ac\u03bd\u03b5\u03b9\u03b5\u03c2 \u03bc\u03b5\u03bb\u03b1\u03bc\u03b9\u03bd\u03ce\u03bd.\" \/>\n<meta property=\"og:url\" content=\"https:\/\/alfawood.gr\/sq\/produkt\/reef-grey-1096\" \/>\n<meta property=\"og:site_name\" content=\"\u0395\u03c0\u03b9\u03c6\u03ac\u03bd\u03b5\u03b9\u03b5\u03c2 \u039c\u03b5\u03bb\u03b1\u03bc\u03af\u03bd\u03b7\u03c2 MDF \u039c\u03bf\u03c1\u03b9\u03bf\u03c3\u03b1\u03bd\u03af\u03b4\u03b1 \u03a0\u03ac\u03b3\u03ba\u03bf\u03b9 \u0394\u03ac\u03c0\u03b5\u03b4\u03b1 \u03a0\u03cc\u03c1\u03c4\u03b5\u03c2\" \/>\n<meta property=\"article:publisher\" content=\"https:\/\/www.facebook.com\/alfawood.group\" \/>\n<meta property=\"article:modified_time\" content=\"2023-04-11T07:51:58+00:00\" \/>\n<meta property=\"og:image\" content=\"https:\/\/alfawood.gr\/wp-content\/uploads\/2023\/03\/Commercial-1096.jpg\" \/>\n\t<meta property=\"og:image:width\" content=\"1457\" \/>\n\t<meta property=\"og:image:height\" content=\"2000\" \/>\n\t<meta property=\"og:image:type\" content=\"image\/jpeg\" \/>\n<meta name=\"twitter:card\" content=\"summary_large_image\" \/>\n<meta name=\"twitter:site\" content=\"@ALFAWOODGROUP\" \/>\n<meta name=\"twitter:label1\" content=\"Est. reading time\" \/>\n\t<meta name=\"twitter:data1\" content=\"1 minut\u00eb\" \/>\n<script type=\"application\/ld+json\" class=\"yoast-schema-graph\">{\"@context\":\"https:\\\/\\\/schema.org\",\"@graph\":[{\"@type\":\"WebPage\",\"@id\":\"https:\\\/\\\/alfawood.gr\\\/en\\\/product\\\/reef-grey-1096\\\/\",\"url\":\"https:\\\/\\\/alfawood.gr\\\/en\\\/product\\\/reef-grey-1096\\\/\",\"name\":\"1096 Reef Grey - \u0395\u03c0\u03b9\u03c6\u03ac\u03bd\u03b5\u03b9\u03b5\u03c2 \u039c\u03b5\u03bb\u03b1\u03bc\u03af\u03bd\u03b7\u03c2 MDF \u039c\u03bf\u03c1\u03b9\u03bf\u03c3\u03b1\u03bd\u03af\u03b4\u03b1 \u03a0\u03ac\u03b3\u03ba\u03bf\u03b9 \u0394\u03ac\u03c0\u03b5\u03b4\u03b1 \u03a0\u03cc\u03c1\u03c4\u03b5\u03c2\",\"isPartOf\":{\"@id\":\"https:\\\/\\\/alfawood.gr\\\/#website\"},\"primaryImageOfPage\":{\"@id\":\"https:\\\/\\\/alfawood.gr\\\/en\\\/product\\\/reef-grey-1096\\\/#primaryimage\"},\"image\":{\"@id\":\"https:\\\/\\\/alfawood.gr\\\/en\\\/product\\\/reef-grey-1096\\\/#primaryimage\"},\"thumbnailUrl\":\"https:\\\/\\\/alfawood.gr\\\/wp-content\\\/uploads\\\/2023\\\/03\\\/Commercial-1096.jpg\",\"datePublished\":\"2023-03-07T08:22:18+00:00\",\"dateModified\":\"2023-04-11T07:51:58+00:00\",\"breadcrumb\":{\"@id\":\"https:\\\/\\\/alfawood.gr\\\/en\\\/product\\\/reef-grey-1096\\\/#breadcrumb\"},\"inLanguage\":\"sq\",\"potentialAction\":[{\"@type\":\"ReadAction\",\"target\":[\"https:\\\/\\\/alfawood.gr\\\/en\\\/product\\\/reef-grey-1096\\\/\"]}]},{\"@type\":\"ImageObject\",\"inLanguage\":\"sq\",\"@id\":\"https:\\\/\\\/alfawood.gr\\\/en\\\/product\\\/reef-grey-1096\\\/#primaryimage\",\"url\":\"https:\\\/\\\/alfawood.gr\\\/wp-content\\\/uploads\\\/2023\\\/03\\\/Commercial-1096.jpg\",\"contentUrl\":\"https:\\\/\\\/alfawood.gr\\\/wp-content\\\/uploads\\\/2023\\\/03\\\/Commercial-1096.jpg\",\"width\":1457,\"height\":2000,\"caption\":\"Reef Grey 1096 - Alfa Surfaces Solid & Textile\"},{\"@type\":\"BreadcrumbList\",\"@id\":\"https:\\\/\\\/alfawood.gr\\\/en\\\/product\\\/reef-grey-1096\\\/#breadcrumb\",\"itemListElement\":[{\"@type\":\"ListItem\",\"position\":1,\"name\":\"Home\",\"item\":\"https:\\\/\\\/alfawood.gr\\\/\"},{\"@type\":\"ListItem\",\"position\":2,\"name\":\"\u03a0\u03c1\u03bf\u03ca\u03cc\u03bd\u03c4\u03b1\",\"item\":\"https:\\\/\\\/alfawood.gr\\\/proionta-wood\\\/\"},{\"@type\":\"ListItem\",\"position\":3,\"name\":\"Alfa Surfaces\",\"item\":\"https:\\\/\\\/alfawood.gr\\\/category\\\/alfa-surfaces\\\/\"},{\"@type\":\"ListItem\",\"position\":4,\"name\":\"1096 Reef Grey\"}]},{\"@type\":\"WebSite\",\"@id\":\"https:\\\/\\\/alfawood.gr\\\/#website\",\"url\":\"https:\\\/\\\/alfawood.gr\\\/\",\"name\":\"\u0395\u03c0\u03b9\u03c6\u03ac\u03bd\u03b5\u03b9\u03b5\u03c2 \u039c\u03b5\u03bb\u03b1\u03bc\u03af\u03bd\u03b7\u03c2 MDF \u039c\u03bf\u03c1\u03b9\u03bf\u03c3\u03b1\u03bd\u03af\u03b4\u03b1 \u03a0\u03ac\u03b3\u03ba\u03bf\u03b9 \u0394\u03ac\u03c0\u03b5\u03b4\u03b1 \u03a0\u03cc\u03c1\u03c4\u03b5\u03c2\",\"description\":\"\u0392\u03b9\u03bf\u03bc\u03b7\u03c7\u03b1\u03bd\u03af\u03b1 \u039e\u03cd\u03bb\u03bf\u03c5 Alfa Wood Group\",\"publisher\":{\"@id\":\"https:\\\/\\\/alfawood.gr\\\/#organization\"},\"alternateName\":\"Melamines - MDF - Laminate - Worktops\",\"potentialAction\":[{\"@type\":\"SearchAction\",\"target\":{\"@type\":\"EntryPoint\",\"urlTemplate\":\"https:\\\/\\\/alfawood.gr\\\/?s={search_term_string}\"},\"query-input\":{\"@type\":\"PropertyValueSpecification\",\"valueRequired\":true,\"valueName\":\"search_term_string\"}}],\"inLanguage\":\"sq\"},{\"@type\":\"Organization\",\"@id\":\"https:\\\/\\\/alfawood.gr\\\/#organization\",\"name\":\"Alfa Wood Group\",\"url\":\"https:\\\/\\\/alfawood.gr\\\/\",\"logo\":{\"@type\":\"ImageObject\",\"inLanguage\":\"sq\",\"@id\":\"https:\\\/\\\/alfawood.gr\\\/#\\\/schema\\\/logo\\\/image\\\/\",\"url\":\"https:\\\/\\\/alfawood.gr\\\/wp-content\\\/uploads\\\/2023\\\/02\\\/alfa-wood-logo-1.svg\",\"contentUrl\":\"https:\\\/\\\/alfawood.gr\\\/wp-content\\\/uploads\\\/2023\\\/02\\\/alfa-wood-logo-1.svg\",\"width\":305,\"height\":195,\"caption\":\"Alfa Wood Group\"},\"image\":{\"@id\":\"https:\\\/\\\/alfawood.gr\\\/#\\\/schema\\\/logo\\\/image\\\/\"},\"sameAs\":[\"https:\\\/\\\/www.facebook.com\\\/alfawood.group\",\"https:\\\/\\\/x.com\\\/ALFAWOODGROUP\",\"https:\\\/\\\/www.instagram.com\\\/alfawood.group\",\"https:\\\/\\\/www.youtube.com\\\/@alfawoodgroup\",\"https:\\\/\\\/www.tiktok.com\\\/@alfawood.group\",\"https:\\\/\\\/vimeo.com\\\/alfawood\",\"https:\\\/\\\/www.linkedin.com\\\/company\\\/alfawoodgroup\",\"https:\\\/\\\/www.pinterest.com\\\/alfawoodgroup\\\/\"]}]}<\/script>\n<!-- \/ Yoast SEO Premium plugin. -->","yoast_head_json":{"title":"1096 Reef Grey - Melamine Surfaces MDF Countertops Dyer","robots":{"index":"index","follow":"follow","max-snippet":"max-snippet:-1","max-image-preview":"max-image-preview:large","max-video-preview":"max-video-preview:-1"},"canonical":"https:\/\/alfawood.gr\/sq\/produkt\/reef-grey-1096","og_locale":"sq_AL","og_type":"article","og_title":"1096 Reef Grey","og_description":"\u0397 \u03b5\u03c0\u03b9\u03c6\u03ac\u03bd\u03b5\u03b9\u03b1 \u03bc\u03b5\u03bb\u03b1\u03bc\u03af\u03bd\u03b7\u03c2 1096 Reef Grey Soft \u03b1\u03ba\u03bf\u03bb\u03bf\u03c5\u03b8\u03b5\u03af \u03c4\u03b7\u03bd \u03c4\u03ac\u03c3\u03b7 \u03c4\u03c9\u03bd \u03bc\u03b1\u03c4 \u03b5\u03c0\u03b9\u03c6\u03b1\u03bd\u03b5\u03b9\u03ce\u03bd. \u0397 \u03bc\u03b1\u03c4 \u03c5\u03c6\u03ae \u03c4\u03bf\u03c5 \u03c3\u03b5 \u03c8\u03c5\u03c7\u03c1\u03ae \u03b3\u03ba\u03c1\u03b9 \u03b1\u03c0\u03cc\u03c7\u03c1\u03c9\u03c3\u03b7 \u03c4\u03bf \u03ba\u03b1\u03b8\u03b9\u03c3\u03c4\u03ac \u03b1\u03c1\u03ba\u03b5\u03c4\u03ac \u03c3\u03c4\u03b9\u03b2\u03b1\u03c1\u03cc \u03b3\u03b9\u03b1 \u03cc\u03bb\u03b5\u03c2 \u03c4\u03b9\u03c2 \u03c7\u03c1\u03ae\u03c3\u03b5\u03b9\u03c2 \u03ba\u03b1\u03b9 \u03b5\u03cd\u03ba\u03bf\u03bb\u03b1 \u03c3\u03c5\u03bd\u03b4\u03c5\u03b1\u03c3\u03bc\u03ad\u03bd\u03bf \u03bc\u03b5 \u03b4\u03b9\u03b1\u03c6\u03bf\u03c1\u03b5\u03c4\u03b9\u03ba\u03ad\u03c2 \u03b4\u03b9\u03b1\u03ba\u03bf\u03c3\u03bc\u03b7\u03c4\u03b9\u03ba\u03ad\u03c2 \u03b5\u03c0\u03b9\u03c6\u03ac\u03bd\u03b5\u03b9\u03b5\u03c2 \u03bc\u03b5\u03bb\u03b1\u03bc\u03b9\u03bd\u03ce\u03bd.","og_url":"https:\/\/alfawood.gr\/sq\/produkt\/reef-grey-1096","og_site_name":"\u0395\u03c0\u03b9\u03c6\u03ac\u03bd\u03b5\u03b9\u03b5\u03c2 \u039c\u03b5\u03bb\u03b1\u03bc\u03af\u03bd\u03b7\u03c2 MDF \u039c\u03bf\u03c1\u03b9\u03bf\u03c3\u03b1\u03bd\u03af\u03b4\u03b1 \u03a0\u03ac\u03b3\u03ba\u03bf\u03b9 \u0394\u03ac\u03c0\u03b5\u03b4\u03b1 \u03a0\u03cc\u03c1\u03c4\u03b5\u03c2","article_publisher":"https:\/\/www.facebook.com\/alfawood.group","article_modified_time":"2023-04-11T07:51:58+00:00","og_image":[{"width":1457,"height":2000,"url":"https:\/\/alfawood.gr\/wp-content\/uploads\/2023\/03\/Commercial-1096.jpg","type":"image\/jpeg"}],"twitter_card":"summary_large_image","twitter_site":"@ALFAWOODGROUP","twitter_misc":{"Est. reading time":"1 minut\u00eb"},"schema":{"@context":"https:\/\/schema.org","@graph":[{"@type":"WebPage","@id":"https:\/\/alfawood.gr\/en\/product\/reef-grey-1096\/","url":"https:\/\/alfawood.gr\/en\/product\/reef-grey-1096\/","name":"1096 Reef Grey - Melamine Surfaces MDF Countertops Dyer","isPartOf":{"@id":"https:\/\/alfawood.gr\/#website"},"primaryImageOfPage":{"@id":"https:\/\/alfawood.gr\/en\/product\/reef-grey-1096\/#primaryimage"},"image":{"@id":"https:\/\/alfawood.gr\/en\/product\/reef-grey-1096\/#primaryimage"},"thumbnailUrl":"https:\/\/alfawood.gr\/wp-content\/uploads\/2023\/03\/Commercial-1096.jpg","datePublished":"2023-03-07T08:22:18+00:00","dateModified":"2023-04-11T07:51:58+00:00","breadcrumb":{"@id":"https:\/\/alfawood.gr\/en\/product\/reef-grey-1096\/#breadcrumb"},"inLanguage":"sq","potentialAction":[{"@type":"ReadAction","target":["https:\/\/alfawood.gr\/en\/product\/reef-grey-1096\/"]}]},{"@type":"ImageObject","inLanguage":"sq","@id":"https:\/\/alfawood.gr\/en\/product\/reef-grey-1096\/#primaryimage","url":"https:\/\/alfawood.gr\/wp-content\/uploads\/2023\/03\/Commercial-1096.jpg","contentUrl":"https:\/\/alfawood.gr\/wp-content\/uploads\/2023\/03\/Commercial-1096.jpg","width":1457,"height":2000,"caption":"Reef Grey 1096 - Alfa Surfaces Solid & Textile"},{"@type":"BreadcrumbList","@id":"https:\/\/alfawood.gr\/en\/product\/reef-grey-1096\/#breadcrumb","itemListElement":[{"@type":"ListItem","position":1,"name":"Home","item":"https:\/\/alfawood.gr\/"},{"@type":"ListItem","position":2,"name":"\u03a0\u03c1\u03bf\u03ca\u03cc\u03bd\u03c4\u03b1","item":"https:\/\/alfawood.gr\/proionta-wood\/"},{"@type":"ListItem","position":3,"name":"Alfa Surfaces","item":"https:\/\/alfawood.gr\/category\/alfa-surfaces\/"},{"@type":"ListItem","position":4,"name":"1096 Reef Grey"}]},{"@type":"WebSite","@id":"https:\/\/alfawood.gr\/#website","url":"https:\/\/alfawood.gr\/","name":"Sip\u00ebrfaqe melamine MDF banak\u00eb p\u00ebr pllaka Dyer","description":"Alfa Wood Group Industria e drurit","publisher":{"@id":"https:\/\/alfawood.gr\/#organization"},"alternateName":"Melamines - MDF - Laminate - Worktops","potentialAction":[{"@type":"SearchAction","target":{"@type":"EntryPoint","urlTemplate":"https:\/\/alfawood.gr\/?s={search_term_string}"},"query-input":{"@type":"PropertyValueSpecification","valueRequired":true,"valueName":"search_term_string"}}],"inLanguage":"sq"},{"@type":"Organization","@id":"https:\/\/alfawood.gr\/#organization","name":"Alfa Wood Group","url":"https:\/\/alfawood.gr\/","logo":{"@type":"ImageObject","inLanguage":"sq","@id":"https:\/\/alfawood.gr\/#\/schema\/logo\/image\/","url":"https:\/\/alfawood.gr\/wp-content\/uploads\/2023\/02\/alfa-wood-logo-1.svg","contentUrl":"https:\/\/alfawood.gr\/wp-content\/uploads\/2023\/02\/alfa-wood-logo-1.svg","width":305,"height":195,"caption":"Alfa Wood Group"},"image":{"@id":"https:\/\/alfawood.gr\/#\/schema\/logo\/image\/"},"sameAs":["https:\/\/www.facebook.com\/alfawood.group","https:\/\/x.com\/ALFAWOODGROUP","https:\/\/www.instagram.com\/alfawood.group","https:\/\/www.youtube.com\/@alfawoodgroup","https:\/\/www.tiktok.com\/@alfawood.group","https:\/\/vimeo.com\/alfawood","https:\/\/www.linkedin.com\/company\/alfawoodgroup","https:\/\/www.pinterest.com\/alfawoodgroup\/"]}]}},"_links":{"self":[{"href":"https:\/\/alfawood.gr\/sq\/wp-json\/wp\/v2\/product\/15499","targetHints":{"allow":["GET"]}}],"collection":[{"href":"https:\/\/alfawood.gr\/sq\/wp-json\/wp\/v2\/product"}],"about":[{"href":"https:\/\/alfawood.gr\/sq\/wp-json\/wp\/v2\/types\/product"}],"version-history":[{"count":0,"href":"https:\/\/alfawood.gr\/sq\/wp-json\/wp\/v2\/product\/15499\/revisions"}],"wp:featuredmedia":[{"embeddable":true,"href":"https:\/\/alfawood.gr\/sq\/wp-json\/wp\/v2\/media\/15501"}],"wp:attachment":[{"href":"https:\/\/alfawood.gr\/sq\/wp-json\/wp\/v2\/media?parent=15499"}],"wp:term":[{"taxonomy":"product_brand","embeddable":true,"href":"https:\/\/alfawood.gr\/sq\/wp-json\/wp\/v2\/product_brand?post=15499"},{"taxonomy":"product_cat","embeddable":true,"href":"https:\/\/alfawood.gr\/sq\/wp-json\/wp\/v2\/product_cat?post=15499"},{"taxonomy":"product_tag","embeddable":true,"href":"https:\/\/alfawood.gr\/sq\/wp-json\/wp\/v2\/product_tag?post=15499"}],"curies":[{"name":"wp","href":"https:\/\/api.w.org\/{rel}","templated":true}]}}