{"id":15626,"date":"2023-03-07T08:23:49","date_gmt":"2023-03-07T08:23:49","guid":{"rendered":"https:\/\/alfawood.gr\/product\/super-gloss-white-1298\/"},"modified":"2023-04-21T13:48:57","modified_gmt":"2023-04-21T13:48:57","slug":"super-gloss-white-1298","status":"publish","type":"product","link":"https:\/\/alfawood.gr\/sq\/product\/super-gloss-white-1298\/","title":{"rendered":"1298 E bardh\u00eb super me shk\u00eblqim"},"content":{"rendered":"<p>Panelet akrilike jan\u00eb rezultat i nj\u00eb teknologjie inovative p\u00ebrpunimi q\u00eb synon t\u00eb shtyj\u00eb kufijt\u00eb e performanc\u00ebs, estetik\u00ebs dhe q\u00ebndrueshm\u00ebris\u00eb. B\u00ebrthama e paneleve p\u00ebrb\u00ebhet nga hdf dhe \u00ebsht\u00eb e dyanshme. Ana e p\u00ebrparme me flet\u00eb akrilike (super gloss-super mat) ose pet (pet gloss-pet matt) nd\u00ebrsa ana e pasme me melamine n\u00eb t\u00eb nj\u00ebjt\u00ebn ngjyr\u00eb. Ato vijn\u00eb n\u00eb versionet Gloss dhe Matt - n\u00eb nj\u00eb gam\u00eb t\u00eb gjer\u00eb ngjyrash.<\/p>\n<p>Panelet akrilike kan\u00eb veti q\u00eb i japin sip\u00ebrfaqeve pik\u00ebrisht funksionalitetin e pritur nga produktet me cil\u00ebsi t\u00eb lart\u00eb, p\u00ebr p\u00ebrdorim t\u00eb brendsh\u00ebm n\u00eb ambiente t\u00eb ndjeshme banimi, si fasadat e kuzhin\u00ebs apo mobiljet n\u00eb karvan\u00eb dhe ambiente t\u00eb ngjashme.<\/p>\n<p>Karakteristikat teknike reflektohen edhe n\u00eb q\u00ebndrueshm\u00ebrin\u00eb e sip\u00ebrfaqeve. Funksionalisht, ai siguron q\u00ebndrueshm\u00ebri t\u00eb provuar, t\u00eb shk\u00eblqyer dhe rezistenc\u00eb ndaj g\u00ebrvishtjeve. P\u00ebrve\u00e7 k\u00ebsaj, ve\u00e7ohen vetit\u00eb e anti-gjurm\u00ebve t\u00eb gishtave, rezistenc\u00ebs ndaj njollave, pastrimit t\u00eb leht\u00eb dhe rezistenc\u00ebs kimike.<\/p>\n<p>Super shk\u00eblqim dhe super mat jan\u00eb kund\u00ebr g\u00ebrvishtjeve dhe gishtave.<\/p>","protected":false},"excerpt":{"rendered":"<p>\u03a4\u03bf \u03b1\u03ba\u03c1\u03b9\u03bb\u03b9\u03ba\u03ac \u03c0\u03ac\u03bd\u03b5\u03bb Alfa Super Gloss\u03b5\u03af\u03bd\u03b1\u03b9 \u03ad\u03bd\u03b1 \u03c0\u03c1\u03c9\u03c4\u03bf\u03c0\u03bf\u03c1\u03b9\u03b1\u03ba\u03cc, \u03b3\u03c5\u03b1\u03bb\u03b9\u03c3\u03c4\u03b5\u03c1\u03cc, \u03b1\u03c0\u03b1\u03bb\u03cc \u03c6\u03b9\u03bb\u03bc \u03c7\u03b1\u03c1\u03c4\u03b9\u03bf\u03cd \u03c7\u03c9\u03c1\u03af\u03c2 \u03c6\u03bf\u03c1\u03bc\u03b1\u03bb\u03b4\u03b5\u03b0\u03b4\u03b7, \u03c0\u03b1\u03c4\u03b7\u03bc\u03ad\u03bd\u03bf \u03c0\u03ac\u03bd\u03c9 \u03c3\u03b5 \u03c0\u03ac\u03bd\u03b5\u03bb HDF (High Density Fibreboard). \u039c\u03c0\u03bf\u03c1\u03b5\u03af \u03b5\u03cd\u03ba\u03bf\u03bb\u03b1 \u03bd\u03b1 \u03c3\u03c5\u03bd\u03b4\u03c5\u03b1\u03c3\u03c4\u03b5\u03af \u03bc\u03b5 ABS \u03c3\u03c4\u03b1 \u03af\u03b4\u03b9\u03b1 \u03c7\u03c1\u03ce\u03bc\u03b1\u03c4\u03b1.<\/p>","protected":false},"featured_media":15628,"template":"","meta":{"_acf_changed":false,"inline_featured_image":false,"cybocfi_hide_featured_image":""},"product_brand":[],"product_cat":[83,122,153],"product_tag":[],"class_list":{"0":"post-15626","1":"product","2":"type-product","3":"status-publish","4":"has-post-thumbnail","6":"product_cat-alfa-surfaces","7":"product_cat-super-gloss","8":"product_cat-gloss","10":"first","11":"instock","12":"product-type-simple"},"acf":[],"yoast_head":"<!-- This site is optimized with the Yoast SEO Premium plugin v27.3 (Yoast SEO v27.3) - https:\/\/yoast.com\/product\/yoast-seo-premium-wordpress\/ -->\n<title>1298 White Super Gloss - \u0395\u03c0\u03b9\u03c6\u03ac\u03bd\u03b5\u03b9\u03b5\u03c2 \u039c\u03b5\u03bb\u03b1\u03bc\u03af\u03bd\u03b7\u03c2 MDF \u039c\u03bf\u03c1\u03b9\u03bf\u03c3\u03b1\u03bd\u03af\u03b4\u03b1 \u03a0\u03ac\u03b3\u03ba\u03bf\u03b9 \u0394\u03ac\u03c0\u03b5\u03b4\u03b1 \u03a0\u03cc\u03c1\u03c4\u03b5\u03c2<\/title>\n<meta name=\"robots\" content=\"index, follow, max-snippet:-1, max-image-preview:large, max-video-preview:-1\" \/>\n<link rel=\"canonical\" href=\"https:\/\/alfawood.gr\/sq\/produkt\/super-gloss-white-1298\" \/>\n<meta property=\"og:locale\" content=\"sq_AL\" \/>\n<meta property=\"og:type\" content=\"article\" \/>\n<meta property=\"og:title\" content=\"1298 White Super Gloss\" \/>\n<meta property=\"og:description\" content=\"\u03a4\u03bf \u03b1\u03ba\u03c1\u03b9\u03bb\u03b9\u03ba\u03ac \u03c0\u03ac\u03bd\u03b5\u03bb Alfa Super Gloss\u03b5\u03af\u03bd\u03b1\u03b9 \u03ad\u03bd\u03b1 \u03c0\u03c1\u03c9\u03c4\u03bf\u03c0\u03bf\u03c1\u03b9\u03b1\u03ba\u03cc, \u03b3\u03c5\u03b1\u03bb\u03b9\u03c3\u03c4\u03b5\u03c1\u03cc, \u03b1\u03c0\u03b1\u03bb\u03cc \u03c6\u03b9\u03bb\u03bc \u03c7\u03b1\u03c1\u03c4\u03b9\u03bf\u03cd \u03c7\u03c9\u03c1\u03af\u03c2 \u03c6\u03bf\u03c1\u03bc\u03b1\u03bb\u03b4\u03b5\u03b0\u03b4\u03b7, \u03c0\u03b1\u03c4\u03b7\u03bc\u03ad\u03bd\u03bf \u03c0\u03ac\u03bd\u03c9 \u03c3\u03b5 \u03c0\u03ac\u03bd\u03b5\u03bb HDF (High Density Fibreboard). \u039c\u03c0\u03bf\u03c1\u03b5\u03af \u03b5\u03cd\u03ba\u03bf\u03bb\u03b1 \u03bd\u03b1 \u03c3\u03c5\u03bd\u03b4\u03c5\u03b1\u03c3\u03c4\u03b5\u03af \u03bc\u03b5 ABS \u03c3\u03c4\u03b1 \u03af\u03b4\u03b9\u03b1 \u03c7\u03c1\u03ce\u03bc\u03b1\u03c4\u03b1.\" \/>\n<meta property=\"og:url\" content=\"https:\/\/alfawood.gr\/sq\/produkt\/super-gloss-white-1298\" \/>\n<meta property=\"og:site_name\" content=\"\u0395\u03c0\u03b9\u03c6\u03ac\u03bd\u03b5\u03b9\u03b5\u03c2 \u039c\u03b5\u03bb\u03b1\u03bc\u03af\u03bd\u03b7\u03c2 MDF \u039c\u03bf\u03c1\u03b9\u03bf\u03c3\u03b1\u03bd\u03af\u03b4\u03b1 \u03a0\u03ac\u03b3\u03ba\u03bf\u03b9 \u0394\u03ac\u03c0\u03b5\u03b4\u03b1 \u03a0\u03cc\u03c1\u03c4\u03b5\u03c2\" \/>\n<meta property=\"article:publisher\" content=\"https:\/\/www.facebook.com\/alfawood.group\" \/>\n<meta property=\"article:modified_time\" content=\"2023-04-21T13:48:57+00:00\" \/>\n<meta property=\"og:image\" content=\"https:\/\/alfawood.gr\/wp-content\/uploads\/2023\/03\/1298-White.jpg\" \/>\n\t<meta property=\"og:image:width\" content=\"1457\" \/>\n\t<meta property=\"og:image:height\" content=\"2000\" \/>\n\t<meta property=\"og:image:type\" content=\"image\/jpeg\" \/>\n<meta name=\"twitter:card\" content=\"summary_large_image\" \/>\n<meta name=\"twitter:site\" content=\"@ALFAWOODGROUP\" \/>\n<meta name=\"twitter:label1\" content=\"Est. reading time\" \/>\n\t<meta name=\"twitter:data1\" content=\"1 minut\u00eb\" \/>\n<script type=\"application\/ld+json\" class=\"yoast-schema-graph\">{\"@context\":\"https:\\\/\\\/schema.org\",\"@graph\":[{\"@type\":\"WebPage\",\"@id\":\"https:\\\/\\\/alfawood.gr\\\/product\\\/super-gloss-white-1298\\\/\",\"url\":\"https:\\\/\\\/alfawood.gr\\\/product\\\/super-gloss-white-1298\\\/\",\"name\":\"1298 White Super Gloss - \u0395\u03c0\u03b9\u03c6\u03ac\u03bd\u03b5\u03b9\u03b5\u03c2 \u039c\u03b5\u03bb\u03b1\u03bc\u03af\u03bd\u03b7\u03c2 MDF \u039c\u03bf\u03c1\u03b9\u03bf\u03c3\u03b1\u03bd\u03af\u03b4\u03b1 \u03a0\u03ac\u03b3\u03ba\u03bf\u03b9 \u0394\u03ac\u03c0\u03b5\u03b4\u03b1 \u03a0\u03cc\u03c1\u03c4\u03b5\u03c2\",\"isPartOf\":{\"@id\":\"https:\\\/\\\/alfawood.gr\\\/#website\"},\"primaryImageOfPage\":{\"@id\":\"https:\\\/\\\/alfawood.gr\\\/product\\\/super-gloss-white-1298\\\/#primaryimage\"},\"image\":{\"@id\":\"https:\\\/\\\/alfawood.gr\\\/product\\\/super-gloss-white-1298\\\/#primaryimage\"},\"thumbnailUrl\":\"https:\\\/\\\/alfawood.gr\\\/wp-content\\\/uploads\\\/2023\\\/03\\\/1298-White.jpg\",\"datePublished\":\"2023-03-07T08:23:49+00:00\",\"dateModified\":\"2023-04-21T13:48:57+00:00\",\"breadcrumb\":{\"@id\":\"https:\\\/\\\/alfawood.gr\\\/product\\\/super-gloss-white-1298\\\/#breadcrumb\"},\"inLanguage\":\"sq\",\"potentialAction\":[{\"@type\":\"ReadAction\",\"target\":[\"https:\\\/\\\/alfawood.gr\\\/product\\\/super-gloss-white-1298\\\/\"]}]},{\"@type\":\"ImageObject\",\"inLanguage\":\"sq\",\"@id\":\"https:\\\/\\\/alfawood.gr\\\/product\\\/super-gloss-white-1298\\\/#primaryimage\",\"url\":\"https:\\\/\\\/alfawood.gr\\\/wp-content\\\/uploads\\\/2023\\\/03\\\/1298-White.jpg\",\"contentUrl\":\"https:\\\/\\\/alfawood.gr\\\/wp-content\\\/uploads\\\/2023\\\/03\\\/1298-White.jpg\",\"width\":1457,\"height\":2000,\"caption\":\"Super Gloss White 1298 - Alfa Surfaces Super Gloss Acrylic\"},{\"@type\":\"BreadcrumbList\",\"@id\":\"https:\\\/\\\/alfawood.gr\\\/product\\\/super-gloss-white-1298\\\/#breadcrumb\",\"itemListElement\":[{\"@type\":\"ListItem\",\"position\":1,\"name\":\"Home\",\"item\":\"https:\\\/\\\/alfawood.gr\\\/\"},{\"@type\":\"ListItem\",\"position\":2,\"name\":\"\u03a0\u03c1\u03bf\u03ca\u03cc\u03bd\u03c4\u03b1\",\"item\":\"https:\\\/\\\/alfawood.gr\\\/proionta-wood\\\/\"},{\"@type\":\"ListItem\",\"position\":3,\"name\":\"Alfa Surfaces\",\"item\":\"https:\\\/\\\/alfawood.gr\\\/category\\\/alfa-surfaces\\\/\"},{\"@type\":\"ListItem\",\"position\":4,\"name\":\"1298 White Super Gloss\"}]},{\"@type\":\"WebSite\",\"@id\":\"https:\\\/\\\/alfawood.gr\\\/#website\",\"url\":\"https:\\\/\\\/alfawood.gr\\\/\",\"name\":\"\u0395\u03c0\u03b9\u03c6\u03ac\u03bd\u03b5\u03b9\u03b5\u03c2 \u039c\u03b5\u03bb\u03b1\u03bc\u03af\u03bd\u03b7\u03c2 MDF \u039c\u03bf\u03c1\u03b9\u03bf\u03c3\u03b1\u03bd\u03af\u03b4\u03b1 \u03a0\u03ac\u03b3\u03ba\u03bf\u03b9 \u0394\u03ac\u03c0\u03b5\u03b4\u03b1 \u03a0\u03cc\u03c1\u03c4\u03b5\u03c2\",\"description\":\"\u0392\u03b9\u03bf\u03bc\u03b7\u03c7\u03b1\u03bd\u03af\u03b1 \u039e\u03cd\u03bb\u03bf\u03c5 Alfa Wood Group\",\"publisher\":{\"@id\":\"https:\\\/\\\/alfawood.gr\\\/#organization\"},\"alternateName\":\"Melamines - MDF - Laminate - Worktops\",\"potentialAction\":[{\"@type\":\"SearchAction\",\"target\":{\"@type\":\"EntryPoint\",\"urlTemplate\":\"https:\\\/\\\/alfawood.gr\\\/?s={search_term_string}\"},\"query-input\":{\"@type\":\"PropertyValueSpecification\",\"valueRequired\":true,\"valueName\":\"search_term_string\"}}],\"inLanguage\":\"sq\"},{\"@type\":\"Organization\",\"@id\":\"https:\\\/\\\/alfawood.gr\\\/#organization\",\"name\":\"Alfa Wood Group\",\"url\":\"https:\\\/\\\/alfawood.gr\\\/\",\"logo\":{\"@type\":\"ImageObject\",\"inLanguage\":\"sq\",\"@id\":\"https:\\\/\\\/alfawood.gr\\\/#\\\/schema\\\/logo\\\/image\\\/\",\"url\":\"https:\\\/\\\/alfawood.gr\\\/wp-content\\\/uploads\\\/2023\\\/02\\\/alfa-wood-logo-1.svg\",\"contentUrl\":\"https:\\\/\\\/alfawood.gr\\\/wp-content\\\/uploads\\\/2023\\\/02\\\/alfa-wood-logo-1.svg\",\"width\":305,\"height\":195,\"caption\":\"Alfa Wood Group\"},\"image\":{\"@id\":\"https:\\\/\\\/alfawood.gr\\\/#\\\/schema\\\/logo\\\/image\\\/\"},\"sameAs\":[\"https:\\\/\\\/www.facebook.com\\\/alfawood.group\",\"https:\\\/\\\/x.com\\\/ALFAWOODGROUP\",\"https:\\\/\\\/www.instagram.com\\\/alfawood.group\",\"https:\\\/\\\/www.youtube.com\\\/@alfawoodgroup\",\"https:\\\/\\\/www.tiktok.com\\\/@alfawood.group\",\"https:\\\/\\\/vimeo.com\\\/alfawood\",\"https:\\\/\\\/www.linkedin.com\\\/company\\\/alfawoodgroup\",\"https:\\\/\\\/www.pinterest.com\\\/alfawoodgroup\\\/\"]}]}<\/script>\n<!-- \/ Yoast SEO Premium plugin. -->","yoast_head_json":{"title":"5658 Gloss - Melamine Sip\u00ebrfaqet MDF Num\u00ebruesit e chipboard Dyer Dyer","robots":{"index":"index","follow":"follow","max-snippet":"max-snippet:-1","max-image-preview":"max-image-preview:large","max-video-preview":"max-video-preview:-1"},"canonical":"https:\/\/alfawood.gr\/sq\/produkt\/super-gloss-white-1298","og_locale":"sq_AL","og_type":"article","og_title":"1298 White Super Gloss","og_description":"\u03a4\u03bf \u03b1\u03ba\u03c1\u03b9\u03bb\u03b9\u03ba\u03ac \u03c0\u03ac\u03bd\u03b5\u03bb Alfa Super Gloss\u03b5\u03af\u03bd\u03b1\u03b9 \u03ad\u03bd\u03b1 \u03c0\u03c1\u03c9\u03c4\u03bf\u03c0\u03bf\u03c1\u03b9\u03b1\u03ba\u03cc, \u03b3\u03c5\u03b1\u03bb\u03b9\u03c3\u03c4\u03b5\u03c1\u03cc, \u03b1\u03c0\u03b1\u03bb\u03cc \u03c6\u03b9\u03bb\u03bc \u03c7\u03b1\u03c1\u03c4\u03b9\u03bf\u03cd \u03c7\u03c9\u03c1\u03af\u03c2 \u03c6\u03bf\u03c1\u03bc\u03b1\u03bb\u03b4\u03b5\u03b0\u03b4\u03b7, \u03c0\u03b1\u03c4\u03b7\u03bc\u03ad\u03bd\u03bf \u03c0\u03ac\u03bd\u03c9 \u03c3\u03b5 \u03c0\u03ac\u03bd\u03b5\u03bb HDF (High Density Fibreboard). \u039c\u03c0\u03bf\u03c1\u03b5\u03af \u03b5\u03cd\u03ba\u03bf\u03bb\u03b1 \u03bd\u03b1 \u03c3\u03c5\u03bd\u03b4\u03c5\u03b1\u03c3\u03c4\u03b5\u03af \u03bc\u03b5 ABS \u03c3\u03c4\u03b1 \u03af\u03b4\u03b9\u03b1 \u03c7\u03c1\u03ce\u03bc\u03b1\u03c4\u03b1.","og_url":"https:\/\/alfawood.gr\/sq\/produkt\/super-gloss-white-1298","og_site_name":"\u0395\u03c0\u03b9\u03c6\u03ac\u03bd\u03b5\u03b9\u03b5\u03c2 \u039c\u03b5\u03bb\u03b1\u03bc\u03af\u03bd\u03b7\u03c2 MDF \u039c\u03bf\u03c1\u03b9\u03bf\u03c3\u03b1\u03bd\u03af\u03b4\u03b1 \u03a0\u03ac\u03b3\u03ba\u03bf\u03b9 \u0394\u03ac\u03c0\u03b5\u03b4\u03b1 \u03a0\u03cc\u03c1\u03c4\u03b5\u03c2","article_publisher":"https:\/\/www.facebook.com\/alfawood.group","article_modified_time":"2023-04-21T13:48:57+00:00","og_image":[{"width":1457,"height":2000,"url":"https:\/\/alfawood.gr\/wp-content\/uploads\/2023\/03\/1298-White.jpg","type":"image\/jpeg"}],"twitter_card":"summary_large_image","twitter_site":"@ALFAWOODGROUP","twitter_misc":{"Est. reading time":"1 minut\u00eb"},"schema":{"@context":"https:\/\/schema.org","@graph":[{"@type":"WebPage","@id":"https:\/\/alfawood.gr\/product\/super-gloss-white-1298\/","url":"https:\/\/alfawood.gr\/product\/super-gloss-white-1298\/","name":"5658 Gloss - Melamine Sip\u00ebrfaqet MDF Num\u00ebruesit e chipboard Dyer Dyer","isPartOf":{"@id":"https:\/\/alfawood.gr\/#website"},"primaryImageOfPage":{"@id":"https:\/\/alfawood.gr\/product\/super-gloss-white-1298\/#primaryimage"},"image":{"@id":"https:\/\/alfawood.gr\/product\/super-gloss-white-1298\/#primaryimage"},"thumbnailUrl":"https:\/\/alfawood.gr\/wp-content\/uploads\/2023\/03\/1298-White.jpg","datePublished":"2023-03-07T08:23:49+00:00","dateModified":"2023-04-21T13:48:57+00:00","breadcrumb":{"@id":"https:\/\/alfawood.gr\/product\/super-gloss-white-1298\/#breadcrumb"},"inLanguage":"sq","potentialAction":[{"@type":"ReadAction","target":["https:\/\/alfawood.gr\/product\/super-gloss-white-1298\/"]}]},{"@type":"ImageObject","inLanguage":"sq","@id":"https:\/\/alfawood.gr\/product\/super-gloss-white-1298\/#primaryimage","url":"https:\/\/alfawood.gr\/wp-content\/uploads\/2023\/03\/1298-White.jpg","contentUrl":"https:\/\/alfawood.gr\/wp-content\/uploads\/2023\/03\/1298-White.jpg","width":1457,"height":2000,"caption":"Super Gloss White 1298 - Alfa Surfaces Super Gloss Acrylic"},{"@type":"BreadcrumbList","@id":"https:\/\/alfawood.gr\/product\/super-gloss-white-1298\/#breadcrumb","itemListElement":[{"@type":"ListItem","position":1,"name":"Home","item":"https:\/\/alfawood.gr\/"},{"@type":"ListItem","position":2,"name":"\u03a0\u03c1\u03bf\u03ca\u03cc\u03bd\u03c4\u03b1","item":"https:\/\/alfawood.gr\/proionta-wood\/"},{"@type":"ListItem","position":3,"name":"Alfa Surfaces","item":"https:\/\/alfawood.gr\/category\/alfa-surfaces\/"},{"@type":"ListItem","position":4,"name":"1298 White Super Gloss"}]},{"@type":"WebSite","@id":"https:\/\/alfawood.gr\/#website","url":"https:\/\/alfawood.gr\/","name":"Sip\u00ebrfaqe melamine MDF banak\u00eb p\u00ebr pllaka Dyer","description":"Alfa Wood Group Industria e drurit","publisher":{"@id":"https:\/\/alfawood.gr\/#organization"},"alternateName":"Melamines - MDF - Laminate - Worktops","potentialAction":[{"@type":"SearchAction","target":{"@type":"EntryPoint","urlTemplate":"https:\/\/alfawood.gr\/?s={search_term_string}"},"query-input":{"@type":"PropertyValueSpecification","valueRequired":true,"valueName":"search_term_string"}}],"inLanguage":"sq"},{"@type":"Organization","@id":"https:\/\/alfawood.gr\/#organization","name":"Alfa Wood Group","url":"https:\/\/alfawood.gr\/","logo":{"@type":"ImageObject","inLanguage":"sq","@id":"https:\/\/alfawood.gr\/#\/schema\/logo\/image\/","url":"https:\/\/alfawood.gr\/wp-content\/uploads\/2023\/02\/alfa-wood-logo-1.svg","contentUrl":"https:\/\/alfawood.gr\/wp-content\/uploads\/2023\/02\/alfa-wood-logo-1.svg","width":305,"height":195,"caption":"Alfa Wood Group"},"image":{"@id":"https:\/\/alfawood.gr\/#\/schema\/logo\/image\/"},"sameAs":["https:\/\/www.facebook.com\/alfawood.group","https:\/\/x.com\/ALFAWOODGROUP","https:\/\/www.instagram.com\/alfawood.group","https:\/\/www.youtube.com\/@alfawoodgroup","https:\/\/www.tiktok.com\/@alfawood.group","https:\/\/vimeo.com\/alfawood","https:\/\/www.linkedin.com\/company\/alfawoodgroup","https:\/\/www.pinterest.com\/alfawoodgroup\/"]}]}},"_links":{"self":[{"href":"https:\/\/alfawood.gr\/sq\/wp-json\/wp\/v2\/product\/15626","targetHints":{"allow":["GET"]}}],"collection":[{"href":"https:\/\/alfawood.gr\/sq\/wp-json\/wp\/v2\/product"}],"about":[{"href":"https:\/\/alfawood.gr\/sq\/wp-json\/wp\/v2\/types\/product"}],"version-history":[{"count":0,"href":"https:\/\/alfawood.gr\/sq\/wp-json\/wp\/v2\/product\/15626\/revisions"}],"wp:featuredmedia":[{"embeddable":true,"href":"https:\/\/alfawood.gr\/sq\/wp-json\/wp\/v2\/media\/15628"}],"wp:attachment":[{"href":"https:\/\/alfawood.gr\/sq\/wp-json\/wp\/v2\/media?parent=15626"}],"wp:term":[{"taxonomy":"product_brand","embeddable":true,"href":"https:\/\/alfawood.gr\/sq\/wp-json\/wp\/v2\/product_brand?post=15626"},{"taxonomy":"product_cat","embeddable":true,"href":"https:\/\/alfawood.gr\/sq\/wp-json\/wp\/v2\/product_cat?post=15626"},{"taxonomy":"product_tag","embeddable":true,"href":"https:\/\/alfawood.gr\/sq\/wp-json\/wp\/v2\/product_tag?post=15626"}],"curies":[{"name":"wp","href":"https:\/\/api.w.org\/{rel}","templated":true}]}}