{"id":15730,"date":"2023-03-07T08:24:56","date_gmt":"2023-03-07T08:24:56","guid":{"rendered":"https:\/\/alfawood.gr\/product\/white-oak-0103\/"},"modified":"2026-02-25T15:51:06","modified_gmt":"2026-02-25T13:51:06","slug":"white-oak-0103","status":"publish","type":"product","link":"https:\/\/alfawood.gr\/sq\/product\/white-oak-0103\/","title":{"rendered":"0103 Lisi i bardh\u00eb"},"content":{"rendered":"<div data-elementor-type=\"wp-post\" data-elementor-id=\"16449\" class=\"elementor elementor-16449\" data-elementor-post-type=\"cms_block\">\n\t\t\t\t\t\t<section class=\"wd-negative-gap elementor-section elementor-top-section elementor-element elementor-element-9f7ae1f elementor-section-boxed elementor-section-height-default elementor-section-height-default\" data-id=\"9f7ae1f\" data-element_type=\"section\" data-e-type=\"section\">\n\t\t\t\t\t\t<div class=\"elementor-container elementor-column-gap-default\">\n\t\t\t\t\t<div class=\"elementor-column elementor-col-100 elementor-top-column elementor-element elementor-element-35495ca\" data-id=\"35495ca\" data-element_type=\"column\" data-e-type=\"column\">\n\t\t\t<div class=\"elementor-widget-wrap elementor-element-populated\">\n\t\t\t\t\t\t<div class=\"elementor-element elementor-element-92728f5 elementor-widget elementor-widget-wd_text_block\" data-id=\"92728f5\" data-element_type=\"widget\" data-e-type=\"widget\" data-widget_type=\"wd_text_block.default\">\n\t\t\t\t<div class=\"elementor-widget-container\">\n\t\t\t\t\t\t\t<div class=\"wd-text-block reset-last-child text-left\">\n\t\t\t\n\t\t\t<p class=\"translation-block\"><a href=\"\/sq\/laminate-dapeda\" target=\"_blank\" rel=\"noopener\"><strong>Laminat<\/strong><\/a> nga <strong>Alfa Wood Group<\/strong> \u00ebsht\u00eb i vetmi <strong>dysheme i prodhuar n\u00eb Greqi.<\/strong><\/p><p class=\"translation-block\">Prodhohet n\u00eb <strong>objektet industriale<\/strong> t\u00eb <strong>Alfa Wood Group<\/strong> n\u00eb Grevena, duke iu p\u00ebrmbajtur standardeve m\u00eb t\u00eb rrepta t\u00eb cil\u00ebsis\u00eb, duke p\u00ebrdorur kap\u00ebsen uniclic t\u00eb patentuar. Sistemi Uniclic &quot;kap&quot; panelet e dyshemes\u00eb, duke e b\u00ebr\u00eb at\u00eb nj\u00eb nga mekanizmat m\u00eb t\u00eb leht\u00eb t\u00eb mbylljes p\u00ebr instalimet e dyshemes\u00eb.<\/p><p class=\"translation-block\"><a href=\"\/sq\/laminate-dapeda\" target=\"_blank\" rel=\"noopener\"><strong>Dyshemet\u00eb Laminate<\/strong><\/a> t\u00eb Alfa Wood Group jan\u00eb <strong>shum\u00eb t\u00eb q\u00ebndrueshme<\/strong> , t\u00eb p\u00ebrb\u00ebr\u00eb nga b\u00ebrthama kryesore (HDF) dhe letra dekorative me nj\u00eb shtres\u00eb rr\u00ebshir\u00eb t\u00eb fort\u00eb.<\/p><p>Kushdo q\u00eb zgjedh nj\u00eb dysheme nga Alfa Wood Group, zgjedh nj\u00eb t\u00eb till\u00eb <strong>dysheme me cil\u00ebsi t\u00eb lart\u00eb<\/strong>, q\u00eb \u00ebsht\u00eb <strong>vizualisht dhe ekonomikisht shum\u00eb t\u00ebrheq\u00ebs<\/strong> dhe i p\u00ebrgjigjet plot\u00ebsisht tendencave t\u00eb reja t\u00eb dyshemes\u00eb.<\/p><p>Me t\u00eb <strong>Garancia e Alfa Wood Group<\/strong> si p\u00ebr p\u00ebrdorim sht\u00ebpiak ashtu edhe p\u00ebr biznes, mund t\u00eb jeni <strong>me siguri p\u00ebr nj\u00eb jet\u00eb<\/strong>.<\/p><p>Q\u00ebndrueshm\u00ebria e tyre e madhe e kombinuar me shum\u00ebllojshm\u00ebrin\u00eb e ngjyrave dhe dizajneve i b\u00ebn parketet Master Laminate ideale p\u00ebr pothuajse t\u00eb gjitha hap\u00ebsirat. Jan\u00eb gjithashtu n\u00eb dispozicion d\u00ebrrasat e skajeve dhe nj\u00eb s\u00ebr\u00eb aksesor\u00ebsh, n\u00eb t\u00eb nj\u00ebjtat nuanca si dyshemeja juaj.<\/p><p>T\u00eb\u00a0<strong>36<\/strong><strong> ngjyra (7 Silva Essence - Synchro AC5 8mm Bevel, 9 Basic Line <\/strong><strong>AC3<\/strong><strong> Trash\u00ebsia 7 mm, 3 Linja Klasike <\/strong><strong>Pjerr\u00ebsia AC5-4V <\/strong><strong>me trash\u00ebsi 8 mm dhe 17 Elegance Line <\/strong><strong>Pjerr\u00ebsia 8mm AC5-4V <\/strong><strong>n\u00eb trash\u00ebsi <\/strong> ) kapni n\u00eb m\u00ebnyr\u00ebn m\u00eb realiste t\u00eb gjitha karakteristikat fizike t\u00eb nj\u00eb dyshemeje t\u00eb v\u00ebrtet\u00eb prej druri.<\/p><p><strong>P\u00ebrmir\u00ebsoni hap\u00ebsir\u00ebn tuaj tani me dyshemen\u00eb Laminate - Alfa Wood Group dhe lart\u00ebsoni estetik\u00ebn dhe funksionalitetin e hap\u00ebsir\u00ebs suaj!<\/strong><\/p><p><a href=\"\/files\/catalogs\/ALFAFLOORING-BOOK-GR.pdf\" target=\"_blank\" rel=\"noopener\"><strong>Shkarkoni katalogun<\/strong><\/a><\/p>\n\t\t\t\t\t<\/div>\n\t\t\t\t\t\t<\/div>\n\t\t\t\t<\/div>\n\t\t\t\t\t<\/div>\n\t\t<\/div>\n\t\t\t\t\t<\/div>\n\t\t<\/section>\n\t\t\t\t<\/div>","protected":false},"excerpt":{"rendered":"<p>Nuanca e leht\u00eb dhe e sofistikuar White Oak 0103 \u00ebsht\u00eb k\u00ebtu p\u00ebr t\u00eb zgjeruar hap\u00ebsir\u00ebn tuaj. Ky dysheme me ngjyr\u00eb t\u00eb \u00e7elur do t\u00eb jap\u00eb nj\u00eb deklarat\u00eb dhe do t\u00eb nxjerr\u00eb n\u00eb pah but\u00ebsisht dekorin tuaj dhe hap\u00ebsir\u00ebn tuaj t\u00eb ajrosur dhe t\u00eb ndritshme.<\/p>","protected":false},"featured_media":16527,"template":"","meta":{"_acf_changed":false,"inline_featured_image":false,"cybocfi_hide_featured_image":""},"product_brand":[],"product_cat":[115,89,88,180],"product_tag":[],"class_list":{"0":"post-15730","1":"product","2":"type-product","3":"status-publish","4":"has-post-thumbnail","6":"product_cat-classic","7":"product_cat-laminate","8":"product_cat-dapeda","9":"product_cat-esoterikou-xorou","11":"first","12":"instock","13":"product-type-simple"},"acf":[],"yoast_head":"<!-- This site is optimized with the Yoast SEO Premium plugin v27.5 (Yoast SEO v27.5) - https:\/\/yoast.com\/product\/yoast-seo-premium-wordpress\/ -->\n<title>0103 White Oak - \u0395\u03c0\u03b9\u03c6\u03ac\u03bd\u03b5\u03b9\u03b5\u03c2 \u039c\u03b5\u03bb\u03b1\u03bc\u03af\u03bd\u03b7\u03c2 MDF \u039c\u03bf\u03c1\u03b9\u03bf\u03c3\u03b1\u03bd\u03af\u03b4\u03b1 \u03a0\u03ac\u03b3\u03ba\u03bf\u03b9 \u0394\u03ac\u03c0\u03b5\u03b4\u03b1 \u03a0\u03cc\u03c1\u03c4\u03b5\u03c2<\/title>\n<meta name=\"robots\" content=\"index, follow, max-snippet:-1, max-image-preview:large, max-video-preview:-1\" \/>\n<link rel=\"canonical\" href=\"https:\/\/alfawood.gr\/sq\/produkt\/white-oak-0103\" \/>\n<meta property=\"og:locale\" content=\"sq_AL\" \/>\n<meta property=\"og:type\" content=\"article\" \/>\n<meta property=\"og:title\" content=\"0103 White Oak\" \/>\n<meta property=\"og:description\" content=\"\u0397 \u03b1\u03bd\u03bf\u03b9\u03c7\u03c4\u03ae, \u03b5\u03ba\u03bb\u03b5\u03c0\u03c4\u03c5\u03c3\u03bc\u03ad\u03bd\u03b7 \u03b1\u03c0\u03cc\u03c7\u03c1\u03c9\u03c3\u03b7 White Oak 0103, \u03ae\u03c1\u03b8\u03b5 \u03b3\u03b9\u03b1 \u03bd\u03b1 \u03bc\u03b5\u03b3\u03b1\u03bb\u03ce\u03c3\u03b5\u03b9 \u03c4\u03bf \u03c7\u03ce\u03c1\u03bf \u03c3\u03b1\u03c2. \u03a4\u03bf \u03b1\u03bd\u03bf\u03b9\u03c7\u03c4\u03cc\u03c7\u03c1\u03c9\u03bc\u03bf \u03b1\u03c5\u03c4\u03cc \u03b4\u03ac\u03c0\u03b5\u03b4\u03bf \u03b8\u03b1 \u03ba\u03ac\u03bd\u03b5\u03b9 \u03bc\u03b9\u03b1 \u03b4\u03ae\u03bb\u03c9\u03c3\u03b7, \u03ba\u03b1\u03b9 \u03b8\u03b1 \u03b1\u03bd\u03b1\u03b4\u03b5\u03af\u03be\u03b5\u03b9 \u03b1\u03c0\u03b1\u03bb\u03ac \u03c4\u03b7 \u03b4\u03b9\u03b1\u03ba\u03cc\u03c3\u03bc\u03b7\u03c3\u03b7 \u03c3\u03b1\u03c2 \u03ba\u03b1\u03b9 \u03c4\u03bf\u03bd \u03b5\u03c5\u03ac\u03b5\u03c1\u03bf \u03c6\u03c9\u03c4\u03b5\u03b9\u03bd\u03cc \u03c7\u03ce\u03c1\u03bf \u03c3\u03b1\u03c2.\" \/>\n<meta property=\"og:url\" content=\"https:\/\/alfawood.gr\/sq\/produkt\/white-oak-0103\" \/>\n<meta property=\"og:site_name\" content=\"\u0395\u03c0\u03b9\u03c6\u03ac\u03bd\u03b5\u03b9\u03b5\u03c2 \u039c\u03b5\u03bb\u03b1\u03bc\u03af\u03bd\u03b7\u03c2 MDF \u039c\u03bf\u03c1\u03b9\u03bf\u03c3\u03b1\u03bd\u03af\u03b4\u03b1 \u03a0\u03ac\u03b3\u03ba\u03bf\u03b9 \u0394\u03ac\u03c0\u03b5\u03b4\u03b1 \u03a0\u03cc\u03c1\u03c4\u03b5\u03c2\" \/>\n<meta property=\"article:publisher\" content=\"https:\/\/www.facebook.com\/alfawood.group\" \/>\n<meta property=\"article:modified_time\" content=\"2026-02-25T13:51:06+00:00\" \/>\n<meta property=\"og:image\" content=\"https:\/\/alfawood.gr\/wp-content\/uploads\/2023\/03\/0103-White-Oak.jpg\" \/>\n\t<meta property=\"og:image:width\" content=\"600\" \/>\n\t<meta property=\"og:image:height\" content=\"824\" \/>\n\t<meta property=\"og:image:type\" content=\"image\/jpeg\" \/>\n<meta name=\"twitter:card\" content=\"summary_large_image\" \/>\n<meta name=\"twitter:site\" content=\"@ALFAWOODGROUP\" \/>\n<meta name=\"twitter:label1\" content=\"Est. reading time\" \/>\n\t<meta name=\"twitter:data1\" content=\"1 minut\u00eb\" \/>\n<script type=\"application\/ld+json\" class=\"yoast-schema-graph\">{\"@context\":\"https:\\\/\\\/schema.org\",\"@graph\":[{\"@type\":\"WebPage\",\"@id\":\"https:\\\/\\\/alfawood.gr\\\/product\\\/white-oak-0103\\\/\",\"url\":\"https:\\\/\\\/alfawood.gr\\\/product\\\/white-oak-0103\\\/\",\"name\":\"0103 White Oak - \u0395\u03c0\u03b9\u03c6\u03ac\u03bd\u03b5\u03b9\u03b5\u03c2 \u039c\u03b5\u03bb\u03b1\u03bc\u03af\u03bd\u03b7\u03c2 MDF \u039c\u03bf\u03c1\u03b9\u03bf\u03c3\u03b1\u03bd\u03af\u03b4\u03b1 \u03a0\u03ac\u03b3\u03ba\u03bf\u03b9 \u0394\u03ac\u03c0\u03b5\u03b4\u03b1 \u03a0\u03cc\u03c1\u03c4\u03b5\u03c2\",\"isPartOf\":{\"@id\":\"https:\\\/\\\/alfawood.gr\\\/#website\"},\"primaryImageOfPage\":{\"@id\":\"https:\\\/\\\/alfawood.gr\\\/product\\\/white-oak-0103\\\/#primaryimage\"},\"image\":{\"@id\":\"https:\\\/\\\/alfawood.gr\\\/product\\\/white-oak-0103\\\/#primaryimage\"},\"thumbnailUrl\":\"https:\\\/\\\/alfawood.gr\\\/wp-content\\\/uploads\\\/2023\\\/03\\\/0103-White-Oak.jpg\",\"datePublished\":\"2023-03-07T08:24:56+00:00\",\"dateModified\":\"2026-02-25T13:51:06+00:00\",\"breadcrumb\":{\"@id\":\"https:\\\/\\\/alfawood.gr\\\/product\\\/white-oak-0103\\\/#breadcrumb\"},\"inLanguage\":\"sq\",\"potentialAction\":[{\"@type\":\"ReadAction\",\"target\":[\"https:\\\/\\\/alfawood.gr\\\/product\\\/white-oak-0103\\\/\"]}]},{\"@type\":\"ImageObject\",\"inLanguage\":\"sq\",\"@id\":\"https:\\\/\\\/alfawood.gr\\\/product\\\/white-oak-0103\\\/#primaryimage\",\"url\":\"https:\\\/\\\/alfawood.gr\\\/wp-content\\\/uploads\\\/2023\\\/03\\\/0103-White-Oak.jpg\",\"contentUrl\":\"https:\\\/\\\/alfawood.gr\\\/wp-content\\\/uploads\\\/2023\\\/03\\\/0103-White-Oak.jpg\",\"width\":600,\"height\":824,\"caption\":\"laminate 0103\"},{\"@type\":\"BreadcrumbList\",\"@id\":\"https:\\\/\\\/alfawood.gr\\\/product\\\/white-oak-0103\\\/#breadcrumb\",\"itemListElement\":[{\"@type\":\"ListItem\",\"position\":1,\"name\":\"Home\",\"item\":\"https:\\\/\\\/alfawood.gr\\\/\"},{\"@type\":\"ListItem\",\"position\":2,\"name\":\"\u03a0\u03c1\u03bf\u03ca\u03cc\u03bd\u03c4\u03b1\",\"item\":\"https:\\\/\\\/alfawood.gr\\\/proionta-wood\\\/\"},{\"@type\":\"ListItem\",\"position\":3,\"name\":\"\u0394\u03ac\u03c0\u03b5\u03b4\u03b1 - Alfa Flooring\",\"item\":\"https:\\\/\\\/alfawood.gr\\\/category\\\/dapeda\\\/\"},{\"@type\":\"ListItem\",\"position\":4,\"name\":\"0103 White Oak\"}]},{\"@type\":\"WebSite\",\"@id\":\"https:\\\/\\\/alfawood.gr\\\/#website\",\"url\":\"https:\\\/\\\/alfawood.gr\\\/\",\"name\":\"\u0395\u03c0\u03b9\u03c6\u03ac\u03bd\u03b5\u03b9\u03b5\u03c2 \u039c\u03b5\u03bb\u03b1\u03bc\u03af\u03bd\u03b7\u03c2 MDF \u039c\u03bf\u03c1\u03b9\u03bf\u03c3\u03b1\u03bd\u03af\u03b4\u03b1 \u03a0\u03ac\u03b3\u03ba\u03bf\u03b9 \u0394\u03ac\u03c0\u03b5\u03b4\u03b1 \u03a0\u03cc\u03c1\u03c4\u03b5\u03c2\",\"description\":\"\u0392\u03b9\u03bf\u03bc\u03b7\u03c7\u03b1\u03bd\u03af\u03b1 \u039e\u03cd\u03bb\u03bf\u03c5 Alfa Wood Group\",\"publisher\":{\"@id\":\"https:\\\/\\\/alfawood.gr\\\/#organization\"},\"alternateName\":\"Melamines - MDF - Laminate - Worktops\",\"potentialAction\":[{\"@type\":\"SearchAction\",\"target\":{\"@type\":\"EntryPoint\",\"urlTemplate\":\"https:\\\/\\\/alfawood.gr\\\/?s={search_term_string}\"},\"query-input\":{\"@type\":\"PropertyValueSpecification\",\"valueRequired\":true,\"valueName\":\"search_term_string\"}}],\"inLanguage\":\"sq\"},{\"@type\":\"Organization\",\"@id\":\"https:\\\/\\\/alfawood.gr\\\/#organization\",\"name\":\"Alfa Wood Group\",\"url\":\"https:\\\/\\\/alfawood.gr\\\/\",\"logo\":{\"@type\":\"ImageObject\",\"inLanguage\":\"sq\",\"@id\":\"https:\\\/\\\/alfawood.gr\\\/#\\\/schema\\\/logo\\\/image\\\/\",\"url\":\"https:\\\/\\\/alfawood.gr\\\/wp-content\\\/uploads\\\/2023\\\/02\\\/alfa-wood-logo-1.svg\",\"contentUrl\":\"https:\\\/\\\/alfawood.gr\\\/wp-content\\\/uploads\\\/2023\\\/02\\\/alfa-wood-logo-1.svg\",\"width\":305,\"height\":195,\"caption\":\"Alfa Wood Group\"},\"image\":{\"@id\":\"https:\\\/\\\/alfawood.gr\\\/#\\\/schema\\\/logo\\\/image\\\/\"},\"sameAs\":[\"https:\\\/\\\/www.facebook.com\\\/alfawood.group\",\"https:\\\/\\\/x.com\\\/ALFAWOODGROUP\",\"https:\\\/\\\/www.instagram.com\\\/alfawood.group\",\"https:\\\/\\\/www.youtube.com\\\/@alfawoodgroup\",\"https:\\\/\\\/www.tiktok.com\\\/@alfawood.group\",\"https:\\\/\\\/vimeo.com\\\/alfawood\",\"https:\\\/\\\/www.linkedin.com\\\/company\\\/alfawoodgroup\",\"https:\\\/\\\/www.pinterest.com\\\/alfawoodgroup\\\/\"]}]}<\/script>\n<!-- \/ Yoast SEO Premium plugin. -->","yoast_head_json":{"title":"0103 Dushku i Bardh\u00eb - Sip\u00ebrfaqe Melamine MDF Banesa Dyer Dyer","robots":{"index":"index","follow":"follow","max-snippet":"max-snippet:-1","max-image-preview":"max-image-preview:large","max-video-preview":"max-video-preview:-1"},"canonical":"https:\/\/alfawood.gr\/sq\/produkt\/white-oak-0103","og_locale":"sq_AL","og_type":"article","og_title":"0103 White Oak","og_description":"\u0397 \u03b1\u03bd\u03bf\u03b9\u03c7\u03c4\u03ae, \u03b5\u03ba\u03bb\u03b5\u03c0\u03c4\u03c5\u03c3\u03bc\u03ad\u03bd\u03b7 \u03b1\u03c0\u03cc\u03c7\u03c1\u03c9\u03c3\u03b7 White Oak 0103, \u03ae\u03c1\u03b8\u03b5 \u03b3\u03b9\u03b1 \u03bd\u03b1 \u03bc\u03b5\u03b3\u03b1\u03bb\u03ce\u03c3\u03b5\u03b9 \u03c4\u03bf \u03c7\u03ce\u03c1\u03bf \u03c3\u03b1\u03c2. \u03a4\u03bf \u03b1\u03bd\u03bf\u03b9\u03c7\u03c4\u03cc\u03c7\u03c1\u03c9\u03bc\u03bf \u03b1\u03c5\u03c4\u03cc \u03b4\u03ac\u03c0\u03b5\u03b4\u03bf \u03b8\u03b1 \u03ba\u03ac\u03bd\u03b5\u03b9 \u03bc\u03b9\u03b1 \u03b4\u03ae\u03bb\u03c9\u03c3\u03b7, \u03ba\u03b1\u03b9 \u03b8\u03b1 \u03b1\u03bd\u03b1\u03b4\u03b5\u03af\u03be\u03b5\u03b9 \u03b1\u03c0\u03b1\u03bb\u03ac \u03c4\u03b7 \u03b4\u03b9\u03b1\u03ba\u03cc\u03c3\u03bc\u03b7\u03c3\u03b7 \u03c3\u03b1\u03c2 \u03ba\u03b1\u03b9 \u03c4\u03bf\u03bd \u03b5\u03c5\u03ac\u03b5\u03c1\u03bf \u03c6\u03c9\u03c4\u03b5\u03b9\u03bd\u03cc \u03c7\u03ce\u03c1\u03bf \u03c3\u03b1\u03c2.","og_url":"https:\/\/alfawood.gr\/sq\/produkt\/white-oak-0103","og_site_name":"\u0395\u03c0\u03b9\u03c6\u03ac\u03bd\u03b5\u03b9\u03b5\u03c2 \u039c\u03b5\u03bb\u03b1\u03bc\u03af\u03bd\u03b7\u03c2 MDF \u039c\u03bf\u03c1\u03b9\u03bf\u03c3\u03b1\u03bd\u03af\u03b4\u03b1 \u03a0\u03ac\u03b3\u03ba\u03bf\u03b9 \u0394\u03ac\u03c0\u03b5\u03b4\u03b1 \u03a0\u03cc\u03c1\u03c4\u03b5\u03c2","article_publisher":"https:\/\/www.facebook.com\/alfawood.group","article_modified_time":"2026-02-25T13:51:06+00:00","og_image":[{"width":600,"height":824,"url":"https:\/\/alfawood.gr\/wp-content\/uploads\/2023\/03\/0103-White-Oak.jpg","type":"image\/jpeg"}],"twitter_card":"summary_large_image","twitter_site":"@ALFAWOODGROUP","twitter_misc":{"Est. reading time":"1 minut\u00eb"},"schema":{"@context":"https:\/\/schema.org","@graph":[{"@type":"WebPage","@id":"https:\/\/alfawood.gr\/product\/white-oak-0103\/","url":"https:\/\/alfawood.gr\/product\/white-oak-0103\/","name":"0103 Dushku i Bardh\u00eb - Sip\u00ebrfaqe Melamine MDF Banesa Dyer Dyer","isPartOf":{"@id":"https:\/\/alfawood.gr\/#website"},"primaryImageOfPage":{"@id":"https:\/\/alfawood.gr\/product\/white-oak-0103\/#primaryimage"},"image":{"@id":"https:\/\/alfawood.gr\/product\/white-oak-0103\/#primaryimage"},"thumbnailUrl":"https:\/\/alfawood.gr\/wp-content\/uploads\/2023\/03\/0103-White-Oak.jpg","datePublished":"2023-03-07T08:24:56+00:00","dateModified":"2026-02-25T13:51:06+00:00","breadcrumb":{"@id":"https:\/\/alfawood.gr\/product\/white-oak-0103\/#breadcrumb"},"inLanguage":"sq","potentialAction":[{"@type":"ReadAction","target":["https:\/\/alfawood.gr\/product\/white-oak-0103\/"]}]},{"@type":"ImageObject","inLanguage":"sq","@id":"https:\/\/alfawood.gr\/product\/white-oak-0103\/#primaryimage","url":"https:\/\/alfawood.gr\/wp-content\/uploads\/2023\/03\/0103-White-Oak.jpg","contentUrl":"https:\/\/alfawood.gr\/wp-content\/uploads\/2023\/03\/0103-White-Oak.jpg","width":600,"height":824,"caption":"laminate 0103"},{"@type":"BreadcrumbList","@id":"https:\/\/alfawood.gr\/product\/white-oak-0103\/#breadcrumb","itemListElement":[{"@type":"ListItem","position":1,"name":"Home","item":"https:\/\/alfawood.gr\/"},{"@type":"ListItem","position":2,"name":"\u03a0\u03c1\u03bf\u03ca\u03cc\u03bd\u03c4\u03b1","item":"https:\/\/alfawood.gr\/proionta-wood\/"},{"@type":"ListItem","position":3,"name":"\u0394\u03ac\u03c0\u03b5\u03b4\u03b1 - Alfa Flooring","item":"https:\/\/alfawood.gr\/category\/dapeda\/"},{"@type":"ListItem","position":4,"name":"0103 White Oak"}]},{"@type":"WebSite","@id":"https:\/\/alfawood.gr\/#website","url":"https:\/\/alfawood.gr\/","name":"Sip\u00ebrfaqe melamine MDF banak\u00eb p\u00ebr pllaka Dyer","description":"Alfa Wood Group Industria e drurit","publisher":{"@id":"https:\/\/alfawood.gr\/#organization"},"alternateName":"Melamines - MDF - Laminate - Worktops","potentialAction":[{"@type":"SearchAction","target":{"@type":"EntryPoint","urlTemplate":"https:\/\/alfawood.gr\/?s={search_term_string}"},"query-input":{"@type":"PropertyValueSpecification","valueRequired":true,"valueName":"search_term_string"}}],"inLanguage":"sq"},{"@type":"Organization","@id":"https:\/\/alfawood.gr\/#organization","name":"Alfa Wood Group","url":"https:\/\/alfawood.gr\/","logo":{"@type":"ImageObject","inLanguage":"sq","@id":"https:\/\/alfawood.gr\/#\/schema\/logo\/image\/","url":"https:\/\/alfawood.gr\/wp-content\/uploads\/2023\/02\/alfa-wood-logo-1.svg","contentUrl":"https:\/\/alfawood.gr\/wp-content\/uploads\/2023\/02\/alfa-wood-logo-1.svg","width":305,"height":195,"caption":"Alfa Wood Group"},"image":{"@id":"https:\/\/alfawood.gr\/#\/schema\/logo\/image\/"},"sameAs":["https:\/\/www.facebook.com\/alfawood.group","https:\/\/x.com\/ALFAWOODGROUP","https:\/\/www.instagram.com\/alfawood.group","https:\/\/www.youtube.com\/@alfawoodgroup","https:\/\/www.tiktok.com\/@alfawood.group","https:\/\/vimeo.com\/alfawood","https:\/\/www.linkedin.com\/company\/alfawoodgroup","https:\/\/www.pinterest.com\/alfawoodgroup\/"]}]}},"_links":{"self":[{"href":"https:\/\/alfawood.gr\/sq\/wp-json\/wp\/v2\/product\/15730","targetHints":{"allow":["GET"]}}],"collection":[{"href":"https:\/\/alfawood.gr\/sq\/wp-json\/wp\/v2\/product"}],"about":[{"href":"https:\/\/alfawood.gr\/sq\/wp-json\/wp\/v2\/types\/product"}],"version-history":[{"count":1,"href":"https:\/\/alfawood.gr\/sq\/wp-json\/wp\/v2\/product\/15730\/revisions"}],"predecessor-version":[{"id":28636,"href":"https:\/\/alfawood.gr\/sq\/wp-json\/wp\/v2\/product\/15730\/revisions\/28636"}],"wp:featuredmedia":[{"embeddable":true,"href":"https:\/\/alfawood.gr\/sq\/wp-json\/wp\/v2\/media\/16527"}],"wp:attachment":[{"href":"https:\/\/alfawood.gr\/sq\/wp-json\/wp\/v2\/media?parent=15730"}],"wp:term":[{"taxonomy":"product_brand","embeddable":true,"href":"https:\/\/alfawood.gr\/sq\/wp-json\/wp\/v2\/product_brand?post=15730"},{"taxonomy":"product_cat","embeddable":true,"href":"https:\/\/alfawood.gr\/sq\/wp-json\/wp\/v2\/product_cat?post=15730"},{"taxonomy":"product_tag","embeddable":true,"href":"https:\/\/alfawood.gr\/sq\/wp-json\/wp\/v2\/product_tag?post=15730"}],"curies":[{"name":"wp","href":"https:\/\/api.w.org\/{rel}","templated":true}]}}