{"id":15780,"date":"2023-03-07T08:25:44","date_gmt":"2023-03-07T08:25:44","guid":{"rendered":"https:\/\/alfawood.gr\/product\/%ce%b4%cf%81%cf%8d%cf%82-%cf%86%cf%85%cf%83%ce%b9%ce%ba%cf%8c-%ce%b9%cf%83%cf%8c%ce%b2%ce%b5%ce%bd%ce%bf\/"},"modified":"2024-10-21T12:06:13","modified_gmt":"2024-10-21T10:06:13","slug":"drys-fysiko-isoveno","status":"publish","type":"product","link":"https:\/\/alfawood.gr\/sq\/product\/drys-fysiko-isoveno\/","title":{"rendered":"Isoben natyral i lisit"},"content":{"rendered":"<p>THE<strong>\u00a0rimeso<\/strong>\u00a0\u00cbsht\u00eb nj\u00eb produkt natyral q\u00eb dallohet p\u00ebr ve\u00e7antin\u00eb e tij dhe \u00ebsht\u00eb b\u00ebr\u00eb nga druri natyral i p\u00ebrpunuar n\u00eb shtresa t\u00eb holla q\u00eb mbulojn\u00eb panelin e tij duke p\u00ebrdorur ngjit\u00ebs.<\/p>\n<p>P\u00ebr k\u00ebto panele t\u00eb veshura p\u00ebrdoren d\u00ebrrasa grimcash ose fib\u00ebr t\u00eb cil\u00ebsis\u00eb E1, si dhe fasetat e cil\u00ebsis\u00eb s\u00eb shk\u00eblqyer me kritere t\u00eb rrepta p\u00ebrzgjedhjeje dhe nj\u00eb shum\u00ebllojshm\u00ebri t\u00eb gjer\u00eb p\u00ebr t\u00eb mbuluar t\u00eb gjitha nevojat dekorative dhe konsumatore.<\/p>\n<p>N\u00eb procesin e prodhimit, p\u00ebrzgjedhja e rrept\u00eb e produktit b\u00ebhet n\u00eb var\u00ebsi t\u00eb llojit dhe cil\u00ebsis\u00eb s\u00eb tyre n\u00eb nj\u00eb ambient me aj\u00ebr t\u00eb kondicionuar t\u00eb projektuar posa\u00e7\u00ebrisht me temperatura t\u00eb p\u00ebrshtatshme p\u00ebr lag\u00ebshtin\u00eb relative t\u00eb rimesove.<\/p>","protected":false},"excerpt":{"rendered":"<p>THE<strong>\u00a0rimeso<\/strong>\u00a0\u00cbsht\u00eb nj\u00eb produkt natyral q\u00eb dallohet p\u00ebr ve\u00e7antin\u00eb e tij dhe \u00ebsht\u00eb b\u00ebr\u00eb nga druri natyral i p\u00ebrpunuar n\u00eb shtresa t\u00eb holla q\u00eb mbulojn\u00eb panelin e tij duke p\u00ebrdorur ngjit\u00ebs.<\/p>","protected":false},"featured_media":15782,"template":"","meta":{"_acf_changed":false,"inline_featured_image":false,"cybocfi_hide_featured_image":""},"product_brand":[],"product_cat":[91,125],"product_tag":[],"class_list":{"0":"post-15780","1":"product","2":"type-product","3":"status-publish","4":"has-post-thumbnail","6":"product_cat-kaplamas-veneer","7":"product_cat-psusikoi","9":"first","10":"instock","11":"product-type-simple"},"acf":[],"yoast_head":"<!-- This site is optimized with the Yoast SEO Premium plugin v27.3 (Yoast SEO v27.3) - https:\/\/yoast.com\/product\/yoast-seo-premium-wordpress\/ -->\n<title>\u0394\u03c1\u03cd\u03c2 \u03a6\u03c5\u03c3\u03b9\u03ba\u03cc \u0399\u03c3\u03cc\u03b2\u03b5\u03bd\u03bf - \u0395\u03c0\u03b9\u03c6\u03ac\u03bd\u03b5\u03b9\u03b5\u03c2 \u039c\u03b5\u03bb\u03b1\u03bc\u03af\u03bd\u03b7\u03c2 MDF \u039c\u03bf\u03c1\u03b9\u03bf\u03c3\u03b1\u03bd\u03af\u03b4\u03b1 \u03a0\u03ac\u03b3\u03ba\u03bf\u03b9 \u0394\u03ac\u03c0\u03b5\u03b4\u03b1 \u03a0\u03cc\u03c1\u03c4\u03b5\u03c2<\/title>\n<meta name=\"robots\" content=\"index, follow, max-snippet:-1, max-image-preview:large, max-video-preview:-1\" \/>\n<link rel=\"canonical\" href=\"https:\/\/alfawood.gr\/sq\/produkt\/drys-fysiko-isoveno\" \/>\n<meta property=\"og:locale\" content=\"sq_AL\" \/>\n<meta property=\"og:type\" content=\"article\" \/>\n<meta property=\"og:title\" content=\"\u0394\u03c1\u03cd\u03c2 \u03a6\u03c5\u03c3\u03b9\u03ba\u03cc \u0399\u03c3\u03cc\u03b2\u03b5\u03bd\u03bf\" \/>\n<meta property=\"og:url\" content=\"https:\/\/alfawood.gr\/sq\/produkt\/drys-fysiko-isoveno\" \/>\n<meta property=\"og:site_name\" content=\"\u0395\u03c0\u03b9\u03c6\u03ac\u03bd\u03b5\u03b9\u03b5\u03c2 \u039c\u03b5\u03bb\u03b1\u03bc\u03af\u03bd\u03b7\u03c2 MDF \u039c\u03bf\u03c1\u03b9\u03bf\u03c3\u03b1\u03bd\u03af\u03b4\u03b1 \u03a0\u03ac\u03b3\u03ba\u03bf\u03b9 \u0394\u03ac\u03c0\u03b5\u03b4\u03b1 \u03a0\u03cc\u03c1\u03c4\u03b5\u03c2\" \/>\n<meta property=\"article:publisher\" content=\"https:\/\/www.facebook.com\/alfawood.group\" \/>\n<meta property=\"article:modified_time\" content=\"2024-10-21T10:06:13+00:00\" \/>\n<meta property=\"og:image\" content=\"https:\/\/alfawood.gr\/wp-content\/uploads\/2023\/03\/Natural-Oak-Grain-\u0394\u03c1\u03c5\u03c2-\u03a6\u03c5\u03c3\u03b9\u03ba\u03cc-\u0399\u03c3\u03cc\u03b2\u03b5\u03bd\u03bf.jpg\" \/>\n\t<meta property=\"og:image:width\" content=\"1457\" \/>\n\t<meta property=\"og:image:height\" content=\"2000\" \/>\n\t<meta property=\"og:image:type\" content=\"image\/jpeg\" \/>\n<meta name=\"twitter:card\" content=\"summary_large_image\" \/>\n<meta name=\"twitter:description\" content=\"[html_block id=&quot;21032&quot;]\" \/>\n<meta name=\"twitter:site\" content=\"@ALFAWOODGROUP\" \/>\n<meta name=\"twitter:label1\" content=\"Est. reading time\" \/>\n\t<meta name=\"twitter:data1\" content=\"1 minut\u00eb\" \/>\n<script type=\"application\/ld+json\" class=\"yoast-schema-graph\">{\"@context\":\"https:\\\/\\\/schema.org\",\"@graph\":[{\"@type\":\"WebPage\",\"@id\":\"https:\\\/\\\/alfawood.gr\\\/product\\\/drys-fysiko-isoveno\\\/\",\"url\":\"https:\\\/\\\/alfawood.gr\\\/product\\\/drys-fysiko-isoveno\\\/\",\"name\":\"\u0394\u03c1\u03cd\u03c2 \u03a6\u03c5\u03c3\u03b9\u03ba\u03cc \u0399\u03c3\u03cc\u03b2\u03b5\u03bd\u03bf - \u0395\u03c0\u03b9\u03c6\u03ac\u03bd\u03b5\u03b9\u03b5\u03c2 \u039c\u03b5\u03bb\u03b1\u03bc\u03af\u03bd\u03b7\u03c2 MDF \u039c\u03bf\u03c1\u03b9\u03bf\u03c3\u03b1\u03bd\u03af\u03b4\u03b1 \u03a0\u03ac\u03b3\u03ba\u03bf\u03b9 \u0394\u03ac\u03c0\u03b5\u03b4\u03b1 \u03a0\u03cc\u03c1\u03c4\u03b5\u03c2\",\"isPartOf\":{\"@id\":\"https:\\\/\\\/alfawood.gr\\\/#website\"},\"primaryImageOfPage\":{\"@id\":\"https:\\\/\\\/alfawood.gr\\\/product\\\/drys-fysiko-isoveno\\\/#primaryimage\"},\"image\":{\"@id\":\"https:\\\/\\\/alfawood.gr\\\/product\\\/drys-fysiko-isoveno\\\/#primaryimage\"},\"thumbnailUrl\":\"https:\\\/\\\/alfawood.gr\\\/wp-content\\\/uploads\\\/2023\\\/03\\\/Natural-Oak-Grain-\u0394\u03c1\u03c5\u03c2-\u03a6\u03c5\u03c3\u03b9\u03ba\u03cc-\u0399\u03c3\u03cc\u03b2\u03b5\u03bd\u03bf.jpg\",\"datePublished\":\"2023-03-07T08:25:44+00:00\",\"dateModified\":\"2024-10-21T10:06:13+00:00\",\"breadcrumb\":{\"@id\":\"https:\\\/\\\/alfawood.gr\\\/product\\\/drys-fysiko-isoveno\\\/#breadcrumb\"},\"inLanguage\":\"sq\",\"potentialAction\":[{\"@type\":\"ReadAction\",\"target\":[\"https:\\\/\\\/alfawood.gr\\\/product\\\/drys-fysiko-isoveno\\\/\"]}]},{\"@type\":\"ImageObject\",\"inLanguage\":\"sq\",\"@id\":\"https:\\\/\\\/alfawood.gr\\\/product\\\/drys-fysiko-isoveno\\\/#primaryimage\",\"url\":\"https:\\\/\\\/alfawood.gr\\\/wp-content\\\/uploads\\\/2023\\\/03\\\/Natural-Oak-Grain-\u0394\u03c1\u03c5\u03c2-\u03a6\u03c5\u03c3\u03b9\u03ba\u03cc-\u0399\u03c3\u03cc\u03b2\u03b5\u03bd\u03bf.jpg\",\"contentUrl\":\"https:\\\/\\\/alfawood.gr\\\/wp-content\\\/uploads\\\/2023\\\/03\\\/Natural-Oak-Grain-\u0394\u03c1\u03c5\u03c2-\u03a6\u03c5\u03c3\u03b9\u03ba\u03cc-\u0399\u03c3\u03cc\u03b2\u03b5\u03bd\u03bf.jpg\",\"width\":1457,\"height\":2000,\"caption\":\"\u0394\u03c1\u03cd\u03c2 \u03a6\u03c5\u03c3\u03b9\u03ba\u03cc \u0399\u03c3\u03cc\u03b2\u03b5\u03bd\u03bf - Alfa Veneers \u03a6\u03c5\u03c3\u03b9\u03ba\u03bf\u03af\"},{\"@type\":\"BreadcrumbList\",\"@id\":\"https:\\\/\\\/alfawood.gr\\\/product\\\/drys-fysiko-isoveno\\\/#breadcrumb\",\"itemListElement\":[{\"@type\":\"ListItem\",\"position\":1,\"name\":\"Home\",\"item\":\"https:\\\/\\\/alfawood.gr\\\/\"},{\"@type\":\"ListItem\",\"position\":2,\"name\":\"\u03a0\u03c1\u03bf\u03ca\u03cc\u03bd\u03c4\u03b1\",\"item\":\"https:\\\/\\\/alfawood.gr\\\/proionta-wood\\\/\"},{\"@type\":\"ListItem\",\"position\":3,\"name\":\"\u0395\u03c0\u03b9\u03c6\u03ac\u03bd\u03b5\u03b9\u03b5\u03c2 \u039a\u03b1\u03c0\u03bb\u03b1\u03bc\u03ac - Alfa Xilo\",\"item\":\"https:\\\/\\\/alfawood.gr\\\/category\\\/kaplamas-veneer\\\/\"},{\"@type\":\"ListItem\",\"position\":4,\"name\":\"\u03a6\u03c5\u03c3\u03b9\u03ba\u03bf\u03af\",\"item\":\"https:\\\/\\\/alfawood.gr\\\/category\\\/kaplamas-veneer\\\/psusikoi\\\/\"},{\"@type\":\"ListItem\",\"position\":5,\"name\":\"\u0394\u03c1\u03cd\u03c2 \u03a6\u03c5\u03c3\u03b9\u03ba\u03cc \u0399\u03c3\u03cc\u03b2\u03b5\u03bd\u03bf\"}]},{\"@type\":\"WebSite\",\"@id\":\"https:\\\/\\\/alfawood.gr\\\/#website\",\"url\":\"https:\\\/\\\/alfawood.gr\\\/\",\"name\":\"\u0395\u03c0\u03b9\u03c6\u03ac\u03bd\u03b5\u03b9\u03b5\u03c2 \u039c\u03b5\u03bb\u03b1\u03bc\u03af\u03bd\u03b7\u03c2 MDF \u039c\u03bf\u03c1\u03b9\u03bf\u03c3\u03b1\u03bd\u03af\u03b4\u03b1 \u03a0\u03ac\u03b3\u03ba\u03bf\u03b9 \u0394\u03ac\u03c0\u03b5\u03b4\u03b1 \u03a0\u03cc\u03c1\u03c4\u03b5\u03c2\",\"description\":\"\u0392\u03b9\u03bf\u03bc\u03b7\u03c7\u03b1\u03bd\u03af\u03b1 \u039e\u03cd\u03bb\u03bf\u03c5 Alfa Wood Group\",\"publisher\":{\"@id\":\"https:\\\/\\\/alfawood.gr\\\/#organization\"},\"alternateName\":\"Melamines - MDF - Laminate - Worktops\",\"potentialAction\":[{\"@type\":\"SearchAction\",\"target\":{\"@type\":\"EntryPoint\",\"urlTemplate\":\"https:\\\/\\\/alfawood.gr\\\/?s={search_term_string}\"},\"query-input\":{\"@type\":\"PropertyValueSpecification\",\"valueRequired\":true,\"valueName\":\"search_term_string\"}}],\"inLanguage\":\"sq\"},{\"@type\":\"Organization\",\"@id\":\"https:\\\/\\\/alfawood.gr\\\/#organization\",\"name\":\"Alfa Wood Group\",\"url\":\"https:\\\/\\\/alfawood.gr\\\/\",\"logo\":{\"@type\":\"ImageObject\",\"inLanguage\":\"sq\",\"@id\":\"https:\\\/\\\/alfawood.gr\\\/#\\\/schema\\\/logo\\\/image\\\/\",\"url\":\"https:\\\/\\\/alfawood.gr\\\/wp-content\\\/uploads\\\/2023\\\/02\\\/alfa-wood-logo-1.svg\",\"contentUrl\":\"https:\\\/\\\/alfawood.gr\\\/wp-content\\\/uploads\\\/2023\\\/02\\\/alfa-wood-logo-1.svg\",\"width\":305,\"height\":195,\"caption\":\"Alfa Wood Group\"},\"image\":{\"@id\":\"https:\\\/\\\/alfawood.gr\\\/#\\\/schema\\\/logo\\\/image\\\/\"},\"sameAs\":[\"https:\\\/\\\/www.facebook.com\\\/alfawood.group\",\"https:\\\/\\\/x.com\\\/ALFAWOODGROUP\",\"https:\\\/\\\/www.instagram.com\\\/alfawood.group\",\"https:\\\/\\\/www.youtube.com\\\/@alfawoodgroup\",\"https:\\\/\\\/www.tiktok.com\\\/@alfawood.group\",\"https:\\\/\\\/vimeo.com\\\/alfawood\",\"https:\\\/\\\/www.linkedin.com\\\/company\\\/alfawoodgroup\",\"https:\\\/\\\/www.pinterest.com\\\/alfawoodgroup\\\/\"]}]}<\/script>\n<!-- \/ Yoast SEO Premium plugin. -->","yoast_head_json":{"title":"\u0394\u03c1\u03cd\u03c2 \u03a6\u03c5\u03c3\u03b9\u03ba\u03cc \u0399\u03c3\u03cc\u03b2\u03b5\u03bd\u03bf - \u0395\u03c0\u03b9\u03c6\u03ac\u03bd\u03b5\u03b9\u03b5\u03c2 \u039c\u03b5\u03bb\u03b1\u03bc\u03af\u03bd\u03b7\u03c2 MDF \u039c\u03bf\u03c1\u03b9\u03bf\u03c3\u03b1\u03bd\u03af\u03b4\u03b1 \u03a0\u03ac\u03b3\u03ba\u03bf\u03b9 \u0394\u03ac\u03c0\u03b5\u03b4\u03b1 \u03a0\u03cc\u03c1\u03c4\u03b5\u03c2","robots":{"index":"index","follow":"follow","max-snippet":"max-snippet:-1","max-image-preview":"max-image-preview:large","max-video-preview":"max-video-preview:-1"},"canonical":"https:\/\/alfawood.gr\/sq\/produkt\/drys-fysiko-isoveno","og_locale":"sq_AL","og_type":"article","og_title":"\u0394\u03c1\u03cd\u03c2 \u03a6\u03c5\u03c3\u03b9\u03ba\u03cc \u0399\u03c3\u03cc\u03b2\u03b5\u03bd\u03bf","og_url":"https:\/\/alfawood.gr\/sq\/produkt\/drys-fysiko-isoveno","og_site_name":"\u0395\u03c0\u03b9\u03c6\u03ac\u03bd\u03b5\u03b9\u03b5\u03c2 \u039c\u03b5\u03bb\u03b1\u03bc\u03af\u03bd\u03b7\u03c2 MDF \u039c\u03bf\u03c1\u03b9\u03bf\u03c3\u03b1\u03bd\u03af\u03b4\u03b1 \u03a0\u03ac\u03b3\u03ba\u03bf\u03b9 \u0394\u03ac\u03c0\u03b5\u03b4\u03b1 \u03a0\u03cc\u03c1\u03c4\u03b5\u03c2","article_publisher":"https:\/\/www.facebook.com\/alfawood.group","article_modified_time":"2024-10-21T10:06:13+00:00","og_image":[{"width":1457,"height":2000,"url":"https:\/\/alfawood.gr\/wp-content\/uploads\/2023\/03\/Natural-Oak-Grain-\u0394\u03c1\u03c5\u03c2-\u03a6\u03c5\u03c3\u03b9\u03ba\u03cc-\u0399\u03c3\u03cc\u03b2\u03b5\u03bd\u03bf.jpg","type":"image\/jpeg"}],"twitter_card":"summary_large_image","twitter_description":"[html_block id=\"21032\"]","twitter_site":"@ALFAWOODGROUP","twitter_misc":{"Est. reading time":"1 minut\u00eb"},"schema":{"@context":"https:\/\/schema.org","@graph":[{"@type":"WebPage","@id":"https:\/\/alfawood.gr\/product\/drys-fysiko-isoveno\/","url":"https:\/\/alfawood.gr\/product\/drys-fysiko-isoveno\/","name":"\u0394\u03c1\u03cd\u03c2 \u03a6\u03c5\u03c3\u03b9\u03ba\u03cc \u0399\u03c3\u03cc\u03b2\u03b5\u03bd\u03bf - \u0395\u03c0\u03b9\u03c6\u03ac\u03bd\u03b5\u03b9\u03b5\u03c2 \u039c\u03b5\u03bb\u03b1\u03bc\u03af\u03bd\u03b7\u03c2 MDF \u039c\u03bf\u03c1\u03b9\u03bf\u03c3\u03b1\u03bd\u03af\u03b4\u03b1 \u03a0\u03ac\u03b3\u03ba\u03bf\u03b9 \u0394\u03ac\u03c0\u03b5\u03b4\u03b1 \u03a0\u03cc\u03c1\u03c4\u03b5\u03c2","isPartOf":{"@id":"https:\/\/alfawood.gr\/#website"},"primaryImageOfPage":{"@id":"https:\/\/alfawood.gr\/product\/drys-fysiko-isoveno\/#primaryimage"},"image":{"@id":"https:\/\/alfawood.gr\/product\/drys-fysiko-isoveno\/#primaryimage"},"thumbnailUrl":"https:\/\/alfawood.gr\/wp-content\/uploads\/2023\/03\/Natural-Oak-Grain-\u0394\u03c1\u03c5\u03c2-\u03a6\u03c5\u03c3\u03b9\u03ba\u03cc-\u0399\u03c3\u03cc\u03b2\u03b5\u03bd\u03bf.jpg","datePublished":"2023-03-07T08:25:44+00:00","dateModified":"2024-10-21T10:06:13+00:00","breadcrumb":{"@id":"https:\/\/alfawood.gr\/product\/drys-fysiko-isoveno\/#breadcrumb"},"inLanguage":"sq","potentialAction":[{"@type":"ReadAction","target":["https:\/\/alfawood.gr\/product\/drys-fysiko-isoveno\/"]}]},{"@type":"ImageObject","inLanguage":"sq","@id":"https:\/\/alfawood.gr\/product\/drys-fysiko-isoveno\/#primaryimage","url":"https:\/\/alfawood.gr\/wp-content\/uploads\/2023\/03\/Natural-Oak-Grain-\u0394\u03c1\u03c5\u03c2-\u03a6\u03c5\u03c3\u03b9\u03ba\u03cc-\u0399\u03c3\u03cc\u03b2\u03b5\u03bd\u03bf.jpg","contentUrl":"https:\/\/alfawood.gr\/wp-content\/uploads\/2023\/03\/Natural-Oak-Grain-\u0394\u03c1\u03c5\u03c2-\u03a6\u03c5\u03c3\u03b9\u03ba\u03cc-\u0399\u03c3\u03cc\u03b2\u03b5\u03bd\u03bf.jpg","width":1457,"height":2000,"caption":"\u0394\u03c1\u03cd\u03c2 \u03a6\u03c5\u03c3\u03b9\u03ba\u03cc \u0399\u03c3\u03cc\u03b2\u03b5\u03bd\u03bf - Alfa Veneers \u03a6\u03c5\u03c3\u03b9\u03ba\u03bf\u03af"},{"@type":"BreadcrumbList","@id":"https:\/\/alfawood.gr\/product\/drys-fysiko-isoveno\/#breadcrumb","itemListElement":[{"@type":"ListItem","position":1,"name":"Home","item":"https:\/\/alfawood.gr\/"},{"@type":"ListItem","position":2,"name":"\u03a0\u03c1\u03bf\u03ca\u03cc\u03bd\u03c4\u03b1","item":"https:\/\/alfawood.gr\/proionta-wood\/"},{"@type":"ListItem","position":3,"name":"\u0395\u03c0\u03b9\u03c6\u03ac\u03bd\u03b5\u03b9\u03b5\u03c2 \u039a\u03b1\u03c0\u03bb\u03b1\u03bc\u03ac - Alfa Xilo","item":"https:\/\/alfawood.gr\/category\/kaplamas-veneer\/"},{"@type":"ListItem","position":4,"name":"\u03a6\u03c5\u03c3\u03b9\u03ba\u03bf\u03af","item":"https:\/\/alfawood.gr\/category\/kaplamas-veneer\/psusikoi\/"},{"@type":"ListItem","position":5,"name":"\u0394\u03c1\u03cd\u03c2 \u03a6\u03c5\u03c3\u03b9\u03ba\u03cc \u0399\u03c3\u03cc\u03b2\u03b5\u03bd\u03bf"}]},{"@type":"WebSite","@id":"https:\/\/alfawood.gr\/#website","url":"https:\/\/alfawood.gr\/","name":"Sip\u00ebrfaqe melamine MDF banak\u00eb p\u00ebr pllaka Dyer","description":"Alfa Wood Group Industria e drurit","publisher":{"@id":"https:\/\/alfawood.gr\/#organization"},"alternateName":"Melamines - MDF - Laminate - Worktops","potentialAction":[{"@type":"SearchAction","target":{"@type":"EntryPoint","urlTemplate":"https:\/\/alfawood.gr\/?s={search_term_string}"},"query-input":{"@type":"PropertyValueSpecification","valueRequired":true,"valueName":"search_term_string"}}],"inLanguage":"sq"},{"@type":"Organization","@id":"https:\/\/alfawood.gr\/#organization","name":"Alfa Wood Group","url":"https:\/\/alfawood.gr\/","logo":{"@type":"ImageObject","inLanguage":"sq","@id":"https:\/\/alfawood.gr\/#\/schema\/logo\/image\/","url":"https:\/\/alfawood.gr\/wp-content\/uploads\/2023\/02\/alfa-wood-logo-1.svg","contentUrl":"https:\/\/alfawood.gr\/wp-content\/uploads\/2023\/02\/alfa-wood-logo-1.svg","width":305,"height":195,"caption":"Alfa Wood Group"},"image":{"@id":"https:\/\/alfawood.gr\/#\/schema\/logo\/image\/"},"sameAs":["https:\/\/www.facebook.com\/alfawood.group","https:\/\/x.com\/ALFAWOODGROUP","https:\/\/www.instagram.com\/alfawood.group","https:\/\/www.youtube.com\/@alfawoodgroup","https:\/\/www.tiktok.com\/@alfawood.group","https:\/\/vimeo.com\/alfawood","https:\/\/www.linkedin.com\/company\/alfawoodgroup","https:\/\/www.pinterest.com\/alfawoodgroup\/"]}]}},"_links":{"self":[{"href":"https:\/\/alfawood.gr\/sq\/wp-json\/wp\/v2\/product\/15780","targetHints":{"allow":["GET"]}}],"collection":[{"href":"https:\/\/alfawood.gr\/sq\/wp-json\/wp\/v2\/product"}],"about":[{"href":"https:\/\/alfawood.gr\/sq\/wp-json\/wp\/v2\/types\/product"}],"version-history":[{"count":0,"href":"https:\/\/alfawood.gr\/sq\/wp-json\/wp\/v2\/product\/15780\/revisions"}],"wp:featuredmedia":[{"embeddable":true,"href":"https:\/\/alfawood.gr\/sq\/wp-json\/wp\/v2\/media\/15782"}],"wp:attachment":[{"href":"https:\/\/alfawood.gr\/sq\/wp-json\/wp\/v2\/media?parent=15780"}],"wp:term":[{"taxonomy":"product_brand","embeddable":true,"href":"https:\/\/alfawood.gr\/sq\/wp-json\/wp\/v2\/product_brand?post=15780"},{"taxonomy":"product_cat","embeddable":true,"href":"https:\/\/alfawood.gr\/sq\/wp-json\/wp\/v2\/product_cat?post=15780"},{"taxonomy":"product_tag","embeddable":true,"href":"https:\/\/alfawood.gr\/sq\/wp-json\/wp\/v2\/product_tag?post=15780"}],"curies":[{"name":"wp","href":"https:\/\/api.w.org\/{rel}","templated":true}]}}