{"id":20172,"date":"2023-04-18T11:05:57","date_gmt":"2023-04-18T11:05:57","guid":{"rendered":"https:\/\/alfawood.gr\/?post_type=product&#038;p=20172"},"modified":"2024-11-01T11:30:25","modified_gmt":"2024-11-01T09:30:25","slug":"5210-nodi-grey-nava","status":"publish","type":"product","link":"https:\/\/alfawood.gr\/sq\/product\/5210-nodi-grey-nava\/","title":{"rendered":"5210 Nodi Grey"},"content":{"rendered":"<p>Sip\u00ebrfaqja e melamin\u00ebs <strong>Nava<\/strong> karakterizohet nga linja nd\u00ebrthur\u00ebse t\u00eb nj\u00eb stili t\u00eb guximsh\u00ebm dhe elegant, t\u00eb cilat krijojn\u00eb nj\u00eb p\u00ebrs\u00ebritje ritmike t\u00eb motivit. Dizajni i sip\u00ebrfaqes Nava josh duke nd\u00ebrruar <strong>\u00a0<\/strong>e kanavac\u00ebs s\u00eb saj mat dhe me shk\u00eblqim.<\/p>\n<p>Modelet dhe ngjyrat e disponueshme n\u00eb sip\u00ebrfaqe <strong>Nava<\/strong> eshte ne nuanca toke &amp; monokrome me nje prekje te vecante. Teknikat e projektimit dhe gdhendjes t\u00eb aplikuara n\u00eb k\u00ebt\u00eb p\u00ebrfundim, t\u00eb kombinuara me teknologjin\u00eb e saj t\u00eb prodhimit, i b\u00ebjn\u00eb panelet e k\u00ebsaj sip\u00ebrfaqeje shum\u00eb t\u00eb q\u00ebndrueshme, duke riprodhuar nj\u00eb imitim t\u00eb mat. Kodet e sip\u00ebrfaqes Nava shoq\u00ebrohen me t\u00eb nj\u00ebjt\u00ebn hije dhe tekstur\u00eb <strong>Kaseta me margjina ABS.<\/strong><\/p>\n<p>Zbuloni karakterin &quot;t\u00eb pap\u00ebrpunuar&quot; dhe ekspresiv t\u00eb sip\u00ebrfaqeve dekorative t\u00eb Alfa Wood Group dhe frym\u00ebzohuni p\u00ebr dizajne kreative...<\/p>\n<p><strong><a href=\"\/files\/catalogs\/ALFASURFACES-BOOK-GR.pdf\" target=\"_blank\" rel=\"noopener\">Shkarkoni katalogun<\/a><\/strong><\/p>","protected":false},"excerpt":{"rendered":"<p>Sip\u00ebrfaqja melamine 0070 Black \u2013 Nava karakterizohet nga linja t\u00eb kryq\u00ebzuara t\u00eb nj\u00eb stili t\u00eb guximsh\u00ebm dhe elegant n\u00eb nuanc\u00eb t\u00eb zez\u00eb, t\u00eb cilat krijojn\u00eb nj\u00eb p\u00ebrs\u00ebritje ritmike t\u00eb modelit. Nava magjeps me kanavac\u00ebn e saj t\u00eb alternuar mat dhe me shk\u00eblqim dhe ofron rezultate elegante.<\/p>","protected":false},"featured_media":20173,"template":"","meta":{"_acf_changed":false,"inline_featured_image":false,"cybocfi_hide_featured_image":""},"product_brand":[],"product_cat":[83,814,817,151],"product_tag":[],"class_list":{"0":"post-20172","1":"product","2":"type-product","3":"status-publish","4":"has-post-thumbnail","6":"product_cat-alfa-surfaces","7":"product_cat-avant","8":"product_cat-nava","9":"product_cat-melamines","11":"first","12":"instock","13":"product-type-simple"},"acf":[],"yoast_head":"<!-- This site is optimized with the Yoast SEO Premium plugin v27.3 (Yoast SEO v27.3) - https:\/\/yoast.com\/product\/yoast-seo-premium-wordpress\/ -->\n<title>5210 Nodi Grey - \u0395\u03c0\u03b9\u03c6\u03ac\u03bd\u03b5\u03b9\u03b5\u03c2 \u039c\u03b5\u03bb\u03b1\u03bc\u03af\u03bd\u03b7\u03c2 MDF \u039c\u03bf\u03c1\u03b9\u03bf\u03c3\u03b1\u03bd\u03af\u03b4\u03b1 \u03a0\u03ac\u03b3\u03ba\u03bf\u03b9 \u0394\u03ac\u03c0\u03b5\u03b4\u03b1 \u03a0\u03cc\u03c1\u03c4\u03b5\u03c2<\/title>\n<meta name=\"robots\" content=\"index, follow, max-snippet:-1, max-image-preview:large, max-video-preview:-1\" \/>\n<link rel=\"canonical\" href=\"https:\/\/alfawood.gr\/sq\/produkt\/5210-nodi-grey-nava\" \/>\n<meta property=\"og:locale\" content=\"sq_AL\" \/>\n<meta property=\"og:type\" content=\"article\" \/>\n<meta property=\"og:title\" content=\"5210 Nodi Grey\" \/>\n<meta property=\"og:description\" content=\"\u0397 \u03b5\u03c0\u03b9\u03c6\u03ac\u03bd\u03b5\u03b9\u03b1 \u03bc\u03b5\u03bb\u03b1\u03bc\u03af\u03bd\u03b7\u03c2 5210 Nodi Grey - Nava \u03c7\u03b1\u03c1\u03b1\u03ba\u03c4\u03b7\u03c1\u03af\u03b6\u03b5\u03c4\u03b1\u03b9 \u03b1\u03c0\u03cc \u03b4\u03b9\u03b1\u03c3\u03c4\u03b1\u03c5\u03c1\u03c9\u03bc\u03ad\u03bd\u03b5\u03c2 \u03b3\u03c1\u03b1\u03bc\u03bc\u03ad\u03c2 \u03c4\u03bf\u03bb\u03bc\u03b7\u03c1\u03bf\u03cd \u03ba\u03b1\u03b9 \u03ba\u03b1\u03bb\u03b1\u03af\u03c3\u03b8\u03b7\u03c4\u03bf\u03c5 \u03c3\u03c4\u03c5\u03bb \u03c3\u03b5 \u03b3\u03ba\u03c1\u03b9 - \u03ba\u03b1\u03c6\u03ad \u03b1\u03c0\u03cc\u03c7\u03c1\u03c9\u03c3\u03b7, \u03bf\u03b9 \u03bf\u03c0\u03bf\u03af\u03b5\u03c2 \u03b4\u03b7\u03bc\u03b9\u03bf\u03c5\u03c1\u03b3\u03bf\u03cd\u03bd \u03c1\u03c5\u03b8\u03bc\u03b9\u03ba\u03ae \u03b5\u03c0\u03b1\u03bd\u03ac\u03bb\u03b7\u03c8\u03b7 \u03c4\u03bf\u03c5 \u03bc\u03bf\u03c4\u03af\u03b2\u03bf\u03c5. H Nava \u03c3\u03b1\u03b3\u03b7\u03bd\u03b5\u03cd\u03b5\u03b9 \u03bc\u03b5 \u03c4\u03b7\u03bd \u03b5\u03bd\u03b1\u03bb\u03bb\u03b1\u03b3\u03ae \u03c4\u03bf\u03c5 \u03bc\u03b1\u03c4 \u03ba\u03b1\u03b9 \u03c4\u03bf\u03c5 \u03bb\u03b1\u03bc\u03c0\u03b5\u03c1\u03bf\u03cd \u03ba\u03b1\u03bc\u03b2\u03ac \u03c4\u03b7\u03c2 \u03ba\u03b1\u03b9 \u03c0\u03c1\u03bf\u03c3\u03c6\u03ad\u03c1\u03b5\u03b9 \u03ba\u03bf\u03bc\u03c8\u03ac \u03b1\u03c0\u03bf\u03c4\u03b5\u03bb\u03ad\u03c3\u03bc\u03b1\u03c4\u03b1.\" \/>\n<meta property=\"og:url\" content=\"https:\/\/alfawood.gr\/sq\/produkt\/5210-nodi-grey-nava\" \/>\n<meta property=\"og:site_name\" content=\"\u0395\u03c0\u03b9\u03c6\u03ac\u03bd\u03b5\u03b9\u03b5\u03c2 \u039c\u03b5\u03bb\u03b1\u03bc\u03af\u03bd\u03b7\u03c2 MDF \u039c\u03bf\u03c1\u03b9\u03bf\u03c3\u03b1\u03bd\u03af\u03b4\u03b1 \u03a0\u03ac\u03b3\u03ba\u03bf\u03b9 \u0394\u03ac\u03c0\u03b5\u03b4\u03b1 \u03a0\u03cc\u03c1\u03c4\u03b5\u03c2\" \/>\n<meta property=\"article:publisher\" content=\"https:\/\/www.facebook.com\/alfawood.group\" \/>\n<meta property=\"article:modified_time\" content=\"2024-11-01T09:30:25+00:00\" \/>\n<meta property=\"og:image\" content=\"https:\/\/alfawood.gr\/wp-content\/uploads\/2023\/04\/5210-NAVA.jpg\" \/>\n\t<meta property=\"og:image:width\" content=\"1457\" \/>\n\t<meta property=\"og:image:height\" content=\"2000\" \/>\n\t<meta property=\"og:image:type\" content=\"image\/jpeg\" \/>\n<meta name=\"twitter:card\" content=\"summary_large_image\" \/>\n<meta name=\"twitter:site\" content=\"@ALFAWOODGROUP\" \/>\n<meta name=\"twitter:label1\" content=\"Est. reading time\" \/>\n\t<meta name=\"twitter:data1\" content=\"1 minut\u00eb\" \/>\n<script type=\"application\/ld+json\" class=\"yoast-schema-graph\">{\"@context\":\"https:\\\/\\\/schema.org\",\"@graph\":[{\"@type\":\"WebPage\",\"@id\":\"https:\\\/\\\/alfawood.gr\\\/it\\\/prodotto\\\/5210-nodi-grey-nava\\\/\",\"url\":\"https:\\\/\\\/alfawood.gr\\\/it\\\/prodotto\\\/5210-nodi-grey-nava\\\/\",\"name\":\"5210 Nodi Grey - \u0395\u03c0\u03b9\u03c6\u03ac\u03bd\u03b5\u03b9\u03b5\u03c2 \u039c\u03b5\u03bb\u03b1\u03bc\u03af\u03bd\u03b7\u03c2 MDF \u039c\u03bf\u03c1\u03b9\u03bf\u03c3\u03b1\u03bd\u03af\u03b4\u03b1 \u03a0\u03ac\u03b3\u03ba\u03bf\u03b9 \u0394\u03ac\u03c0\u03b5\u03b4\u03b1 \u03a0\u03cc\u03c1\u03c4\u03b5\u03c2\",\"isPartOf\":{\"@id\":\"https:\\\/\\\/alfawood.gr\\\/#website\"},\"primaryImageOfPage\":{\"@id\":\"https:\\\/\\\/alfawood.gr\\\/it\\\/prodotto\\\/5210-nodi-grey-nava\\\/#primaryimage\"},\"image\":{\"@id\":\"https:\\\/\\\/alfawood.gr\\\/it\\\/prodotto\\\/5210-nodi-grey-nava\\\/#primaryimage\"},\"thumbnailUrl\":\"https:\\\/\\\/alfawood.gr\\\/wp-content\\\/uploads\\\/2023\\\/04\\\/5210-NAVA.jpg\",\"datePublished\":\"2023-04-18T11:05:57+00:00\",\"dateModified\":\"2024-11-01T09:30:25+00:00\",\"breadcrumb\":{\"@id\":\"https:\\\/\\\/alfawood.gr\\\/it\\\/prodotto\\\/5210-nodi-grey-nava\\\/#breadcrumb\"},\"inLanguage\":\"sq\",\"potentialAction\":[{\"@type\":\"ReadAction\",\"target\":[\"https:\\\/\\\/alfawood.gr\\\/it\\\/prodotto\\\/5210-nodi-grey-nava\\\/\"]}]},{\"@type\":\"ImageObject\",\"inLanguage\":\"sq\",\"@id\":\"https:\\\/\\\/alfawood.gr\\\/it\\\/prodotto\\\/5210-nodi-grey-nava\\\/#primaryimage\",\"url\":\"https:\\\/\\\/alfawood.gr\\\/wp-content\\\/uploads\\\/2023\\\/04\\\/5210-NAVA.jpg\",\"contentUrl\":\"https:\\\/\\\/alfawood.gr\\\/wp-content\\\/uploads\\\/2023\\\/04\\\/5210-NAVA.jpg\",\"width\":1457,\"height\":2000,\"caption\":\"5210 NAVA surface\"},{\"@type\":\"BreadcrumbList\",\"@id\":\"https:\\\/\\\/alfawood.gr\\\/it\\\/prodotto\\\/5210-nodi-grey-nava\\\/#breadcrumb\",\"itemListElement\":[{\"@type\":\"ListItem\",\"position\":1,\"name\":\"Home\",\"item\":\"https:\\\/\\\/alfawood.gr\\\/\"},{\"@type\":\"ListItem\",\"position\":2,\"name\":\"\u03a0\u03c1\u03bf\u03ca\u03cc\u03bd\u03c4\u03b1\",\"item\":\"https:\\\/\\\/alfawood.gr\\\/proionta-wood\\\/\"},{\"@type\":\"ListItem\",\"position\":3,\"name\":\"Alfa Surfaces\",\"item\":\"https:\\\/\\\/alfawood.gr\\\/category\\\/alfa-surfaces\\\/\"},{\"@type\":\"ListItem\",\"position\":4,\"name\":\"5210 Nodi Grey\"}]},{\"@type\":\"WebSite\",\"@id\":\"https:\\\/\\\/alfawood.gr\\\/#website\",\"url\":\"https:\\\/\\\/alfawood.gr\\\/\",\"name\":\"\u0395\u03c0\u03b9\u03c6\u03ac\u03bd\u03b5\u03b9\u03b5\u03c2 \u039c\u03b5\u03bb\u03b1\u03bc\u03af\u03bd\u03b7\u03c2 MDF \u039c\u03bf\u03c1\u03b9\u03bf\u03c3\u03b1\u03bd\u03af\u03b4\u03b1 \u03a0\u03ac\u03b3\u03ba\u03bf\u03b9 \u0394\u03ac\u03c0\u03b5\u03b4\u03b1 \u03a0\u03cc\u03c1\u03c4\u03b5\u03c2\",\"description\":\"\u0392\u03b9\u03bf\u03bc\u03b7\u03c7\u03b1\u03bd\u03af\u03b1 \u039e\u03cd\u03bb\u03bf\u03c5 Alfa Wood Group\",\"publisher\":{\"@id\":\"https:\\\/\\\/alfawood.gr\\\/#organization\"},\"alternateName\":\"Melamines - MDF - Laminate - Worktops\",\"potentialAction\":[{\"@type\":\"SearchAction\",\"target\":{\"@type\":\"EntryPoint\",\"urlTemplate\":\"https:\\\/\\\/alfawood.gr\\\/?s={search_term_string}\"},\"query-input\":{\"@type\":\"PropertyValueSpecification\",\"valueRequired\":true,\"valueName\":\"search_term_string\"}}],\"inLanguage\":\"sq\"},{\"@type\":\"Organization\",\"@id\":\"https:\\\/\\\/alfawood.gr\\\/#organization\",\"name\":\"Alfa Wood Group\",\"url\":\"https:\\\/\\\/alfawood.gr\\\/\",\"logo\":{\"@type\":\"ImageObject\",\"inLanguage\":\"sq\",\"@id\":\"https:\\\/\\\/alfawood.gr\\\/#\\\/schema\\\/logo\\\/image\\\/\",\"url\":\"https:\\\/\\\/alfawood.gr\\\/wp-content\\\/uploads\\\/2023\\\/02\\\/alfa-wood-logo-1.svg\",\"contentUrl\":\"https:\\\/\\\/alfawood.gr\\\/wp-content\\\/uploads\\\/2023\\\/02\\\/alfa-wood-logo-1.svg\",\"width\":305,\"height\":195,\"caption\":\"Alfa Wood Group\"},\"image\":{\"@id\":\"https:\\\/\\\/alfawood.gr\\\/#\\\/schema\\\/logo\\\/image\\\/\"},\"sameAs\":[\"https:\\\/\\\/www.facebook.com\\\/alfawood.group\",\"https:\\\/\\\/x.com\\\/ALFAWOODGROUP\",\"https:\\\/\\\/www.instagram.com\\\/alfawood.group\",\"https:\\\/\\\/www.youtube.com\\\/@alfawoodgroup\",\"https:\\\/\\\/www.tiktok.com\\\/@alfawood.group\",\"https:\\\/\\\/vimeo.com\\\/alfawood\",\"https:\\\/\\\/www.linkedin.com\\\/company\\\/alfawoodgroup\",\"https:\\\/\\\/www.pinterest.com\\\/alfawoodgroup\\\/\"]}]}<\/script>\n<!-- \/ Yoast SEO Premium plugin. -->","yoast_head_json":{"title":"5210 Nodi Grey - Sip\u00ebrfaqe melamine MDF Banesa me pllaka dyersh","robots":{"index":"index","follow":"follow","max-snippet":"max-snippet:-1","max-image-preview":"max-image-preview:large","max-video-preview":"max-video-preview:-1"},"canonical":"https:\/\/alfawood.gr\/sq\/produkt\/5210-nodi-grey-nava","og_locale":"sq_AL","og_type":"article","og_title":"5210 Nodi Grey","og_description":"\u0397 \u03b5\u03c0\u03b9\u03c6\u03ac\u03bd\u03b5\u03b9\u03b1 \u03bc\u03b5\u03bb\u03b1\u03bc\u03af\u03bd\u03b7\u03c2 5210 Nodi Grey - Nava \u03c7\u03b1\u03c1\u03b1\u03ba\u03c4\u03b7\u03c1\u03af\u03b6\u03b5\u03c4\u03b1\u03b9 \u03b1\u03c0\u03cc \u03b4\u03b9\u03b1\u03c3\u03c4\u03b1\u03c5\u03c1\u03c9\u03bc\u03ad\u03bd\u03b5\u03c2 \u03b3\u03c1\u03b1\u03bc\u03bc\u03ad\u03c2 \u03c4\u03bf\u03bb\u03bc\u03b7\u03c1\u03bf\u03cd \u03ba\u03b1\u03b9 \u03ba\u03b1\u03bb\u03b1\u03af\u03c3\u03b8\u03b7\u03c4\u03bf\u03c5 \u03c3\u03c4\u03c5\u03bb \u03c3\u03b5 \u03b3\u03ba\u03c1\u03b9 - \u03ba\u03b1\u03c6\u03ad \u03b1\u03c0\u03cc\u03c7\u03c1\u03c9\u03c3\u03b7, \u03bf\u03b9 \u03bf\u03c0\u03bf\u03af\u03b5\u03c2 \u03b4\u03b7\u03bc\u03b9\u03bf\u03c5\u03c1\u03b3\u03bf\u03cd\u03bd \u03c1\u03c5\u03b8\u03bc\u03b9\u03ba\u03ae \u03b5\u03c0\u03b1\u03bd\u03ac\u03bb\u03b7\u03c8\u03b7 \u03c4\u03bf\u03c5 \u03bc\u03bf\u03c4\u03af\u03b2\u03bf\u03c5. H Nava \u03c3\u03b1\u03b3\u03b7\u03bd\u03b5\u03cd\u03b5\u03b9 \u03bc\u03b5 \u03c4\u03b7\u03bd \u03b5\u03bd\u03b1\u03bb\u03bb\u03b1\u03b3\u03ae \u03c4\u03bf\u03c5 \u03bc\u03b1\u03c4 \u03ba\u03b1\u03b9 \u03c4\u03bf\u03c5 \u03bb\u03b1\u03bc\u03c0\u03b5\u03c1\u03bf\u03cd \u03ba\u03b1\u03bc\u03b2\u03ac \u03c4\u03b7\u03c2 \u03ba\u03b1\u03b9 \u03c0\u03c1\u03bf\u03c3\u03c6\u03ad\u03c1\u03b5\u03b9 \u03ba\u03bf\u03bc\u03c8\u03ac \u03b1\u03c0\u03bf\u03c4\u03b5\u03bb\u03ad\u03c3\u03bc\u03b1\u03c4\u03b1.","og_url":"https:\/\/alfawood.gr\/sq\/produkt\/5210-nodi-grey-nava","og_site_name":"\u0395\u03c0\u03b9\u03c6\u03ac\u03bd\u03b5\u03b9\u03b5\u03c2 \u039c\u03b5\u03bb\u03b1\u03bc\u03af\u03bd\u03b7\u03c2 MDF \u039c\u03bf\u03c1\u03b9\u03bf\u03c3\u03b1\u03bd\u03af\u03b4\u03b1 \u03a0\u03ac\u03b3\u03ba\u03bf\u03b9 \u0394\u03ac\u03c0\u03b5\u03b4\u03b1 \u03a0\u03cc\u03c1\u03c4\u03b5\u03c2","article_publisher":"https:\/\/www.facebook.com\/alfawood.group","article_modified_time":"2024-11-01T09:30:25+00:00","og_image":[{"width":1457,"height":2000,"url":"https:\/\/alfawood.gr\/wp-content\/uploads\/2023\/04\/5210-NAVA.jpg","type":"image\/jpeg"}],"twitter_card":"summary_large_image","twitter_site":"@ALFAWOODGROUP","twitter_misc":{"Est. reading time":"1 minut\u00eb"},"schema":{"@context":"https:\/\/schema.org","@graph":[{"@type":"WebPage","@id":"https:\/\/alfawood.gr\/it\/prodotto\/5210-nodi-grey-nava\/","url":"https:\/\/alfawood.gr\/it\/prodotto\/5210-nodi-grey-nava\/","name":"5210 Nodi Grey - Sip\u00ebrfaqe melamine MDF Banesa me pllaka dyersh","isPartOf":{"@id":"https:\/\/alfawood.gr\/#website"},"primaryImageOfPage":{"@id":"https:\/\/alfawood.gr\/it\/prodotto\/5210-nodi-grey-nava\/#primaryimage"},"image":{"@id":"https:\/\/alfawood.gr\/it\/prodotto\/5210-nodi-grey-nava\/#primaryimage"},"thumbnailUrl":"https:\/\/alfawood.gr\/wp-content\/uploads\/2023\/04\/5210-NAVA.jpg","datePublished":"2023-04-18T11:05:57+00:00","dateModified":"2024-11-01T09:30:25+00:00","breadcrumb":{"@id":"https:\/\/alfawood.gr\/it\/prodotto\/5210-nodi-grey-nava\/#breadcrumb"},"inLanguage":"sq","potentialAction":[{"@type":"ReadAction","target":["https:\/\/alfawood.gr\/it\/prodotto\/5210-nodi-grey-nava\/"]}]},{"@type":"ImageObject","inLanguage":"sq","@id":"https:\/\/alfawood.gr\/it\/prodotto\/5210-nodi-grey-nava\/#primaryimage","url":"https:\/\/alfawood.gr\/wp-content\/uploads\/2023\/04\/5210-NAVA.jpg","contentUrl":"https:\/\/alfawood.gr\/wp-content\/uploads\/2023\/04\/5210-NAVA.jpg","width":1457,"height":2000,"caption":"5210 NAVA surface"},{"@type":"BreadcrumbList","@id":"https:\/\/alfawood.gr\/it\/prodotto\/5210-nodi-grey-nava\/#breadcrumb","itemListElement":[{"@type":"ListItem","position":1,"name":"Home","item":"https:\/\/alfawood.gr\/"},{"@type":"ListItem","position":2,"name":"\u03a0\u03c1\u03bf\u03ca\u03cc\u03bd\u03c4\u03b1","item":"https:\/\/alfawood.gr\/proionta-wood\/"},{"@type":"ListItem","position":3,"name":"Alfa Surfaces","item":"https:\/\/alfawood.gr\/category\/alfa-surfaces\/"},{"@type":"ListItem","position":4,"name":"5210 Nodi Grey"}]},{"@type":"WebSite","@id":"https:\/\/alfawood.gr\/#website","url":"https:\/\/alfawood.gr\/","name":"Sip\u00ebrfaqe melamine MDF banak\u00eb p\u00ebr pllaka Dyer","description":"Alfa Wood Group Industria e drurit","publisher":{"@id":"https:\/\/alfawood.gr\/#organization"},"alternateName":"Melamines - MDF - Laminate - Worktops","potentialAction":[{"@type":"SearchAction","target":{"@type":"EntryPoint","urlTemplate":"https:\/\/alfawood.gr\/?s={search_term_string}"},"query-input":{"@type":"PropertyValueSpecification","valueRequired":true,"valueName":"search_term_string"}}],"inLanguage":"sq"},{"@type":"Organization","@id":"https:\/\/alfawood.gr\/#organization","name":"Alfa Wood Group","url":"https:\/\/alfawood.gr\/","logo":{"@type":"ImageObject","inLanguage":"sq","@id":"https:\/\/alfawood.gr\/#\/schema\/logo\/image\/","url":"https:\/\/alfawood.gr\/wp-content\/uploads\/2023\/02\/alfa-wood-logo-1.svg","contentUrl":"https:\/\/alfawood.gr\/wp-content\/uploads\/2023\/02\/alfa-wood-logo-1.svg","width":305,"height":195,"caption":"Alfa Wood Group"},"image":{"@id":"https:\/\/alfawood.gr\/#\/schema\/logo\/image\/"},"sameAs":["https:\/\/www.facebook.com\/alfawood.group","https:\/\/x.com\/ALFAWOODGROUP","https:\/\/www.instagram.com\/alfawood.group","https:\/\/www.youtube.com\/@alfawoodgroup","https:\/\/www.tiktok.com\/@alfawood.group","https:\/\/vimeo.com\/alfawood","https:\/\/www.linkedin.com\/company\/alfawoodgroup","https:\/\/www.pinterest.com\/alfawoodgroup\/"]}]}},"_links":{"self":[{"href":"https:\/\/alfawood.gr\/sq\/wp-json\/wp\/v2\/product\/20172","targetHints":{"allow":["GET"]}}],"collection":[{"href":"https:\/\/alfawood.gr\/sq\/wp-json\/wp\/v2\/product"}],"about":[{"href":"https:\/\/alfawood.gr\/sq\/wp-json\/wp\/v2\/types\/product"}],"version-history":[{"count":0,"href":"https:\/\/alfawood.gr\/sq\/wp-json\/wp\/v2\/product\/20172\/revisions"}],"wp:featuredmedia":[{"embeddable":true,"href":"https:\/\/alfawood.gr\/sq\/wp-json\/wp\/v2\/media\/20173"}],"wp:attachment":[{"href":"https:\/\/alfawood.gr\/sq\/wp-json\/wp\/v2\/media?parent=20172"}],"wp:term":[{"taxonomy":"product_brand","embeddable":true,"href":"https:\/\/alfawood.gr\/sq\/wp-json\/wp\/v2\/product_brand?post=20172"},{"taxonomy":"product_cat","embeddable":true,"href":"https:\/\/alfawood.gr\/sq\/wp-json\/wp\/v2\/product_cat?post=20172"},{"taxonomy":"product_tag","embeddable":true,"href":"https:\/\/alfawood.gr\/sq\/wp-json\/wp\/v2\/product_tag?post=20172"}],"curies":[{"name":"wp","href":"https:\/\/api.w.org\/{rel}","templated":true}]}}