{"id":22108,"date":"2023-04-26T07:25:25","date_gmt":"2023-04-26T07:25:25","guid":{"rendered":"https:\/\/alfawood.gr\/?post_type=product&#038;p=22108"},"modified":"2023-04-26T08:01:15","modified_gmt":"2023-04-26T08:01:15","slug":"0074-exclusive-19mm","status":"publish","type":"product","link":"https:\/\/alfawood.gr\/sq\/product\/0074-exclusive-19mm\/","title":{"rendered":"0074 Ekskluzive 19mm"},"content":{"rendered":"<p>T\u00eb <a href=\"\/sq\/pagos-kouzinas-alfatops\" target=\"_blank\" rel=\"noopener\">tavolinat e pun\u00ebs<\/a> <strong>19 mm<\/strong> ato mund t\u00eb kombinohen dhe harmonizohen me pjes\u00ebn tjet\u00ebr t\u00eb mobiljeve, si p.sh. ballina dollap\u00ebsh dhe mobiljesh, panele t\u00eb veshjes s\u00eb mureve, rafte, dyer dhe madje edhe dysheme.<\/p>\n<p><strong>Aplikimet:<\/strong><\/p>\n<ul>\n<li>Kuzhina &amp; Tavolina Pune.<\/li>\n<li>Sip\u00ebrfaqe tavolinash, raftesh, dritaresh, stendash etj.<\/li>\n<li>Investimet n\u00eb mur.<\/li>\n<\/ul>\n<p><strong>P\u00ebrpar\u00ebsit\u00eb:<\/strong><\/p>\n<ul>\n<li>Rezistenca ndaj g\u00ebrryerjes dhe g\u00ebrryerjes.<\/li>\n<li>Rezistent ndaj lag\u00ebshtir\u00ebs dhe nxeht\u00ebsis\u00eb.<\/li>\n<li>Rezistent ndaj njollave dhe i leht\u00eb p\u00ebr t&#039;u pastruar.<\/li>\n<li>Ato jan\u00eb ergonomike dhe m\u00eb t\u00eb lehta.<\/li>\n<li>Financiare.<\/li>\n<li>Ata kan\u00eb nj\u00eb pamje moderne.<\/li>\n<\/ul>\n<p>Brenda koleksionit ton\u00eb tavoline ju do t\u00eb gjeni tekstura dhe tone ngjyrash n\u00eb dizajne rustike, klasike dhe moderne me efekt druri, efekte guri dhe mermeri dhe p\u00ebrfundime moderne. Gama e tavolinave t\u00eb pun\u00ebs \u00ebsht\u00eb pik\u00eb referimi p\u00ebr dizajn dhe q\u00ebndrueshm\u00ebri me cil\u00ebsi t\u00eb lart\u00eb.<\/p>\n<p>K\u00ebto jan\u00eb produkte ekologjike me l\u00ebnd\u00eb t\u00eb par\u00eb t\u00eb certifikuar.<\/p>\n<p><a href=\"\/files\/catalogs\/\/ALFASURFACES-BOOK-GR.pdf\" target=\"_blank\" rel=\"noopener\">Shihni katalogun<\/a><\/p>","protected":false},"excerpt":{"rendered":"<p>Pllaka e pun\u00ebs 0074 Exclusive 19mm \u2013 R2 me b\u00ebrtham\u00eb t\u00eb zez\u00eb HDF me p\u00ebrmbajtje t\u00eb ul\u00ebt formaldehide n\u00eb nj\u00eb nuanc\u00eb gri t\u00eb err\u00ebt, me nj\u00eb imitim guri, kombinohet n\u00eb m\u00ebnyr\u00eb t\u00eb p\u00ebrkryer me sip\u00ebrfaqen dekorative p\u00ebrkat\u00ebse t\u00eb grupit Terra. Tavani i holl\u00eb mund t\u00eb b\u00ebhet pjesa qendrore e \u00e7do kuzhine, pasi kombinon estetik\u00ebn e lart\u00eb me dizajnin ergonomik.<\/p>","protected":false},"featured_media":14652,"template":"","meta":{"_acf_changed":false,"inline_featured_image":false,"cybocfi_hide_featured_image":""},"product_brand":[],"product_cat":[112,179],"product_tag":[],"class_list":{"0":"post-22108","1":"product","2":"type-product","3":"status-publish","4":"has-post-thumbnail","6":"product_cat-pagoi-kouzinas","7":"product_cat-pagos-19mm","9":"first","10":"instock","11":"product-type-simple"},"acf":[],"yoast_head":"<!-- This site is optimized with the Yoast SEO Premium plugin v27.3 (Yoast SEO v27.3) - https:\/\/yoast.com\/product\/yoast-seo-premium-wordpress\/ -->\n<title>0074 Exclusive 19mm - \u0395\u03c0\u03b9\u03c6\u03ac\u03bd\u03b5\u03b9\u03b5\u03c2 \u039c\u03b5\u03bb\u03b1\u03bc\u03af\u03bd\u03b7\u03c2 MDF \u039c\u03bf\u03c1\u03b9\u03bf\u03c3\u03b1\u03bd\u03af\u03b4\u03b1 \u03a0\u03ac\u03b3\u03ba\u03bf\u03b9 \u0394\u03ac\u03c0\u03b5\u03b4\u03b1 \u03a0\u03cc\u03c1\u03c4\u03b5\u03c2<\/title>\n<meta name=\"robots\" content=\"index, follow, max-snippet:-1, max-image-preview:large, max-video-preview:-1\" \/>\n<link rel=\"canonical\" href=\"https:\/\/alfawood.gr\/sq\/produkt\/0074-exclusive-19mm\" \/>\n<meta property=\"og:locale\" content=\"sq_AL\" \/>\n<meta property=\"og:type\" content=\"article\" \/>\n<meta property=\"og:title\" content=\"0074 Exclusive 19mm\" \/>\n<meta property=\"og:description\" content=\"\u039f \u03c0\u03ac\u03b3\u03ba\u03bf\u03c2 \u03b5\u03c1\u03b3\u03b1\u03c3\u03af\u03b1\u03c2 0074 Exclusive 19mm \u2013 R2 \u03bc\u03b5 HDF Black Core \u03c7\u03b1\u03bc\u03b7\u03bb\u03ae\u03c2 \u03c6\u03bf\u03c1\u03bc\u03b1\u03bb\u03b4\u03b5\u03b0\u03b4\u03b7\u03c2 \u03c3\u03b5 \u03c3\u03ba\u03bf\u03cd\u03c1\u03b1 \u03b3\u03ba\u03c1\u03b9 \u03b1\u03c0\u03cc\u03c7\u03c1\u03c9\u03c3\u03b7, \u03b1\u03c0\u03bf\u03bc\u03af\u03bc\u03b7\u03c3\u03b7\u03c2 \u03c0\u03ad\u03c4\u03c1\u03b1\u03c2, \u03c3\u03c5\u03bd\u03b4\u03c5\u03ac\u03b6\u03b5\u03c4\u03b1\u03b9 \u03b1\u03c0\u03cc\u03bb\u03c5\u03c4\u03b1 \u03bc\u03b5 \u03c4\u03b7\u03bd \u03b1\u03bd\u03c4\u03af\u03c3\u03c4\u03bf\u03b9\u03c7\u03b7 \u03b4\u03b9\u03b1\u03ba\u03bf\u03c3\u03bc\u03b7\u03c4\u03b9\u03ba\u03ae \u03b5\u03c0\u03b9\u03c6\u03ac\u03bd\u03b5\u03b9\u03b1 Terra \u03c4\u03bf\u03c5 \u03bf\u03bc\u03af\u03bb\u03bf\u03c5. \u039f \u03bb\u03b5\u03c0\u03c4\u03cc\u03c2 \u03c0\u03ac\u03b3\u03ba\u03bf\u03c2 \u03bc\u03c0\u03bf\u03c1\u03b5\u03af \u03bd\u03b1 \u03b3\u03af\u03bd\u03b5\u03b9 \u03c4\u03bf \u03b5\u03c0\u03af\u03ba\u03b5\u03bd\u03c4\u03c1\u03bf \u03ba\u03ac\u03b8\u03b5 \u03ba\u03bf\u03c5\u03b6\u03af\u03bd\u03b1\u03c2, \u03b1\u03c6\u03bf\u03cd \u03c3\u03c5\u03bd\u03b4\u03c5\u03ac\u03b6\u03b5\u03b9 \u03c4\u03b7\u03bd \u03c5\u03c8\u03b7\u03bb\u03ae \u03b1\u03b9\u03c3\u03b8\u03b7\u03c4\u03b9\u03ba\u03ae \u03bc\u03b5 \u03c4\u03bf\u03bd \u03b5\u03c1\u03b3\u03bf\u03bd\u03bf\u03bc\u03b9\u03ba\u03cc \u03c3\u03c7\u03b5\u03b4\u03b9\u03b1\u03c3\u03bc\u03cc.\" \/>\n<meta property=\"og:url\" content=\"https:\/\/alfawood.gr\/sq\/produkt\/0074-exclusive-19mm\" \/>\n<meta property=\"og:site_name\" content=\"\u0395\u03c0\u03b9\u03c6\u03ac\u03bd\u03b5\u03b9\u03b5\u03c2 \u039c\u03b5\u03bb\u03b1\u03bc\u03af\u03bd\u03b7\u03c2 MDF \u039c\u03bf\u03c1\u03b9\u03bf\u03c3\u03b1\u03bd\u03af\u03b4\u03b1 \u03a0\u03ac\u03b3\u03ba\u03bf\u03b9 \u0394\u03ac\u03c0\u03b5\u03b4\u03b1 \u03a0\u03cc\u03c1\u03c4\u03b5\u03c2\" \/>\n<meta property=\"article:publisher\" content=\"https:\/\/www.facebook.com\/alfawood.group\" \/>\n<meta property=\"article:modified_time\" content=\"2023-04-26T08:01:15+00:00\" \/>\n<meta property=\"og:image\" content=\"https:\/\/alfawood.gr\/wp-content\/uploads\/2023\/03\/0074-1.jpg\" \/>\n\t<meta property=\"og:image:width\" content=\"1457\" \/>\n\t<meta property=\"og:image:height\" content=\"2000\" \/>\n\t<meta property=\"og:image:type\" content=\"image\/jpeg\" \/>\n<meta name=\"twitter:card\" content=\"summary_large_image\" \/>\n<meta name=\"twitter:site\" content=\"@ALFAWOODGROUP\" \/>\n<meta name=\"twitter:label1\" content=\"Est. reading time\" \/>\n\t<meta name=\"twitter:data1\" content=\"1 minut\u00eb\" \/>\n<script type=\"application\/ld+json\" class=\"yoast-schema-graph\">{\"@context\":\"https:\\\/\\\/schema.org\",\"@graph\":[{\"@type\":\"WebPage\",\"@id\":\"https:\\\/\\\/alfawood.gr\\\/product\\\/0074-exclusive-19mm\\\/\",\"url\":\"https:\\\/\\\/alfawood.gr\\\/product\\\/0074-exclusive-19mm\\\/\",\"name\":\"0074 Exclusive 19mm - \u0395\u03c0\u03b9\u03c6\u03ac\u03bd\u03b5\u03b9\u03b5\u03c2 \u039c\u03b5\u03bb\u03b1\u03bc\u03af\u03bd\u03b7\u03c2 MDF \u039c\u03bf\u03c1\u03b9\u03bf\u03c3\u03b1\u03bd\u03af\u03b4\u03b1 \u03a0\u03ac\u03b3\u03ba\u03bf\u03b9 \u0394\u03ac\u03c0\u03b5\u03b4\u03b1 \u03a0\u03cc\u03c1\u03c4\u03b5\u03c2\",\"isPartOf\":{\"@id\":\"https:\\\/\\\/alfawood.gr\\\/#website\"},\"primaryImageOfPage\":{\"@id\":\"https:\\\/\\\/alfawood.gr\\\/product\\\/0074-exclusive-19mm\\\/#primaryimage\"},\"image\":{\"@id\":\"https:\\\/\\\/alfawood.gr\\\/product\\\/0074-exclusive-19mm\\\/#primaryimage\"},\"thumbnailUrl\":\"https:\\\/\\\/alfawood.gr\\\/wp-content\\\/uploads\\\/2023\\\/03\\\/0074-1.jpg\",\"datePublished\":\"2023-04-26T07:25:25+00:00\",\"dateModified\":\"2023-04-26T08:01:15+00:00\",\"breadcrumb\":{\"@id\":\"https:\\\/\\\/alfawood.gr\\\/product\\\/0074-exclusive-19mm\\\/#breadcrumb\"},\"inLanguage\":\"sq\",\"potentialAction\":[{\"@type\":\"ReadAction\",\"target\":[\"https:\\\/\\\/alfawood.gr\\\/product\\\/0074-exclusive-19mm\\\/\"]}]},{\"@type\":\"ImageObject\",\"inLanguage\":\"sq\",\"@id\":\"https:\\\/\\\/alfawood.gr\\\/product\\\/0074-exclusive-19mm\\\/#primaryimage\",\"url\":\"https:\\\/\\\/alfawood.gr\\\/wp-content\\\/uploads\\\/2023\\\/03\\\/0074-1.jpg\",\"contentUrl\":\"https:\\\/\\\/alfawood.gr\\\/wp-content\\\/uploads\\\/2023\\\/03\\\/0074-1.jpg\",\"width\":1457,\"height\":2000,\"caption\":\"Exclusive COMBO 0074 - Alfa Tops Exclusive COMBO\"},{\"@type\":\"BreadcrumbList\",\"@id\":\"https:\\\/\\\/alfawood.gr\\\/product\\\/0074-exclusive-19mm\\\/#breadcrumb\",\"itemListElement\":[{\"@type\":\"ListItem\",\"position\":1,\"name\":\"Home\",\"item\":\"https:\\\/\\\/alfawood.gr\\\/\"},{\"@type\":\"ListItem\",\"position\":2,\"name\":\"\u03a0\u03c1\u03bf\u03ca\u03cc\u03bd\u03c4\u03b1\",\"item\":\"https:\\\/\\\/alfawood.gr\\\/proionta-wood\\\/\"},{\"@type\":\"ListItem\",\"position\":3,\"name\":\"Alfa Tops - \u03a0\u03ac\u03b3\u03ba\u03bf\u03b9 \u039a\u03bf\u03c5\u03b6\u03af\u03bd\u03b1\u03c2\",\"item\":\"https:\\\/\\\/alfawood.gr\\\/category\\\/pagoi-kouzinas\\\/\"},{\"@type\":\"ListItem\",\"position\":4,\"name\":\"0074 Exclusive 19mm\"}]},{\"@type\":\"WebSite\",\"@id\":\"https:\\\/\\\/alfawood.gr\\\/#website\",\"url\":\"https:\\\/\\\/alfawood.gr\\\/\",\"name\":\"\u0395\u03c0\u03b9\u03c6\u03ac\u03bd\u03b5\u03b9\u03b5\u03c2 \u039c\u03b5\u03bb\u03b1\u03bc\u03af\u03bd\u03b7\u03c2 MDF \u039c\u03bf\u03c1\u03b9\u03bf\u03c3\u03b1\u03bd\u03af\u03b4\u03b1 \u03a0\u03ac\u03b3\u03ba\u03bf\u03b9 \u0394\u03ac\u03c0\u03b5\u03b4\u03b1 \u03a0\u03cc\u03c1\u03c4\u03b5\u03c2\",\"description\":\"\u0392\u03b9\u03bf\u03bc\u03b7\u03c7\u03b1\u03bd\u03af\u03b1 \u039e\u03cd\u03bb\u03bf\u03c5 Alfa Wood Group\",\"publisher\":{\"@id\":\"https:\\\/\\\/alfawood.gr\\\/#organization\"},\"alternateName\":\"Melamines - MDF - Laminate - Worktops\",\"potentialAction\":[{\"@type\":\"SearchAction\",\"target\":{\"@type\":\"EntryPoint\",\"urlTemplate\":\"https:\\\/\\\/alfawood.gr\\\/?s={search_term_string}\"},\"query-input\":{\"@type\":\"PropertyValueSpecification\",\"valueRequired\":true,\"valueName\":\"search_term_string\"}}],\"inLanguage\":\"sq\"},{\"@type\":\"Organization\",\"@id\":\"https:\\\/\\\/alfawood.gr\\\/#organization\",\"name\":\"Alfa Wood Group\",\"url\":\"https:\\\/\\\/alfawood.gr\\\/\",\"logo\":{\"@type\":\"ImageObject\",\"inLanguage\":\"sq\",\"@id\":\"https:\\\/\\\/alfawood.gr\\\/#\\\/schema\\\/logo\\\/image\\\/\",\"url\":\"https:\\\/\\\/alfawood.gr\\\/wp-content\\\/uploads\\\/2023\\\/02\\\/alfa-wood-logo-1.svg\",\"contentUrl\":\"https:\\\/\\\/alfawood.gr\\\/wp-content\\\/uploads\\\/2023\\\/02\\\/alfa-wood-logo-1.svg\",\"width\":305,\"height\":195,\"caption\":\"Alfa Wood Group\"},\"image\":{\"@id\":\"https:\\\/\\\/alfawood.gr\\\/#\\\/schema\\\/logo\\\/image\\\/\"},\"sameAs\":[\"https:\\\/\\\/www.facebook.com\\\/alfawood.group\",\"https:\\\/\\\/x.com\\\/ALFAWOODGROUP\",\"https:\\\/\\\/www.instagram.com\\\/alfawood.group\",\"https:\\\/\\\/www.youtube.com\\\/@alfawoodgroup\",\"https:\\\/\\\/www.tiktok.com\\\/@alfawood.group\",\"https:\\\/\\\/vimeo.com\\\/alfawood\",\"https:\\\/\\\/www.linkedin.com\\\/company\\\/alfawoodgroup\",\"https:\\\/\\\/www.pinterest.com\\\/alfawoodgroup\\\/\"]}]}<\/script>\n<!-- \/ Yoast SEO Premium plugin. -->","yoast_head_json":{"title":"F 6812 Ekskluzive 19mm - Sip\u00ebrfaqe melamine MDF banak\u00eb chipboard Dyer Dyer","robots":{"index":"index","follow":"follow","max-snippet":"max-snippet:-1","max-image-preview":"max-image-preview:large","max-video-preview":"max-video-preview:-1"},"canonical":"https:\/\/alfawood.gr\/sq\/produkt\/0074-exclusive-19mm","og_locale":"sq_AL","og_type":"article","og_title":"0074 Exclusive 19mm","og_description":"\u039f \u03c0\u03ac\u03b3\u03ba\u03bf\u03c2 \u03b5\u03c1\u03b3\u03b1\u03c3\u03af\u03b1\u03c2 0074 Exclusive 19mm \u2013 R2 \u03bc\u03b5 HDF Black Core \u03c7\u03b1\u03bc\u03b7\u03bb\u03ae\u03c2 \u03c6\u03bf\u03c1\u03bc\u03b1\u03bb\u03b4\u03b5\u03b0\u03b4\u03b7\u03c2 \u03c3\u03b5 \u03c3\u03ba\u03bf\u03cd\u03c1\u03b1 \u03b3\u03ba\u03c1\u03b9 \u03b1\u03c0\u03cc\u03c7\u03c1\u03c9\u03c3\u03b7, \u03b1\u03c0\u03bf\u03bc\u03af\u03bc\u03b7\u03c3\u03b7\u03c2 \u03c0\u03ad\u03c4\u03c1\u03b1\u03c2, \u03c3\u03c5\u03bd\u03b4\u03c5\u03ac\u03b6\u03b5\u03c4\u03b1\u03b9 \u03b1\u03c0\u03cc\u03bb\u03c5\u03c4\u03b1 \u03bc\u03b5 \u03c4\u03b7\u03bd \u03b1\u03bd\u03c4\u03af\u03c3\u03c4\u03bf\u03b9\u03c7\u03b7 \u03b4\u03b9\u03b1\u03ba\u03bf\u03c3\u03bc\u03b7\u03c4\u03b9\u03ba\u03ae \u03b5\u03c0\u03b9\u03c6\u03ac\u03bd\u03b5\u03b9\u03b1 Terra \u03c4\u03bf\u03c5 \u03bf\u03bc\u03af\u03bb\u03bf\u03c5. \u039f \u03bb\u03b5\u03c0\u03c4\u03cc\u03c2 \u03c0\u03ac\u03b3\u03ba\u03bf\u03c2 \u03bc\u03c0\u03bf\u03c1\u03b5\u03af \u03bd\u03b1 \u03b3\u03af\u03bd\u03b5\u03b9 \u03c4\u03bf \u03b5\u03c0\u03af\u03ba\u03b5\u03bd\u03c4\u03c1\u03bf \u03ba\u03ac\u03b8\u03b5 \u03ba\u03bf\u03c5\u03b6\u03af\u03bd\u03b1\u03c2, \u03b1\u03c6\u03bf\u03cd \u03c3\u03c5\u03bd\u03b4\u03c5\u03ac\u03b6\u03b5\u03b9 \u03c4\u03b7\u03bd \u03c5\u03c8\u03b7\u03bb\u03ae \u03b1\u03b9\u03c3\u03b8\u03b7\u03c4\u03b9\u03ba\u03ae \u03bc\u03b5 \u03c4\u03bf\u03bd \u03b5\u03c1\u03b3\u03bf\u03bd\u03bf\u03bc\u03b9\u03ba\u03cc \u03c3\u03c7\u03b5\u03b4\u03b9\u03b1\u03c3\u03bc\u03cc.","og_url":"https:\/\/alfawood.gr\/sq\/produkt\/0074-exclusive-19mm","og_site_name":"\u0395\u03c0\u03b9\u03c6\u03ac\u03bd\u03b5\u03b9\u03b5\u03c2 \u039c\u03b5\u03bb\u03b1\u03bc\u03af\u03bd\u03b7\u03c2 MDF \u039c\u03bf\u03c1\u03b9\u03bf\u03c3\u03b1\u03bd\u03af\u03b4\u03b1 \u03a0\u03ac\u03b3\u03ba\u03bf\u03b9 \u0394\u03ac\u03c0\u03b5\u03b4\u03b1 \u03a0\u03cc\u03c1\u03c4\u03b5\u03c2","article_publisher":"https:\/\/www.facebook.com\/alfawood.group","article_modified_time":"2023-04-26T08:01:15+00:00","og_image":[{"width":1457,"height":2000,"url":"https:\/\/alfawood.gr\/wp-content\/uploads\/2023\/03\/0074-1.jpg","type":"image\/jpeg"}],"twitter_card":"summary_large_image","twitter_site":"@ALFAWOODGROUP","twitter_misc":{"Est. reading time":"1 minut\u00eb"},"schema":{"@context":"https:\/\/schema.org","@graph":[{"@type":"WebPage","@id":"https:\/\/alfawood.gr\/product\/0074-exclusive-19mm\/","url":"https:\/\/alfawood.gr\/product\/0074-exclusive-19mm\/","name":"F 6812 Ekskluzive 19mm - Sip\u00ebrfaqe melamine MDF banak\u00eb chipboard Dyer Dyer","isPartOf":{"@id":"https:\/\/alfawood.gr\/#website"},"primaryImageOfPage":{"@id":"https:\/\/alfawood.gr\/product\/0074-exclusive-19mm\/#primaryimage"},"image":{"@id":"https:\/\/alfawood.gr\/product\/0074-exclusive-19mm\/#primaryimage"},"thumbnailUrl":"https:\/\/alfawood.gr\/wp-content\/uploads\/2023\/03\/0074-1.jpg","datePublished":"2023-04-26T07:25:25+00:00","dateModified":"2023-04-26T08:01:15+00:00","breadcrumb":{"@id":"https:\/\/alfawood.gr\/product\/0074-exclusive-19mm\/#breadcrumb"},"inLanguage":"sq","potentialAction":[{"@type":"ReadAction","target":["https:\/\/alfawood.gr\/product\/0074-exclusive-19mm\/"]}]},{"@type":"ImageObject","inLanguage":"sq","@id":"https:\/\/alfawood.gr\/product\/0074-exclusive-19mm\/#primaryimage","url":"https:\/\/alfawood.gr\/wp-content\/uploads\/2023\/03\/0074-1.jpg","contentUrl":"https:\/\/alfawood.gr\/wp-content\/uploads\/2023\/03\/0074-1.jpg","width":1457,"height":2000,"caption":"Exclusive COMBO 0074 - Alfa Tops Exclusive COMBO"},{"@type":"BreadcrumbList","@id":"https:\/\/alfawood.gr\/product\/0074-exclusive-19mm\/#breadcrumb","itemListElement":[{"@type":"ListItem","position":1,"name":"Home","item":"https:\/\/alfawood.gr\/"},{"@type":"ListItem","position":2,"name":"\u03a0\u03c1\u03bf\u03ca\u03cc\u03bd\u03c4\u03b1","item":"https:\/\/alfawood.gr\/proionta-wood\/"},{"@type":"ListItem","position":3,"name":"Alfa Tops - \u03a0\u03ac\u03b3\u03ba\u03bf\u03b9 \u039a\u03bf\u03c5\u03b6\u03af\u03bd\u03b1\u03c2","item":"https:\/\/alfawood.gr\/category\/pagoi-kouzinas\/"},{"@type":"ListItem","position":4,"name":"0074 Exclusive 19mm"}]},{"@type":"WebSite","@id":"https:\/\/alfawood.gr\/#website","url":"https:\/\/alfawood.gr\/","name":"Sip\u00ebrfaqe melamine MDF banak\u00eb p\u00ebr pllaka Dyer","description":"Alfa Wood Group Industria e drurit","publisher":{"@id":"https:\/\/alfawood.gr\/#organization"},"alternateName":"Melamines - MDF - Laminate - Worktops","potentialAction":[{"@type":"SearchAction","target":{"@type":"EntryPoint","urlTemplate":"https:\/\/alfawood.gr\/?s={search_term_string}"},"query-input":{"@type":"PropertyValueSpecification","valueRequired":true,"valueName":"search_term_string"}}],"inLanguage":"sq"},{"@type":"Organization","@id":"https:\/\/alfawood.gr\/#organization","name":"Alfa Wood Group","url":"https:\/\/alfawood.gr\/","logo":{"@type":"ImageObject","inLanguage":"sq","@id":"https:\/\/alfawood.gr\/#\/schema\/logo\/image\/","url":"https:\/\/alfawood.gr\/wp-content\/uploads\/2023\/02\/alfa-wood-logo-1.svg","contentUrl":"https:\/\/alfawood.gr\/wp-content\/uploads\/2023\/02\/alfa-wood-logo-1.svg","width":305,"height":195,"caption":"Alfa Wood Group"},"image":{"@id":"https:\/\/alfawood.gr\/#\/schema\/logo\/image\/"},"sameAs":["https:\/\/www.facebook.com\/alfawood.group","https:\/\/x.com\/ALFAWOODGROUP","https:\/\/www.instagram.com\/alfawood.group","https:\/\/www.youtube.com\/@alfawoodgroup","https:\/\/www.tiktok.com\/@alfawood.group","https:\/\/vimeo.com\/alfawood","https:\/\/www.linkedin.com\/company\/alfawoodgroup","https:\/\/www.pinterest.com\/alfawoodgroup\/"]}]}},"_links":{"self":[{"href":"https:\/\/alfawood.gr\/sq\/wp-json\/wp\/v2\/product\/22108","targetHints":{"allow":["GET"]}}],"collection":[{"href":"https:\/\/alfawood.gr\/sq\/wp-json\/wp\/v2\/product"}],"about":[{"href":"https:\/\/alfawood.gr\/sq\/wp-json\/wp\/v2\/types\/product"}],"version-history":[{"count":0,"href":"https:\/\/alfawood.gr\/sq\/wp-json\/wp\/v2\/product\/22108\/revisions"}],"wp:featuredmedia":[{"embeddable":true,"href":"https:\/\/alfawood.gr\/sq\/wp-json\/wp\/v2\/media\/14652"}],"wp:attachment":[{"href":"https:\/\/alfawood.gr\/sq\/wp-json\/wp\/v2\/media?parent=22108"}],"wp:term":[{"taxonomy":"product_brand","embeddable":true,"href":"https:\/\/alfawood.gr\/sq\/wp-json\/wp\/v2\/product_brand?post=22108"},{"taxonomy":"product_cat","embeddable":true,"href":"https:\/\/alfawood.gr\/sq\/wp-json\/wp\/v2\/product_cat?post=22108"},{"taxonomy":"product_tag","embeddable":true,"href":"https:\/\/alfawood.gr\/sq\/wp-json\/wp\/v2\/product_tag?post=22108"}],"curies":[{"name":"wp","href":"https:\/\/api.w.org\/{rel}","templated":true}]}}