{"id":22229,"date":"2023-04-26T11:37:23","date_gmt":"2023-04-26T11:37:23","guid":{"rendered":"https:\/\/alfawood.gr\/?post_type=product&#038;p=22229"},"modified":"2023-04-26T12:12:27","modified_gmt":"2023-04-26T12:12:27","slug":"osb-2","status":"publish","type":"product","link":"https:\/\/alfawood.gr\/sq\/product\/osb-2\/","title":{"rendered":"OSB 2"},"content":{"rendered":"<p class=\"textinalfa\">OSB (Pllaka e orientuar me fije) \u00ebsht\u00eb nj\u00eb panel druri strukturor n\u00eb form\u00eb t\u00eb shesht\u00eb q\u00eb prodhohet duke ngjeshur grimca t\u00eb m\u00ebdha druri t\u00eb orientuara, me ngjit\u00ebs t\u00eb p\u00ebrshtatsh\u00ebm dhe substanca anti-higroskopike. P\u00ebr shkak t\u00eb metod\u00ebs s\u00eb nd\u00ebrtimit t\u00eb shum\u00eb shtresave t\u00eb grimcave t\u00eb orientuara t\u00eb drurit, anizotropia e drurit zvog\u00eblohet dhe prodhohet nj\u00eb panel druri me veti t\u00eb ngjashme me kompensat\u00ebn.<\/p>\n<p><strong>Karakteristikat e tij themelore t\u00eb cil\u00ebsis\u00eb konsiderohen t\u00eb jen\u00eb si m\u00eb posht\u00eb:<\/strong><\/p>\n<ul>\n<li>Dend\u00ebsia<\/li>\n<li>P\u00ebrmbajtja e lag\u00ebshtis\u00eb<\/li>\n<li>Tkurrje<\/li>\n<li>\u00cbnjtje<\/li>\n<li>Fort\u00ebsia mekanike<\/li>\n<li>Cil\u00ebsia e sip\u00ebrfaqes<\/li>\n<\/ul>\n<p><strong>Prandaj, p\u00ebrdorimet kryesore t\u00eb OSB jan\u00eb si m\u00eb posht\u00eb:<\/strong><\/p>\n<ul>\n<li>Panelet izoluese strukturore<\/li>\n<li>Pllaka kall\u00ebpe p\u00ebr beton<\/li>\n<li>Panele p\u00ebr \u00e7ati dhe veshje p\u00ebr mure t\u00eb brendshme dhe t\u00eb jashtme t\u00eb sht\u00ebpive t\u00eb parafabrikuara dhe nd\u00ebrtesave t\u00eb tjera.<\/li>\n<li>Paketime industriale dhe kuti mallrash<\/li>\n<li>Paleta<\/li>\n<li>Pun\u00eb zdrukth\u00ebtarie<\/li>\n<li>N\u00eb pjes\u00ebt e mobiljeve t\u00eb veshura me tapiceri<\/li>\n<\/ul>","protected":false},"excerpt":{"rendered":"<table class=\"table23_5\">\n<tbody>\n<tr>\n<td>Dimensionet (mm)<\/td>\n<td>2440x1220<\/td>\n<\/tr>\n<tr>\n<td>Trash\u00ebsia (mm)<\/td>\n<td>09, 11, 15, 18, 22<\/td>\n<\/tr>\n<tr>\n<td>Ngjit\u00ebs<\/td>\n<td>P\u00ebrdorim n\u00eb natyr\u00eb E1<\/td>\n<\/tr>\n<\/tbody>\n<\/table>","protected":false},"featured_media":22237,"template":"","meta":{"_acf_changed":false,"inline_featured_image":false,"cybocfi_hide_featured_image":""},"product_brand":[],"product_cat":[840,132],"product_tag":[],"class_list":{"0":"post-22229","1":"product","2":"type-product","3":"status-publish","4":"has-post-thumbnail","6":"product_cat-osb","7":"product_cat-domika-ulika-ksylou","9":"first","10":"instock","11":"product-type-simple"},"acf":[],"yoast_head":"<!-- This site is optimized with the Yoast SEO Premium plugin v27.4 (Yoast SEO v27.4) - https:\/\/yoast.com\/product\/yoast-seo-premium-wordpress\/ -->\n<title>O.S.B. 2 - \u0395\u03c0\u03b9\u03c6\u03ac\u03bd\u03b5\u03b9\u03b5\u03c2 \u039c\u03b5\u03bb\u03b1\u03bc\u03af\u03bd\u03b7\u03c2 MDF \u039c\u03bf\u03c1\u03b9\u03bf\u03c3\u03b1\u03bd\u03af\u03b4\u03b1 \u03a0\u03ac\u03b3\u03ba\u03bf\u03b9 \u0394\u03ac\u03c0\u03b5\u03b4\u03b1 \u03a0\u03cc\u03c1\u03c4\u03b5\u03c2<\/title>\n<meta name=\"robots\" content=\"index, follow, max-snippet:-1, max-image-preview:large, max-video-preview:-1\" \/>\n<link rel=\"canonical\" href=\"https:\/\/alfawood.gr\/sq\/produkt\/osb-2\" \/>\n<meta property=\"og:locale\" content=\"sq_AL\" \/>\n<meta property=\"og:type\" content=\"article\" \/>\n<meta property=\"og:title\" content=\"O.S.B. 2\" \/>\n<meta property=\"og:description\" content=\"\u0394\u03b9\u03b1\u03c3\u03c4\u03ac\u03c3\u03b5\u03b9\u03c2(mm) 2440 x 1220   \u03a0\u03ac\u03c7\u03b7 (mm) 09 , 11 , 15 , 18 , 22   \u039a\u03cc\u03bb\u03bb\u03b5\u03c2 \u0395\u03be\u03c9\u03c4\u03b5\u03c1\u03b9\u03ba\u03ae\u03c2 \u03c7\u03c1\u03ae\u03c3\u03b7\u03c2 E1\" \/>\n<meta property=\"og:url\" content=\"https:\/\/alfawood.gr\/sq\/produkt\/osb-2\" \/>\n<meta property=\"og:site_name\" content=\"\u0395\u03c0\u03b9\u03c6\u03ac\u03bd\u03b5\u03b9\u03b5\u03c2 \u039c\u03b5\u03bb\u03b1\u03bc\u03af\u03bd\u03b7\u03c2 MDF \u039c\u03bf\u03c1\u03b9\u03bf\u03c3\u03b1\u03bd\u03af\u03b4\u03b1 \u03a0\u03ac\u03b3\u03ba\u03bf\u03b9 \u0394\u03ac\u03c0\u03b5\u03b4\u03b1 \u03a0\u03cc\u03c1\u03c4\u03b5\u03c2\" \/>\n<meta property=\"article:publisher\" content=\"https:\/\/www.facebook.com\/alfawood.group\" \/>\n<meta property=\"article:modified_time\" content=\"2023-04-26T12:12:27+00:00\" \/>\n<meta property=\"og:image\" content=\"https:\/\/alfawood.gr\/wp-content\/uploads\/2023\/04\/osb-.jpg\" \/>\n\t<meta property=\"og:image:width\" content=\"1600\" \/>\n\t<meta property=\"og:image:height\" content=\"1200\" \/>\n\t<meta property=\"og:image:type\" content=\"image\/jpeg\" \/>\n<meta name=\"twitter:card\" content=\"summary_large_image\" \/>\n<meta name=\"twitter:site\" content=\"@ALFAWOODGROUP\" \/>\n<meta name=\"twitter:label1\" content=\"Est. reading time\" \/>\n\t<meta name=\"twitter:data1\" content=\"1 minut\u00eb\" \/>\n<script type=\"application\/ld+json\" class=\"yoast-schema-graph\">{\"@context\":\"https:\\\/\\\/schema.org\",\"@graph\":[{\"@type\":\"WebPage\",\"@id\":\"https:\\\/\\\/alfawood.gr\\\/product\\\/osb-2\\\/\",\"url\":\"https:\\\/\\\/alfawood.gr\\\/product\\\/osb-2\\\/\",\"name\":\"O.S.B. 2 - \u0395\u03c0\u03b9\u03c6\u03ac\u03bd\u03b5\u03b9\u03b5\u03c2 \u039c\u03b5\u03bb\u03b1\u03bc\u03af\u03bd\u03b7\u03c2 MDF \u039c\u03bf\u03c1\u03b9\u03bf\u03c3\u03b1\u03bd\u03af\u03b4\u03b1 \u03a0\u03ac\u03b3\u03ba\u03bf\u03b9 \u0394\u03ac\u03c0\u03b5\u03b4\u03b1 \u03a0\u03cc\u03c1\u03c4\u03b5\u03c2\",\"isPartOf\":{\"@id\":\"https:\\\/\\\/alfawood.gr\\\/#website\"},\"primaryImageOfPage\":{\"@id\":\"https:\\\/\\\/alfawood.gr\\\/product\\\/osb-2\\\/#primaryimage\"},\"image\":{\"@id\":\"https:\\\/\\\/alfawood.gr\\\/product\\\/osb-2\\\/#primaryimage\"},\"thumbnailUrl\":\"https:\\\/\\\/alfawood.gr\\\/wp-content\\\/uploads\\\/2023\\\/04\\\/osb-.jpg\",\"datePublished\":\"2023-04-26T11:37:23+00:00\",\"dateModified\":\"2023-04-26T12:12:27+00:00\",\"breadcrumb\":{\"@id\":\"https:\\\/\\\/alfawood.gr\\\/product\\\/osb-2\\\/#breadcrumb\"},\"inLanguage\":\"sq\",\"potentialAction\":[{\"@type\":\"ReadAction\",\"target\":[\"https:\\\/\\\/alfawood.gr\\\/product\\\/osb-2\\\/\"]}]},{\"@type\":\"ImageObject\",\"inLanguage\":\"sq\",\"@id\":\"https:\\\/\\\/alfawood.gr\\\/product\\\/osb-2\\\/#primaryimage\",\"url\":\"https:\\\/\\\/alfawood.gr\\\/wp-content\\\/uploads\\\/2023\\\/04\\\/osb-.jpg\",\"contentUrl\":\"https:\\\/\\\/alfawood.gr\\\/wp-content\\\/uploads\\\/2023\\\/04\\\/osb-.jpg\",\"width\":1600,\"height\":1200,\"caption\":\"osb\"},{\"@type\":\"BreadcrumbList\",\"@id\":\"https:\\\/\\\/alfawood.gr\\\/product\\\/osb-2\\\/#breadcrumb\",\"itemListElement\":[{\"@type\":\"ListItem\",\"position\":1,\"name\":\"Home\",\"item\":\"https:\\\/\\\/alfawood.gr\\\/\"},{\"@type\":\"ListItem\",\"position\":2,\"name\":\"\u03a0\u03c1\u03bf\u03ca\u03cc\u03bd\u03c4\u03b1\",\"item\":\"https:\\\/\\\/alfawood.gr\\\/proionta-wood\\\/\"},{\"@type\":\"ListItem\",\"position\":3,\"name\":\"\u0394\u03bf\u03bc\u03b9\u03ba\u03ac \u03a5\u03bb\u03b9\u03ba\u03ac \u039e\u03cd\u03bb\u03bf\u03c5 - Alfa Building\",\"item\":\"https:\\\/\\\/alfawood.gr\\\/en\\\/category\\\/domika-ulika-ksylou\\\/\"},{\"@type\":\"ListItem\",\"position\":4,\"name\":\"O.S.B. 2\"}]},{\"@type\":\"WebSite\",\"@id\":\"https:\\\/\\\/alfawood.gr\\\/#website\",\"url\":\"https:\\\/\\\/alfawood.gr\\\/\",\"name\":\"\u0395\u03c0\u03b9\u03c6\u03ac\u03bd\u03b5\u03b9\u03b5\u03c2 \u039c\u03b5\u03bb\u03b1\u03bc\u03af\u03bd\u03b7\u03c2 MDF \u039c\u03bf\u03c1\u03b9\u03bf\u03c3\u03b1\u03bd\u03af\u03b4\u03b1 \u03a0\u03ac\u03b3\u03ba\u03bf\u03b9 \u0394\u03ac\u03c0\u03b5\u03b4\u03b1 \u03a0\u03cc\u03c1\u03c4\u03b5\u03c2\",\"description\":\"\u0392\u03b9\u03bf\u03bc\u03b7\u03c7\u03b1\u03bd\u03af\u03b1 \u039e\u03cd\u03bb\u03bf\u03c5 Alfa Wood Group\",\"publisher\":{\"@id\":\"https:\\\/\\\/alfawood.gr\\\/#organization\"},\"alternateName\":\"Melamines - MDF - Laminate - Worktops\",\"potentialAction\":[{\"@type\":\"SearchAction\",\"target\":{\"@type\":\"EntryPoint\",\"urlTemplate\":\"https:\\\/\\\/alfawood.gr\\\/?s={search_term_string}\"},\"query-input\":{\"@type\":\"PropertyValueSpecification\",\"valueRequired\":true,\"valueName\":\"search_term_string\"}}],\"inLanguage\":\"sq\"},{\"@type\":\"Organization\",\"@id\":\"https:\\\/\\\/alfawood.gr\\\/#organization\",\"name\":\"Alfa Wood Group\",\"url\":\"https:\\\/\\\/alfawood.gr\\\/\",\"logo\":{\"@type\":\"ImageObject\",\"inLanguage\":\"sq\",\"@id\":\"https:\\\/\\\/alfawood.gr\\\/#\\\/schema\\\/logo\\\/image\\\/\",\"url\":\"https:\\\/\\\/alfawood.gr\\\/wp-content\\\/uploads\\\/2023\\\/02\\\/alfa-wood-logo-1.svg\",\"contentUrl\":\"https:\\\/\\\/alfawood.gr\\\/wp-content\\\/uploads\\\/2023\\\/02\\\/alfa-wood-logo-1.svg\",\"width\":305,\"height\":195,\"caption\":\"Alfa Wood Group\"},\"image\":{\"@id\":\"https:\\\/\\\/alfawood.gr\\\/#\\\/schema\\\/logo\\\/image\\\/\"},\"sameAs\":[\"https:\\\/\\\/www.facebook.com\\\/alfawood.group\",\"https:\\\/\\\/x.com\\\/ALFAWOODGROUP\",\"https:\\\/\\\/www.instagram.com\\\/alfawood.group\",\"https:\\\/\\\/www.youtube.com\\\/@alfawoodgroup\",\"https:\\\/\\\/www.tiktok.com\\\/@alfawood.group\",\"https:\\\/\\\/vimeo.com\\\/alfawood\",\"https:\\\/\\\/www.linkedin.com\\\/company\\\/alfawoodgroup\",\"https:\\\/\\\/www.pinterest.com\\\/alfawoodgroup\\\/\"]}]}<\/script>\n<!-- \/ Yoast SEO Premium plugin. -->","yoast_head_json":{"title":"OSB 2 - Sip\u00ebrfaqe Melamine MDF Pllaka Particle Countertops Dysheme Dyer","robots":{"index":"index","follow":"follow","max-snippet":"max-snippet:-1","max-image-preview":"max-image-preview:large","max-video-preview":"max-video-preview:-1"},"canonical":"https:\/\/alfawood.gr\/sq\/produkt\/osb-2","og_locale":"sq_AL","og_type":"article","og_title":"O.S.B. 2","og_description":"\u0394\u03b9\u03b1\u03c3\u03c4\u03ac\u03c3\u03b5\u03b9\u03c2(mm) 2440 x 1220   \u03a0\u03ac\u03c7\u03b7 (mm) 09 , 11 , 15 , 18 , 22   \u039a\u03cc\u03bb\u03bb\u03b5\u03c2 \u0395\u03be\u03c9\u03c4\u03b5\u03c1\u03b9\u03ba\u03ae\u03c2 \u03c7\u03c1\u03ae\u03c3\u03b7\u03c2 E1","og_url":"https:\/\/alfawood.gr\/sq\/produkt\/osb-2","og_site_name":"\u0395\u03c0\u03b9\u03c6\u03ac\u03bd\u03b5\u03b9\u03b5\u03c2 \u039c\u03b5\u03bb\u03b1\u03bc\u03af\u03bd\u03b7\u03c2 MDF \u039c\u03bf\u03c1\u03b9\u03bf\u03c3\u03b1\u03bd\u03af\u03b4\u03b1 \u03a0\u03ac\u03b3\u03ba\u03bf\u03b9 \u0394\u03ac\u03c0\u03b5\u03b4\u03b1 \u03a0\u03cc\u03c1\u03c4\u03b5\u03c2","article_publisher":"https:\/\/www.facebook.com\/alfawood.group","article_modified_time":"2023-04-26T12:12:27+00:00","og_image":[{"width":1600,"height":1200,"url":"https:\/\/alfawood.gr\/wp-content\/uploads\/2023\/04\/osb-.jpg","type":"image\/jpeg"}],"twitter_card":"summary_large_image","twitter_site":"@ALFAWOODGROUP","twitter_misc":{"Est. reading time":"1 minut\u00eb"},"schema":{"@context":"https:\/\/schema.org","@graph":[{"@type":"WebPage","@id":"https:\/\/alfawood.gr\/product\/osb-2\/","url":"https:\/\/alfawood.gr\/product\/osb-2\/","name":"OSB 2 - Sip\u00ebrfaqe Melamine MDF Pllaka Particle Countertops Dysheme Dyer","isPartOf":{"@id":"https:\/\/alfawood.gr\/#website"},"primaryImageOfPage":{"@id":"https:\/\/alfawood.gr\/product\/osb-2\/#primaryimage"},"image":{"@id":"https:\/\/alfawood.gr\/product\/osb-2\/#primaryimage"},"thumbnailUrl":"https:\/\/alfawood.gr\/wp-content\/uploads\/2023\/04\/osb-.jpg","datePublished":"2023-04-26T11:37:23+00:00","dateModified":"2023-04-26T12:12:27+00:00","breadcrumb":{"@id":"https:\/\/alfawood.gr\/product\/osb-2\/#breadcrumb"},"inLanguage":"sq","potentialAction":[{"@type":"ReadAction","target":["https:\/\/alfawood.gr\/product\/osb-2\/"]}]},{"@type":"ImageObject","inLanguage":"sq","@id":"https:\/\/alfawood.gr\/product\/osb-2\/#primaryimage","url":"https:\/\/alfawood.gr\/wp-content\/uploads\/2023\/04\/osb-.jpg","contentUrl":"https:\/\/alfawood.gr\/wp-content\/uploads\/2023\/04\/osb-.jpg","width":1600,"height":1200,"caption":"osb"},{"@type":"BreadcrumbList","@id":"https:\/\/alfawood.gr\/product\/osb-2\/#breadcrumb","itemListElement":[{"@type":"ListItem","position":1,"name":"Home","item":"https:\/\/alfawood.gr\/"},{"@type":"ListItem","position":2,"name":"\u03a0\u03c1\u03bf\u03ca\u03cc\u03bd\u03c4\u03b1","item":"https:\/\/alfawood.gr\/proionta-wood\/"},{"@type":"ListItem","position":3,"name":"\u0394\u03bf\u03bc\u03b9\u03ba\u03ac \u03a5\u03bb\u03b9\u03ba\u03ac \u039e\u03cd\u03bb\u03bf\u03c5 - Alfa Building","item":"https:\/\/alfawood.gr\/en\/category\/domika-ulika-ksylou\/"},{"@type":"ListItem","position":4,"name":"O.S.B. 2"}]},{"@type":"WebSite","@id":"https:\/\/alfawood.gr\/#website","url":"https:\/\/alfawood.gr\/","name":"Sip\u00ebrfaqe melamine MDF banak\u00eb p\u00ebr pllaka Dyer","description":"Alfa Wood Group Industria e drurit","publisher":{"@id":"https:\/\/alfawood.gr\/#organization"},"alternateName":"Melamines - MDF - Laminate - Worktops","potentialAction":[{"@type":"SearchAction","target":{"@type":"EntryPoint","urlTemplate":"https:\/\/alfawood.gr\/?s={search_term_string}"},"query-input":{"@type":"PropertyValueSpecification","valueRequired":true,"valueName":"search_term_string"}}],"inLanguage":"sq"},{"@type":"Organization","@id":"https:\/\/alfawood.gr\/#organization","name":"Alfa Wood Group","url":"https:\/\/alfawood.gr\/","logo":{"@type":"ImageObject","inLanguage":"sq","@id":"https:\/\/alfawood.gr\/#\/schema\/logo\/image\/","url":"https:\/\/alfawood.gr\/wp-content\/uploads\/2023\/02\/alfa-wood-logo-1.svg","contentUrl":"https:\/\/alfawood.gr\/wp-content\/uploads\/2023\/02\/alfa-wood-logo-1.svg","width":305,"height":195,"caption":"Alfa Wood Group"},"image":{"@id":"https:\/\/alfawood.gr\/#\/schema\/logo\/image\/"},"sameAs":["https:\/\/www.facebook.com\/alfawood.group","https:\/\/x.com\/ALFAWOODGROUP","https:\/\/www.instagram.com\/alfawood.group","https:\/\/www.youtube.com\/@alfawoodgroup","https:\/\/www.tiktok.com\/@alfawood.group","https:\/\/vimeo.com\/alfawood","https:\/\/www.linkedin.com\/company\/alfawoodgroup","https:\/\/www.pinterest.com\/alfawoodgroup\/"]}]}},"_links":{"self":[{"href":"https:\/\/alfawood.gr\/sq\/wp-json\/wp\/v2\/product\/22229","targetHints":{"allow":["GET"]}}],"collection":[{"href":"https:\/\/alfawood.gr\/sq\/wp-json\/wp\/v2\/product"}],"about":[{"href":"https:\/\/alfawood.gr\/sq\/wp-json\/wp\/v2\/types\/product"}],"version-history":[{"count":0,"href":"https:\/\/alfawood.gr\/sq\/wp-json\/wp\/v2\/product\/22229\/revisions"}],"wp:featuredmedia":[{"embeddable":true,"href":"https:\/\/alfawood.gr\/sq\/wp-json\/wp\/v2\/media\/22237"}],"wp:attachment":[{"href":"https:\/\/alfawood.gr\/sq\/wp-json\/wp\/v2\/media?parent=22229"}],"wp:term":[{"taxonomy":"product_brand","embeddable":true,"href":"https:\/\/alfawood.gr\/sq\/wp-json\/wp\/v2\/product_brand?post=22229"},{"taxonomy":"product_cat","embeddable":true,"href":"https:\/\/alfawood.gr\/sq\/wp-json\/wp\/v2\/product_cat?post=22229"},{"taxonomy":"product_tag","embeddable":true,"href":"https:\/\/alfawood.gr\/sq\/wp-json\/wp\/v2\/product_tag?post=22229"}],"curies":[{"name":"wp","href":"https:\/\/api.w.org\/{rel}","templated":true}]}}