{"id":22242,"date":"2023-04-26T11:52:38","date_gmt":"2023-04-26T11:52:38","guid":{"rendered":"https:\/\/alfawood.gr\/?post_type=product&#038;p=22242"},"modified":"2024-02-19T12:53:12","modified_gmt":"2024-02-19T10:53:12","slug":"sinthetiki-epikolliti-empotismeni-ksilia","status":"publish","type":"product","link":"https:\/\/alfawood.gr\/sq\/product\/sinthetiki-epikolliti-empotismeni-ksilia\/","title":{"rendered":"L\u00ebnd\u00eb drusore e p\u00ebrb\u00ebr\u00eb me ngjitje"},"content":{"rendered":"<p class=\"textinalfa\">L\u00ebnd\u00eb drusore e laminuar me ngjitje (glulams) \u00ebsht\u00eb emri i drurit t\u00eb prodhuar nga ngjitja e dy ose m\u00eb shum\u00eb copave t\u00eb drurit n\u00eb shtresa, me fijet e t\u00eb gjitha pjes\u00ebve paralele me nj\u00ebra-tjetr\u00ebn dhe p\u00ebr s\u00eb gjati.<\/p>\n<p class=\"textinalfa\">Gjer\u00ebsia dhe trash\u00ebsia e l\u00ebnd\u00ebs drusore t\u00eb laminuar t\u00eb ngjitur ndryshojn\u00eb nd\u00ebrsa ato prodhohen n\u00eb gjat\u00ebsi t\u00eb gjata (zakonisht 12 m \u2013 13 m, madje 24 m+), nd\u00ebrsa forma e tyre mund t\u00eb jet\u00eb e drejt\u00eb ose e lakuar.<\/p>\n<p class=\"textinalfa\"><b>P\u00ebrpar\u00ebsit\u00eb kryesore t\u00eb Gluelams:<\/b><\/p>\n<ul>\n<li>Prodhimi i dimensioneve t\u00eb ndryshme \u2013 prerje t\u00ebrthore (gjat\u00ebsi \/ gjer\u00ebsi \/ trash\u00ebsi)<\/li>\n<li>Rezistenc\u00eb mekanike e p\u00ebrmir\u00ebsuar n\u00eb krahasim me drurin e zakonsh\u00ebm t\u00eb nd\u00ebrtimit<\/li>\n<li>P\u00ebrdorimi n\u00eb nd\u00ebrtime k\u00ebrkuese<\/li>\n<li>P\u00ebrdoret n\u00eb struktura me hapje t\u00eb m\u00ebdha t\u00eb pamb\u00ebshtetura<\/li>\n<\/ul>\n<p class=\"textinalfa\"><b>P\u00ebrdorimet kryesore t\u00eb Gluelams:<\/b><\/p>\n<ul>\n<li>Trar\u00ebt e \u00e7atis\u00eb<\/li>\n<li>Kolonat e \u00e7atis\u00eb<\/li>\n<\/ul>\n<p class=\"textinalfa\">Druri i ngopur \u00ebsht\u00eb druri q\u00eb i \u00ebsht\u00eb n\u00ebnshtruar trajtimit kimik dhe p\u00ebrmban substanca kimike mbrojt\u00ebse n\u00eb mas\u00ebn e tij p\u00ebr t\u00eb mbrojtur kund\u00ebr mikroorganizmave, baktereve dhe k\u00ebrpudhave q\u00eb shkaktojn\u00eb prishjen e drurit, ve\u00e7an\u00ebrisht kur ekspozohet ndaj kushteve t\u00eb motit ose n\u00eb nj\u00eb mjedis me lag\u00ebshti t\u00eb lart\u00eb.<\/p>\n<p class=\"textinalfa\">Procesi i impregnimit kryhet n\u00ebn presion vakum me tret\u00ebs t\u00eb ve\u00e7ant\u00eb q\u00eb dep\u00ebrtojn\u00eb deri n\u00eb zemr\u00ebn e drurit.<\/p>\n<p class=\"textinalfa\"><b>P\u00ebrdorimet kryesore t\u00eb drurit t\u00eb ngopur jan\u00eb si m\u00eb posht\u00eb:<\/b><\/p>\n<ul>\n<li>Nd\u00ebrtime t\u00eb destinuara p\u00ebr kopshte<\/li>\n<li>Pergola - Gazebo - Kioska<\/li>\n<li>Gardhe<\/li>\n<li>Hap\u00ebsira profesionale t\u00eb jashtme<\/li>\n<\/ul>","protected":false},"excerpt":{"rendered":"<div class=\"headerinalfa\">\n<p>DIMENSIONET<\/p>\n<table class=\"table23_5\">\n<tbody>\n<tr>\n<td>NGJYQJA E GJASHTIT NGJYS\u00cb E BRIDIT<\/td>\n<td>33 x 40 x 2170 (mm) Me brazd\u00eb<\/td>\n<\/tr>\n<tr>\n<td>DRU MERANTI I KUQ I ERRET<\/td>\n<td>72 x 86 (mm)<\/td>\n<\/tr>\n<\/tbody>\n<\/table>\n<div><\/div>\n<div class=\"headerinalfa\">DIMENSIONET GLUELAMS<\/div>\n<div><\/div>\n<table class=\"table23_5\">\n<tbody>\n<tr>\n<td>Gjer\u00ebsia (mm)<\/td>\n<td>80 \u2013 240 (mm) Me brazda<\/td>\n<\/tr>\n<tr>\n<td>Trash\u00ebsia (mm)<\/td>\n<td>90 \u2013 1280 (mm) Me brazda<\/td>\n<\/tr>\n<tr>\n<td>Gjat\u00ebsia (m)<\/td>\n<td>12 \u2013 13 (m)<\/td>\n<\/tr>\n<\/tbody>\n<\/table>\n<\/div>","protected":false},"featured_media":22243,"template":"","meta":{"_acf_changed":false,"inline_featured_image":false,"cybocfi_hide_featured_image":""},"product_brand":[],"product_cat":[132,842],"product_tag":[],"class_list":{"0":"post-22242","1":"product","2":"type-product","3":"status-publish","4":"has-post-thumbnail","6":"product_cat-domika-ulika-ksylou","7":"product_cat-empotismeni-ksyleia","9":"first","10":"instock","11":"product-type-simple"},"acf":[],"yoast_head":"<!-- This site is optimized with the Yoast SEO Premium plugin v27.3 (Yoast SEO v27.3) - https:\/\/yoast.com\/product\/yoast-seo-premium-wordpress\/ -->\n<title>\u03a3\u03cd\u03bd\u03b8\u03b5\u03c4\u03b7 \u0395\u03c0\u03b9\u03ba\u03bf\u03bb\u03bb\u03b7\u03c4\u03ae \u039e\u03c5\u03bb\u03b5\u03af\u03b1 - \u0395\u03c0\u03b9\u03c6\u03ac\u03bd\u03b5\u03b9\u03b5\u03c2 \u039c\u03b5\u03bb\u03b1\u03bc\u03af\u03bd\u03b7\u03c2 MDF \u039c\u03bf\u03c1\u03b9\u03bf\u03c3\u03b1\u03bd\u03af\u03b4\u03b1 \u03a0\u03ac\u03b3\u03ba\u03bf\u03b9 \u0394\u03ac\u03c0\u03b5\u03b4\u03b1 \u03a0\u03cc\u03c1\u03c4\u03b5\u03c2<\/title>\n<meta name=\"robots\" content=\"index, follow, max-snippet:-1, max-image-preview:large, max-video-preview:-1\" \/>\n<link rel=\"canonical\" href=\"https:\/\/alfawood.gr\/sq\/produkt\/sinthetiki-epikolliti-empotismeni-ksilia\" \/>\n<meta property=\"og:locale\" content=\"sq_AL\" \/>\n<meta property=\"og:type\" content=\"article\" \/>\n<meta property=\"og:title\" content=\"\u03a3\u03cd\u03bd\u03b8\u03b5\u03c4\u03b7 \u0395\u03c0\u03b9\u03ba\u03bf\u03bb\u03bb\u03b7\u03c4\u03ae \u039e\u03c5\u03bb\u03b5\u03af\u03b1\" \/>\n<meta property=\"og:description\" content=\"\u0394\u0399\u0391\u03a3\u03a4\u0391\u03a3\u0395\u0399\u03a3    FINGER JOINT \u039a\u0391\u0394\u03a1\u039f\u039d\u0399\u0391 \u0395\u039b\u0391\u03a4\u0397\u03a3 33 x 40 x 2170 (mm) Grooved   \u03a4\u03a1\u0399\u039a\u039f\u039b\u039b\u0397\u03a4\u0397 \u039e\u03a5\u039b\u0395\u0399\u0391 DARK RED MERANTI 72 x 86 (mm)     GLUELAMS \u0394\u0399\u0391\u03a3\u03a4\u0391\u03a3\u0395\u0399\u03a3     \u03a0\u03bb\u03ac\u03c4\u03b7 (mm) 80 \u2013 240 (mm) Grooved   \u03a0\u03ac\u03c7\u03b7 (mm) 90 \u2013 1280 (mm) Grooved   \u039c\u03ae\u03ba\u03b7 (m) 12 \u2013 13 (m)\" \/>\n<meta property=\"og:url\" content=\"https:\/\/alfawood.gr\/sq\/produkt\/sinthetiki-epikolliti-empotismeni-ksilia\" \/>\n<meta property=\"og:site_name\" content=\"\u0395\u03c0\u03b9\u03c6\u03ac\u03bd\u03b5\u03b9\u03b5\u03c2 \u039c\u03b5\u03bb\u03b1\u03bc\u03af\u03bd\u03b7\u03c2 MDF \u039c\u03bf\u03c1\u03b9\u03bf\u03c3\u03b1\u03bd\u03af\u03b4\u03b1 \u03a0\u03ac\u03b3\u03ba\u03bf\u03b9 \u0394\u03ac\u03c0\u03b5\u03b4\u03b1 \u03a0\u03cc\u03c1\u03c4\u03b5\u03c2\" \/>\n<meta property=\"article:publisher\" content=\"https:\/\/www.facebook.com\/alfawood.group\" \/>\n<meta property=\"article:modified_time\" content=\"2024-02-19T10:53:12+00:00\" \/>\n<meta property=\"og:image\" content=\"https:\/\/alfawood.gr\/wp-content\/uploads\/2023\/04\/sinthetiki-epikolliti-empotismeni-ksilia.jpg\" \/>\n\t<meta property=\"og:image:width\" content=\"1600\" \/>\n\t<meta property=\"og:image:height\" content=\"1200\" \/>\n\t<meta property=\"og:image:type\" content=\"image\/jpeg\" \/>\n<meta name=\"twitter:card\" content=\"summary_large_image\" \/>\n<meta name=\"twitter:site\" content=\"@ALFAWOODGROUP\" \/>\n<meta name=\"twitter:label1\" content=\"Est. reading time\" \/>\n\t<meta name=\"twitter:data1\" content=\"2 minuta\" \/>\n<script type=\"application\/ld+json\" class=\"yoast-schema-graph\">{\"@context\":\"https:\\\/\\\/schema.org\",\"@graph\":[{\"@type\":\"WebPage\",\"@id\":\"https:\\\/\\\/alfawood.gr\\\/product\\\/sinthetiki-epikolliti-empotismeni-ksilia\\\/\",\"url\":\"https:\\\/\\\/alfawood.gr\\\/product\\\/sinthetiki-epikolliti-empotismeni-ksilia\\\/\",\"name\":\"\u03a3\u03cd\u03bd\u03b8\u03b5\u03c4\u03b7 \u0395\u03c0\u03b9\u03ba\u03bf\u03bb\u03bb\u03b7\u03c4\u03ae \u039e\u03c5\u03bb\u03b5\u03af\u03b1 - \u0395\u03c0\u03b9\u03c6\u03ac\u03bd\u03b5\u03b9\u03b5\u03c2 \u039c\u03b5\u03bb\u03b1\u03bc\u03af\u03bd\u03b7\u03c2 MDF \u039c\u03bf\u03c1\u03b9\u03bf\u03c3\u03b1\u03bd\u03af\u03b4\u03b1 \u03a0\u03ac\u03b3\u03ba\u03bf\u03b9 \u0394\u03ac\u03c0\u03b5\u03b4\u03b1 \u03a0\u03cc\u03c1\u03c4\u03b5\u03c2\",\"isPartOf\":{\"@id\":\"https:\\\/\\\/alfawood.gr\\\/#website\"},\"primaryImageOfPage\":{\"@id\":\"https:\\\/\\\/alfawood.gr\\\/product\\\/sinthetiki-epikolliti-empotismeni-ksilia\\\/#primaryimage\"},\"image\":{\"@id\":\"https:\\\/\\\/alfawood.gr\\\/product\\\/sinthetiki-epikolliti-empotismeni-ksilia\\\/#primaryimage\"},\"thumbnailUrl\":\"https:\\\/\\\/alfawood.gr\\\/wp-content\\\/uploads\\\/2023\\\/04\\\/sinthetiki-epikolliti-empotismeni-ksilia.jpg\",\"datePublished\":\"2023-04-26T11:52:38+00:00\",\"dateModified\":\"2024-02-19T10:53:12+00:00\",\"breadcrumb\":{\"@id\":\"https:\\\/\\\/alfawood.gr\\\/product\\\/sinthetiki-epikolliti-empotismeni-ksilia\\\/#breadcrumb\"},\"inLanguage\":\"sq\",\"potentialAction\":[{\"@type\":\"ReadAction\",\"target\":[\"https:\\\/\\\/alfawood.gr\\\/product\\\/sinthetiki-epikolliti-empotismeni-ksilia\\\/\"]}]},{\"@type\":\"ImageObject\",\"inLanguage\":\"sq\",\"@id\":\"https:\\\/\\\/alfawood.gr\\\/product\\\/sinthetiki-epikolliti-empotismeni-ksilia\\\/#primaryimage\",\"url\":\"https:\\\/\\\/alfawood.gr\\\/wp-content\\\/uploads\\\/2023\\\/04\\\/sinthetiki-epikolliti-empotismeni-ksilia.jpg\",\"contentUrl\":\"https:\\\/\\\/alfawood.gr\\\/wp-content\\\/uploads\\\/2023\\\/04\\\/sinthetiki-epikolliti-empotismeni-ksilia.jpg\",\"width\":1600,\"height\":1200,\"caption\":\"sinthetiki-epikolliti-empotismeni-ksilia\"},{\"@type\":\"BreadcrumbList\",\"@id\":\"https:\\\/\\\/alfawood.gr\\\/product\\\/sinthetiki-epikolliti-empotismeni-ksilia\\\/#breadcrumb\",\"itemListElement\":[{\"@type\":\"ListItem\",\"position\":1,\"name\":\"Home\",\"item\":\"https:\\\/\\\/alfawood.gr\\\/\"},{\"@type\":\"ListItem\",\"position\":2,\"name\":\"\u03a0\u03c1\u03bf\u03ca\u03cc\u03bd\u03c4\u03b1\",\"item\":\"https:\\\/\\\/alfawood.gr\\\/proionta-wood\\\/\"},{\"@type\":\"ListItem\",\"position\":3,\"name\":\"\u0394\u03bf\u03bc\u03b9\u03ba\u03ac \u03a5\u03bb\u03b9\u03ba\u03ac \u039e\u03cd\u03bb\u03bf\u03c5 - Alfa Building\",\"item\":\"https:\\\/\\\/alfawood.gr\\\/en\\\/category\\\/domika-ulika-ksylou\\\/\"},{\"@type\":\"ListItem\",\"position\":4,\"name\":\"\u03a3\u03cd\u03bd\u03b8\u03b5\u03c4\u03b7 \u0395\u03c0\u03b9\u03ba\u03bf\u03bb\u03bb\u03b7\u03c4\u03ae \u039e\u03c5\u03bb\u03b5\u03af\u03b1\"}]},{\"@type\":\"WebSite\",\"@id\":\"https:\\\/\\\/alfawood.gr\\\/#website\",\"url\":\"https:\\\/\\\/alfawood.gr\\\/\",\"name\":\"\u0395\u03c0\u03b9\u03c6\u03ac\u03bd\u03b5\u03b9\u03b5\u03c2 \u039c\u03b5\u03bb\u03b1\u03bc\u03af\u03bd\u03b7\u03c2 MDF \u039c\u03bf\u03c1\u03b9\u03bf\u03c3\u03b1\u03bd\u03af\u03b4\u03b1 \u03a0\u03ac\u03b3\u03ba\u03bf\u03b9 \u0394\u03ac\u03c0\u03b5\u03b4\u03b1 \u03a0\u03cc\u03c1\u03c4\u03b5\u03c2\",\"description\":\"\u0392\u03b9\u03bf\u03bc\u03b7\u03c7\u03b1\u03bd\u03af\u03b1 \u039e\u03cd\u03bb\u03bf\u03c5 Alfa Wood Group\",\"publisher\":{\"@id\":\"https:\\\/\\\/alfawood.gr\\\/#organization\"},\"alternateName\":\"Melamines - MDF - Laminate - Worktops\",\"potentialAction\":[{\"@type\":\"SearchAction\",\"target\":{\"@type\":\"EntryPoint\",\"urlTemplate\":\"https:\\\/\\\/alfawood.gr\\\/?s={search_term_string}\"},\"query-input\":{\"@type\":\"PropertyValueSpecification\",\"valueRequired\":true,\"valueName\":\"search_term_string\"}}],\"inLanguage\":\"sq\"},{\"@type\":\"Organization\",\"@id\":\"https:\\\/\\\/alfawood.gr\\\/#organization\",\"name\":\"Alfa Wood Group\",\"url\":\"https:\\\/\\\/alfawood.gr\\\/\",\"logo\":{\"@type\":\"ImageObject\",\"inLanguage\":\"sq\",\"@id\":\"https:\\\/\\\/alfawood.gr\\\/#\\\/schema\\\/logo\\\/image\\\/\",\"url\":\"https:\\\/\\\/alfawood.gr\\\/wp-content\\\/uploads\\\/2023\\\/02\\\/alfa-wood-logo-1.svg\",\"contentUrl\":\"https:\\\/\\\/alfawood.gr\\\/wp-content\\\/uploads\\\/2023\\\/02\\\/alfa-wood-logo-1.svg\",\"width\":305,\"height\":195,\"caption\":\"Alfa Wood Group\"},\"image\":{\"@id\":\"https:\\\/\\\/alfawood.gr\\\/#\\\/schema\\\/logo\\\/image\\\/\"},\"sameAs\":[\"https:\\\/\\\/www.facebook.com\\\/alfawood.group\",\"https:\\\/\\\/x.com\\\/ALFAWOODGROUP\",\"https:\\\/\\\/www.instagram.com\\\/alfawood.group\",\"https:\\\/\\\/www.youtube.com\\\/@alfawoodgroup\",\"https:\\\/\\\/www.tiktok.com\\\/@alfawood.group\",\"https:\\\/\\\/vimeo.com\\\/alfawood\",\"https:\\\/\\\/www.linkedin.com\\\/company\\\/alfawoodgroup\",\"https:\\\/\\\/www.pinterest.com\\\/alfawoodgroup\\\/\"]}]}<\/script>\n<!-- \/ Yoast SEO Premium plugin. -->","yoast_head_json":{"title":"Dru i p\u00ebrb\u00ebr\u00eb me ngjitje - Sip\u00ebrfaqe melamine MDF Tavan\u00eb me pllaka t\u00eb grimcave Dyer","robots":{"index":"index","follow":"follow","max-snippet":"max-snippet:-1","max-image-preview":"max-image-preview:large","max-video-preview":"max-video-preview:-1"},"canonical":"https:\/\/alfawood.gr\/sq\/produkt\/sinthetiki-epikolliti-empotismeni-ksilia","og_locale":"sq_AL","og_type":"article","og_title":"\u03a3\u03cd\u03bd\u03b8\u03b5\u03c4\u03b7 \u0395\u03c0\u03b9\u03ba\u03bf\u03bb\u03bb\u03b7\u03c4\u03ae \u039e\u03c5\u03bb\u03b5\u03af\u03b1","og_description":"\u0394\u0399\u0391\u03a3\u03a4\u0391\u03a3\u0395\u0399\u03a3    FINGER JOINT \u039a\u0391\u0394\u03a1\u039f\u039d\u0399\u0391 \u0395\u039b\u0391\u03a4\u0397\u03a3 33 x 40 x 2170 (mm) Grooved   \u03a4\u03a1\u0399\u039a\u039f\u039b\u039b\u0397\u03a4\u0397 \u039e\u03a5\u039b\u0395\u0399\u0391 DARK RED MERANTI 72 x 86 (mm)     GLUELAMS \u0394\u0399\u0391\u03a3\u03a4\u0391\u03a3\u0395\u0399\u03a3     \u03a0\u03bb\u03ac\u03c4\u03b7 (mm) 80 \u2013 240 (mm) Grooved   \u03a0\u03ac\u03c7\u03b7 (mm) 90 \u2013 1280 (mm) Grooved   \u039c\u03ae\u03ba\u03b7 (m) 12 \u2013 13 (m)","og_url":"https:\/\/alfawood.gr\/sq\/produkt\/sinthetiki-epikolliti-empotismeni-ksilia","og_site_name":"\u0395\u03c0\u03b9\u03c6\u03ac\u03bd\u03b5\u03b9\u03b5\u03c2 \u039c\u03b5\u03bb\u03b1\u03bc\u03af\u03bd\u03b7\u03c2 MDF \u039c\u03bf\u03c1\u03b9\u03bf\u03c3\u03b1\u03bd\u03af\u03b4\u03b1 \u03a0\u03ac\u03b3\u03ba\u03bf\u03b9 \u0394\u03ac\u03c0\u03b5\u03b4\u03b1 \u03a0\u03cc\u03c1\u03c4\u03b5\u03c2","article_publisher":"https:\/\/www.facebook.com\/alfawood.group","article_modified_time":"2024-02-19T10:53:12+00:00","og_image":[{"width":1600,"height":1200,"url":"https:\/\/alfawood.gr\/wp-content\/uploads\/2023\/04\/sinthetiki-epikolliti-empotismeni-ksilia.jpg","type":"image\/jpeg"}],"twitter_card":"summary_large_image","twitter_site":"@ALFAWOODGROUP","twitter_misc":{"Est. reading time":"2 minuta"},"schema":{"@context":"https:\/\/schema.org","@graph":[{"@type":"WebPage","@id":"https:\/\/alfawood.gr\/product\/sinthetiki-epikolliti-empotismeni-ksilia\/","url":"https:\/\/alfawood.gr\/product\/sinthetiki-epikolliti-empotismeni-ksilia\/","name":"Dru i p\u00ebrb\u00ebr\u00eb me ngjitje - Sip\u00ebrfaqe melamine MDF Tavan\u00eb me pllaka t\u00eb grimcave Dyer","isPartOf":{"@id":"https:\/\/alfawood.gr\/#website"},"primaryImageOfPage":{"@id":"https:\/\/alfawood.gr\/product\/sinthetiki-epikolliti-empotismeni-ksilia\/#primaryimage"},"image":{"@id":"https:\/\/alfawood.gr\/product\/sinthetiki-epikolliti-empotismeni-ksilia\/#primaryimage"},"thumbnailUrl":"https:\/\/alfawood.gr\/wp-content\/uploads\/2023\/04\/sinthetiki-epikolliti-empotismeni-ksilia.jpg","datePublished":"2023-04-26T11:52:38+00:00","dateModified":"2024-02-19T10:53:12+00:00","breadcrumb":{"@id":"https:\/\/alfawood.gr\/product\/sinthetiki-epikolliti-empotismeni-ksilia\/#breadcrumb"},"inLanguage":"sq","potentialAction":[{"@type":"ReadAction","target":["https:\/\/alfawood.gr\/product\/sinthetiki-epikolliti-empotismeni-ksilia\/"]}]},{"@type":"ImageObject","inLanguage":"sq","@id":"https:\/\/alfawood.gr\/product\/sinthetiki-epikolliti-empotismeni-ksilia\/#primaryimage","url":"https:\/\/alfawood.gr\/wp-content\/uploads\/2023\/04\/sinthetiki-epikolliti-empotismeni-ksilia.jpg","contentUrl":"https:\/\/alfawood.gr\/wp-content\/uploads\/2023\/04\/sinthetiki-epikolliti-empotismeni-ksilia.jpg","width":1600,"height":1200,"caption":"sinthetiki-epikolliti-empotismeni-ksilia"},{"@type":"BreadcrumbList","@id":"https:\/\/alfawood.gr\/product\/sinthetiki-epikolliti-empotismeni-ksilia\/#breadcrumb","itemListElement":[{"@type":"ListItem","position":1,"name":"Home","item":"https:\/\/alfawood.gr\/"},{"@type":"ListItem","position":2,"name":"\u03a0\u03c1\u03bf\u03ca\u03cc\u03bd\u03c4\u03b1","item":"https:\/\/alfawood.gr\/proionta-wood\/"},{"@type":"ListItem","position":3,"name":"\u0394\u03bf\u03bc\u03b9\u03ba\u03ac \u03a5\u03bb\u03b9\u03ba\u03ac \u039e\u03cd\u03bb\u03bf\u03c5 - Alfa Building","item":"https:\/\/alfawood.gr\/en\/category\/domika-ulika-ksylou\/"},{"@type":"ListItem","position":4,"name":"\u03a3\u03cd\u03bd\u03b8\u03b5\u03c4\u03b7 \u0395\u03c0\u03b9\u03ba\u03bf\u03bb\u03bb\u03b7\u03c4\u03ae \u039e\u03c5\u03bb\u03b5\u03af\u03b1"}]},{"@type":"WebSite","@id":"https:\/\/alfawood.gr\/#website","url":"https:\/\/alfawood.gr\/","name":"Sip\u00ebrfaqe melamine MDF banak\u00eb p\u00ebr pllaka Dyer","description":"Alfa Wood Group Industria e drurit","publisher":{"@id":"https:\/\/alfawood.gr\/#organization"},"alternateName":"Melamines - MDF - Laminate - Worktops","potentialAction":[{"@type":"SearchAction","target":{"@type":"EntryPoint","urlTemplate":"https:\/\/alfawood.gr\/?s={search_term_string}"},"query-input":{"@type":"PropertyValueSpecification","valueRequired":true,"valueName":"search_term_string"}}],"inLanguage":"sq"},{"@type":"Organization","@id":"https:\/\/alfawood.gr\/#organization","name":"Alfa Wood Group","url":"https:\/\/alfawood.gr\/","logo":{"@type":"ImageObject","inLanguage":"sq","@id":"https:\/\/alfawood.gr\/#\/schema\/logo\/image\/","url":"https:\/\/alfawood.gr\/wp-content\/uploads\/2023\/02\/alfa-wood-logo-1.svg","contentUrl":"https:\/\/alfawood.gr\/wp-content\/uploads\/2023\/02\/alfa-wood-logo-1.svg","width":305,"height":195,"caption":"Alfa Wood Group"},"image":{"@id":"https:\/\/alfawood.gr\/#\/schema\/logo\/image\/"},"sameAs":["https:\/\/www.facebook.com\/alfawood.group","https:\/\/x.com\/ALFAWOODGROUP","https:\/\/www.instagram.com\/alfawood.group","https:\/\/www.youtube.com\/@alfawoodgroup","https:\/\/www.tiktok.com\/@alfawood.group","https:\/\/vimeo.com\/alfawood","https:\/\/www.linkedin.com\/company\/alfawoodgroup","https:\/\/www.pinterest.com\/alfawoodgroup\/"]}]}},"_links":{"self":[{"href":"https:\/\/alfawood.gr\/sq\/wp-json\/wp\/v2\/product\/22242","targetHints":{"allow":["GET"]}}],"collection":[{"href":"https:\/\/alfawood.gr\/sq\/wp-json\/wp\/v2\/product"}],"about":[{"href":"https:\/\/alfawood.gr\/sq\/wp-json\/wp\/v2\/types\/product"}],"version-history":[{"count":0,"href":"https:\/\/alfawood.gr\/sq\/wp-json\/wp\/v2\/product\/22242\/revisions"}],"wp:featuredmedia":[{"embeddable":true,"href":"https:\/\/alfawood.gr\/sq\/wp-json\/wp\/v2\/media\/22243"}],"wp:attachment":[{"href":"https:\/\/alfawood.gr\/sq\/wp-json\/wp\/v2\/media?parent=22242"}],"wp:term":[{"taxonomy":"product_brand","embeddable":true,"href":"https:\/\/alfawood.gr\/sq\/wp-json\/wp\/v2\/product_brand?post=22242"},{"taxonomy":"product_cat","embeddable":true,"href":"https:\/\/alfawood.gr\/sq\/wp-json\/wp\/v2\/product_cat?post=22242"},{"taxonomy":"product_tag","embeddable":true,"href":"https:\/\/alfawood.gr\/sq\/wp-json\/wp\/v2\/product_tag?post=22242"}],"curies":[{"name":"wp","href":"https:\/\/api.w.org\/{rel}","templated":true}]}}