{"id":25202,"date":"2024-01-09T16:06:06","date_gmt":"2024-01-09T14:06:06","guid":{"rendered":"https:\/\/alfawood.gr\/?post_type=product&#038;p=25202"},"modified":"2024-01-19T10:01:50","modified_gmt":"2024-01-19T08:01:50","slug":"inosanida-mdf-prime-raw","status":"publish","type":"product","link":"https:\/\/alfawood.gr\/sq\/product\/inosanida-mdf-prime-raw\/","title":{"rendered":"MDF Prime \u2013 Raw"},"content":{"rendered":"<p><strong><em>Karakteristikat kryesore:<\/em><\/strong><\/p>\n<ul>\n<li>Sip\u00ebrfaqe e l\u00ebmuar e pashembullt, e cila siguron sakt\u00ebsi n\u00eb proceset e prodhimit dhe p\u00ebrfundimit.<\/li>\n<li>Aplikime fleksib\u00ebl n\u00eb industri t\u00eb ndryshme, duke ofruar zgjidhje p\u00ebr zbatimin e projektit.<\/li>\n<li>Dimensionet: <strong><em>3660 <\/em><\/strong><strong><em>x<\/em><\/strong> <strong><em>1850 <\/em><\/strong><strong><em>x<\/em><\/strong> <strong><em>18 <\/em><\/strong><strong><em>mm<\/em><\/strong><strong><em> , 3050x1850 <\/em><\/strong><strong><em>x<\/em><\/strong> <strong><em>16 <\/em><\/strong><strong><em>mm<\/em><\/strong><\/li>\n<\/ul>\n<p><strong><em>Nd\u00ebrtuar p\u00ebr k\u00ebrkesat moderne:<\/em><\/strong><\/p>\n<p>MDF Prime \u00ebsht\u00eb prodhuar me p\u00ebrpik\u00ebri me sakt\u00ebsi dhe p\u00ebrkushtim n\u00eb m\u00ebnyr\u00eb q\u00eb t\u00eb p\u00ebrmbush\u00eb plot\u00ebsisht k\u00ebrkesat n\u00eb zhvillim t\u00eb prodhimit modern.<\/p>\n<p>N\u00ebse jeni t\u00eb specializuar n\u00eb prodhimin e mobiljeve ose n\u00eb sektor\u00eb t\u00eb tjer\u00eb nd\u00ebrtimi dhe industriale, <strong>MDF PRIME<\/strong> \u00ebsht\u00eb partneri juaj n\u00eb efikasitet.<\/p>\n<p>Procesi i f\u00ebrkimit b\u00ebhet i panevojsh\u00ebm pasi <strong>MDF<\/strong> <strong>Kryeminist\u00ebr<\/strong> \u00a0\u00ebsht\u00eb produkti i duhur p\u00ebr lyerjen, optimizimin e rrjedh\u00ebs suaj t\u00eb pun\u00ebs dhe p\u00ebrmir\u00ebsimin e produktit p\u00ebrfundimtar.<\/p>\n<p><strong><em>si \u00ebsht\u00eb? <\/em><\/strong><strong><em>MDF<\/em><\/strong> <strong><em>KRYEM<\/em><\/strong> <strong><em>p\u00ebrmir\u00ebson pun\u00ebn tuaj:<\/em><\/strong><\/p>\n<ul>\n<li><strong>Efikasiteti: <\/strong>Kap\u00ebrceni procesin e l\u00ebmimit, duke kursyer koh\u00eb dhe burime.<\/li>\n<li><strong>Cil\u00ebsia<\/strong>: Merrni nj\u00eb p\u00ebrfundim t\u00eb p\u00ebrsosur q\u00eb plot\u00ebson standardet m\u00eb t\u00eb larta t\u00eb industris\u00eb.<\/li>\n<li><strong>Fleksibiliteti<\/strong>: P\u00ebrshtatuni leht\u00ebsisht me aplikacione t\u00eb ndryshme duke e b\u00ebr\u00eb at\u00eb <strong>MDF <\/strong><strong>Kryeminist\u00ebr<\/strong> nj\u00eb opsion fleksib\u00ebl p\u00ebr projektet tuaja.<\/li>\n<\/ul>\n<p>Revolucionizoni mjesht\u00ebrin\u00eb tuaj me <strong>MDF <\/strong><strong>Kryeminist\u00ebr<\/strong> saj <strong>Alfa<\/strong> <strong>Druri<\/strong> <strong>Grupi<\/strong>. Suksesi juaj \u00ebsht\u00eb prioriteti yn\u00eb!!!<\/p>","protected":false},"excerpt":{"rendered":"<p>T\u00eb <strong>MDF<\/strong> <strong>Kryeminist\u00ebr<\/strong> \u00ebsht\u00eb nj\u00eb material i fundit i krijuar p\u00ebr t\u00eb rip\u00ebrcaktuar p\u00ebrsosm\u00ebrin\u00eb n\u00eb nd\u00ebrtim. I p\u00ebrshtatur ekskluzivisht p\u00ebr prodhuesit, ky produkt ka karakteristika <u>p\u00ebrfundim i shk\u00eblqyer<\/u> i cili tejkalon standardet m\u00eb t\u00eb larta t\u00eb cil\u00ebsis\u00eb dhe performanc\u00ebs.<\/p>","protected":false},"featured_media":25203,"template":"","meta":{"_acf_changed":false,"inline_featured_image":false,"cybocfi_hide_featured_image":""},"product_brand":[],"product_cat":[102,117],"product_tag":[],"class_list":{"0":"post-25202","1":"product","2":"type-product","3":"status-publish","4":"has-post-thumbnail","6":"product_cat-panels","7":"product_cat-mdf-inosanida","9":"first","10":"instock","11":"product-type-simple"},"acf":[],"yoast_head":"<!-- This site is optimized with the Yoast SEO Premium plugin v27.3 (Yoast SEO v27.3) - https:\/\/yoast.com\/product\/yoast-seo-premium-wordpress\/ -->\n<title>\u0399\u03bd\u03bf\u03c3\u03b1\u03bd\u03af\u03b4\u03b1 MDF Prime - Raw - \u0395\u03c0\u03b9\u03c6\u03ac\u03bd\u03b5\u03b9\u03b5\u03c2 \u039c\u03b5\u03bb\u03b1\u03bc\u03af\u03bd\u03b7\u03c2 MDF \u039c\u03bf\u03c1\u03b9\u03bf\u03c3\u03b1\u03bd\u03af\u03b4\u03b1 \u03a0\u03ac\u03b3\u03ba\u03bf\u03b9 \u0394\u03ac\u03c0\u03b5\u03b4\u03b1 \u03a0\u03cc\u03c1\u03c4\u03b5\u03c2<\/title>\n<meta name=\"robots\" content=\"index, follow, max-snippet:-1, max-image-preview:large, max-video-preview:-1\" \/>\n<link rel=\"canonical\" href=\"https:\/\/alfawood.gr\/sq\/produkt\/inosanida-mdf-prime-raw\" \/>\n<meta property=\"og:locale\" content=\"sq_AL\" \/>\n<meta property=\"og:type\" content=\"article\" \/>\n<meta property=\"og:title\" content=\"\u0399\u03bd\u03bf\u03c3\u03b1\u03bd\u03af\u03b4\u03b1 MDF Prime - Raw\" \/>\n<meta property=\"og:description\" content=\"\u03a4\u03bf MDF Prime \u03b5\u03af\u03bd\u03b1\u03b9 \u03ad\u03bd\u03b1 \u03c5\u03bb\u03b9\u03ba\u03cc \u03b1\u03b9\u03c7\u03bc\u03ae\u03c2 \u03c3\u03c7\u03b5\u03b4\u03b9\u03b1\u03c3\u03bc\u03ad\u03bd\u03bf \u03bd\u03b1 \u03b5\u03c0\u03b1\u03bd\u03b1\u03c0\u03c1\u03bf\u03c3\u03b4\u03b9\u03bf\u03c1\u03af\u03c3\u03b5\u03b9 \u03c4\u03b7\u03bd \u03b1\u03c1\u03b9\u03c3\u03c4\u03b5\u03af\u03b1 \u03c3\u03c4\u03b7\u03bd \u03ba\u03b1\u03c4\u03b1\u03c3\u03ba\u03b5\u03c5\u03ae. \u03a0\u03c1\u03bf\u03c3\u03b1\u03c1\u03bc\u03bf\u03c3\u03bc\u03ad\u03bd\u03bf \u03b1\u03c0\u03bf\u03ba\u03bb\u03b5\u03b9\u03c3\u03c4\u03b9\u03ba\u03ac \u03b3\u03b9\u03b1 \u03ba\u03b1\u03c4\u03b1\u03c3\u03ba\u03b5\u03c5\u03b1\u03c3\u03c4\u03ad\u03c2, \u03b1\u03c5\u03c4\u03cc \u03c4\u03bf \u03c0\u03c1\u03bf\u03ca\u03cc\u03bd \u03b4\u03b9\u03b1\u03b8\u03ad\u03c4\u03b5\u03b9 \u03b5\u03be\u03b1\u03b9\u03c1\u03b5\u03c4\u03b9\u03ba\u03cc \u03c6\u03b9\u03bd\u03af\u03c1\u03b9\u03c3\u03bc\u03b1 \u03c4\u03bf \u03bf\u03c0\u03bf\u03af\u03bf \u03c5\u03c0\u03b5\u03c1\u03b2\u03b1\u03af\u03bd\u03b5\u03b9 \u03c4\u03b1 \u03c5\u03c8\u03b7\u03bb\u03cc\u03c4\u03b5\u03c1\u03b1 \u03c0\u03c1\u03cc\u03c4\u03c5\u03c0\u03b1 \u03c0\u03bf\u03b9\u03cc\u03c4\u03b7\u03c4\u03b1\u03c2 \u03ba\u03b1\u03b9 \u03b1\u03c0\u03cc\u03b4\u03bf\u03c3\u03b7\u03c2.\" \/>\n<meta property=\"og:url\" content=\"https:\/\/alfawood.gr\/sq\/produkt\/inosanida-mdf-prime-raw\" \/>\n<meta property=\"og:site_name\" content=\"\u0395\u03c0\u03b9\u03c6\u03ac\u03bd\u03b5\u03b9\u03b5\u03c2 \u039c\u03b5\u03bb\u03b1\u03bc\u03af\u03bd\u03b7\u03c2 MDF \u039c\u03bf\u03c1\u03b9\u03bf\u03c3\u03b1\u03bd\u03af\u03b4\u03b1 \u03a0\u03ac\u03b3\u03ba\u03bf\u03b9 \u0394\u03ac\u03c0\u03b5\u03b4\u03b1 \u03a0\u03cc\u03c1\u03c4\u03b5\u03c2\" \/>\n<meta property=\"article:publisher\" content=\"https:\/\/www.facebook.com\/alfawood.group\" \/>\n<meta property=\"article:modified_time\" content=\"2024-01-19T08:01:50+00:00\" \/>\n<meta property=\"og:image\" content=\"https:\/\/alfawood.gr\/wp-content\/uploads\/2024\/01\/MDF-PRIME-INOSANIDA-jpg.webp\" \/>\n\t<meta property=\"og:image:width\" content=\"874\" \/>\n\t<meta property=\"og:image:height\" content=\"1200\" \/>\n\t<meta property=\"og:image:type\" content=\"image\/jpeg\" \/>\n<meta name=\"twitter:card\" content=\"summary_large_image\" \/>\n<meta name=\"twitter:site\" content=\"@ALFAWOODGROUP\" \/>\n<meta name=\"twitter:label1\" content=\"Est. reading time\" \/>\n\t<meta name=\"twitter:data1\" content=\"1 minut\u00eb\" \/>\n<script type=\"application\/ld+json\" class=\"yoast-schema-graph\">{\"@context\":\"https:\\\/\\\/schema.org\",\"@graph\":[{\"@type\":\"WebPage\",\"@id\":\"https:\\\/\\\/alfawood.gr\\\/product\\\/inosanida-mdf-prime-raw\\\/\",\"url\":\"https:\\\/\\\/alfawood.gr\\\/product\\\/inosanida-mdf-prime-raw\\\/\",\"name\":\"\u0399\u03bd\u03bf\u03c3\u03b1\u03bd\u03af\u03b4\u03b1 MDF Prime - Raw - \u0395\u03c0\u03b9\u03c6\u03ac\u03bd\u03b5\u03b9\u03b5\u03c2 \u039c\u03b5\u03bb\u03b1\u03bc\u03af\u03bd\u03b7\u03c2 MDF \u039c\u03bf\u03c1\u03b9\u03bf\u03c3\u03b1\u03bd\u03af\u03b4\u03b1 \u03a0\u03ac\u03b3\u03ba\u03bf\u03b9 \u0394\u03ac\u03c0\u03b5\u03b4\u03b1 \u03a0\u03cc\u03c1\u03c4\u03b5\u03c2\",\"isPartOf\":{\"@id\":\"https:\\\/\\\/alfawood.gr\\\/#website\"},\"primaryImageOfPage\":{\"@id\":\"https:\\\/\\\/alfawood.gr\\\/product\\\/inosanida-mdf-prime-raw\\\/#primaryimage\"},\"image\":{\"@id\":\"https:\\\/\\\/alfawood.gr\\\/product\\\/inosanida-mdf-prime-raw\\\/#primaryimage\"},\"thumbnailUrl\":\"https:\\\/\\\/alfawood.gr\\\/wp-content\\\/uploads\\\/2024\\\/01\\\/MDF-PRIME-INOSANIDA-jpg.webp\",\"datePublished\":\"2024-01-09T14:06:06+00:00\",\"dateModified\":\"2024-01-19T08:01:50+00:00\",\"breadcrumb\":{\"@id\":\"https:\\\/\\\/alfawood.gr\\\/product\\\/inosanida-mdf-prime-raw\\\/#breadcrumb\"},\"inLanguage\":\"sq\",\"potentialAction\":[{\"@type\":\"ReadAction\",\"target\":[\"https:\\\/\\\/alfawood.gr\\\/product\\\/inosanida-mdf-prime-raw\\\/\"]}]},{\"@type\":\"ImageObject\",\"inLanguage\":\"sq\",\"@id\":\"https:\\\/\\\/alfawood.gr\\\/product\\\/inosanida-mdf-prime-raw\\\/#primaryimage\",\"url\":\"https:\\\/\\\/alfawood.gr\\\/wp-content\\\/uploads\\\/2024\\\/01\\\/MDF-PRIME-INOSANIDA-jpg.webp\",\"contentUrl\":\"https:\\\/\\\/alfawood.gr\\\/wp-content\\\/uploads\\\/2024\\\/01\\\/MDF-PRIME-INOSANIDA-jpg.webp\",\"width\":874,\"height\":1200},{\"@type\":\"BreadcrumbList\",\"@id\":\"https:\\\/\\\/alfawood.gr\\\/product\\\/inosanida-mdf-prime-raw\\\/#breadcrumb\",\"itemListElement\":[{\"@type\":\"ListItem\",\"position\":1,\"name\":\"Home\",\"item\":\"https:\\\/\\\/alfawood.gr\\\/\"},{\"@type\":\"ListItem\",\"position\":2,\"name\":\"\u03a0\u03c1\u03bf\u03ca\u03cc\u03bd\u03c4\u03b1\",\"item\":\"https:\\\/\\\/alfawood.gr\\\/proionta-wood\\\/\"},{\"@type\":\"ListItem\",\"position\":3,\"name\":\"Alfa Panels\",\"item\":\"https:\\\/\\\/alfawood.gr\\\/category\\\/panels\\\/\"},{\"@type\":\"ListItem\",\"position\":4,\"name\":\"\u03a0\u03ac\u03bd\u03b5\u03bb \u0399\u03bd\u03bf\u03c3\u03b1\u03bd\u03af\u03b4\u03b1\u03c2 (MDF)\",\"item\":\"https:\\\/\\\/alfawood.gr\\\/category\\\/panels\\\/mdf-inosanida\\\/\"},{\"@type\":\"ListItem\",\"position\":5,\"name\":\"\u0399\u03bd\u03bf\u03c3\u03b1\u03bd\u03af\u03b4\u03b1 MDF Prime &#8211; Raw\"}]},{\"@type\":\"WebSite\",\"@id\":\"https:\\\/\\\/alfawood.gr\\\/#website\",\"url\":\"https:\\\/\\\/alfawood.gr\\\/\",\"name\":\"\u0395\u03c0\u03b9\u03c6\u03ac\u03bd\u03b5\u03b9\u03b5\u03c2 \u039c\u03b5\u03bb\u03b1\u03bc\u03af\u03bd\u03b7\u03c2 MDF \u039c\u03bf\u03c1\u03b9\u03bf\u03c3\u03b1\u03bd\u03af\u03b4\u03b1 \u03a0\u03ac\u03b3\u03ba\u03bf\u03b9 \u0394\u03ac\u03c0\u03b5\u03b4\u03b1 \u03a0\u03cc\u03c1\u03c4\u03b5\u03c2\",\"description\":\"\u0392\u03b9\u03bf\u03bc\u03b7\u03c7\u03b1\u03bd\u03af\u03b1 \u039e\u03cd\u03bb\u03bf\u03c5 Alfa Wood Group\",\"publisher\":{\"@id\":\"https:\\\/\\\/alfawood.gr\\\/#organization\"},\"alternateName\":\"Melamines - MDF - Laminate - Worktops\",\"potentialAction\":[{\"@type\":\"SearchAction\",\"target\":{\"@type\":\"EntryPoint\",\"urlTemplate\":\"https:\\\/\\\/alfawood.gr\\\/?s={search_term_string}\"},\"query-input\":{\"@type\":\"PropertyValueSpecification\",\"valueRequired\":true,\"valueName\":\"search_term_string\"}}],\"inLanguage\":\"sq\"},{\"@type\":\"Organization\",\"@id\":\"https:\\\/\\\/alfawood.gr\\\/#organization\",\"name\":\"Alfa Wood Group\",\"url\":\"https:\\\/\\\/alfawood.gr\\\/\",\"logo\":{\"@type\":\"ImageObject\",\"inLanguage\":\"sq\",\"@id\":\"https:\\\/\\\/alfawood.gr\\\/#\\\/schema\\\/logo\\\/image\\\/\",\"url\":\"https:\\\/\\\/alfawood.gr\\\/wp-content\\\/uploads\\\/2023\\\/02\\\/alfa-wood-logo-1.svg\",\"contentUrl\":\"https:\\\/\\\/alfawood.gr\\\/wp-content\\\/uploads\\\/2023\\\/02\\\/alfa-wood-logo-1.svg\",\"width\":305,\"height\":195,\"caption\":\"Alfa Wood Group\"},\"image\":{\"@id\":\"https:\\\/\\\/alfawood.gr\\\/#\\\/schema\\\/logo\\\/image\\\/\"},\"sameAs\":[\"https:\\\/\\\/www.facebook.com\\\/alfawood.group\",\"https:\\\/\\\/x.com\\\/ALFAWOODGROUP\",\"https:\\\/\\\/www.instagram.com\\\/alfawood.group\",\"https:\\\/\\\/www.youtube.com\\\/@alfawoodgroup\",\"https:\\\/\\\/www.tiktok.com\\\/@alfawood.group\",\"https:\\\/\\\/vimeo.com\\\/alfawood\",\"https:\\\/\\\/www.linkedin.com\\\/company\\\/alfawoodgroup\",\"https:\\\/\\\/www.pinterest.com\\\/alfawoodgroup\\\/\"]}]}<\/script>\n<!-- \/ Yoast SEO Premium plugin. -->","yoast_head_json":{"title":"MDF Prime - Raw - Sip\u00ebrfaqe melamine MDF Panake nga pllakat e grimcave Dyer","robots":{"index":"index","follow":"follow","max-snippet":"max-snippet:-1","max-image-preview":"max-image-preview:large","max-video-preview":"max-video-preview:-1"},"canonical":"https:\/\/alfawood.gr\/sq\/produkt\/inosanida-mdf-prime-raw","og_locale":"sq_AL","og_type":"article","og_title":"\u0399\u03bd\u03bf\u03c3\u03b1\u03bd\u03af\u03b4\u03b1 MDF Prime - Raw","og_description":"\u03a4\u03bf MDF Prime \u03b5\u03af\u03bd\u03b1\u03b9 \u03ad\u03bd\u03b1 \u03c5\u03bb\u03b9\u03ba\u03cc \u03b1\u03b9\u03c7\u03bc\u03ae\u03c2 \u03c3\u03c7\u03b5\u03b4\u03b9\u03b1\u03c3\u03bc\u03ad\u03bd\u03bf \u03bd\u03b1 \u03b5\u03c0\u03b1\u03bd\u03b1\u03c0\u03c1\u03bf\u03c3\u03b4\u03b9\u03bf\u03c1\u03af\u03c3\u03b5\u03b9 \u03c4\u03b7\u03bd \u03b1\u03c1\u03b9\u03c3\u03c4\u03b5\u03af\u03b1 \u03c3\u03c4\u03b7\u03bd \u03ba\u03b1\u03c4\u03b1\u03c3\u03ba\u03b5\u03c5\u03ae. \u03a0\u03c1\u03bf\u03c3\u03b1\u03c1\u03bc\u03bf\u03c3\u03bc\u03ad\u03bd\u03bf \u03b1\u03c0\u03bf\u03ba\u03bb\u03b5\u03b9\u03c3\u03c4\u03b9\u03ba\u03ac \u03b3\u03b9\u03b1 \u03ba\u03b1\u03c4\u03b1\u03c3\u03ba\u03b5\u03c5\u03b1\u03c3\u03c4\u03ad\u03c2, \u03b1\u03c5\u03c4\u03cc \u03c4\u03bf \u03c0\u03c1\u03bf\u03ca\u03cc\u03bd \u03b4\u03b9\u03b1\u03b8\u03ad\u03c4\u03b5\u03b9 \u03b5\u03be\u03b1\u03b9\u03c1\u03b5\u03c4\u03b9\u03ba\u03cc \u03c6\u03b9\u03bd\u03af\u03c1\u03b9\u03c3\u03bc\u03b1 \u03c4\u03bf \u03bf\u03c0\u03bf\u03af\u03bf \u03c5\u03c0\u03b5\u03c1\u03b2\u03b1\u03af\u03bd\u03b5\u03b9 \u03c4\u03b1 \u03c5\u03c8\u03b7\u03bb\u03cc\u03c4\u03b5\u03c1\u03b1 \u03c0\u03c1\u03cc\u03c4\u03c5\u03c0\u03b1 \u03c0\u03bf\u03b9\u03cc\u03c4\u03b7\u03c4\u03b1\u03c2 \u03ba\u03b1\u03b9 \u03b1\u03c0\u03cc\u03b4\u03bf\u03c3\u03b7\u03c2.","og_url":"https:\/\/alfawood.gr\/sq\/produkt\/inosanida-mdf-prime-raw","og_site_name":"\u0395\u03c0\u03b9\u03c6\u03ac\u03bd\u03b5\u03b9\u03b5\u03c2 \u039c\u03b5\u03bb\u03b1\u03bc\u03af\u03bd\u03b7\u03c2 MDF \u039c\u03bf\u03c1\u03b9\u03bf\u03c3\u03b1\u03bd\u03af\u03b4\u03b1 \u03a0\u03ac\u03b3\u03ba\u03bf\u03b9 \u0394\u03ac\u03c0\u03b5\u03b4\u03b1 \u03a0\u03cc\u03c1\u03c4\u03b5\u03c2","article_publisher":"https:\/\/www.facebook.com\/alfawood.group","article_modified_time":"2024-01-19T08:01:50+00:00","og_image":[{"width":874,"height":1200,"url":"https:\/\/alfawood.gr\/wp-content\/uploads\/2024\/01\/MDF-PRIME-INOSANIDA-jpg.webp","type":"image\/jpeg"}],"twitter_card":"summary_large_image","twitter_site":"@ALFAWOODGROUP","twitter_misc":{"Est. reading time":"1 minut\u00eb"},"schema":{"@context":"https:\/\/schema.org","@graph":[{"@type":"WebPage","@id":"https:\/\/alfawood.gr\/product\/inosanida-mdf-prime-raw\/","url":"https:\/\/alfawood.gr\/product\/inosanida-mdf-prime-raw\/","name":"MDF Prime - Raw - Sip\u00ebrfaqe melamine MDF Panake nga pllakat e grimcave Dyer","isPartOf":{"@id":"https:\/\/alfawood.gr\/#website"},"primaryImageOfPage":{"@id":"https:\/\/alfawood.gr\/product\/inosanida-mdf-prime-raw\/#primaryimage"},"image":{"@id":"https:\/\/alfawood.gr\/product\/inosanida-mdf-prime-raw\/#primaryimage"},"thumbnailUrl":"https:\/\/alfawood.gr\/wp-content\/uploads\/2024\/01\/MDF-PRIME-INOSANIDA-jpg.webp","datePublished":"2024-01-09T14:06:06+00:00","dateModified":"2024-01-19T08:01:50+00:00","breadcrumb":{"@id":"https:\/\/alfawood.gr\/product\/inosanida-mdf-prime-raw\/#breadcrumb"},"inLanguage":"sq","potentialAction":[{"@type":"ReadAction","target":["https:\/\/alfawood.gr\/product\/inosanida-mdf-prime-raw\/"]}]},{"@type":"ImageObject","inLanguage":"sq","@id":"https:\/\/alfawood.gr\/product\/inosanida-mdf-prime-raw\/#primaryimage","url":"https:\/\/alfawood.gr\/wp-content\/uploads\/2024\/01\/MDF-PRIME-INOSANIDA-jpg.webp","contentUrl":"https:\/\/alfawood.gr\/wp-content\/uploads\/2024\/01\/MDF-PRIME-INOSANIDA-jpg.webp","width":874,"height":1200},{"@type":"BreadcrumbList","@id":"https:\/\/alfawood.gr\/product\/inosanida-mdf-prime-raw\/#breadcrumb","itemListElement":[{"@type":"ListItem","position":1,"name":"Home","item":"https:\/\/alfawood.gr\/"},{"@type":"ListItem","position":2,"name":"\u03a0\u03c1\u03bf\u03ca\u03cc\u03bd\u03c4\u03b1","item":"https:\/\/alfawood.gr\/proionta-wood\/"},{"@type":"ListItem","position":3,"name":"Alfa Panels","item":"https:\/\/alfawood.gr\/category\/panels\/"},{"@type":"ListItem","position":4,"name":"\u03a0\u03ac\u03bd\u03b5\u03bb \u0399\u03bd\u03bf\u03c3\u03b1\u03bd\u03af\u03b4\u03b1\u03c2 (MDF)","item":"https:\/\/alfawood.gr\/category\/panels\/mdf-inosanida\/"},{"@type":"ListItem","position":5,"name":"\u0399\u03bd\u03bf\u03c3\u03b1\u03bd\u03af\u03b4\u03b1 MDF Prime &#8211; Raw"}]},{"@type":"WebSite","@id":"https:\/\/alfawood.gr\/#website","url":"https:\/\/alfawood.gr\/","name":"Sip\u00ebrfaqe melamine MDF banak\u00eb p\u00ebr pllaka Dyer","description":"Alfa Wood Group Industria e drurit","publisher":{"@id":"https:\/\/alfawood.gr\/#organization"},"alternateName":"Melamines - MDF - Laminate - Worktops","potentialAction":[{"@type":"SearchAction","target":{"@type":"EntryPoint","urlTemplate":"https:\/\/alfawood.gr\/?s={search_term_string}"},"query-input":{"@type":"PropertyValueSpecification","valueRequired":true,"valueName":"search_term_string"}}],"inLanguage":"sq"},{"@type":"Organization","@id":"https:\/\/alfawood.gr\/#organization","name":"Alfa Wood Group","url":"https:\/\/alfawood.gr\/","logo":{"@type":"ImageObject","inLanguage":"sq","@id":"https:\/\/alfawood.gr\/#\/schema\/logo\/image\/","url":"https:\/\/alfawood.gr\/wp-content\/uploads\/2023\/02\/alfa-wood-logo-1.svg","contentUrl":"https:\/\/alfawood.gr\/wp-content\/uploads\/2023\/02\/alfa-wood-logo-1.svg","width":305,"height":195,"caption":"Alfa Wood Group"},"image":{"@id":"https:\/\/alfawood.gr\/#\/schema\/logo\/image\/"},"sameAs":["https:\/\/www.facebook.com\/alfawood.group","https:\/\/x.com\/ALFAWOODGROUP","https:\/\/www.instagram.com\/alfawood.group","https:\/\/www.youtube.com\/@alfawoodgroup","https:\/\/www.tiktok.com\/@alfawood.group","https:\/\/vimeo.com\/alfawood","https:\/\/www.linkedin.com\/company\/alfawoodgroup","https:\/\/www.pinterest.com\/alfawoodgroup\/"]}]}},"_links":{"self":[{"href":"https:\/\/alfawood.gr\/sq\/wp-json\/wp\/v2\/product\/25202","targetHints":{"allow":["GET"]}}],"collection":[{"href":"https:\/\/alfawood.gr\/sq\/wp-json\/wp\/v2\/product"}],"about":[{"href":"https:\/\/alfawood.gr\/sq\/wp-json\/wp\/v2\/types\/product"}],"version-history":[{"count":0,"href":"https:\/\/alfawood.gr\/sq\/wp-json\/wp\/v2\/product\/25202\/revisions"}],"wp:featuredmedia":[{"embeddable":true,"href":"https:\/\/alfawood.gr\/sq\/wp-json\/wp\/v2\/media\/25203"}],"wp:attachment":[{"href":"https:\/\/alfawood.gr\/sq\/wp-json\/wp\/v2\/media?parent=25202"}],"wp:term":[{"taxonomy":"product_brand","embeddable":true,"href":"https:\/\/alfawood.gr\/sq\/wp-json\/wp\/v2\/product_brand?post=25202"},{"taxonomy":"product_cat","embeddable":true,"href":"https:\/\/alfawood.gr\/sq\/wp-json\/wp\/v2\/product_cat?post=25202"},{"taxonomy":"product_tag","embeddable":true,"href":"https:\/\/alfawood.gr\/sq\/wp-json\/wp\/v2\/product_tag?post=25202"}],"curies":[{"name":"wp","href":"https:\/\/api.w.org\/{rel}","templated":true}]}}