{"id":25699,"date":"2024-05-25T19:02:34","date_gmt":"2024-05-25T17:02:34","guid":{"rendered":"https:\/\/alfawood.gr\/?post_type=product&#038;p=25699"},"modified":"2024-11-08T10:51:46","modified_gmt":"2024-11-08T08:51:46","slug":"no-95-pyramid-wall-cladding-veneer","status":"publish","type":"product","link":"https:\/\/alfawood.gr\/sq\/product\/no-95-pyramid-wall-cladding-veneer\/","title":{"rendered":"Nr 95 \u2013 Piramida | Rimeso p\u00ebr veshjen e murit"},"content":{"rendered":"<p class=\"translation-block\">Piramida e veshjes <strong>s\u00eb murit<\/strong> me rimeso nr 95 e Alfa Wood Group \u00ebsht\u00eb zgjedhja e duhur p\u00ebr t\u00eb p\u00ebrmir\u00ebsuar, rinovuar dhe krijuar nj\u00eb rezultat t\u00eb shk\u00eblqyer estetik n\u00eb hap\u00ebsirat e banimit dhe ato tregtare. \u00cbsht\u00eb nj\u00eb produkt i ri i cili p\u00ebrb\u00ebhet nga MDF rezistent ndaj lag\u00ebshtir\u00ebs i mbuluar me rimeso dhe disponohet n\u00eb nuanc\u00ebn natyrale t\u00eb llojit t\u00eb drurit pyjor Dushku. Profili nr. 95 ka form\u00eb trek\u00ebndore. Nj\u00eb model i shk\u00eblqyer trek\u00ebnd\u00ebsh i p\u00ebrs\u00ebritur, ideal p\u00ebr t\u00eb mbuluar muret, tavanet, element\u00ebt e mobiljeve dhe madje edhe dhoma t\u00eb t\u00ebra. Zgjedhja e profilit t\u00eb nj\u00eb trek\u00ebnd\u00ebshi barabrinj\u00ebs dhe zgjerimi i tij tredimensional \u00ebsht\u00eb nj\u00eb form\u00eb e lidhur me elementin njer\u00ebzor p\u00ebr sa i p\u00ebrket ides\u00eb s\u00eb energjis\u00eb dhe intensitetit.<\/p>\n<p>Mbulesat e murit jan\u00eb nj\u00eb zgjidhje e gjithanshme dhe t\u00ebrheq\u00ebse e dizajnit t\u00eb brendsh\u00ebm q\u00eb mund t\u00eb transformoj\u00eb \u00e7do dhom\u00eb n\u00eb nj\u00eb hap\u00ebsir\u00eb t\u00eb ngroht\u00eb dhe mikprit\u00ebse. \u00cbsht\u00eb nj\u00eb zgjidhje klasike p\u00ebr rinovimin e hap\u00ebsir\u00ebs tuaj, e cila ngjall nj\u00eb atmosfer\u00eb luksi dhe nj\u00eb prekje romantike, por q\u00eb shkon paralelisht me k\u00ebrkesat moderne t\u00eb kultur\u00ebs arkitekturore dhe stilit t\u00eb jetes\u00ebs.<\/p>\n<p><strong>Sip\u00ebrfaqja: Rimeso<\/strong><br \/>\n<strong>Dimensionet: <\/strong><strong>Profili Nr 95 3050 x 55 x 25mm<\/strong><\/p>\n<p>Produkti ofrohet i palyer.<\/p>\n<p>P\u00ebrpar\u00ebsit\u00eb e veshjes s\u00eb murit:<\/p>\n<ul>\n<li>Ofron fleksibilitet dhe instalim t\u00eb shpejt\u00eb.<\/li>\n<li>\u00cbsht\u00eb nj\u00eb opsion ekonomik p\u00ebr t\u00eb rinovuar hap\u00ebsir\u00ebn tuaj.<\/li>\n<li>Ajo \u00ebsht\u00eb elastike.<\/li>\n<li>\u00cbsht\u00eb leht\u00ebsisht i mir\u00ebmbajtur.<\/li>\n<li>Mund t\u00eb personalizohet p\u00ebr t&#039;iu p\u00ebrshtatur \u00e7do stili dekorimi.<\/li>\n<\/ul>","protected":false},"excerpt":{"rendered":"<p class=\"translation-block\"><strong>Piramida e veshjes s\u00eb murit me rimeso Nr 95<\/strong> riprodhon me sakt\u00ebsi pamjen dhe ndjesin\u00eb e drurit n\u00eb hijen natyrale t\u00eb specieve t\u00eb drurit pyjor Oak. Ofron nj\u00eb pamje natyrale q\u00eb \u00ebsht\u00eb ideale p\u00ebr t\u00eb mbuluar muret, tavanet, element\u00ebt e mobiljeve dhe madje edhe dhoma t\u00eb t\u00ebra. Zgjedhja e \u00e7do forme profili duhet t\u00eb l\u00ebviz\u00eb estetikisht shikuesin.<\/p>","protected":false},"featured_media":25700,"template":"","meta":{"_acf_changed":false,"inline_featured_image":false,"cybocfi_hide_featured_image":""},"product_brand":[],"product_cat":[847,861,860],"product_tag":[],"class_list":{"0":"post-25699","1":"product","2":"type-product","3":"status-publish","4":"has-post-thumbnail","6":"product_cat-diakosmiseis-toixon-ksylo","7":"product_cat-ependusi-toixou","8":"product_cat-wall-claading-veneer","10":"first","11":"instock","12":"product-type-simple"},"acf":[],"yoast_head":"<!-- This site is optimized with the Yoast SEO Premium plugin v27.3 (Yoast SEO v27.3) - https:\/\/yoast.com\/product\/yoast-seo-premium-wordpress\/ -->\n<title>No 95 \u2013 Pyramid | Wall Cladding Veneer - \u0395\u03c0\u03b9\u03c6\u03ac\u03bd\u03b5\u03b9\u03b5\u03c2 \u039c\u03b5\u03bb\u03b1\u03bc\u03af\u03bd\u03b7\u03c2 MDF \u039c\u03bf\u03c1\u03b9\u03bf\u03c3\u03b1\u03bd\u03af\u03b4\u03b1 \u03a0\u03ac\u03b3\u03ba\u03bf\u03b9 \u0394\u03ac\u03c0\u03b5\u03b4\u03b1 \u03a0\u03cc\u03c1\u03c4\u03b5\u03c2<\/title>\n<meta name=\"robots\" content=\"index, follow, max-snippet:-1, max-image-preview:large, max-video-preview:-1\" \/>\n<link rel=\"canonical\" href=\"https:\/\/alfawood.gr\/sq\/produkt\/no-95-pyramid-wall-cladding-veneer\" \/>\n<meta property=\"og:locale\" content=\"sq_AL\" \/>\n<meta property=\"og:type\" content=\"article\" \/>\n<meta property=\"og:title\" content=\"No 95 \u2013 Pyramid | Wall Cladding Veneer\" \/>\n<meta property=\"og:description\" content=\"\u0397 \u03b5\u03c0\u03ad\u03bd\u03b4\u03c5\u03c3\u03b7 \u03c4\u03bf\u03af\u03c7\u03bf\u03c5 Veneer Wall Cladding Pyramid No 95, \u03b1\u03bd\u03b1\u03c0\u03b1\u03c1\u03ac\u03b3\u03b5\u03b9 \u03bc\u03b5 \u03b1\u03ba\u03c1\u03af\u03b2\u03b5\u03b9\u03b1 \u03c4\u03b7\u03bd \u03b5\u03bc\u03c6\u03ac\u03bd\u03b9\u03c3\u03b7 \u03ba\u03b1\u03b9 \u03c4\u03b7\u03bd \u03b1\u03af\u03c3\u03b8\u03b7\u03c3\u03b7 \u03c4\u03bf\u03c5 \u03be\u03cd\u03bb\u03bf\u03c5 \u03c3\u03b5 \u03c6\u03c5\u03c3\u03b9\u03ba\u03ae \u03b1\u03c0\u03cc\u03c7\u03c1\u03c9\u03c3\u03b7 \u03c4\u03bf\u03c5 \u03b4\u03b1\u03c3\u03bf\u03c0\u03bf\u03bd\u03b9\u03ba\u03bf\u03cd \u03b5\u03af\u03b4\u03bf\u03c2 \u03be\u03cd\u03bb\u03bf\u03c5 \u0394\u03c1\u03c5\u03c2 - \u0392\u03b5\u03bb\u03b1\u03bd\u03b9\u03b4\u03b9\u03ac. \u03a0\u03c1\u03bf\u03c3\u03c6\u03ad\u03c1\u03b5\u03b9 \u03bc\u03b9\u03b1 \u03c6\u03c5\u03c3\u03b9\u03ba\u03ae \u03b5\u03bc\u03c6\u03ac\u03bd\u03b9\u03c3\u03b7 \u03c0\u03bf\u03c5 \u03b5\u03af\u03bd\u03b1\u03b9 \u03b9\u03b4\u03b1\u03bd\u03b9\u03ba\u03ae \u03b3\u03b9\u03b1 \u03c4\u03b7\u03bd \u03b5\u03c0\u03ad\u03bd\u03b4\u03c5\u03c3\u03b7 \u03c4\u03bf\u03af\u03c7\u03c9\u03bd, \u03bf\u03c1\u03bf\u03c6\u03ae\u03c2, \u03c3\u03c4\u03bf\u03b9\u03c7\u03b5\u03af\u03c9\u03bd \u03b5\u03c0\u03af\u03c0\u03bb\u03c9\u03bd \u03b1\u03ba\u03cc\u03bc\u03b1 \u03ba\u03b1\u03b9 \u03bf\u03bb\u03cc\u03ba\u03bb\u03b7\u03c1\u03c9\u03bd \u03b4\u03c9\u03bc\u03b1\u03c4\u03af\u03c9\u03bd. \u0397 \u03b5\u03c0\u03b9\u03bb\u03bf\u03b3\u03ae \u03c4\u03b7\u03c2 \u03ba\u03ac\u03b8\u03b5 \u03bc\u03bf\u03c1\u03c6\u03ae\u03c2 \u03c0\u03c1\u03bf\u03c6\u03af\u03bb, \u03bf\u03c6\u03b5\u03af\u03bb\u03b5\u03b9 \u03bd\u03b1 \u03c3\u03c5\u03b3\u03ba\u03b9\u03bd\u03b5\u03af \u03b1\u03b9\u03c3\u03b8\u03b7\u03c4\u03b9\u03ba\u03ac \u03c4\u03bf\u03bd \u03b8\u03b5\u03b1\u03c4\u03ae.\" \/>\n<meta property=\"og:url\" content=\"https:\/\/alfawood.gr\/sq\/produkt\/no-95-pyramid-wall-cladding-veneer\" \/>\n<meta property=\"og:site_name\" content=\"\u0395\u03c0\u03b9\u03c6\u03ac\u03bd\u03b5\u03b9\u03b5\u03c2 \u039c\u03b5\u03bb\u03b1\u03bc\u03af\u03bd\u03b7\u03c2 MDF \u039c\u03bf\u03c1\u03b9\u03bf\u03c3\u03b1\u03bd\u03af\u03b4\u03b1 \u03a0\u03ac\u03b3\u03ba\u03bf\u03b9 \u0394\u03ac\u03c0\u03b5\u03b4\u03b1 \u03a0\u03cc\u03c1\u03c4\u03b5\u03c2\" \/>\n<meta property=\"article:publisher\" content=\"https:\/\/www.facebook.com\/alfawood.group\" \/>\n<meta property=\"article:modified_time\" content=\"2024-11-08T08:51:46+00:00\" \/>\n<meta property=\"og:image\" content=\"https:\/\/alfawood.gr\/wp-content\/uploads\/2024\/05\/Pyramid-veneer-wall-cladding.jpg\" \/>\n\t<meta property=\"og:image:width\" content=\"947\" \/>\n\t<meta property=\"og:image:height\" content=\"1300\" \/>\n\t<meta property=\"og:image:type\" content=\"image\/jpeg\" \/>\n<meta name=\"twitter:card\" content=\"summary_large_image\" \/>\n<meta name=\"twitter:site\" content=\"@ALFAWOODGROUP\" \/>\n<meta name=\"twitter:label1\" content=\"Est. reading time\" \/>\n\t<meta name=\"twitter:data1\" content=\"2 minuta\" \/>\n<script type=\"application\/ld+json\" class=\"yoast-schema-graph\">{\"@context\":\"https:\\\/\\\/schema.org\",\"@graph\":[{\"@type\":\"WebPage\",\"@id\":\"https:\\\/\\\/alfawood.gr\\\/en\\\/product\\\/no-95-pyramid-wall-cladding-veneer\\\/\",\"url\":\"https:\\\/\\\/alfawood.gr\\\/en\\\/product\\\/no-95-pyramid-wall-cladding-veneer\\\/\",\"name\":\"No 95 \u2013 Pyramid | Wall Cladding Veneer - \u0395\u03c0\u03b9\u03c6\u03ac\u03bd\u03b5\u03b9\u03b5\u03c2 \u039c\u03b5\u03bb\u03b1\u03bc\u03af\u03bd\u03b7\u03c2 MDF \u039c\u03bf\u03c1\u03b9\u03bf\u03c3\u03b1\u03bd\u03af\u03b4\u03b1 \u03a0\u03ac\u03b3\u03ba\u03bf\u03b9 \u0394\u03ac\u03c0\u03b5\u03b4\u03b1 \u03a0\u03cc\u03c1\u03c4\u03b5\u03c2\",\"isPartOf\":{\"@id\":\"https:\\\/\\\/alfawood.gr\\\/#website\"},\"primaryImageOfPage\":{\"@id\":\"https:\\\/\\\/alfawood.gr\\\/en\\\/product\\\/no-95-pyramid-wall-cladding-veneer\\\/#primaryimage\"},\"image\":{\"@id\":\"https:\\\/\\\/alfawood.gr\\\/en\\\/product\\\/no-95-pyramid-wall-cladding-veneer\\\/#primaryimage\"},\"thumbnailUrl\":\"https:\\\/\\\/alfawood.gr\\\/wp-content\\\/uploads\\\/2024\\\/05\\\/Pyramid-veneer-wall-cladding.jpg\",\"datePublished\":\"2024-05-25T17:02:34+00:00\",\"dateModified\":\"2024-11-08T08:51:46+00:00\",\"breadcrumb\":{\"@id\":\"https:\\\/\\\/alfawood.gr\\\/en\\\/product\\\/no-95-pyramid-wall-cladding-veneer\\\/#breadcrumb\"},\"inLanguage\":\"sq\",\"potentialAction\":[{\"@type\":\"ReadAction\",\"target\":[\"https:\\\/\\\/alfawood.gr\\\/en\\\/product\\\/no-95-pyramid-wall-cladding-veneer\\\/\"]}]},{\"@type\":\"ImageObject\",\"inLanguage\":\"sq\",\"@id\":\"https:\\\/\\\/alfawood.gr\\\/en\\\/product\\\/no-95-pyramid-wall-cladding-veneer\\\/#primaryimage\",\"url\":\"https:\\\/\\\/alfawood.gr\\\/wp-content\\\/uploads\\\/2024\\\/05\\\/Pyramid-veneer-wall-cladding.jpg\",\"contentUrl\":\"https:\\\/\\\/alfawood.gr\\\/wp-content\\\/uploads\\\/2024\\\/05\\\/Pyramid-veneer-wall-cladding.jpg\",\"width\":947,\"height\":1300,\"caption\":\"Pyramid- veneer wall cladding\"},{\"@type\":\"BreadcrumbList\",\"@id\":\"https:\\\/\\\/alfawood.gr\\\/en\\\/product\\\/no-95-pyramid-wall-cladding-veneer\\\/#breadcrumb\",\"itemListElement\":[{\"@type\":\"ListItem\",\"position\":1,\"name\":\"Home\",\"item\":\"https:\\\/\\\/alfawood.gr\\\/\"},{\"@type\":\"ListItem\",\"position\":2,\"name\":\"\u03a0\u03c1\u03bf\u03ca\u03cc\u03bd\u03c4\u03b1\",\"item\":\"https:\\\/\\\/alfawood.gr\\\/proionta-wood\\\/\"},{\"@type\":\"ListItem\",\"position\":3,\"name\":\"\u0394\u03b9\u03b1\u03ba\u03cc\u03c3\u03bc\u03b7\u03c3\u03b7 \u03a4\u03bf\u03af\u03c7\u03bf\u03c5\",\"item\":\"https:\\\/\\\/alfawood.gr\\\/category\\\/diakosmiseis-toixon-ksylo\\\/\"},{\"@type\":\"ListItem\",\"position\":4,\"name\":\"No 95 \u2013 Pyramid | Wall Cladding Veneer\"}]},{\"@type\":\"WebSite\",\"@id\":\"https:\\\/\\\/alfawood.gr\\\/#website\",\"url\":\"https:\\\/\\\/alfawood.gr\\\/\",\"name\":\"\u0395\u03c0\u03b9\u03c6\u03ac\u03bd\u03b5\u03b9\u03b5\u03c2 \u039c\u03b5\u03bb\u03b1\u03bc\u03af\u03bd\u03b7\u03c2 MDF \u039c\u03bf\u03c1\u03b9\u03bf\u03c3\u03b1\u03bd\u03af\u03b4\u03b1 \u03a0\u03ac\u03b3\u03ba\u03bf\u03b9 \u0394\u03ac\u03c0\u03b5\u03b4\u03b1 \u03a0\u03cc\u03c1\u03c4\u03b5\u03c2\",\"description\":\"\u0392\u03b9\u03bf\u03bc\u03b7\u03c7\u03b1\u03bd\u03af\u03b1 \u039e\u03cd\u03bb\u03bf\u03c5 Alfa Wood Group\",\"publisher\":{\"@id\":\"https:\\\/\\\/alfawood.gr\\\/#organization\"},\"alternateName\":\"Melamines - MDF - Laminate - Worktops\",\"potentialAction\":[{\"@type\":\"SearchAction\",\"target\":{\"@type\":\"EntryPoint\",\"urlTemplate\":\"https:\\\/\\\/alfawood.gr\\\/?s={search_term_string}\"},\"query-input\":{\"@type\":\"PropertyValueSpecification\",\"valueRequired\":true,\"valueName\":\"search_term_string\"}}],\"inLanguage\":\"sq\"},{\"@type\":\"Organization\",\"@id\":\"https:\\\/\\\/alfawood.gr\\\/#organization\",\"name\":\"Alfa Wood Group\",\"url\":\"https:\\\/\\\/alfawood.gr\\\/\",\"logo\":{\"@type\":\"ImageObject\",\"inLanguage\":\"sq\",\"@id\":\"https:\\\/\\\/alfawood.gr\\\/#\\\/schema\\\/logo\\\/image\\\/\",\"url\":\"https:\\\/\\\/alfawood.gr\\\/wp-content\\\/uploads\\\/2023\\\/02\\\/alfa-wood-logo-1.svg\",\"contentUrl\":\"https:\\\/\\\/alfawood.gr\\\/wp-content\\\/uploads\\\/2023\\\/02\\\/alfa-wood-logo-1.svg\",\"width\":305,\"height\":195,\"caption\":\"Alfa Wood Group\"},\"image\":{\"@id\":\"https:\\\/\\\/alfawood.gr\\\/#\\\/schema\\\/logo\\\/image\\\/\"},\"sameAs\":[\"https:\\\/\\\/www.facebook.com\\\/alfawood.group\",\"https:\\\/\\\/x.com\\\/ALFAWOODGROUP\",\"https:\\\/\\\/www.instagram.com\\\/alfawood.group\",\"https:\\\/\\\/www.youtube.com\\\/@alfawoodgroup\",\"https:\\\/\\\/www.tiktok.com\\\/@alfawood.group\",\"https:\\\/\\\/vimeo.com\\\/alfawood\",\"https:\\\/\\\/www.linkedin.com\\\/company\\\/alfawoodgroup\",\"https:\\\/\\\/www.pinterest.com\\\/alfawoodgroup\\\/\"]}]}<\/script>\n<!-- \/ Yoast SEO Premium plugin. -->","yoast_head_json":{"title":"Nr 95 \u2013 Piramida | Rimeso p\u00ebr veshje muri - Sip\u00ebrfaqe melamine MDF banak\u00eb pllakash dyersh","robots":{"index":"index","follow":"follow","max-snippet":"max-snippet:-1","max-image-preview":"max-image-preview:large","max-video-preview":"max-video-preview:-1"},"canonical":"https:\/\/alfawood.gr\/sq\/produkt\/no-95-pyramid-wall-cladding-veneer","og_locale":"sq_AL","og_type":"article","og_title":"No 95 \u2013 Pyramid | Wall Cladding Veneer","og_description":"\u0397 \u03b5\u03c0\u03ad\u03bd\u03b4\u03c5\u03c3\u03b7 \u03c4\u03bf\u03af\u03c7\u03bf\u03c5 Veneer Wall Cladding Pyramid No 95, \u03b1\u03bd\u03b1\u03c0\u03b1\u03c1\u03ac\u03b3\u03b5\u03b9 \u03bc\u03b5 \u03b1\u03ba\u03c1\u03af\u03b2\u03b5\u03b9\u03b1 \u03c4\u03b7\u03bd \u03b5\u03bc\u03c6\u03ac\u03bd\u03b9\u03c3\u03b7 \u03ba\u03b1\u03b9 \u03c4\u03b7\u03bd \u03b1\u03af\u03c3\u03b8\u03b7\u03c3\u03b7 \u03c4\u03bf\u03c5 \u03be\u03cd\u03bb\u03bf\u03c5 \u03c3\u03b5 \u03c6\u03c5\u03c3\u03b9\u03ba\u03ae \u03b1\u03c0\u03cc\u03c7\u03c1\u03c9\u03c3\u03b7 \u03c4\u03bf\u03c5 \u03b4\u03b1\u03c3\u03bf\u03c0\u03bf\u03bd\u03b9\u03ba\u03bf\u03cd \u03b5\u03af\u03b4\u03bf\u03c2 \u03be\u03cd\u03bb\u03bf\u03c5 \u0394\u03c1\u03c5\u03c2 - \u0392\u03b5\u03bb\u03b1\u03bd\u03b9\u03b4\u03b9\u03ac. \u03a0\u03c1\u03bf\u03c3\u03c6\u03ad\u03c1\u03b5\u03b9 \u03bc\u03b9\u03b1 \u03c6\u03c5\u03c3\u03b9\u03ba\u03ae \u03b5\u03bc\u03c6\u03ac\u03bd\u03b9\u03c3\u03b7 \u03c0\u03bf\u03c5 \u03b5\u03af\u03bd\u03b1\u03b9 \u03b9\u03b4\u03b1\u03bd\u03b9\u03ba\u03ae \u03b3\u03b9\u03b1 \u03c4\u03b7\u03bd \u03b5\u03c0\u03ad\u03bd\u03b4\u03c5\u03c3\u03b7 \u03c4\u03bf\u03af\u03c7\u03c9\u03bd, \u03bf\u03c1\u03bf\u03c6\u03ae\u03c2, \u03c3\u03c4\u03bf\u03b9\u03c7\u03b5\u03af\u03c9\u03bd \u03b5\u03c0\u03af\u03c0\u03bb\u03c9\u03bd \u03b1\u03ba\u03cc\u03bc\u03b1 \u03ba\u03b1\u03b9 \u03bf\u03bb\u03cc\u03ba\u03bb\u03b7\u03c1\u03c9\u03bd \u03b4\u03c9\u03bc\u03b1\u03c4\u03af\u03c9\u03bd. \u0397 \u03b5\u03c0\u03b9\u03bb\u03bf\u03b3\u03ae \u03c4\u03b7\u03c2 \u03ba\u03ac\u03b8\u03b5 \u03bc\u03bf\u03c1\u03c6\u03ae\u03c2 \u03c0\u03c1\u03bf\u03c6\u03af\u03bb, \u03bf\u03c6\u03b5\u03af\u03bb\u03b5\u03b9 \u03bd\u03b1 \u03c3\u03c5\u03b3\u03ba\u03b9\u03bd\u03b5\u03af \u03b1\u03b9\u03c3\u03b8\u03b7\u03c4\u03b9\u03ba\u03ac \u03c4\u03bf\u03bd \u03b8\u03b5\u03b1\u03c4\u03ae.","og_url":"https:\/\/alfawood.gr\/sq\/produkt\/no-95-pyramid-wall-cladding-veneer","og_site_name":"\u0395\u03c0\u03b9\u03c6\u03ac\u03bd\u03b5\u03b9\u03b5\u03c2 \u039c\u03b5\u03bb\u03b1\u03bc\u03af\u03bd\u03b7\u03c2 MDF \u039c\u03bf\u03c1\u03b9\u03bf\u03c3\u03b1\u03bd\u03af\u03b4\u03b1 \u03a0\u03ac\u03b3\u03ba\u03bf\u03b9 \u0394\u03ac\u03c0\u03b5\u03b4\u03b1 \u03a0\u03cc\u03c1\u03c4\u03b5\u03c2","article_publisher":"https:\/\/www.facebook.com\/alfawood.group","article_modified_time":"2024-11-08T08:51:46+00:00","og_image":[{"width":947,"height":1300,"url":"https:\/\/alfawood.gr\/wp-content\/uploads\/2024\/05\/Pyramid-veneer-wall-cladding.jpg","type":"image\/jpeg"}],"twitter_card":"summary_large_image","twitter_site":"@ALFAWOODGROUP","twitter_misc":{"Est. reading time":"2 minuta"},"schema":{"@context":"https:\/\/schema.org","@graph":[{"@type":"WebPage","@id":"https:\/\/alfawood.gr\/en\/product\/no-95-pyramid-wall-cladding-veneer\/","url":"https:\/\/alfawood.gr\/en\/product\/no-95-pyramid-wall-cladding-veneer\/","name":"Nr 95 \u2013 Piramida | Rimeso p\u00ebr veshje muri - Sip\u00ebrfaqe melamine MDF banak\u00eb pllakash dyersh","isPartOf":{"@id":"https:\/\/alfawood.gr\/#website"},"primaryImageOfPage":{"@id":"https:\/\/alfawood.gr\/en\/product\/no-95-pyramid-wall-cladding-veneer\/#primaryimage"},"image":{"@id":"https:\/\/alfawood.gr\/en\/product\/no-95-pyramid-wall-cladding-veneer\/#primaryimage"},"thumbnailUrl":"https:\/\/alfawood.gr\/wp-content\/uploads\/2024\/05\/Pyramid-veneer-wall-cladding.jpg","datePublished":"2024-05-25T17:02:34+00:00","dateModified":"2024-11-08T08:51:46+00:00","breadcrumb":{"@id":"https:\/\/alfawood.gr\/en\/product\/no-95-pyramid-wall-cladding-veneer\/#breadcrumb"},"inLanguage":"sq","potentialAction":[{"@type":"ReadAction","target":["https:\/\/alfawood.gr\/en\/product\/no-95-pyramid-wall-cladding-veneer\/"]}]},{"@type":"ImageObject","inLanguage":"sq","@id":"https:\/\/alfawood.gr\/en\/product\/no-95-pyramid-wall-cladding-veneer\/#primaryimage","url":"https:\/\/alfawood.gr\/wp-content\/uploads\/2024\/05\/Pyramid-veneer-wall-cladding.jpg","contentUrl":"https:\/\/alfawood.gr\/wp-content\/uploads\/2024\/05\/Pyramid-veneer-wall-cladding.jpg","width":947,"height":1300,"caption":"Pyramid- veneer wall cladding"},{"@type":"BreadcrumbList","@id":"https:\/\/alfawood.gr\/en\/product\/no-95-pyramid-wall-cladding-veneer\/#breadcrumb","itemListElement":[{"@type":"ListItem","position":1,"name":"Home","item":"https:\/\/alfawood.gr\/"},{"@type":"ListItem","position":2,"name":"\u03a0\u03c1\u03bf\u03ca\u03cc\u03bd\u03c4\u03b1","item":"https:\/\/alfawood.gr\/proionta-wood\/"},{"@type":"ListItem","position":3,"name":"\u0394\u03b9\u03b1\u03ba\u03cc\u03c3\u03bc\u03b7\u03c3\u03b7 \u03a4\u03bf\u03af\u03c7\u03bf\u03c5","item":"https:\/\/alfawood.gr\/category\/diakosmiseis-toixon-ksylo\/"},{"@type":"ListItem","position":4,"name":"No 95 \u2013 Pyramid | Wall Cladding Veneer"}]},{"@type":"WebSite","@id":"https:\/\/alfawood.gr\/#website","url":"https:\/\/alfawood.gr\/","name":"Sip\u00ebrfaqe melamine MDF banak\u00eb p\u00ebr pllaka Dyer","description":"Alfa Wood Group Industria e drurit","publisher":{"@id":"https:\/\/alfawood.gr\/#organization"},"alternateName":"Melamines - MDF - Laminate - Worktops","potentialAction":[{"@type":"SearchAction","target":{"@type":"EntryPoint","urlTemplate":"https:\/\/alfawood.gr\/?s={search_term_string}"},"query-input":{"@type":"PropertyValueSpecification","valueRequired":true,"valueName":"search_term_string"}}],"inLanguage":"sq"},{"@type":"Organization","@id":"https:\/\/alfawood.gr\/#organization","name":"Alfa Wood Group","url":"https:\/\/alfawood.gr\/","logo":{"@type":"ImageObject","inLanguage":"sq","@id":"https:\/\/alfawood.gr\/#\/schema\/logo\/image\/","url":"https:\/\/alfawood.gr\/wp-content\/uploads\/2023\/02\/alfa-wood-logo-1.svg","contentUrl":"https:\/\/alfawood.gr\/wp-content\/uploads\/2023\/02\/alfa-wood-logo-1.svg","width":305,"height":195,"caption":"Alfa Wood Group"},"image":{"@id":"https:\/\/alfawood.gr\/#\/schema\/logo\/image\/"},"sameAs":["https:\/\/www.facebook.com\/alfawood.group","https:\/\/x.com\/ALFAWOODGROUP","https:\/\/www.instagram.com\/alfawood.group","https:\/\/www.youtube.com\/@alfawoodgroup","https:\/\/www.tiktok.com\/@alfawood.group","https:\/\/vimeo.com\/alfawood","https:\/\/www.linkedin.com\/company\/alfawoodgroup","https:\/\/www.pinterest.com\/alfawoodgroup\/"]}]}},"_links":{"self":[{"href":"https:\/\/alfawood.gr\/sq\/wp-json\/wp\/v2\/product\/25699","targetHints":{"allow":["GET"]}}],"collection":[{"href":"https:\/\/alfawood.gr\/sq\/wp-json\/wp\/v2\/product"}],"about":[{"href":"https:\/\/alfawood.gr\/sq\/wp-json\/wp\/v2\/types\/product"}],"version-history":[{"count":0,"href":"https:\/\/alfawood.gr\/sq\/wp-json\/wp\/v2\/product\/25699\/revisions"}],"wp:featuredmedia":[{"embeddable":true,"href":"https:\/\/alfawood.gr\/sq\/wp-json\/wp\/v2\/media\/25700"}],"wp:attachment":[{"href":"https:\/\/alfawood.gr\/sq\/wp-json\/wp\/v2\/media?parent=25699"}],"wp:term":[{"taxonomy":"product_brand","embeddable":true,"href":"https:\/\/alfawood.gr\/sq\/wp-json\/wp\/v2\/product_brand?post=25699"},{"taxonomy":"product_cat","embeddable":true,"href":"https:\/\/alfawood.gr\/sq\/wp-json\/wp\/v2\/product_cat?post=25699"},{"taxonomy":"product_tag","embeddable":true,"href":"https:\/\/alfawood.gr\/sq\/wp-json\/wp\/v2\/product_tag?post=25699"}],"curies":[{"name":"wp","href":"https:\/\/api.w.org\/{rel}","templated":true}]}}