{"id":26575,"date":"2025-01-30T15:30:20","date_gmt":"2025-01-30T13:30:20","guid":{"rendered":"https:\/\/alfawood.gr\/?post_type=product&#038;p=26575"},"modified":"2025-06-19T10:07:34","modified_gmt":"2025-06-19T08:07:34","slug":"058-oak-rustic-matt-lacquered-soft-brush","status":"publish","type":"product","link":"https:\/\/alfawood.gr\/sq\/product\/058-oak-rustic-matt-lacquered-soft-brush\/","title":{"rendered":"058 Fur\u00e7\u00eb e but\u00eb me llak me llak rustik"},"content":{"rendered":"<p>\u00c7do dysheme mund t\u00eb jet\u00eb nj\u00eb mbules\u00eb pasi shton nj\u00eb ndjenj\u00eb natyrale, s\u00eb bashku me ngroht\u00ebsin\u00eb dhe luksin.<\/p>\n<p class=\"translation-block\"><a href=\"\/sq\/progialismeno-patoma\" target=\"_blank\" rel=\"noopener\">Dyshemet\u00eb e para-l\u00ebmuara<\/a> jan\u00eb dyshemet\u00eb e s\u00eb ardhmes dhe jan\u00eb nj\u00eb alternativ\u00eb e mir\u00eb ndaj dyshemeve t\u00eb ngurta pasi kan\u00eb nj\u00eb gam\u00eb m\u00eb t\u00eb gjer\u00eb dimensionesh, jan\u00eb t\u00eb q\u00ebndrueshme, mund t\u00eb jen\u00eb m\u00eb pak t\u00eb kushtueshme dhe \u00ebsht\u00eb shum\u00eb e v\u00ebshtir\u00eb t\u00eb dallosh midis t\u00eb dyjave pasi t\u00eb instalohen.<\/p>\n<p>Dyshemeja e para-lustruar \u00ebsht\u00eb prodhuar n\u00eb m\u00ebnyr\u00eb t\u00eb till\u00eb q\u00eb t\u00eb siguroj\u00eb stabilitet dhe rezistenc\u00eb m\u00eb t\u00eb mir\u00eb ndaj ndryshimeve t\u00eb temperatur\u00ebs dhe lag\u00ebshtis\u00eb. Pjesa emocionuese \u00ebsht\u00eb se duket si dysheme druri t\u00eb ngurt\u00eb, pasi shtresa e sip\u00ebrme \u00ebsht\u00eb prej druri t\u00eb v\u00ebrtet\u00eb, t\u00eb fort\u00eb, por m\u00eb pas ka nj\u00eb baz\u00eb paneli (kompensat\u00eb) posht\u00eb. Shtresa e sip\u00ebrme e drurit t\u00eb fort\u00eb shkon pingul me panelin baz\u00eb (kompensat\u00eb) i cili krijon forc\u00ebn dhe q\u00ebndrueshm\u00ebrin\u00eb e dyshemes\u00eb duke e lejuar at\u00eb t\u00eb reagoj\u00eb ndaj ndryshimeve t\u00eb temperatur\u00ebs dhe lag\u00ebshtis\u00eb, q\u00eb do t\u00eb thot\u00eb se mund t\u00eb p\u00ebrdoret gjithashtu me ngrohje n\u00ebn dysheme.<\/p>\n<p>&nbsp;<\/p>","protected":false},"excerpt":{"rendered":"<p>\u039c\u03b5 \u03c4\u03bf \u03c0\u03bb\u03c9\u03c4\u03cc \u03c1\u03bf\u03c5\u03c3\u03c4\u03af\u03ba \u03b4\u03ac\u03c0\u03b5\u03b4\u03bf \u03bc\u03c0\u03bf\u03c1\u03b5\u03af\u03c4\u03b5 \u03bd\u03b1 \u03b4\u03b7\u03bc\u03b9\u03bf\u03c5\u03c1\u03b3\u03ae\u03c3\u03b5\u03c4\u03b5 \u03ad\u03bd\u03b1 \u03ba\u03bb\u03b1\u03c3\u03c3\u03b9\u03ba\u03cc \u03b1\u03c0\u03bf\u03c4\u03ad\u03bb\u03b5\u03c3\u03bc\u03b1 \u03ba\u03b1\u03b9 \u03bd\u03b1 \u03c4\u03bf \u03b5\u03bd\u03c3\u03c9\u03bc\u03b1\u03c4\u03ce\u03c3\u03b5\u03c4\u03b5 \u03bc\u03b5 \u03c4\u03b7\u03bd \u03c5\u03c0\u03cc\u03bb\u03bf\u03b9\u03c0\u03b7 \u03b4\u03b9\u03b1\u03ba\u03cc\u03c3\u03bc\u03b7\u03c3\u03b7 \u03c4\u03bf\u03c5 \u03c7\u03ce\u03c1\u03bf\u03c5 \u03c3\u03b1\u03c2. \u03a4\u03bf \u03bc\u03b1\u03c4 \u03c6\u03b9\u03bd\u03af\u03c1\u03b9\u03c3\u03bc\u03b1 \u03ad\u03c7\u03b5\u03b9 \u03c4\u03b7\u03bd \u03b9\u03b4\u03b9\u03cc\u03c4\u03b7\u03c4\u03b1 \u03bd\u03b1 \u03c0\u03c1\u03bf\u03c3\u03c6\u03ad\u03c1\u03b5\u03b9 \u03c3\u03c4\u03bf \u03c7\u03ce\u03c1\u03bf \u03b1\u03c0\u03bb\u03cc\u03c4\u03b7\u03c4\u03b1 \u03ba\u03b1\u03b9 \u03c6\u03c5\u03c3\u03b9\u03ba\u03ae \u03b1\u03af\u03c3\u03b8\u03b7\u03c3\u03b7.<\/p>\n<p>Dimensionet: 1800mm x 160mm x 13.5mm 1-shirit<\/p>","protected":false},"featured_media":27761,"template":"","meta":{"_acf_changed":false,"inline_featured_image":false,"cybocfi_hide_featured_image":""},"product_brand":[],"product_cat":[88,180,97],"product_tag":[],"class_list":{"0":"post-26575","1":"product","2":"type-product","3":"status-publish","4":"has-post-thumbnail","6":"product_cat-dapeda","7":"product_cat-esoterikou-xorou","8":"product_cat-progualismena","10":"first","11":"instock","12":"product-type-simple"},"acf":[],"yoast_head":"<!-- This site is optimized with the Yoast SEO Premium plugin v27.3 (Yoast SEO v27.3) - https:\/\/yoast.com\/product\/yoast-seo-premium-wordpress\/ -->\n<title>058 Oak Rustic Matt Lacquered Soft Brush - \u0395\u03c0\u03b9\u03c6\u03ac\u03bd\u03b5\u03b9\u03b5\u03c2 \u039c\u03b5\u03bb\u03b1\u03bc\u03af\u03bd\u03b7\u03c2 MDF \u039c\u03bf\u03c1\u03b9\u03bf\u03c3\u03b1\u03bd\u03af\u03b4\u03b1 \u03a0\u03ac\u03b3\u03ba\u03bf\u03b9 \u0394\u03ac\u03c0\u03b5\u03b4\u03b1 \u03a0\u03cc\u03c1\u03c4\u03b5\u03c2<\/title>\n<meta name=\"robots\" content=\"index, follow, max-snippet:-1, max-image-preview:large, max-video-preview:-1\" \/>\n<link rel=\"canonical\" href=\"https:\/\/alfawood.gr\/sq\/produkt\/058-oak-rustic-matt-lacquered-soft-brush\" \/>\n<meta property=\"og:locale\" content=\"sq_AL\" \/>\n<meta property=\"og:type\" content=\"article\" \/>\n<meta property=\"og:title\" content=\"058 Oak Rustic Matt Lacquered Soft Brush\" \/>\n<meta property=\"og:description\" content=\"\u039c\u03b5 \u03c4\u03bf \u03c0\u03bb\u03c9\u03c4\u03cc \u03c1\u03bf\u03c5\u03c3\u03c4\u03af\u03ba \u03b4\u03ac\u03c0\u03b5\u03b4\u03bf \u03bc\u03c0\u03bf\u03c1\u03b5\u03af\u03c4\u03b5 \u03bd\u03b1 \u03b4\u03b7\u03bc\u03b9\u03bf\u03c5\u03c1\u03b3\u03ae\u03c3\u03b5\u03c4\u03b5 \u03ad\u03bd\u03b1 \u03ba\u03bb\u03b1\u03c3\u03c3\u03b9\u03ba\u03cc \u03b1\u03c0\u03bf\u03c4\u03ad\u03bb\u03b5\u03c3\u03bc\u03b1 \u03ba\u03b1\u03b9 \u03bd\u03b1 \u03c4\u03bf \u03b5\u03bd\u03c3\u03c9\u03bc\u03b1\u03c4\u03ce\u03c3\u03b5\u03c4\u03b5 \u03bc\u03b5 \u03c4\u03b7\u03bd \u03c5\u03c0\u03cc\u03bb\u03bf\u03b9\u03c0\u03b7 \u03b4\u03b9\u03b1\u03ba\u03cc\u03c3\u03bc\u03b7\u03c3\u03b7 \u03c4\u03bf\u03c5 \u03c7\u03ce\u03c1\u03bf\u03c5 \u03c3\u03b1\u03c2. \u03a4\u03bf \u03bc\u03b1\u03c4 \u03c6\u03b9\u03bd\u03af\u03c1\u03b9\u03c3\u03bc\u03b1 \u03ad\u03c7\u03b5\u03b9 \u03c4\u03b7\u03bd \u03b9\u03b4\u03b9\u03cc\u03c4\u03b7\u03c4\u03b1 \u03bd\u03b1 \u03c0\u03c1\u03bf\u03c3\u03c6\u03ad\u03c1\u03b5\u03b9 \u03c3\u03c4\u03bf \u03c7\u03ce\u03c1\u03bf \u03b1\u03c0\u03bb\u03cc\u03c4\u03b7\u03c4\u03b1 \u03ba\u03b1\u03b9 \u03c6\u03c5\u03c3\u03b9\u03ba\u03ae \u03b1\u03af\u03c3\u03b8\u03b7\u03c3\u03b7.  \u0394\u03b9\u03b1\u03c3\u03c4\u03ac\u03c3\u03b5\u03b9\u03c2: 1800mm x 160mm x 13,5mm 1-strip\" \/>\n<meta property=\"og:url\" content=\"https:\/\/alfawood.gr\/sq\/produkt\/058-oak-rustic-matt-lacquered-soft-brush\" \/>\n<meta property=\"og:site_name\" content=\"\u0395\u03c0\u03b9\u03c6\u03ac\u03bd\u03b5\u03b9\u03b5\u03c2 \u039c\u03b5\u03bb\u03b1\u03bc\u03af\u03bd\u03b7\u03c2 MDF \u039c\u03bf\u03c1\u03b9\u03bf\u03c3\u03b1\u03bd\u03af\u03b4\u03b1 \u03a0\u03ac\u03b3\u03ba\u03bf\u03b9 \u0394\u03ac\u03c0\u03b5\u03b4\u03b1 \u03a0\u03cc\u03c1\u03c4\u03b5\u03c2\" \/>\n<meta property=\"article:publisher\" content=\"https:\/\/www.facebook.com\/alfawood.group\" \/>\n<meta property=\"article:modified_time\" content=\"2025-06-19T08:07:34+00:00\" \/>\n<meta property=\"og:image\" content=\"https:\/\/alfawood.gr\/wp-content\/uploads\/2025\/01\/058-Oak-Rustic.jpg\" \/>\n\t<meta property=\"og:image:width\" content=\"1000\" \/>\n\t<meta property=\"og:image:height\" content=\"1373\" \/>\n\t<meta property=\"og:image:type\" content=\"image\/jpeg\" \/>\n<meta name=\"twitter:card\" content=\"summary_large_image\" \/>\n<meta name=\"twitter:site\" content=\"@ALFAWOODGROUP\" \/>\n<meta name=\"twitter:label1\" content=\"Est. reading time\" \/>\n\t<meta name=\"twitter:data1\" content=\"1 minut\u00eb\" \/>\n<script type=\"application\/ld+json\" class=\"yoast-schema-graph\">{\"@context\":\"https:\\\/\\\/schema.org\",\"@graph\":[{\"@type\":\"WebPage\",\"@id\":\"https:\\\/\\\/alfawood.gr\\\/product\\\/058-oak-rustic-matt-lacquered-soft-brush\\\/\",\"url\":\"https:\\\/\\\/alfawood.gr\\\/product\\\/058-oak-rustic-matt-lacquered-soft-brush\\\/\",\"name\":\"058 Oak Rustic Matt Lacquered Soft Brush - \u0395\u03c0\u03b9\u03c6\u03ac\u03bd\u03b5\u03b9\u03b5\u03c2 \u039c\u03b5\u03bb\u03b1\u03bc\u03af\u03bd\u03b7\u03c2 MDF \u039c\u03bf\u03c1\u03b9\u03bf\u03c3\u03b1\u03bd\u03af\u03b4\u03b1 \u03a0\u03ac\u03b3\u03ba\u03bf\u03b9 \u0394\u03ac\u03c0\u03b5\u03b4\u03b1 \u03a0\u03cc\u03c1\u03c4\u03b5\u03c2\",\"isPartOf\":{\"@id\":\"https:\\\/\\\/alfawood.gr\\\/#website\"},\"primaryImageOfPage\":{\"@id\":\"https:\\\/\\\/alfawood.gr\\\/product\\\/058-oak-rustic-matt-lacquered-soft-brush\\\/#primaryimage\"},\"image\":{\"@id\":\"https:\\\/\\\/alfawood.gr\\\/product\\\/058-oak-rustic-matt-lacquered-soft-brush\\\/#primaryimage\"},\"thumbnailUrl\":\"https:\\\/\\\/alfawood.gr\\\/wp-content\\\/uploads\\\/2025\\\/01\\\/058-Oak-Rustic.jpg\",\"datePublished\":\"2025-01-30T13:30:20+00:00\",\"dateModified\":\"2025-06-19T08:07:34+00:00\",\"breadcrumb\":{\"@id\":\"https:\\\/\\\/alfawood.gr\\\/product\\\/058-oak-rustic-matt-lacquered-soft-brush\\\/#breadcrumb\"},\"inLanguage\":\"sq\",\"potentialAction\":[{\"@type\":\"ReadAction\",\"target\":[\"https:\\\/\\\/alfawood.gr\\\/product\\\/058-oak-rustic-matt-lacquered-soft-brush\\\/\"]}]},{\"@type\":\"ImageObject\",\"inLanguage\":\"sq\",\"@id\":\"https:\\\/\\\/alfawood.gr\\\/product\\\/058-oak-rustic-matt-lacquered-soft-brush\\\/#primaryimage\",\"url\":\"https:\\\/\\\/alfawood.gr\\\/wp-content\\\/uploads\\\/2025\\\/01\\\/058-Oak-Rustic.jpg\",\"contentUrl\":\"https:\\\/\\\/alfawood.gr\\\/wp-content\\\/uploads\\\/2025\\\/01\\\/058-Oak-Rustic.jpg\",\"width\":1000,\"height\":1373,\"caption\":\"058 Oak Rustic\"},{\"@type\":\"BreadcrumbList\",\"@id\":\"https:\\\/\\\/alfawood.gr\\\/product\\\/058-oak-rustic-matt-lacquered-soft-brush\\\/#breadcrumb\",\"itemListElement\":[{\"@type\":\"ListItem\",\"position\":1,\"name\":\"Home\",\"item\":\"https:\\\/\\\/alfawood.gr\\\/\"},{\"@type\":\"ListItem\",\"position\":2,\"name\":\"\u03a0\u03c1\u03bf\u03ca\u03cc\u03bd\u03c4\u03b1\",\"item\":\"https:\\\/\\\/alfawood.gr\\\/proionta-wood\\\/\"},{\"@type\":\"ListItem\",\"position\":3,\"name\":\"\u0394\u03ac\u03c0\u03b5\u03b4\u03b1 - Alfa Flooring\",\"item\":\"https:\\\/\\\/alfawood.gr\\\/category\\\/dapeda\\\/\"},{\"@type\":\"ListItem\",\"position\":4,\"name\":\"058 Oak Rustic Matt Lacquered Soft Brush\"}]},{\"@type\":\"WebSite\",\"@id\":\"https:\\\/\\\/alfawood.gr\\\/#website\",\"url\":\"https:\\\/\\\/alfawood.gr\\\/\",\"name\":\"\u0395\u03c0\u03b9\u03c6\u03ac\u03bd\u03b5\u03b9\u03b5\u03c2 \u039c\u03b5\u03bb\u03b1\u03bc\u03af\u03bd\u03b7\u03c2 MDF \u039c\u03bf\u03c1\u03b9\u03bf\u03c3\u03b1\u03bd\u03af\u03b4\u03b1 \u03a0\u03ac\u03b3\u03ba\u03bf\u03b9 \u0394\u03ac\u03c0\u03b5\u03b4\u03b1 \u03a0\u03cc\u03c1\u03c4\u03b5\u03c2\",\"description\":\"\u0392\u03b9\u03bf\u03bc\u03b7\u03c7\u03b1\u03bd\u03af\u03b1 \u039e\u03cd\u03bb\u03bf\u03c5 Alfa Wood Group\",\"publisher\":{\"@id\":\"https:\\\/\\\/alfawood.gr\\\/#organization\"},\"alternateName\":\"Melamines - MDF - Laminate - Worktops\",\"potentialAction\":[{\"@type\":\"SearchAction\",\"target\":{\"@type\":\"EntryPoint\",\"urlTemplate\":\"https:\\\/\\\/alfawood.gr\\\/?s={search_term_string}\"},\"query-input\":{\"@type\":\"PropertyValueSpecification\",\"valueRequired\":true,\"valueName\":\"search_term_string\"}}],\"inLanguage\":\"sq\"},{\"@type\":\"Organization\",\"@id\":\"https:\\\/\\\/alfawood.gr\\\/#organization\",\"name\":\"Alfa Wood Group\",\"url\":\"https:\\\/\\\/alfawood.gr\\\/\",\"logo\":{\"@type\":\"ImageObject\",\"inLanguage\":\"sq\",\"@id\":\"https:\\\/\\\/alfawood.gr\\\/#\\\/schema\\\/logo\\\/image\\\/\",\"url\":\"https:\\\/\\\/alfawood.gr\\\/wp-content\\\/uploads\\\/2023\\\/02\\\/alfa-wood-logo-1.svg\",\"contentUrl\":\"https:\\\/\\\/alfawood.gr\\\/wp-content\\\/uploads\\\/2023\\\/02\\\/alfa-wood-logo-1.svg\",\"width\":305,\"height\":195,\"caption\":\"Alfa Wood Group\"},\"image\":{\"@id\":\"https:\\\/\\\/alfawood.gr\\\/#\\\/schema\\\/logo\\\/image\\\/\"},\"sameAs\":[\"https:\\\/\\\/www.facebook.com\\\/alfawood.group\",\"https:\\\/\\\/x.com\\\/ALFAWOODGROUP\",\"https:\\\/\\\/www.instagram.com\\\/alfawood.group\",\"https:\\\/\\\/www.youtube.com\\\/@alfawoodgroup\",\"https:\\\/\\\/www.tiktok.com\\\/@alfawood.group\",\"https:\\\/\\\/vimeo.com\\\/alfawood\",\"https:\\\/\\\/www.linkedin.com\\\/company\\\/alfawoodgroup\",\"https:\\\/\\\/www.pinterest.com\\\/alfawoodgroup\\\/\"]}]}<\/script>\n<!-- \/ Yoast SEO Premium plugin. -->","yoast_head_json":{"title":"058 Oak Rustic Matt Lacquered Soft Brush - \u0395\u03c0\u03b9\u03c6\u03ac\u03bd\u03b5\u03b9\u03b5\u03c2 \u039c\u03b5\u03bb\u03b1\u03bc\u03af\u03bd\u03b7\u03c2 MDF \u039c\u03bf\u03c1\u03b9\u03bf\u03c3\u03b1\u03bd\u03af\u03b4\u03b1 \u03a0\u03ac\u03b3\u03ba\u03bf\u03b9 \u0394\u03ac\u03c0\u03b5\u03b4\u03b1 \u03a0\u03cc\u03c1\u03c4\u03b5\u03c2","robots":{"index":"index","follow":"follow","max-snippet":"max-snippet:-1","max-image-preview":"max-image-preview:large","max-video-preview":"max-video-preview:-1"},"canonical":"https:\/\/alfawood.gr\/sq\/produkt\/058-oak-rustic-matt-lacquered-soft-brush","og_locale":"sq_AL","og_type":"article","og_title":"058 Oak Rustic Matt Lacquered Soft Brush","og_description":"\u039c\u03b5 \u03c4\u03bf \u03c0\u03bb\u03c9\u03c4\u03cc \u03c1\u03bf\u03c5\u03c3\u03c4\u03af\u03ba \u03b4\u03ac\u03c0\u03b5\u03b4\u03bf \u03bc\u03c0\u03bf\u03c1\u03b5\u03af\u03c4\u03b5 \u03bd\u03b1 \u03b4\u03b7\u03bc\u03b9\u03bf\u03c5\u03c1\u03b3\u03ae\u03c3\u03b5\u03c4\u03b5 \u03ad\u03bd\u03b1 \u03ba\u03bb\u03b1\u03c3\u03c3\u03b9\u03ba\u03cc \u03b1\u03c0\u03bf\u03c4\u03ad\u03bb\u03b5\u03c3\u03bc\u03b1 \u03ba\u03b1\u03b9 \u03bd\u03b1 \u03c4\u03bf \u03b5\u03bd\u03c3\u03c9\u03bc\u03b1\u03c4\u03ce\u03c3\u03b5\u03c4\u03b5 \u03bc\u03b5 \u03c4\u03b7\u03bd \u03c5\u03c0\u03cc\u03bb\u03bf\u03b9\u03c0\u03b7 \u03b4\u03b9\u03b1\u03ba\u03cc\u03c3\u03bc\u03b7\u03c3\u03b7 \u03c4\u03bf\u03c5 \u03c7\u03ce\u03c1\u03bf\u03c5 \u03c3\u03b1\u03c2. \u03a4\u03bf \u03bc\u03b1\u03c4 \u03c6\u03b9\u03bd\u03af\u03c1\u03b9\u03c3\u03bc\u03b1 \u03ad\u03c7\u03b5\u03b9 \u03c4\u03b7\u03bd \u03b9\u03b4\u03b9\u03cc\u03c4\u03b7\u03c4\u03b1 \u03bd\u03b1 \u03c0\u03c1\u03bf\u03c3\u03c6\u03ad\u03c1\u03b5\u03b9 \u03c3\u03c4\u03bf \u03c7\u03ce\u03c1\u03bf \u03b1\u03c0\u03bb\u03cc\u03c4\u03b7\u03c4\u03b1 \u03ba\u03b1\u03b9 \u03c6\u03c5\u03c3\u03b9\u03ba\u03ae \u03b1\u03af\u03c3\u03b8\u03b7\u03c3\u03b7.  \u0394\u03b9\u03b1\u03c3\u03c4\u03ac\u03c3\u03b5\u03b9\u03c2: 1800mm x 160mm x 13,5mm 1-strip","og_url":"https:\/\/alfawood.gr\/sq\/produkt\/058-oak-rustic-matt-lacquered-soft-brush","og_site_name":"\u0395\u03c0\u03b9\u03c6\u03ac\u03bd\u03b5\u03b9\u03b5\u03c2 \u039c\u03b5\u03bb\u03b1\u03bc\u03af\u03bd\u03b7\u03c2 MDF \u039c\u03bf\u03c1\u03b9\u03bf\u03c3\u03b1\u03bd\u03af\u03b4\u03b1 \u03a0\u03ac\u03b3\u03ba\u03bf\u03b9 \u0394\u03ac\u03c0\u03b5\u03b4\u03b1 \u03a0\u03cc\u03c1\u03c4\u03b5\u03c2","article_publisher":"https:\/\/www.facebook.com\/alfawood.group","article_modified_time":"2025-06-19T08:07:34+00:00","og_image":[{"width":1000,"height":1373,"url":"https:\/\/alfawood.gr\/wp-content\/uploads\/2025\/01\/058-Oak-Rustic.jpg","type":"image\/jpeg"}],"twitter_card":"summary_large_image","twitter_site":"@ALFAWOODGROUP","twitter_misc":{"Est. reading time":"1 minut\u00eb"},"schema":{"@context":"https:\/\/schema.org","@graph":[{"@type":"WebPage","@id":"https:\/\/alfawood.gr\/product\/058-oak-rustic-matt-lacquered-soft-brush\/","url":"https:\/\/alfawood.gr\/product\/058-oak-rustic-matt-lacquered-soft-brush\/","name":"058 Oak Rustic Matt Lacquered Soft Brush - \u0395\u03c0\u03b9\u03c6\u03ac\u03bd\u03b5\u03b9\u03b5\u03c2 \u039c\u03b5\u03bb\u03b1\u03bc\u03af\u03bd\u03b7\u03c2 MDF \u039c\u03bf\u03c1\u03b9\u03bf\u03c3\u03b1\u03bd\u03af\u03b4\u03b1 \u03a0\u03ac\u03b3\u03ba\u03bf\u03b9 \u0394\u03ac\u03c0\u03b5\u03b4\u03b1 \u03a0\u03cc\u03c1\u03c4\u03b5\u03c2","isPartOf":{"@id":"https:\/\/alfawood.gr\/#website"},"primaryImageOfPage":{"@id":"https:\/\/alfawood.gr\/product\/058-oak-rustic-matt-lacquered-soft-brush\/#primaryimage"},"image":{"@id":"https:\/\/alfawood.gr\/product\/058-oak-rustic-matt-lacquered-soft-brush\/#primaryimage"},"thumbnailUrl":"https:\/\/alfawood.gr\/wp-content\/uploads\/2025\/01\/058-Oak-Rustic.jpg","datePublished":"2025-01-30T13:30:20+00:00","dateModified":"2025-06-19T08:07:34+00:00","breadcrumb":{"@id":"https:\/\/alfawood.gr\/product\/058-oak-rustic-matt-lacquered-soft-brush\/#breadcrumb"},"inLanguage":"sq","potentialAction":[{"@type":"ReadAction","target":["https:\/\/alfawood.gr\/product\/058-oak-rustic-matt-lacquered-soft-brush\/"]}]},{"@type":"ImageObject","inLanguage":"sq","@id":"https:\/\/alfawood.gr\/product\/058-oak-rustic-matt-lacquered-soft-brush\/#primaryimage","url":"https:\/\/alfawood.gr\/wp-content\/uploads\/2025\/01\/058-Oak-Rustic.jpg","contentUrl":"https:\/\/alfawood.gr\/wp-content\/uploads\/2025\/01\/058-Oak-Rustic.jpg","width":1000,"height":1373,"caption":"058 Oak Rustic"},{"@type":"BreadcrumbList","@id":"https:\/\/alfawood.gr\/product\/058-oak-rustic-matt-lacquered-soft-brush\/#breadcrumb","itemListElement":[{"@type":"ListItem","position":1,"name":"Home","item":"https:\/\/alfawood.gr\/"},{"@type":"ListItem","position":2,"name":"\u03a0\u03c1\u03bf\u03ca\u03cc\u03bd\u03c4\u03b1","item":"https:\/\/alfawood.gr\/proionta-wood\/"},{"@type":"ListItem","position":3,"name":"\u0394\u03ac\u03c0\u03b5\u03b4\u03b1 - Alfa Flooring","item":"https:\/\/alfawood.gr\/category\/dapeda\/"},{"@type":"ListItem","position":4,"name":"058 Oak Rustic Matt Lacquered Soft Brush"}]},{"@type":"WebSite","@id":"https:\/\/alfawood.gr\/#website","url":"https:\/\/alfawood.gr\/","name":"Sip\u00ebrfaqe melamine MDF banak\u00eb p\u00ebr pllaka Dyer","description":"Alfa Wood Group Industria e drurit","publisher":{"@id":"https:\/\/alfawood.gr\/#organization"},"alternateName":"Melamines - MDF - Laminate - Worktops","potentialAction":[{"@type":"SearchAction","target":{"@type":"EntryPoint","urlTemplate":"https:\/\/alfawood.gr\/?s={search_term_string}"},"query-input":{"@type":"PropertyValueSpecification","valueRequired":true,"valueName":"search_term_string"}}],"inLanguage":"sq"},{"@type":"Organization","@id":"https:\/\/alfawood.gr\/#organization","name":"Alfa Wood Group","url":"https:\/\/alfawood.gr\/","logo":{"@type":"ImageObject","inLanguage":"sq","@id":"https:\/\/alfawood.gr\/#\/schema\/logo\/image\/","url":"https:\/\/alfawood.gr\/wp-content\/uploads\/2023\/02\/alfa-wood-logo-1.svg","contentUrl":"https:\/\/alfawood.gr\/wp-content\/uploads\/2023\/02\/alfa-wood-logo-1.svg","width":305,"height":195,"caption":"Alfa Wood Group"},"image":{"@id":"https:\/\/alfawood.gr\/#\/schema\/logo\/image\/"},"sameAs":["https:\/\/www.facebook.com\/alfawood.group","https:\/\/x.com\/ALFAWOODGROUP","https:\/\/www.instagram.com\/alfawood.group","https:\/\/www.youtube.com\/@alfawoodgroup","https:\/\/www.tiktok.com\/@alfawood.group","https:\/\/vimeo.com\/alfawood","https:\/\/www.linkedin.com\/company\/alfawoodgroup","https:\/\/www.pinterest.com\/alfawoodgroup\/"]}]}},"_links":{"self":[{"href":"https:\/\/alfawood.gr\/sq\/wp-json\/wp\/v2\/product\/26575","targetHints":{"allow":["GET"]}}],"collection":[{"href":"https:\/\/alfawood.gr\/sq\/wp-json\/wp\/v2\/product"}],"about":[{"href":"https:\/\/alfawood.gr\/sq\/wp-json\/wp\/v2\/types\/product"}],"version-history":[{"count":1,"href":"https:\/\/alfawood.gr\/sq\/wp-json\/wp\/v2\/product\/26575\/revisions"}],"predecessor-version":[{"id":27762,"href":"https:\/\/alfawood.gr\/sq\/wp-json\/wp\/v2\/product\/26575\/revisions\/27762"}],"wp:featuredmedia":[{"embeddable":true,"href":"https:\/\/alfawood.gr\/sq\/wp-json\/wp\/v2\/media\/27761"}],"wp:attachment":[{"href":"https:\/\/alfawood.gr\/sq\/wp-json\/wp\/v2\/media?parent=26575"}],"wp:term":[{"taxonomy":"product_brand","embeddable":true,"href":"https:\/\/alfawood.gr\/sq\/wp-json\/wp\/v2\/product_brand?post=26575"},{"taxonomy":"product_cat","embeddable":true,"href":"https:\/\/alfawood.gr\/sq\/wp-json\/wp\/v2\/product_cat?post=26575"},{"taxonomy":"product_tag","embeddable":true,"href":"https:\/\/alfawood.gr\/sq\/wp-json\/wp\/v2\/product_tag?post=26575"}],"curies":[{"name":"wp","href":"https:\/\/api.w.org\/{rel}","templated":true}]}}