{"id":28307,"date":"2025-11-18T13:51:54","date_gmt":"2025-11-18T11:51:54","guid":{"rendered":"https:\/\/alfawood.gr\/?post_type=product&#038;p=28307"},"modified":"2025-11-18T14:11:11","modified_gmt":"2025-11-18T12:11:11","slug":"kontra-plake-kinas-pine-poplar","status":"publish","type":"product","link":"https:\/\/alfawood.gr\/sq\/product\/kontra-plake-kinas-pine-poplar\/","title":{"rendered":"Kompensat\u00eb Kineze - Pish\u00eb\/Plep"},"content":{"rendered":"<p class=\"textinalfa\">Kompensat\u00eb \u00ebsht\u00eb nj\u00eb material nd\u00ebrtimi me cil\u00ebsi t\u00eb lart\u00eb me q\u00ebndrueshm\u00ebri t\u00eb shk\u00eblqyer dhe rezistenc\u00eb ndaj lag\u00ebshtir\u00ebs. \u00cbsht\u00eb produkti i p\u00ebrftuar nga ngjitja e nj\u00eb numri tek shtresash rimeso (3 e sip\u00ebr), n\u00eb m\u00ebnyr\u00eb q\u00eb fijet e shtresave t\u00eb nj\u00ebpasnj\u00ebshme t\u00eb vendosen vertikalisht, nd\u00ebrsa n\u00eb var\u00ebsi t\u00eb llojit t\u00eb ngjit\u00ebsit q\u00eb p\u00ebrdoret p\u00ebr prodhimin e tij karakterizohet edhe p\u00ebrdorimi i tij. e brendshme apo e jashtme.<\/p>\n<p class=\"textinalfa\">\u00cbsht\u00eb nj\u00eb produkt jasht\u00ebzakonisht i q\u00ebndruesh\u00ebm me p\u00ebrdorime t\u00eb ndryshme:<\/p>\n<ul>\n<li style=\"text-align: left;\">Nd\u00ebrtimi i anijeve<\/li>\n<li>Konstruksion (Betofilm p\u00ebr beton t\u00eb ekspozuar, Betoform)<\/li>\n<li>B\u00ebrja e kabinetit<\/li>\n<li>N\u00ebnbaz\u00eb n\u00eb dysheme<\/li>\n<li>Balsimi<\/li>\n<li>Nd\u00ebrtimi i lodrave, instrumenteve muzikore etj.<\/li>\n<li>Shenjat e sinjalistik\u00ebs<\/li>\n<li>Nd\u00ebrtimi i ndarjeve dhe veshjeve<\/li>\n<li>Trupat e kamionit<\/li>\n<li>Veshje e dyerve te brendshme dhe te jashtme<\/li>\n<\/ul>","protected":false},"excerpt":{"rendered":"<table class=\"table23_5\">\n<tbody>\n<tr>\n<td>Arroganca<\/td>\n<td>Pish\u00eb<\/td>\n<\/tr>\n<tr>\n<td>Depresioni<\/td>\n<td>Pish\u00eb<\/td>\n<\/tr>\n<tr>\n<td>Brendshme<\/td>\n<td>Plepi<\/td>\n<\/tr>\n<tr>\n<td>Dimensionet (mm)<\/td>\n<td>2500x1220, 2440x1220<\/td>\n<\/tr>\n<tr>\n<td>Trash\u00ebsia (mm)<\/td>\n<td>04-40<\/td>\n<\/tr>\n<tr>\n<td>Ngjit\u00ebs<\/td>\n<td>P\u00ebrdorimi i jasht\u00ebm WBP E1<\/td>\n<\/tr>\n<\/tbody>\n<\/table>","protected":false},"featured_media":28309,"template":"","meta":{"_acf_changed":false,"inline_featured_image":false,"cybocfi_hide_featured_image":""},"product_brand":[],"product_cat":[132,838],"product_tag":[],"class_list":{"0":"post-28307","1":"product","2":"type-product","3":"status-publish","4":"has-post-thumbnail","6":"product_cat-domika-ulika-ksylou","7":"product_cat-kontra-plake","9":"first","10":"instock","11":"product-type-simple"},"acf":[],"yoast_head":"<!-- This site is optimized with the Yoast SEO Premium plugin v27.3 (Yoast SEO v27.3) - https:\/\/yoast.com\/product\/yoast-seo-premium-wordpress\/ -->\n<title>\u039a\u03cc\u03bd\u03c4\u03c1\u03b1 \u03c0\u03bb\u03b1\u03ba\u03ad \u039a\u03af\u03bd\u03b1\u03c2 - Pine\/Poplar - \u0395\u03c0\u03b9\u03c6\u03ac\u03bd\u03b5\u03b9\u03b5\u03c2 \u039c\u03b5\u03bb\u03b1\u03bc\u03af\u03bd\u03b7\u03c2 MDF \u039c\u03bf\u03c1\u03b9\u03bf\u03c3\u03b1\u03bd\u03af\u03b4\u03b1 \u03a0\u03ac\u03b3\u03ba\u03bf\u03b9 \u0394\u03ac\u03c0\u03b5\u03b4\u03b1 \u03a0\u03cc\u03c1\u03c4\u03b5\u03c2<\/title>\n<meta name=\"robots\" content=\"index, follow, max-snippet:-1, max-image-preview:large, max-video-preview:-1\" \/>\n<link rel=\"canonical\" href=\"https:\/\/alfawood.gr\/sq\/produkt\/kontra-plake-kinas-pine-poplar\" \/>\n<meta property=\"og:locale\" content=\"sq_AL\" \/>\n<meta property=\"og:type\" content=\"article\" \/>\n<meta property=\"og:title\" content=\"\u039a\u03cc\u03bd\u03c4\u03c1\u03b1 \u03c0\u03bb\u03b1\u03ba\u03ad \u039a\u03af\u03bd\u03b1\u03c2 - Pine\/Poplar\" \/>\n<meta property=\"og:description\" content=\"\u03a0\u03b1\u03bd\u03c9\u03c6\u03ac\u03bd\u03b5\u03b9\u03b1 Pine   \u039a\u03b1\u03c4\u03c9\u03c6\u03ac\u03bd\u03b5\u03b9\u03b1 Pine   \u0395\u03c3\u03c9\u03c4\u03b5\u03c1\u03b9\u03ba\u03cc Poplar   \u0394\u03b9\u03b1\u03c3\u03c4\u03ac\u03c3\u03b5\u03b9\u03c2(mm) 2500 x 1220 , 2440 x 1220   \u03a0\u03ac\u03c7\u03b7 (mm) 04 \u2013 40   \u039a\u03cc\u03bb\u03bb\u03b5\u03c2 \u0395\u03be\u03c9\u03c4\u03b5\u03c1\u03b9\u03ba\u03ae\u03c2 \u03c7\u03c1\u03ae\u03c3\u03b7\u03c2 WBP E1\" \/>\n<meta property=\"og:url\" content=\"https:\/\/alfawood.gr\/sq\/produkt\/kontra-plake-kinas-pine-poplar\" \/>\n<meta property=\"og:site_name\" content=\"\u0395\u03c0\u03b9\u03c6\u03ac\u03bd\u03b5\u03b9\u03b5\u03c2 \u039c\u03b5\u03bb\u03b1\u03bc\u03af\u03bd\u03b7\u03c2 MDF \u039c\u03bf\u03c1\u03b9\u03bf\u03c3\u03b1\u03bd\u03af\u03b4\u03b1 \u03a0\u03ac\u03b3\u03ba\u03bf\u03b9 \u0394\u03ac\u03c0\u03b5\u03b4\u03b1 \u03a0\u03cc\u03c1\u03c4\u03b5\u03c2\" \/>\n<meta property=\"article:publisher\" content=\"https:\/\/www.facebook.com\/alfawood.group\" \/>\n<meta property=\"article:modified_time\" content=\"2025-11-18T12:11:11+00:00\" \/>\n<meta property=\"og:image\" content=\"https:\/\/alfawood.gr\/wp-content\/uploads\/2025\/11\/pine-kinas-kontra-plake.jpg\" \/>\n\t<meta property=\"og:image:width\" content=\"1600\" \/>\n\t<meta property=\"og:image:height\" content=\"1200\" \/>\n\t<meta property=\"og:image:type\" content=\"image\/jpeg\" \/>\n<meta name=\"twitter:card\" content=\"summary_large_image\" \/>\n<meta name=\"twitter:site\" content=\"@ALFAWOODGROUP\" \/>\n<meta name=\"twitter:label1\" content=\"Est. reading time\" \/>\n\t<meta name=\"twitter:data1\" content=\"1 minut\u00eb\" \/>\n<script type=\"application\/ld+json\" class=\"yoast-schema-graph\">{\"@context\":\"https:\\\/\\\/schema.org\",\"@graph\":[{\"@type\":\"WebPage\",\"@id\":\"https:\\\/\\\/alfawood.gr\\\/product\\\/kontra-plake-kinas-pine-poplar\\\/\",\"url\":\"https:\\\/\\\/alfawood.gr\\\/product\\\/kontra-plake-kinas-pine-poplar\\\/\",\"name\":\"\u039a\u03cc\u03bd\u03c4\u03c1\u03b1 \u03c0\u03bb\u03b1\u03ba\u03ad \u039a\u03af\u03bd\u03b1\u03c2 - Pine\\\/Poplar - \u0395\u03c0\u03b9\u03c6\u03ac\u03bd\u03b5\u03b9\u03b5\u03c2 \u039c\u03b5\u03bb\u03b1\u03bc\u03af\u03bd\u03b7\u03c2 MDF \u039c\u03bf\u03c1\u03b9\u03bf\u03c3\u03b1\u03bd\u03af\u03b4\u03b1 \u03a0\u03ac\u03b3\u03ba\u03bf\u03b9 \u0394\u03ac\u03c0\u03b5\u03b4\u03b1 \u03a0\u03cc\u03c1\u03c4\u03b5\u03c2\",\"isPartOf\":{\"@id\":\"https:\\\/\\\/alfawood.gr\\\/#website\"},\"primaryImageOfPage\":{\"@id\":\"https:\\\/\\\/alfawood.gr\\\/product\\\/kontra-plake-kinas-pine-poplar\\\/#primaryimage\"},\"image\":{\"@id\":\"https:\\\/\\\/alfawood.gr\\\/product\\\/kontra-plake-kinas-pine-poplar\\\/#primaryimage\"},\"thumbnailUrl\":\"https:\\\/\\\/alfawood.gr\\\/wp-content\\\/uploads\\\/2025\\\/11\\\/pine-kinas-kontra-plake.jpg\",\"datePublished\":\"2025-11-18T11:51:54+00:00\",\"dateModified\":\"2025-11-18T12:11:11+00:00\",\"breadcrumb\":{\"@id\":\"https:\\\/\\\/alfawood.gr\\\/product\\\/kontra-plake-kinas-pine-poplar\\\/#breadcrumb\"},\"inLanguage\":\"sq\",\"potentialAction\":[{\"@type\":\"ReadAction\",\"target\":[\"https:\\\/\\\/alfawood.gr\\\/product\\\/kontra-plake-kinas-pine-poplar\\\/\"]}]},{\"@type\":\"ImageObject\",\"inLanguage\":\"sq\",\"@id\":\"https:\\\/\\\/alfawood.gr\\\/product\\\/kontra-plake-kinas-pine-poplar\\\/#primaryimage\",\"url\":\"https:\\\/\\\/alfawood.gr\\\/wp-content\\\/uploads\\\/2025\\\/11\\\/pine-kinas-kontra-plake.jpg\",\"contentUrl\":\"https:\\\/\\\/alfawood.gr\\\/wp-content\\\/uploads\\\/2025\\\/11\\\/pine-kinas-kontra-plake.jpg\",\"width\":1600,\"height\":1200,\"caption\":\"pine-kinas-kontra-plake\"},{\"@type\":\"BreadcrumbList\",\"@id\":\"https:\\\/\\\/alfawood.gr\\\/product\\\/kontra-plake-kinas-pine-poplar\\\/#breadcrumb\",\"itemListElement\":[{\"@type\":\"ListItem\",\"position\":1,\"name\":\"Home\",\"item\":\"https:\\\/\\\/alfawood.gr\\\/\"},{\"@type\":\"ListItem\",\"position\":2,\"name\":\"\u03a0\u03c1\u03bf\u03ca\u03cc\u03bd\u03c4\u03b1\",\"item\":\"https:\\\/\\\/alfawood.gr\\\/proionta-wood\\\/\"},{\"@type\":\"ListItem\",\"position\":3,\"name\":\"\u0394\u03bf\u03bc\u03b9\u03ba\u03ac \u03a5\u03bb\u03b9\u03ba\u03ac \u039e\u03cd\u03bb\u03bf\u03c5 - Alfa Building\",\"item\":\"https:\\\/\\\/alfawood.gr\\\/en\\\/category\\\/domika-ulika-ksylou\\\/\"},{\"@type\":\"ListItem\",\"position\":4,\"name\":\"\u039a\u03cc\u03bd\u03c4\u03c1\u03b1 \u03c0\u03bb\u03b1\u03ba\u03ad \u039a\u03af\u03bd\u03b1\u03c2 &#8211; Pine\\\/Poplar\"}]},{\"@type\":\"WebSite\",\"@id\":\"https:\\\/\\\/alfawood.gr\\\/#website\",\"url\":\"https:\\\/\\\/alfawood.gr\\\/\",\"name\":\"\u0395\u03c0\u03b9\u03c6\u03ac\u03bd\u03b5\u03b9\u03b5\u03c2 \u039c\u03b5\u03bb\u03b1\u03bc\u03af\u03bd\u03b7\u03c2 MDF \u039c\u03bf\u03c1\u03b9\u03bf\u03c3\u03b1\u03bd\u03af\u03b4\u03b1 \u03a0\u03ac\u03b3\u03ba\u03bf\u03b9 \u0394\u03ac\u03c0\u03b5\u03b4\u03b1 \u03a0\u03cc\u03c1\u03c4\u03b5\u03c2\",\"description\":\"\u0392\u03b9\u03bf\u03bc\u03b7\u03c7\u03b1\u03bd\u03af\u03b1 \u039e\u03cd\u03bb\u03bf\u03c5 Alfa Wood Group\",\"publisher\":{\"@id\":\"https:\\\/\\\/alfawood.gr\\\/#organization\"},\"alternateName\":\"Melamines - MDF - Laminate - Worktops\",\"potentialAction\":[{\"@type\":\"SearchAction\",\"target\":{\"@type\":\"EntryPoint\",\"urlTemplate\":\"https:\\\/\\\/alfawood.gr\\\/?s={search_term_string}\"},\"query-input\":{\"@type\":\"PropertyValueSpecification\",\"valueRequired\":true,\"valueName\":\"search_term_string\"}}],\"inLanguage\":\"sq\"},{\"@type\":\"Organization\",\"@id\":\"https:\\\/\\\/alfawood.gr\\\/#organization\",\"name\":\"Alfa Wood Group\",\"url\":\"https:\\\/\\\/alfawood.gr\\\/\",\"logo\":{\"@type\":\"ImageObject\",\"inLanguage\":\"sq\",\"@id\":\"https:\\\/\\\/alfawood.gr\\\/#\\\/schema\\\/logo\\\/image\\\/\",\"url\":\"https:\\\/\\\/alfawood.gr\\\/wp-content\\\/uploads\\\/2023\\\/02\\\/alfa-wood-logo-1.svg\",\"contentUrl\":\"https:\\\/\\\/alfawood.gr\\\/wp-content\\\/uploads\\\/2023\\\/02\\\/alfa-wood-logo-1.svg\",\"width\":305,\"height\":195,\"caption\":\"Alfa Wood Group\"},\"image\":{\"@id\":\"https:\\\/\\\/alfawood.gr\\\/#\\\/schema\\\/logo\\\/image\\\/\"},\"sameAs\":[\"https:\\\/\\\/www.facebook.com\\\/alfawood.group\",\"https:\\\/\\\/x.com\\\/ALFAWOODGROUP\",\"https:\\\/\\\/www.instagram.com\\\/alfawood.group\",\"https:\\\/\\\/www.youtube.com\\\/@alfawoodgroup\",\"https:\\\/\\\/www.tiktok.com\\\/@alfawood.group\",\"https:\\\/\\\/vimeo.com\\\/alfawood\",\"https:\\\/\\\/www.linkedin.com\\\/company\\\/alfawoodgroup\",\"https:\\\/\\\/www.pinterest.com\\\/alfawoodgroup\\\/\"]}]}<\/script>\n<!-- \/ Yoast SEO Premium plugin. -->","yoast_head_json":{"title":"Kompensat\u00eb Kineze - Pish\u00eb\/Plep - Sip\u00ebrfaqe Melamine MDF Pllaka Particle Countertops Dysheme Dyer","robots":{"index":"index","follow":"follow","max-snippet":"max-snippet:-1","max-image-preview":"max-image-preview:large","max-video-preview":"max-video-preview:-1"},"canonical":"https:\/\/alfawood.gr\/sq\/produkt\/kontra-plake-kinas-pine-poplar","og_locale":"sq_AL","og_type":"article","og_title":"\u039a\u03cc\u03bd\u03c4\u03c1\u03b1 \u03c0\u03bb\u03b1\u03ba\u03ad \u039a\u03af\u03bd\u03b1\u03c2 - Pine\/Poplar","og_description":"\u03a0\u03b1\u03bd\u03c9\u03c6\u03ac\u03bd\u03b5\u03b9\u03b1 Pine   \u039a\u03b1\u03c4\u03c9\u03c6\u03ac\u03bd\u03b5\u03b9\u03b1 Pine   \u0395\u03c3\u03c9\u03c4\u03b5\u03c1\u03b9\u03ba\u03cc Poplar   \u0394\u03b9\u03b1\u03c3\u03c4\u03ac\u03c3\u03b5\u03b9\u03c2(mm) 2500 x 1220 , 2440 x 1220   \u03a0\u03ac\u03c7\u03b7 (mm) 04 \u2013 40   \u039a\u03cc\u03bb\u03bb\u03b5\u03c2 \u0395\u03be\u03c9\u03c4\u03b5\u03c1\u03b9\u03ba\u03ae\u03c2 \u03c7\u03c1\u03ae\u03c3\u03b7\u03c2 WBP E1","og_url":"https:\/\/alfawood.gr\/sq\/produkt\/kontra-plake-kinas-pine-poplar","og_site_name":"\u0395\u03c0\u03b9\u03c6\u03ac\u03bd\u03b5\u03b9\u03b5\u03c2 \u039c\u03b5\u03bb\u03b1\u03bc\u03af\u03bd\u03b7\u03c2 MDF \u039c\u03bf\u03c1\u03b9\u03bf\u03c3\u03b1\u03bd\u03af\u03b4\u03b1 \u03a0\u03ac\u03b3\u03ba\u03bf\u03b9 \u0394\u03ac\u03c0\u03b5\u03b4\u03b1 \u03a0\u03cc\u03c1\u03c4\u03b5\u03c2","article_publisher":"https:\/\/www.facebook.com\/alfawood.group","article_modified_time":"2025-11-18T12:11:11+00:00","og_image":[{"width":1600,"height":1200,"url":"https:\/\/alfawood.gr\/wp-content\/uploads\/2025\/11\/pine-kinas-kontra-plake.jpg","type":"image\/jpeg"}],"twitter_card":"summary_large_image","twitter_site":"@ALFAWOODGROUP","twitter_misc":{"Est. reading time":"1 minut\u00eb"},"schema":{"@context":"https:\/\/schema.org","@graph":[{"@type":"WebPage","@id":"https:\/\/alfawood.gr\/product\/kontra-plake-kinas-pine-poplar\/","url":"https:\/\/alfawood.gr\/product\/kontra-plake-kinas-pine-poplar\/","name":"Kompensat\u00eb Kineze - Pish\u00eb\/Plep - Sip\u00ebrfaqe Melamine MDF Pllaka Particle Countertops Dysheme Dyer","isPartOf":{"@id":"https:\/\/alfawood.gr\/#website"},"primaryImageOfPage":{"@id":"https:\/\/alfawood.gr\/product\/kontra-plake-kinas-pine-poplar\/#primaryimage"},"image":{"@id":"https:\/\/alfawood.gr\/product\/kontra-plake-kinas-pine-poplar\/#primaryimage"},"thumbnailUrl":"https:\/\/alfawood.gr\/wp-content\/uploads\/2025\/11\/pine-kinas-kontra-plake.jpg","datePublished":"2025-11-18T11:51:54+00:00","dateModified":"2025-11-18T12:11:11+00:00","breadcrumb":{"@id":"https:\/\/alfawood.gr\/product\/kontra-plake-kinas-pine-poplar\/#breadcrumb"},"inLanguage":"sq","potentialAction":[{"@type":"ReadAction","target":["https:\/\/alfawood.gr\/product\/kontra-plake-kinas-pine-poplar\/"]}]},{"@type":"ImageObject","inLanguage":"sq","@id":"https:\/\/alfawood.gr\/product\/kontra-plake-kinas-pine-poplar\/#primaryimage","url":"https:\/\/alfawood.gr\/wp-content\/uploads\/2025\/11\/pine-kinas-kontra-plake.jpg","contentUrl":"https:\/\/alfawood.gr\/wp-content\/uploads\/2025\/11\/pine-kinas-kontra-plake.jpg","width":1600,"height":1200,"caption":"pine-kinas-kontra-plake"},{"@type":"BreadcrumbList","@id":"https:\/\/alfawood.gr\/product\/kontra-plake-kinas-pine-poplar\/#breadcrumb","itemListElement":[{"@type":"ListItem","position":1,"name":"Home","item":"https:\/\/alfawood.gr\/"},{"@type":"ListItem","position":2,"name":"\u03a0\u03c1\u03bf\u03ca\u03cc\u03bd\u03c4\u03b1","item":"https:\/\/alfawood.gr\/proionta-wood\/"},{"@type":"ListItem","position":3,"name":"\u0394\u03bf\u03bc\u03b9\u03ba\u03ac \u03a5\u03bb\u03b9\u03ba\u03ac \u039e\u03cd\u03bb\u03bf\u03c5 - Alfa Building","item":"https:\/\/alfawood.gr\/en\/category\/domika-ulika-ksylou\/"},{"@type":"ListItem","position":4,"name":"\u039a\u03cc\u03bd\u03c4\u03c1\u03b1 \u03c0\u03bb\u03b1\u03ba\u03ad \u039a\u03af\u03bd\u03b1\u03c2 &#8211; Pine\/Poplar"}]},{"@type":"WebSite","@id":"https:\/\/alfawood.gr\/#website","url":"https:\/\/alfawood.gr\/","name":"Sip\u00ebrfaqe melamine MDF banak\u00eb p\u00ebr pllaka Dyer","description":"Alfa Wood Group Industria e drurit","publisher":{"@id":"https:\/\/alfawood.gr\/#organization"},"alternateName":"Melamines - MDF - Laminate - Worktops","potentialAction":[{"@type":"SearchAction","target":{"@type":"EntryPoint","urlTemplate":"https:\/\/alfawood.gr\/?s={search_term_string}"},"query-input":{"@type":"PropertyValueSpecification","valueRequired":true,"valueName":"search_term_string"}}],"inLanguage":"sq"},{"@type":"Organization","@id":"https:\/\/alfawood.gr\/#organization","name":"Alfa Wood Group","url":"https:\/\/alfawood.gr\/","logo":{"@type":"ImageObject","inLanguage":"sq","@id":"https:\/\/alfawood.gr\/#\/schema\/logo\/image\/","url":"https:\/\/alfawood.gr\/wp-content\/uploads\/2023\/02\/alfa-wood-logo-1.svg","contentUrl":"https:\/\/alfawood.gr\/wp-content\/uploads\/2023\/02\/alfa-wood-logo-1.svg","width":305,"height":195,"caption":"Alfa Wood Group"},"image":{"@id":"https:\/\/alfawood.gr\/#\/schema\/logo\/image\/"},"sameAs":["https:\/\/www.facebook.com\/alfawood.group","https:\/\/x.com\/ALFAWOODGROUP","https:\/\/www.instagram.com\/alfawood.group","https:\/\/www.youtube.com\/@alfawoodgroup","https:\/\/www.tiktok.com\/@alfawood.group","https:\/\/vimeo.com\/alfawood","https:\/\/www.linkedin.com\/company\/alfawoodgroup","https:\/\/www.pinterest.com\/alfawoodgroup\/"]}]}},"_links":{"self":[{"href":"https:\/\/alfawood.gr\/sq\/wp-json\/wp\/v2\/product\/28307","targetHints":{"allow":["GET"]}}],"collection":[{"href":"https:\/\/alfawood.gr\/sq\/wp-json\/wp\/v2\/product"}],"about":[{"href":"https:\/\/alfawood.gr\/sq\/wp-json\/wp\/v2\/types\/product"}],"version-history":[{"count":1,"href":"https:\/\/alfawood.gr\/sq\/wp-json\/wp\/v2\/product\/28307\/revisions"}],"predecessor-version":[{"id":28308,"href":"https:\/\/alfawood.gr\/sq\/wp-json\/wp\/v2\/product\/28307\/revisions\/28308"}],"wp:featuredmedia":[{"embeddable":true,"href":"https:\/\/alfawood.gr\/sq\/wp-json\/wp\/v2\/media\/28309"}],"wp:attachment":[{"href":"https:\/\/alfawood.gr\/sq\/wp-json\/wp\/v2\/media?parent=28307"}],"wp:term":[{"taxonomy":"product_brand","embeddable":true,"href":"https:\/\/alfawood.gr\/sq\/wp-json\/wp\/v2\/product_brand?post=28307"},{"taxonomy":"product_cat","embeddable":true,"href":"https:\/\/alfawood.gr\/sq\/wp-json\/wp\/v2\/product_cat?post=28307"},{"taxonomy":"product_tag","embeddable":true,"href":"https:\/\/alfawood.gr\/sq\/wp-json\/wp\/v2\/product_tag?post=28307"}],"curies":[{"name":"wp","href":"https:\/\/api.w.org\/{rel}","templated":true}]}}